{"id":3269,"date":"2021-12-06T21:42:26","date_gmt":"2021-12-06T21:42:26","guid":{"rendered":"https:\/\/www.pcimembranes.com\/?page_id=3269"},"modified":"2025-07-25T09:43:48","modified_gmt":"2025-07-25T09:43:48","slug":"history","status":"publish","type":"page","link":"https:\/\/www.pcimembranes.com\/de\/ueber-uns\/history\/","title":{"rendered":"Unternehmensgeschichte"},"content":{"rendered":"\n<div class=\"wp-block-cover alignfull is-light\" style=\"min-height:220px;aspect-ratio:unset;\"><img decoding=\"async\" class=\"wp-block-cover__image-background wp-image-1334\" alt=\"\" src=\"https:\/\/www.zinga.com\/wp-content\/uploads\/2020\/08\/Gen2-Web-Banner-origional.jpg\" data-object-fit=\"cover\" \/><span aria-hidden=\"true\" class=\"wp-block-cover__background has-blue-background-color has-background-dim-10 has-background-dim\"><\/span><div class=\"wp-block-cover__inner-container is-layout-flow wp-block-cover-is-layout-flow\">\n<h1 class=\"wp-block-heading has-text-align-center has-white-color has-text-color has-link-color wp-elements-8bef9d4d22af5f07e7c6f18524d1c8cf\" id=\"h-polypropylene\">\u00dcber uns<\/h1>\n<\/div><\/div>\n\n\n\n<!--Close-->\t\n<\/div><\/div><\/section>\n<!--Menu-->\n<div class=\"no-top-margin\">\n<div class=\"msb-sticky-bar\">\n<div class=\"container\">\n  <div class=\"row\">\n    <div class=\"col-sm text-center\">\n      <a href=\"https:\/\/www.pcimembranes.com\/de\/kontaktieren-sie-uns\/\" class=\"btn btn-primary solution-trigger\">SPRECHEN SIE MIT EINEM EXPERTEN<\/a>\n    <\/div>\n  <\/div>\n<\/div>\n<\/div>\n<\/div>\n<!--Open-->\n<section class=\"container\"><div class=\"row\"><div class=\"col-md-12\">\n\n\n\n<h2 class=\"wp-block-heading\">Mehr als 50 Jahre in verschiedenen Branchen<\/h2>\n\n\n\n<p>PCI Membranes\u00ae, ein Unternehmen der Filtration Group Company, war in den 1960er Jahren ein Vorreiter bei der Kommerzialisierung der Umkehrosmose. Die Technologie wurde in einem Joint Venture zwischen Portals Ltd und der britischen Atomenergiebeh\u00f6rde f\u00fcr die Entsalzung von Meerwasser entwickelt. Die weitere Entwicklung von Membranen f\u00fchrte zu einer Erweiterung der Produktpalette von PCI Membranes, die zun\u00e4chst Ultrafiltrations- und dann Nanofiltrationsmembranen und -systeme umfasste.<\/p>\n\n\n\n<p>Urspr\u00fcnglich unter dem Namen Paterson Candy International (PCI) bekannt, wurden wir 1986 in das eigenst\u00e4ndige Unternehmen PCI Membranes umgewandelt. Portals Ltd. verkaufte den Gesch\u00e4ftsbereich PCI Membranes\u00ae 1989 an Thames Water. 1999 erwarb Thames Water Memtech, ein Membranunternehmen mit Sitz in Swansea, Wales, und integrierte es. PCI Membranes war von 2002 bis 2011 im Besitz von ITT Cooperation und geh\u00f6rte dann bis Februar 2017 zu Xylem Water Solution, als es an Madison Industries verkauft und zu einer Marke der Filtration Group mit einem Umsatz von \u00fcber 1,4 Mrd. USD wurde.<\/p>\n\n\n\n<div style=\"height:100px\" aria-hidden=\"true\" class=\"wp-block-spacer\"><\/div>\n\n\n\n<h2 class=\"wp-block-heading\">PCI Membranen\u00ae Meilensteine<\/h2>\n\n\n\n<p>Eine langj\u00e4hrige Erfahrung in der Bereitstellung spezialisierter Filtrations- und Separationsl\u00f6sungen.<\/p>\n\n\n\n<figure class=\"wp-block-image\"><img decoding=\"async\" src=\"https:\/\/www.pcimembranes.com\/wp-content\/uploads\/2019\/10\/PCI-Milestones_v2-1024x576.jpg\" alt=\"\" class=\"wp-image-802\" \/><\/figure>\n\n\n\n<hr class=\"wp-block-separator has-css-opacity\" \/>\n\n\n\n<div style=\"height:50px\" aria-hidden=\"true\" class=\"wp-block-spacer\"><\/div>\n\n\n\n<h3 class=\"wp-block-heading\">PCI Membranes\u00ae erweitert seine Kapazit\u00e4ten durch \u00dcbernahme von Pentair &#8211; X-Flow B.V. Klassische Rohrmembranen<\/h3>\n\n\n\n<p>Durch die \u00dcbernahme baut PCI Membranes seine Marktf\u00fchrerschaft in praktisch allen Anwendungsbereichen der Fl\u00fcssigkeitsfiltration mit Membrantechnologie aus<\/p>\n\n\n\n<div class=\"wp-block-file blank\"><a href=\"https:\/\/www.pcimembranes.com\/wp-content\/uploads\/2019\/10\/PCI-PR-Release-Pentair-ACQ.pdf\" target=\"_blank\" rel=\"noreferrer noopener\">Press Release<\/a><a href=\"https:\/\/www.pcimembranes.com\/wp-content\/uploads\/2019\/10\/PCI-PR-Release-Pentair-ACQ.pdf\" class=\"wp-block-file__button wp-element-button\" download>Herunterladen<\/a><\/div>\n\n\n\n<div style=\"height:50px\" aria-hidden=\"true\" class=\"wp-block-spacer\"><\/div>\n\n\n\n<hr class=\"wp-block-separator has-css-opacity\" \/>\n\n\n\n<div style=\"height:50px\" aria-hidden=\"true\" class=\"wp-block-spacer\"><\/div>\n\n\n\n<h3 class=\"wp-block-heading\">Erfahren Sie mehr \u00fcber die Filtration Group<\/h3>\n\n\n\n<p>Nachrichten der Filtration Group und zugeh\u00f6rige Artikel.<br><\/p>\n\n\n\n<div class=\"wp-block-button blank\"><a class=\"wp-block-button__link has-green-background-color has-background wp-element-button\" href=\"https:\/\/www.filtrationgroup.com\/news\/\">visit site<\/a><\/div>\n\n\n\n<div style=\"height:50px\" aria-hidden=\"true\" class=\"wp-block-spacer\"><\/div>\n\n\n\n<div class=\"wp-block-cover alignfull is-light\" style=\"min-height:171px;aspect-ratio:unset;\"><img decoding=\"async\" class=\"wp-block-cover__image-background wp-image-1334\" alt=\"\" src=\"https:\/\/www.zinga.com\/wp-content\/uploads\/2020\/08\/Gen2-Web-Banner-origional.jpg\" data-object-fit=\"cover\" \/><span aria-hidden=\"true\" class=\"wp-block-cover__background has-blue-background-color has-background-dim-10 has-background-dim\"><\/span><div class=\"wp-block-cover__inner-container is-layout-flow wp-block-cover-is-layout-flow\">\n<h1 class=\"wp-block-heading has-text-align-center has-white-color has-text-color has-link-color wp-elements-057f12428368e2c07c274989cf953991\" id=\"h-polypropylene\">Unternehmensstandorte<\/h1>\n<\/div><\/div>\n\n\n\n<div class=\"wp-block-columns is-layout-flex wp-container-core-columns-is-layout-9d6595d7 wp-block-columns-is-layout-flex\">\n<div class=\"wp-block-column is-layout-flow wp-block-column-is-layout-flow\">\n<h3 class=\"wp-block-heading\">Hauptsitz<\/h3>\n\n\n\n<p><strong>PCI Membranes<\/strong>\u00ae<br>Unit 11, Fulcrum 2, Solent Way, Whiteley,<br>Fareham, Hampshire, PO15 7FN<br>United Kingdom<br>Office: +<a href=\"tel:441489563470\" target=\"_blank\" rel=\"noreferrer noopener\">441489563470<\/a><br>Email:&nbsp;<a href=\"mailto:pcimembranes@filtationgroup.com\" target=\"_blank\" rel=\"noreferrer noopener\">PCIMEMBRANES@FILTRATIONGROUP.COM<\/a><\/p>\n<\/div>\n\n\n\n<div class=\"wp-block-column is-layout-flow wp-block-column-is-layout-flow\">\n<figure class=\"wp-block-image size-large is-style-default\"><img decoding=\"async\" src=\"https:\/\/www.pcimembranes.com\/wp-content\/uploads\/2019\/10\/headquarter-building.jpg\" alt=\"\" \/><\/figure>\n<\/div>\n<\/div>\n\n\n\n<div class=\"wp-block-columns is-layout-flex wp-container-core-columns-is-layout-9d6595d7 wp-block-columns-is-layout-flex\">\n<div class=\"wp-block-column is-layout-flow wp-block-column-is-layout-flow\">\n<h3 class=\"wp-block-heading\">Produktionsst\u00e4tte<\/h3>\n\n\n\n<p><strong>PCI Membranes Sp. z o.o.<\/strong><br>ul. Polna 1 B<br>62-025 Kostrzyn Wielkopolski k\/Poznania,<br>Poland<\/p>\n<\/div>\n\n\n\n<div class=\"wp-block-column is-layout-flow wp-block-column-is-layout-flow\">\n<figure class=\"wp-block-image size-large is-style-default\"><img decoding=\"async\" src=\"https:\/\/www.pcimembranes.com\/wp-content\/uploads\/2019\/10\/manufacturing-building.jpg\" alt=\"\" \/><\/figure>\n<\/div>\n<\/div>\n","protected":false},"excerpt":{"rendered":"<p>SPRECHEN SIE MIT EINEM EXPERTEN Mehr als 50 Jahre in verschiedenen Branchen PCI Membranes\u00ae, ein Unternehmen der Filtration Group Company, war in den 1960er Jahren ein Vorreiter bei der Kommerzialisierung der Umkehrosmose. Die Technologie wurde in einem Joint Venture zwischen Portals Ltd und der britischen Atomenergiebeh\u00f6rde f\u00fcr die Entsalzung von Meerwasser entwickelt. Die weitere Entwicklung [&hellip;]<\/p>\n","protected":false},"author":10,"featured_media":0,"parent":3265,"menu_order":0,"comment_status":"closed","ping_status":"closed","template":"","meta":{"_acf_changed":false,"content-type":"","footnotes":""},"class_list":["post-3269","page","type-page","status-publish","hentry"],"acf":[],"yoast_head":"<!-- This site is optimized with the Yoast SEO plugin v27.3 - https:\/\/yoast.com\/product\/yoast-seo-wordpress\/ -->\n<title>Unternehmensgeschichte - PCI Membranes<\/title>\n<meta name=\"description\" content=\"PCI Membranes, ein Unternehmen der Filtration Group Company, war in den 1960er Jahren ein Vorreiter bei der Kommerzialisierung der Umkehrosmose. Die Technologie wurde in einem Joint Venture zwischen Portals Ltd und der britischen Atomenergiebeh\u00f6rde f\u00fcr die Entsalzung von Meerwasser entwickelt. Die weitere Entwicklung von Membranen f\u00fchrte zu einer Erweiterung der Produktpalette von PCI Membranes, die zun\u00e4chst Ultrafiltrations- und dann Nanofiltrationsmembranen und -systeme umfasste.\" \/>\n<meta name=\"robots\" content=\"index, follow, max-snippet:-1, max-image-preview:large, max-video-preview:-1\" \/>\n<link rel=\"canonical\" href=\"https:\/\/www.pcimembranes.com\/de\/ueber-uns\/history\/\" \/>\n<meta property=\"og:locale\" content=\"de_DE\" \/>\n<meta property=\"og:type\" content=\"article\" \/>\n<meta property=\"og:title\" content=\"Unternehmensgeschichte - PCI Membranes\" \/>\n<meta property=\"og:description\" content=\"PCI Membranes, ein Unternehmen der Filtration Group Company, war in den 1960er Jahren ein Vorreiter bei der Kommerzialisierung der Umkehrosmose. Die Technologie wurde in einem Joint Venture zwischen Portals Ltd und der britischen Atomenergiebeh\u00f6rde f\u00fcr die Entsalzung von Meerwasser entwickelt. Die weitere Entwicklung von Membranen f\u00fchrte zu einer Erweiterung der Produktpalette von PCI Membranes, die zun\u00e4chst Ultrafiltrations- und dann Nanofiltrationsmembranen und -systeme umfasste.\" \/>\n<meta property=\"og:url\" content=\"https:\/\/www.pcimembranes.com\/de\/ueber-uns\/history\/\" \/>\n<meta property=\"og:site_name\" content=\"PCI Membranes\" \/>\n<meta property=\"article:modified_time\" content=\"2025-07-25T09:43:48+00:00\" \/>\n<meta name=\"twitter:card\" content=\"summary_large_image\" \/>\n<meta name=\"twitter:label1\" content=\"Gesch\u00e4tzte Lesezeit\" \/>\n\t<meta name=\"twitter:data1\" content=\"3 Minuten\" \/>\n<script type=\"application\/ld+json\" class=\"yoast-schema-graph\">{\"@context\":\"https:\\\/\\\/schema.org\",\"@graph\":[{\"@type\":\"WebPage\",\"@id\":\"https:\\\/\\\/www.pcimembranes.com\\\/de\\\/ueber-uns\\\/history\\\/\",\"url\":\"https:\\\/\\\/www.pcimembranes.com\\\/de\\\/ueber-uns\\\/history\\\/\",\"name\":\"Unternehmensgeschichte - PCI Membranes\",\"isPartOf\":{\"@id\":\"https:\\\/\\\/www.pcimembranes.com\\\/de\\\/#website\"},\"primaryImageOfPage\":{\"@id\":\"https:\\\/\\\/www.pcimembranes.com\\\/de\\\/ueber-uns\\\/history\\\/#primaryimage\"},\"image\":{\"@id\":\"https:\\\/\\\/www.pcimembranes.com\\\/de\\\/ueber-uns\\\/history\\\/#primaryimage\"},\"thumbnailUrl\":\"https:\\\/\\\/www.zinga.com\\\/wp-content\\\/uploads\\\/2020\\\/08\\\/Gen2-Web-Banner-origional.jpg\",\"datePublished\":\"2021-12-06T21:42:26+00:00\",\"dateModified\":\"2025-07-25T09:43:48+00:00\",\"description\":\"PCI Membranes, ein Unternehmen der Filtration Group Company, war in den 1960er Jahren ein Vorreiter bei der Kommerzialisierung der Umkehrosmose. Die Technologie wurde in einem Joint Venture zwischen Portals Ltd und der britischen Atomenergiebeh\u00f6rde f\u00fcr die Entsalzung von Meerwasser entwickelt. Die weitere Entwicklung von Membranen f\u00fchrte zu einer Erweiterung der Produktpalette von PCI Membranes, die zun\u00e4chst Ultrafiltrations- und dann Nanofiltrationsmembranen und -systeme umfasste.\",\"breadcrumb\":{\"@id\":\"https:\\\/\\\/www.pcimembranes.com\\\/de\\\/ueber-uns\\\/history\\\/#breadcrumb\"},\"inLanguage\":\"de-DE\",\"potentialAction\":[{\"@type\":\"ReadAction\",\"target\":[\"https:\\\/\\\/www.pcimembranes.com\\\/de\\\/ueber-uns\\\/history\\\/\"]}]},{\"@type\":\"ImageObject\",\"inLanguage\":\"de-DE\",\"@id\":\"https:\\\/\\\/www.pcimembranes.com\\\/de\\\/ueber-uns\\\/history\\\/#primaryimage\",\"url\":\"https:\\\/\\\/www.zinga.com\\\/wp-content\\\/uploads\\\/2020\\\/08\\\/Gen2-Web-Banner-origional.jpg\",\"contentUrl\":\"https:\\\/\\\/www.zinga.com\\\/wp-content\\\/uploads\\\/2020\\\/08\\\/Gen2-Web-Banner-origional.jpg\"},{\"@type\":\"BreadcrumbList\",\"@id\":\"https:\\\/\\\/www.pcimembranes.com\\\/de\\\/ueber-uns\\\/history\\\/#breadcrumb\",\"itemListElement\":[{\"@type\":\"ListItem\",\"position\":1,\"name\":\"\",\"item\":\"https:\\\/\\\/www.pcimembranes.com\\\/de\\\/\"},{\"@type\":\"ListItem\",\"position\":2,\"name\":\"\u00dcber uns\",\"item\":\"https:\\\/\\\/www.pcimembranes.com\\\/de\\\/ueber-uns\\\/\"},{\"@type\":\"ListItem\",\"position\":3,\"name\":\"Unternehmensgeschichte\"}]},{\"@type\":\"WebSite\",\"@id\":\"https:\\\/\\\/www.pcimembranes.com\\\/de\\\/#website\",\"url\":\"https:\\\/\\\/www.pcimembranes.com\\\/de\\\/\",\"name\":\"PCI Membranes\",\"description\":\"Making the World Safer, Healthier and More Productive\",\"publisher\":{\"@id\":\"https:\\\/\\\/www.pcimembranes.com\\\/de\\\/#organization\"},\"potentialAction\":[{\"@type\":\"SearchAction\",\"target\":{\"@type\":\"EntryPoint\",\"urlTemplate\":\"https:\\\/\\\/www.pcimembranes.com\\\/de\\\/?s={search_term_string}\"},\"query-input\":{\"@type\":\"PropertyValueSpecification\",\"valueRequired\":true,\"valueName\":\"search_term_string\"}}],\"inLanguage\":\"de-DE\"},{\"@type\":\"Organization\",\"@id\":\"https:\\\/\\\/www.pcimembranes.com\\\/de\\\/#organization\",\"name\":\"Filtration Group\",\"url\":\"https:\\\/\\\/www.pcimembranes.com\\\/de\\\/\",\"logo\":{\"@type\":\"ImageObject\",\"inLanguage\":\"de-DE\",\"@id\":\"https:\\\/\\\/www.pcimembranes.com\\\/de\\\/#\\\/schema\\\/logo\\\/image\\\/\",\"url\":\"https:\\\/\\\/www.pcimembranes.com\\\/wp-content\\\/uploads\\\/2019\\\/06\\\/FGC-logo-1.png\",\"contentUrl\":\"https:\\\/\\\/www.pcimembranes.com\\\/wp-content\\\/uploads\\\/2019\\\/06\\\/FGC-logo-1.png\",\"width\":1104,\"height\":224,\"caption\":\"Filtration Group\"},\"image\":{\"@id\":\"https:\\\/\\\/www.pcimembranes.com\\\/de\\\/#\\\/schema\\\/logo\\\/image\\\/\"}}]}<\/script>\n<!-- \/ Yoast SEO plugin. -->","yoast_head_json":{"title":"Unternehmensgeschichte - PCI Membranes","description":"PCI Membranes, ein Unternehmen der Filtration Group Company, war in den 1960er Jahren ein Vorreiter bei der Kommerzialisierung der Umkehrosmose. Die Technologie wurde in einem Joint Venture zwischen Portals Ltd und der britischen Atomenergiebeh\u00f6rde f\u00fcr die Entsalzung von Meerwasser entwickelt. Die weitere Entwicklung von Membranen f\u00fchrte zu einer Erweiterung der Produktpalette von PCI Membranes, die zun\u00e4chst Ultrafiltrations- und dann Nanofiltrationsmembranen und -systeme umfasste.","robots":{"index":"index","follow":"follow","max-snippet":"max-snippet:-1","max-image-preview":"max-image-preview:large","max-video-preview":"max-video-preview:-1"},"canonical":"https:\/\/www.pcimembranes.com\/de\/ueber-uns\/history\/","og_locale":"de_DE","og_type":"article","og_title":"Unternehmensgeschichte - PCI Membranes","og_description":"PCI Membranes, ein Unternehmen der Filtration Group Company, war in den 1960er Jahren ein Vorreiter bei der Kommerzialisierung der Umkehrosmose. Die Technologie wurde in einem Joint Venture zwischen Portals Ltd und der britischen Atomenergiebeh\u00f6rde f\u00fcr die Entsalzung von Meerwasser entwickelt. Die weitere Entwicklung von Membranen f\u00fchrte zu einer Erweiterung der Produktpalette von PCI Membranes, die zun\u00e4chst Ultrafiltrations- und dann Nanofiltrationsmembranen und -systeme umfasste.","og_url":"https:\/\/www.pcimembranes.com\/de\/ueber-uns\/history\/","og_site_name":"PCI Membranes","article_modified_time":"2025-07-25T09:43:48+00:00","twitter_card":"summary_large_image","twitter_misc":{"Gesch\u00e4tzte Lesezeit":"3 Minuten"},"schema":{"@context":"https:\/\/schema.org","@graph":[{"@type":"WebPage","@id":"https:\/\/www.pcimembranes.com\/de\/ueber-uns\/history\/","url":"https:\/\/www.pcimembranes.com\/de\/ueber-uns\/history\/","name":"Unternehmensgeschichte - PCI Membranes","isPartOf":{"@id":"https:\/\/www.pcimembranes.com\/de\/#website"},"primaryImageOfPage":{"@id":"https:\/\/www.pcimembranes.com\/de\/ueber-uns\/history\/#primaryimage"},"image":{"@id":"https:\/\/www.pcimembranes.com\/de\/ueber-uns\/history\/#primaryimage"},"thumbnailUrl":"https:\/\/www.zinga.com\/wp-content\/uploads\/2020\/08\/Gen2-Web-Banner-origional.jpg","datePublished":"2021-12-06T21:42:26+00:00","dateModified":"2025-07-25T09:43:48+00:00","description":"PCI Membranes, ein Unternehmen der Filtration Group Company, war in den 1960er Jahren ein Vorreiter bei der Kommerzialisierung der Umkehrosmose. Die Technologie wurde in einem Joint Venture zwischen Portals Ltd und der britischen Atomenergiebeh\u00f6rde f\u00fcr die Entsalzung von Meerwasser entwickelt. Die weitere Entwicklung von Membranen f\u00fchrte zu einer Erweiterung der Produktpalette von PCI Membranes, die zun\u00e4chst Ultrafiltrations- und dann Nanofiltrationsmembranen und -systeme umfasste.","breadcrumb":{"@id":"https:\/\/www.pcimembranes.com\/de\/ueber-uns\/history\/#breadcrumb"},"inLanguage":"de-DE","potentialAction":[{"@type":"ReadAction","target":["https:\/\/www.pcimembranes.com\/de\/ueber-uns\/history\/"]}]},{"@type":"ImageObject","inLanguage":"de-DE","@id":"https:\/\/www.pcimembranes.com\/de\/ueber-uns\/history\/#primaryimage","url":"https:\/\/www.zinga.com\/wp-content\/uploads\/2020\/08\/Gen2-Web-Banner-origional.jpg","contentUrl":"https:\/\/www.zinga.com\/wp-content\/uploads\/2020\/08\/Gen2-Web-Banner-origional.jpg"},{"@type":"BreadcrumbList","@id":"https:\/\/www.pcimembranes.com\/de\/ueber-uns\/history\/#breadcrumb","itemListElement":[{"@type":"ListItem","position":1,"name":"","item":"https:\/\/www.pcimembranes.com\/de\/"},{"@type":"ListItem","position":2,"name":"\u00dcber uns","item":"https:\/\/www.pcimembranes.com\/de\/ueber-uns\/"},{"@type":"ListItem","position":3,"name":"Unternehmensgeschichte"}]},{"@type":"WebSite","@id":"https:\/\/www.pcimembranes.com\/de\/#website","url":"https:\/\/www.pcimembranes.com\/de\/","name":"PCI Membranes","description":"Making the World Safer, Healthier and More Productive","publisher":{"@id":"https:\/\/www.pcimembranes.com\/de\/#organization"},"potentialAction":[{"@type":"SearchAction","target":{"@type":"EntryPoint","urlTemplate":"https:\/\/www.pcimembranes.com\/de\/?s={search_term_string}"},"query-input":{"@type":"PropertyValueSpecification","valueRequired":true,"valueName":"search_term_string"}}],"inLanguage":"de-DE"},{"@type":"Organization","@id":"https:\/\/www.pcimembranes.com\/de\/#organization","name":"Filtration Group","url":"https:\/\/www.pcimembranes.com\/de\/","logo":{"@type":"ImageObject","inLanguage":"de-DE","@id":"https:\/\/www.pcimembranes.com\/de\/#\/schema\/logo\/image\/","url":"https:\/\/www.pcimembranes.com\/wp-content\/uploads\/2019\/06\/FGC-logo-1.png","contentUrl":"https:\/\/www.pcimembranes.com\/wp-content\/uploads\/2019\/06\/FGC-logo-1.png","width":1104,"height":224,"caption":"Filtration Group"},"image":{"@id":"https:\/\/www.pcimembranes.com\/de\/#\/schema\/logo\/image\/"}}]}},"_links":{"self":[{"href":"https:\/\/www.pcimembranes.com\/de\/wp-json\/wp\/v2\/pages\/3269","targetHints":{"allow":["GET"]}}],"collection":[{"href":"https:\/\/www.pcimembranes.com\/de\/wp-json\/wp\/v2\/pages"}],"about":[{"href":"https:\/\/www.pcimembranes.com\/de\/wp-json\/wp\/v2\/types\/page"}],"author":[{"embeddable":true,"href":"https:\/\/www.pcimembranes.com\/de\/wp-json\/wp\/v2\/users\/10"}],"replies":[{"embeddable":true,"href":"https:\/\/www.pcimembranes.com\/de\/wp-json\/wp\/v2\/comments?post=3269"}],"version-history":[{"count":0,"href":"https:\/\/www.pcimembranes.com\/de\/wp-json\/wp\/v2\/pages\/3269\/revisions"}],"up":[{"embeddable":true,"href":"https:\/\/www.pcimembranes.com\/de\/wp-json\/wp\/v2\/pages\/3265"}],"wp:attachment":[{"href":"https:\/\/www.pcimembranes.com\/de\/wp-json\/wp\/v2\/media?parent=3269"}],"curies":[{"name":"wp","href":"https:\/\/api.w.org\/{rel}","templated":true}]}}