{"id":3271,"date":"2021-12-06T22:01:44","date_gmt":"2021-12-06T22:01:44","guid":{"rendered":"https:\/\/www.pcimembranes.com\/?page_id=3271"},"modified":"2021-12-06T22:01:45","modified_gmt":"2021-12-06T22:01:45","slug":"anwendungen","status":"publish","type":"page","link":"https:\/\/www.pcimembranes.com\/de\/anwendungen\/","title":{"rendered":"Anwendungen"},"content":{"rendered":"\n<div class=\"wp-block-cover alignfull has-background-dim\" style=\"min-height:220px;aspect-ratio:unset;\"><img loading=\"lazy\" decoding=\"async\" width=\"2560\" height=\"1031\" class=\"wp-block-cover__image-background wp-image-2646\" alt=\"\" src=\"https:\/\/www.pcimembranes.com\/wp-content\/uploads\/2021\/08\/applications-scaled.jpg\" style=\"object-position:52% 90%\" data-object-fit=\"cover\" data-object-position=\"52% 90%\" srcset=\"https:\/\/www.pcimembranes.com\/wp-content\/uploads\/2021\/08\/applications-scaled.jpg 2560w, https:\/\/www.pcimembranes.com\/wp-content\/uploads\/2021\/08\/applications-300x121.jpg 300w, https:\/\/www.pcimembranes.com\/wp-content\/uploads\/2021\/08\/applications-1024x412.jpg 1024w, https:\/\/www.pcimembranes.com\/wp-content\/uploads\/2021\/08\/applications-768x309.jpg 768w, https:\/\/www.pcimembranes.com\/wp-content\/uploads\/2021\/08\/applications-1536x619.jpg 1536w, https:\/\/www.pcimembranes.com\/wp-content\/uploads\/2021\/08\/applications-2048x825.jpg 2048w\" sizes=\"auto, (max-width: 2560px) 100vw, 2560px\" \/><div class=\"wp-block-cover__inner-container is-layout-flow wp-block-cover-is-layout-flow\">\n<h1 class=\"has-text-align-center wp-block-heading\">Applications<\/h1>\n<\/div><\/div>\n\n\n\n<!--Close-->\t\n<\/div><\/div><\/section>\n<!--Menu-->\n<div class=\"no-top-margin\">\n<div class=\"msb-sticky-bar\">\n<div class=\"container\">\n  <div class=\"row\">\n    <div class=\"col-sm text-center\">\n      <a href=\"https:\/\/www.pcimembranes.com\/contact-2\/\" class=\"btn btn-primary solution-trigger\"> FORDERN SIE EIN ANGEBOT AN<\/a>\n    <\/div>\n  <\/div>\n<\/div>\n<\/div>\n<\/div>\n<!--Open-->\n<section class=\"container\"><div class=\"row\"><div class=\"col-md-12\">\n\n\n\n<div style=\"height:33px\" aria-hidden=\"true\" class=\"wp-block-spacer\"><\/div>\n\n\n\n<h2 class=\"has-large-font-size wp-block-heading\">Anwendungen<\/h2>\n\n\n\n<p style=\"font-size:20px\">Unsere Filtrationsl\u00f6sungen sind so konzipiert, dass sie die Anforderungen einer Vielzahl von Anwendungen und Branchen erf\u00fcllen.<\/p>\n\n\n\n<div style=\"height:38px\" aria-hidden=\"true\" class=\"wp-block-spacer\"><\/div>\n\n\n\n<div class=\"wp-block-columns is-layout-flex wp-container-core-columns-is-layout-9d6595d7 wp-block-columns-is-layout-flex\">\n<div class=\"wp-block-column is-layout-flow wp-block-column-is-layout-flow\">\n<figure class=\"wp-block-image size-large is-style-default\"><img loading=\"lazy\" decoding=\"async\" width=\"1024\" height=\"858\" src=\"https:\/\/www.pcimembranes.com\/wp-content\/uploads\/2021\/08\/fruit-juice-application-2-1024x858.jpg\" alt=\"\" class=\"wp-image-2631\" srcset=\"https:\/\/www.pcimembranes.com\/wp-content\/uploads\/2021\/08\/fruit-juice-application-2-1024x858.jpg 1024w, https:\/\/www.pcimembranes.com\/wp-content\/uploads\/2021\/08\/fruit-juice-application-2-300x251.jpg 300w, https:\/\/www.pcimembranes.com\/wp-content\/uploads\/2021\/08\/fruit-juice-application-2-768x643.jpg 768w, https:\/\/www.pcimembranes.com\/wp-content\/uploads\/2021\/08\/fruit-juice-application-2-1536x1287.jpg 1536w, https:\/\/www.pcimembranes.com\/wp-content\/uploads\/2021\/08\/fruit-juice-application-2.jpg 1928w\" sizes=\"auto, (max-width: 1024px) 100vw, 1024px\" \/><\/figure>\n\n\n\n<h3 class=\"wp-block-heading\" style=\"font-size:28px\">    Fruchtsaft<\/h3>\n\n\n\n<div class=\"wp-block-buttons is-layout-flex wp-block-buttons-is-layout-flex\">\n<div class=\"wp-block-button\"><a class=\"wp-block-button__link has-light-gray-background-color has-text-color has-background\" href=\"https:\/\/www.pcimembranes.com\/wp-content\/uploads\/2020\/12\/2020-12-08-final-PCI-Industry-Brochures_Fruit-Juice.pdf\" style=\"color:#0085ca\" target=\"_blank\" rel=\"noreferrer noopener\">MEHR ERFAHREN<\/a><\/div>\n<\/div>\n<\/div>\n\n\n\n<div class=\"wp-block-column is-layout-flow wp-block-column-is-layout-flow\">\n<figure class=\"wp-block-image size-large is-style-default\"><img loading=\"lazy\" decoding=\"async\" width=\"1024\" height=\"858\" src=\"https:\/\/www.pcimembranes.com\/wp-content\/uploads\/2021\/08\/water-plup-application-1-1024x858.jpg\" alt=\"\" class=\"wp-image-2633\" srcset=\"https:\/\/www.pcimembranes.com\/wp-content\/uploads\/2021\/08\/water-plup-application-1-1024x858.jpg 1024w, https:\/\/www.pcimembranes.com\/wp-content\/uploads\/2021\/08\/water-plup-application-1-300x251.jpg 300w, https:\/\/www.pcimembranes.com\/wp-content\/uploads\/2021\/08\/water-plup-application-1-768x643.jpg 768w, https:\/\/www.pcimembranes.com\/wp-content\/uploads\/2021\/08\/water-plup-application-1-1536x1287.jpg 1536w, https:\/\/www.pcimembranes.com\/wp-content\/uploads\/2021\/08\/water-plup-application-1.jpg 1928w\" sizes=\"auto, (max-width: 1024px) 100vw, 1024px\" \/><\/figure>\n\n\n\n<h3 class=\"wp-block-heading\" style=\"font-size:28px\">Zellstoff und Papier<\/h3>\n\n\n\n<div class=\"wp-block-buttons is-layout-flex wp-block-buttons-is-layout-flex\">\n<div class=\"wp-block-button\"><a class=\"wp-block-button__link has-light-gray-background-color has-text-color has-background\" href=\"https:\/\/www.pcimembranes.com\/wp-content\/uploads\/2020\/04\/2020-1234-PCI-Industry-Brochures_Pulp-Paper_v1.pdf\" style=\"color:#0085ca\" target=\"_blank\" rel=\"noreferrer noopener\">MEHR ERFAHREN<\/a><\/div>\n<\/div>\n<\/div>\n\n\n\n<div class=\"wp-block-column is-layout-flow wp-block-column-is-layout-flow\">\n<figure class=\"wp-block-image size-large is-style-default\"><img loading=\"lazy\" decoding=\"async\" width=\"1024\" height=\"858\" src=\"https:\/\/www.pcimembranes.com\/wp-content\/uploads\/2021\/08\/water-treatment-application-1024x858.jpg\" alt=\"\" class=\"wp-image-2635\" srcset=\"https:\/\/www.pcimembranes.com\/wp-content\/uploads\/2021\/08\/water-treatment-application-1024x858.jpg 1024w, https:\/\/www.pcimembranes.com\/wp-content\/uploads\/2021\/08\/water-treatment-application-300x251.jpg 300w, https:\/\/www.pcimembranes.com\/wp-content\/uploads\/2021\/08\/water-treatment-application-768x643.jpg 768w, https:\/\/www.pcimembranes.com\/wp-content\/uploads\/2021\/08\/water-treatment-application-1536x1287.jpg 1536w, https:\/\/www.pcimembranes.com\/wp-content\/uploads\/2021\/08\/water-treatment-application.jpg 1928w\" sizes=\"auto, (max-width: 1024px) 100vw, 1024px\" \/><\/figure>\n\n\n\n<h3 class=\"wp-block-heading\" style=\"font-size:28px\">Wasseraufbereitung<\/h3>\n\n\n\n<div class=\"wp-block-buttons is-layout-flex wp-block-buttons-is-layout-flex\">\n<div class=\"wp-block-button\"><a class=\"wp-block-button__link has-light-gray-background-color has-text-color has-background\" href=\"https:\/\/www.pcimembranes.com\/wp-content\/uploads\/2020\/04\/2020-04-PCI-Membranes-Water-Treatment-application.pdf\" style=\"color:#0085ca\" target=\"_blank\" rel=\"noreferrer noopener\">MEHR ERFAHREN<\/a><\/div>\n<\/div>\n<\/div>\n<\/div>\n\n\n\n<div class=\"wp-block-columns is-layout-flex wp-container-core-columns-is-layout-9d6595d7 wp-block-columns-is-layout-flex\">\n<div class=\"wp-block-column is-layout-flow wp-block-column-is-layout-flow\">\n<figure class=\"wp-block-image size-large is-style-default\"><img loading=\"lazy\" decoding=\"async\" width=\"1024\" height=\"858\" src=\"https:\/\/www.pcimembranes.com\/wp-content\/uploads\/2021\/08\/soy-sauce-1024x858.jpg\" alt=\"\" class=\"wp-image-2637\" srcset=\"https:\/\/www.pcimembranes.com\/wp-content\/uploads\/2021\/08\/soy-sauce-1024x858.jpg 1024w, https:\/\/www.pcimembranes.com\/wp-content\/uploads\/2021\/08\/soy-sauce-300x251.jpg 300w, https:\/\/www.pcimembranes.com\/wp-content\/uploads\/2021\/08\/soy-sauce-768x643.jpg 768w, https:\/\/www.pcimembranes.com\/wp-content\/uploads\/2021\/08\/soy-sauce-1536x1287.jpg 1536w, https:\/\/www.pcimembranes.com\/wp-content\/uploads\/2021\/08\/soy-sauce.jpg 1928w\" sizes=\"auto, (max-width: 1024px) 100vw, 1024px\" \/><\/figure>\n\n\n\n<h3 class=\"wp-block-heading\" style=\"font-size:28px\">     Sojasauce<\/h3>\n\n\n\n<div class=\"wp-block-buttons is-layout-flex wp-block-buttons-is-layout-flex\">\n<div class=\"wp-block-button\"><a class=\"wp-block-button__link has-light-gray-background-color has-text-color has-background\" href=\"https:\/\/www.pcimembranes.com\/wp-content\/uploads\/2021\/07\/2021-02-PCI-Membranes-Soy-Sauce-Brochure.pdf\" style=\"color:#0085ca\" target=\"_blank\" rel=\"noreferrer noopener\">MEHR ERFAHREN<\/a><\/div>\n<\/div>\n<\/div>\n\n\n\n<div class=\"wp-block-column is-layout-flow wp-block-column-is-layout-flow\">\n<figure class=\"wp-block-image size-large is-style-default\"><img loading=\"lazy\" decoding=\"async\" width=\"1024\" height=\"858\" src=\"https:\/\/www.pcimembranes.com\/wp-content\/uploads\/2021\/08\/Antibiotic-Broth-1024x858.jpg\" alt=\"\" class=\"wp-image-2639\" srcset=\"https:\/\/www.pcimembranes.com\/wp-content\/uploads\/2021\/08\/Antibiotic-Broth-1024x858.jpg 1024w, https:\/\/www.pcimembranes.com\/wp-content\/uploads\/2021\/08\/Antibiotic-Broth-300x251.jpg 300w, https:\/\/www.pcimembranes.com\/wp-content\/uploads\/2021\/08\/Antibiotic-Broth-768x643.jpg 768w, https:\/\/www.pcimembranes.com\/wp-content\/uploads\/2021\/08\/Antibiotic-Broth-1536x1287.jpg 1536w, https:\/\/www.pcimembranes.com\/wp-content\/uploads\/2021\/08\/Antibiotic-Broth.jpg 1928w\" sizes=\"auto, (max-width: 1024px) 100vw, 1024px\" \/><\/figure>\n\n\n\n<h3 class=\"wp-block-heading\" style=\"font-size:28px\">Antibiotische Br\u00fche<\/h3>\n\n\n\n<div class=\"wp-block-buttons is-layout-flex wp-block-buttons-is-layout-flex\">\n<div class=\"wp-block-button\"><a class=\"wp-block-button__link has-light-gray-background-color has-text-color has-background\" href=\"https:\/\/www.pcimembranes.com\/wp-content\/uploads\/2020\/04\/2020-PCI-Antibiotic-Broth-Application.pdf?utm_source=website&amp;utm_medium=cpc&amp;utm_campaign=applicationbroth&amp;utm_content=applicationpg\" style=\"color:#0085ca\" target=\"_blank\" rel=\"noreferrer noopener\">MEHR ERFAHREN<\/a><\/div>\n<\/div>\n<\/div>\n\n\n\n<div class=\"wp-block-column is-layout-flow wp-block-column-is-layout-flow\">\n<figure class=\"wp-block-image size-large is-style-default\"><img loading=\"lazy\" decoding=\"async\" width=\"1024\" height=\"858\" src=\"https:\/\/www.pcimembranes.com\/wp-content\/uploads\/2021\/09\/dairy-brochure-1-1024x858.jpg\" alt=\"\" class=\"wp-image-2938\" srcset=\"https:\/\/www.pcimembranes.com\/wp-content\/uploads\/2021\/09\/dairy-brochure-1-1024x858.jpg 1024w, https:\/\/www.pcimembranes.com\/wp-content\/uploads\/2021\/09\/dairy-brochure-1-300x251.jpg 300w, https:\/\/www.pcimembranes.com\/wp-content\/uploads\/2021\/09\/dairy-brochure-1-768x643.jpg 768w, https:\/\/www.pcimembranes.com\/wp-content\/uploads\/2021\/09\/dairy-brochure-1-1536x1287.jpg 1536w, https:\/\/www.pcimembranes.com\/wp-content\/uploads\/2021\/09\/dairy-brochure-1.jpg 1928w\" sizes=\"auto, (max-width: 1024px) 100vw, 1024px\" \/><\/figure>\n\n\n\n<h3 class=\"wp-block-heading\" style=\"font-size:28px\">      Molkerei<\/h3>\n\n\n\n<div class=\"wp-block-buttons is-layout-flex wp-block-buttons-is-layout-flex\">\n<div class=\"wp-block-button\"><a class=\"wp-block-button__link has-light-gray-background-color has-text-color has-background\" href=\"https:\/\/www.pcimembranes.com\/wp-content\/uploads\/2021\/09\/2021-08-PCI-Membranes-dairy-Brochure.pdf\" style=\"color:#0085ca\" target=\"_blank\" rel=\"noreferrer noopener\">MEHR ERFAHREN<\/a><\/div>\n<\/div>\n<\/div>\n<\/div>\n\n\n\n<hr class=\"wp-block-separator is-style-default\" \/>\n\n\n\n<div style=\"height:36px\" aria-hidden=\"true\" class=\"wp-block-spacer\"><\/div>\n\n\n\n<h3 class=\"wp-block-heading\" style=\"font-size:28px\">PCI-Membranen pr\u00e4sentieren ihre Anwendungen<\/h3>\n\n\n\n<div class=\"wp-block-columns is-layout-flex wp-container-core-columns-is-layout-9d6595d7 wp-block-columns-is-layout-flex\">\n<div class=\"wp-block-column is-layout-flow wp-block-column-is-layout-flow\">\n<figure class=\"wp-block-image size-large is-style-default\"><img loading=\"lazy\" decoding=\"async\" width=\"524\" height=\"552\" src=\"https:\/\/www.pcimembranes.com\/wp-content\/uploads\/2021\/08\/application-showcase.jpg\" alt=\"\" class=\"wp-image-2641\" srcset=\"https:\/\/www.pcimembranes.com\/wp-content\/uploads\/2021\/08\/application-showcase.jpg 524w, https:\/\/www.pcimembranes.com\/wp-content\/uploads\/2021\/08\/application-showcase-285x300.jpg 285w\" sizes=\"auto, (max-width: 524px) 100vw, 524px\" \/><\/figure>\n\n\n\n<div class=\"wp-block-buttons is-layout-flex wp-block-buttons-is-layout-flex\">\n<div class=\"wp-block-button\"><a class=\"wp-block-button__link has-light-gray-background-color has-text-color has-background\" href=\"https:\/\/www.pcimembranes.com\/wp-content\/uploads\/2020\/12\/2020-PCI____PCI_Membranes_Applications_BB_MASTER.pdf\" style=\"color:#0085ca\" target=\"_blank\" rel=\"noreferrer noopener\">MEHR ERFAHREN<\/a><\/div>\n<\/div>\n<\/div>\n\n\n\n<div class=\"wp-block-column is-layout-flow wp-block-column-is-layout-flow\"><\/div>\n\n\n\n<div class=\"wp-block-column is-layout-flow wp-block-column-is-layout-flow\"><\/div>\n<\/div>\n\n\n\n<p><\/p>\n","protected":false},"excerpt":{"rendered":"<p>FORDERN SIE EIN ANGEBOT AN Anwendungen Unsere Filtrationsl\u00f6sungen sind so konzipiert, dass sie die Anforderungen einer Vielzahl von Anwendungen und Branchen erf\u00fcllen. Fruchtsaft Zellstoff und Papier Wasseraufbereitung Sojasauce Antibiotische Br\u00fche Molkerei PCI-Membranen pr\u00e4sentieren ihre Anwendungen<\/p>\n","protected":false},"author":10,"featured_media":0,"parent":0,"menu_order":-1,"comment_status":"closed","ping_status":"closed","template":"","meta":{"_acf_changed":false,"content-type":"","footnotes":""},"class_list":["post-3271","page","type-page","status-publish","hentry"],"acf":[],"yoast_head":"<!-- This site is optimized with the Yoast SEO plugin v27.3 - https:\/\/yoast.com\/product\/yoast-seo-wordpress\/ -->\n<title>Anwendungen - PCI Membranes<\/title>\n<meta name=\"description\" content=\"Unsere Filtrationsl\u00f6sungen sind so konzipiert, dass sie die Anforderungen einer Vielzahl von Anwendungen und Branchen erf\u00fcllen.\" \/>\n<meta name=\"robots\" content=\"index, follow, max-snippet:-1, max-image-preview:large, max-video-preview:-1\" \/>\n<link rel=\"canonical\" href=\"https:\/\/www.pcimembranes.com\/de\/anwendungen\/\" \/>\n<meta property=\"og:locale\" content=\"de_DE\" \/>\n<meta property=\"og:type\" content=\"article\" \/>\n<meta property=\"og:title\" content=\"Anwendungen - PCI Membranes\" \/>\n<meta property=\"og:description\" content=\"Unsere Filtrationsl\u00f6sungen sind so konzipiert, dass sie die Anforderungen einer Vielzahl von Anwendungen und Branchen erf\u00fcllen.\" \/>\n<meta property=\"og:url\" content=\"https:\/\/www.pcimembranes.com\/de\/anwendungen\/\" \/>\n<meta property=\"og:site_name\" content=\"PCI Membranes\" \/>\n<meta property=\"article:modified_time\" content=\"2021-12-06T22:01:45+00:00\" \/>\n<meta property=\"og:image\" content=\"https:\/\/www.pcimembranes.com\/wp-content\/uploads\/2021\/08\/applications-scaled.jpg\" \/>\n<meta name=\"twitter:card\" content=\"summary_large_image\" \/>\n<meta name=\"twitter:label1\" content=\"Gesch\u00e4tzte Lesezeit\" \/>\n\t<meta name=\"twitter:data1\" content=\"2 Minuten\" \/>\n<script type=\"application\/ld+json\" class=\"yoast-schema-graph\">{\"@context\":\"https:\\\/\\\/schema.org\",\"@graph\":[{\"@type\":\"WebPage\",\"@id\":\"https:\\\/\\\/www.pcimembranes.com\\\/de\\\/anwendungen\\\/\",\"url\":\"https:\\\/\\\/www.pcimembranes.com\\\/de\\\/anwendungen\\\/\",\"name\":\"Anwendungen - PCI Membranes\",\"isPartOf\":{\"@id\":\"https:\\\/\\\/www.pcimembranes.com\\\/de\\\/#website\"},\"primaryImageOfPage\":{\"@id\":\"https:\\\/\\\/www.pcimembranes.com\\\/de\\\/anwendungen\\\/#primaryimage\"},\"image\":{\"@id\":\"https:\\\/\\\/www.pcimembranes.com\\\/de\\\/anwendungen\\\/#primaryimage\"},\"thumbnailUrl\":\"https:\\\/\\\/www.pcimembranes.com\\\/wp-content\\\/uploads\\\/2021\\\/08\\\/applications-scaled.jpg\",\"datePublished\":\"2021-12-06T22:01:44+00:00\",\"dateModified\":\"2021-12-06T22:01:45+00:00\",\"description\":\"Unsere Filtrationsl\u00f6sungen sind so konzipiert, dass sie die Anforderungen einer Vielzahl von Anwendungen und Branchen erf\u00fcllen.\",\"breadcrumb\":{\"@id\":\"https:\\\/\\\/www.pcimembranes.com\\\/de\\\/anwendungen\\\/#breadcrumb\"},\"inLanguage\":\"de-DE\",\"potentialAction\":[{\"@type\":\"ReadAction\",\"target\":[\"https:\\\/\\\/www.pcimembranes.com\\\/de\\\/anwendungen\\\/\"]}]},{\"@type\":\"ImageObject\",\"inLanguage\":\"de-DE\",\"@id\":\"https:\\\/\\\/www.pcimembranes.com\\\/de\\\/anwendungen\\\/#primaryimage\",\"url\":\"https:\\\/\\\/www.pcimembranes.com\\\/wp-content\\\/uploads\\\/2021\\\/08\\\/applications-scaled.jpg\",\"contentUrl\":\"https:\\\/\\\/www.pcimembranes.com\\\/wp-content\\\/uploads\\\/2021\\\/08\\\/applications-scaled.jpg\"},{\"@type\":\"BreadcrumbList\",\"@id\":\"https:\\\/\\\/www.pcimembranes.com\\\/de\\\/anwendungen\\\/#breadcrumb\",\"itemListElement\":[{\"@type\":\"ListItem\",\"position\":1,\"name\":\"\",\"item\":\"https:\\\/\\\/www.pcimembranes.com\\\/de\\\/\"},{\"@type\":\"ListItem\",\"position\":2,\"name\":\"Anwendungen\"}]},{\"@type\":\"WebSite\",\"@id\":\"https:\\\/\\\/www.pcimembranes.com\\\/de\\\/#website\",\"url\":\"https:\\\/\\\/www.pcimembranes.com\\\/de\\\/\",\"name\":\"PCI Membranes\",\"description\":\"Making the World Safer, Healthier and More Productive\",\"publisher\":{\"@id\":\"https:\\\/\\\/www.pcimembranes.com\\\/de\\\/#organization\"},\"potentialAction\":[{\"@type\":\"SearchAction\",\"target\":{\"@type\":\"EntryPoint\",\"urlTemplate\":\"https:\\\/\\\/www.pcimembranes.com\\\/de\\\/?s={search_term_string}\"},\"query-input\":{\"@type\":\"PropertyValueSpecification\",\"valueRequired\":true,\"valueName\":\"search_term_string\"}}],\"inLanguage\":\"de-DE\"},{\"@type\":\"Organization\",\"@id\":\"https:\\\/\\\/www.pcimembranes.com\\\/de\\\/#organization\",\"name\":\"Filtration Group\",\"url\":\"https:\\\/\\\/www.pcimembranes.com\\\/de\\\/\",\"logo\":{\"@type\":\"ImageObject\",\"inLanguage\":\"de-DE\",\"@id\":\"https:\\\/\\\/www.pcimembranes.com\\\/de\\\/#\\\/schema\\\/logo\\\/image\\\/\",\"url\":\"https:\\\/\\\/www.pcimembranes.com\\\/wp-content\\\/uploads\\\/2019\\\/06\\\/FGC-logo-1.png\",\"contentUrl\":\"https:\\\/\\\/www.pcimembranes.com\\\/wp-content\\\/uploads\\\/2019\\\/06\\\/FGC-logo-1.png\",\"width\":1104,\"height\":224,\"caption\":\"Filtration Group\"},\"image\":{\"@id\":\"https:\\\/\\\/www.pcimembranes.com\\\/de\\\/#\\\/schema\\\/logo\\\/image\\\/\"}}]}<\/script>\n<!-- \/ Yoast SEO plugin. -->","yoast_head_json":{"title":"Anwendungen - PCI Membranes","description":"Unsere Filtrationsl\u00f6sungen sind so konzipiert, dass sie die Anforderungen einer Vielzahl von Anwendungen und Branchen erf\u00fcllen.","robots":{"index":"index","follow":"follow","max-snippet":"max-snippet:-1","max-image-preview":"max-image-preview:large","max-video-preview":"max-video-preview:-1"},"canonical":"https:\/\/www.pcimembranes.com\/de\/anwendungen\/","og_locale":"de_DE","og_type":"article","og_title":"Anwendungen - PCI Membranes","og_description":"Unsere Filtrationsl\u00f6sungen sind so konzipiert, dass sie die Anforderungen einer Vielzahl von Anwendungen und Branchen erf\u00fcllen.","og_url":"https:\/\/www.pcimembranes.com\/de\/anwendungen\/","og_site_name":"PCI Membranes","article_modified_time":"2021-12-06T22:01:45+00:00","og_image":[{"url":"https:\/\/www.pcimembranes.com\/wp-content\/uploads\/2021\/08\/applications-scaled.jpg","type":"","width":"","height":""}],"twitter_card":"summary_large_image","twitter_misc":{"Gesch\u00e4tzte Lesezeit":"2 Minuten"},"schema":{"@context":"https:\/\/schema.org","@graph":[{"@type":"WebPage","@id":"https:\/\/www.pcimembranes.com\/de\/anwendungen\/","url":"https:\/\/www.pcimembranes.com\/de\/anwendungen\/","name":"Anwendungen - PCI Membranes","isPartOf":{"@id":"https:\/\/www.pcimembranes.com\/de\/#website"},"primaryImageOfPage":{"@id":"https:\/\/www.pcimembranes.com\/de\/anwendungen\/#primaryimage"},"image":{"@id":"https:\/\/www.pcimembranes.com\/de\/anwendungen\/#primaryimage"},"thumbnailUrl":"https:\/\/www.pcimembranes.com\/wp-content\/uploads\/2021\/08\/applications-scaled.jpg","datePublished":"2021-12-06T22:01:44+00:00","dateModified":"2021-12-06T22:01:45+00:00","description":"Unsere Filtrationsl\u00f6sungen sind so konzipiert, dass sie die Anforderungen einer Vielzahl von Anwendungen und Branchen erf\u00fcllen.","breadcrumb":{"@id":"https:\/\/www.pcimembranes.com\/de\/anwendungen\/#breadcrumb"},"inLanguage":"de-DE","potentialAction":[{"@type":"ReadAction","target":["https:\/\/www.pcimembranes.com\/de\/anwendungen\/"]}]},{"@type":"ImageObject","inLanguage":"de-DE","@id":"https:\/\/www.pcimembranes.com\/de\/anwendungen\/#primaryimage","url":"https:\/\/www.pcimembranes.com\/wp-content\/uploads\/2021\/08\/applications-scaled.jpg","contentUrl":"https:\/\/www.pcimembranes.com\/wp-content\/uploads\/2021\/08\/applications-scaled.jpg"},{"@type":"BreadcrumbList","@id":"https:\/\/www.pcimembranes.com\/de\/anwendungen\/#breadcrumb","itemListElement":[{"@type":"ListItem","position":1,"name":"","item":"https:\/\/www.pcimembranes.com\/de\/"},{"@type":"ListItem","position":2,"name":"Anwendungen"}]},{"@type":"WebSite","@id":"https:\/\/www.pcimembranes.com\/de\/#website","url":"https:\/\/www.pcimembranes.com\/de\/","name":"PCI Membranes","description":"Making the World Safer, Healthier and More Productive","publisher":{"@id":"https:\/\/www.pcimembranes.com\/de\/#organization"},"potentialAction":[{"@type":"SearchAction","target":{"@type":"EntryPoint","urlTemplate":"https:\/\/www.pcimembranes.com\/de\/?s={search_term_string}"},"query-input":{"@type":"PropertyValueSpecification","valueRequired":true,"valueName":"search_term_string"}}],"inLanguage":"de-DE"},{"@type":"Organization","@id":"https:\/\/www.pcimembranes.com\/de\/#organization","name":"Filtration Group","url":"https:\/\/www.pcimembranes.com\/de\/","logo":{"@type":"ImageObject","inLanguage":"de-DE","@id":"https:\/\/www.pcimembranes.com\/de\/#\/schema\/logo\/image\/","url":"https:\/\/www.pcimembranes.com\/wp-content\/uploads\/2019\/06\/FGC-logo-1.png","contentUrl":"https:\/\/www.pcimembranes.com\/wp-content\/uploads\/2019\/06\/FGC-logo-1.png","width":1104,"height":224,"caption":"Filtration Group"},"image":{"@id":"https:\/\/www.pcimembranes.com\/de\/#\/schema\/logo\/image\/"}}]}},"_links":{"self":[{"href":"https:\/\/www.pcimembranes.com\/de\/wp-json\/wp\/v2\/pages\/3271","targetHints":{"allow":["GET"]}}],"collection":[{"href":"https:\/\/www.pcimembranes.com\/de\/wp-json\/wp\/v2\/pages"}],"about":[{"href":"https:\/\/www.pcimembranes.com\/de\/wp-json\/wp\/v2\/types\/page"}],"author":[{"embeddable":true,"href":"https:\/\/www.pcimembranes.com\/de\/wp-json\/wp\/v2\/users\/10"}],"replies":[{"embeddable":true,"href":"https:\/\/www.pcimembranes.com\/de\/wp-json\/wp\/v2\/comments?post=3271"}],"version-history":[{"count":0,"href":"https:\/\/www.pcimembranes.com\/de\/wp-json\/wp\/v2\/pages\/3271\/revisions"}],"wp:attachment":[{"href":"https:\/\/www.pcimembranes.com\/de\/wp-json\/wp\/v2\/media?parent=3271"}],"curies":[{"name":"wp","href":"https:\/\/api.w.org\/{rel}","templated":true}]}}