{"id":3279,"date":"2021-12-16T10:59:38","date_gmt":"2021-12-16T10:59:38","guid":{"rendered":"https:\/\/www.pcimembranes.com\/?page_id=3279"},"modified":"2025-07-23T10:34:11","modified_gmt":"2025-07-23T10:34:11","slug":"membranfiltrationsanlagen","status":"publish","type":"page","link":"https:\/\/www.pcimembranes.com\/de\/membranfiltrationsanlagen\/","title":{"rendered":"Membranfiltrationsanlagen"},"content":{"rendered":"\n<div class=\"wp-block-cover alignfull has-background-dim-10 has-background-dim\" style=\"min-height:256px;aspect-ratio:unset;\"><img loading=\"lazy\" decoding=\"async\" width=\"1400\" height=\"787\" class=\"wp-block-cover__image-background wp-image-2796\" alt=\"\" src=\"https:\/\/www.pcimembranes.com\/wp-content\/uploads\/2021\/08\/MicrosoftTeams-image-_2.jpg\" data-object-fit=\"cover\" srcset=\"https:\/\/www.pcimembranes.com\/wp-content\/uploads\/2021\/08\/MicrosoftTeams-image-_2.jpg 1400w, https:\/\/www.pcimembranes.com\/wp-content\/uploads\/2021\/08\/MicrosoftTeams-image-_2-300x169.jpg 300w, https:\/\/www.pcimembranes.com\/wp-content\/uploads\/2021\/08\/MicrosoftTeams-image-_2-1024x576.jpg 1024w, https:\/\/www.pcimembranes.com\/wp-content\/uploads\/2021\/08\/MicrosoftTeams-image-_2-768x432.jpg 768w\" sizes=\"auto, (max-width: 1400px) 100vw, 1400px\" \/><div class=\"wp-block-cover__inner-container is-layout-flow wp-block-cover-is-layout-flow\">\n\n<h1 class=\"has-text-align-center wp-block-heading\">Membranfiltrationsanlagen<\/h1>\n\n<\/div><\/div>\n\n\n\n<!--Close-->\t\n<\/div><\/div><\/section>\n<!--Menu-->\n<div class=\"no-top-margin\">\n<div class=\"msb-sticky-bar\">\n<div class=\"container\">\n  <div class=\"row\">\n    <div class=\"col-sm text-center\">\n      <a href=\"https:\/\/www.pcimembranes.com\/de\/kontaktieren-sie-uns\/\" class=\"btn btn-primary solution-trigger\">SPRECHEN SIE MIT EINEM EXPERTEN<\/a>\n    <\/div>\n  <\/div>\n<\/div>\n<\/div>\n<\/div>\n<!--Open-->\n<section class=\"container\"><div class=\"row\"><div class=\"col-md-12\">\n\n\n\n<p>Nach der Vorbewertung und erfolgreichen Pilotversuchen ist der n\u00e4chste Schritt die Realisierung der Gro\u00dfanlage. Unser Ansatz bietet die h\u00f6chstm\u00f6gliche Scale-up-Sicherheit aufgrund der umfangreicher Erfahrung unserer Experten und der Arbeit mit realen Daten aus den Pilotversuchen.<\/p>\n\n\n\n<p>Membranfiltrationssysteme sind das Herzst\u00fcck vieler Separationsprozesse. Anwendungsforschung und -entwicklung, Ger\u00e4tedesign und Fertigungsqualit\u00e4t sind wichtige Aspekte f\u00fcr den Gesamterfolg des Projekts. Zun\u00e4chst muss die richtige Membrankonfiguration ausgew\u00e4hlt werden. Es stehen viele Formate zur Auswahl, darunter r\u00f6hrenf\u00f6rmige, Hohlfaser und spiralgewickelte Membranen. Anschlie\u00dfend m\u00fcssen die am besten geeigneten Membranmaterialien und Betriebsparameter bestimmt werden. Abschlie\u00dfend m\u00fcssen die Entscheidungen durch ein nachhaltiges Programm zur Reinigung und zum Austausch der Membranen validiert werden.<\/p>\n\n\n\n<p><\/p>\n\n\n\n<div style=\"height:34px\" aria-hidden=\"true\" class=\"wp-block-spacer\"><\/div>\n\n\n\n<hr class=\"wp-block-separator has-css-opacity is-style-default\" \/>\n\n\n\n<div style=\"height:18px\" aria-hidden=\"true\" class=\"wp-block-spacer\"><\/div>\n\n\n\n<h2 class=\"wp-block-heading has-text-align-center\">Beispiele f\u00fcr Membranfiltrationsanlagen<\/h2>\n\n\n\n<div style=\"height:18px\" aria-hidden=\"true\" class=\"wp-block-spacer\"><\/div>\n\n\n\n<div class=\"wp-block-columns is-layout-flex wp-container-core-columns-is-layout-9d6595d7 wp-block-columns-is-layout-flex\">\n<div class=\"wp-block-column is-layout-flow wp-block-column-is-layout-flow\" style=\"flex-basis:100%\">\n<div class=\"wp-block-columns is-layout-flex wp-container-core-columns-is-layout-9d6595d7 wp-block-columns-is-layout-flex\">\n<div class=\"wp-block-column is-layout-flow wp-block-column-is-layout-flow\">\n<figure class=\"wp-block-image size-large is-style-default\"><img loading=\"lazy\" decoding=\"async\" width=\"1024\" height=\"768\" src=\"https:\/\/www.pcimembranes.com\/wp-content\/uploads\/2021\/10\/a-19-system-1024x768.jpg\" alt=\"\" class=\"wp-image-3086\" srcset=\"https:\/\/www.pcimembranes.com\/wp-content\/uploads\/2021\/10\/a-19-system-1024x768.jpg 1024w, https:\/\/www.pcimembranes.com\/wp-content\/uploads\/2021\/10\/a-19-system-300x225.jpg 300w, https:\/\/www.pcimembranes.com\/wp-content\/uploads\/2021\/10\/a-19-system-768x576.jpg 768w, https:\/\/www.pcimembranes.com\/wp-content\/uploads\/2021\/10\/a-19-system-1536x1152.jpg 1536w, https:\/\/www.pcimembranes.com\/wp-content\/uploads\/2021\/10\/a-19-system.jpg 1600w\" sizes=\"auto, (max-width: 1024px) 100vw, 1024px\" \/><\/figure>\n\n\n\n<h4 class=\"wp-block-heading has-text-align-center has-light-gray-color has-blue-background-color has-text-color has-background\">A19 Anlagen<\/h4>\n<\/div>\n\n\n\n<div class=\"wp-block-column is-layout-flow wp-block-column-is-layout-flow\">\n<figure class=\"wp-block-image size-large is-style-default\"><img loading=\"lazy\" decoding=\"async\" width=\"1024\" height=\"768\" src=\"https:\/\/www.pcimembranes.com\/wp-content\/uploads\/2021\/10\/C10-stack-product-1024x768.jpg\" alt=\"\" class=\"wp-image-3090\" srcset=\"https:\/\/www.pcimembranes.com\/wp-content\/uploads\/2021\/10\/C10-stack-product-1024x768.jpg 1024w, https:\/\/www.pcimembranes.com\/wp-content\/uploads\/2021\/10\/C10-stack-product-300x225.jpg 300w, https:\/\/www.pcimembranes.com\/wp-content\/uploads\/2021\/10\/C10-stack-product-768x576.jpg 768w, https:\/\/www.pcimembranes.com\/wp-content\/uploads\/2021\/10\/C10-stack-product-1536x1152.jpg 1536w, https:\/\/www.pcimembranes.com\/wp-content\/uploads\/2021\/10\/C10-stack-product.jpg 1600w\" sizes=\"auto, (max-width: 1024px) 100vw, 1024px\" \/><\/figure>\n\n\n\n<h4 class=\"wp-block-heading has-text-align-center has-light-gray-color has-blue-background-color has-text-color has-background\">C10 Anlagen<\/h4>\n<\/div>\n\n\n\n<div class=\"wp-block-column is-layout-flow wp-block-column-is-layout-flow\">\n<figure class=\"wp-block-image size-large is-style-default\"><img loading=\"lazy\" decoding=\"async\" width=\"1024\" height=\"768\" src=\"https:\/\/www.pcimembranes.com\/wp-content\/uploads\/2021\/10\/a37-stack-product-1024x768.jpg\" alt=\"\" class=\"wp-image-3098\" srcset=\"https:\/\/www.pcimembranes.com\/wp-content\/uploads\/2021\/10\/a37-stack-product-1024x768.jpg 1024w, https:\/\/www.pcimembranes.com\/wp-content\/uploads\/2021\/10\/a37-stack-product-300x225.jpg 300w, https:\/\/www.pcimembranes.com\/wp-content\/uploads\/2021\/10\/a37-stack-product-768x576.jpg 768w, https:\/\/www.pcimembranes.com\/wp-content\/uploads\/2021\/10\/a37-stack-product-1536x1152.jpg 1536w, https:\/\/www.pcimembranes.com\/wp-content\/uploads\/2021\/10\/a37-stack-product.jpg 1600w\" sizes=\"auto, (max-width: 1024px) 100vw, 1024px\" \/><\/figure>\n\n\n\n<h4 class=\"wp-block-heading has-text-align-center has-light-gray-color has-blue-background-color has-text-color has-background\">A37 Anlagen<\/h4>\n<\/div>\n\n\n\n<div class=\"wp-block-column is-layout-flow wp-block-column-is-layout-flow\">\n<figure class=\"wp-block-image size-large\"><img loading=\"lazy\" decoding=\"async\" width=\"1024\" height=\"768\" src=\"https:\/\/www.pcimembranes.com\/wp-content\/uploads\/2021\/10\/B1-Stack-1024x768.jpg\" alt=\"\" class=\"wp-image-3139\" srcset=\"https:\/\/www.pcimembranes.com\/wp-content\/uploads\/2021\/10\/B1-Stack-1024x768.jpg 1024w, https:\/\/www.pcimembranes.com\/wp-content\/uploads\/2021\/10\/B1-Stack-300x225.jpg 300w, https:\/\/www.pcimembranes.com\/wp-content\/uploads\/2021\/10\/B1-Stack-768x576.jpg 768w, https:\/\/www.pcimembranes.com\/wp-content\/uploads\/2021\/10\/B1-Stack-1536x1152.jpg 1536w, https:\/\/www.pcimembranes.com\/wp-content\/uploads\/2021\/10\/B1-Stack.jpg 1600w\" sizes=\"auto, (max-width: 1024px) 100vw, 1024px\" \/><\/figure>\n\n\n\n<h4 class=\"wp-block-heading has-text-align-center has-light-gray-color has-blue-background-color has-text-color has-background\">B1 Anlagen<\/h4>\n<\/div>\n<\/div>\n<\/div>\n<\/div>\n\n\n\n<div style=\"height:18px\" aria-hidden=\"true\" class=\"wp-block-spacer\"><\/div>\n\n\n\n<div class=\"wp-block-cover alignfull is-light\" style=\"min-height:185px;aspect-ratio:unset;\"><img loading=\"lazy\" decoding=\"async\" width=\"2560\" height=\"783\" class=\"wp-block-cover__image-background wp-image-2879\" alt=\"\" src=\"https:\/\/www.pcimembranes.com\/wp-content\/uploads\/2021\/08\/banner-heading-3-scaled.jpg\" data-object-fit=\"cover\" srcset=\"https:\/\/www.pcimembranes.com\/wp-content\/uploads\/2021\/08\/banner-heading-3-scaled.jpg 2560w, https:\/\/www.pcimembranes.com\/wp-content\/uploads\/2021\/08\/banner-heading-3-300x92.jpg 300w, https:\/\/www.pcimembranes.com\/wp-content\/uploads\/2021\/08\/banner-heading-3-1024x313.jpg 1024w, https:\/\/www.pcimembranes.com\/wp-content\/uploads\/2021\/08\/banner-heading-3-768x235.jpg 768w, https:\/\/www.pcimembranes.com\/wp-content\/uploads\/2021\/08\/banner-heading-3-1536x470.jpg 1536w, https:\/\/www.pcimembranes.com\/wp-content\/uploads\/2021\/08\/banner-heading-3-2048x626.jpg 2048w\" sizes=\"auto, (max-width: 2560px) 100vw, 2560px\" \/><span aria-hidden=\"true\" class=\"wp-block-cover__background has-background-dim-10 has-background-dim\"><\/span><div class=\"wp-block-cover__inner-container is-layout-flow wp-block-cover-is-layout-flow\">\n<h2 class=\"wp-block-heading has-text-align-center has-dark-gray-color has-text-color\">Kundenspezifische Membranfiltrationsanlagen<\/h2>\n<\/div><\/div>\n\n\n\n<div class=\"wp-block-columns is-layout-flex wp-container-core-columns-is-layout-9d6595d7 wp-block-columns-is-layout-flex\">\n<div class=\"wp-block-column is-layout-flow wp-block-column-is-layout-flow\" style=\"flex-basis:66.66%\">\n<p>Wir bieten nicht nur ein komplettes Portfolio an Membranl\u00f6sungen f\u00fcr Ihre industriellen Prozesse, sondern auch ma\u00dfgeschneiderte industrielle Filtersysteme, die optimale Leistung f\u00fcr Ihre spezifische Anwendung garantieren. W\u00e4hrend der Entwurfsphase Ihres Membransystems f\u00fchren die Ingenieure von PCI Membranes\u00ae gemeinsam mit Ihnen Pilotversuche durch und sorgen f\u00fcr das Optimale Design, optimale Dimensionierung und Konfiguration des kompletten Filtersystems. Gemeinsam k\u00f6nnen wir f\u00fcr Sie ein vollst\u00e4ndig ma\u00dfgeschneidertes System bauen, das wirklich f\u00fcr Ihre Anwendung bestm\u00f6glichst geeignet ist, ganz gleich, wie einzigartig diese auch sein mag.<\/p>\n<\/div>\n\n\n\n<div class=\"wp-block-column is-vertically-aligned-center is-layout-flow wp-block-column-is-layout-flow\" style=\"flex-basis:33.33%\">\n<div class=\"wp-block-buttons is-layout-flex wp-block-buttons-is-layout-flex\">\n<div class=\"wp-block-button has-custom-width wp-block-button__width-100\"><a class=\"wp-block-button__link has-white-color has-text-color has-background wp-element-button\" href=\"https:\/\/www.pcimembranes.com\/contact\/\" style=\"background-color:#0085ca\">SPRECHEN SIE MIT EINEM EXPERTEN<\/a><\/div>\n<\/div>\n<\/div>\n<\/div>\n","protected":false},"excerpt":{"rendered":"<p>SPRECHEN SIE MIT EINEM EXPERTEN Nach der Vorbewertung und erfolgreichen Pilotversuchen ist der n\u00e4chste Schritt die Realisierung der Gro\u00dfanlage. Unser Ansatz bietet die h\u00f6chstm\u00f6gliche Scale-up-Sicherheit aufgrund der umfangreicher Erfahrung unserer Experten und der Arbeit mit realen Daten aus den Pilotversuchen. Membranfiltrationssysteme sind das Herzst\u00fcck vieler Separationsprozesse. Anwendungsforschung und -entwicklung, Ger\u00e4tedesign und Fertigungsqualit\u00e4t sind wichtige Aspekte [&hellip;]<\/p>\n","protected":false},"author":10,"featured_media":0,"parent":0,"menu_order":0,"comment_status":"closed","ping_status":"closed","template":"","meta":{"_acf_changed":false,"content-type":"","footnotes":""},"class_list":["post-3279","page","type-page","status-publish","hentry"],"acf":[],"yoast_head":"<!-- This site is optimized with the Yoast SEO plugin v27.3 - https:\/\/yoast.com\/product\/yoast-seo-wordpress\/ -->\n<title>Membranfiltrationsanlagen - PCI Membranes<\/title>\n<meta name=\"description\" content=\"Nach der vorl\u00e4ufigen Bewertung und dem erfolgreichen Pilotversuch ist der n\u00e4chste Schritt die Realisierung der gro\u00dftechnischen Anlage. PCI Membranes Ansatz bietet die gr\u00f6\u00dftm\u00f6gliche Scale-up-Sicherheit, da wir \u00fcber umfangreiche Erfahrungen verf\u00fcgen und mit realen Daten aus Pilotversuchen arbeiten.\" \/>\n<meta name=\"robots\" content=\"index, follow, max-snippet:-1, max-image-preview:large, max-video-preview:-1\" \/>\n<link rel=\"canonical\" href=\"https:\/\/www.pcimembranes.com\/de\/membranfiltrationsanlagen\/\" \/>\n<meta property=\"og:locale\" content=\"de_DE\" \/>\n<meta property=\"og:type\" content=\"article\" \/>\n<meta property=\"og:title\" content=\"Membranfiltrationsanlagen - PCI Membranes\" \/>\n<meta property=\"og:description\" content=\"Nach der vorl\u00e4ufigen Bewertung und dem erfolgreichen Pilotversuch ist der n\u00e4chste Schritt die Realisierung der gro\u00dftechnischen Anlage. PCI Membranes Ansatz bietet die gr\u00f6\u00dftm\u00f6gliche Scale-up-Sicherheit, da wir \u00fcber umfangreiche Erfahrungen verf\u00fcgen und mit realen Daten aus Pilotversuchen arbeiten.\" \/>\n<meta property=\"og:url\" content=\"https:\/\/www.pcimembranes.com\/de\/membranfiltrationsanlagen\/\" \/>\n<meta property=\"og:site_name\" content=\"PCI Membranes\" \/>\n<meta property=\"article:modified_time\" content=\"2025-07-23T10:34:11+00:00\" \/>\n<meta property=\"og:image\" content=\"https:\/\/www.pcimembranes.com\/wp-content\/uploads\/2021\/08\/MicrosoftTeams-image-_2.jpg\" \/>\n\t<meta property=\"og:image:width\" content=\"1400\" \/>\n\t<meta property=\"og:image:height\" content=\"787\" \/>\n\t<meta property=\"og:image:type\" content=\"image\/jpeg\" \/>\n<meta name=\"twitter:card\" content=\"summary_large_image\" \/>\n<meta name=\"twitter:label1\" content=\"Gesch\u00e4tzte Lesezeit\" \/>\n\t<meta name=\"twitter:data1\" content=\"3 Minuten\" \/>\n<script type=\"application\/ld+json\" class=\"yoast-schema-graph\">{\"@context\":\"https:\\\/\\\/schema.org\",\"@graph\":[{\"@type\":\"WebPage\",\"@id\":\"https:\\\/\\\/www.pcimembranes.com\\\/de\\\/membranfiltrationsanlagen\\\/\",\"url\":\"https:\\\/\\\/www.pcimembranes.com\\\/de\\\/membranfiltrationsanlagen\\\/\",\"name\":\"Membranfiltrationsanlagen - PCI Membranes\",\"isPartOf\":{\"@id\":\"https:\\\/\\\/www.pcimembranes.com\\\/de\\\/#website\"},\"primaryImageOfPage\":{\"@id\":\"https:\\\/\\\/www.pcimembranes.com\\\/de\\\/membranfiltrationsanlagen\\\/#primaryimage\"},\"image\":{\"@id\":\"https:\\\/\\\/www.pcimembranes.com\\\/de\\\/membranfiltrationsanlagen\\\/#primaryimage\"},\"thumbnailUrl\":\"https:\\\/\\\/www.pcimembranes.com\\\/wp-content\\\/uploads\\\/2021\\\/08\\\/MicrosoftTeams-image-_2.jpg\",\"datePublished\":\"2021-12-16T10:59:38+00:00\",\"dateModified\":\"2025-07-23T10:34:11+00:00\",\"description\":\"Nach der vorl\u00e4ufigen Bewertung und dem erfolgreichen Pilotversuch ist der n\u00e4chste Schritt die Realisierung der gro\u00dftechnischen Anlage. PCI Membranes Ansatz bietet die gr\u00f6\u00dftm\u00f6gliche Scale-up-Sicherheit, da wir \u00fcber umfangreiche Erfahrungen verf\u00fcgen und mit realen Daten aus Pilotversuchen arbeiten.\",\"breadcrumb\":{\"@id\":\"https:\\\/\\\/www.pcimembranes.com\\\/de\\\/membranfiltrationsanlagen\\\/#breadcrumb\"},\"inLanguage\":\"de-DE\",\"potentialAction\":[{\"@type\":\"ReadAction\",\"target\":[\"https:\\\/\\\/www.pcimembranes.com\\\/de\\\/membranfiltrationsanlagen\\\/\"]}]},{\"@type\":\"ImageObject\",\"inLanguage\":\"de-DE\",\"@id\":\"https:\\\/\\\/www.pcimembranes.com\\\/de\\\/membranfiltrationsanlagen\\\/#primaryimage\",\"url\":\"https:\\\/\\\/www.pcimembranes.com\\\/wp-content\\\/uploads\\\/2021\\\/08\\\/MicrosoftTeams-image-_2.jpg\",\"contentUrl\":\"https:\\\/\\\/www.pcimembranes.com\\\/wp-content\\\/uploads\\\/2021\\\/08\\\/MicrosoftTeams-image-_2.jpg\"},{\"@type\":\"BreadcrumbList\",\"@id\":\"https:\\\/\\\/www.pcimembranes.com\\\/de\\\/membranfiltrationsanlagen\\\/#breadcrumb\",\"itemListElement\":[{\"@type\":\"ListItem\",\"position\":1,\"name\":\"\",\"item\":\"https:\\\/\\\/www.pcimembranes.com\\\/de\\\/\"},{\"@type\":\"ListItem\",\"position\":2,\"name\":\"Membranfiltrationsanlagen\"}]},{\"@type\":\"WebSite\",\"@id\":\"https:\\\/\\\/www.pcimembranes.com\\\/de\\\/#website\",\"url\":\"https:\\\/\\\/www.pcimembranes.com\\\/de\\\/\",\"name\":\"PCI Membranes\",\"description\":\"Making the World Safer, Healthier and More Productive\",\"publisher\":{\"@id\":\"https:\\\/\\\/www.pcimembranes.com\\\/de\\\/#organization\"},\"potentialAction\":[{\"@type\":\"SearchAction\",\"target\":{\"@type\":\"EntryPoint\",\"urlTemplate\":\"https:\\\/\\\/www.pcimembranes.com\\\/de\\\/?s={search_term_string}\"},\"query-input\":{\"@type\":\"PropertyValueSpecification\",\"valueRequired\":true,\"valueName\":\"search_term_string\"}}],\"inLanguage\":\"de-DE\"},{\"@type\":\"Organization\",\"@id\":\"https:\\\/\\\/www.pcimembranes.com\\\/de\\\/#organization\",\"name\":\"Filtration Group\",\"url\":\"https:\\\/\\\/www.pcimembranes.com\\\/de\\\/\",\"logo\":{\"@type\":\"ImageObject\",\"inLanguage\":\"de-DE\",\"@id\":\"https:\\\/\\\/www.pcimembranes.com\\\/de\\\/#\\\/schema\\\/logo\\\/image\\\/\",\"url\":\"https:\\\/\\\/www.pcimembranes.com\\\/wp-content\\\/uploads\\\/2019\\\/06\\\/FGC-logo-1.png\",\"contentUrl\":\"https:\\\/\\\/www.pcimembranes.com\\\/wp-content\\\/uploads\\\/2019\\\/06\\\/FGC-logo-1.png\",\"width\":1104,\"height\":224,\"caption\":\"Filtration Group\"},\"image\":{\"@id\":\"https:\\\/\\\/www.pcimembranes.com\\\/de\\\/#\\\/schema\\\/logo\\\/image\\\/\"}}]}<\/script>\n<!-- \/ Yoast SEO plugin. -->","yoast_head_json":{"title":"Membranfiltrationsanlagen - PCI Membranes","description":"Nach der vorl\u00e4ufigen Bewertung und dem erfolgreichen Pilotversuch ist der n\u00e4chste Schritt die Realisierung der gro\u00dftechnischen Anlage. PCI Membranes Ansatz bietet die gr\u00f6\u00dftm\u00f6gliche Scale-up-Sicherheit, da wir \u00fcber umfangreiche Erfahrungen verf\u00fcgen und mit realen Daten aus Pilotversuchen arbeiten.","robots":{"index":"index","follow":"follow","max-snippet":"max-snippet:-1","max-image-preview":"max-image-preview:large","max-video-preview":"max-video-preview:-1"},"canonical":"https:\/\/www.pcimembranes.com\/de\/membranfiltrationsanlagen\/","og_locale":"de_DE","og_type":"article","og_title":"Membranfiltrationsanlagen - PCI Membranes","og_description":"Nach der vorl\u00e4ufigen Bewertung und dem erfolgreichen Pilotversuch ist der n\u00e4chste Schritt die Realisierung der gro\u00dftechnischen Anlage. PCI Membranes Ansatz bietet die gr\u00f6\u00dftm\u00f6gliche Scale-up-Sicherheit, da wir \u00fcber umfangreiche Erfahrungen verf\u00fcgen und mit realen Daten aus Pilotversuchen arbeiten.","og_url":"https:\/\/www.pcimembranes.com\/de\/membranfiltrationsanlagen\/","og_site_name":"PCI Membranes","article_modified_time":"2025-07-23T10:34:11+00:00","og_image":[{"width":1400,"height":787,"url":"https:\/\/www.pcimembranes.com\/wp-content\/uploads\/2021\/08\/MicrosoftTeams-image-_2.jpg","type":"image\/jpeg"}],"twitter_card":"summary_large_image","twitter_misc":{"Gesch\u00e4tzte Lesezeit":"3 Minuten"},"schema":{"@context":"https:\/\/schema.org","@graph":[{"@type":"WebPage","@id":"https:\/\/www.pcimembranes.com\/de\/membranfiltrationsanlagen\/","url":"https:\/\/www.pcimembranes.com\/de\/membranfiltrationsanlagen\/","name":"Membranfiltrationsanlagen - PCI Membranes","isPartOf":{"@id":"https:\/\/www.pcimembranes.com\/de\/#website"},"primaryImageOfPage":{"@id":"https:\/\/www.pcimembranes.com\/de\/membranfiltrationsanlagen\/#primaryimage"},"image":{"@id":"https:\/\/www.pcimembranes.com\/de\/membranfiltrationsanlagen\/#primaryimage"},"thumbnailUrl":"https:\/\/www.pcimembranes.com\/wp-content\/uploads\/2021\/08\/MicrosoftTeams-image-_2.jpg","datePublished":"2021-12-16T10:59:38+00:00","dateModified":"2025-07-23T10:34:11+00:00","description":"Nach der vorl\u00e4ufigen Bewertung und dem erfolgreichen Pilotversuch ist der n\u00e4chste Schritt die Realisierung der gro\u00dftechnischen Anlage. PCI Membranes Ansatz bietet die gr\u00f6\u00dftm\u00f6gliche Scale-up-Sicherheit, da wir \u00fcber umfangreiche Erfahrungen verf\u00fcgen und mit realen Daten aus Pilotversuchen arbeiten.","breadcrumb":{"@id":"https:\/\/www.pcimembranes.com\/de\/membranfiltrationsanlagen\/#breadcrumb"},"inLanguage":"de-DE","potentialAction":[{"@type":"ReadAction","target":["https:\/\/www.pcimembranes.com\/de\/membranfiltrationsanlagen\/"]}]},{"@type":"ImageObject","inLanguage":"de-DE","@id":"https:\/\/www.pcimembranes.com\/de\/membranfiltrationsanlagen\/#primaryimage","url":"https:\/\/www.pcimembranes.com\/wp-content\/uploads\/2021\/08\/MicrosoftTeams-image-_2.jpg","contentUrl":"https:\/\/www.pcimembranes.com\/wp-content\/uploads\/2021\/08\/MicrosoftTeams-image-_2.jpg"},{"@type":"BreadcrumbList","@id":"https:\/\/www.pcimembranes.com\/de\/membranfiltrationsanlagen\/#breadcrumb","itemListElement":[{"@type":"ListItem","position":1,"name":"","item":"https:\/\/www.pcimembranes.com\/de\/"},{"@type":"ListItem","position":2,"name":"Membranfiltrationsanlagen"}]},{"@type":"WebSite","@id":"https:\/\/www.pcimembranes.com\/de\/#website","url":"https:\/\/www.pcimembranes.com\/de\/","name":"PCI Membranes","description":"Making the World Safer, Healthier and More Productive","publisher":{"@id":"https:\/\/www.pcimembranes.com\/de\/#organization"},"potentialAction":[{"@type":"SearchAction","target":{"@type":"EntryPoint","urlTemplate":"https:\/\/www.pcimembranes.com\/de\/?s={search_term_string}"},"query-input":{"@type":"PropertyValueSpecification","valueRequired":true,"valueName":"search_term_string"}}],"inLanguage":"de-DE"},{"@type":"Organization","@id":"https:\/\/www.pcimembranes.com\/de\/#organization","name":"Filtration Group","url":"https:\/\/www.pcimembranes.com\/de\/","logo":{"@type":"ImageObject","inLanguage":"de-DE","@id":"https:\/\/www.pcimembranes.com\/de\/#\/schema\/logo\/image\/","url":"https:\/\/www.pcimembranes.com\/wp-content\/uploads\/2019\/06\/FGC-logo-1.png","contentUrl":"https:\/\/www.pcimembranes.com\/wp-content\/uploads\/2019\/06\/FGC-logo-1.png","width":1104,"height":224,"caption":"Filtration Group"},"image":{"@id":"https:\/\/www.pcimembranes.com\/de\/#\/schema\/logo\/image\/"}}]}},"_links":{"self":[{"href":"https:\/\/www.pcimembranes.com\/de\/wp-json\/wp\/v2\/pages\/3279","targetHints":{"allow":["GET"]}}],"collection":[{"href":"https:\/\/www.pcimembranes.com\/de\/wp-json\/wp\/v2\/pages"}],"about":[{"href":"https:\/\/www.pcimembranes.com\/de\/wp-json\/wp\/v2\/types\/page"}],"author":[{"embeddable":true,"href":"https:\/\/www.pcimembranes.com\/de\/wp-json\/wp\/v2\/users\/10"}],"replies":[{"embeddable":true,"href":"https:\/\/www.pcimembranes.com\/de\/wp-json\/wp\/v2\/comments?post=3279"}],"version-history":[{"count":0,"href":"https:\/\/www.pcimembranes.com\/de\/wp-json\/wp\/v2\/pages\/3279\/revisions"}],"wp:attachment":[{"href":"https:\/\/www.pcimembranes.com\/de\/wp-json\/wp\/v2\/media?parent=3279"}],"curies":[{"name":"wp","href":"https:\/\/api.w.org\/{rel}","templated":true}]}}