{"id":3280,"date":"2021-12-16T14:32:06","date_gmt":"2021-12-16T14:32:06","guid":{"rendered":"https:\/\/www.pcimembranes.com\/?page_id=3280"},"modified":"2025-07-23T10:35:14","modified_gmt":"2025-07-23T10:35:14","slug":"rohrmembranmodule-der-serie-a","status":"publish","type":"page","link":"https:\/\/www.pcimembranes.com\/de\/__trashed\/rohrmembranmodule-der-serie-a\/","title":{"rendered":"Rohrmembranmodule der Serie A"},"content":{"rendered":"\n<div class=\"wp-block-cover alignfull is-light\" style=\"min-height:260px;aspect-ratio:unset;\"><img loading=\"lazy\" decoding=\"async\" width=\"1400\" height=\"787\" class=\"wp-block-cover__image-background wp-image-2795\" alt=\"\" src=\"https:\/\/www.pcimembranes.com\/wp-content\/uploads\/2021\/08\/MicrosoftTeams-image-_2.jpg\" style=\"object-position:47% 36%\" data-object-fit=\"cover\" data-object-position=\"47% 36%\" srcset=\"https:\/\/www.pcimembranes.com\/wp-content\/uploads\/2021\/08\/MicrosoftTeams-image-_2.jpg 1400w, https:\/\/www.pcimembranes.com\/wp-content\/uploads\/2021\/08\/MicrosoftTeams-image-_2-300x169.jpg 300w, https:\/\/www.pcimembranes.com\/wp-content\/uploads\/2021\/08\/MicrosoftTeams-image-_2-1024x576.jpg 1024w, https:\/\/www.pcimembranes.com\/wp-content\/uploads\/2021\/08\/MicrosoftTeams-image-_2-768x432.jpg 768w\" sizes=\"auto, (max-width: 1400px) 100vw, 1400px\" \/><span aria-hidden=\"true\" class=\"wp-block-cover__background has-background-dim-10 has-background-dim\"><\/span><div class=\"wp-block-cover__inner-container is-layout-flow wp-block-cover-is-layout-flow\">\n<h1 class=\"wp-block-heading has-text-align-center has-white-color has-text-color has-link-color wp-elements-f377e8b715758d07d63c9e8f771b6807\">Rohrmembranmodule der Serie A<\/h1>\n<\/div><\/div>\n\n\n\n<!--Close-->\t\n<\/div><\/div><\/section>\n<!--Menu-->\n<div class=\"no-top-margin\">\n<div class=\"msb-sticky-bar\">\n<div class=\"container\">\n  <div class=\"row\">\n    <div class=\"col-sm text-center\">\n      <a href=\"https:\/\/www.pcimembranes.com\/de\/kontaktieren-sie-uns\/\" class=\"btn btn-primary solution-trigger\">SPRECHEN SIE MIT EINEM EXPERTEN<\/a>\n    <\/div>\n  <\/div>\n<\/div>\n<\/div>\n<\/div>\n<!--Open-->\n<section class=\"container\"><div class=\"row\"><div class=\"col-md-12\">\n\n\n\n<div class=\"wp-block-media-text alignwide is-stacked-on-mobile\"><figure class=\"wp-block-media-text__media\"><img loading=\"lazy\" decoding=\"async\" width=\"800\" height=\"800\" src=\"https:\/\/www.pcimembranes.com\/wp-content\/uploads\/2021\/10\/A5.png\" alt=\"\" class=\"wp-image-3048 size-full\" srcset=\"https:\/\/www.pcimembranes.com\/wp-content\/uploads\/2021\/10\/A5.png 800w, https:\/\/www.pcimembranes.com\/wp-content\/uploads\/2021\/10\/A5-300x300.png 300w, https:\/\/www.pcimembranes.com\/wp-content\/uploads\/2021\/10\/A5-150x150.png 150w, https:\/\/www.pcimembranes.com\/wp-content\/uploads\/2021\/10\/A5-768x768.png 768w\" sizes=\"auto, (max-width: 800px) 100vw, 800px\" \/><\/figure><div class=\"wp-block-media-text__content\">\n<h3 class=\"wp-block-heading\">A5 Serie Modul<\/h3>\n\n\n\n<p>Das Modul der A5 Serie verwendet unsere speziell entwickelten PVDF Ultrafiltrationsmembranen, die f\u00fcr eine Vielzahl unterschiedlicher Prozessbedingungen geeignet sind.<\/p>\n\n\n\n<p>Es stehen drei verschiedene Trenngrenzen zur Verf\u00fcgung:<\/p>\n\n\n\n<p>20k Dalton, 100k Dalton und 200k Dalton, wobei die tats\u00e4chliche Leistung auch von den Betriebsbedingungen abh\u00e4ngt.<\/p>\n\n\n\n<p><a href=\"https:\/\/www.pcimembranes.com\/de\/__trashed\/rohrmembranmodule-der-serie-a\/a5-serie-modul\/\">MEHR ERFAHREN<\/a><\/p>\n<\/div><\/div>\n\n\n\n<div class=\"wp-block-media-text alignwide is-stacked-on-mobile\"><figure class=\"wp-block-media-text__media\"><img loading=\"lazy\" decoding=\"async\" width=\"800\" height=\"800\" src=\"https:\/\/www.pcimembranes.com\/wp-content\/uploads\/2021\/10\/A8-new-transparent-shadow.png\" alt=\"\" class=\"wp-image-3074 size-full\" srcset=\"https:\/\/www.pcimembranes.com\/wp-content\/uploads\/2021\/10\/A8-new-transparent-shadow.png 800w, https:\/\/www.pcimembranes.com\/wp-content\/uploads\/2021\/10\/A8-new-transparent-shadow-300x300.png 300w, https:\/\/www.pcimembranes.com\/wp-content\/uploads\/2021\/10\/A8-new-transparent-shadow-150x150.png 150w, https:\/\/www.pcimembranes.com\/wp-content\/uploads\/2021\/10\/A8-new-transparent-shadow-768x768.png 768w\" sizes=\"auto, (max-width: 800px) 100vw, 800px\" \/><\/figure><div class=\"wp-block-media-text__content\">\n<h3 class=\"wp-block-heading\"><br>A8 Serie Modul<\/h3>\n\n\n\n<p>Das A8-Modul besteht aus einem integrierten Kern aus 365 Membranelementen mit einem Durchmesser von jeweils 8 mm, eingebaut in ein GFK-Geh\u00e4use.<\/p>\n\n\n\n<p><a href=\"https:\/\/www.pcimembranes.com\/de\/module-a8-serie\/\">MEHR ERFAHREN<\/a><\/p>\n<\/div><\/div>\n\n\n\n<div class=\"wp-block-media-text alignwide is-stacked-on-mobile\"><figure class=\"wp-block-media-text__media\"><img loading=\"lazy\" decoding=\"async\" width=\"800\" height=\"800\" src=\"https:\/\/www.pcimembranes.com\/wp-content\/uploads\/2021\/10\/A19.png\" alt=\"\" class=\"wp-image-3050 size-full\" srcset=\"https:\/\/www.pcimembranes.com\/wp-content\/uploads\/2021\/10\/A19.png 800w, https:\/\/www.pcimembranes.com\/wp-content\/uploads\/2021\/10\/A19-300x300.png 300w, https:\/\/www.pcimembranes.com\/wp-content\/uploads\/2021\/10\/A19-150x150.png 150w, https:\/\/www.pcimembranes.com\/wp-content\/uploads\/2021\/10\/A19-768x768.png 768w\" sizes=\"auto, (max-width: 800px) 100vw, 800px\" \/><\/figure><div class=\"wp-block-media-text__content\">\n<h3 class=\"wp-block-heading\">A19 Serie Modul<\/h3>\n\n\n\n<p>Das A19-Modul besteht aus einem austauschbaren Membrankern bestehend aus 19 Membranrohren mit einem Durchmesser von jeweils 12,5 mm, eingebaut in ein Edelstahlgeh\u00e4use.<\/p>\n\n\n\n<p><a href=\"https:\/\/www.pcimembranes.com\/de\/__trashed\/rohrmembranmodule-der-serie-a\/module-a19-serie\/\">MEHR ERFAHREN<\/a><br><\/p>\n<\/div><\/div>\n\n\n\n<div class=\"wp-block-media-text alignwide is-stacked-on-mobile\"><figure class=\"wp-block-media-text__media\"><img loading=\"lazy\" decoding=\"async\" width=\"800\" height=\"800\" src=\"https:\/\/www.pcimembranes.com\/wp-content\/uploads\/2021\/10\/A37-transparent.png\" alt=\"\" class=\"wp-image-3058 size-full\" srcset=\"https:\/\/www.pcimembranes.com\/wp-content\/uploads\/2021\/10\/A37-transparent.png 800w, https:\/\/www.pcimembranes.com\/wp-content\/uploads\/2021\/10\/A37-transparent-300x300.png 300w, https:\/\/www.pcimembranes.com\/wp-content\/uploads\/2021\/10\/A37-transparent-150x150.png 150w, https:\/\/www.pcimembranes.com\/wp-content\/uploads\/2021\/10\/A37-transparent-768x768.png 768w\" sizes=\"auto, (max-width: 800px) 100vw, 800px\" \/><\/figure><div class=\"wp-block-media-text__content\">\n<h3 class=\"wp-block-heading\"><br>A37 Modul<\/h3>\n\n\n\n<p>Das Modul A37 besteht aus einem austauschbaren Membrankern bestehend aus 37 Membranrohren mit einem Durchmesser von jeweils 12,5 mm, eingebaut in ein Edelstahlgeh\u00e4use.<\/p>\n\n\n\n<p><a href=\"https:\/\/www.pcimembranes.com\/de\/__trashed\/rohrmembranmodule-der-serie-a\/module-a37-serie\/\">MEHR ERFAHREN<\/a><\/p>\n<\/div><\/div>\n","protected":false},"excerpt":{"rendered":"<p>SPRECHEN SIE MIT EINEM EXPERTEN A5 Serie Modul Das Modul der A5 Serie verwendet unsere speziell entwickelten PVDF Ultrafiltrationsmembranen, die f\u00fcr eine Vielzahl unterschiedlicher Prozessbedingungen geeignet sind. Es stehen drei verschiedene Trenngrenzen zur Verf\u00fcgung: 20k Dalton, 100k Dalton und 200k Dalton, wobei die tats\u00e4chliche Leistung auch von den Betriebsbedingungen abh\u00e4ngt. MEHR ERFAHREN A8 Serie Modul [&hellip;]<\/p>\n","protected":false},"author":10,"featured_media":0,"parent":3272,"menu_order":0,"comment_status":"closed","ping_status":"closed","template":"","meta":{"_acf_changed":false,"content-type":"","footnotes":""},"class_list":["post-3280","page","type-page","status-publish","hentry"],"acf":[],"yoast_head":"<!-- This site is optimized with the Yoast SEO plugin v27.3 - https:\/\/yoast.com\/product\/yoast-seo-wordpress\/ -->\n<title>Rohrmembranmodule der Serie A - PCI Membranes<\/title>\n<meta name=\"description\" content=\"Das Modul verwendet unsere speziell entwickelten PVDF-Ultrafiltrationsmembranen, die f\u00fcr eine Vielzahl unterschiedlicher Prozessbedingungen geeignet sind.\" \/>\n<meta name=\"robots\" content=\"index, follow, max-snippet:-1, max-image-preview:large, max-video-preview:-1\" \/>\n<link rel=\"canonical\" href=\"https:\/\/www.pcimembranes.com\/de\/__trashed\/rohrmembranmodule-der-serie-a\/\" \/>\n<meta property=\"og:locale\" content=\"de_DE\" \/>\n<meta property=\"og:type\" content=\"article\" \/>\n<meta property=\"og:title\" content=\"Rohrmembranmodule der Serie A - PCI Membranes\" \/>\n<meta property=\"og:description\" content=\"Das Modul verwendet unsere speziell entwickelten PVDF-Ultrafiltrationsmembranen, die f\u00fcr eine Vielzahl unterschiedlicher Prozessbedingungen geeignet sind.\" \/>\n<meta property=\"og:url\" content=\"https:\/\/www.pcimembranes.com\/de\/__trashed\/rohrmembranmodule-der-serie-a\/\" \/>\n<meta property=\"og:site_name\" content=\"PCI Membranes\" \/>\n<meta property=\"article:modified_time\" content=\"2025-07-23T10:35:14+00:00\" \/>\n<meta property=\"og:image\" content=\"https:\/\/www.pcimembranes.com\/wp-content\/uploads\/2021\/08\/MicrosoftTeams-image-_2.jpg\" \/>\n\t<meta property=\"og:image:width\" content=\"1400\" \/>\n\t<meta property=\"og:image:height\" content=\"787\" \/>\n\t<meta property=\"og:image:type\" content=\"image\/jpeg\" \/>\n<meta name=\"twitter:card\" content=\"summary_large_image\" \/>\n<script type=\"application\/ld+json\" class=\"yoast-schema-graph\">{\"@context\":\"https:\\\/\\\/schema.org\",\"@graph\":[{\"@type\":\"WebPage\",\"@id\":\"https:\\\/\\\/www.pcimembranes.com\\\/de\\\/__trashed\\\/rohrmembranmodule-der-serie-a\\\/\",\"url\":\"https:\\\/\\\/www.pcimembranes.com\\\/de\\\/__trashed\\\/rohrmembranmodule-der-serie-a\\\/\",\"name\":\"Rohrmembranmodule der Serie A - PCI Membranes\",\"isPartOf\":{\"@id\":\"https:\\\/\\\/www.pcimembranes.com\\\/de\\\/#website\"},\"primaryImageOfPage\":{\"@id\":\"https:\\\/\\\/www.pcimembranes.com\\\/de\\\/__trashed\\\/rohrmembranmodule-der-serie-a\\\/#primaryimage\"},\"image\":{\"@id\":\"https:\\\/\\\/www.pcimembranes.com\\\/de\\\/__trashed\\\/rohrmembranmodule-der-serie-a\\\/#primaryimage\"},\"thumbnailUrl\":\"https:\\\/\\\/www.pcimembranes.com\\\/wp-content\\\/uploads\\\/2021\\\/08\\\/MicrosoftTeams-image-_2.jpg\",\"datePublished\":\"2021-12-16T14:32:06+00:00\",\"dateModified\":\"2025-07-23T10:35:14+00:00\",\"description\":\"Das Modul verwendet unsere speziell entwickelten PVDF-Ultrafiltrationsmembranen, die f\u00fcr eine Vielzahl unterschiedlicher Prozessbedingungen geeignet sind.\",\"breadcrumb\":{\"@id\":\"https:\\\/\\\/www.pcimembranes.com\\\/de\\\/__trashed\\\/rohrmembranmodule-der-serie-a\\\/#breadcrumb\"},\"inLanguage\":\"de-DE\",\"potentialAction\":[{\"@type\":\"ReadAction\",\"target\":[\"https:\\\/\\\/www.pcimembranes.com\\\/de\\\/__trashed\\\/rohrmembranmodule-der-serie-a\\\/\"]}]},{\"@type\":\"ImageObject\",\"inLanguage\":\"de-DE\",\"@id\":\"https:\\\/\\\/www.pcimembranes.com\\\/de\\\/__trashed\\\/rohrmembranmodule-der-serie-a\\\/#primaryimage\",\"url\":\"https:\\\/\\\/www.pcimembranes.com\\\/wp-content\\\/uploads\\\/2021\\\/08\\\/MicrosoftTeams-image-_2.jpg\",\"contentUrl\":\"https:\\\/\\\/www.pcimembranes.com\\\/wp-content\\\/uploads\\\/2021\\\/08\\\/MicrosoftTeams-image-_2.jpg\"},{\"@type\":\"BreadcrumbList\",\"@id\":\"https:\\\/\\\/www.pcimembranes.com\\\/de\\\/__trashed\\\/rohrmembranmodule-der-serie-a\\\/#breadcrumb\",\"itemListElement\":[{\"@type\":\"ListItem\",\"position\":1,\"name\":\"\",\"item\":\"https:\\\/\\\/www.pcimembranes.com\\\/de\\\/\"},{\"@type\":\"ListItem\",\"position\":2,\"name\":\"Produkte\",\"item\":\"https:\\\/\\\/www.pcimembranes.com\\\/de\\\/__trashed\\\/\"},{\"@type\":\"ListItem\",\"position\":3,\"name\":\"Rohrmembranmodule der Serie A\"}]},{\"@type\":\"WebSite\",\"@id\":\"https:\\\/\\\/www.pcimembranes.com\\\/de\\\/#website\",\"url\":\"https:\\\/\\\/www.pcimembranes.com\\\/de\\\/\",\"name\":\"PCI Membranes\",\"description\":\"Making the World Safer, Healthier and More Productive\",\"publisher\":{\"@id\":\"https:\\\/\\\/www.pcimembranes.com\\\/de\\\/#organization\"},\"potentialAction\":[{\"@type\":\"SearchAction\",\"target\":{\"@type\":\"EntryPoint\",\"urlTemplate\":\"https:\\\/\\\/www.pcimembranes.com\\\/de\\\/?s={search_term_string}\"},\"query-input\":{\"@type\":\"PropertyValueSpecification\",\"valueRequired\":true,\"valueName\":\"search_term_string\"}}],\"inLanguage\":\"de-DE\"},{\"@type\":\"Organization\",\"@id\":\"https:\\\/\\\/www.pcimembranes.com\\\/de\\\/#organization\",\"name\":\"Filtration Group\",\"url\":\"https:\\\/\\\/www.pcimembranes.com\\\/de\\\/\",\"logo\":{\"@type\":\"ImageObject\",\"inLanguage\":\"de-DE\",\"@id\":\"https:\\\/\\\/www.pcimembranes.com\\\/de\\\/#\\\/schema\\\/logo\\\/image\\\/\",\"url\":\"https:\\\/\\\/www.pcimembranes.com\\\/wp-content\\\/uploads\\\/2019\\\/06\\\/FGC-logo-1.png\",\"contentUrl\":\"https:\\\/\\\/www.pcimembranes.com\\\/wp-content\\\/uploads\\\/2019\\\/06\\\/FGC-logo-1.png\",\"width\":1104,\"height\":224,\"caption\":\"Filtration Group\"},\"image\":{\"@id\":\"https:\\\/\\\/www.pcimembranes.com\\\/de\\\/#\\\/schema\\\/logo\\\/image\\\/\"}}]}<\/script>\n<!-- \/ Yoast SEO plugin. -->","yoast_head_json":{"title":"Rohrmembranmodule der Serie A - PCI Membranes","description":"Das Modul verwendet unsere speziell entwickelten PVDF-Ultrafiltrationsmembranen, die f\u00fcr eine Vielzahl unterschiedlicher Prozessbedingungen geeignet sind.","robots":{"index":"index","follow":"follow","max-snippet":"max-snippet:-1","max-image-preview":"max-image-preview:large","max-video-preview":"max-video-preview:-1"},"canonical":"https:\/\/www.pcimembranes.com\/de\/__trashed\/rohrmembranmodule-der-serie-a\/","og_locale":"de_DE","og_type":"article","og_title":"Rohrmembranmodule der Serie A - PCI Membranes","og_description":"Das Modul verwendet unsere speziell entwickelten PVDF-Ultrafiltrationsmembranen, die f\u00fcr eine Vielzahl unterschiedlicher Prozessbedingungen geeignet sind.","og_url":"https:\/\/www.pcimembranes.com\/de\/__trashed\/rohrmembranmodule-der-serie-a\/","og_site_name":"PCI Membranes","article_modified_time":"2025-07-23T10:35:14+00:00","og_image":[{"width":1400,"height":787,"url":"https:\/\/www.pcimembranes.com\/wp-content\/uploads\/2021\/08\/MicrosoftTeams-image-_2.jpg","type":"image\/jpeg"}],"twitter_card":"summary_large_image","schema":{"@context":"https:\/\/schema.org","@graph":[{"@type":"WebPage","@id":"https:\/\/www.pcimembranes.com\/de\/__trashed\/rohrmembranmodule-der-serie-a\/","url":"https:\/\/www.pcimembranes.com\/de\/__trashed\/rohrmembranmodule-der-serie-a\/","name":"Rohrmembranmodule der Serie A - PCI Membranes","isPartOf":{"@id":"https:\/\/www.pcimembranes.com\/de\/#website"},"primaryImageOfPage":{"@id":"https:\/\/www.pcimembranes.com\/de\/__trashed\/rohrmembranmodule-der-serie-a\/#primaryimage"},"image":{"@id":"https:\/\/www.pcimembranes.com\/de\/__trashed\/rohrmembranmodule-der-serie-a\/#primaryimage"},"thumbnailUrl":"https:\/\/www.pcimembranes.com\/wp-content\/uploads\/2021\/08\/MicrosoftTeams-image-_2.jpg","datePublished":"2021-12-16T14:32:06+00:00","dateModified":"2025-07-23T10:35:14+00:00","description":"Das Modul verwendet unsere speziell entwickelten PVDF-Ultrafiltrationsmembranen, die f\u00fcr eine Vielzahl unterschiedlicher Prozessbedingungen geeignet sind.","breadcrumb":{"@id":"https:\/\/www.pcimembranes.com\/de\/__trashed\/rohrmembranmodule-der-serie-a\/#breadcrumb"},"inLanguage":"de-DE","potentialAction":[{"@type":"ReadAction","target":["https:\/\/www.pcimembranes.com\/de\/__trashed\/rohrmembranmodule-der-serie-a\/"]}]},{"@type":"ImageObject","inLanguage":"de-DE","@id":"https:\/\/www.pcimembranes.com\/de\/__trashed\/rohrmembranmodule-der-serie-a\/#primaryimage","url":"https:\/\/www.pcimembranes.com\/wp-content\/uploads\/2021\/08\/MicrosoftTeams-image-_2.jpg","contentUrl":"https:\/\/www.pcimembranes.com\/wp-content\/uploads\/2021\/08\/MicrosoftTeams-image-_2.jpg"},{"@type":"BreadcrumbList","@id":"https:\/\/www.pcimembranes.com\/de\/__trashed\/rohrmembranmodule-der-serie-a\/#breadcrumb","itemListElement":[{"@type":"ListItem","position":1,"name":"","item":"https:\/\/www.pcimembranes.com\/de\/"},{"@type":"ListItem","position":2,"name":"Produkte","item":"https:\/\/www.pcimembranes.com\/de\/__trashed\/"},{"@type":"ListItem","position":3,"name":"Rohrmembranmodule der Serie A"}]},{"@type":"WebSite","@id":"https:\/\/www.pcimembranes.com\/de\/#website","url":"https:\/\/www.pcimembranes.com\/de\/","name":"PCI Membranes","description":"Making the World Safer, Healthier and More Productive","publisher":{"@id":"https:\/\/www.pcimembranes.com\/de\/#organization"},"potentialAction":[{"@type":"SearchAction","target":{"@type":"EntryPoint","urlTemplate":"https:\/\/www.pcimembranes.com\/de\/?s={search_term_string}"},"query-input":{"@type":"PropertyValueSpecification","valueRequired":true,"valueName":"search_term_string"}}],"inLanguage":"de-DE"},{"@type":"Organization","@id":"https:\/\/www.pcimembranes.com\/de\/#organization","name":"Filtration Group","url":"https:\/\/www.pcimembranes.com\/de\/","logo":{"@type":"ImageObject","inLanguage":"de-DE","@id":"https:\/\/www.pcimembranes.com\/de\/#\/schema\/logo\/image\/","url":"https:\/\/www.pcimembranes.com\/wp-content\/uploads\/2019\/06\/FGC-logo-1.png","contentUrl":"https:\/\/www.pcimembranes.com\/wp-content\/uploads\/2019\/06\/FGC-logo-1.png","width":1104,"height":224,"caption":"Filtration Group"},"image":{"@id":"https:\/\/www.pcimembranes.com\/de\/#\/schema\/logo\/image\/"}}]}},"_links":{"self":[{"href":"https:\/\/www.pcimembranes.com\/de\/wp-json\/wp\/v2\/pages\/3280","targetHints":{"allow":["GET"]}}],"collection":[{"href":"https:\/\/www.pcimembranes.com\/de\/wp-json\/wp\/v2\/pages"}],"about":[{"href":"https:\/\/www.pcimembranes.com\/de\/wp-json\/wp\/v2\/types\/page"}],"author":[{"embeddable":true,"href":"https:\/\/www.pcimembranes.com\/de\/wp-json\/wp\/v2\/users\/10"}],"replies":[{"embeddable":true,"href":"https:\/\/www.pcimembranes.com\/de\/wp-json\/wp\/v2\/comments?post=3280"}],"version-history":[{"count":0,"href":"https:\/\/www.pcimembranes.com\/de\/wp-json\/wp\/v2\/pages\/3280\/revisions"}],"up":[{"embeddable":true,"href":"https:\/\/www.pcimembranes.com\/de\/wp-json\/wp\/v2\/pages\/3272"}],"wp:attachment":[{"href":"https:\/\/www.pcimembranes.com\/de\/wp-json\/wp\/v2\/media?parent=3280"}],"curies":[{"name":"wp","href":"https:\/\/api.w.org\/{rel}","templated":true}]}}