{"id":3283,"date":"2021-12-21T09:38:26","date_gmt":"2021-12-21T09:38:26","guid":{"rendered":"https:\/\/www.pcimembranes.com\/?page_id=3283"},"modified":"2025-07-23T10:36:06","modified_gmt":"2025-07-23T10:36:06","slug":"rohrmembranen-der-classic-serie","status":"publish","type":"page","link":"https:\/\/www.pcimembranes.com\/de\/rohrmembranen-der-classic-serie\/","title":{"rendered":"Rohrmembranen der Classic-Serie"},"content":{"rendered":"\n<div class=\"wp-block-cover alignfull is-light\" style=\"min-height:260px;aspect-ratio:unset;\"><img decoding=\"async\" class=\"wp-block-cover__image-background wp-image-1334\" alt=\"\" src=\"https:\/\/www.zinga.com\/wp-content\/uploads\/2020\/08\/Gen2-Web-Banner-origional.jpg\" data-object-fit=\"cover\" \/><span aria-hidden=\"true\" class=\"wp-block-cover__background has-blue-background-color has-background-dim-10 has-background-dim\"><\/span><div class=\"wp-block-cover__inner-container is-layout-flow wp-block-cover-is-layout-flow\">\n<h1 class=\"wp-block-heading has-text-align-center has-white-color has-text-color has-link-color wp-elements-a1bf894087d1046f1d3fb1ac993e4ae7\">Rohrmembranen der Classic-Serie<\/h1>\n\n\n\n<\/div>\n\n\n\n<div style=\"height:30px\" aria-hidden=\"true\" class=\"wp-block-spacer\"><\/div>\n\n\n\n<p><\/p>\n<\/div><\/div>\n\n\n\n<!--Close-->\t\n<\/div><\/div><\/section>\n<!--Menu-->\n<div class=\"no-top-margin\">\n<div class=\"msb-sticky-bar\">\n<div class=\"container\">\n  <div class=\"row\">\n    <div class=\"col-sm text-center\">\n      <a href=\"https:\/\/www.pcimembranes.com\/de\/kontaktieren-sie-uns\/\" class=\"btn btn-primary solution-trigger\">SPRECHEN SIE MIT EINEM EXPERTEN<\/a>\n    <\/div>\n  <\/div>\n<\/div>\n<\/div>\n<\/div>\n<!--Open-->\n<section class=\"container\"><div class=\"row\"><div class=\"col-md-12\">\n\n\n\n<h1 class=\"wp-block-heading\">Wasseraufbereitung<\/h1>\n\n\n\n<div class=\"wp-block-group\"><div class=\"wp-block-group__inner-container is-layout-constrained wp-block-group-is-layout-constrained\">\n<div class=\"wp-block-media-text alignwide is-stacked-on-mobile is-vertically-aligned-top\" style=\"grid-template-columns:30% auto\"><figure class=\"wp-block-media-text__media\"><img loading=\"lazy\" decoding=\"async\" width=\"274\" height=\"256\" src=\"https:\/\/www.pcimembranes.com\/wp-content\/uploads\/2021\/03\/c10-photo.png\" alt=\"\" class=\"wp-image-1708 size-full\" \/><\/figure><div class=\"wp-block-media-text__content\">\n<p>Die Rohrmembranen der PCI Membranes\u00ae Classic-Serie eignen sich gut f\u00fcr w\u00e4ssrige Zufl\u00fcsse (feeds)mit einem hohen Gehalt an Trockensubstanzen (bis zu 40.000 ppm), hohen Viskosit\u00e4ten und\/oder einem hohen Grad an Verschmutzung (fouling). Die PCI Membranes\u00ae Classic-Membranen sind in einer breiten Palette von Rohrmembranen f\u00fcr die Ultrafiltration und Umkehrosmose erh\u00e4ltlich. Sie sind in Kunststoffmodulen aufgebaut und werden in drei L\u00e4ngen (2m, 3m und 6m) angeboten.<\/p>\n\n\n\n<p><\/p>\n<\/div><\/div>\n\n\n\n<h3 class=\"wp-block-heading\">Rohrmembrane der Classic-Serie Datenbl\u00e4tter<\/h3>\n<\/div><\/div>\n\n\n\n<div class=\"wp-block-buttons is-layout-flex wp-block-buttons-is-layout-flex\">\n<div class=\"wp-block-button\"><a class=\"wp-block-button__link has-light-gray-color has-green-background-color has-text-color has-background wp-element-button\" href=\"https:\/\/www.pcimembranes.com\/wp-content\/uploads\/2021\/03\/PCI-WFR0950-Classic-Reverse-Osmosis-Tubular-Membrane.pdf\" style=\"border-radius:2px\" target=\"_blank\" rel=\"noreferrer noopener\">WRF0950 CLASSIC RO Datenblatt<\/a><\/div>\n\n\n\n<div class=\"wp-block-button\"><a class=\"wp-block-button__link has-light-gray-color has-green-background-color has-text-color has-background wp-element-button\" href=\"https:\/\/www.pcimembranes.com\/wp-content\/uploads\/2021\/03\/PCI-WFS0325-Classic-Ultrafiltration-Tubular-Membrane.pdf\" style=\"border-radius:2px\" target=\"_blank\" rel=\"noreferrer noopener\">WFS0325 CLASSIC UF Datenblatt<\/a><\/div>\n\n\n\n<div class=\"wp-block-button\"><a class=\"wp-block-button__link has-light-gray-color has-green-background-color has-text-color has-background wp-element-button\" href=\"https:\/\/www.pcimembranes.com\/wp-content\/uploads\/2021\/03\/PCI-WFF0285-Classic-Ultrafiltration-Tubular-Membrane.pdf\" style=\"border-radius:2px\" target=\"_blank\" rel=\"noreferrer noopener\">WFF0285 CLASSIC UF Datenblatt<\/a><\/div>\n\n\n\n<div class=\"wp-block-button\"><a class=\"wp-block-button__link has-light-gray-color has-green-background-color has-text-color has-background wp-element-button\" href=\"https:\/\/www.pcimembranes.com\/wp-content\/uploads\/2021\/03\/PCI-WFB0125-Classic-Ultrafiltration-Tubular-Membrane.pdf\" style=\"border-radius:2px\" target=\"_blank\" rel=\"noreferrer noopener\">WFB0125 CLASSIC UF Datenblatt<\/a><\/div>\n\n\n\n<div class=\"wp-block-button\"><a class=\"wp-block-button__link has-light-gray-color has-green-background-color has-text-color has-background wp-element-button\" href=\"https:\/\/www.pcimembranes.com\/wp-content\/uploads\/2021\/03\/PCI-7P6-module.pdf\" style=\"border-radius:2px\">7P6 &#8211; MODUL DATENBLATT<\/a><\/div>\n<\/div>\n","protected":false},"excerpt":{"rendered":"<p>SPRECHEN SIE MIT EINEM EXPERTEN Wasseraufbereitung Die Rohrmembranen der PCI Membranes\u00ae Classic-Serie eignen sich gut f\u00fcr w\u00e4ssrige Zufl\u00fcsse (feeds)mit einem hohen Gehalt an Trockensubstanzen (bis zu 40.000 ppm), hohen Viskosit\u00e4ten und\/oder einem hohen Grad an Verschmutzung (fouling). Die PCI Membranes\u00ae Classic-Membranen sind in einer breiten Palette von Rohrmembranen f\u00fcr die Ultrafiltration und Umkehrosmose erh\u00e4ltlich. Sie [&hellip;]<\/p>\n","protected":false},"author":10,"featured_media":0,"parent":0,"menu_order":0,"comment_status":"closed","ping_status":"closed","template":"","meta":{"_acf_changed":false,"content-type":"","footnotes":""},"class_list":["post-3283","page","type-page","status-publish","hentry"],"acf":[],"yoast_head":"<!-- This site is optimized with the Yoast SEO plugin v27.3 - https:\/\/yoast.com\/product\/yoast-seo-wordpress\/ -->\n<title>Rohrmembranen der Classic-Serie - PCI Membranes<\/title>\n<meta name=\"description\" content=\"Die Rohrmembranen der PCI Classic-Membranen eignen sich gut f\u00fcr w\u00e4ssrige Feeds mit einem hohen Gehalt an Trockensubstanzen (bis zu 40.000 ppm), hohen Viskosit\u00e4ten oder einem hohen Grad an Fouling. Die PCI Classic-Membranen sind in einer breiten Palette von Rohrmembranen f\u00fcr die Ultrafiltration und Umkehrosmose erh\u00e4ltlich. Sie sind in Kunststoffmodulen aufgebaut und werden in drei L\u00e4ngen (2m, 3m und 6m) angeboten.\" \/>\n<meta name=\"robots\" content=\"index, follow, max-snippet:-1, max-image-preview:large, max-video-preview:-1\" \/>\n<link rel=\"canonical\" href=\"https:\/\/www.pcimembranes.com\/de\/rohrmembranen-der-classic-serie\/\" \/>\n<meta property=\"og:locale\" content=\"de_DE\" \/>\n<meta property=\"og:type\" content=\"article\" \/>\n<meta property=\"og:title\" content=\"Rohrmembranen der Classic-Serie - PCI Membranes\" \/>\n<meta property=\"og:description\" content=\"Die Rohrmembranen der PCI Classic-Membranen eignen sich gut f\u00fcr w\u00e4ssrige Feeds mit einem hohen Gehalt an Trockensubstanzen (bis zu 40.000 ppm), hohen Viskosit\u00e4ten oder einem hohen Grad an Fouling. Die PCI Classic-Membranen sind in einer breiten Palette von Rohrmembranen f\u00fcr die Ultrafiltration und Umkehrosmose erh\u00e4ltlich. Sie sind in Kunststoffmodulen aufgebaut und werden in drei L\u00e4ngen (2m, 3m und 6m) angeboten.\" \/>\n<meta property=\"og:url\" content=\"https:\/\/www.pcimembranes.com\/de\/rohrmembranen-der-classic-serie\/\" \/>\n<meta property=\"og:site_name\" content=\"PCI Membranes\" \/>\n<meta property=\"article:modified_time\" content=\"2025-07-23T10:36:06+00:00\" \/>\n<meta name=\"twitter:card\" content=\"summary_large_image\" \/>\n<script type=\"application\/ld+json\" class=\"yoast-schema-graph\">{\"@context\":\"https:\\\/\\\/schema.org\",\"@graph\":[{\"@type\":\"WebPage\",\"@id\":\"https:\\\/\\\/www.pcimembranes.com\\\/de\\\/rohrmembranen-der-classic-serie\\\/\",\"url\":\"https:\\\/\\\/www.pcimembranes.com\\\/de\\\/rohrmembranen-der-classic-serie\\\/\",\"name\":\"Rohrmembranen der Classic-Serie - PCI Membranes\",\"isPartOf\":{\"@id\":\"https:\\\/\\\/www.pcimembranes.com\\\/de\\\/#website\"},\"primaryImageOfPage\":{\"@id\":\"https:\\\/\\\/www.pcimembranes.com\\\/de\\\/rohrmembranen-der-classic-serie\\\/#primaryimage\"},\"image\":{\"@id\":\"https:\\\/\\\/www.pcimembranes.com\\\/de\\\/rohrmembranen-der-classic-serie\\\/#primaryimage\"},\"thumbnailUrl\":\"https:\\\/\\\/www.zinga.com\\\/wp-content\\\/uploads\\\/2020\\\/08\\\/Gen2-Web-Banner-origional.jpg\",\"datePublished\":\"2021-12-21T09:38:26+00:00\",\"dateModified\":\"2025-07-23T10:36:06+00:00\",\"description\":\"Die Rohrmembranen der PCI Classic-Membranen eignen sich gut f\u00fcr w\u00e4ssrige Feeds mit einem hohen Gehalt an Trockensubstanzen (bis zu 40.000 ppm), hohen Viskosit\u00e4ten oder einem hohen Grad an Fouling. Die PCI Classic-Membranen sind in einer breiten Palette von Rohrmembranen f\u00fcr die Ultrafiltration und Umkehrosmose erh\u00e4ltlich. Sie sind in Kunststoffmodulen aufgebaut und werden in drei L\u00e4ngen (2m, 3m und 6m) angeboten.\",\"breadcrumb\":{\"@id\":\"https:\\\/\\\/www.pcimembranes.com\\\/de\\\/rohrmembranen-der-classic-serie\\\/#breadcrumb\"},\"inLanguage\":\"de-DE\",\"potentialAction\":[{\"@type\":\"ReadAction\",\"target\":[\"https:\\\/\\\/www.pcimembranes.com\\\/de\\\/rohrmembranen-der-classic-serie\\\/\"]}]},{\"@type\":\"ImageObject\",\"inLanguage\":\"de-DE\",\"@id\":\"https:\\\/\\\/www.pcimembranes.com\\\/de\\\/rohrmembranen-der-classic-serie\\\/#primaryimage\",\"url\":\"https:\\\/\\\/www.zinga.com\\\/wp-content\\\/uploads\\\/2020\\\/08\\\/Gen2-Web-Banner-origional.jpg\",\"contentUrl\":\"https:\\\/\\\/www.zinga.com\\\/wp-content\\\/uploads\\\/2020\\\/08\\\/Gen2-Web-Banner-origional.jpg\"},{\"@type\":\"BreadcrumbList\",\"@id\":\"https:\\\/\\\/www.pcimembranes.com\\\/de\\\/rohrmembranen-der-classic-serie\\\/#breadcrumb\",\"itemListElement\":[{\"@type\":\"ListItem\",\"position\":1,\"name\":\"\",\"item\":\"https:\\\/\\\/www.pcimembranes.com\\\/de\\\/\"},{\"@type\":\"ListItem\",\"position\":2,\"name\":\"Rohrmembranen der Classic-Serie\"}]},{\"@type\":\"WebSite\",\"@id\":\"https:\\\/\\\/www.pcimembranes.com\\\/de\\\/#website\",\"url\":\"https:\\\/\\\/www.pcimembranes.com\\\/de\\\/\",\"name\":\"PCI Membranes\",\"description\":\"Making the World Safer, Healthier and More Productive\",\"publisher\":{\"@id\":\"https:\\\/\\\/www.pcimembranes.com\\\/de\\\/#organization\"},\"potentialAction\":[{\"@type\":\"SearchAction\",\"target\":{\"@type\":\"EntryPoint\",\"urlTemplate\":\"https:\\\/\\\/www.pcimembranes.com\\\/de\\\/?s={search_term_string}\"},\"query-input\":{\"@type\":\"PropertyValueSpecification\",\"valueRequired\":true,\"valueName\":\"search_term_string\"}}],\"inLanguage\":\"de-DE\"},{\"@type\":\"Organization\",\"@id\":\"https:\\\/\\\/www.pcimembranes.com\\\/de\\\/#organization\",\"name\":\"Filtration Group\",\"url\":\"https:\\\/\\\/www.pcimembranes.com\\\/de\\\/\",\"logo\":{\"@type\":\"ImageObject\",\"inLanguage\":\"de-DE\",\"@id\":\"https:\\\/\\\/www.pcimembranes.com\\\/de\\\/#\\\/schema\\\/logo\\\/image\\\/\",\"url\":\"https:\\\/\\\/www.pcimembranes.com\\\/wp-content\\\/uploads\\\/2019\\\/06\\\/FGC-logo-1.png\",\"contentUrl\":\"https:\\\/\\\/www.pcimembranes.com\\\/wp-content\\\/uploads\\\/2019\\\/06\\\/FGC-logo-1.png\",\"width\":1104,\"height\":224,\"caption\":\"Filtration Group\"},\"image\":{\"@id\":\"https:\\\/\\\/www.pcimembranes.com\\\/de\\\/#\\\/schema\\\/logo\\\/image\\\/\"}}]}<\/script>\n<!-- \/ Yoast SEO plugin. -->","yoast_head_json":{"title":"Rohrmembranen der Classic-Serie - PCI Membranes","description":"Die Rohrmembranen der PCI Classic-Membranen eignen sich gut f\u00fcr w\u00e4ssrige Feeds mit einem hohen Gehalt an Trockensubstanzen (bis zu 40.000 ppm), hohen Viskosit\u00e4ten oder einem hohen Grad an Fouling. Die PCI Classic-Membranen sind in einer breiten Palette von Rohrmembranen f\u00fcr die Ultrafiltration und Umkehrosmose erh\u00e4ltlich. Sie sind in Kunststoffmodulen aufgebaut und werden in drei L\u00e4ngen (2m, 3m und 6m) angeboten.","robots":{"index":"index","follow":"follow","max-snippet":"max-snippet:-1","max-image-preview":"max-image-preview:large","max-video-preview":"max-video-preview:-1"},"canonical":"https:\/\/www.pcimembranes.com\/de\/rohrmembranen-der-classic-serie\/","og_locale":"de_DE","og_type":"article","og_title":"Rohrmembranen der Classic-Serie - PCI Membranes","og_description":"Die Rohrmembranen der PCI Classic-Membranen eignen sich gut f\u00fcr w\u00e4ssrige Feeds mit einem hohen Gehalt an Trockensubstanzen (bis zu 40.000 ppm), hohen Viskosit\u00e4ten oder einem hohen Grad an Fouling. Die PCI Classic-Membranen sind in einer breiten Palette von Rohrmembranen f\u00fcr die Ultrafiltration und Umkehrosmose erh\u00e4ltlich. Sie sind in Kunststoffmodulen aufgebaut und werden in drei L\u00e4ngen (2m, 3m und 6m) angeboten.","og_url":"https:\/\/www.pcimembranes.com\/de\/rohrmembranen-der-classic-serie\/","og_site_name":"PCI Membranes","article_modified_time":"2025-07-23T10:36:06+00:00","twitter_card":"summary_large_image","schema":{"@context":"https:\/\/schema.org","@graph":[{"@type":"WebPage","@id":"https:\/\/www.pcimembranes.com\/de\/rohrmembranen-der-classic-serie\/","url":"https:\/\/www.pcimembranes.com\/de\/rohrmembranen-der-classic-serie\/","name":"Rohrmembranen der Classic-Serie - PCI Membranes","isPartOf":{"@id":"https:\/\/www.pcimembranes.com\/de\/#website"},"primaryImageOfPage":{"@id":"https:\/\/www.pcimembranes.com\/de\/rohrmembranen-der-classic-serie\/#primaryimage"},"image":{"@id":"https:\/\/www.pcimembranes.com\/de\/rohrmembranen-der-classic-serie\/#primaryimage"},"thumbnailUrl":"https:\/\/www.zinga.com\/wp-content\/uploads\/2020\/08\/Gen2-Web-Banner-origional.jpg","datePublished":"2021-12-21T09:38:26+00:00","dateModified":"2025-07-23T10:36:06+00:00","description":"Die Rohrmembranen der PCI Classic-Membranen eignen sich gut f\u00fcr w\u00e4ssrige Feeds mit einem hohen Gehalt an Trockensubstanzen (bis zu 40.000 ppm), hohen Viskosit\u00e4ten oder einem hohen Grad an Fouling. Die PCI Classic-Membranen sind in einer breiten Palette von Rohrmembranen f\u00fcr die Ultrafiltration und Umkehrosmose erh\u00e4ltlich. Sie sind in Kunststoffmodulen aufgebaut und werden in drei L\u00e4ngen (2m, 3m und 6m) angeboten.","breadcrumb":{"@id":"https:\/\/www.pcimembranes.com\/de\/rohrmembranen-der-classic-serie\/#breadcrumb"},"inLanguage":"de-DE","potentialAction":[{"@type":"ReadAction","target":["https:\/\/www.pcimembranes.com\/de\/rohrmembranen-der-classic-serie\/"]}]},{"@type":"ImageObject","inLanguage":"de-DE","@id":"https:\/\/www.pcimembranes.com\/de\/rohrmembranen-der-classic-serie\/#primaryimage","url":"https:\/\/www.zinga.com\/wp-content\/uploads\/2020\/08\/Gen2-Web-Banner-origional.jpg","contentUrl":"https:\/\/www.zinga.com\/wp-content\/uploads\/2020\/08\/Gen2-Web-Banner-origional.jpg"},{"@type":"BreadcrumbList","@id":"https:\/\/www.pcimembranes.com\/de\/rohrmembranen-der-classic-serie\/#breadcrumb","itemListElement":[{"@type":"ListItem","position":1,"name":"","item":"https:\/\/www.pcimembranes.com\/de\/"},{"@type":"ListItem","position":2,"name":"Rohrmembranen der Classic-Serie"}]},{"@type":"WebSite","@id":"https:\/\/www.pcimembranes.com\/de\/#website","url":"https:\/\/www.pcimembranes.com\/de\/","name":"PCI Membranes","description":"Making the World Safer, Healthier and More Productive","publisher":{"@id":"https:\/\/www.pcimembranes.com\/de\/#organization"},"potentialAction":[{"@type":"SearchAction","target":{"@type":"EntryPoint","urlTemplate":"https:\/\/www.pcimembranes.com\/de\/?s={search_term_string}"},"query-input":{"@type":"PropertyValueSpecification","valueRequired":true,"valueName":"search_term_string"}}],"inLanguage":"de-DE"},{"@type":"Organization","@id":"https:\/\/www.pcimembranes.com\/de\/#organization","name":"Filtration Group","url":"https:\/\/www.pcimembranes.com\/de\/","logo":{"@type":"ImageObject","inLanguage":"de-DE","@id":"https:\/\/www.pcimembranes.com\/de\/#\/schema\/logo\/image\/","url":"https:\/\/www.pcimembranes.com\/wp-content\/uploads\/2019\/06\/FGC-logo-1.png","contentUrl":"https:\/\/www.pcimembranes.com\/wp-content\/uploads\/2019\/06\/FGC-logo-1.png","width":1104,"height":224,"caption":"Filtration Group"},"image":{"@id":"https:\/\/www.pcimembranes.com\/de\/#\/schema\/logo\/image\/"}}]}},"_links":{"self":[{"href":"https:\/\/www.pcimembranes.com\/de\/wp-json\/wp\/v2\/pages\/3283","targetHints":{"allow":["GET"]}}],"collection":[{"href":"https:\/\/www.pcimembranes.com\/de\/wp-json\/wp\/v2\/pages"}],"about":[{"href":"https:\/\/www.pcimembranes.com\/de\/wp-json\/wp\/v2\/types\/page"}],"author":[{"embeddable":true,"href":"https:\/\/www.pcimembranes.com\/de\/wp-json\/wp\/v2\/users\/10"}],"replies":[{"embeddable":true,"href":"https:\/\/www.pcimembranes.com\/de\/wp-json\/wp\/v2\/comments?post=3283"}],"version-history":[{"count":0,"href":"https:\/\/www.pcimembranes.com\/de\/wp-json\/wp\/v2\/pages\/3283\/revisions"}],"wp:attachment":[{"href":"https:\/\/www.pcimembranes.com\/de\/wp-json\/wp\/v2\/media?parent=3283"}],"curies":[{"name":"wp","href":"https:\/\/api.w.org\/{rel}","templated":true}]}}