{"id":3285,"date":"2021-12-22T14:42:14","date_gmt":"2021-12-22T14:42:14","guid":{"rendered":"https:\/\/www.pcimembranes.com\/?page_id=3285"},"modified":"2025-07-23T10:35:33","modified_gmt":"2025-07-23T10:35:33","slug":"rohrmembranmodule-der-serie-b1","status":"publish","type":"page","link":"https:\/\/www.pcimembranes.com\/de\/__trashed\/rohrmembranmodule-der-serie-b1\/","title":{"rendered":"Rohrmembranmodule der Serie B1"},"content":{"rendered":"\n<div class=\"wp-block-cover alignfull has-background-dim-10 has-background-dim\" style=\"min-height:260px;aspect-ratio:unset;\"><img loading=\"lazy\" decoding=\"async\" width=\"1400\" height=\"787\" class=\"wp-block-cover__image-background wp-image-2796\" alt=\"\" src=\"https:\/\/www.pcimembranes.com\/wp-content\/uploads\/2021\/08\/MicrosoftTeams-image-_2.jpg\" data-object-fit=\"cover\" srcset=\"https:\/\/www.pcimembranes.com\/wp-content\/uploads\/2021\/08\/MicrosoftTeams-image-_2.jpg 1400w, https:\/\/www.pcimembranes.com\/wp-content\/uploads\/2021\/08\/MicrosoftTeams-image-_2-300x169.jpg 300w, https:\/\/www.pcimembranes.com\/wp-content\/uploads\/2021\/08\/MicrosoftTeams-image-_2-1024x576.jpg 1024w, https:\/\/www.pcimembranes.com\/wp-content\/uploads\/2021\/08\/MicrosoftTeams-image-_2-768x432.jpg 768w\" sizes=\"auto, (max-width: 1400px) 100vw, 1400px\" \/><div class=\"wp-block-cover__inner-container is-layout-flow wp-block-cover-is-layout-flow\">\n\n<h1 class=\"has-text-align-center wp-block-heading\">Rohrmembranmodule der Serie B1<\/h1>\n\n<\/div><\/div>\n\n\n\n<!--Close-->\t\n<\/div><\/div><\/section>\n<!--Menu-->\n<div class=\"no-top-margin\">\n<div class=\"msb-sticky-bar\">\n<div class=\"container\">\n  <div class=\"row\">\n    <div class=\"col-sm text-center\">\n      <a href=\"https:\/\/www.pcimembranes.com\/de\/kontaktieren-sie-uns\/\" class=\"btn btn-primary solution-trigger\">SPRECHEN SIE MIT EINEM EXPERTEN<\/a>\n    <\/div>\n  <\/div>\n<\/div>\n<\/div>\n<\/div>\n<!--Open-->\n<section class=\"container\"><div class=\"row\"><div class=\"col-md-12\">\n\n\n\n<h2 class=\"wp-block-heading\">Rohrmembranmodule der B1 Serie<\/h2>\n\n\n\n<p>Das B1-Modul bietet ein robustes Geh\u00e4use f\u00fcr Ultrafiltration, Nanofiltration und Umkehrosmose-Membrane und kann mit einer gro\u00dfen Auswahl an austauschbaren Membranelementen ausgef\u00fchrt werden.<\/p>\n\n\n\n<p>Das Design mit offenen Kan\u00e4len und hochturbulenter Str\u00f6mung erm\u00f6glicht die Verarbeitung einer Vielzahl von Fl\u00fcssigkeiten mit minimaler bis keiner Vorbehandlung und ist frei von Totr\u00e4umen, was das Verschmutzungspotenzial der Membranen reduziert und gleichzeitig eine maximale Wirksamkeit der Reinigungsverfahren vor Ort gew\u00e4hrleistet. Au\u00dferdem erlaubt das Design den einfachen Austausch der Membranen durch den Benutzer.<\/p>\n\n\n\n<p>Das B1 Modul besteht aus einem Edelstahlgeh\u00e4use mit 18 in perforierte Edelstahl-St\u00fctzrohre eingebaute Rohrmembranen mit Durchmesser von 12,7 mm. Es sind verschiedene Endkappen erh\u00e4ltlich, mit denen eine unterschiedliche Anzahl von Rohren in Reihe oder parallel geschaltet werden k\u00f6nnen, um den Betrieb mit unterschiedlichen Durchflussraten zu erm\u00f6glichen und so den Anforderungen an Querstr\u00f6mung und Druckabfall f\u00fcr unterschiedliche Anwendungen und Viskosit\u00e4ten gerecht zu werden.<\/p>\n\n\n\n<p>Aufgrund der robusten Konstruktion kann das Modul, abh\u00e4ngig von der Ausf\u00fchrung des eingesetzten Membrantyps, in Systemen eingesetzt werden, die f\u00fcr einen Betrieb von bis zu 80 bar bei 80\u00b0C ausgelegt sind. Das Modul ist standardm\u00e4\u00dfig in L\u00e4ngen von 3,66 m, 2,4 m und 1,2 m erh\u00e4ltlich und bietet Membranfl\u00e4chen von 2,6 m\u00b2, 1,7 m\u00b2 bzw. 0,9 m\u00b2.<\/p>\n\n\n\n<p>Die Durchflusssteuerung der Prozessfl\u00fcssigkeit durch die Membranrohre erfolgt \u00fcber speziell konstruierte Endkappen, deren Design je nach Prozessanforderungen variiert \u2013 Reihenstr\u00f6mung, Doppeleinlassstr\u00f6mung, Parallelstr\u00f6mung.<\/p>\n\n\n\n<h3 class=\"wp-block-heading\">Hauptmerkmale und Vorteile<\/h3>\n\n\n\n<ul class=\"wp-block-list\">\n<li>Konstruktion aus rostfreiem Stahl \u2013 robust und best\u00e4ndig gegen\u00fcber den meisten Chemikalien<\/li>\n\n\n\n<li>Offener Kanal, r\u00f6hrenf\u00f6rmiges Design \u2013 minimale Vorfiltration des Zulaufs erforderlich; geeignet f\u00fcr hohe Mengen an Kolloiden und Schwebstoffen: maximale CIP Effektivit\u00e4t<\/li>\n\n\n\n<li>Steuerung des Durchflusspfads durch das Modul f\u00fcr optimale Querstr\u00f6mungsgeschwindigkeiten zur Minimierung der Verschmutzung bei akzeptablem Druckabfall<\/li>\n\n\n\n<li>Bew\u00e4hrte Membranen \u2013 mit Anwendungen in der Lebensmittel-, Getr\u00e4nke-, Chemie-, Abwasser- und Pharmaindustrie<\/li>\n\n\n\n<li>Kompakte Modulbauweise \u2013 schneller und einfacher Anlagenbau<\/li>\n<\/ul>\n\n\n\n<div style=\"height:100px\" aria-hidden=\"true\" class=\"wp-block-spacer\"><\/div>\n\n\n\n<div class=\"wp-block-columns is-layout-flex wp-container-core-columns-is-layout-9d6595d7 wp-block-columns-is-layout-flex\">\n<div class=\"wp-block-column is-layout-flow wp-block-column-is-layout-flow\">\n<figure class=\"wp-block-image size-full\"><img loading=\"lazy\" decoding=\"async\" width=\"708\" height=\"472\" src=\"https:\/\/www.pcimembranes.com\/wp-content\/uploads\/2019\/09\/B1_series_flow_1.jpg\" alt=\"\" class=\"wp-image-554\" srcset=\"https:\/\/www.pcimembranes.com\/wp-content\/uploads\/2019\/09\/B1_series_flow_1.jpg 708w, https:\/\/www.pcimembranes.com\/wp-content\/uploads\/2019\/09\/B1_series_flow_1-300x200.jpg 300w, https:\/\/www.pcimembranes.com\/wp-content\/uploads\/2019\/09\/B1_series_flow_1-272x182.jpg 272w\" sizes=\"auto, (max-width: 708px) 100vw, 708px\" \/><\/figure>\n<\/div>\n\n\n\n<div class=\"wp-block-column is-layout-flow wp-block-column-is-layout-flow\">\n<h3 class=\"wp-block-heading\">Reihenstr\u00f6mungsanordnung (UO)<\/h3>\n\n\n\n<p>Bei Umkehrosmoseanlagen hat das \u201eSeries Flow\u201c-B1 Modul in die Endkappen eingegossene Kan\u00e4le, die alle 18 Membranrohre in Reihe miteinander verbinden<\/p>\n\n\n\n<p><a href=\"https:\/\/www.pcimembranes.com\/en-US\/products\/b-series-tubular-membrane-modules\/B1-Series-Flow-Modules\">M<\/a><a href=\"https:\/\/www.pcimembranes.com\/de\/__trashed\/rohrmembranmodule-der-serie-b1\/anordnung-reihenstroemung-uo\/\">EHR ERFAHREN<\/a><br><\/p>\n<\/div>\n<\/div>\n\n\n\n<div class=\"wp-block-columns is-layout-flex wp-container-core-columns-is-layout-9d6595d7 wp-block-columns-is-layout-flex\">\n<div class=\"wp-block-column is-layout-flow wp-block-column-is-layout-flow\">\n<figure class=\"wp-block-image size-large\"><img loading=\"lazy\" decoding=\"async\" width=\"1024\" height=\"683\" src=\"https:\/\/www.pcimembranes.com\/wp-content\/uploads\/2019\/10\/B1_Twin_Entry_1_1-1-1024x683.jpg\" alt=\"\" class=\"wp-image-578\" srcset=\"https:\/\/www.pcimembranes.com\/wp-content\/uploads\/2019\/10\/B1_Twin_Entry_1_1-1-1024x683.jpg 1024w, https:\/\/www.pcimembranes.com\/wp-content\/uploads\/2019\/10\/B1_Twin_Entry_1_1-1-300x200.jpg 300w, https:\/\/www.pcimembranes.com\/wp-content\/uploads\/2019\/10\/B1_Twin_Entry_1_1-1-768x512.jpg 768w, https:\/\/www.pcimembranes.com\/wp-content\/uploads\/2019\/10\/B1_Twin_Entry_1_1-1-272x182.jpg 272w, https:\/\/www.pcimembranes.com\/wp-content\/uploads\/2019\/10\/B1_Twin_Entry_1_1-1.jpg 1650w\" sizes=\"auto, (max-width: 1024px) 100vw, 1024px\" \/><\/figure>\n<\/div>\n\n\n\n<div class=\"wp-block-column is-layout-flow wp-block-column-is-layout-flow\">\n<h3 class=\"wp-block-heading\">Doppeleinlassstr\u00f6mungsanordnung (UF)<\/h3>\n\n\n\n<p>F\u00fcr viskose Materialien wird ein alternativer Endkappentyp (bekannt als \u201etwin\u201c oder \u201edouble-entry\u201c) verwendet, der zwei parallele Kan\u00e4le mit jeweils neun Membranrohren in Serie verbindet.<\/p>\n\n\n\n<p><a href=\"https:\/\/www.pcimembranes.com\/de\/__trashed\/rohrmembranmodule-der-serie-b1\/anordnung-doppeleinlassstroemung-uf\/\">MERH ERFAHREN <\/a><br><\/p>\n<\/div>\n<\/div>\n\n\n\n<div class=\"wp-block-columns is-layout-flex wp-container-core-columns-is-layout-9d6595d7 wp-block-columns-is-layout-flex\">\n<div class=\"wp-block-column is-layout-flow wp-block-column-is-layout-flow\">\n<figure class=\"wp-block-image size-full\"><img loading=\"lazy\" decoding=\"async\" width=\"951\" height=\"661\" src=\"https:\/\/www.pcimembranes.com\/wp-content\/uploads\/2019\/10\/parallel-flow-spotlight-image.jpg\" alt=\"\" class=\"wp-image-560\" srcset=\"https:\/\/www.pcimembranes.com\/wp-content\/uploads\/2019\/10\/parallel-flow-spotlight-image.jpg 951w, https:\/\/www.pcimembranes.com\/wp-content\/uploads\/2019\/10\/parallel-flow-spotlight-image-300x209.jpg 300w, https:\/\/www.pcimembranes.com\/wp-content\/uploads\/2019\/10\/parallel-flow-spotlight-image-768x534.jpg 768w\" sizes=\"auto, (max-width: 951px) 100vw, 951px\" \/><\/figure>\n<\/div>\n\n\n\n<div class=\"wp-block-column is-layout-flow wp-block-column-is-layout-flow\">\n<h3 class=\"wp-block-heading\">Parallelstr\u00f6mungsanordnung (UF)<\/h3>\n\n\n\n<p>Durch die parallele Anordnung der Kan\u00e4le in den Endkappen k\u00f6nnen alle 18 Membranrohre parallel betrieben werden, so dass f\u00fcr viskose Fl\u00fcssigkeiten die h\u00f6chsten Querstromgeschwindigkeiten bei akzeptablem Druckabfall genutzt werden k\u00f6nnen. Bei weniger viskosen Fl\u00fcssigkeiten f\u00fchrt die Anordnung der parallelen Endkappen zu einem geringeren Energieverbrauch.<\/p>\n\n\n\n<p><a href=\"https:\/\/www.pcimembranes.com\/de\/__trashed\/rohrmembranmodule-der-serie-b1\/anordnung-parallelstroemung-uo\/\">MERH ERFAHREN<\/a><\/p>\n<\/div>\n<\/div>\n","protected":false},"excerpt":{"rendered":"<p>SPRECHEN SIE MIT EINEM EXPERTEN Rohrmembranmodule der B1 Serie Das B1-Modul bietet ein robustes Geh\u00e4use f\u00fcr Ultrafiltration, Nanofiltration und Umkehrosmose-Membrane und kann mit einer gro\u00dfen Auswahl an austauschbaren Membranelementen ausgef\u00fchrt werden. Das Design mit offenen Kan\u00e4len und hochturbulenter Str\u00f6mung erm\u00f6glicht die Verarbeitung einer Vielzahl von Fl\u00fcssigkeiten mit minimaler bis keiner Vorbehandlung und ist frei von [&hellip;]<\/p>\n","protected":false},"author":10,"featured_media":0,"parent":3272,"menu_order":0,"comment_status":"closed","ping_status":"closed","template":"","meta":{"_acf_changed":false,"content-type":"","footnotes":""},"class_list":["post-3285","page","type-page","status-publish","hentry"],"acf":[],"yoast_head":"<!-- This site is optimized with the Yoast SEO plugin v27.3 - https:\/\/yoast.com\/product\/yoast-seo-wordpress\/ -->\n<title>Rohrmembranmodule der Serie B1 - PCI Membranes<\/title>\n<meta name=\"description\" content=\"Das B1-Modul bietet ein robustes, bew\u00e4hrtes Geh\u00e4use f\u00fcr Ultrafiltration, Nanofiltration und Umkehrosmose und kann mit einer breiten Palette von vollst\u00e4ndig austauschbaren Membranelementen ausgestattet werden.\" \/>\n<meta name=\"robots\" content=\"index, follow, max-snippet:-1, max-image-preview:large, max-video-preview:-1\" \/>\n<link rel=\"canonical\" href=\"https:\/\/www.pcimembranes.com\/de\/__trashed\/rohrmembranmodule-der-serie-b1\/\" \/>\n<meta property=\"og:locale\" content=\"de_DE\" \/>\n<meta property=\"og:type\" content=\"article\" \/>\n<meta property=\"og:title\" content=\"Rohrmembranmodule der Serie B1 - PCI Membranes\" \/>\n<meta property=\"og:description\" content=\"Das B1-Modul bietet ein robustes, bew\u00e4hrtes Geh\u00e4use f\u00fcr Ultrafiltration, Nanofiltration und Umkehrosmose und kann mit einer breiten Palette von vollst\u00e4ndig austauschbaren Membranelementen ausgestattet werden.\" \/>\n<meta property=\"og:url\" content=\"https:\/\/www.pcimembranes.com\/de\/__trashed\/rohrmembranmodule-der-serie-b1\/\" \/>\n<meta property=\"og:site_name\" content=\"PCI Membranes\" \/>\n<meta property=\"article:modified_time\" content=\"2025-07-23T10:35:33+00:00\" \/>\n<meta property=\"og:image\" content=\"https:\/\/www.pcimembranes.com\/wp-content\/uploads\/2021\/08\/MicrosoftTeams-image-_2.jpg\" \/>\n\t<meta property=\"og:image:width\" content=\"1400\" \/>\n\t<meta property=\"og:image:height\" content=\"787\" \/>\n\t<meta property=\"og:image:type\" content=\"image\/jpeg\" \/>\n<meta name=\"twitter:card\" content=\"summary_large_image\" \/>\n<script type=\"application\/ld+json\" class=\"yoast-schema-graph\">{\"@context\":\"https:\\\/\\\/schema.org\",\"@graph\":[{\"@type\":\"WebPage\",\"@id\":\"https:\\\/\\\/www.pcimembranes.com\\\/de\\\/__trashed\\\/rohrmembranmodule-der-serie-b1\\\/\",\"url\":\"https:\\\/\\\/www.pcimembranes.com\\\/de\\\/__trashed\\\/rohrmembranmodule-der-serie-b1\\\/\",\"name\":\"Rohrmembranmodule der Serie B1 - PCI Membranes\",\"isPartOf\":{\"@id\":\"https:\\\/\\\/www.pcimembranes.com\\\/de\\\/#website\"},\"primaryImageOfPage\":{\"@id\":\"https:\\\/\\\/www.pcimembranes.com\\\/de\\\/__trashed\\\/rohrmembranmodule-der-serie-b1\\\/#primaryimage\"},\"image\":{\"@id\":\"https:\\\/\\\/www.pcimembranes.com\\\/de\\\/__trashed\\\/rohrmembranmodule-der-serie-b1\\\/#primaryimage\"},\"thumbnailUrl\":\"https:\\\/\\\/www.pcimembranes.com\\\/wp-content\\\/uploads\\\/2021\\\/08\\\/MicrosoftTeams-image-_2.jpg\",\"datePublished\":\"2021-12-22T14:42:14+00:00\",\"dateModified\":\"2025-07-23T10:35:33+00:00\",\"description\":\"Das B1-Modul bietet ein robustes, bew\u00e4hrtes Geh\u00e4use f\u00fcr Ultrafiltration, Nanofiltration und Umkehrosmose und kann mit einer breiten Palette von vollst\u00e4ndig austauschbaren Membranelementen ausgestattet werden.\",\"breadcrumb\":{\"@id\":\"https:\\\/\\\/www.pcimembranes.com\\\/de\\\/__trashed\\\/rohrmembranmodule-der-serie-b1\\\/#breadcrumb\"},\"inLanguage\":\"de-DE\",\"potentialAction\":[{\"@type\":\"ReadAction\",\"target\":[\"https:\\\/\\\/www.pcimembranes.com\\\/de\\\/__trashed\\\/rohrmembranmodule-der-serie-b1\\\/\"]}]},{\"@type\":\"ImageObject\",\"inLanguage\":\"de-DE\",\"@id\":\"https:\\\/\\\/www.pcimembranes.com\\\/de\\\/__trashed\\\/rohrmembranmodule-der-serie-b1\\\/#primaryimage\",\"url\":\"https:\\\/\\\/www.pcimembranes.com\\\/wp-content\\\/uploads\\\/2021\\\/08\\\/MicrosoftTeams-image-_2.jpg\",\"contentUrl\":\"https:\\\/\\\/www.pcimembranes.com\\\/wp-content\\\/uploads\\\/2021\\\/08\\\/MicrosoftTeams-image-_2.jpg\"},{\"@type\":\"BreadcrumbList\",\"@id\":\"https:\\\/\\\/www.pcimembranes.com\\\/de\\\/__trashed\\\/rohrmembranmodule-der-serie-b1\\\/#breadcrumb\",\"itemListElement\":[{\"@type\":\"ListItem\",\"position\":1,\"name\":\"\",\"item\":\"https:\\\/\\\/www.pcimembranes.com\\\/de\\\/\"},{\"@type\":\"ListItem\",\"position\":2,\"name\":\"Produkte\",\"item\":\"https:\\\/\\\/www.pcimembranes.com\\\/de\\\/__trashed\\\/\"},{\"@type\":\"ListItem\",\"position\":3,\"name\":\"Rohrmembranmodule der Serie B1\"}]},{\"@type\":\"WebSite\",\"@id\":\"https:\\\/\\\/www.pcimembranes.com\\\/de\\\/#website\",\"url\":\"https:\\\/\\\/www.pcimembranes.com\\\/de\\\/\",\"name\":\"PCI Membranes\",\"description\":\"Making the World Safer, Healthier and More Productive\",\"publisher\":{\"@id\":\"https:\\\/\\\/www.pcimembranes.com\\\/de\\\/#organization\"},\"potentialAction\":[{\"@type\":\"SearchAction\",\"target\":{\"@type\":\"EntryPoint\",\"urlTemplate\":\"https:\\\/\\\/www.pcimembranes.com\\\/de\\\/?s={search_term_string}\"},\"query-input\":{\"@type\":\"PropertyValueSpecification\",\"valueRequired\":true,\"valueName\":\"search_term_string\"}}],\"inLanguage\":\"de-DE\"},{\"@type\":\"Organization\",\"@id\":\"https:\\\/\\\/www.pcimembranes.com\\\/de\\\/#organization\",\"name\":\"Filtration Group\",\"url\":\"https:\\\/\\\/www.pcimembranes.com\\\/de\\\/\",\"logo\":{\"@type\":\"ImageObject\",\"inLanguage\":\"de-DE\",\"@id\":\"https:\\\/\\\/www.pcimembranes.com\\\/de\\\/#\\\/schema\\\/logo\\\/image\\\/\",\"url\":\"https:\\\/\\\/www.pcimembranes.com\\\/wp-content\\\/uploads\\\/2019\\\/06\\\/FGC-logo-1.png\",\"contentUrl\":\"https:\\\/\\\/www.pcimembranes.com\\\/wp-content\\\/uploads\\\/2019\\\/06\\\/FGC-logo-1.png\",\"width\":1104,\"height\":224,\"caption\":\"Filtration Group\"},\"image\":{\"@id\":\"https:\\\/\\\/www.pcimembranes.com\\\/de\\\/#\\\/schema\\\/logo\\\/image\\\/\"}}]}<\/script>\n<!-- \/ Yoast SEO plugin. -->","yoast_head_json":{"title":"Rohrmembranmodule der Serie B1 - PCI Membranes","description":"Das B1-Modul bietet ein robustes, bew\u00e4hrtes Geh\u00e4use f\u00fcr Ultrafiltration, Nanofiltration und Umkehrosmose und kann mit einer breiten Palette von vollst\u00e4ndig austauschbaren Membranelementen ausgestattet werden.","robots":{"index":"index","follow":"follow","max-snippet":"max-snippet:-1","max-image-preview":"max-image-preview:large","max-video-preview":"max-video-preview:-1"},"canonical":"https:\/\/www.pcimembranes.com\/de\/__trashed\/rohrmembranmodule-der-serie-b1\/","og_locale":"de_DE","og_type":"article","og_title":"Rohrmembranmodule der Serie B1 - PCI Membranes","og_description":"Das B1-Modul bietet ein robustes, bew\u00e4hrtes Geh\u00e4use f\u00fcr Ultrafiltration, Nanofiltration und Umkehrosmose und kann mit einer breiten Palette von vollst\u00e4ndig austauschbaren Membranelementen ausgestattet werden.","og_url":"https:\/\/www.pcimembranes.com\/de\/__trashed\/rohrmembranmodule-der-serie-b1\/","og_site_name":"PCI Membranes","article_modified_time":"2025-07-23T10:35:33+00:00","og_image":[{"width":1400,"height":787,"url":"https:\/\/www.pcimembranes.com\/wp-content\/uploads\/2021\/08\/MicrosoftTeams-image-_2.jpg","type":"image\/jpeg"}],"twitter_card":"summary_large_image","schema":{"@context":"https:\/\/schema.org","@graph":[{"@type":"WebPage","@id":"https:\/\/www.pcimembranes.com\/de\/__trashed\/rohrmembranmodule-der-serie-b1\/","url":"https:\/\/www.pcimembranes.com\/de\/__trashed\/rohrmembranmodule-der-serie-b1\/","name":"Rohrmembranmodule der Serie B1 - PCI Membranes","isPartOf":{"@id":"https:\/\/www.pcimembranes.com\/de\/#website"},"primaryImageOfPage":{"@id":"https:\/\/www.pcimembranes.com\/de\/__trashed\/rohrmembranmodule-der-serie-b1\/#primaryimage"},"image":{"@id":"https:\/\/www.pcimembranes.com\/de\/__trashed\/rohrmembranmodule-der-serie-b1\/#primaryimage"},"thumbnailUrl":"https:\/\/www.pcimembranes.com\/wp-content\/uploads\/2021\/08\/MicrosoftTeams-image-_2.jpg","datePublished":"2021-12-22T14:42:14+00:00","dateModified":"2025-07-23T10:35:33+00:00","description":"Das B1-Modul bietet ein robustes, bew\u00e4hrtes Geh\u00e4use f\u00fcr Ultrafiltration, Nanofiltration und Umkehrosmose und kann mit einer breiten Palette von vollst\u00e4ndig austauschbaren Membranelementen ausgestattet werden.","breadcrumb":{"@id":"https:\/\/www.pcimembranes.com\/de\/__trashed\/rohrmembranmodule-der-serie-b1\/#breadcrumb"},"inLanguage":"de-DE","potentialAction":[{"@type":"ReadAction","target":["https:\/\/www.pcimembranes.com\/de\/__trashed\/rohrmembranmodule-der-serie-b1\/"]}]},{"@type":"ImageObject","inLanguage":"de-DE","@id":"https:\/\/www.pcimembranes.com\/de\/__trashed\/rohrmembranmodule-der-serie-b1\/#primaryimage","url":"https:\/\/www.pcimembranes.com\/wp-content\/uploads\/2021\/08\/MicrosoftTeams-image-_2.jpg","contentUrl":"https:\/\/www.pcimembranes.com\/wp-content\/uploads\/2021\/08\/MicrosoftTeams-image-_2.jpg"},{"@type":"BreadcrumbList","@id":"https:\/\/www.pcimembranes.com\/de\/__trashed\/rohrmembranmodule-der-serie-b1\/#breadcrumb","itemListElement":[{"@type":"ListItem","position":1,"name":"","item":"https:\/\/www.pcimembranes.com\/de\/"},{"@type":"ListItem","position":2,"name":"Produkte","item":"https:\/\/www.pcimembranes.com\/de\/__trashed\/"},{"@type":"ListItem","position":3,"name":"Rohrmembranmodule der Serie B1"}]},{"@type":"WebSite","@id":"https:\/\/www.pcimembranes.com\/de\/#website","url":"https:\/\/www.pcimembranes.com\/de\/","name":"PCI Membranes","description":"Making the World Safer, Healthier and More Productive","publisher":{"@id":"https:\/\/www.pcimembranes.com\/de\/#organization"},"potentialAction":[{"@type":"SearchAction","target":{"@type":"EntryPoint","urlTemplate":"https:\/\/www.pcimembranes.com\/de\/?s={search_term_string}"},"query-input":{"@type":"PropertyValueSpecification","valueRequired":true,"valueName":"search_term_string"}}],"inLanguage":"de-DE"},{"@type":"Organization","@id":"https:\/\/www.pcimembranes.com\/de\/#organization","name":"Filtration Group","url":"https:\/\/www.pcimembranes.com\/de\/","logo":{"@type":"ImageObject","inLanguage":"de-DE","@id":"https:\/\/www.pcimembranes.com\/de\/#\/schema\/logo\/image\/","url":"https:\/\/www.pcimembranes.com\/wp-content\/uploads\/2019\/06\/FGC-logo-1.png","contentUrl":"https:\/\/www.pcimembranes.com\/wp-content\/uploads\/2019\/06\/FGC-logo-1.png","width":1104,"height":224,"caption":"Filtration Group"},"image":{"@id":"https:\/\/www.pcimembranes.com\/de\/#\/schema\/logo\/image\/"}}]}},"_links":{"self":[{"href":"https:\/\/www.pcimembranes.com\/de\/wp-json\/wp\/v2\/pages\/3285","targetHints":{"allow":["GET"]}}],"collection":[{"href":"https:\/\/www.pcimembranes.com\/de\/wp-json\/wp\/v2\/pages"}],"about":[{"href":"https:\/\/www.pcimembranes.com\/de\/wp-json\/wp\/v2\/types\/page"}],"author":[{"embeddable":true,"href":"https:\/\/www.pcimembranes.com\/de\/wp-json\/wp\/v2\/users\/10"}],"replies":[{"embeddable":true,"href":"https:\/\/www.pcimembranes.com\/de\/wp-json\/wp\/v2\/comments?post=3285"}],"version-history":[{"count":0,"href":"https:\/\/www.pcimembranes.com\/de\/wp-json\/wp\/v2\/pages\/3285\/revisions"}],"up":[{"embeddable":true,"href":"https:\/\/www.pcimembranes.com\/de\/wp-json\/wp\/v2\/pages\/3272"}],"wp:attachment":[{"href":"https:\/\/www.pcimembranes.com\/de\/wp-json\/wp\/v2\/media?parent=3285"}],"curies":[{"name":"wp","href":"https:\/\/api.w.org\/{rel}","templated":true}]}}