{"id":3287,"date":"2021-12-22T16:24:38","date_gmt":"2021-12-22T16:24:38","guid":{"rendered":"https:\/\/www.pcimembranes.com\/?page_id=3287"},"modified":"2025-07-23T10:32:25","modified_gmt":"2025-07-23T10:32:25","slug":"testmodule-fuer-membranen","status":"publish","type":"page","link":"https:\/\/www.pcimembranes.com\/de\/__trashed\/testmodule-fuer-membranen\/","title":{"rendered":"Testmodule f\u00fcr Membranen"},"content":{"rendered":"\n<div class=\"wp-block-cover alignfull is-light\" style=\"min-height:260px;aspect-ratio:unset;\"><img decoding=\"async\" class=\"wp-block-cover__image-background wp-image-1334\" alt=\"\" src=\"https:\/\/www.zinga.com\/wp-content\/uploads\/2020\/08\/Gen2-Web-Banner-origional.jpg\" data-object-fit=\"cover\" \/><span aria-hidden=\"true\" class=\"wp-block-cover__background has-blue-background-color has-background-dim-10 has-background-dim\"><\/span><div class=\"wp-block-cover__inner-container is-layout-flow wp-block-cover-is-layout-flow\">\n<h1 class=\"wp-block-heading has-text-align-center has-white-color has-text-color has-link-color wp-elements-af9483941d6ffb67854938c93575391f\">Testmodule f\u00fcr Membranen<\/h1>\n\n\n\n<\/div>\n\n\n\n<div style=\"height:30px\" aria-hidden=\"true\" class=\"wp-block-spacer\"><\/div>\n\n\n\n<p><\/p>\n<\/div><\/div>\n\n\n\n<!--Close-->\t\n<\/div><\/div><\/section>\n<!--Menu-->\n<div class=\"no-top-margin\">\n<div class=\"msb-sticky-bar\">\n<div class=\"container\">\n  <div class=\"row\">\n    <div class=\"col-sm text-center\">\n      <a href=\"https:\/\/www.pcimembranes.com\/de\/kontaktieren-sie-uns\/\" class=\"btn btn-primary solution-trigger\">SPRECHEN SIE MIT EINEM EXPERTEN<\/a>\n    <\/div>\n  <\/div>\n<\/div>\n<\/div>\n<\/div>\n<!--Open-->\n<section class=\"container\"><div class=\"row\"><div class=\"col-md-12\">\n\n\n\n<h2 class=\"wp-block-heading\">Test-Module<\/h2>\n\n\n\n<h3 class=\"wp-block-heading\">Ein effektives Membransystem individuell gestalten<\/h3>\n\n\n\n<p>W\u00e4hrend viele Anwendungen von einem mehr oder weniger standardisierten Filtrationssystem profitieren k\u00f6nnen, erfordern andere Situationen m\u00f6glicherweise eine ma\u00dfgeschneiderte L\u00f6sung mit umfangreichen Prozesstests vor Ort. Von Membranspezialisten kann erwartet werden, dass sie \u00fcber Erfahrung und internes Fachwissen verf\u00fcgen, um L\u00f6sungen f\u00fcr Filtrationsprobleme in einer Vielzahl von Industriesektoren anzubieten und mit potenziellen Kunden zusammenzuarbeiten, um eine Membranfiltrationsl\u00f6sung zu entwerfen und zu optimieren.<\/p>\n\n\n\n<p>Bevor ein Fachmann das richtige Membransystem f\u00fcr die Anwendung bestimmt, ist es wichtig, einige Voruntersuchungen durchzuf\u00fchren, um festzustellen, ob die Installation einer Filtrationsanlage rentabel ist. Dementsprechend m\u00fcssen einige Auslegungskriterien ermittelt werden, wie z. B.:<\/p>\n\n\n\n<ul class=\"wp-block-list\">\n<li>Erforderliche Kapazit\u00e4t der Filtrationsanlage.<\/li>\n\n\n\n<li>Art und gew\u00fcnschte Zusammensetzung des &#8222;Permeats&#8220; (der fl\u00fcssigen Fraktion, die die Membran passiert) und des &#8222;Retentats&#8220; (der konzentrierten Fraktion, die von der Membran zur\u00fcckgehalten wird).<\/li>\n\n\n\n<li>Wird das System auf einer Batch- oder kontinuierlichen Basis verwendet?<\/li>\n\n\n\n<li>Wie lange kann die Anlage zur Reinigung au\u00dfer Betrieb genommen werden?<\/li>\n\n\n\n<li>Was sind die wichtigsten Kriterien f\u00fcr die Beurteilung des Erfolgs?<\/li>\n<\/ul>\n\n\n\n<p>In der Regel hilft ein kurzer Pilotversuch vor Ort oder im Labor des Lieferanten unter Verwendung einer Probe des Prozessstroms, die Auswahl der Membranen einzugrenzen.<\/p>\n\n\n\n<p>Als n\u00e4chstes wird am Standort der Anlage ein Pr\u00fcfstand oder eine Pilotanlage errichtet. Damit wird die Wirksamkeit des gew\u00e4hlten Membransystems in gr\u00f6\u00dferem Ma\u00dfstab getestet, wobei bis zu 15 m2 (160 ft2) Gesamtmembranfl\u00e4che genutzt werden, und es werden Daten gewonnen, die f\u00fcr die Entwicklung der endg\u00fcltigen Konstruktionsparameter n\u00fctzlich sind. Diese ersten Versuche dauern in der Regel 2-3 Wochen, k\u00f6nnen aber auch l\u00e4nger dauern, wenn sich die Zusammensetzung oder das Volumen des Abfallstroms im Laufe der Zeit \u00e4ndert. Ein gut durchdachtes Testverfahren spart sp\u00e4ter Zeit und Aufwand.<\/p>\n\n\n\n<p>Mit dem Pr\u00fcfstand k\u00f6nnen die Ingenieure realistische Messungen vornehmen, einschlie\u00dflich des Verschmutzungsgrads der Membran, der Permeationsrate (&#8222;Flux&#8220;), des Druckabfalls, der R\u00fcckhaltegrade bei steigender Konzentration, der Wirksamkeit des Reinigungsverfahrens und der Qualit\u00e4t des Endprodukts.<\/p>\n\n\n\n<p>Anhand dieser Daten wird das endg\u00fcltige Systemdesign entwickelt. In F\u00e4llen, in denen eine Standardmembran f\u00fcr die betreffende Anwendung nicht geeignet ist, kann eine neue Konfiguration des Membransystems erforderlich sein. In dieser Pilotphase k\u00f6nnen die Ingenieure auch die voraussichtliche Lebensdauer der Membranen absch\u00e4tzen, was bei der Betrachtung der Gesamtkosten f\u00fcr die Lebensdauer des Systems ber\u00fccksichtigt werden kann.<\/p>\n\n\n\n<p>PCI Membranes ist spezialisiert auf die Entwicklung und Herstellung leicht integrierbarer Membranfiltrationsanlagen, die von einfachen, manuell betriebenen Systemen bis hin zum vollautomatischen Betrieb mit minimaler Bedienerunterst\u00fctzung reichen k\u00f6nnen. Dank dieser Expertise bei der Auswahl der am besten geeigneten Membran f\u00fcr eine bestimmte Anwendung und der Erfahrung aus vielen Kundenprojekten kann PCI den chemischen Verarbeitern kosteneffiziente L\u00f6sungen zur Minimierung des Wasserverbrauchs und der Abfallentsorgungskosten bieten.<\/p>\n\n\n\n<div style=\"height:50px\" aria-hidden=\"true\" class=\"wp-block-spacer\"><\/div>\n\n\n\n<div class=\"wp-block-media-text alignwide is-stacked-on-mobile\"><figure class=\"wp-block-media-text__media\"><img loading=\"lazy\" decoding=\"async\" width=\"535\" height=\"303\" src=\"https:\/\/www.pcimembranes.com\/wp-content\/uploads\/2019\/10\/Micro_Series_horizontal.jpg\" alt=\"\" class=\"wp-image-605 size-full\" srcset=\"https:\/\/www.pcimembranes.com\/wp-content\/uploads\/2019\/10\/Micro_Series_horizontal.jpg 535w, https:\/\/www.pcimembranes.com\/wp-content\/uploads\/2019\/10\/Micro_Series_horizontal-300x170.jpg 300w\" sizes=\"auto, (max-width: 535px) 100vw, 535px\" \/><\/figure><div class=\"wp-block-media-text__content\">\n\n<h3 class=\"wp-block-heading\">Micro 240 &amp; 960 Series<\/h3>\n\n\n<p>Die MICRO 240 &amp; 960 sind f\u00fcr die wirtschaftliche, kurzfristige Bewertung von Membranprozessen zur Trennung und Aufkonzentrierung im Laborma\u00dfstab konzipiert.<\/p>\n\n\n<p><a href=\"https:\/\/www.pcimembranes.com\/de\/__trashed\/testmodule-fuer-membranen\/micro-240-960-series\/\">MEHR ERFAHREN<\/a><\/p>\n\n\n<p><\/p>\n\n<\/div><\/div>\n\n\n\n<div class=\"wp-block-media-text alignwide is-stacked-on-mobile\"><figure class=\"wp-block-media-text__media\"><img loading=\"lazy\" decoding=\"async\" width=\"500\" height=\"515\" src=\"https:\/\/www.pcimembranes.com\/wp-content\/uploads\/2019\/10\/A5_Mini_Cropped.jpg\" alt=\"\" class=\"wp-image-609 size-full\" srcset=\"https:\/\/www.pcimembranes.com\/wp-content\/uploads\/2019\/10\/A5_Mini_Cropped.jpg 500w, https:\/\/www.pcimembranes.com\/wp-content\/uploads\/2019\/10\/A5_Mini_Cropped-291x300.jpg 291w\" sizes=\"auto, (max-width: 500px) 100vw, 500px\" \/><\/figure><div class=\"wp-block-media-text__content\">\n\n<h3 class=\"wp-block-heading\">A5 Mini Test Modules<\/h3>\n\n\n<p>Der A5 Mini-Tester wurde f\u00fcr die Bewertung von Ultrafiltrationsmembranen im Laborma\u00dfstab mit moderaten Mengen an suspendierten Feststoffen entwickelt.<\/p>\n\n\n<p><a href=\"\/products\/membrane-test-modules\/a5-mini-test-modules\/\">MEHR ERFAHREN<\/a><\/p>\n\n<\/div><\/div>\n\n\n\n<div class=\"wp-block-media-text alignwide is-stacked-on-mobile\"><figure class=\"wp-block-media-text__media\"><img loading=\"lazy\" decoding=\"async\" width=\"300\" height=\"225\" src=\"https:\/\/www.pcimembranes.com\/wp-content\/uploads\/2019\/10\/tubular-membranes.jpg\" alt=\"\" class=\"wp-image-613 size-full\" \/><\/figure><div class=\"wp-block-media-text__content\">\n\n<h3 class=\"wp-block-heading\">Rohrmembranen<\/h3>\n\n\n<p>Dank unserer eigenen Entwicklungs- und Fertigungskapazit\u00e4ten k\u00f6nnen wir ma\u00dfgeschneiderte Membranen f\u00fcr spezifische Anwendungen anbieten<\/p>\n\n\n<p><a href=\"https:\/\/www.pcimembranes.com\/products\/membrane-test-modules\/tubular-membranes\/\">MEHR ERFAHREN<\/a><br><\/p>\n\n<\/div><\/div>\n\n\n\n<div class=\"wp-block-media-text alignwide is-stacked-on-mobile\"><figure class=\"wp-block-media-text__media\"><img loading=\"lazy\" decoding=\"async\" width=\"500\" height=\"317\" src=\"https:\/\/www.pcimembranes.com\/wp-content\/uploads\/2019\/10\/B1_Pilot_Plant_1_cropped.jpg\" alt=\"\" class=\"wp-image-615 size-full\" srcset=\"https:\/\/www.pcimembranes.com\/wp-content\/uploads\/2019\/10\/B1_Pilot_Plant_1_cropped.jpg 500w, https:\/\/www.pcimembranes.com\/wp-content\/uploads\/2019\/10\/B1_Pilot_Plant_1_cropped-300x190.jpg 300w\" sizes=\"auto, (max-width: 500px) 100vw, 500px\" \/><\/figure><div class=\"wp-block-media-text__content\">\n\n<h3 class=\"wp-block-heading\">Pilotanlagen<\/h3>\n\n\n<p>Die Pilotanlage ist f\u00fcr die Arbeit im Pilotma\u00dfstab konzipiert und kann f\u00fcr die Verarbeitung einer Vielzahl von w\u00e4ssrigen L\u00f6sungen mittels Mikrofiltration (MF), Ultrafiltration (UF), Nanofiltration (NF) und Umkehrosmose (RO) verwendet werden.<\/p>\n\n\n<p><a href=\"https:\/\/www.pcimembranes.com\/de\/__trashed\/testmodule-fuer-membranen\/pilotanlagen\/\">MEHR ERFAHREN<\/a><\/p>\n\n<\/div><\/div>\n","protected":false},"excerpt":{"rendered":"<p>SPRECHEN SIE MIT EINEM EXPERTEN Test-Module Ein effektives Membransystem individuell gestalten W\u00e4hrend viele Anwendungen von einem mehr oder weniger standardisierten Filtrationssystem profitieren k\u00f6nnen, erfordern andere Situationen m\u00f6glicherweise eine ma\u00dfgeschneiderte L\u00f6sung mit umfangreichen Prozesstests vor Ort. Von Membranspezialisten kann erwartet werden, dass sie \u00fcber Erfahrung und internes Fachwissen verf\u00fcgen, um L\u00f6sungen f\u00fcr Filtrationsprobleme in einer Vielzahl [&hellip;]<\/p>\n","protected":false},"author":9,"featured_media":0,"parent":3272,"menu_order":0,"comment_status":"closed","ping_status":"closed","template":"","meta":{"_acf_changed":false,"content-type":"","footnotes":""},"class_list":["post-3287","page","type-page","status-publish","hentry"],"acf":[],"yoast_head":"<!-- This site is optimized with the Yoast SEO plugin v27.3 - https:\/\/yoast.com\/product\/yoast-seo-wordpress\/ -->\n<title>Testmodule f\u00fcr Membranen - PCI Membranes<\/title>\n<meta name=\"description\" content=\"Ein effektives Membransystem individuell gestalten. W\u00e4hrend viele Anwendungen von einem mehr oder weniger standardisierten Filtrationssystem profitieren k\u00f6nnen, erfordern andere Situationen m\u00f6glicherweise eine ma\u00dfgeschneiderte L\u00f6sung mit umfangreichen Prozesstests vor Ort. Von Membranspezialisten kann erwartet werden, dass sie \u00fcber Erfahrung und internes Fachwissen verf\u00fcgen, um L\u00f6sungen f\u00fcr Filtrationsprobleme in einer Vielzahl von Industriesektoren anzubieten und mit potenziellen Kunden zusammenzuarbeiten, um eine Membranfiltrationsl\u00f6sung zu entwerfen und zu optimieren.\" \/>\n<meta name=\"robots\" content=\"index, follow, max-snippet:-1, max-image-preview:large, max-video-preview:-1\" \/>\n<link rel=\"canonical\" href=\"https:\/\/www.pcimembranes.com\/de\/__trashed\/testmodule-fuer-membranen\/\" \/>\n<meta property=\"og:locale\" content=\"de_DE\" \/>\n<meta property=\"og:type\" content=\"article\" \/>\n<meta property=\"og:title\" content=\"Testmodule f\u00fcr Membranen - PCI Membranes\" \/>\n<meta property=\"og:description\" content=\"Ein effektives Membransystem individuell gestalten. W\u00e4hrend viele Anwendungen von einem mehr oder weniger standardisierten Filtrationssystem profitieren k\u00f6nnen, erfordern andere Situationen m\u00f6glicherweise eine ma\u00dfgeschneiderte L\u00f6sung mit umfangreichen Prozesstests vor Ort. Von Membranspezialisten kann erwartet werden, dass sie \u00fcber Erfahrung und internes Fachwissen verf\u00fcgen, um L\u00f6sungen f\u00fcr Filtrationsprobleme in einer Vielzahl von Industriesektoren anzubieten und mit potenziellen Kunden zusammenzuarbeiten, um eine Membranfiltrationsl\u00f6sung zu entwerfen und zu optimieren.\" \/>\n<meta property=\"og:url\" content=\"https:\/\/www.pcimembranes.com\/de\/__trashed\/testmodule-fuer-membranen\/\" \/>\n<meta property=\"og:site_name\" content=\"PCI Membranes\" \/>\n<meta property=\"article:modified_time\" content=\"2025-07-23T10:32:25+00:00\" \/>\n<meta name=\"twitter:card\" content=\"summary_large_image\" \/>\n<meta name=\"twitter:label1\" content=\"Gesch\u00e4tzte Lesezeit\" \/>\n\t<meta name=\"twitter:data1\" content=\"4 Minuten\" \/>\n<script type=\"application\/ld+json\" class=\"yoast-schema-graph\">{\"@context\":\"https:\\\/\\\/schema.org\",\"@graph\":[{\"@type\":\"WebPage\",\"@id\":\"https:\\\/\\\/www.pcimembranes.com\\\/de\\\/__trashed\\\/testmodule-fuer-membranen\\\/\",\"url\":\"https:\\\/\\\/www.pcimembranes.com\\\/de\\\/__trashed\\\/testmodule-fuer-membranen\\\/\",\"name\":\"Testmodule f\u00fcr Membranen - PCI Membranes\",\"isPartOf\":{\"@id\":\"https:\\\/\\\/www.pcimembranes.com\\\/de\\\/#website\"},\"primaryImageOfPage\":{\"@id\":\"https:\\\/\\\/www.pcimembranes.com\\\/de\\\/__trashed\\\/testmodule-fuer-membranen\\\/#primaryimage\"},\"image\":{\"@id\":\"https:\\\/\\\/www.pcimembranes.com\\\/de\\\/__trashed\\\/testmodule-fuer-membranen\\\/#primaryimage\"},\"thumbnailUrl\":\"https:\\\/\\\/www.zinga.com\\\/wp-content\\\/uploads\\\/2020\\\/08\\\/Gen2-Web-Banner-origional.jpg\",\"datePublished\":\"2021-12-22T16:24:38+00:00\",\"dateModified\":\"2025-07-23T10:32:25+00:00\",\"description\":\"Ein effektives Membransystem individuell gestalten. W\u00e4hrend viele Anwendungen von einem mehr oder weniger standardisierten Filtrationssystem profitieren k\u00f6nnen, erfordern andere Situationen m\u00f6glicherweise eine ma\u00dfgeschneiderte L\u00f6sung mit umfangreichen Prozesstests vor Ort. Von Membranspezialisten kann erwartet werden, dass sie \u00fcber Erfahrung und internes Fachwissen verf\u00fcgen, um L\u00f6sungen f\u00fcr Filtrationsprobleme in einer Vielzahl von Industriesektoren anzubieten und mit potenziellen Kunden zusammenzuarbeiten, um eine Membranfiltrationsl\u00f6sung zu entwerfen und zu optimieren.\",\"breadcrumb\":{\"@id\":\"https:\\\/\\\/www.pcimembranes.com\\\/de\\\/__trashed\\\/testmodule-fuer-membranen\\\/#breadcrumb\"},\"inLanguage\":\"de-DE\",\"potentialAction\":[{\"@type\":\"ReadAction\",\"target\":[\"https:\\\/\\\/www.pcimembranes.com\\\/de\\\/__trashed\\\/testmodule-fuer-membranen\\\/\"]}]},{\"@type\":\"ImageObject\",\"inLanguage\":\"de-DE\",\"@id\":\"https:\\\/\\\/www.pcimembranes.com\\\/de\\\/__trashed\\\/testmodule-fuer-membranen\\\/#primaryimage\",\"url\":\"https:\\\/\\\/www.zinga.com\\\/wp-content\\\/uploads\\\/2020\\\/08\\\/Gen2-Web-Banner-origional.jpg\",\"contentUrl\":\"https:\\\/\\\/www.zinga.com\\\/wp-content\\\/uploads\\\/2020\\\/08\\\/Gen2-Web-Banner-origional.jpg\"},{\"@type\":\"BreadcrumbList\",\"@id\":\"https:\\\/\\\/www.pcimembranes.com\\\/de\\\/__trashed\\\/testmodule-fuer-membranen\\\/#breadcrumb\",\"itemListElement\":[{\"@type\":\"ListItem\",\"position\":1,\"name\":\"\",\"item\":\"https:\\\/\\\/www.pcimembranes.com\\\/de\\\/\"},{\"@type\":\"ListItem\",\"position\":2,\"name\":\"Produkte\",\"item\":\"https:\\\/\\\/www.pcimembranes.com\\\/de\\\/__trashed\\\/\"},{\"@type\":\"ListItem\",\"position\":3,\"name\":\"Testmodule f\u00fcr Membranen\"}]},{\"@type\":\"WebSite\",\"@id\":\"https:\\\/\\\/www.pcimembranes.com\\\/de\\\/#website\",\"url\":\"https:\\\/\\\/www.pcimembranes.com\\\/de\\\/\",\"name\":\"PCI Membranes\",\"description\":\"Making the World Safer, Healthier and More Productive\",\"publisher\":{\"@id\":\"https:\\\/\\\/www.pcimembranes.com\\\/de\\\/#organization\"},\"potentialAction\":[{\"@type\":\"SearchAction\",\"target\":{\"@type\":\"EntryPoint\",\"urlTemplate\":\"https:\\\/\\\/www.pcimembranes.com\\\/de\\\/?s={search_term_string}\"},\"query-input\":{\"@type\":\"PropertyValueSpecification\",\"valueRequired\":true,\"valueName\":\"search_term_string\"}}],\"inLanguage\":\"de-DE\"},{\"@type\":\"Organization\",\"@id\":\"https:\\\/\\\/www.pcimembranes.com\\\/de\\\/#organization\",\"name\":\"Filtration Group\",\"url\":\"https:\\\/\\\/www.pcimembranes.com\\\/de\\\/\",\"logo\":{\"@type\":\"ImageObject\",\"inLanguage\":\"de-DE\",\"@id\":\"https:\\\/\\\/www.pcimembranes.com\\\/de\\\/#\\\/schema\\\/logo\\\/image\\\/\",\"url\":\"https:\\\/\\\/www.pcimembranes.com\\\/wp-content\\\/uploads\\\/2019\\\/06\\\/FGC-logo-1.png\",\"contentUrl\":\"https:\\\/\\\/www.pcimembranes.com\\\/wp-content\\\/uploads\\\/2019\\\/06\\\/FGC-logo-1.png\",\"width\":1104,\"height\":224,\"caption\":\"Filtration Group\"},\"image\":{\"@id\":\"https:\\\/\\\/www.pcimembranes.com\\\/de\\\/#\\\/schema\\\/logo\\\/image\\\/\"}}]}<\/script>\n<!-- \/ Yoast SEO plugin. -->","yoast_head_json":{"title":"Testmodule f\u00fcr Membranen - PCI Membranes","description":"Ein effektives Membransystem individuell gestalten. W\u00e4hrend viele Anwendungen von einem mehr oder weniger standardisierten Filtrationssystem profitieren k\u00f6nnen, erfordern andere Situationen m\u00f6glicherweise eine ma\u00dfgeschneiderte L\u00f6sung mit umfangreichen Prozesstests vor Ort. Von Membranspezialisten kann erwartet werden, dass sie \u00fcber Erfahrung und internes Fachwissen verf\u00fcgen, um L\u00f6sungen f\u00fcr Filtrationsprobleme in einer Vielzahl von Industriesektoren anzubieten und mit potenziellen Kunden zusammenzuarbeiten, um eine Membranfiltrationsl\u00f6sung zu entwerfen und zu optimieren.","robots":{"index":"index","follow":"follow","max-snippet":"max-snippet:-1","max-image-preview":"max-image-preview:large","max-video-preview":"max-video-preview:-1"},"canonical":"https:\/\/www.pcimembranes.com\/de\/__trashed\/testmodule-fuer-membranen\/","og_locale":"de_DE","og_type":"article","og_title":"Testmodule f\u00fcr Membranen - PCI Membranes","og_description":"Ein effektives Membransystem individuell gestalten. W\u00e4hrend viele Anwendungen von einem mehr oder weniger standardisierten Filtrationssystem profitieren k\u00f6nnen, erfordern andere Situationen m\u00f6glicherweise eine ma\u00dfgeschneiderte L\u00f6sung mit umfangreichen Prozesstests vor Ort. Von Membranspezialisten kann erwartet werden, dass sie \u00fcber Erfahrung und internes Fachwissen verf\u00fcgen, um L\u00f6sungen f\u00fcr Filtrationsprobleme in einer Vielzahl von Industriesektoren anzubieten und mit potenziellen Kunden zusammenzuarbeiten, um eine Membranfiltrationsl\u00f6sung zu entwerfen und zu optimieren.","og_url":"https:\/\/www.pcimembranes.com\/de\/__trashed\/testmodule-fuer-membranen\/","og_site_name":"PCI Membranes","article_modified_time":"2025-07-23T10:32:25+00:00","twitter_card":"summary_large_image","twitter_misc":{"Gesch\u00e4tzte Lesezeit":"4 Minuten"},"schema":{"@context":"https:\/\/schema.org","@graph":[{"@type":"WebPage","@id":"https:\/\/www.pcimembranes.com\/de\/__trashed\/testmodule-fuer-membranen\/","url":"https:\/\/www.pcimembranes.com\/de\/__trashed\/testmodule-fuer-membranen\/","name":"Testmodule f\u00fcr Membranen - PCI Membranes","isPartOf":{"@id":"https:\/\/www.pcimembranes.com\/de\/#website"},"primaryImageOfPage":{"@id":"https:\/\/www.pcimembranes.com\/de\/__trashed\/testmodule-fuer-membranen\/#primaryimage"},"image":{"@id":"https:\/\/www.pcimembranes.com\/de\/__trashed\/testmodule-fuer-membranen\/#primaryimage"},"thumbnailUrl":"https:\/\/www.zinga.com\/wp-content\/uploads\/2020\/08\/Gen2-Web-Banner-origional.jpg","datePublished":"2021-12-22T16:24:38+00:00","dateModified":"2025-07-23T10:32:25+00:00","description":"Ein effektives Membransystem individuell gestalten. W\u00e4hrend viele Anwendungen von einem mehr oder weniger standardisierten Filtrationssystem profitieren k\u00f6nnen, erfordern andere Situationen m\u00f6glicherweise eine ma\u00dfgeschneiderte L\u00f6sung mit umfangreichen Prozesstests vor Ort. Von Membranspezialisten kann erwartet werden, dass sie \u00fcber Erfahrung und internes Fachwissen verf\u00fcgen, um L\u00f6sungen f\u00fcr Filtrationsprobleme in einer Vielzahl von Industriesektoren anzubieten und mit potenziellen Kunden zusammenzuarbeiten, um eine Membranfiltrationsl\u00f6sung zu entwerfen und zu optimieren.","breadcrumb":{"@id":"https:\/\/www.pcimembranes.com\/de\/__trashed\/testmodule-fuer-membranen\/#breadcrumb"},"inLanguage":"de-DE","potentialAction":[{"@type":"ReadAction","target":["https:\/\/www.pcimembranes.com\/de\/__trashed\/testmodule-fuer-membranen\/"]}]},{"@type":"ImageObject","inLanguage":"de-DE","@id":"https:\/\/www.pcimembranes.com\/de\/__trashed\/testmodule-fuer-membranen\/#primaryimage","url":"https:\/\/www.zinga.com\/wp-content\/uploads\/2020\/08\/Gen2-Web-Banner-origional.jpg","contentUrl":"https:\/\/www.zinga.com\/wp-content\/uploads\/2020\/08\/Gen2-Web-Banner-origional.jpg"},{"@type":"BreadcrumbList","@id":"https:\/\/www.pcimembranes.com\/de\/__trashed\/testmodule-fuer-membranen\/#breadcrumb","itemListElement":[{"@type":"ListItem","position":1,"name":"","item":"https:\/\/www.pcimembranes.com\/de\/"},{"@type":"ListItem","position":2,"name":"Produkte","item":"https:\/\/www.pcimembranes.com\/de\/__trashed\/"},{"@type":"ListItem","position":3,"name":"Testmodule f\u00fcr Membranen"}]},{"@type":"WebSite","@id":"https:\/\/www.pcimembranes.com\/de\/#website","url":"https:\/\/www.pcimembranes.com\/de\/","name":"PCI Membranes","description":"Making the World Safer, Healthier and More Productive","publisher":{"@id":"https:\/\/www.pcimembranes.com\/de\/#organization"},"potentialAction":[{"@type":"SearchAction","target":{"@type":"EntryPoint","urlTemplate":"https:\/\/www.pcimembranes.com\/de\/?s={search_term_string}"},"query-input":{"@type":"PropertyValueSpecification","valueRequired":true,"valueName":"search_term_string"}}],"inLanguage":"de-DE"},{"@type":"Organization","@id":"https:\/\/www.pcimembranes.com\/de\/#organization","name":"Filtration Group","url":"https:\/\/www.pcimembranes.com\/de\/","logo":{"@type":"ImageObject","inLanguage":"de-DE","@id":"https:\/\/www.pcimembranes.com\/de\/#\/schema\/logo\/image\/","url":"https:\/\/www.pcimembranes.com\/wp-content\/uploads\/2019\/06\/FGC-logo-1.png","contentUrl":"https:\/\/www.pcimembranes.com\/wp-content\/uploads\/2019\/06\/FGC-logo-1.png","width":1104,"height":224,"caption":"Filtration Group"},"image":{"@id":"https:\/\/www.pcimembranes.com\/de\/#\/schema\/logo\/image\/"}}]}},"_links":{"self":[{"href":"https:\/\/www.pcimembranes.com\/de\/wp-json\/wp\/v2\/pages\/3287","targetHints":{"allow":["GET"]}}],"collection":[{"href":"https:\/\/www.pcimembranes.com\/de\/wp-json\/wp\/v2\/pages"}],"about":[{"href":"https:\/\/www.pcimembranes.com\/de\/wp-json\/wp\/v2\/types\/page"}],"author":[{"embeddable":true,"href":"https:\/\/www.pcimembranes.com\/de\/wp-json\/wp\/v2\/users\/9"}],"replies":[{"embeddable":true,"href":"https:\/\/www.pcimembranes.com\/de\/wp-json\/wp\/v2\/comments?post=3287"}],"version-history":[{"count":0,"href":"https:\/\/www.pcimembranes.com\/de\/wp-json\/wp\/v2\/pages\/3287\/revisions"}],"up":[{"embeddable":true,"href":"https:\/\/www.pcimembranes.com\/de\/wp-json\/wp\/v2\/pages\/3272"}],"wp:attachment":[{"href":"https:\/\/www.pcimembranes.com\/de\/wp-json\/wp\/v2\/media?parent=3287"}],"curies":[{"name":"wp","href":"https:\/\/api.w.org\/{rel}","templated":true}]}}