{"id":3296,"date":"2021-12-22T16:32:21","date_gmt":"2021-12-22T16:32:21","guid":{"rendered":"https:\/\/www.pcimembranes.com\/?page_id=3296"},"modified":"2025-07-23T10:33:08","modified_gmt":"2025-07-23T10:33:08","slug":"pilotanlagen","status":"publish","type":"page","link":"https:\/\/www.pcimembranes.com\/de\/__trashed\/testmodule-fuer-membranen\/pilotanlagen\/","title":{"rendered":"Pilotanlagen"},"content":{"rendered":"\n<div class=\"wp-block-cover alignfull has-background-dim-10 has-background-dim\" style=\"min-height:259px;aspect-ratio:unset;\"><img loading=\"lazy\" decoding=\"async\" width=\"1400\" height=\"787\" class=\"wp-block-cover__image-background wp-image-2796\" alt=\"\" src=\"https:\/\/www.pcimembranes.com\/wp-content\/uploads\/2021\/08\/MicrosoftTeams-image-_2.jpg\" data-object-fit=\"cover\" srcset=\"https:\/\/www.pcimembranes.com\/wp-content\/uploads\/2021\/08\/MicrosoftTeams-image-_2.jpg 1400w, https:\/\/www.pcimembranes.com\/wp-content\/uploads\/2021\/08\/MicrosoftTeams-image-_2-300x169.jpg 300w, https:\/\/www.pcimembranes.com\/wp-content\/uploads\/2021\/08\/MicrosoftTeams-image-_2-1024x576.jpg 1024w, https:\/\/www.pcimembranes.com\/wp-content\/uploads\/2021\/08\/MicrosoftTeams-image-_2-768x432.jpg 768w\" sizes=\"auto, (max-width: 1400px) 100vw, 1400px\" \/><div class=\"wp-block-cover__inner-container is-layout-flow wp-block-cover-is-layout-flow\">\n\n<h1 class=\"has-text-align-center wp-block-heading\">Pilotanlagen<\/h1>\n\n<\/div><\/div>\n\n\n\n<!--Close-->\t\n<\/div><\/div><\/section>\n<!--Menu-->\n<div class=\"no-top-margin\">\n<div class=\"msb-sticky-bar\">\n<div class=\"container\">\n  <div class=\"row\">\n    <div class=\"col-sm text-center\">\n      <a href=\"https:\/\/www.pcimembranes.com\/de\/kontaktieren-sie-uns\/\" class=\"btn btn-primary solution-trigger\">SPRECHEN SIE MIT EINEM EXPERTEN<\/a>\n    <\/div>\n  <\/div>\n<\/div>\n<\/div>\n<\/div>\n<!--Open-->\n<section class=\"container\"><div class=\"row\"><div class=\"col-md-12\">\n\n\n\n<h2 class=\"wp-block-heading\">Pilotanlagen<\/h2>\n\n\n\n<h3 class=\"wp-block-heading\">Produktion und Verarbeitung im Pilotma\u00dfstab<\/h3>\n\n\n\n<p>PCI Membranes\u00ae kann Ihnen den f\u00fcr Ihre Anwendung am besten geeigneten Membran- und Modultyp empfehlen. Wir k\u00f6nnen auch Testprogramme erstellen und auf der Grundlage der gesammelten Daten gro\u00dftechnische Anlagen mit Kostenvoranschl\u00e4gen oder verbindlichen Angeboten entwerfen.<\/p>\n\n\n\n<p>Die Pilotanlage ist f\u00fcr die Arbeit im Pilotma\u00dfstab konzipiert und kann f\u00fcr die Verarbeitung einer Vielzahl von w\u00e4ssrigen L\u00f6sungen mittels Mikrofiltration (MF), Ultrafiltration (UF), Nanofiltration (NF) und Umkehrosmose (RO) eingesetzt werden. Je nach Anwendungsfall steht eine breite Palette von Membranen zur Verf\u00fcgung.<\/p>\n\n\n\n<p>Beide Ausf\u00fchrungen werden mit der erforderlichen Instrumentierung geliefert, damit die Daten f\u00fcr den Scale-up genau und einfach erfasst werden k\u00f6nnen. Sie k\u00f6nnen individuell angepasst werden, so dass sie f\u00fcr kleine Produktionsmengen im kontinuierlichen, halbkontinuierlichen oder Chargenbetrieb eingesetzt werden k\u00f6nnen.<\/p>\n\n\n\n<ul class=\"wp-block-list\">\n<li>1 x 30cm langes PCI MICRO 240 Rohrmodul mit 0,024m2 Membranfl\u00e4che (Kurzzeitbewertung)<\/li>\n\n\n\n<li>1 x 1,2 m langes PCI B1 Rohrmodul mit 0,9 m2 Membranfl\u00e4che (alle Anwendungen)<\/li>\n\n\n\n<li>3 x 12&#8242; (3,6m lang) B1 PCI Rohrmodule mit Twin Entry Endkappen mit 7,8m2 Membranfl\u00e4che (nur UF-Anwendung)<\/li>\n\n\n\n<li>Bis zu 6 x 3,6 m lange PCI B1-Rohrmodule mit einer Gesamtmembranfl\u00e4che von 15,6 m2 (nur RO- und NF-Anwendungen)<\/li>\n\n\n\n<li>2 x 1,8 m lange PCI C10-Module mit einer Gesamtmembranfl\u00e4che von 10,3 m2 (nur f\u00fcr Reinwasser)<\/li>\n<\/ul>\n\n\n\n<div class=\"wp-block-columns has-2-columns is-layout-flex wp-container-core-columns-is-layout-9d6595d7 wp-block-columns-is-layout-flex\">\n<div class=\"wp-block-column is-layout-flow wp-block-column-is-layout-flow\">\n<div class=\"wp-block-group alignwide\"><div class=\"wp-block-group__inner-container is-layout-flow wp-block-group-is-layout-flow\">\n<div class=\"wp-block-media-text alignwide has-media-on-the-right is-stacked-on-mobile is-vertically-aligned-center\"><figure class=\"wp-block-media-text__media\"><img loading=\"lazy\" decoding=\"async\" width=\"500\" height=\"317\" src=\"https:\/\/www.pcimembranes.com\/wp-content\/uploads\/2020\/11\/B1_Pilot_Plant_1_cropped.jpg\" alt=\"\" class=\"wp-image-1312 size-full\" srcset=\"https:\/\/www.pcimembranes.com\/wp-content\/uploads\/2020\/11\/B1_Pilot_Plant_1_cropped.jpg 500w, https:\/\/www.pcimembranes.com\/wp-content\/uploads\/2020\/11\/B1_Pilot_Plant_1_cropped-300x190.jpg 300w\" sizes=\"auto, (max-width: 500px) 100vw, 500px\" \/><\/figure><div class=\"wp-block-media-text__content\">\n\n<h2 class=\"wp-block-heading\">Pilotdatenblatt herunterladen<\/h2>\n\n\n<figure class=\"wp-block-table alignleft is-style-stripes\"><table class=\"has-background has-fixed-layout\" style=\"background-color:#e7f5fe\"><tbody><tr><td class=\"has-text-align-center\" data-align=\"center\"><a href=\"https:\/\/www.pcimembranes.com\/wp-content\/uploads\/2020\/11\/2020-11-11-BROBUF-08-PCI-Pilot-Datasheets.pdf\">BRO\/BUF 08<\/a><\/td><td class=\"has-text-align-center\" data-align=\"center\"><a href=\"https:\/\/www.pcimembranes.com\/wp-content\/uploads\/2020\/11\/2020-11-11-BROBUF-11-PCI-Pilot-Datasheets.pdf\">BRO\/BUF 11<\/a><\/td><td class=\"has-text-align-center\" data-align=\"center\"><a href=\"https:\/\/www.pcimembranes.com\/wp-content\/uploads\/2020\/11\/2020-11-11-Micro-240-PCI-Pilot-Datasheets.pdf\">Micro 240<\/a><\/td><\/tr><tr><td class=\"has-text-align-center\" data-align=\"center\"><a href=\"https:\/\/www.pcimembranes.com\/wp-content\/uploads\/2020\/11\/2020-11-11-BROBUF-09-PCI-Pilot-Datasheets.pdf\">BRO\/BUF 09<\/a><\/td><td class=\"has-text-align-center\" data-align=\"center\"><a href=\"https:\/\/www.pcimembranes.com\/wp-content\/uploads\/2020\/11\/2020-11-11-MAXI-BUF-PCI-Pilot-Datasheets.pdf\">MAXI BUF<\/a><\/td><td class=\"has-text-align-center\" data-align=\"center\"><a href=\"https:\/\/www.pcimembranes.com\/wp-content\/uploads\/2020\/11\/2020-11-11-C10-PCI-Pilot-Datasheets.pdf\">C10<\/a><\/td><\/tr><tr><td class=\"has-text-align-center\" data-align=\"center\"><a href=\"https:\/\/www.pcimembranes.com\/wp-content\/uploads\/2020\/11\/2020-11-11-BROBUF-10-PCI-Pilot-Datasheets.pdf\">BRO\/BUF 10<\/a><\/td><td class=\"has-text-align-center\" data-align=\"center\"><a href=\"https:\/\/www.pcimembranes.com\/wp-content\/uploads\/2020\/11\/2020-11-11-MSR-PCI-Pilot-Datasheets.pdf\">MSR<\/a><\/td><td class=\"has-text-align-center\" data-align=\"center\"><a href=\"https:\/\/www.pcimembranes.com\/wp-content\/uploads\/2020\/11\/2020-11-11-UF15-PCI-Pilot-Datasheets.pdf\">UF15<\/a><\/td><\/tr><tr><td class=\"has-text-align-center\" data-align=\"center\"><a href=\"https:\/\/www.pcimembranes.com\/wp-content\/uploads\/2020\/11\/2020-11-11-Single-Tube-Tester-PCI-Pilot-Datasheets.pdf\">Single Tube Tester<\/a><\/td><td class=\"has-text-align-center\" data-align=\"center\"><\/td><td class=\"has-text-align-center\" data-align=\"center\"><\/td><\/tr><\/tbody><\/table><\/figure>\n\n<\/div><\/div>\n\n\n<div class=\"wp-block-image\">\n<figure class=\"alignleft size-large is-resized\"><img loading=\"lazy\" decoding=\"async\" width=\"400\" height=\"196\" src=\"https:\/\/www.pcimembranes.com\/wp-content\/uploads\/2020\/11\/image-2.jpeg\" alt=\"\" class=\"wp-image-1314\" style=\"width:366px;height:180px\" srcset=\"https:\/\/www.pcimembranes.com\/wp-content\/uploads\/2020\/11\/image-2.jpeg 400w, https:\/\/www.pcimembranes.com\/wp-content\/uploads\/2020\/11\/image-2-300x147.jpeg 300w\" sizes=\"auto, (max-width: 400px) 100vw, 400px\" \/><\/figure>\n<\/div><\/div><\/div>\n<\/div>\n<\/div>\n\n\n","protected":false},"excerpt":{"rendered":"<p>SPRECHEN SIE MIT EINEM EXPERTEN Pilotanlagen Produktion und Verarbeitung im Pilotma\u00dfstab PCI Membranes\u00ae kann Ihnen den f\u00fcr Ihre Anwendung am besten geeigneten Membran- und Modultyp empfehlen. Wir k\u00f6nnen auch Testprogramme erstellen und auf der Grundlage der gesammelten Daten gro\u00dftechnische Anlagen mit Kostenvoranschl\u00e4gen oder verbindlichen Angeboten entwerfen. Die Pilotanlage ist f\u00fcr die Arbeit im Pilotma\u00dfstab konzipiert [&hellip;]<\/p>\n","protected":false},"author":10,"featured_media":0,"parent":3287,"menu_order":0,"comment_status":"closed","ping_status":"closed","template":"","meta":{"_acf_changed":false,"content-type":"","footnotes":""},"class_list":["post-3296","page","type-page","status-publish","hentry"],"acf":[],"yoast_head":"<!-- This site is optimized with the Yoast SEO plugin v27.3 - https:\/\/yoast.com\/product\/yoast-seo-wordpress\/ -->\n<title>Pilotanlagen - PCI Membranes<\/title>\n<meta name=\"description\" content=\"PCI Membranes kann Ihnen den f\u00fcr Ihre Anwendung am besten geeigneten Membran- und Modultyp empfehlen. Wir k\u00f6nnen auch Testprogramme erstellen und auf der Grundlage der gesammelten Daten gro\u00dftechnische Anlagen mit Kostenvoranschl\u00e4gen oder verbindlichen Angeboten entwerfen.\" \/>\n<meta name=\"robots\" content=\"index, follow, max-snippet:-1, max-image-preview:large, max-video-preview:-1\" \/>\n<link rel=\"canonical\" href=\"https:\/\/www.pcimembranes.com\/de\/__trashed\/testmodule-fuer-membranen\/pilotanlagen\/\" \/>\n<meta property=\"og:locale\" content=\"de_DE\" \/>\n<meta property=\"og:type\" content=\"article\" \/>\n<meta property=\"og:title\" content=\"Pilotanlagen - PCI Membranes\" \/>\n<meta property=\"og:description\" content=\"PCI Membranes kann Ihnen den f\u00fcr Ihre Anwendung am besten geeigneten Membran- und Modultyp empfehlen. Wir k\u00f6nnen auch Testprogramme erstellen und auf der Grundlage der gesammelten Daten gro\u00dftechnische Anlagen mit Kostenvoranschl\u00e4gen oder verbindlichen Angeboten entwerfen.\" \/>\n<meta property=\"og:url\" content=\"https:\/\/www.pcimembranes.com\/de\/__trashed\/testmodule-fuer-membranen\/pilotanlagen\/\" \/>\n<meta property=\"og:site_name\" content=\"PCI Membranes\" \/>\n<meta property=\"article:modified_time\" content=\"2025-07-23T10:33:08+00:00\" \/>\n<meta property=\"og:image\" content=\"https:\/\/www.pcimembranes.com\/wp-content\/uploads\/2021\/08\/MicrosoftTeams-image-_2.jpg\" \/>\n\t<meta property=\"og:image:width\" content=\"1400\" \/>\n\t<meta property=\"og:image:height\" content=\"787\" \/>\n\t<meta property=\"og:image:type\" content=\"image\/jpeg\" \/>\n<meta name=\"twitter:card\" content=\"summary_large_image\" \/>\n<meta name=\"twitter:label1\" content=\"Gesch\u00e4tzte Lesezeit\" \/>\n\t<meta name=\"twitter:data1\" content=\"4 Minuten\" \/>\n<script type=\"application\/ld+json\" class=\"yoast-schema-graph\">{\"@context\":\"https:\\\/\\\/schema.org\",\"@graph\":[{\"@type\":\"WebPage\",\"@id\":\"https:\\\/\\\/www.pcimembranes.com\\\/de\\\/__trashed\\\/testmodule-fuer-membranen\\\/pilotanlagen\\\/\",\"url\":\"https:\\\/\\\/www.pcimembranes.com\\\/de\\\/__trashed\\\/testmodule-fuer-membranen\\\/pilotanlagen\\\/\",\"name\":\"Pilotanlagen - PCI Membranes\",\"isPartOf\":{\"@id\":\"https:\\\/\\\/www.pcimembranes.com\\\/de\\\/#website\"},\"primaryImageOfPage\":{\"@id\":\"https:\\\/\\\/www.pcimembranes.com\\\/de\\\/__trashed\\\/testmodule-fuer-membranen\\\/pilotanlagen\\\/#primaryimage\"},\"image\":{\"@id\":\"https:\\\/\\\/www.pcimembranes.com\\\/de\\\/__trashed\\\/testmodule-fuer-membranen\\\/pilotanlagen\\\/#primaryimage\"},\"thumbnailUrl\":\"https:\\\/\\\/www.pcimembranes.com\\\/wp-content\\\/uploads\\\/2021\\\/08\\\/MicrosoftTeams-image-_2.jpg\",\"datePublished\":\"2021-12-22T16:32:21+00:00\",\"dateModified\":\"2025-07-23T10:33:08+00:00\",\"description\":\"PCI Membranes kann Ihnen den f\u00fcr Ihre Anwendung am besten geeigneten Membran- und Modultyp empfehlen. Wir k\u00f6nnen auch Testprogramme erstellen und auf der Grundlage der gesammelten Daten gro\u00dftechnische Anlagen mit Kostenvoranschl\u00e4gen oder verbindlichen Angeboten entwerfen.\",\"breadcrumb\":{\"@id\":\"https:\\\/\\\/www.pcimembranes.com\\\/de\\\/__trashed\\\/testmodule-fuer-membranen\\\/pilotanlagen\\\/#breadcrumb\"},\"inLanguage\":\"de-DE\",\"potentialAction\":[{\"@type\":\"ReadAction\",\"target\":[\"https:\\\/\\\/www.pcimembranes.com\\\/de\\\/__trashed\\\/testmodule-fuer-membranen\\\/pilotanlagen\\\/\"]}]},{\"@type\":\"ImageObject\",\"inLanguage\":\"de-DE\",\"@id\":\"https:\\\/\\\/www.pcimembranes.com\\\/de\\\/__trashed\\\/testmodule-fuer-membranen\\\/pilotanlagen\\\/#primaryimage\",\"url\":\"https:\\\/\\\/www.pcimembranes.com\\\/wp-content\\\/uploads\\\/2021\\\/08\\\/MicrosoftTeams-image-_2.jpg\",\"contentUrl\":\"https:\\\/\\\/www.pcimembranes.com\\\/wp-content\\\/uploads\\\/2021\\\/08\\\/MicrosoftTeams-image-_2.jpg\"},{\"@type\":\"BreadcrumbList\",\"@id\":\"https:\\\/\\\/www.pcimembranes.com\\\/de\\\/__trashed\\\/testmodule-fuer-membranen\\\/pilotanlagen\\\/#breadcrumb\",\"itemListElement\":[{\"@type\":\"ListItem\",\"position\":1,\"name\":\"\",\"item\":\"https:\\\/\\\/www.pcimembranes.com\\\/de\\\/\"},{\"@type\":\"ListItem\",\"position\":2,\"name\":\"Produkte\",\"item\":\"https:\\\/\\\/www.pcimembranes.com\\\/de\\\/__trashed\\\/\"},{\"@type\":\"ListItem\",\"position\":3,\"name\":\"Testmodule f\u00fcr Membranen\",\"item\":\"https:\\\/\\\/www.pcimembranes.com\\\/de\\\/__trashed\\\/testmodule-fuer-membranen\\\/\"},{\"@type\":\"ListItem\",\"position\":4,\"name\":\"Pilotanlagen\"}]},{\"@type\":\"WebSite\",\"@id\":\"https:\\\/\\\/www.pcimembranes.com\\\/de\\\/#website\",\"url\":\"https:\\\/\\\/www.pcimembranes.com\\\/de\\\/\",\"name\":\"PCI Membranes\",\"description\":\"Making the World Safer, Healthier and More Productive\",\"publisher\":{\"@id\":\"https:\\\/\\\/www.pcimembranes.com\\\/de\\\/#organization\"},\"potentialAction\":[{\"@type\":\"SearchAction\",\"target\":{\"@type\":\"EntryPoint\",\"urlTemplate\":\"https:\\\/\\\/www.pcimembranes.com\\\/de\\\/?s={search_term_string}\"},\"query-input\":{\"@type\":\"PropertyValueSpecification\",\"valueRequired\":true,\"valueName\":\"search_term_string\"}}],\"inLanguage\":\"de-DE\"},{\"@type\":\"Organization\",\"@id\":\"https:\\\/\\\/www.pcimembranes.com\\\/de\\\/#organization\",\"name\":\"Filtration Group\",\"url\":\"https:\\\/\\\/www.pcimembranes.com\\\/de\\\/\",\"logo\":{\"@type\":\"ImageObject\",\"inLanguage\":\"de-DE\",\"@id\":\"https:\\\/\\\/www.pcimembranes.com\\\/de\\\/#\\\/schema\\\/logo\\\/image\\\/\",\"url\":\"https:\\\/\\\/www.pcimembranes.com\\\/wp-content\\\/uploads\\\/2019\\\/06\\\/FGC-logo-1.png\",\"contentUrl\":\"https:\\\/\\\/www.pcimembranes.com\\\/wp-content\\\/uploads\\\/2019\\\/06\\\/FGC-logo-1.png\",\"width\":1104,\"height\":224,\"caption\":\"Filtration Group\"},\"image\":{\"@id\":\"https:\\\/\\\/www.pcimembranes.com\\\/de\\\/#\\\/schema\\\/logo\\\/image\\\/\"}}]}<\/script>\n<!-- \/ Yoast SEO plugin. -->","yoast_head_json":{"title":"Pilotanlagen - PCI Membranes","description":"PCI Membranes kann Ihnen den f\u00fcr Ihre Anwendung am besten geeigneten Membran- und Modultyp empfehlen. Wir k\u00f6nnen auch Testprogramme erstellen und auf der Grundlage der gesammelten Daten gro\u00dftechnische Anlagen mit Kostenvoranschl\u00e4gen oder verbindlichen Angeboten entwerfen.","robots":{"index":"index","follow":"follow","max-snippet":"max-snippet:-1","max-image-preview":"max-image-preview:large","max-video-preview":"max-video-preview:-1"},"canonical":"https:\/\/www.pcimembranes.com\/de\/__trashed\/testmodule-fuer-membranen\/pilotanlagen\/","og_locale":"de_DE","og_type":"article","og_title":"Pilotanlagen - PCI Membranes","og_description":"PCI Membranes kann Ihnen den f\u00fcr Ihre Anwendung am besten geeigneten Membran- und Modultyp empfehlen. Wir k\u00f6nnen auch Testprogramme erstellen und auf der Grundlage der gesammelten Daten gro\u00dftechnische Anlagen mit Kostenvoranschl\u00e4gen oder verbindlichen Angeboten entwerfen.","og_url":"https:\/\/www.pcimembranes.com\/de\/__trashed\/testmodule-fuer-membranen\/pilotanlagen\/","og_site_name":"PCI Membranes","article_modified_time":"2025-07-23T10:33:08+00:00","og_image":[{"width":1400,"height":787,"url":"https:\/\/www.pcimembranes.com\/wp-content\/uploads\/2021\/08\/MicrosoftTeams-image-_2.jpg","type":"image\/jpeg"}],"twitter_card":"summary_large_image","twitter_misc":{"Gesch\u00e4tzte Lesezeit":"4 Minuten"},"schema":{"@context":"https:\/\/schema.org","@graph":[{"@type":"WebPage","@id":"https:\/\/www.pcimembranes.com\/de\/__trashed\/testmodule-fuer-membranen\/pilotanlagen\/","url":"https:\/\/www.pcimembranes.com\/de\/__trashed\/testmodule-fuer-membranen\/pilotanlagen\/","name":"Pilotanlagen - PCI Membranes","isPartOf":{"@id":"https:\/\/www.pcimembranes.com\/de\/#website"},"primaryImageOfPage":{"@id":"https:\/\/www.pcimembranes.com\/de\/__trashed\/testmodule-fuer-membranen\/pilotanlagen\/#primaryimage"},"image":{"@id":"https:\/\/www.pcimembranes.com\/de\/__trashed\/testmodule-fuer-membranen\/pilotanlagen\/#primaryimage"},"thumbnailUrl":"https:\/\/www.pcimembranes.com\/wp-content\/uploads\/2021\/08\/MicrosoftTeams-image-_2.jpg","datePublished":"2021-12-22T16:32:21+00:00","dateModified":"2025-07-23T10:33:08+00:00","description":"PCI Membranes kann Ihnen den f\u00fcr Ihre Anwendung am besten geeigneten Membran- und Modultyp empfehlen. Wir k\u00f6nnen auch Testprogramme erstellen und auf der Grundlage der gesammelten Daten gro\u00dftechnische Anlagen mit Kostenvoranschl\u00e4gen oder verbindlichen Angeboten entwerfen.","breadcrumb":{"@id":"https:\/\/www.pcimembranes.com\/de\/__trashed\/testmodule-fuer-membranen\/pilotanlagen\/#breadcrumb"},"inLanguage":"de-DE","potentialAction":[{"@type":"ReadAction","target":["https:\/\/www.pcimembranes.com\/de\/__trashed\/testmodule-fuer-membranen\/pilotanlagen\/"]}]},{"@type":"ImageObject","inLanguage":"de-DE","@id":"https:\/\/www.pcimembranes.com\/de\/__trashed\/testmodule-fuer-membranen\/pilotanlagen\/#primaryimage","url":"https:\/\/www.pcimembranes.com\/wp-content\/uploads\/2021\/08\/MicrosoftTeams-image-_2.jpg","contentUrl":"https:\/\/www.pcimembranes.com\/wp-content\/uploads\/2021\/08\/MicrosoftTeams-image-_2.jpg"},{"@type":"BreadcrumbList","@id":"https:\/\/www.pcimembranes.com\/de\/__trashed\/testmodule-fuer-membranen\/pilotanlagen\/#breadcrumb","itemListElement":[{"@type":"ListItem","position":1,"name":"","item":"https:\/\/www.pcimembranes.com\/de\/"},{"@type":"ListItem","position":2,"name":"Produkte","item":"https:\/\/www.pcimembranes.com\/de\/__trashed\/"},{"@type":"ListItem","position":3,"name":"Testmodule f\u00fcr Membranen","item":"https:\/\/www.pcimembranes.com\/de\/__trashed\/testmodule-fuer-membranen\/"},{"@type":"ListItem","position":4,"name":"Pilotanlagen"}]},{"@type":"WebSite","@id":"https:\/\/www.pcimembranes.com\/de\/#website","url":"https:\/\/www.pcimembranes.com\/de\/","name":"PCI Membranes","description":"Making the World Safer, Healthier and More Productive","publisher":{"@id":"https:\/\/www.pcimembranes.com\/de\/#organization"},"potentialAction":[{"@type":"SearchAction","target":{"@type":"EntryPoint","urlTemplate":"https:\/\/www.pcimembranes.com\/de\/?s={search_term_string}"},"query-input":{"@type":"PropertyValueSpecification","valueRequired":true,"valueName":"search_term_string"}}],"inLanguage":"de-DE"},{"@type":"Organization","@id":"https:\/\/www.pcimembranes.com\/de\/#organization","name":"Filtration Group","url":"https:\/\/www.pcimembranes.com\/de\/","logo":{"@type":"ImageObject","inLanguage":"de-DE","@id":"https:\/\/www.pcimembranes.com\/de\/#\/schema\/logo\/image\/","url":"https:\/\/www.pcimembranes.com\/wp-content\/uploads\/2019\/06\/FGC-logo-1.png","contentUrl":"https:\/\/www.pcimembranes.com\/wp-content\/uploads\/2019\/06\/FGC-logo-1.png","width":1104,"height":224,"caption":"Filtration Group"},"image":{"@id":"https:\/\/www.pcimembranes.com\/de\/#\/schema\/logo\/image\/"}}]}},"_links":{"self":[{"href":"https:\/\/www.pcimembranes.com\/de\/wp-json\/wp\/v2\/pages\/3296","targetHints":{"allow":["GET"]}}],"collection":[{"href":"https:\/\/www.pcimembranes.com\/de\/wp-json\/wp\/v2\/pages"}],"about":[{"href":"https:\/\/www.pcimembranes.com\/de\/wp-json\/wp\/v2\/types\/page"}],"author":[{"embeddable":true,"href":"https:\/\/www.pcimembranes.com\/de\/wp-json\/wp\/v2\/users\/10"}],"replies":[{"embeddable":true,"href":"https:\/\/www.pcimembranes.com\/de\/wp-json\/wp\/v2\/comments?post=3296"}],"version-history":[{"count":0,"href":"https:\/\/www.pcimembranes.com\/de\/wp-json\/wp\/v2\/pages\/3296\/revisions"}],"up":[{"embeddable":true,"href":"https:\/\/www.pcimembranes.com\/de\/wp-json\/wp\/v2\/pages\/3287"}],"wp:attachment":[{"href":"https:\/\/www.pcimembranes.com\/de\/wp-json\/wp\/v2\/media?parent=3296"}],"curies":[{"name":"wp","href":"https:\/\/api.w.org\/{rel}","templated":true}]}}