{"id":7726,"date":"2024-08-19T09:35:09","date_gmt":"2024-08-19T09:35:09","guid":{"rendered":"https:\/\/www.pcimembranes.com\/?page_id=7726"},"modified":"2024-08-19T09:35:19","modified_gmt":"2024-08-19T09:35:19","slug":"module-a37-serie","status":"publish","type":"page","link":"https:\/\/www.pcimembranes.com\/de\/__trashed\/rohrmembranmodule-der-serie-a\/module-a37-serie\/","title":{"rendered":"Module A37 Serie"},"content":{"rendered":"\n<div class=\"wp-block-cover alignfull is-light\" style=\"min-height:300px;aspect-ratio:unset;\"><span aria-hidden=\"true\" class=\"wp-block-cover__background has-background-dim-10 has-background-dim\"><\/span><img loading=\"lazy\" decoding=\"async\" width=\"1400\" height=\"787\" class=\"wp-block-cover__image-background wp-image-2795\" alt=\"\" src=\"https:\/\/www.pcimembranes.com\/wp-content\/uploads\/2021\/08\/MicrosoftTeams-image-_2.jpg\" data-object-fit=\"cover\" srcset=\"https:\/\/www.pcimembranes.com\/wp-content\/uploads\/2021\/08\/MicrosoftTeams-image-_2.jpg 1400w, https:\/\/www.pcimembranes.com\/wp-content\/uploads\/2021\/08\/MicrosoftTeams-image-_2-300x169.jpg 300w, https:\/\/www.pcimembranes.com\/wp-content\/uploads\/2021\/08\/MicrosoftTeams-image-_2-1024x576.jpg 1024w, https:\/\/www.pcimembranes.com\/wp-content\/uploads\/2021\/08\/MicrosoftTeams-image-_2-768x432.jpg 768w\" sizes=\"auto, (max-width: 1400px) 100vw, 1400px\" \/><div class=\"wp-block-cover__inner-container is-layout-flow wp-block-cover-is-layout-flow\">\n<h1 class=\"wp-block-heading has-text-align-center has-white-color has-text-color has-link-color wp-elements-6ccf7d9e0b73c56fa1439f6023b58f57\">Module A37 Serie<\/h1>\n<\/div><\/div>\n\n\n\n<!--Close-->\t\n<\/div><\/div><\/section>\n<!--Menu-->\n<div class=\"no-top-margin\">\n<div class=\"msb-sticky-bar\">\n<div class=\"container\">\n  <div class=\"row\">\n    <div class=\"col-sm text-center\">\n      <a href=\"https:\/\/www.pcimembranes.com\/contact-2\/\" class=\"btn btn-primary solution-trigger\">SPRECHEN SIE MIT EINEM EXPERTEN<\/a>\n    <\/div>\n  <\/div>\n<\/div>\n<\/div>\n<\/div>\n<!--Open-->\n<section class=\"container\"><div class=\"row\"><div class=\"col-md-12\">\n\n\n\n<h2 class=\"wp-block-heading\">Module A37 Serie<\/h2>\n\n\n\n<p>Das A37-Modul besteht aus einem austauschbaren Kern aus 37 Rohren mit jeweils 12,5 mm Durchmesser, eingebaut in ein Edelstahlgeh\u00e4use.<\/p>\n\n\n\n<p>Das Modul verwendet unsere speziell entwickelten PVDF-Ultrafiltrations- und Mikrofiltrationsmembranen, die f\u00fcr eine Vielzahl unterschiedlicher Prozessbedingungen geeignet sind. Es stehen f\u00fcnf verschiedene Trennungen zur Verf\u00fcgung: 450k Dalton, 200k Dalton, 100k Dalton und 20k Dalton nominaler Trenngrenze sowie 0,2 Mikron, wobei die tats\u00e4chliche Leistung auch von den Betriebsbedingungen abh\u00e4ngt.<\/p>\n\n\n\n<p>Das Modul ist standardm\u00e4\u00dfig in der L\u00e4nge 3,66m erh\u00e4ltlich und bietet Membranfl\u00e4che 5,1 m\u00b2.<\/p>\n\n\n\n<p>Das kompakte Design verleiht dem Modul eine hohe Festigkeit und erm\u00f6glicht Betriebsdr\u00fccke von 7 bar bei Temperaturen bis zu 60 \u00b0C.<\/p>\n\n\n\n<div class=\"wp-block-columns has-2-columns is-layout-flex wp-container-core-columns-is-layout-9d6595d7 wp-block-columns-is-layout-flex\">\n<div class=\"wp-block-column is-layout-flow wp-block-column-is-layout-flow\">\n<figure class=\"wp-block-image\"><img loading=\"lazy\" decoding=\"async\" width=\"400\" height=\"343\" src=\"https:\/\/www.pcimembranes.com\/wp-content\/uploads\/2019\/09\/A37_Series_2.jpg\" alt=\"\" class=\"wp-image-542\" srcset=\"https:\/\/www.pcimembranes.com\/wp-content\/uploads\/2019\/09\/A37_Series_2.jpg 400w, https:\/\/www.pcimembranes.com\/wp-content\/uploads\/2019\/09\/A37_Series_2-300x257.jpg 300w\" sizes=\"auto, (max-width: 400px) 100vw, 400px\" \/><\/figure>\n<\/div>\n\n\n\n<div class=\"wp-block-column is-layout-flow wp-block-column-is-layout-flow\">\n<figure class=\"wp-block-image\"><img loading=\"lazy\" decoding=\"async\" width=\"241\" height=\"600\" src=\"https:\/\/www.pcimembranes.com\/wp-content\/uploads\/2019\/09\/PCI_Product-Sheets_A37-Series_diagram_small.jpg\" alt=\"\" class=\"wp-image-544\" srcset=\"https:\/\/www.pcimembranes.com\/wp-content\/uploads\/2019\/09\/PCI_Product-Sheets_A37-Series_diagram_small.jpg 241w, https:\/\/www.pcimembranes.com\/wp-content\/uploads\/2019\/09\/PCI_Product-Sheets_A37-Series_diagram_small-121x300.jpg 121w\" sizes=\"auto, (max-width: 241px) 100vw, 241px\" \/><\/figure>\n<\/div>\n<\/div>\n\n\n\n<div class=\"wp-block-file\"><a id=\"wp-block-file--media-588d62d0-a1a3-4ca6-a7af-3dddc5641338\" href=\"https:\/\/www.pcimembranes.com\/wp-content\/uploads\/2019\/09\/PCI_A37_Series_V2.pdf\" target=\"_blank\" rel=\"noreferrer noopener\"> A37 TECHNISCHES DATENBLATT <\/a><a href=\"https:\/\/www.pcimembranes.com\/wp-content\/uploads\/2019\/09\/PCI_A37_Series_V2.pdf\" class=\"wp-block-file__button wp-element-button\" download aria-describedby=\"wp-block-file--media-588d62d0-a1a3-4ca6-a7af-3dddc5641338\">Download<\/a><\/div>\n\n\n\n<div class=\"wp-block-file\"><a id=\"wp-block-file--media-877dcb3e-7ce1-417f-9e1b-f4bd696a3df0\" href=\"https:\/\/www.pcimembranes.com\/wp-content\/uploads\/2024\/06\/A37-Series-datasheet.pdf\" target=\"_blank\" rel=\"noreferrer noopener\"> A37 Series Datasheet <\/a><a href=\"https:\/\/www.pcimembranes.com\/wp-content\/uploads\/2024\/06\/A37-Series-datasheet.pdf\" class=\"wp-block-file__button wp-element-button\" download aria-describedby=\"wp-block-file--media-877dcb3e-7ce1-417f-9e1b-f4bd696a3df0\">Download<\/a><\/div>\n\n\n","protected":false},"excerpt":{"rendered":"<p>SPRECHEN SIE MIT EINEM EXPERTEN Module A37 Serie Das A37-Modul besteht aus einem austauschbaren Kern aus 37 Rohren mit jeweils 12,5 mm Durchmesser, eingebaut in ein Edelstahlgeh\u00e4use. Das Modul verwendet unsere speziell entwickelten PVDF-Ultrafiltrations- und Mikrofiltrationsmembranen, die f\u00fcr eine Vielzahl unterschiedlicher Prozessbedingungen geeignet sind. Es stehen f\u00fcnf verschiedene Trennungen zur Verf\u00fcgung: 450k Dalton, 200k Dalton, [&hellip;]<\/p>\n","protected":false},"author":9,"featured_media":0,"parent":3280,"menu_order":0,"comment_status":"closed","ping_status":"closed","template":"","meta":{"_acf_changed":false,"content-type":"","footnotes":""},"class_list":["post-7726","page","type-page","status-publish","hentry"],"acf":[],"yoast_head":"<!-- This site is optimized with the Yoast SEO plugin v27.3 - https:\/\/yoast.com\/product\/yoast-seo-wordpress\/ -->\n<title>Module A37 Serie - PCI Membranes<\/title>\n<meta name=\"robots\" content=\"index, follow, max-snippet:-1, max-image-preview:large, max-video-preview:-1\" \/>\n<link rel=\"canonical\" href=\"https:\/\/www.pcimembranes.com\/de\/__trashed\/rohrmembranmodule-der-serie-a\/module-a37-serie\/\" \/>\n<meta property=\"og:locale\" content=\"de_DE\" \/>\n<meta property=\"og:type\" content=\"article\" \/>\n<meta property=\"og:title\" content=\"Module A37 Serie - PCI Membranes\" \/>\n<meta property=\"og:description\" content=\"SPRECHEN SIE MIT EINEM EXPERTEN Module A37 Serie Das A37-Modul besteht aus einem austauschbaren Kern aus 37 Rohren mit jeweils 12,5 mm Durchmesser, eingebaut in ein Edelstahlgeh\u00e4use. Das Modul verwendet unsere speziell entwickelten PVDF-Ultrafiltrations- und Mikrofiltrationsmembranen, die f\u00fcr eine Vielzahl unterschiedlicher Prozessbedingungen geeignet sind. Es stehen f\u00fcnf verschiedene Trennungen zur Verf\u00fcgung: 450k Dalton, 200k Dalton, [&hellip;]\" \/>\n<meta property=\"og:url\" content=\"https:\/\/www.pcimembranes.com\/de\/__trashed\/rohrmembranmodule-der-serie-a\/module-a37-serie\/\" \/>\n<meta property=\"og:site_name\" content=\"PCI Membranes\" \/>\n<meta property=\"article:modified_time\" content=\"2024-08-19T09:35:19+00:00\" \/>\n<meta property=\"og:image\" content=\"https:\/\/www.pcimembranes.com\/wp-content\/uploads\/2021\/08\/MicrosoftTeams-image-_2.jpg\" \/>\n<meta name=\"twitter:card\" content=\"summary_large_image\" \/>\n<meta name=\"twitter:label1\" content=\"Gesch\u00e4tzte Lesezeit\" \/>\n\t<meta name=\"twitter:data1\" content=\"3 Minuten\" \/>\n<script type=\"application\/ld+json\" class=\"yoast-schema-graph\">{\"@context\":\"https:\\\/\\\/schema.org\",\"@graph\":[{\"@type\":\"WebPage\",\"@id\":\"https:\\\/\\\/www.pcimembranes.com\\\/de\\\/__trashed\\\/rohrmembranmodule-der-serie-a\\\/module-a37-serie\\\/\",\"url\":\"https:\\\/\\\/www.pcimembranes.com\\\/de\\\/__trashed\\\/rohrmembranmodule-der-serie-a\\\/module-a37-serie\\\/\",\"name\":\"Module A37 Serie - PCI Membranes\",\"isPartOf\":{\"@id\":\"https:\\\/\\\/www.pcimembranes.com\\\/de\\\/#website\"},\"primaryImageOfPage\":{\"@id\":\"https:\\\/\\\/www.pcimembranes.com\\\/de\\\/__trashed\\\/rohrmembranmodule-der-serie-a\\\/module-a37-serie\\\/#primaryimage\"},\"image\":{\"@id\":\"https:\\\/\\\/www.pcimembranes.com\\\/de\\\/__trashed\\\/rohrmembranmodule-der-serie-a\\\/module-a37-serie\\\/#primaryimage\"},\"thumbnailUrl\":\"https:\\\/\\\/www.pcimembranes.com\\\/wp-content\\\/uploads\\\/2021\\\/08\\\/MicrosoftTeams-image-_2.jpg\",\"datePublished\":\"2024-08-19T09:35:09+00:00\",\"dateModified\":\"2024-08-19T09:35:19+00:00\",\"breadcrumb\":{\"@id\":\"https:\\\/\\\/www.pcimembranes.com\\\/de\\\/__trashed\\\/rohrmembranmodule-der-serie-a\\\/module-a37-serie\\\/#breadcrumb\"},\"inLanguage\":\"de-DE\",\"potentialAction\":[{\"@type\":\"ReadAction\",\"target\":[\"https:\\\/\\\/www.pcimembranes.com\\\/de\\\/__trashed\\\/rohrmembranmodule-der-serie-a\\\/module-a37-serie\\\/\"]}]},{\"@type\":\"ImageObject\",\"inLanguage\":\"de-DE\",\"@id\":\"https:\\\/\\\/www.pcimembranes.com\\\/de\\\/__trashed\\\/rohrmembranmodule-der-serie-a\\\/module-a37-serie\\\/#primaryimage\",\"url\":\"https:\\\/\\\/www.pcimembranes.com\\\/wp-content\\\/uploads\\\/2021\\\/08\\\/MicrosoftTeams-image-_2.jpg\",\"contentUrl\":\"https:\\\/\\\/www.pcimembranes.com\\\/wp-content\\\/uploads\\\/2021\\\/08\\\/MicrosoftTeams-image-_2.jpg\"},{\"@type\":\"BreadcrumbList\",\"@id\":\"https:\\\/\\\/www.pcimembranes.com\\\/de\\\/__trashed\\\/rohrmembranmodule-der-serie-a\\\/module-a37-serie\\\/#breadcrumb\",\"itemListElement\":[{\"@type\":\"ListItem\",\"position\":1,\"name\":\"\",\"item\":\"https:\\\/\\\/www.pcimembranes.com\\\/de\\\/\"},{\"@type\":\"ListItem\",\"position\":2,\"name\":\"Produkte\",\"item\":\"https:\\\/\\\/www.pcimembranes.com\\\/de\\\/__trashed\\\/\"},{\"@type\":\"ListItem\",\"position\":3,\"name\":\"Rohrmembranmodule der Serie A\",\"item\":\"https:\\\/\\\/www.pcimembranes.com\\\/de\\\/__trashed\\\/rohrmembranmodule-der-serie-a\\\/\"},{\"@type\":\"ListItem\",\"position\":4,\"name\":\"Module A37 Serie\"}]},{\"@type\":\"WebSite\",\"@id\":\"https:\\\/\\\/www.pcimembranes.com\\\/de\\\/#website\",\"url\":\"https:\\\/\\\/www.pcimembranes.com\\\/de\\\/\",\"name\":\"PCI Membranes\",\"description\":\"Making the World Safer, Healthier and More Productive\",\"publisher\":{\"@id\":\"https:\\\/\\\/www.pcimembranes.com\\\/de\\\/#organization\"},\"potentialAction\":[{\"@type\":\"SearchAction\",\"target\":{\"@type\":\"EntryPoint\",\"urlTemplate\":\"https:\\\/\\\/www.pcimembranes.com\\\/de\\\/?s={search_term_string}\"},\"query-input\":{\"@type\":\"PropertyValueSpecification\",\"valueRequired\":true,\"valueName\":\"search_term_string\"}}],\"inLanguage\":\"de-DE\"},{\"@type\":\"Organization\",\"@id\":\"https:\\\/\\\/www.pcimembranes.com\\\/de\\\/#organization\",\"name\":\"Filtration Group\",\"url\":\"https:\\\/\\\/www.pcimembranes.com\\\/de\\\/\",\"logo\":{\"@type\":\"ImageObject\",\"inLanguage\":\"de-DE\",\"@id\":\"https:\\\/\\\/www.pcimembranes.com\\\/de\\\/#\\\/schema\\\/logo\\\/image\\\/\",\"url\":\"https:\\\/\\\/www.pcimembranes.com\\\/wp-content\\\/uploads\\\/2019\\\/06\\\/FGC-logo-1.png\",\"contentUrl\":\"https:\\\/\\\/www.pcimembranes.com\\\/wp-content\\\/uploads\\\/2019\\\/06\\\/FGC-logo-1.png\",\"width\":1104,\"height\":224,\"caption\":\"Filtration Group\"},\"image\":{\"@id\":\"https:\\\/\\\/www.pcimembranes.com\\\/de\\\/#\\\/schema\\\/logo\\\/image\\\/\"}}]}<\/script>\n<!-- \/ Yoast SEO plugin. -->","yoast_head_json":{"title":"Module A37 Serie - PCI Membranes","robots":{"index":"index","follow":"follow","max-snippet":"max-snippet:-1","max-image-preview":"max-image-preview:large","max-video-preview":"max-video-preview:-1"},"canonical":"https:\/\/www.pcimembranes.com\/de\/__trashed\/rohrmembranmodule-der-serie-a\/module-a37-serie\/","og_locale":"de_DE","og_type":"article","og_title":"Module A37 Serie - PCI Membranes","og_description":"SPRECHEN SIE MIT EINEM EXPERTEN Module A37 Serie Das A37-Modul besteht aus einem austauschbaren Kern aus 37 Rohren mit jeweils 12,5 mm Durchmesser, eingebaut in ein Edelstahlgeh\u00e4use. Das Modul verwendet unsere speziell entwickelten PVDF-Ultrafiltrations- und Mikrofiltrationsmembranen, die f\u00fcr eine Vielzahl unterschiedlicher Prozessbedingungen geeignet sind. Es stehen f\u00fcnf verschiedene Trennungen zur Verf\u00fcgung: 450k Dalton, 200k Dalton, [&hellip;]","og_url":"https:\/\/www.pcimembranes.com\/de\/__trashed\/rohrmembranmodule-der-serie-a\/module-a37-serie\/","og_site_name":"PCI Membranes","article_modified_time":"2024-08-19T09:35:19+00:00","og_image":[{"url":"https:\/\/www.pcimembranes.com\/wp-content\/uploads\/2021\/08\/MicrosoftTeams-image-_2.jpg","type":"","width":"","height":""}],"twitter_card":"summary_large_image","twitter_misc":{"Gesch\u00e4tzte Lesezeit":"3 Minuten"},"schema":{"@context":"https:\/\/schema.org","@graph":[{"@type":"WebPage","@id":"https:\/\/www.pcimembranes.com\/de\/__trashed\/rohrmembranmodule-der-serie-a\/module-a37-serie\/","url":"https:\/\/www.pcimembranes.com\/de\/__trashed\/rohrmembranmodule-der-serie-a\/module-a37-serie\/","name":"Module A37 Serie - PCI Membranes","isPartOf":{"@id":"https:\/\/www.pcimembranes.com\/de\/#website"},"primaryImageOfPage":{"@id":"https:\/\/www.pcimembranes.com\/de\/__trashed\/rohrmembranmodule-der-serie-a\/module-a37-serie\/#primaryimage"},"image":{"@id":"https:\/\/www.pcimembranes.com\/de\/__trashed\/rohrmembranmodule-der-serie-a\/module-a37-serie\/#primaryimage"},"thumbnailUrl":"https:\/\/www.pcimembranes.com\/wp-content\/uploads\/2021\/08\/MicrosoftTeams-image-_2.jpg","datePublished":"2024-08-19T09:35:09+00:00","dateModified":"2024-08-19T09:35:19+00:00","breadcrumb":{"@id":"https:\/\/www.pcimembranes.com\/de\/__trashed\/rohrmembranmodule-der-serie-a\/module-a37-serie\/#breadcrumb"},"inLanguage":"de-DE","potentialAction":[{"@type":"ReadAction","target":["https:\/\/www.pcimembranes.com\/de\/__trashed\/rohrmembranmodule-der-serie-a\/module-a37-serie\/"]}]},{"@type":"ImageObject","inLanguage":"de-DE","@id":"https:\/\/www.pcimembranes.com\/de\/__trashed\/rohrmembranmodule-der-serie-a\/module-a37-serie\/#primaryimage","url":"https:\/\/www.pcimembranes.com\/wp-content\/uploads\/2021\/08\/MicrosoftTeams-image-_2.jpg","contentUrl":"https:\/\/www.pcimembranes.com\/wp-content\/uploads\/2021\/08\/MicrosoftTeams-image-_2.jpg"},{"@type":"BreadcrumbList","@id":"https:\/\/www.pcimembranes.com\/de\/__trashed\/rohrmembranmodule-der-serie-a\/module-a37-serie\/#breadcrumb","itemListElement":[{"@type":"ListItem","position":1,"name":"","item":"https:\/\/www.pcimembranes.com\/de\/"},{"@type":"ListItem","position":2,"name":"Produkte","item":"https:\/\/www.pcimembranes.com\/de\/__trashed\/"},{"@type":"ListItem","position":3,"name":"Rohrmembranmodule der Serie A","item":"https:\/\/www.pcimembranes.com\/de\/__trashed\/rohrmembranmodule-der-serie-a\/"},{"@type":"ListItem","position":4,"name":"Module A37 Serie"}]},{"@type":"WebSite","@id":"https:\/\/www.pcimembranes.com\/de\/#website","url":"https:\/\/www.pcimembranes.com\/de\/","name":"PCI Membranes","description":"Making the World Safer, Healthier and More Productive","publisher":{"@id":"https:\/\/www.pcimembranes.com\/de\/#organization"},"potentialAction":[{"@type":"SearchAction","target":{"@type":"EntryPoint","urlTemplate":"https:\/\/www.pcimembranes.com\/de\/?s={search_term_string}"},"query-input":{"@type":"PropertyValueSpecification","valueRequired":true,"valueName":"search_term_string"}}],"inLanguage":"de-DE"},{"@type":"Organization","@id":"https:\/\/www.pcimembranes.com\/de\/#organization","name":"Filtration Group","url":"https:\/\/www.pcimembranes.com\/de\/","logo":{"@type":"ImageObject","inLanguage":"de-DE","@id":"https:\/\/www.pcimembranes.com\/de\/#\/schema\/logo\/image\/","url":"https:\/\/www.pcimembranes.com\/wp-content\/uploads\/2019\/06\/FGC-logo-1.png","contentUrl":"https:\/\/www.pcimembranes.com\/wp-content\/uploads\/2019\/06\/FGC-logo-1.png","width":1104,"height":224,"caption":"Filtration Group"},"image":{"@id":"https:\/\/www.pcimembranes.com\/de\/#\/schema\/logo\/image\/"}}]}},"_links":{"self":[{"href":"https:\/\/www.pcimembranes.com\/de\/wp-json\/wp\/v2\/pages\/7726","targetHints":{"allow":["GET"]}}],"collection":[{"href":"https:\/\/www.pcimembranes.com\/de\/wp-json\/wp\/v2\/pages"}],"about":[{"href":"https:\/\/www.pcimembranes.com\/de\/wp-json\/wp\/v2\/types\/page"}],"author":[{"embeddable":true,"href":"https:\/\/www.pcimembranes.com\/de\/wp-json\/wp\/v2\/users\/9"}],"replies":[{"embeddable":true,"href":"https:\/\/www.pcimembranes.com\/de\/wp-json\/wp\/v2\/comments?post=7726"}],"version-history":[{"count":0,"href":"https:\/\/www.pcimembranes.com\/de\/wp-json\/wp\/v2\/pages\/7726\/revisions"}],"up":[{"embeddable":true,"href":"https:\/\/www.pcimembranes.com\/de\/wp-json\/wp\/v2\/pages\/3280"}],"wp:attachment":[{"href":"https:\/\/www.pcimembranes.com\/de\/wp-json\/wp\/v2\/media?parent=7726"}],"curies":[{"name":"wp","href":"https:\/\/api.w.org\/{rel}","templated":true}]}}