{"id":7729,"date":"2024-08-19T12:42:30","date_gmt":"2024-08-19T12:42:30","guid":{"rendered":"https:\/\/www.pcimembranes.com\/?page_id=7729"},"modified":"2024-08-19T12:42:31","modified_gmt":"2024-08-19T12:42:31","slug":"anordnung-doppeleinlassstroemung-uf","status":"publish","type":"page","link":"https:\/\/www.pcimembranes.com\/de\/__trashed\/rohrmembranmodule-der-serie-b1\/anordnung-doppeleinlassstroemung-uf\/","title":{"rendered":"Anordnung Doppeleinlassstr\u00f6mung (UF)"},"content":{"rendered":"\n<div class=\"wp-block-cover alignfull\" style=\"min-height:256px;aspect-ratio:unset;\"><span aria-hidden=\"true\" class=\"wp-block-cover__background has-background-dim-10 has-background-dim\"><\/span><img loading=\"lazy\" decoding=\"async\" width=\"1400\" height=\"787\" class=\"wp-block-cover__image-background wp-image-2795\" alt=\"\" src=\"https:\/\/www.pcimembranes.com\/wp-content\/uploads\/2021\/08\/MicrosoftTeams-image-_2.jpg\" data-object-fit=\"cover\" srcset=\"https:\/\/www.pcimembranes.com\/wp-content\/uploads\/2021\/08\/MicrosoftTeams-image-_2.jpg 1400w, https:\/\/www.pcimembranes.com\/wp-content\/uploads\/2021\/08\/MicrosoftTeams-image-_2-300x169.jpg 300w, https:\/\/www.pcimembranes.com\/wp-content\/uploads\/2021\/08\/MicrosoftTeams-image-_2-1024x576.jpg 1024w, https:\/\/www.pcimembranes.com\/wp-content\/uploads\/2021\/08\/MicrosoftTeams-image-_2-768x432.jpg 768w\" sizes=\"auto, (max-width: 1400px) 100vw, 1400px\" \/><div class=\"wp-block-cover__inner-container is-layout-flow wp-block-cover-is-layout-flow\">\n<h1 class=\"wp-block-heading has-text-align-center\">Anordnung Doppeleinlassstr\u00f6mung (UF)<\/h1>\n<\/div><\/div>\n\n\n\n<!--Close-->\t\n<\/div><\/div><\/section>\n<!--Menu-->\n<div class=\"no-top-margin\">\n<div class=\"msb-sticky-bar\">\n<div class=\"container\">\n  <div class=\"row\">\n    <div class=\"col-sm text-center\">\n      <a href=\"https:\/\/www.pcimembranes.com\/contact-2\/\" class=\"btn btn-primary solution-trigger\">SPRECHEN SIE MIT EINEM EXPERTEN<\/a>\n    <\/div>\n  <\/div>\n<\/div>\n<\/div>\n<\/div>\n<!--Open-->\n<section class=\"container\"><div class=\"row\"><div class=\"col-md-12\">\n\n\n\n<h2 class=\"wp-block-heading\">Anordnung Doppeleinlassstr\u00f6mung (UF)<\/h2>\n\n\n\n<p>F\u00fcr viskose Materialien wird ein alternativer Endkappentyp (bekannt als \u201etwin\u201c oder \u201edouble-entry\u201c) verwendet, der mit zwei parallelen Kan\u00e4len mit jeweils neun Rohren in Serie ausgestattet ist. Dadurch k\u00f6nnen viskose Fl\u00fcssigkeiten verarbeitet und h\u00f6here Querstromgeschwindigkeiten bei minimierten Gesamtdruckabfall erreicht werden.<\/p>\n\n\n\n<p>Die Temperaturgrenze f\u00fcr das B1 Modul mit twin-entry Endkappen liegt bei 80\u00b0C, der maximale Betriebsdruck f\u00fcr dieses Module betr\u00e4gt 16 bar.<\/p>\n\n\n\n<p>Das Modul besteht aus einer Edelstahlkonstruktion, wobei die Rohrmembranen mit einem Durchmesser von 12,7 mm in 18 perforierte St\u00fctzrohre eingebaut und standardm\u00e4\u00dfig in den L\u00e4ngen 3,66 m, 2,4 m und 1,2 m erh\u00e4ltlich sind, woraus Membranfl\u00e4chen von 2,6 m\u00b2, 1,7 m\u00b2 bzw. 0,9 m\u00b2 resultieren.<\/p>\n\n\n\n<div class=\"wp-block-columns has-2-columns is-layout-flex wp-container-core-columns-is-layout-9d6595d7 wp-block-columns-is-layout-flex\">\n<div class=\"wp-block-column is-layout-flow wp-block-column-is-layout-flow\">\n<figure class=\"wp-block-image\"><img loading=\"lazy\" decoding=\"async\" width=\"400\" height=\"344\" src=\"https:\/\/www.pcimembranes.com\/wp-content\/uploads\/2019\/10\/B_Series_Twin.jpg\" alt=\"\" class=\"wp-image-579\" srcset=\"https:\/\/www.pcimembranes.com\/wp-content\/uploads\/2019\/10\/B_Series_Twin.jpg 400w, https:\/\/www.pcimembranes.com\/wp-content\/uploads\/2019\/10\/B_Series_Twin-300x258.jpg 300w\" sizes=\"auto, (max-width: 400px) 100vw, 400px\" \/><\/figure>\n<\/div>\n\n\n\n<div class=\"wp-block-column is-layout-flow wp-block-column-is-layout-flow\">\n<figure class=\"wp-block-image\"><img loading=\"lazy\" decoding=\"async\" width=\"400\" height=\"334\" src=\"https:\/\/www.pcimembranes.com\/wp-content\/uploads\/2019\/10\/B_Series_Twin_drawing.jpg\" alt=\"\" class=\"wp-image-571\" srcset=\"https:\/\/www.pcimembranes.com\/wp-content\/uploads\/2019\/10\/B_Series_Twin_drawing.jpg 400w, https:\/\/www.pcimembranes.com\/wp-content\/uploads\/2019\/10\/B_Series_Twin_drawing-300x251.jpg 300w\" sizes=\"auto, (max-width: 400px) 100vw, 400px\" \/><\/figure>\n<\/div>\n<\/div>\n\n\n\n<div style=\"height:50px\" aria-hidden=\"true\" class=\"wp-block-spacer\"><\/div>\n\n\n\n<div class=\"wp-block-file\"><a href=\"https:\/\/www.pcimembranes.com\/wp-content\/uploads\/2019\/10\/PCI_B1_Series.pdf\"> PRODUKTINFORMATIONEN B1-SERIE <\/a><a href=\"https:\/\/www.pcimembranes.com\/wp-content\/uploads\/2019\/10\/PCI_B1_Series.pdf\" class=\"wp-block-file__button\" download>Download<\/a><\/div>\n\n\n\n<div style=\"height:50px\" aria-hidden=\"true\" class=\"wp-block-spacer\"><\/div>\n","protected":false},"excerpt":{"rendered":"<p>SPRECHEN SIE MIT EINEM EXPERTEN Anordnung Doppeleinlassstr\u00f6mung (UF) F\u00fcr viskose Materialien wird ein alternativer Endkappentyp (bekannt als \u201etwin\u201c oder \u201edouble-entry\u201c) verwendet, der mit zwei parallelen Kan\u00e4len mit jeweils neun Rohren in Serie ausgestattet ist. Dadurch k\u00f6nnen viskose Fl\u00fcssigkeiten verarbeitet und h\u00f6here Querstromgeschwindigkeiten bei minimierten Gesamtdruckabfall erreicht werden. Die Temperaturgrenze f\u00fcr das B1 Modul mit twin-entry [&hellip;]<\/p>\n","protected":false},"author":9,"featured_media":0,"parent":3285,"menu_order":0,"comment_status":"closed","ping_status":"closed","template":"","meta":{"_acf_changed":false,"content-type":"","footnotes":""},"class_list":["post-7729","page","type-page","status-publish","hentry"],"acf":[],"yoast_head":"<!-- This site is optimized with the Yoast SEO plugin v27.3 - https:\/\/yoast.com\/product\/yoast-seo-wordpress\/ -->\n<title>Anordnung Doppeleinlassstr\u00f6mung (UF) - PCI Membranes<\/title>\n<meta name=\"robots\" content=\"index, follow, max-snippet:-1, max-image-preview:large, max-video-preview:-1\" \/>\n<link rel=\"canonical\" href=\"https:\/\/www.pcimembranes.com\/de\/__trashed\/rohrmembranmodule-der-serie-b1\/anordnung-doppeleinlassstroemung-uf\/\" \/>\n<meta property=\"og:locale\" content=\"de_DE\" \/>\n<meta property=\"og:type\" content=\"article\" \/>\n<meta property=\"og:title\" content=\"Anordnung Doppeleinlassstr\u00f6mung (UF) - PCI Membranes\" \/>\n<meta property=\"og:description\" content=\"SPRECHEN SIE MIT EINEM EXPERTEN Anordnung Doppeleinlassstr\u00f6mung (UF) F\u00fcr viskose Materialien wird ein alternativer Endkappentyp (bekannt als \u201etwin\u201c oder \u201edouble-entry\u201c) verwendet, der mit zwei parallelen Kan\u00e4len mit jeweils neun Rohren in Serie ausgestattet ist. Dadurch k\u00f6nnen viskose Fl\u00fcssigkeiten verarbeitet und h\u00f6here Querstromgeschwindigkeiten bei minimierten Gesamtdruckabfall erreicht werden. Die Temperaturgrenze f\u00fcr das B1 Modul mit twin-entry [&hellip;]\" \/>\n<meta property=\"og:url\" content=\"https:\/\/www.pcimembranes.com\/de\/__trashed\/rohrmembranmodule-der-serie-b1\/anordnung-doppeleinlassstroemung-uf\/\" \/>\n<meta property=\"og:site_name\" content=\"PCI Membranes\" \/>\n<meta property=\"article:modified_time\" content=\"2024-08-19T12:42:31+00:00\" \/>\n<meta property=\"og:image\" content=\"https:\/\/www.pcimembranes.com\/wp-content\/uploads\/2021\/08\/MicrosoftTeams-image-_2.jpg\" \/>\n<meta name=\"twitter:card\" content=\"summary_large_image\" \/>\n<meta name=\"twitter:label1\" content=\"Gesch\u00e4tzte Lesezeit\" \/>\n\t<meta name=\"twitter:data1\" content=\"2 Minuten\" \/>\n<script type=\"application\/ld+json\" class=\"yoast-schema-graph\">{\"@context\":\"https:\\\/\\\/schema.org\",\"@graph\":[{\"@type\":\"WebPage\",\"@id\":\"https:\\\/\\\/www.pcimembranes.com\\\/de\\\/__trashed\\\/rohrmembranmodule-der-serie-b1\\\/anordnung-doppeleinlassstroemung-uf\\\/\",\"url\":\"https:\\\/\\\/www.pcimembranes.com\\\/de\\\/__trashed\\\/rohrmembranmodule-der-serie-b1\\\/anordnung-doppeleinlassstroemung-uf\\\/\",\"name\":\"Anordnung Doppeleinlassstr\u00f6mung (UF) - PCI Membranes\",\"isPartOf\":{\"@id\":\"https:\\\/\\\/www.pcimembranes.com\\\/de\\\/#website\"},\"primaryImageOfPage\":{\"@id\":\"https:\\\/\\\/www.pcimembranes.com\\\/de\\\/__trashed\\\/rohrmembranmodule-der-serie-b1\\\/anordnung-doppeleinlassstroemung-uf\\\/#primaryimage\"},\"image\":{\"@id\":\"https:\\\/\\\/www.pcimembranes.com\\\/de\\\/__trashed\\\/rohrmembranmodule-der-serie-b1\\\/anordnung-doppeleinlassstroemung-uf\\\/#primaryimage\"},\"thumbnailUrl\":\"https:\\\/\\\/www.pcimembranes.com\\\/wp-content\\\/uploads\\\/2021\\\/08\\\/MicrosoftTeams-image-_2.jpg\",\"datePublished\":\"2024-08-19T12:42:30+00:00\",\"dateModified\":\"2024-08-19T12:42:31+00:00\",\"breadcrumb\":{\"@id\":\"https:\\\/\\\/www.pcimembranes.com\\\/de\\\/__trashed\\\/rohrmembranmodule-der-serie-b1\\\/anordnung-doppeleinlassstroemung-uf\\\/#breadcrumb\"},\"inLanguage\":\"de-DE\",\"potentialAction\":[{\"@type\":\"ReadAction\",\"target\":[\"https:\\\/\\\/www.pcimembranes.com\\\/de\\\/__trashed\\\/rohrmembranmodule-der-serie-b1\\\/anordnung-doppeleinlassstroemung-uf\\\/\"]}]},{\"@type\":\"ImageObject\",\"inLanguage\":\"de-DE\",\"@id\":\"https:\\\/\\\/www.pcimembranes.com\\\/de\\\/__trashed\\\/rohrmembranmodule-der-serie-b1\\\/anordnung-doppeleinlassstroemung-uf\\\/#primaryimage\",\"url\":\"https:\\\/\\\/www.pcimembranes.com\\\/wp-content\\\/uploads\\\/2021\\\/08\\\/MicrosoftTeams-image-_2.jpg\",\"contentUrl\":\"https:\\\/\\\/www.pcimembranes.com\\\/wp-content\\\/uploads\\\/2021\\\/08\\\/MicrosoftTeams-image-_2.jpg\"},{\"@type\":\"BreadcrumbList\",\"@id\":\"https:\\\/\\\/www.pcimembranes.com\\\/de\\\/__trashed\\\/rohrmembranmodule-der-serie-b1\\\/anordnung-doppeleinlassstroemung-uf\\\/#breadcrumb\",\"itemListElement\":[{\"@type\":\"ListItem\",\"position\":1,\"name\":\"\",\"item\":\"https:\\\/\\\/www.pcimembranes.com\\\/de\\\/\"},{\"@type\":\"ListItem\",\"position\":2,\"name\":\"Produkte\",\"item\":\"https:\\\/\\\/www.pcimembranes.com\\\/de\\\/__trashed\\\/\"},{\"@type\":\"ListItem\",\"position\":3,\"name\":\"Rohrmembranmodule der Serie B1\",\"item\":\"https:\\\/\\\/www.pcimembranes.com\\\/de\\\/__trashed\\\/rohrmembranmodule-der-serie-b1\\\/\"},{\"@type\":\"ListItem\",\"position\":4,\"name\":\"Anordnung Doppeleinlassstr\u00f6mung (UF)\"}]},{\"@type\":\"WebSite\",\"@id\":\"https:\\\/\\\/www.pcimembranes.com\\\/de\\\/#website\",\"url\":\"https:\\\/\\\/www.pcimembranes.com\\\/de\\\/\",\"name\":\"PCI Membranes\",\"description\":\"Making the World Safer, Healthier and More Productive\",\"publisher\":{\"@id\":\"https:\\\/\\\/www.pcimembranes.com\\\/de\\\/#organization\"},\"potentialAction\":[{\"@type\":\"SearchAction\",\"target\":{\"@type\":\"EntryPoint\",\"urlTemplate\":\"https:\\\/\\\/www.pcimembranes.com\\\/de\\\/?s={search_term_string}\"},\"query-input\":{\"@type\":\"PropertyValueSpecification\",\"valueRequired\":true,\"valueName\":\"search_term_string\"}}],\"inLanguage\":\"de-DE\"},{\"@type\":\"Organization\",\"@id\":\"https:\\\/\\\/www.pcimembranes.com\\\/de\\\/#organization\",\"name\":\"Filtration Group\",\"url\":\"https:\\\/\\\/www.pcimembranes.com\\\/de\\\/\",\"logo\":{\"@type\":\"ImageObject\",\"inLanguage\":\"de-DE\",\"@id\":\"https:\\\/\\\/www.pcimembranes.com\\\/de\\\/#\\\/schema\\\/logo\\\/image\\\/\",\"url\":\"https:\\\/\\\/www.pcimembranes.com\\\/wp-content\\\/uploads\\\/2019\\\/06\\\/FGC-logo-1.png\",\"contentUrl\":\"https:\\\/\\\/www.pcimembranes.com\\\/wp-content\\\/uploads\\\/2019\\\/06\\\/FGC-logo-1.png\",\"width\":1104,\"height\":224,\"caption\":\"Filtration Group\"},\"image\":{\"@id\":\"https:\\\/\\\/www.pcimembranes.com\\\/de\\\/#\\\/schema\\\/logo\\\/image\\\/\"}}]}<\/script>\n<!-- \/ Yoast SEO plugin. -->","yoast_head_json":{"title":"Anordnung Doppeleinlassstr\u00f6mung (UF) - PCI Membranes","robots":{"index":"index","follow":"follow","max-snippet":"max-snippet:-1","max-image-preview":"max-image-preview:large","max-video-preview":"max-video-preview:-1"},"canonical":"https:\/\/www.pcimembranes.com\/de\/__trashed\/rohrmembranmodule-der-serie-b1\/anordnung-doppeleinlassstroemung-uf\/","og_locale":"de_DE","og_type":"article","og_title":"Anordnung Doppeleinlassstr\u00f6mung (UF) - PCI Membranes","og_description":"SPRECHEN SIE MIT EINEM EXPERTEN Anordnung Doppeleinlassstr\u00f6mung (UF) F\u00fcr viskose Materialien wird ein alternativer Endkappentyp (bekannt als \u201etwin\u201c oder \u201edouble-entry\u201c) verwendet, der mit zwei parallelen Kan\u00e4len mit jeweils neun Rohren in Serie ausgestattet ist. Dadurch k\u00f6nnen viskose Fl\u00fcssigkeiten verarbeitet und h\u00f6here Querstromgeschwindigkeiten bei minimierten Gesamtdruckabfall erreicht werden. Die Temperaturgrenze f\u00fcr das B1 Modul mit twin-entry [&hellip;]","og_url":"https:\/\/www.pcimembranes.com\/de\/__trashed\/rohrmembranmodule-der-serie-b1\/anordnung-doppeleinlassstroemung-uf\/","og_site_name":"PCI Membranes","article_modified_time":"2024-08-19T12:42:31+00:00","og_image":[{"url":"https:\/\/www.pcimembranes.com\/wp-content\/uploads\/2021\/08\/MicrosoftTeams-image-_2.jpg","type":"","width":"","height":""}],"twitter_card":"summary_large_image","twitter_misc":{"Gesch\u00e4tzte Lesezeit":"2 Minuten"},"schema":{"@context":"https:\/\/schema.org","@graph":[{"@type":"WebPage","@id":"https:\/\/www.pcimembranes.com\/de\/__trashed\/rohrmembranmodule-der-serie-b1\/anordnung-doppeleinlassstroemung-uf\/","url":"https:\/\/www.pcimembranes.com\/de\/__trashed\/rohrmembranmodule-der-serie-b1\/anordnung-doppeleinlassstroemung-uf\/","name":"Anordnung Doppeleinlassstr\u00f6mung (UF) - PCI Membranes","isPartOf":{"@id":"https:\/\/www.pcimembranes.com\/de\/#website"},"primaryImageOfPage":{"@id":"https:\/\/www.pcimembranes.com\/de\/__trashed\/rohrmembranmodule-der-serie-b1\/anordnung-doppeleinlassstroemung-uf\/#primaryimage"},"image":{"@id":"https:\/\/www.pcimembranes.com\/de\/__trashed\/rohrmembranmodule-der-serie-b1\/anordnung-doppeleinlassstroemung-uf\/#primaryimage"},"thumbnailUrl":"https:\/\/www.pcimembranes.com\/wp-content\/uploads\/2021\/08\/MicrosoftTeams-image-_2.jpg","datePublished":"2024-08-19T12:42:30+00:00","dateModified":"2024-08-19T12:42:31+00:00","breadcrumb":{"@id":"https:\/\/www.pcimembranes.com\/de\/__trashed\/rohrmembranmodule-der-serie-b1\/anordnung-doppeleinlassstroemung-uf\/#breadcrumb"},"inLanguage":"de-DE","potentialAction":[{"@type":"ReadAction","target":["https:\/\/www.pcimembranes.com\/de\/__trashed\/rohrmembranmodule-der-serie-b1\/anordnung-doppeleinlassstroemung-uf\/"]}]},{"@type":"ImageObject","inLanguage":"de-DE","@id":"https:\/\/www.pcimembranes.com\/de\/__trashed\/rohrmembranmodule-der-serie-b1\/anordnung-doppeleinlassstroemung-uf\/#primaryimage","url":"https:\/\/www.pcimembranes.com\/wp-content\/uploads\/2021\/08\/MicrosoftTeams-image-_2.jpg","contentUrl":"https:\/\/www.pcimembranes.com\/wp-content\/uploads\/2021\/08\/MicrosoftTeams-image-_2.jpg"},{"@type":"BreadcrumbList","@id":"https:\/\/www.pcimembranes.com\/de\/__trashed\/rohrmembranmodule-der-serie-b1\/anordnung-doppeleinlassstroemung-uf\/#breadcrumb","itemListElement":[{"@type":"ListItem","position":1,"name":"","item":"https:\/\/www.pcimembranes.com\/de\/"},{"@type":"ListItem","position":2,"name":"Produkte","item":"https:\/\/www.pcimembranes.com\/de\/__trashed\/"},{"@type":"ListItem","position":3,"name":"Rohrmembranmodule der Serie B1","item":"https:\/\/www.pcimembranes.com\/de\/__trashed\/rohrmembranmodule-der-serie-b1\/"},{"@type":"ListItem","position":4,"name":"Anordnung Doppeleinlassstr\u00f6mung (UF)"}]},{"@type":"WebSite","@id":"https:\/\/www.pcimembranes.com\/de\/#website","url":"https:\/\/www.pcimembranes.com\/de\/","name":"PCI Membranes","description":"Making the World Safer, Healthier and More Productive","publisher":{"@id":"https:\/\/www.pcimembranes.com\/de\/#organization"},"potentialAction":[{"@type":"SearchAction","target":{"@type":"EntryPoint","urlTemplate":"https:\/\/www.pcimembranes.com\/de\/?s={search_term_string}"},"query-input":{"@type":"PropertyValueSpecification","valueRequired":true,"valueName":"search_term_string"}}],"inLanguage":"de-DE"},{"@type":"Organization","@id":"https:\/\/www.pcimembranes.com\/de\/#organization","name":"Filtration Group","url":"https:\/\/www.pcimembranes.com\/de\/","logo":{"@type":"ImageObject","inLanguage":"de-DE","@id":"https:\/\/www.pcimembranes.com\/de\/#\/schema\/logo\/image\/","url":"https:\/\/www.pcimembranes.com\/wp-content\/uploads\/2019\/06\/FGC-logo-1.png","contentUrl":"https:\/\/www.pcimembranes.com\/wp-content\/uploads\/2019\/06\/FGC-logo-1.png","width":1104,"height":224,"caption":"Filtration Group"},"image":{"@id":"https:\/\/www.pcimembranes.com\/de\/#\/schema\/logo\/image\/"}}]}},"_links":{"self":[{"href":"https:\/\/www.pcimembranes.com\/de\/wp-json\/wp\/v2\/pages\/7729","targetHints":{"allow":["GET"]}}],"collection":[{"href":"https:\/\/www.pcimembranes.com\/de\/wp-json\/wp\/v2\/pages"}],"about":[{"href":"https:\/\/www.pcimembranes.com\/de\/wp-json\/wp\/v2\/types\/page"}],"author":[{"embeddable":true,"href":"https:\/\/www.pcimembranes.com\/de\/wp-json\/wp\/v2\/users\/9"}],"replies":[{"embeddable":true,"href":"https:\/\/www.pcimembranes.com\/de\/wp-json\/wp\/v2\/comments?post=7729"}],"version-history":[{"count":0,"href":"https:\/\/www.pcimembranes.com\/de\/wp-json\/wp\/v2\/pages\/7729\/revisions"}],"up":[{"embeddable":true,"href":"https:\/\/www.pcimembranes.com\/de\/wp-json\/wp\/v2\/pages\/3285"}],"wp:attachment":[{"href":"https:\/\/www.pcimembranes.com\/de\/wp-json\/wp\/v2\/media?parent=7729"}],"curies":[{"name":"wp","href":"https:\/\/api.w.org\/{rel}","templated":true}]}}