{"id":7739,"date":"2024-08-19T15:16:01","date_gmt":"2024-08-19T15:16:01","guid":{"rendered":"https:\/\/www.pcimembranes.com\/?page_id=7739"},"modified":"2024-08-19T15:16:02","modified_gmt":"2024-08-19T15:16:02","slug":"biokraftstoffe","status":"publish","type":"page","link":"https:\/\/www.pcimembranes.com\/de\/industrien\/biokraftstoffe\/","title":{"rendered":"Biokraftstoffe"},"content":{"rendered":"\n<div class=\"wp-block-cover alignfull is-light\" style=\"min-height:297px;aspect-ratio:unset;\"><span aria-hidden=\"true\" class=\"wp-block-cover__background has-background-dim-20 has-background-dim\"><\/span><img loading=\"lazy\" decoding=\"async\" width=\"1920\" height=\"2560\" class=\"wp-block-cover__image-background wp-image-2855\" alt=\"\" src=\"https:\/\/www.pcimembranes.com\/wp-content\/uploads\/2021\/08\/biofuel-2-scaled.jpg\" style=\"object-position:50% 45%\" data-object-fit=\"cover\" data-object-position=\"50% 45%\" srcset=\"https:\/\/www.pcimembranes.com\/wp-content\/uploads\/2021\/08\/biofuel-2-scaled.jpg 1920w, https:\/\/www.pcimembranes.com\/wp-content\/uploads\/2021\/08\/biofuel-2-225x300.jpg 225w, https:\/\/www.pcimembranes.com\/wp-content\/uploads\/2021\/08\/biofuel-2-768x1024.jpg 768w, https:\/\/www.pcimembranes.com\/wp-content\/uploads\/2021\/08\/biofuel-2-1152x1536.jpg 1152w, https:\/\/www.pcimembranes.com\/wp-content\/uploads\/2021\/08\/biofuel-2-1536x2048.jpg 1536w\" sizes=\"auto, (max-width: 1920px) 100vw, 1920px\" \/><div class=\"wp-block-cover__inner-container is-layout-flow wp-block-cover-is-layout-flow\">\n<h1 class=\"wp-block-heading has-text-align-center has-white-color has-text-color has-link-color wp-elements-e85316419004f3589a060268b75f9204\">Biokraftstoffe<\/h1>\n<\/div><\/div>\n\n\n\n<!--Close-->\t\n<\/div><\/div><\/section>\n<!--Menu-->\n<div class=\"no-top-margin\">\n<div class=\"msb-sticky-bar\">\n<div class=\"container\">\n  <div class=\"row\">\n    <div class=\"col-sm text-center\">\n      <a href=\"https:\/\/www.pcimembranes.com\/contact-2\/\" class=\"btn btn-primary solution-trigger\">SPRECHEN SIE MIT EINEM EXPERTEN<\/a>\n    <\/div>\n  <\/div>\n<\/div>\n<\/div>\n<\/div>\n<!--Open-->\n<section class=\"container\"><div class=\"row\"><div class=\"col-md-12\">\n\n\n\n<h2 class=\"wp-block-heading\">L\u00f6sungen f\u00fcr erneuerbare Energien<\/h2>\n\n\n\n<p>In den letzten drei Jahrzehnten haben der Klimawandel und seine Auswirkungen weltweite Aufmerksamkeit erlangt. Die meisten f\u00fchrenden Nationen sind sich einig, dass die globalen CO2-Emissionen reduziert werden m\u00fcssen und Alternativen zu sch\u00e4dlichen fossilen Brennstoffen gefunden werden m\u00fcssen. Wissenschaftler in Forschungszentren und Universit\u00e4ten arbeiten an der Entwicklung nachhaltiger Energiel\u00f6sungen, um aktuelle Energietechnologien zu optimieren. Als Ergebnis wurden viele nachhaltige Energietechnologien entwickelt.<\/p>\n\n\n\n<p>Bislang haben sich Solar- und Windenergie als die g\u00e4ngigsten nachhaltigen L\u00f6sungen erwiesen. Aufgrund der Entwicklung neuer Methoden nimmt die Verwendung von Biokraftstoffen zu. Diese neue Technologie erm\u00f6glicht die Umwandlung von Biomasse in Kraftstoffe, mit denen Energie erzeugt werden kann. Zu den bekanntesten davon geh\u00f6ren Bioethanol, Biodiesel und Biogas.<\/p>\n\n\n\n<p>Biokraftstoffe werden in vier verschiedene Generationen eingeteilt. Jede Generation bezieht sich auf die Biomasse-Rohstoffe. Als Rohstoff wird jedes erneuerbare, biologische Material bezeichnet, das direkt als Kraftstoff verwendet oder in eine andere Form von Kraftstoff oder Energieprodukt umgewandelt werden kann. Biokraftstoffe bieten unter anderem wirtschaftliche, \u00f6kologische, lager- und abfallwirtschaftliche Vorteile.<\/p>\n\n\n\n<p>Biokraftstoffe der ersten Generation werden aus Biomasse-Rohstoffen hergestellt, die als Nahrungsmittel oder als Abfall genutzt werden k\u00f6nnen, wie etwa Biogene \u00d6le und Fette, Zucker, St\u00e4rke oder Frittier\u00f6lreste. Beispiele hierf\u00fcr sind Bioethanol, reines Pflanzen\u00f6l, Biodiesel und Biogas. Bei der Herstellung dieser Biokraftstoffe werden Fermentation und Umesterung als Umwandlungsprozesse eingesetzt.<\/p>\n\n\n\n<p>Biokraftstoffe der zweiten Generation werden aus Rohstoffen hergestellt, die nicht als Nahrungsmittel verwendet werden k\u00f6nnen, wie z. B. Lignozellulose. Diese Arten von Biokraftstoffen sind Bioethanol, synthetische Biokraftstoffe und Biogas. Bei der Herstellung werden Fermentation, Vergasung und Schnellpyrolyse als Konversionsprozesse eingesetzt.<\/p>\n\n\n\n<p>Biokraftstoffe der dritten Generation sind eine direkte Weiterentwicklung der zweiten Generation. Der Schwerpunkt liegt dabei auf dem lignozellulosehaltigen Material, das den h\u00f6chsten Gehalt an Biokraftstoffen liefert, wie etwa Algen.<\/p>\n\n\n\n<p>In der vierten Generation werden die CO2-Emissionen aufgefangen und gespeichert, um sie als Rohstoff f\u00fcr Anlagen zur Herstellung von Biokraftstoffen zu verwenden.<\/p>\n\n\n\n<p>Filtration kann im Allgemeinen f\u00fcr folgende Prozesse eingesetzt werden:<\/p>\n\n\n\n<ul class=\"has-light-gray-background-color has-background wp-block-list\">\n<li>Polyethylen und andere Kunststoffe aus tierischem \u00d6l entfernen<\/li>\n\n\n\n<li>Sterole entfernen<\/li>\n\n\n\n<li>Glucoside entfernen<\/li>\n\n\n\n<li>\u00d6l vorbehandeln, um es rein genug f\u00fcr die Umwandlung in Biodiesel zu machen<\/li>\n\n\n\n<li>Tierisches \u00d6l bleichen<\/li>\n\n\n\n<li>Schwefel aus tierischem \u00d6l entfernen<\/li>\n\n\n\n<li>Proteine \u200b\u200baus tierischem \u00d6l entfernen<\/li>\n\n\n\n<li>Absorptionsmittel wie Kiesels\u00e4ure entfernen<\/li>\n\n\n\n<li>Phosphor entfernen<\/li>\n\n\n\n<li>Monoglycerid entfernen<\/li>\n\n\n\n<li>Str\u00e4nge entfernen<\/li>\n\n\n\n<li>Wachse und Gummi entfernen<\/li>\n\n\n\n<li>Endprodukte wie Biodiesel und Glycerin waschen, trocknen und reinigen<\/li>\n\n\n\n<li>polyzyklische aromatische Kohlenwasserstoffe (PAK) entfernen<\/li>\n<\/ul>\n\n\n\n<div style=\"height:50px\" aria-hidden=\"true\" class=\"wp-block-spacer\"><\/div>\n\n\n\n<div style=\"height:50px\" aria-hidden=\"true\" class=\"wp-block-spacer\"><\/div>\n","protected":false},"excerpt":{"rendered":"<p>SPRECHEN SIE MIT EINEM EXPERTEN L\u00f6sungen f\u00fcr erneuerbare Energien In den letzten drei Jahrzehnten haben der Klimawandel und seine Auswirkungen weltweite Aufmerksamkeit erlangt. Die meisten f\u00fchrenden Nationen sind sich einig, dass die globalen CO2-Emissionen reduziert werden m\u00fcssen und Alternativen zu sch\u00e4dlichen fossilen Brennstoffen gefunden werden m\u00fcssen. Wissenschaftler in Forschungszentren und Universit\u00e4ten arbeiten an der Entwicklung [&hellip;]<\/p>\n","protected":false},"author":9,"featured_media":0,"parent":7736,"menu_order":0,"comment_status":"closed","ping_status":"closed","template":"","meta":{"_acf_changed":false,"content-type":"","footnotes":""},"class_list":["post-7739","page","type-page","status-publish","hentry"],"acf":[],"yoast_head":"<!-- This site is optimized with the Yoast SEO plugin v27.3 - https:\/\/yoast.com\/product\/yoast-seo-wordpress\/ -->\n<title>Biokraftstoffe - PCI Membranes<\/title>\n<meta name=\"robots\" content=\"index, follow, max-snippet:-1, max-image-preview:large, max-video-preview:-1\" \/>\n<link rel=\"canonical\" href=\"https:\/\/www.pcimembranes.com\/de\/industrien\/biokraftstoffe\/\" \/>\n<meta property=\"og:locale\" content=\"de_DE\" \/>\n<meta property=\"og:type\" content=\"article\" \/>\n<meta property=\"og:title\" content=\"Biokraftstoffe - PCI Membranes\" \/>\n<meta property=\"og:description\" content=\"SPRECHEN SIE MIT EINEM EXPERTEN L\u00f6sungen f\u00fcr erneuerbare Energien In den letzten drei Jahrzehnten haben der Klimawandel und seine Auswirkungen weltweite Aufmerksamkeit erlangt. Die meisten f\u00fchrenden Nationen sind sich einig, dass die globalen CO2-Emissionen reduziert werden m\u00fcssen und Alternativen zu sch\u00e4dlichen fossilen Brennstoffen gefunden werden m\u00fcssen. Wissenschaftler in Forschungszentren und Universit\u00e4ten arbeiten an der Entwicklung [&hellip;]\" \/>\n<meta property=\"og:url\" content=\"https:\/\/www.pcimembranes.com\/de\/industrien\/biokraftstoffe\/\" \/>\n<meta property=\"og:site_name\" content=\"PCI Membranes\" \/>\n<meta property=\"article:modified_time\" content=\"2024-08-19T15:16:02+00:00\" \/>\n<meta property=\"og:image\" content=\"https:\/\/www.pcimembranes.com\/wp-content\/uploads\/2021\/08\/biofuel-2-scaled.jpg\" \/>\n<meta name=\"twitter:card\" content=\"summary_large_image\" \/>\n<meta name=\"twitter:label1\" content=\"Gesch\u00e4tzte Lesezeit\" \/>\n\t<meta name=\"twitter:data1\" content=\"2 Minuten\" \/>\n<script type=\"application\/ld+json\" class=\"yoast-schema-graph\">{\"@context\":\"https:\\\/\\\/schema.org\",\"@graph\":[{\"@type\":\"WebPage\",\"@id\":\"https:\\\/\\\/www.pcimembranes.com\\\/de\\\/industrien\\\/biokraftstoffe\\\/\",\"url\":\"https:\\\/\\\/www.pcimembranes.com\\\/de\\\/industrien\\\/biokraftstoffe\\\/\",\"name\":\"Biokraftstoffe - PCI Membranes\",\"isPartOf\":{\"@id\":\"https:\\\/\\\/www.pcimembranes.com\\\/de\\\/#website\"},\"primaryImageOfPage\":{\"@id\":\"https:\\\/\\\/www.pcimembranes.com\\\/de\\\/industrien\\\/biokraftstoffe\\\/#primaryimage\"},\"image\":{\"@id\":\"https:\\\/\\\/www.pcimembranes.com\\\/de\\\/industrien\\\/biokraftstoffe\\\/#primaryimage\"},\"thumbnailUrl\":\"https:\\\/\\\/www.pcimembranes.com\\\/wp-content\\\/uploads\\\/2021\\\/08\\\/biofuel-2-scaled.jpg\",\"datePublished\":\"2024-08-19T15:16:01+00:00\",\"dateModified\":\"2024-08-19T15:16:02+00:00\",\"breadcrumb\":{\"@id\":\"https:\\\/\\\/www.pcimembranes.com\\\/de\\\/industrien\\\/biokraftstoffe\\\/#breadcrumb\"},\"inLanguage\":\"de-DE\",\"potentialAction\":[{\"@type\":\"ReadAction\",\"target\":[\"https:\\\/\\\/www.pcimembranes.com\\\/de\\\/industrien\\\/biokraftstoffe\\\/\"]}]},{\"@type\":\"ImageObject\",\"inLanguage\":\"de-DE\",\"@id\":\"https:\\\/\\\/www.pcimembranes.com\\\/de\\\/industrien\\\/biokraftstoffe\\\/#primaryimage\",\"url\":\"https:\\\/\\\/www.pcimembranes.com\\\/wp-content\\\/uploads\\\/2021\\\/08\\\/biofuel-2-scaled.jpg\",\"contentUrl\":\"https:\\\/\\\/www.pcimembranes.com\\\/wp-content\\\/uploads\\\/2021\\\/08\\\/biofuel-2-scaled.jpg\"},{\"@type\":\"BreadcrumbList\",\"@id\":\"https:\\\/\\\/www.pcimembranes.com\\\/de\\\/industrien\\\/biokraftstoffe\\\/#breadcrumb\",\"itemListElement\":[{\"@type\":\"ListItem\",\"position\":1,\"name\":\"\",\"item\":\"https:\\\/\\\/www.pcimembranes.com\\\/de\\\/\"},{\"@type\":\"ListItem\",\"position\":2,\"name\":\"Industrien\",\"item\":\"https:\\\/\\\/www.pcimembranes.com\\\/de\\\/industrien\\\/\"},{\"@type\":\"ListItem\",\"position\":3,\"name\":\"Biokraftstoffe\"}]},{\"@type\":\"WebSite\",\"@id\":\"https:\\\/\\\/www.pcimembranes.com\\\/de\\\/#website\",\"url\":\"https:\\\/\\\/www.pcimembranes.com\\\/de\\\/\",\"name\":\"PCI Membranes\",\"description\":\"Making the World Safer, Healthier and More Productive\",\"publisher\":{\"@id\":\"https:\\\/\\\/www.pcimembranes.com\\\/de\\\/#organization\"},\"potentialAction\":[{\"@type\":\"SearchAction\",\"target\":{\"@type\":\"EntryPoint\",\"urlTemplate\":\"https:\\\/\\\/www.pcimembranes.com\\\/de\\\/?s={search_term_string}\"},\"query-input\":{\"@type\":\"PropertyValueSpecification\",\"valueRequired\":true,\"valueName\":\"search_term_string\"}}],\"inLanguage\":\"de-DE\"},{\"@type\":\"Organization\",\"@id\":\"https:\\\/\\\/www.pcimembranes.com\\\/de\\\/#organization\",\"name\":\"Filtration Group\",\"url\":\"https:\\\/\\\/www.pcimembranes.com\\\/de\\\/\",\"logo\":{\"@type\":\"ImageObject\",\"inLanguage\":\"de-DE\",\"@id\":\"https:\\\/\\\/www.pcimembranes.com\\\/de\\\/#\\\/schema\\\/logo\\\/image\\\/\",\"url\":\"https:\\\/\\\/www.pcimembranes.com\\\/wp-content\\\/uploads\\\/2019\\\/06\\\/FGC-logo-1.png\",\"contentUrl\":\"https:\\\/\\\/www.pcimembranes.com\\\/wp-content\\\/uploads\\\/2019\\\/06\\\/FGC-logo-1.png\",\"width\":1104,\"height\":224,\"caption\":\"Filtration Group\"},\"image\":{\"@id\":\"https:\\\/\\\/www.pcimembranes.com\\\/de\\\/#\\\/schema\\\/logo\\\/image\\\/\"}}]}<\/script>\n<!-- \/ Yoast SEO plugin. -->","yoast_head_json":{"title":"Biokraftstoffe - PCI Membranes","robots":{"index":"index","follow":"follow","max-snippet":"max-snippet:-1","max-image-preview":"max-image-preview:large","max-video-preview":"max-video-preview:-1"},"canonical":"https:\/\/www.pcimembranes.com\/de\/industrien\/biokraftstoffe\/","og_locale":"de_DE","og_type":"article","og_title":"Biokraftstoffe - PCI Membranes","og_description":"SPRECHEN SIE MIT EINEM EXPERTEN L\u00f6sungen f\u00fcr erneuerbare Energien In den letzten drei Jahrzehnten haben der Klimawandel und seine Auswirkungen weltweite Aufmerksamkeit erlangt. Die meisten f\u00fchrenden Nationen sind sich einig, dass die globalen CO2-Emissionen reduziert werden m\u00fcssen und Alternativen zu sch\u00e4dlichen fossilen Brennstoffen gefunden werden m\u00fcssen. Wissenschaftler in Forschungszentren und Universit\u00e4ten arbeiten an der Entwicklung [&hellip;]","og_url":"https:\/\/www.pcimembranes.com\/de\/industrien\/biokraftstoffe\/","og_site_name":"PCI Membranes","article_modified_time":"2024-08-19T15:16:02+00:00","og_image":[{"url":"https:\/\/www.pcimembranes.com\/wp-content\/uploads\/2021\/08\/biofuel-2-scaled.jpg","type":"","width":"","height":""}],"twitter_card":"summary_large_image","twitter_misc":{"Gesch\u00e4tzte Lesezeit":"2 Minuten"},"schema":{"@context":"https:\/\/schema.org","@graph":[{"@type":"WebPage","@id":"https:\/\/www.pcimembranes.com\/de\/industrien\/biokraftstoffe\/","url":"https:\/\/www.pcimembranes.com\/de\/industrien\/biokraftstoffe\/","name":"Biokraftstoffe - PCI Membranes","isPartOf":{"@id":"https:\/\/www.pcimembranes.com\/de\/#website"},"primaryImageOfPage":{"@id":"https:\/\/www.pcimembranes.com\/de\/industrien\/biokraftstoffe\/#primaryimage"},"image":{"@id":"https:\/\/www.pcimembranes.com\/de\/industrien\/biokraftstoffe\/#primaryimage"},"thumbnailUrl":"https:\/\/www.pcimembranes.com\/wp-content\/uploads\/2021\/08\/biofuel-2-scaled.jpg","datePublished":"2024-08-19T15:16:01+00:00","dateModified":"2024-08-19T15:16:02+00:00","breadcrumb":{"@id":"https:\/\/www.pcimembranes.com\/de\/industrien\/biokraftstoffe\/#breadcrumb"},"inLanguage":"de-DE","potentialAction":[{"@type":"ReadAction","target":["https:\/\/www.pcimembranes.com\/de\/industrien\/biokraftstoffe\/"]}]},{"@type":"ImageObject","inLanguage":"de-DE","@id":"https:\/\/www.pcimembranes.com\/de\/industrien\/biokraftstoffe\/#primaryimage","url":"https:\/\/www.pcimembranes.com\/wp-content\/uploads\/2021\/08\/biofuel-2-scaled.jpg","contentUrl":"https:\/\/www.pcimembranes.com\/wp-content\/uploads\/2021\/08\/biofuel-2-scaled.jpg"},{"@type":"BreadcrumbList","@id":"https:\/\/www.pcimembranes.com\/de\/industrien\/biokraftstoffe\/#breadcrumb","itemListElement":[{"@type":"ListItem","position":1,"name":"","item":"https:\/\/www.pcimembranes.com\/de\/"},{"@type":"ListItem","position":2,"name":"Industrien","item":"https:\/\/www.pcimembranes.com\/de\/industrien\/"},{"@type":"ListItem","position":3,"name":"Biokraftstoffe"}]},{"@type":"WebSite","@id":"https:\/\/www.pcimembranes.com\/de\/#website","url":"https:\/\/www.pcimembranes.com\/de\/","name":"PCI Membranes","description":"Making the World Safer, Healthier and More Productive","publisher":{"@id":"https:\/\/www.pcimembranes.com\/de\/#organization"},"potentialAction":[{"@type":"SearchAction","target":{"@type":"EntryPoint","urlTemplate":"https:\/\/www.pcimembranes.com\/de\/?s={search_term_string}"},"query-input":{"@type":"PropertyValueSpecification","valueRequired":true,"valueName":"search_term_string"}}],"inLanguage":"de-DE"},{"@type":"Organization","@id":"https:\/\/www.pcimembranes.com\/de\/#organization","name":"Filtration Group","url":"https:\/\/www.pcimembranes.com\/de\/","logo":{"@type":"ImageObject","inLanguage":"de-DE","@id":"https:\/\/www.pcimembranes.com\/de\/#\/schema\/logo\/image\/","url":"https:\/\/www.pcimembranes.com\/wp-content\/uploads\/2019\/06\/FGC-logo-1.png","contentUrl":"https:\/\/www.pcimembranes.com\/wp-content\/uploads\/2019\/06\/FGC-logo-1.png","width":1104,"height":224,"caption":"Filtration Group"},"image":{"@id":"https:\/\/www.pcimembranes.com\/de\/#\/schema\/logo\/image\/"}}]}},"_links":{"self":[{"href":"https:\/\/www.pcimembranes.com\/de\/wp-json\/wp\/v2\/pages\/7739","targetHints":{"allow":["GET"]}}],"collection":[{"href":"https:\/\/www.pcimembranes.com\/de\/wp-json\/wp\/v2\/pages"}],"about":[{"href":"https:\/\/www.pcimembranes.com\/de\/wp-json\/wp\/v2\/types\/page"}],"author":[{"embeddable":true,"href":"https:\/\/www.pcimembranes.com\/de\/wp-json\/wp\/v2\/users\/9"}],"replies":[{"embeddable":true,"href":"https:\/\/www.pcimembranes.com\/de\/wp-json\/wp\/v2\/comments?post=7739"}],"version-history":[{"count":0,"href":"https:\/\/www.pcimembranes.com\/de\/wp-json\/wp\/v2\/pages\/7739\/revisions"}],"up":[{"embeddable":true,"href":"https:\/\/www.pcimembranes.com\/de\/wp-json\/wp\/v2\/pages\/7736"}],"wp:attachment":[{"href":"https:\/\/www.pcimembranes.com\/de\/wp-json\/wp\/v2\/media?parent=7739"}],"curies":[{"name":"wp","href":"https:\/\/api.w.org\/{rel}","templated":true}]}}