{"id":7744,"date":"2024-08-19T15:47:25","date_gmt":"2024-08-19T15:47:25","guid":{"rendered":"https:\/\/www.pcimembranes.com\/?page_id=7744"},"modified":"2025-07-21T09:51:15","modified_gmt":"2025-07-21T09:51:15","slug":"membranfiltration-fuer-die-produktion-von-sojasauce","status":"publish","type":"page","link":"https:\/\/www.pcimembranes.com\/de\/membranfiltration-fuer-die-produktion-von-sojasauce\/","title":{"rendered":"Membranfiltration f\u00fcr die Produktion von Sojasauce"},"content":{"rendered":"\n<div class=\"wp-block-cover alignfull is-light\" style=\"min-height:298px;aspect-ratio:unset;\"><img loading=\"lazy\" decoding=\"async\" width=\"1928\" height=\"1615\" class=\"wp-block-cover__image-background wp-image-2803\" alt=\"\" src=\"https:\/\/www.pcimembranes.com\/wp-content\/uploads\/2021\/08\/soy-sauce-1.jpg\" style=\"object-position:45% 48%\" data-object-fit=\"cover\" data-object-position=\"45% 48%\" srcset=\"https:\/\/www.pcimembranes.com\/wp-content\/uploads\/2021\/08\/soy-sauce-1.jpg 1928w, https:\/\/www.pcimembranes.com\/wp-content\/uploads\/2021\/08\/soy-sauce-1-300x251.jpg 300w, https:\/\/www.pcimembranes.com\/wp-content\/uploads\/2021\/08\/soy-sauce-1-1024x858.jpg 1024w, https:\/\/www.pcimembranes.com\/wp-content\/uploads\/2021\/08\/soy-sauce-1-768x643.jpg 768w, https:\/\/www.pcimembranes.com\/wp-content\/uploads\/2021\/08\/soy-sauce-1-1536x1287.jpg 1536w\" sizes=\"auto, (max-width: 1928px) 100vw, 1928px\" \/><span aria-hidden=\"true\" class=\"wp-block-cover__background has-background-dim-30 has-background-dim\"><\/span><div class=\"wp-block-cover__inner-container is-layout-flow wp-block-cover-is-layout-flow\">\n<h1 class=\"wp-block-heading has-text-align-center has-white-color has-text-color\">Membranfiltration f\u00fcr die Produktion von Sojasauce<\/h1>\n<\/div><\/div>\n\n\n\n<!--Close-->\t\n<\/div><\/div><\/section>\n<!--Menu-->\n<div class=\"no-top-margin\">\n<div class=\"msb-sticky-bar\">\n<div class=\"container\">\n  <div class=\"row\">\n    <div class=\"col-sm text-center\">\n      <a href=\"https:\/\/www.pcimembranes.com\/contact\/\" class=\"btn btn-primary solution-trigger\">SPRECHEN SIE MIT EINEM EXPERTEN<\/a>\n    <\/div>\n  <\/div>\n<\/div>\n<\/div>\n<\/div>\n<!--Open-->\n<section class=\"container\"><div class=\"row\"><div class=\"col-md-12\">\n\n\n\n<figure class=\"wp-block-pullquote\"><blockquote><p>Die Kl\u00e4rung ist ein entscheidender Schritt bei der Herstellung von Sojasauce. Ziel ist es, die Sojasauce klar zu machen und dabei ihre Vitamine, Mineralien, Proteine \u200b\u200bund Antioxidantien zu erhalten und eine angemessene Haltbarkeit sicherzustellen. PCI Membranes bietet spiralgewickelte Membranl\u00f6sungen, die die N\u00e4hrstoffe sch\u00fctzen und gleichzeitig den Zusatz von Konservierungsstoffen begrenzen. Dar\u00fcber hinaus erm\u00f6glichen uns die Qualit\u00e4t und R\u00fcckverfolgbarkeit unserer Produkte, eine konstante und zuverl\u00e4ssige Leistung sicherzustellen.<\/p><\/blockquote><\/figure>\n\n\n\n<hr class=\"wp-block-separator has-css-opacity is-style-default\" \/>\n\n\n\n<div style=\"height:21px\" aria-hidden=\"true\" class=\"wp-block-spacer\"><\/div>\n\n\n\n<h2 class=\"wp-block-heading\">Kl\u00e4rung von Sojasauce<\/h2>\n\n\n\n<div style=\"height:21px\" aria-hidden=\"true\" class=\"wp-block-spacer\"><\/div>\n\n\n\n<p>Sojasauce ist ein traditionelles fermentiertes Lebensmittel in Ostasien und hat sich weltweit zu einem weit verbreiteten Gew\u00fcrz entwickelt. Sojasauce wird aus Sojabohnen und Weizen durch einen komplexen Fermentationsprozess hergestellt, der eine enzymatische Katalyse durch verschiedene Mikroorganismen beinhaltet. Mit der Zeit verleihen Saccharide, Aminos\u00e4urestickstoff, organische S\u00e4uren und andere Bestandteile der Sojasauce ihren einzigartigen Geschmack.<\/p>\n\n\n\n<p>Nach mehrmonatiger Brauzeit enth\u00e4lt rohe Sojasauce gro\u00dfe Mengen an fermentierter Maische, die normalerweise filtergepresst wird, um die \u00fcbersch\u00fcssigen Schwebstoffe zu entfernen. Anschlie\u00dfend ist eine abschlie\u00dfende Verfeinerung erforderlich, um Geschmack und Farbe zu stabilisieren. Ultrafiltrationsmembranen verfeinern die filtergepresste Sojasauce, indem sie die mikrobielle und enzymatische Reaktion stoppen. Dieser letzte Schritt vor der Abf\u00fcllung kl\u00e4rt die Sauce, w\u00e4hrend die organoleptischen Eigenschaften und N\u00e4hrstoffe der Sojasauce erhalten bleiben. Au\u00dferdem werden Mikroorganismen entfernt, wodurch der Fermentationsprozess gestoppt und die Sojasauce stabilisiert wird, was eine lange Haltbarkeit gew\u00e4hrleistet.<\/p>\n\n\n\n<p>Traditionelle Methoden zur Herstellung von Sojasauce erfordern mehrere Chargenvorg\u00e4nge, die arbeits- und zeitaufw\u00e4ndig sind. Dar\u00fcber hinaus k\u00f6nnen diese Methoden Mikroorganismen und Bakterien nicht entfernen, was die Haltbarkeit des Produkts verk\u00fcrzt. Die Verwendung von spiralgewickelten Membranen (SPIRACORE\u00ae) bietet mehrere Vorteile: Sie erreichen eine hohe Kl\u00e4rung, behalten guten Geschmack und N\u00e4hrstoffe, behalten l\u00f6sliche Proteine \u200b\u200bund gew\u00e4hrleisten einen geringen Br\u00e4unungsgrad. Dar\u00fcber hinaus ist es kosteng\u00fcnstig und ben\u00f6tigt geringen Wartungsaufwand.<\/p>\n\n\n\n<div style=\"height:21px\" aria-hidden=\"true\" class=\"wp-block-spacer\"><\/div>\n\n\n\n<div class=\"wp-block-cover alignfull is-light\" style=\"min-height:186px;aspect-ratio:unset;\"><img loading=\"lazy\" decoding=\"async\" width=\"2560\" height=\"783\" class=\"wp-block-cover__image-background wp-image-2879\" alt=\"\" src=\"https:\/\/www.pcimembranes.com\/wp-content\/uploads\/2021\/08\/banner-heading-3-scaled.jpg\" data-object-fit=\"cover\" srcset=\"https:\/\/www.pcimembranes.com\/wp-content\/uploads\/2021\/08\/banner-heading-3-scaled.jpg 2560w, https:\/\/www.pcimembranes.com\/wp-content\/uploads\/2021\/08\/banner-heading-3-300x92.jpg 300w, https:\/\/www.pcimembranes.com\/wp-content\/uploads\/2021\/08\/banner-heading-3-1024x313.jpg 1024w, https:\/\/www.pcimembranes.com\/wp-content\/uploads\/2021\/08\/banner-heading-3-768x235.jpg 768w, https:\/\/www.pcimembranes.com\/wp-content\/uploads\/2021\/08\/banner-heading-3-1536x470.jpg 1536w, https:\/\/www.pcimembranes.com\/wp-content\/uploads\/2021\/08\/banner-heading-3-2048x626.jpg 2048w\" sizes=\"auto, (max-width: 2560px) 100vw, 2560px\" \/><span aria-hidden=\"true\" class=\"wp-block-cover__background has-background-dim-10 has-background-dim\"><\/span><div class=\"wp-block-cover__inner-container is-layout-flow wp-block-cover-is-layout-flow\">\n<h2 class=\"wp-block-heading has-text-align-center has-dark-gray-color has-text-color\">Der Sojasaucen Kl\u00e4rungsprozess im Detail<\/h2>\n<\/div><\/div>\n\n\n\n<div style=\"height:21px\" aria-hidden=\"true\" class=\"wp-block-spacer\"><\/div>\n\n\n\n<div class=\"wp-block-columns are-vertically-aligned-center is-layout-flex wp-container-core-columns-is-layout-9d6595d7 wp-block-columns-is-layout-flex\">\n<div class=\"wp-block-column is-vertically-aligned-center is-layout-flow wp-block-column-is-layout-flow\" style=\"flex-basis:66.66%\">\n<p>Die Herstellung von Sojasauce gliedert sich in vier Hauptschritte: Zubereitung der Rohsojasauce, statische Absetzung, Vorfiltration und Mikrofiltration mit spiralf\u00f6rmig gewickelten Membranelementen (SPIRACORE\u00ae) sowie eine Reihe von Unterschritten.<\/p>\n\n\n\n<p>\u2022 W\u00e4hrend der statischen Kl\u00e4rung entstehen bei der Fermentation der Sojasauce gro\u00dfe Mengen fermentierter Maische und Schwebstoffe, die vorgefiltert werden m\u00fcssen.<\/p>\n\n\n\n<p>\u2022 Der Mikrofiltrationsschritt mit Spiralwickelmembranen mit einem Molekulargewichts-Cut-off (MWCO) von 500.000 Da entfernt makromolekulare Proteine \u200b\u200bund organische Stoffe sowie Kolloide und verbessert gleichzeitig die Klarheit der Sauce. Die f\u00fcr diesen Schritt verwendeten Membranen entfernen auch Bakterien und Mikroorganismen und sorgen so f\u00fcr eine lange Haltbarkeit. F\u00fcr diese Anwendung empfehlen wir die Verwendung unserer Spiralwickelmembranelemente FG-SpiraCore MF500.<\/p>\n<\/div>\n\n\n\n<div class=\"wp-block-column is-vertically-aligned-center is-layout-flow wp-block-column-is-layout-flow\" style=\"flex-basis:33.33%\"><div class=\"wp-block-image is-style-default\">\n<figure class=\"aligncenter size-large\"><img loading=\"lazy\" decoding=\"async\" width=\"150\" height=\"416\" src=\"https:\/\/www.pcimembranes.com\/wp-content\/uploads\/2021\/08\/soy-sauce-prodution-steps.png\" alt=\"\" class=\"wp-image-2885\" srcset=\"https:\/\/www.pcimembranes.com\/wp-content\/uploads\/2021\/08\/soy-sauce-prodution-steps.png 150w, https:\/\/www.pcimembranes.com\/wp-content\/uploads\/2021\/08\/soy-sauce-prodution-steps-108x300.png 108w\" sizes=\"auto, (max-width: 150px) 100vw, 150px\" \/><\/figure>\n<\/div><\/div>\n<\/div>\n\n\n\n<div style=\"height:21px\" aria-hidden=\"true\" class=\"wp-block-spacer\"><\/div>\n\n\n\n<div class=\"wp-block-cover alignfull is-light\" style=\"min-height:186px;aspect-ratio:unset;\"><img loading=\"lazy\" decoding=\"async\" width=\"2560\" height=\"783\" class=\"wp-block-cover__image-background wp-image-2879\" alt=\"\" src=\"https:\/\/www.pcimembranes.com\/wp-content\/uploads\/2021\/08\/banner-heading-3-scaled.jpg\" data-object-fit=\"cover\" srcset=\"https:\/\/www.pcimembranes.com\/wp-content\/uploads\/2021\/08\/banner-heading-3-scaled.jpg 2560w, https:\/\/www.pcimembranes.com\/wp-content\/uploads\/2021\/08\/banner-heading-3-300x92.jpg 300w, https:\/\/www.pcimembranes.com\/wp-content\/uploads\/2021\/08\/banner-heading-3-1024x313.jpg 1024w, https:\/\/www.pcimembranes.com\/wp-content\/uploads\/2021\/08\/banner-heading-3-768x235.jpg 768w, https:\/\/www.pcimembranes.com\/wp-content\/uploads\/2021\/08\/banner-heading-3-1536x470.jpg 1536w, https:\/\/www.pcimembranes.com\/wp-content\/uploads\/2021\/08\/banner-heading-3-2048x626.jpg 2048w\" sizes=\"auto, (max-width: 2560px) 100vw, 2560px\" \/><span aria-hidden=\"true\" class=\"wp-block-cover__background has-background-dim-10 has-background-dim\"><\/span><div class=\"wp-block-cover__inner-container is-layout-flow wp-block-cover-is-layout-flow\">\n<h2 class=\"wp-block-heading has-text-align-center has-dark-gray-color has-text-color\">Die Spiralwickelmembran-Technologie<\/h2>\n\n\n\n<p><\/p>\n<\/div><\/div>\n\n\n\n<div class=\"wp-block-columns are-vertically-aligned-center is-layout-flex wp-container-core-columns-is-layout-9d6595d7 wp-block-columns-is-layout-flex\">\n<div class=\"wp-block-column is-vertically-aligned-center is-layout-flow wp-block-column-is-layout-flow\" style=\"flex-basis:66.66%\">\n<h3 class=\"wp-block-heading\">Wie ein spiralgewickeltes Modul arbeitet:<\/h3>\n\n\n\n<p>Spiralgewickelte Membranelemente bestehen aus einem Feed-Spacer, zwei Membranplatten und einem Permeat-Spacer.<\/p>\n\n\n\n<p>Die Zulaufl\u00f6sung (Feed) wird der Zulaufseite des Moduls zugef\u00fchrt und gelangt in die Zulaufabstandshalter (Feed Spacer). Das gereinigte Wasser durchquert die Membranplatten, wird in den Permeatabstandshaltern (Permeate Spacer) gesammelt und verl\u00e4sst das Element spiralf\u00f6rmig durch das zentrale Sammelrohr. Die verbleibende Zulaufl\u00f6sung durchl\u00e4uft die Elemente und verl\u00e4sst das Modul am gegen\u00fcberliegenden Ende. Ein spiralf\u00f6rmig gewickeltes Membranmodul besteht aus einem oder mehreren in Reihe geschalteten Elementen.<\/p>\n<\/div>\n\n\n\n<div class=\"wp-block-column is-vertically-aligned-center is-layout-flow wp-block-column-is-layout-flow\" style=\"flex-basis:33.33%\">\n<figure class=\"wp-block-image size-large is-style-default\"><img loading=\"lazy\" decoding=\"async\" width=\"612\" height=\"408\" src=\"https:\/\/www.pcimembranes.com\/wp-content\/uploads\/2021\/08\/FG_spira_core_3-removebg-preview.png\" alt=\"\" class=\"wp-image-2777\" srcset=\"https:\/\/www.pcimembranes.com\/wp-content\/uploads\/2021\/08\/FG_spira_core_3-removebg-preview.png 612w, https:\/\/www.pcimembranes.com\/wp-content\/uploads\/2021\/08\/FG_spira_core_3-removebg-preview-300x200.png 300w, https:\/\/www.pcimembranes.com\/wp-content\/uploads\/2021\/08\/FG_spira_core_3-removebg-preview-272x182.png 272w\" sizes=\"auto, (max-width: 612px) 100vw, 612px\" \/><\/figure>\n<\/div>\n<\/div>\n\n\n\n<h3 class=\"wp-block-heading\">Die Vorteile der Verwendung von PCI Membranes\u00ae-Mikrofiltrations-Spiralwickelmembranelementen<\/h3>\n\n\n\n<p>Die spiralgewickelten Membranelemente FG-SPIRACORE MF500 von PCI Membranes werden f\u00fcr die Mikrofiltration von Sojaso\u00dfe verwendet und bestehen aus PVDF-Material mit einem MWCO von 500.000 Da. Der Hauptvorteil dieses Materials ist seine gute chemische Best\u00e4ndigkeit, die einen breiten pH-Bereich (2-11) und eine hohe Chlortoleranz gew\u00e4hrleistet.<\/p>\n\n\n\n<p>Innerhalb der FG-SpiraCore EXC-So-MF-Reihe spiralf\u00f6rmig gewickelter Membranelemente sind verschiedene Feed-Spacer-St\u00e4rken erh\u00e4ltlich. Z\u00f6gern Sie nicht, Ihren<a href=\"https:\/\/www.pcimembranes.com\/contact\/\"> PCI MEMBRANES\u00ae Kontakt<\/a> f\u00fcr weitere Einzelheiten zu kontaktieren.<\/p>\n","protected":false},"excerpt":{"rendered":"<p>SPRECHEN SIE MIT EINEM EXPERTEN Die Kl\u00e4rung ist ein entscheidender Schritt bei der Herstellung von Sojasauce. Ziel ist es, die Sojasauce klar zu machen und dabei ihre Vitamine, Mineralien, Proteine \u200b\u200bund Antioxidantien zu erhalten und eine angemessene Haltbarkeit sicherzustellen. PCI Membranes bietet spiralgewickelte Membranl\u00f6sungen, die die N\u00e4hrstoffe sch\u00fctzen und gleichzeitig den Zusatz von Konservierungsstoffen begrenzen. [&hellip;]<\/p>\n","protected":false},"author":9,"featured_media":0,"parent":0,"menu_order":0,"comment_status":"closed","ping_status":"closed","template":"","meta":{"_acf_changed":false,"content-type":"","footnotes":""},"class_list":["post-7744","page","type-page","status-publish","hentry"],"acf":[],"yoast_head":"<!-- This site is optimized with the Yoast SEO plugin v27.3 - https:\/\/yoast.com\/product\/yoast-seo-wordpress\/ -->\n<title>Membranfiltration f\u00fcr die Produktion von Sojasauce - PCI Membranes<\/title>\n<meta name=\"robots\" content=\"index, follow, max-snippet:-1, max-image-preview:large, max-video-preview:-1\" \/>\n<link rel=\"canonical\" href=\"https:\/\/www.pcimembranes.com\/de\/membranfiltration-fuer-die-produktion-von-sojasauce\/\" \/>\n<meta property=\"og:locale\" content=\"de_DE\" \/>\n<meta property=\"og:type\" content=\"article\" \/>\n<meta property=\"og:title\" content=\"Membranfiltration f\u00fcr die Produktion von Sojasauce - PCI Membranes\" \/>\n<meta property=\"og:description\" content=\"SPRECHEN SIE MIT EINEM EXPERTEN Die Kl\u00e4rung ist ein entscheidender Schritt bei der Herstellung von Sojasauce. Ziel ist es, die Sojasauce klar zu machen und dabei ihre Vitamine, Mineralien, Proteine \u200b\u200bund Antioxidantien zu erhalten und eine angemessene Haltbarkeit sicherzustellen. PCI Membranes bietet spiralgewickelte Membranl\u00f6sungen, die die N\u00e4hrstoffe sch\u00fctzen und gleichzeitig den Zusatz von Konservierungsstoffen begrenzen. [&hellip;]\" \/>\n<meta property=\"og:url\" content=\"https:\/\/www.pcimembranes.com\/de\/membranfiltration-fuer-die-produktion-von-sojasauce\/\" \/>\n<meta property=\"og:site_name\" content=\"PCI Membranes\" \/>\n<meta property=\"article:modified_time\" content=\"2025-07-21T09:51:15+00:00\" \/>\n<meta property=\"og:image\" content=\"https:\/\/www.pcimembranes.com\/wp-content\/uploads\/2021\/08\/soy-sauce-1.jpg\" \/>\n\t<meta property=\"og:image:width\" content=\"1928\" \/>\n\t<meta property=\"og:image:height\" content=\"1615\" \/>\n\t<meta property=\"og:image:type\" content=\"image\/jpeg\" \/>\n<meta name=\"twitter:card\" content=\"summary_large_image\" \/>\n<meta name=\"twitter:label1\" content=\"Gesch\u00e4tzte Lesezeit\" \/>\n\t<meta name=\"twitter:data1\" content=\"4 Minuten\" \/>\n<script type=\"application\/ld+json\" class=\"yoast-schema-graph\">{\"@context\":\"https:\\\/\\\/schema.org\",\"@graph\":[{\"@type\":\"WebPage\",\"@id\":\"https:\\\/\\\/www.pcimembranes.com\\\/de\\\/membranfiltration-fuer-die-produktion-von-sojasauce\\\/\",\"url\":\"https:\\\/\\\/www.pcimembranes.com\\\/de\\\/membranfiltration-fuer-die-produktion-von-sojasauce\\\/\",\"name\":\"Membranfiltration f\u00fcr die Produktion von Sojasauce - PCI Membranes\",\"isPartOf\":{\"@id\":\"https:\\\/\\\/www.pcimembranes.com\\\/de\\\/#website\"},\"primaryImageOfPage\":{\"@id\":\"https:\\\/\\\/www.pcimembranes.com\\\/de\\\/membranfiltration-fuer-die-produktion-von-sojasauce\\\/#primaryimage\"},\"image\":{\"@id\":\"https:\\\/\\\/www.pcimembranes.com\\\/de\\\/membranfiltration-fuer-die-produktion-von-sojasauce\\\/#primaryimage\"},\"thumbnailUrl\":\"https:\\\/\\\/www.pcimembranes.com\\\/wp-content\\\/uploads\\\/2021\\\/08\\\/soy-sauce-1.jpg\",\"datePublished\":\"2024-08-19T15:47:25+00:00\",\"dateModified\":\"2025-07-21T09:51:15+00:00\",\"breadcrumb\":{\"@id\":\"https:\\\/\\\/www.pcimembranes.com\\\/de\\\/membranfiltration-fuer-die-produktion-von-sojasauce\\\/#breadcrumb\"},\"inLanguage\":\"de-DE\",\"potentialAction\":[{\"@type\":\"ReadAction\",\"target\":[\"https:\\\/\\\/www.pcimembranes.com\\\/de\\\/membranfiltration-fuer-die-produktion-von-sojasauce\\\/\"]}]},{\"@type\":\"ImageObject\",\"inLanguage\":\"de-DE\",\"@id\":\"https:\\\/\\\/www.pcimembranes.com\\\/de\\\/membranfiltration-fuer-die-produktion-von-sojasauce\\\/#primaryimage\",\"url\":\"https:\\\/\\\/www.pcimembranes.com\\\/wp-content\\\/uploads\\\/2021\\\/08\\\/soy-sauce-1.jpg\",\"contentUrl\":\"https:\\\/\\\/www.pcimembranes.com\\\/wp-content\\\/uploads\\\/2021\\\/08\\\/soy-sauce-1.jpg\"},{\"@type\":\"BreadcrumbList\",\"@id\":\"https:\\\/\\\/www.pcimembranes.com\\\/de\\\/membranfiltration-fuer-die-produktion-von-sojasauce\\\/#breadcrumb\",\"itemListElement\":[{\"@type\":\"ListItem\",\"position\":1,\"name\":\"\",\"item\":\"https:\\\/\\\/www.pcimembranes.com\\\/de\\\/\"},{\"@type\":\"ListItem\",\"position\":2,\"name\":\"Membranfiltration f\u00fcr die Produktion von Sojasauce\"}]},{\"@type\":\"WebSite\",\"@id\":\"https:\\\/\\\/www.pcimembranes.com\\\/de\\\/#website\",\"url\":\"https:\\\/\\\/www.pcimembranes.com\\\/de\\\/\",\"name\":\"PCI Membranes\",\"description\":\"Making the World Safer, Healthier and More Productive\",\"publisher\":{\"@id\":\"https:\\\/\\\/www.pcimembranes.com\\\/de\\\/#organization\"},\"potentialAction\":[{\"@type\":\"SearchAction\",\"target\":{\"@type\":\"EntryPoint\",\"urlTemplate\":\"https:\\\/\\\/www.pcimembranes.com\\\/de\\\/?s={search_term_string}\"},\"query-input\":{\"@type\":\"PropertyValueSpecification\",\"valueRequired\":true,\"valueName\":\"search_term_string\"}}],\"inLanguage\":\"de-DE\"},{\"@type\":\"Organization\",\"@id\":\"https:\\\/\\\/www.pcimembranes.com\\\/de\\\/#organization\",\"name\":\"Filtration Group\",\"url\":\"https:\\\/\\\/www.pcimembranes.com\\\/de\\\/\",\"logo\":{\"@type\":\"ImageObject\",\"inLanguage\":\"de-DE\",\"@id\":\"https:\\\/\\\/www.pcimembranes.com\\\/de\\\/#\\\/schema\\\/logo\\\/image\\\/\",\"url\":\"https:\\\/\\\/www.pcimembranes.com\\\/wp-content\\\/uploads\\\/2019\\\/06\\\/FGC-logo-1.png\",\"contentUrl\":\"https:\\\/\\\/www.pcimembranes.com\\\/wp-content\\\/uploads\\\/2019\\\/06\\\/FGC-logo-1.png\",\"width\":1104,\"height\":224,\"caption\":\"Filtration Group\"},\"image\":{\"@id\":\"https:\\\/\\\/www.pcimembranes.com\\\/de\\\/#\\\/schema\\\/logo\\\/image\\\/\"}}]}<\/script>\n<!-- \/ Yoast SEO plugin. -->","yoast_head_json":{"title":"Membranfiltration f\u00fcr die Produktion von Sojasauce - PCI Membranes","robots":{"index":"index","follow":"follow","max-snippet":"max-snippet:-1","max-image-preview":"max-image-preview:large","max-video-preview":"max-video-preview:-1"},"canonical":"https:\/\/www.pcimembranes.com\/de\/membranfiltration-fuer-die-produktion-von-sojasauce\/","og_locale":"de_DE","og_type":"article","og_title":"Membranfiltration f\u00fcr die Produktion von Sojasauce - PCI Membranes","og_description":"SPRECHEN SIE MIT EINEM EXPERTEN Die Kl\u00e4rung ist ein entscheidender Schritt bei der Herstellung von Sojasauce. Ziel ist es, die Sojasauce klar zu machen und dabei ihre Vitamine, Mineralien, Proteine \u200b\u200bund Antioxidantien zu erhalten und eine angemessene Haltbarkeit sicherzustellen. PCI Membranes bietet spiralgewickelte Membranl\u00f6sungen, die die N\u00e4hrstoffe sch\u00fctzen und gleichzeitig den Zusatz von Konservierungsstoffen begrenzen. [&hellip;]","og_url":"https:\/\/www.pcimembranes.com\/de\/membranfiltration-fuer-die-produktion-von-sojasauce\/","og_site_name":"PCI Membranes","article_modified_time":"2025-07-21T09:51:15+00:00","og_image":[{"width":1928,"height":1615,"url":"https:\/\/www.pcimembranes.com\/wp-content\/uploads\/2021\/08\/soy-sauce-1.jpg","type":"image\/jpeg"}],"twitter_card":"summary_large_image","twitter_misc":{"Gesch\u00e4tzte Lesezeit":"4 Minuten"},"schema":{"@context":"https:\/\/schema.org","@graph":[{"@type":"WebPage","@id":"https:\/\/www.pcimembranes.com\/de\/membranfiltration-fuer-die-produktion-von-sojasauce\/","url":"https:\/\/www.pcimembranes.com\/de\/membranfiltration-fuer-die-produktion-von-sojasauce\/","name":"Membranfiltration f\u00fcr die Produktion von Sojasauce - PCI Membranes","isPartOf":{"@id":"https:\/\/www.pcimembranes.com\/de\/#website"},"primaryImageOfPage":{"@id":"https:\/\/www.pcimembranes.com\/de\/membranfiltration-fuer-die-produktion-von-sojasauce\/#primaryimage"},"image":{"@id":"https:\/\/www.pcimembranes.com\/de\/membranfiltration-fuer-die-produktion-von-sojasauce\/#primaryimage"},"thumbnailUrl":"https:\/\/www.pcimembranes.com\/wp-content\/uploads\/2021\/08\/soy-sauce-1.jpg","datePublished":"2024-08-19T15:47:25+00:00","dateModified":"2025-07-21T09:51:15+00:00","breadcrumb":{"@id":"https:\/\/www.pcimembranes.com\/de\/membranfiltration-fuer-die-produktion-von-sojasauce\/#breadcrumb"},"inLanguage":"de-DE","potentialAction":[{"@type":"ReadAction","target":["https:\/\/www.pcimembranes.com\/de\/membranfiltration-fuer-die-produktion-von-sojasauce\/"]}]},{"@type":"ImageObject","inLanguage":"de-DE","@id":"https:\/\/www.pcimembranes.com\/de\/membranfiltration-fuer-die-produktion-von-sojasauce\/#primaryimage","url":"https:\/\/www.pcimembranes.com\/wp-content\/uploads\/2021\/08\/soy-sauce-1.jpg","contentUrl":"https:\/\/www.pcimembranes.com\/wp-content\/uploads\/2021\/08\/soy-sauce-1.jpg"},{"@type":"BreadcrumbList","@id":"https:\/\/www.pcimembranes.com\/de\/membranfiltration-fuer-die-produktion-von-sojasauce\/#breadcrumb","itemListElement":[{"@type":"ListItem","position":1,"name":"","item":"https:\/\/www.pcimembranes.com\/de\/"},{"@type":"ListItem","position":2,"name":"Membranfiltration f\u00fcr die Produktion von Sojasauce"}]},{"@type":"WebSite","@id":"https:\/\/www.pcimembranes.com\/de\/#website","url":"https:\/\/www.pcimembranes.com\/de\/","name":"PCI Membranes","description":"Making the World Safer, Healthier and More Productive","publisher":{"@id":"https:\/\/www.pcimembranes.com\/de\/#organization"},"potentialAction":[{"@type":"SearchAction","target":{"@type":"EntryPoint","urlTemplate":"https:\/\/www.pcimembranes.com\/de\/?s={search_term_string}"},"query-input":{"@type":"PropertyValueSpecification","valueRequired":true,"valueName":"search_term_string"}}],"inLanguage":"de-DE"},{"@type":"Organization","@id":"https:\/\/www.pcimembranes.com\/de\/#organization","name":"Filtration Group","url":"https:\/\/www.pcimembranes.com\/de\/","logo":{"@type":"ImageObject","inLanguage":"de-DE","@id":"https:\/\/www.pcimembranes.com\/de\/#\/schema\/logo\/image\/","url":"https:\/\/www.pcimembranes.com\/wp-content\/uploads\/2019\/06\/FGC-logo-1.png","contentUrl":"https:\/\/www.pcimembranes.com\/wp-content\/uploads\/2019\/06\/FGC-logo-1.png","width":1104,"height":224,"caption":"Filtration Group"},"image":{"@id":"https:\/\/www.pcimembranes.com\/de\/#\/schema\/logo\/image\/"}}]}},"_links":{"self":[{"href":"https:\/\/www.pcimembranes.com\/de\/wp-json\/wp\/v2\/pages\/7744","targetHints":{"allow":["GET"]}}],"collection":[{"href":"https:\/\/www.pcimembranes.com\/de\/wp-json\/wp\/v2\/pages"}],"about":[{"href":"https:\/\/www.pcimembranes.com\/de\/wp-json\/wp\/v2\/types\/page"}],"author":[{"embeddable":true,"href":"https:\/\/www.pcimembranes.com\/de\/wp-json\/wp\/v2\/users\/9"}],"replies":[{"embeddable":true,"href":"https:\/\/www.pcimembranes.com\/de\/wp-json\/wp\/v2\/comments?post=7744"}],"version-history":[{"count":0,"href":"https:\/\/www.pcimembranes.com\/de\/wp-json\/wp\/v2\/pages\/7744\/revisions"}],"wp:attachment":[{"href":"https:\/\/www.pcimembranes.com\/de\/wp-json\/wp\/v2\/media?parent=7744"}],"curies":[{"name":"wp","href":"https:\/\/api.w.org\/{rel}","templated":true}]}}