{"id":7746,"date":"2024-08-20T12:18:01","date_gmt":"2024-08-20T12:18:01","guid":{"rendered":"https:\/\/www.pcimembranes.com\/?page_id=7746"},"modified":"2025-07-21T09:53:39","modified_gmt":"2025-07-21T09:53:39","slug":"papier-und-zellstoff","status":"publish","type":"page","link":"https:\/\/www.pcimembranes.com\/de\/industrien\/papier-und-zellstoff\/","title":{"rendered":"Papier und Zellstoff"},"content":{"rendered":"\n<div class=\"wp-block-cover alignfull is-light\" style=\"min-height:260px;aspect-ratio:unset;\"><img loading=\"lazy\" decoding=\"async\" width=\"1170\" height=\"540\" class=\"wp-block-cover__image-background wp-image-728\" alt=\"\" src=\"https:\/\/www.pcimembranes.com\/wp-content\/uploads\/2019\/10\/Paper-and-Pulp-Mill-1.jpg\" data-object-fit=\"cover\" srcset=\"https:\/\/www.pcimembranes.com\/wp-content\/uploads\/2019\/10\/Paper-and-Pulp-Mill-1.jpg 1170w, https:\/\/www.pcimembranes.com\/wp-content\/uploads\/2019\/10\/Paper-and-Pulp-Mill-1-300x138.jpg 300w, https:\/\/www.pcimembranes.com\/wp-content\/uploads\/2019\/10\/Paper-and-Pulp-Mill-1-768x354.jpg 768w, https:\/\/www.pcimembranes.com\/wp-content\/uploads\/2019\/10\/Paper-and-Pulp-Mill-1-1024x473.jpg 1024w\" sizes=\"auto, (max-width: 1170px) 100vw, 1170px\" \/><span aria-hidden=\"true\" class=\"wp-block-cover__background has-background-dim\"><\/span><div class=\"wp-block-cover__inner-container is-layout-flow wp-block-cover-is-layout-flow\">\n<h1 class=\"wp-block-heading has-text-align-center has-white-color has-text-color has-link-color wp-elements-f6869a901bf01375352b8854764d1035\">Papier und Zellstoff<\/h1>\n<\/div><\/div>\n\n\n\n<!--Close-->\t\n<\/div><\/div><\/section>\n<!--Menu-->\n<div class=\"no-top-margin\">\n<div class=\"msb-sticky-bar\">\n<div class=\"container\">\n  <div class=\"row\">\n    <div class=\"col-sm text-center\">\n      <a href=\"https:\/\/www.pcimembranes.com\/de\/kontaktieren-sie-uns\/\" class=\"btn btn-primary solution-trigger\">SPRECHEN SIE MIT EINEM EXPERTEN<\/a>\n    <\/div>\n  <\/div>\n<\/div>\n<\/div>\n<\/div>\n<!--Open-->\n<section class=\"container\"><div class=\"row\"><div class=\"col-md-12\">\n\n\n\n<h2 class=\"wp-block-heading\">Innovative L\u00f6sungen f\u00fcr die Papier- und Zellstoffindustrie<\/h2>\n\n\n\n<p>The forest products industry produces large volumes of effluent as well as using high volumes of water as part of the manufacture of pulp and paper. PCI Membranes\u00ae has being working closely with this industry for over 30 years and has developed innovative solutions to help meet the industries increasingly stringent requirements.<\/p>\n\n\n\n<p>Die Papier- und Zellstoffindustrie produziert gro\u00dfe Mengen an Abwasser und verbraucht bei der Herstellung von Zellstoff und Papier auch gro\u00dfe Mengen Wasser. PCI Membranes\u00ae arbeitet seit \u00fcber 30 Jahren eng mit dieser Industrie zusammen und hat innovative L\u00f6sungen entwickelt, um die immer strengeren Anforderungen der Industrie zu erf\u00fcllen.<\/p>\n\n\n\n<p>Beispiele f\u00fcr Anwendungen von Rohrmembranen sind die Reduzierung des CSB in Abw\u00e4ssern von Zellstoffbleiche durch Ultrafiltration, die Fraktionierung von Lignosulfonaten sowie die R\u00fcckgewinnung und Wiederverwendung von R\u00fcckwasser und Beschichtungschemikalien aus der Papierproduktion oder von Zellulose-Nanokristallen und \u00e4hnlichen Produkten auf Zellulosebasis.<\/p>\n\n\n\n<p><a href=\"https:\/\/www.pcimembranes.com\/wp-content\/uploads\/2020\/04\/2020-04-PCI-Membranes-Pulp-Paper-application.pdf\">KLICKEN SIE HIER<\/a> f\u00fcr mehr Papier- und Zellstoff L\u00f6sungen<\/p>\n\n\n\n<figure class=\"wp-block-image size-medium\"><a href=\"https:\/\/www.pcimembranes.com\/wp-content\/uploads\/2020\/04\/2020-04-PCI-Membranes-Pulp-Paper-application.pdf\"><img loading=\"lazy\" decoding=\"async\" width=\"232\" height=\"300\" src=\"https:\/\/www.pcimembranes.com\/wp-content\/uploads\/2020\/04\/2020-PCI-Pulp-Paper_cover-1-232x300.jpg\" alt=\"\" class=\"wp-image-1060\" \/><\/a><\/figure>\n\n\n","protected":false},"excerpt":{"rendered":"<p>SPRECHEN SIE MIT EINEM EXPERTEN Innovative L\u00f6sungen f\u00fcr die Papier- und Zellstoffindustrie The forest products industry produces large volumes of effluent as well as using high volumes of water as part of the manufacture of pulp and paper. PCI Membranes\u00ae has being working closely with this industry for over 30 years and has developed innovative [&hellip;]<\/p>\n","protected":false},"author":9,"featured_media":0,"parent":7736,"menu_order":0,"comment_status":"closed","ping_status":"closed","template":"","meta":{"_acf_changed":false,"content-type":"","footnotes":""},"class_list":["post-7746","page","type-page","status-publish","hentry"],"acf":[],"yoast_head":"<!-- This site is optimized with the Yoast SEO plugin v27.3 - https:\/\/yoast.com\/product\/yoast-seo-wordpress\/ -->\n<title>Papier und Zellstoff - PCI Membranes<\/title>\n<meta name=\"robots\" content=\"index, follow, max-snippet:-1, max-image-preview:large, max-video-preview:-1\" \/>\n<link rel=\"canonical\" href=\"https:\/\/www.pcimembranes.com\/de\/industrien\/papier-und-zellstoff\/\" \/>\n<meta property=\"og:locale\" content=\"de_DE\" \/>\n<meta property=\"og:type\" content=\"article\" \/>\n<meta property=\"og:title\" content=\"Papier und Zellstoff - PCI Membranes\" \/>\n<meta property=\"og:description\" content=\"SPRECHEN SIE MIT EINEM EXPERTEN Innovative L\u00f6sungen f\u00fcr die Papier- und Zellstoffindustrie The forest products industry produces large volumes of effluent as well as using high volumes of water as part of the manufacture of pulp and paper. PCI Membranes\u00ae has being working closely with this industry for over 30 years and has developed innovative [&hellip;]\" \/>\n<meta property=\"og:url\" content=\"https:\/\/www.pcimembranes.com\/de\/industrien\/papier-und-zellstoff\/\" \/>\n<meta property=\"og:site_name\" content=\"PCI Membranes\" \/>\n<meta property=\"article:modified_time\" content=\"2025-07-21T09:53:39+00:00\" \/>\n<meta property=\"og:image\" content=\"https:\/\/www.pcimembranes.com\/wp-content\/uploads\/2019\/10\/Paper-and-Pulp-Mill-1.jpg\" \/>\n\t<meta property=\"og:image:width\" content=\"1170\" \/>\n\t<meta property=\"og:image:height\" content=\"540\" \/>\n\t<meta property=\"og:image:type\" content=\"image\/jpeg\" \/>\n<meta name=\"twitter:card\" content=\"summary_large_image\" \/>\n<meta name=\"twitter:label1\" content=\"Gesch\u00e4tzte Lesezeit\" \/>\n\t<meta name=\"twitter:data1\" content=\"3 Minuten\" \/>\n<script type=\"application\/ld+json\" class=\"yoast-schema-graph\">{\"@context\":\"https:\\\/\\\/schema.org\",\"@graph\":[{\"@type\":\"WebPage\",\"@id\":\"https:\\\/\\\/www.pcimembranes.com\\\/de\\\/industrien\\\/papier-und-zellstoff\\\/\",\"url\":\"https:\\\/\\\/www.pcimembranes.com\\\/de\\\/industrien\\\/papier-und-zellstoff\\\/\",\"name\":\"Papier und Zellstoff - PCI Membranes\",\"isPartOf\":{\"@id\":\"https:\\\/\\\/www.pcimembranes.com\\\/de\\\/#website\"},\"primaryImageOfPage\":{\"@id\":\"https:\\\/\\\/www.pcimembranes.com\\\/de\\\/industrien\\\/papier-und-zellstoff\\\/#primaryimage\"},\"image\":{\"@id\":\"https:\\\/\\\/www.pcimembranes.com\\\/de\\\/industrien\\\/papier-und-zellstoff\\\/#primaryimage\"},\"thumbnailUrl\":\"https:\\\/\\\/www.pcimembranes.com\\\/wp-content\\\/uploads\\\/2019\\\/10\\\/Paper-and-Pulp-Mill-1.jpg\",\"datePublished\":\"2024-08-20T12:18:01+00:00\",\"dateModified\":\"2025-07-21T09:53:39+00:00\",\"breadcrumb\":{\"@id\":\"https:\\\/\\\/www.pcimembranes.com\\\/de\\\/industrien\\\/papier-und-zellstoff\\\/#breadcrumb\"},\"inLanguage\":\"de-DE\",\"potentialAction\":[{\"@type\":\"ReadAction\",\"target\":[\"https:\\\/\\\/www.pcimembranes.com\\\/de\\\/industrien\\\/papier-und-zellstoff\\\/\"]}]},{\"@type\":\"ImageObject\",\"inLanguage\":\"de-DE\",\"@id\":\"https:\\\/\\\/www.pcimembranes.com\\\/de\\\/industrien\\\/papier-und-zellstoff\\\/#primaryimage\",\"url\":\"https:\\\/\\\/www.pcimembranes.com\\\/wp-content\\\/uploads\\\/2019\\\/10\\\/Paper-and-Pulp-Mill-1.jpg\",\"contentUrl\":\"https:\\\/\\\/www.pcimembranes.com\\\/wp-content\\\/uploads\\\/2019\\\/10\\\/Paper-and-Pulp-Mill-1.jpg\"},{\"@type\":\"BreadcrumbList\",\"@id\":\"https:\\\/\\\/www.pcimembranes.com\\\/de\\\/industrien\\\/papier-und-zellstoff\\\/#breadcrumb\",\"itemListElement\":[{\"@type\":\"ListItem\",\"position\":1,\"name\":\"\",\"item\":\"https:\\\/\\\/www.pcimembranes.com\\\/de\\\/\"},{\"@type\":\"ListItem\",\"position\":2,\"name\":\"Industrien\",\"item\":\"https:\\\/\\\/www.pcimembranes.com\\\/de\\\/industrien\\\/\"},{\"@type\":\"ListItem\",\"position\":3,\"name\":\"Papier und Zellstoff\"}]},{\"@type\":\"WebSite\",\"@id\":\"https:\\\/\\\/www.pcimembranes.com\\\/de\\\/#website\",\"url\":\"https:\\\/\\\/www.pcimembranes.com\\\/de\\\/\",\"name\":\"PCI Membranes\",\"description\":\"Making the World Safer, Healthier and More Productive\",\"publisher\":{\"@id\":\"https:\\\/\\\/www.pcimembranes.com\\\/de\\\/#organization\"},\"potentialAction\":[{\"@type\":\"SearchAction\",\"target\":{\"@type\":\"EntryPoint\",\"urlTemplate\":\"https:\\\/\\\/www.pcimembranes.com\\\/de\\\/?s={search_term_string}\"},\"query-input\":{\"@type\":\"PropertyValueSpecification\",\"valueRequired\":true,\"valueName\":\"search_term_string\"}}],\"inLanguage\":\"de-DE\"},{\"@type\":\"Organization\",\"@id\":\"https:\\\/\\\/www.pcimembranes.com\\\/de\\\/#organization\",\"name\":\"Filtration Group\",\"url\":\"https:\\\/\\\/www.pcimembranes.com\\\/de\\\/\",\"logo\":{\"@type\":\"ImageObject\",\"inLanguage\":\"de-DE\",\"@id\":\"https:\\\/\\\/www.pcimembranes.com\\\/de\\\/#\\\/schema\\\/logo\\\/image\\\/\",\"url\":\"https:\\\/\\\/www.pcimembranes.com\\\/wp-content\\\/uploads\\\/2019\\\/06\\\/FGC-logo-1.png\",\"contentUrl\":\"https:\\\/\\\/www.pcimembranes.com\\\/wp-content\\\/uploads\\\/2019\\\/06\\\/FGC-logo-1.png\",\"width\":1104,\"height\":224,\"caption\":\"Filtration Group\"},\"image\":{\"@id\":\"https:\\\/\\\/www.pcimembranes.com\\\/de\\\/#\\\/schema\\\/logo\\\/image\\\/\"}}]}<\/script>\n<!-- \/ Yoast SEO plugin. -->","yoast_head_json":{"title":"Papier und Zellstoff - PCI Membranes","robots":{"index":"index","follow":"follow","max-snippet":"max-snippet:-1","max-image-preview":"max-image-preview:large","max-video-preview":"max-video-preview:-1"},"canonical":"https:\/\/www.pcimembranes.com\/de\/industrien\/papier-und-zellstoff\/","og_locale":"de_DE","og_type":"article","og_title":"Papier und Zellstoff - PCI Membranes","og_description":"SPRECHEN SIE MIT EINEM EXPERTEN Innovative L\u00f6sungen f\u00fcr die Papier- und Zellstoffindustrie The forest products industry produces large volumes of effluent as well as using high volumes of water as part of the manufacture of pulp and paper. PCI Membranes\u00ae has being working closely with this industry for over 30 years and has developed innovative [&hellip;]","og_url":"https:\/\/www.pcimembranes.com\/de\/industrien\/papier-und-zellstoff\/","og_site_name":"PCI Membranes","article_modified_time":"2025-07-21T09:53:39+00:00","og_image":[{"width":1170,"height":540,"url":"https:\/\/www.pcimembranes.com\/wp-content\/uploads\/2019\/10\/Paper-and-Pulp-Mill-1.jpg","type":"image\/jpeg"}],"twitter_card":"summary_large_image","twitter_misc":{"Gesch\u00e4tzte Lesezeit":"3 Minuten"},"schema":{"@context":"https:\/\/schema.org","@graph":[{"@type":"WebPage","@id":"https:\/\/www.pcimembranes.com\/de\/industrien\/papier-und-zellstoff\/","url":"https:\/\/www.pcimembranes.com\/de\/industrien\/papier-und-zellstoff\/","name":"Papier und Zellstoff - PCI Membranes","isPartOf":{"@id":"https:\/\/www.pcimembranes.com\/de\/#website"},"primaryImageOfPage":{"@id":"https:\/\/www.pcimembranes.com\/de\/industrien\/papier-und-zellstoff\/#primaryimage"},"image":{"@id":"https:\/\/www.pcimembranes.com\/de\/industrien\/papier-und-zellstoff\/#primaryimage"},"thumbnailUrl":"https:\/\/www.pcimembranes.com\/wp-content\/uploads\/2019\/10\/Paper-and-Pulp-Mill-1.jpg","datePublished":"2024-08-20T12:18:01+00:00","dateModified":"2025-07-21T09:53:39+00:00","breadcrumb":{"@id":"https:\/\/www.pcimembranes.com\/de\/industrien\/papier-und-zellstoff\/#breadcrumb"},"inLanguage":"de-DE","potentialAction":[{"@type":"ReadAction","target":["https:\/\/www.pcimembranes.com\/de\/industrien\/papier-und-zellstoff\/"]}]},{"@type":"ImageObject","inLanguage":"de-DE","@id":"https:\/\/www.pcimembranes.com\/de\/industrien\/papier-und-zellstoff\/#primaryimage","url":"https:\/\/www.pcimembranes.com\/wp-content\/uploads\/2019\/10\/Paper-and-Pulp-Mill-1.jpg","contentUrl":"https:\/\/www.pcimembranes.com\/wp-content\/uploads\/2019\/10\/Paper-and-Pulp-Mill-1.jpg"},{"@type":"BreadcrumbList","@id":"https:\/\/www.pcimembranes.com\/de\/industrien\/papier-und-zellstoff\/#breadcrumb","itemListElement":[{"@type":"ListItem","position":1,"name":"","item":"https:\/\/www.pcimembranes.com\/de\/"},{"@type":"ListItem","position":2,"name":"Industrien","item":"https:\/\/www.pcimembranes.com\/de\/industrien\/"},{"@type":"ListItem","position":3,"name":"Papier und Zellstoff"}]},{"@type":"WebSite","@id":"https:\/\/www.pcimembranes.com\/de\/#website","url":"https:\/\/www.pcimembranes.com\/de\/","name":"PCI Membranes","description":"Making the World Safer, Healthier and More Productive","publisher":{"@id":"https:\/\/www.pcimembranes.com\/de\/#organization"},"potentialAction":[{"@type":"SearchAction","target":{"@type":"EntryPoint","urlTemplate":"https:\/\/www.pcimembranes.com\/de\/?s={search_term_string}"},"query-input":{"@type":"PropertyValueSpecification","valueRequired":true,"valueName":"search_term_string"}}],"inLanguage":"de-DE"},{"@type":"Organization","@id":"https:\/\/www.pcimembranes.com\/de\/#organization","name":"Filtration Group","url":"https:\/\/www.pcimembranes.com\/de\/","logo":{"@type":"ImageObject","inLanguage":"de-DE","@id":"https:\/\/www.pcimembranes.com\/de\/#\/schema\/logo\/image\/","url":"https:\/\/www.pcimembranes.com\/wp-content\/uploads\/2019\/06\/FGC-logo-1.png","contentUrl":"https:\/\/www.pcimembranes.com\/wp-content\/uploads\/2019\/06\/FGC-logo-1.png","width":1104,"height":224,"caption":"Filtration Group"},"image":{"@id":"https:\/\/www.pcimembranes.com\/de\/#\/schema\/logo\/image\/"}}]}},"_links":{"self":[{"href":"https:\/\/www.pcimembranes.com\/de\/wp-json\/wp\/v2\/pages\/7746","targetHints":{"allow":["GET"]}}],"collection":[{"href":"https:\/\/www.pcimembranes.com\/de\/wp-json\/wp\/v2\/pages"}],"about":[{"href":"https:\/\/www.pcimembranes.com\/de\/wp-json\/wp\/v2\/types\/page"}],"author":[{"embeddable":true,"href":"https:\/\/www.pcimembranes.com\/de\/wp-json\/wp\/v2\/users\/9"}],"replies":[{"embeddable":true,"href":"https:\/\/www.pcimembranes.com\/de\/wp-json\/wp\/v2\/comments?post=7746"}],"version-history":[{"count":0,"href":"https:\/\/www.pcimembranes.com\/de\/wp-json\/wp\/v2\/pages\/7746\/revisions"}],"up":[{"embeddable":true,"href":"https:\/\/www.pcimembranes.com\/de\/wp-json\/wp\/v2\/pages\/7736"}],"wp:attachment":[{"href":"https:\/\/www.pcimembranes.com\/de\/wp-json\/wp\/v2\/media?parent=7746"}],"curies":[{"name":"wp","href":"https:\/\/api.w.org\/{rel}","templated":true}]}}