{"id":6892,"date":"2023-04-14T15:35:06","date_gmt":"2023-04-14T15:35:06","guid":{"rendered":"https:\/\/www.pcimembranes.com\/?page_id=6892"},"modified":"2025-07-25T13:15:17","modified_gmt":"2025-07-25T13:15:17","slug":"modulo-serie-a37","status":"publish","type":"page","link":"https:\/\/www.pcimembranes.com\/es\/modulos-de-membrana-tubular-de-la-serie-a\/modulo-serie-a37\/","title":{"rendered":"M\u00f3dulo serie A37"},"content":{"rendered":"\n<div class=\"wp-block-cover alignfull\" style=\"min-height:300px;aspect-ratio:unset;\"><img loading=\"lazy\" decoding=\"async\" width=\"1400\" height=\"787\" class=\"wp-block-cover__image-background wp-image-2795\" alt=\"\" src=\"https:\/\/www.pcimembranes.com\/wp-content\/uploads\/2021\/08\/MicrosoftTeams-image-_2.jpg\" data-object-fit=\"cover\" srcset=\"https:\/\/www.pcimembranes.com\/wp-content\/uploads\/2021\/08\/MicrosoftTeams-image-_2.jpg 1400w, https:\/\/www.pcimembranes.com\/wp-content\/uploads\/2021\/08\/MicrosoftTeams-image-_2-300x169.jpg 300w, https:\/\/www.pcimembranes.com\/wp-content\/uploads\/2021\/08\/MicrosoftTeams-image-_2-1024x576.jpg 1024w, https:\/\/www.pcimembranes.com\/wp-content\/uploads\/2021\/08\/MicrosoftTeams-image-_2-768x432.jpg 768w\" sizes=\"auto, (max-width: 1400px) 100vw, 1400px\" \/><span aria-hidden=\"true\" class=\"wp-block-cover__background has-background-dim-10 has-background-dim\"><\/span><div class=\"wp-block-cover__inner-container is-layout-flow wp-block-cover-is-layout-flow\">\n<h1 class=\"wp-block-heading has-text-align-center\">M\u00f3dulo serie A37<\/h1>\n<\/div><\/div>\n\n\n\n<!--Close-->\t\n<\/div><\/div><\/section>\n<!--Menu-->\n<div class=\"no-top-margin\">\n<div class=\"msb-sticky-bar\">\n<div class=\"container\">\n  <div class=\"row\">\n    <div class=\"col-sm text-center\">\n      <a href=\"https:\/\/www.pcimembranes.com\/contactus\/\" class=\"btn btn-primary solution-trigger\">HABLE CON UN EXPERTO<\/a>\n    <\/div>\n  <\/div>\n<\/div>\n<\/div>\n<\/div>\n<!--Open-->\n<section class=\"container\"><div class=\"row\"><div class=\"col-md-12\">\n\n\n\n<h2 class=\"wp-block-heading\">M\u00f3dulo de la serie A37<\/h2>\n\n\n\n<p>El m\u00f3dulo A37 consiste en un n\u00facleo reemplazable de 37 tubos, cada uno de 12,5 mm de di\u00e1metro, insertado en un contenedor de acero inoxidable.<\/p>\n\n\n\n<p>El m\u00f3dulo A37 utiliza nuestras membranas de ultrafiltraci\u00f3n y microfiltraci\u00f3n de PVDF especialmente desarrolladas y adecuadas para diversas condiciones de proceso. Existen tres diferentes porosidad\/pesos moleculares: 450k Dalton, 200k Dalton, 100k Dalton y 20k Dalton nominal y 0,2 micras de corte, aunque el rendimiento real tambi\u00e9n depende de las condiciones de funcionamiento.<\/p>\n\n\n\n<p>El m\u00f3dulo est\u00e1 disponible de serie en longitudes de 3,66 m, con superficies de membrana de 5,1 m2 respectivamente.<\/p>\n\n\n\n<p>El dise\u00f1o compacto confiere al m\u00f3dulo una gran resistencia, permitiendo presiones de funcionamiento de 7 bares a temperaturas de hasta 60\u00b0C.<\/p>\n\n\n\n<div class=\"wp-block-columns has-2-columns is-layout-flex wp-container-core-columns-is-layout-9d6595d7 wp-block-columns-is-layout-flex\">\n<div class=\"wp-block-column is-layout-flow wp-block-column-is-layout-flow\">\n<figure class=\"wp-block-image\"><img loading=\"lazy\" decoding=\"async\" width=\"400\" height=\"343\" src=\"https:\/\/www.pcimembranes.com\/wp-content\/uploads\/2019\/09\/A37_Series_2.jpg\" alt=\"\" class=\"wp-image-542\" srcset=\"https:\/\/www.pcimembranes.com\/wp-content\/uploads\/2019\/09\/A37_Series_2.jpg 400w, https:\/\/www.pcimembranes.com\/wp-content\/uploads\/2019\/09\/A37_Series_2-300x257.jpg 300w\" sizes=\"auto, (max-width: 400px) 100vw, 400px\" \/><\/figure>\n<\/div>\n\n\n\n<div class=\"wp-block-column is-layout-flow wp-block-column-is-layout-flow\">\n<figure class=\"wp-block-image\"><img loading=\"lazy\" decoding=\"async\" width=\"241\" height=\"600\" src=\"https:\/\/www.pcimembranes.com\/wp-content\/uploads\/2019\/09\/PCI_Product-Sheets_A37-Series_diagram_small.jpg\" alt=\"\" class=\"wp-image-544\" srcset=\"https:\/\/www.pcimembranes.com\/wp-content\/uploads\/2019\/09\/PCI_Product-Sheets_A37-Series_diagram_small.jpg 241w, https:\/\/www.pcimembranes.com\/wp-content\/uploads\/2019\/09\/PCI_Product-Sheets_A37-Series_diagram_small-121x300.jpg 121w\" sizes=\"auto, (max-width: 241px) 100vw, 241px\" \/><\/figure>\n<\/div>\n<\/div>\n\n\n\n<figure class=\"wp-block-table\"><table><tbody><tr><td>INFORMACI\u00d3N SOBRE EL PRODUCTO DE LA SERIE A37<\/td><td><a href=\"https:\/\/www.pcimembranes.com\/wp-content\/uploads\/2019\/09\/PCI_A37_Series_V2.pdf\">DESCARGUE<\/a><\/td><\/tr><tr><td>FICHA DE DATOS A37<\/td><td><a href=\"https:\/\/www.pcimembranes.com\/wp-content\/uploads\/2019\/09\/A37-Technical-Data-Sheet.pdf\" target=\"_blank\" rel=\"noreferrer noopener\">DESCARGUE<\/a><\/td><\/tr><\/tbody><\/table><\/figure>\n\n\n","protected":false},"excerpt":{"rendered":"<p>HABLE CON UN EXPERTO M\u00f3dulo de la serie A37 El m\u00f3dulo A37 consiste en un n\u00facleo reemplazable de 37 tubos, cada uno de 12,5 mm de di\u00e1metro, insertado en un contenedor de acero inoxidable. El m\u00f3dulo A37 utiliza nuestras membranas de ultrafiltraci\u00f3n y microfiltraci\u00f3n de PVDF especialmente desarrolladas y adecuadas para diversas condiciones de proceso. [&hellip;]<\/p>\n","protected":false},"author":9,"featured_media":0,"parent":6888,"menu_order":0,"comment_status":"closed","ping_status":"closed","template":"","meta":{"_acf_changed":false,"content-type":"","footnotes":""},"class_list":["post-6892","page","type-page","status-publish","hentry"],"acf":[],"yoast_head":"<!-- This site is optimized with the Yoast SEO plugin v27.3 - https:\/\/yoast.com\/product\/yoast-seo-wordpress\/ -->\n<title>M\u00f3dulo serie A37 - PCI Membranes<\/title>\n<meta name=\"robots\" content=\"index, follow, max-snippet:-1, max-image-preview:large, max-video-preview:-1\" \/>\n<link rel=\"canonical\" href=\"https:\/\/www.pcimembranes.com\/es\/modulos-de-membrana-tubular-de-la-serie-a\/modulo-serie-a37\/\" \/>\n<meta property=\"og:locale\" content=\"es_ES\" \/>\n<meta property=\"og:type\" content=\"article\" \/>\n<meta property=\"og:title\" content=\"M\u00f3dulo serie A37 - PCI Membranes\" \/>\n<meta property=\"og:description\" content=\"HABLE CON UN EXPERTO M\u00f3dulo de la serie A37 El m\u00f3dulo A37 consiste en un n\u00facleo reemplazable de 37 tubos, cada uno de 12,5 mm de di\u00e1metro, insertado en un contenedor de acero inoxidable. El m\u00f3dulo A37 utiliza nuestras membranas de ultrafiltraci\u00f3n y microfiltraci\u00f3n de PVDF especialmente desarrolladas y adecuadas para diversas condiciones de proceso. [&hellip;]\" \/>\n<meta property=\"og:url\" content=\"https:\/\/www.pcimembranes.com\/es\/modulos-de-membrana-tubular-de-la-serie-a\/modulo-serie-a37\/\" \/>\n<meta property=\"og:site_name\" content=\"PCI Membranes\" \/>\n<meta property=\"article:modified_time\" content=\"2025-07-25T13:15:17+00:00\" \/>\n<meta property=\"og:image\" content=\"https:\/\/www.pcimembranes.com\/wp-content\/uploads\/2021\/08\/MicrosoftTeams-image-_2.jpg\" \/>\n\t<meta property=\"og:image:width\" content=\"1400\" \/>\n\t<meta property=\"og:image:height\" content=\"787\" \/>\n\t<meta property=\"og:image:type\" content=\"image\/jpeg\" \/>\n<meta name=\"twitter:card\" content=\"summary_large_image\" \/>\n<script type=\"application\/ld+json\" class=\"yoast-schema-graph\">{\"@context\":\"https:\\\/\\\/schema.org\",\"@graph\":[{\"@type\":\"WebPage\",\"@id\":\"https:\\\/\\\/www.pcimembranes.com\\\/es\\\/modulos-de-membrana-tubular-de-la-serie-a\\\/modulo-serie-a37\\\/\",\"url\":\"https:\\\/\\\/www.pcimembranes.com\\\/es\\\/modulos-de-membrana-tubular-de-la-serie-a\\\/modulo-serie-a37\\\/\",\"name\":\"M\u00f3dulo serie A37 - PCI Membranes\",\"isPartOf\":{\"@id\":\"https:\\\/\\\/www.pcimembranes.com\\\/es\\\/#website\"},\"primaryImageOfPage\":{\"@id\":\"https:\\\/\\\/www.pcimembranes.com\\\/es\\\/modulos-de-membrana-tubular-de-la-serie-a\\\/modulo-serie-a37\\\/#primaryimage\"},\"image\":{\"@id\":\"https:\\\/\\\/www.pcimembranes.com\\\/es\\\/modulos-de-membrana-tubular-de-la-serie-a\\\/modulo-serie-a37\\\/#primaryimage\"},\"thumbnailUrl\":\"https:\\\/\\\/www.pcimembranes.com\\\/wp-content\\\/uploads\\\/2021\\\/08\\\/MicrosoftTeams-image-_2.jpg\",\"datePublished\":\"2023-04-14T15:35:06+00:00\",\"dateModified\":\"2025-07-25T13:15:17+00:00\",\"breadcrumb\":{\"@id\":\"https:\\\/\\\/www.pcimembranes.com\\\/es\\\/modulos-de-membrana-tubular-de-la-serie-a\\\/modulo-serie-a37\\\/#breadcrumb\"},\"inLanguage\":\"es\",\"potentialAction\":[{\"@type\":\"ReadAction\",\"target\":[\"https:\\\/\\\/www.pcimembranes.com\\\/es\\\/modulos-de-membrana-tubular-de-la-serie-a\\\/modulo-serie-a37\\\/\"]}]},{\"@type\":\"ImageObject\",\"inLanguage\":\"es\",\"@id\":\"https:\\\/\\\/www.pcimembranes.com\\\/es\\\/modulos-de-membrana-tubular-de-la-serie-a\\\/modulo-serie-a37\\\/#primaryimage\",\"url\":\"https:\\\/\\\/www.pcimembranes.com\\\/wp-content\\\/uploads\\\/2021\\\/08\\\/MicrosoftTeams-image-_2.jpg\",\"contentUrl\":\"https:\\\/\\\/www.pcimembranes.com\\\/wp-content\\\/uploads\\\/2021\\\/08\\\/MicrosoftTeams-image-_2.jpg\"},{\"@type\":\"BreadcrumbList\",\"@id\":\"https:\\\/\\\/www.pcimembranes.com\\\/es\\\/modulos-de-membrana-tubular-de-la-serie-a\\\/modulo-serie-a37\\\/#breadcrumb\",\"itemListElement\":[{\"@type\":\"ListItem\",\"position\":1,\"name\":\"\",\"item\":\"https:\\\/\\\/www.pcimembranes.com\\\/es\\\/\"},{\"@type\":\"ListItem\",\"position\":2,\"name\":\"M\u00f3dulos de membrana tubular de la serie A\",\"item\":\"https:\\\/\\\/www.pcimembranes.com\\\/es\\\/modulos-de-membrana-tubular-de-la-serie-a\\\/\"},{\"@type\":\"ListItem\",\"position\":3,\"name\":\"M\u00f3dulo serie A37\"}]},{\"@type\":\"WebSite\",\"@id\":\"https:\\\/\\\/www.pcimembranes.com\\\/es\\\/#website\",\"url\":\"https:\\\/\\\/www.pcimembranes.com\\\/es\\\/\",\"name\":\"PCI Membranes\",\"description\":\"Making the World Safer, Healthier and More Productive\",\"publisher\":{\"@id\":\"https:\\\/\\\/www.pcimembranes.com\\\/es\\\/#organization\"},\"potentialAction\":[{\"@type\":\"SearchAction\",\"target\":{\"@type\":\"EntryPoint\",\"urlTemplate\":\"https:\\\/\\\/www.pcimembranes.com\\\/es\\\/?s={search_term_string}\"},\"query-input\":{\"@type\":\"PropertyValueSpecification\",\"valueRequired\":true,\"valueName\":\"search_term_string\"}}],\"inLanguage\":\"es\"},{\"@type\":\"Organization\",\"@id\":\"https:\\\/\\\/www.pcimembranes.com\\\/es\\\/#organization\",\"name\":\"Filtration Group\",\"url\":\"https:\\\/\\\/www.pcimembranes.com\\\/es\\\/\",\"logo\":{\"@type\":\"ImageObject\",\"inLanguage\":\"es\",\"@id\":\"https:\\\/\\\/www.pcimembranes.com\\\/es\\\/#\\\/schema\\\/logo\\\/image\\\/\",\"url\":\"https:\\\/\\\/www.pcimembranes.com\\\/wp-content\\\/uploads\\\/2019\\\/06\\\/FGC-logo-1.png\",\"contentUrl\":\"https:\\\/\\\/www.pcimembranes.com\\\/wp-content\\\/uploads\\\/2019\\\/06\\\/FGC-logo-1.png\",\"width\":1104,\"height\":224,\"caption\":\"Filtration Group\"},\"image\":{\"@id\":\"https:\\\/\\\/www.pcimembranes.com\\\/es\\\/#\\\/schema\\\/logo\\\/image\\\/\"}}]}<\/script>\n<!-- \/ Yoast SEO plugin. -->","yoast_head_json":{"title":"M\u00f3dulo serie A37 - PCI Membranes","robots":{"index":"index","follow":"follow","max-snippet":"max-snippet:-1","max-image-preview":"max-image-preview:large","max-video-preview":"max-video-preview:-1"},"canonical":"https:\/\/www.pcimembranes.com\/es\/modulos-de-membrana-tubular-de-la-serie-a\/modulo-serie-a37\/","og_locale":"es_ES","og_type":"article","og_title":"M\u00f3dulo serie A37 - PCI Membranes","og_description":"HABLE CON UN EXPERTO M\u00f3dulo de la serie A37 El m\u00f3dulo A37 consiste en un n\u00facleo reemplazable de 37 tubos, cada uno de 12,5 mm de di\u00e1metro, insertado en un contenedor de acero inoxidable. El m\u00f3dulo A37 utiliza nuestras membranas de ultrafiltraci\u00f3n y microfiltraci\u00f3n de PVDF especialmente desarrolladas y adecuadas para diversas condiciones de proceso. [&hellip;]","og_url":"https:\/\/www.pcimembranes.com\/es\/modulos-de-membrana-tubular-de-la-serie-a\/modulo-serie-a37\/","og_site_name":"PCI Membranes","article_modified_time":"2025-07-25T13:15:17+00:00","og_image":[{"width":1400,"height":787,"url":"https:\/\/www.pcimembranes.com\/wp-content\/uploads\/2021\/08\/MicrosoftTeams-image-_2.jpg","type":"image\/jpeg"}],"twitter_card":"summary_large_image","schema":{"@context":"https:\/\/schema.org","@graph":[{"@type":"WebPage","@id":"https:\/\/www.pcimembranes.com\/es\/modulos-de-membrana-tubular-de-la-serie-a\/modulo-serie-a37\/","url":"https:\/\/www.pcimembranes.com\/es\/modulos-de-membrana-tubular-de-la-serie-a\/modulo-serie-a37\/","name":"M\u00f3dulo serie A37 - PCI Membranes","isPartOf":{"@id":"https:\/\/www.pcimembranes.com\/es\/#website"},"primaryImageOfPage":{"@id":"https:\/\/www.pcimembranes.com\/es\/modulos-de-membrana-tubular-de-la-serie-a\/modulo-serie-a37\/#primaryimage"},"image":{"@id":"https:\/\/www.pcimembranes.com\/es\/modulos-de-membrana-tubular-de-la-serie-a\/modulo-serie-a37\/#primaryimage"},"thumbnailUrl":"https:\/\/www.pcimembranes.com\/wp-content\/uploads\/2021\/08\/MicrosoftTeams-image-_2.jpg","datePublished":"2023-04-14T15:35:06+00:00","dateModified":"2025-07-25T13:15:17+00:00","breadcrumb":{"@id":"https:\/\/www.pcimembranes.com\/es\/modulos-de-membrana-tubular-de-la-serie-a\/modulo-serie-a37\/#breadcrumb"},"inLanguage":"es","potentialAction":[{"@type":"ReadAction","target":["https:\/\/www.pcimembranes.com\/es\/modulos-de-membrana-tubular-de-la-serie-a\/modulo-serie-a37\/"]}]},{"@type":"ImageObject","inLanguage":"es","@id":"https:\/\/www.pcimembranes.com\/es\/modulos-de-membrana-tubular-de-la-serie-a\/modulo-serie-a37\/#primaryimage","url":"https:\/\/www.pcimembranes.com\/wp-content\/uploads\/2021\/08\/MicrosoftTeams-image-_2.jpg","contentUrl":"https:\/\/www.pcimembranes.com\/wp-content\/uploads\/2021\/08\/MicrosoftTeams-image-_2.jpg"},{"@type":"BreadcrumbList","@id":"https:\/\/www.pcimembranes.com\/es\/modulos-de-membrana-tubular-de-la-serie-a\/modulo-serie-a37\/#breadcrumb","itemListElement":[{"@type":"ListItem","position":1,"name":"","item":"https:\/\/www.pcimembranes.com\/es\/"},{"@type":"ListItem","position":2,"name":"M\u00f3dulos de membrana tubular de la serie A","item":"https:\/\/www.pcimembranes.com\/es\/modulos-de-membrana-tubular-de-la-serie-a\/"},{"@type":"ListItem","position":3,"name":"M\u00f3dulo serie A37"}]},{"@type":"WebSite","@id":"https:\/\/www.pcimembranes.com\/es\/#website","url":"https:\/\/www.pcimembranes.com\/es\/","name":"PCI Membranes","description":"Making the World Safer, Healthier and More Productive","publisher":{"@id":"https:\/\/www.pcimembranes.com\/es\/#organization"},"potentialAction":[{"@type":"SearchAction","target":{"@type":"EntryPoint","urlTemplate":"https:\/\/www.pcimembranes.com\/es\/?s={search_term_string}"},"query-input":{"@type":"PropertyValueSpecification","valueRequired":true,"valueName":"search_term_string"}}],"inLanguage":"es"},{"@type":"Organization","@id":"https:\/\/www.pcimembranes.com\/es\/#organization","name":"Filtration Group","url":"https:\/\/www.pcimembranes.com\/es\/","logo":{"@type":"ImageObject","inLanguage":"es","@id":"https:\/\/www.pcimembranes.com\/es\/#\/schema\/logo\/image\/","url":"https:\/\/www.pcimembranes.com\/wp-content\/uploads\/2019\/06\/FGC-logo-1.png","contentUrl":"https:\/\/www.pcimembranes.com\/wp-content\/uploads\/2019\/06\/FGC-logo-1.png","width":1104,"height":224,"caption":"Filtration Group"},"image":{"@id":"https:\/\/www.pcimembranes.com\/es\/#\/schema\/logo\/image\/"}}]}},"_links":{"self":[{"href":"https:\/\/www.pcimembranes.com\/es\/wp-json\/wp\/v2\/pages\/6892","targetHints":{"allow":["GET"]}}],"collection":[{"href":"https:\/\/www.pcimembranes.com\/es\/wp-json\/wp\/v2\/pages"}],"about":[{"href":"https:\/\/www.pcimembranes.com\/es\/wp-json\/wp\/v2\/types\/page"}],"author":[{"embeddable":true,"href":"https:\/\/www.pcimembranes.com\/es\/wp-json\/wp\/v2\/users\/9"}],"replies":[{"embeddable":true,"href":"https:\/\/www.pcimembranes.com\/es\/wp-json\/wp\/v2\/comments?post=6892"}],"version-history":[{"count":0,"href":"https:\/\/www.pcimembranes.com\/es\/wp-json\/wp\/v2\/pages\/6892\/revisions"}],"up":[{"embeddable":true,"href":"https:\/\/www.pcimembranes.com\/es\/wp-json\/wp\/v2\/pages\/6888"}],"wp:attachment":[{"href":"https:\/\/www.pcimembranes.com\/es\/wp-json\/wp\/v2\/media?parent=6892"}],"curies":[{"name":"wp","href":"https:\/\/api.w.org\/{rel}","templated":true}]}}