{"id":6896,"date":"2023-04-14T16:00:35","date_gmt":"2023-04-14T16:00:35","guid":{"rendered":"https:\/\/www.pcimembranes.com\/?page_id=6896"},"modified":"2025-07-25T13:16:17","modified_gmt":"2025-07-25T13:16:17","slug":"disposicion-de-doble-entrada-uf-twin-entry","status":"publish","type":"page","link":"https:\/\/www.pcimembranes.com\/es\/modulos-de-membrana-tubular-de-la-serie-b1\/disposicion-de-doble-entrada-uf-twin-entry\/","title":{"rendered":"Disposici\u00f3n de doble entrada (UF) (Twin Entry)"},"content":{"rendered":"\n<div class=\"wp-block-cover alignfull\" style=\"min-height:256px;aspect-ratio:unset;\"><img loading=\"lazy\" decoding=\"async\" width=\"1400\" height=\"787\" class=\"wp-block-cover__image-background wp-image-2795\" alt=\"\" src=\"https:\/\/www.pcimembranes.com\/wp-content\/uploads\/2021\/08\/MicrosoftTeams-image-_2.jpg\" data-object-fit=\"cover\" srcset=\"https:\/\/www.pcimembranes.com\/wp-content\/uploads\/2021\/08\/MicrosoftTeams-image-_2.jpg 1400w, https:\/\/www.pcimembranes.com\/wp-content\/uploads\/2021\/08\/MicrosoftTeams-image-_2-300x169.jpg 300w, https:\/\/www.pcimembranes.com\/wp-content\/uploads\/2021\/08\/MicrosoftTeams-image-_2-1024x576.jpg 1024w, https:\/\/www.pcimembranes.com\/wp-content\/uploads\/2021\/08\/MicrosoftTeams-image-_2-768x432.jpg 768w\" sizes=\"auto, (max-width: 1400px) 100vw, 1400px\" \/><span aria-hidden=\"true\" class=\"wp-block-cover__background has-background-dim-10 has-background-dim\"><\/span><div class=\"wp-block-cover__inner-container is-layout-flow wp-block-cover-is-layout-flow\">\n<h1 class=\"wp-block-heading has-text-align-center\">Disposici\u00f3n de doble entrada (UF) (Twin Entry)<\/h1>\n<\/div><\/div>\n\n\n\n<!--Close-->\t\n<\/div><\/div><\/section>\n<!--Menu-->\n<div class=\"no-top-margin\">\n<div class=\"msb-sticky-bar\">\n<div class=\"container\">\n  <div class=\"row\">\n    <div class=\"col-sm text-center\">\n      <a href=\"https:\/\/www.pcimembranes.com\/contactus\/\" class=\"btn btn-primary solution-trigger\">HABLE CON UN EXPERTO<\/a>\n    <\/div>\n  <\/div>\n<\/div>\n<\/div>\n<\/div>\n<!--Open-->\n<section class=\"container\"><div class=\"row\"><div class=\"col-md-12\">\n\n\n\n<h2 class=\"wp-block-heading\">Disposici\u00f3n de doble entrada (UF)<\/h2>\n\n\n\n<p>Para los materiales viscosos, se utiliza un tipo alternativo de end cap (tapa) (conocido como \u00abgemelo\u00bb o \u00abde doble entrada\u00bb), que consiste en dos canales paralelos, cada uno de ellos formado por nueve tubos en serie. Esto permite procesar materiales viscosos y utilizar mayores velocidades de flujo tangencial, minimizando la ca\u00edda de presi\u00f3n global.<\/p>\n\n\n\n<p>El l\u00edmite de temperatura para el m\u00f3dulo B1 es de 80\u00b0C y la presi\u00f3n m\u00e1xima de funcionamiento para este m\u00f3dulo es de 16 bar.<\/p>\n\n\n\n<p>El m\u00f3dulo est\u00e1 construido en acero inoxidable, con membranas tubulares de 12,7 mm de di\u00e1metro insertadas en 18 tubos de soporte perforados y disponible de forma est\u00e1ndar en longitudes de 3,66 m, 2,4 m y 1,2 m, proporcionando \u00e1reas de membrana de 2,6 m<sup>2<\/sup> , 1,7 m<sup>2<\/sup> y 0,9 m<sup>2<\/sup> respectivamente.<\/p>\n\n\n\n<div class=\"wp-block-columns has-2-columns is-layout-flex wp-container-core-columns-is-layout-9d6595d7 wp-block-columns-is-layout-flex\">\n<div class=\"wp-block-column is-layout-flow wp-block-column-is-layout-flow\">\n<figure class=\"wp-block-image\"><img loading=\"lazy\" decoding=\"async\" width=\"400\" height=\"344\" src=\"https:\/\/www.pcimembranes.com\/wp-content\/uploads\/2019\/10\/B_Series_Twin.jpg\" alt=\"\" class=\"wp-image-579\" srcset=\"https:\/\/www.pcimembranes.com\/wp-content\/uploads\/2019\/10\/B_Series_Twin.jpg 400w, https:\/\/www.pcimembranes.com\/wp-content\/uploads\/2019\/10\/B_Series_Twin-300x258.jpg 300w\" sizes=\"auto, (max-width: 400px) 100vw, 400px\" \/><\/figure>\n<\/div>\n\n\n\n<div class=\"wp-block-column is-layout-flow wp-block-column-is-layout-flow\">\n<figure class=\"wp-block-image\"><img loading=\"lazy\" decoding=\"async\" width=\"400\" height=\"334\" src=\"https:\/\/www.pcimembranes.com\/wp-content\/uploads\/2019\/10\/B_Series_Twin_drawing.jpg\" alt=\"\" class=\"wp-image-571\" srcset=\"https:\/\/www.pcimembranes.com\/wp-content\/uploads\/2019\/10\/B_Series_Twin_drawing.jpg 400w, https:\/\/www.pcimembranes.com\/wp-content\/uploads\/2019\/10\/B_Series_Twin_drawing-300x251.jpg 300w\" sizes=\"auto, (max-width: 400px) 100vw, 400px\" \/><\/figure>\n<\/div>\n<\/div>\n\n\n\n<div style=\"height:50px\" aria-hidden=\"true\" class=\"wp-block-spacer\"><\/div>\n\n\n\n<figure class=\"wp-block-table\"><table><tbody><tr><td>INFORMACI\u00d3N DEL PRODUCTO DE LA SERIE B1<\/td><td><a href=\"https:\/\/www.pcimembranes.com\/wp-content\/uploads\/2019\/10\/PCI_B1_Series.pdf\" target=\"_blank\" rel=\"noreferrer noopener\">DESCARGAR<\/a><\/td><\/tr><\/tbody><\/table><\/figure>\n\n\n\n<div style=\"height:50px\" aria-hidden=\"true\" class=\"wp-block-spacer\"><\/div>\n","protected":false},"excerpt":{"rendered":"<p>HABLE CON UN EXPERTO Disposici\u00f3n de doble entrada (UF) Para los materiales viscosos, se utiliza un tipo alternativo de end cap (tapa) (conocido como \u00abgemelo\u00bb o \u00abde doble entrada\u00bb), que consiste en dos canales paralelos, cada uno de ellos formado por nueve tubos en serie. Esto permite procesar materiales viscosos y utilizar mayores velocidades de [&hellip;]<\/p>\n","protected":false},"author":9,"featured_media":0,"parent":6893,"menu_order":0,"comment_status":"closed","ping_status":"closed","template":"","meta":{"_acf_changed":false,"content-type":"","footnotes":""},"class_list":["post-6896","page","type-page","status-publish","hentry"],"acf":[],"yoast_head":"<!-- This site is optimized with the Yoast SEO plugin v27.3 - https:\/\/yoast.com\/product\/yoast-seo-wordpress\/ -->\n<title>Disposici\u00f3n de doble entrada (UF) (Twin Entry) - PCI Membranes<\/title>\n<meta name=\"robots\" content=\"index, follow, max-snippet:-1, max-image-preview:large, max-video-preview:-1\" \/>\n<link rel=\"canonical\" href=\"https:\/\/www.pcimembranes.com\/es\/modulos-de-membrana-tubular-de-la-serie-b1\/disposicion-de-doble-entrada-uf-twin-entry\/\" \/>\n<meta property=\"og:locale\" content=\"es_ES\" \/>\n<meta property=\"og:type\" content=\"article\" \/>\n<meta property=\"og:title\" content=\"Disposici\u00f3n de doble entrada (UF) (Twin Entry) - PCI Membranes\" \/>\n<meta property=\"og:description\" content=\"HABLE CON UN EXPERTO Disposici\u00f3n de doble entrada (UF) Para los materiales viscosos, se utiliza un tipo alternativo de end cap (tapa) (conocido como \u00abgemelo\u00bb o \u00abde doble entrada\u00bb), que consiste en dos canales paralelos, cada uno de ellos formado por nueve tubos en serie. Esto permite procesar materiales viscosos y utilizar mayores velocidades de [&hellip;]\" \/>\n<meta property=\"og:url\" content=\"https:\/\/www.pcimembranes.com\/es\/modulos-de-membrana-tubular-de-la-serie-b1\/disposicion-de-doble-entrada-uf-twin-entry\/\" \/>\n<meta property=\"og:site_name\" content=\"PCI Membranes\" \/>\n<meta property=\"article:modified_time\" content=\"2025-07-25T13:16:17+00:00\" \/>\n<meta property=\"og:image\" content=\"https:\/\/www.pcimembranes.com\/wp-content\/uploads\/2021\/08\/MicrosoftTeams-image-_2.jpg\" \/>\n\t<meta property=\"og:image:width\" content=\"1400\" \/>\n\t<meta property=\"og:image:height\" content=\"787\" \/>\n\t<meta property=\"og:image:type\" content=\"image\/jpeg\" \/>\n<meta name=\"twitter:card\" content=\"summary_large_image\" \/>\n<meta name=\"twitter:label1\" content=\"Tiempo de lectura\" \/>\n\t<meta name=\"twitter:data1\" content=\"2 minutos\" \/>\n<script type=\"application\/ld+json\" class=\"yoast-schema-graph\">{\"@context\":\"https:\\\/\\\/schema.org\",\"@graph\":[{\"@type\":\"WebPage\",\"@id\":\"https:\\\/\\\/www.pcimembranes.com\\\/es\\\/modulos-de-membrana-tubular-de-la-serie-b1\\\/disposicion-de-doble-entrada-uf-twin-entry\\\/\",\"url\":\"https:\\\/\\\/www.pcimembranes.com\\\/es\\\/modulos-de-membrana-tubular-de-la-serie-b1\\\/disposicion-de-doble-entrada-uf-twin-entry\\\/\",\"name\":\"Disposici\u00f3n de doble entrada (UF) (Twin Entry) - PCI Membranes\",\"isPartOf\":{\"@id\":\"https:\\\/\\\/www.pcimembranes.com\\\/es\\\/#website\"},\"primaryImageOfPage\":{\"@id\":\"https:\\\/\\\/www.pcimembranes.com\\\/es\\\/modulos-de-membrana-tubular-de-la-serie-b1\\\/disposicion-de-doble-entrada-uf-twin-entry\\\/#primaryimage\"},\"image\":{\"@id\":\"https:\\\/\\\/www.pcimembranes.com\\\/es\\\/modulos-de-membrana-tubular-de-la-serie-b1\\\/disposicion-de-doble-entrada-uf-twin-entry\\\/#primaryimage\"},\"thumbnailUrl\":\"https:\\\/\\\/www.pcimembranes.com\\\/wp-content\\\/uploads\\\/2021\\\/08\\\/MicrosoftTeams-image-_2.jpg\",\"datePublished\":\"2023-04-14T16:00:35+00:00\",\"dateModified\":\"2025-07-25T13:16:17+00:00\",\"breadcrumb\":{\"@id\":\"https:\\\/\\\/www.pcimembranes.com\\\/es\\\/modulos-de-membrana-tubular-de-la-serie-b1\\\/disposicion-de-doble-entrada-uf-twin-entry\\\/#breadcrumb\"},\"inLanguage\":\"es\",\"potentialAction\":[{\"@type\":\"ReadAction\",\"target\":[\"https:\\\/\\\/www.pcimembranes.com\\\/es\\\/modulos-de-membrana-tubular-de-la-serie-b1\\\/disposicion-de-doble-entrada-uf-twin-entry\\\/\"]}]},{\"@type\":\"ImageObject\",\"inLanguage\":\"es\",\"@id\":\"https:\\\/\\\/www.pcimembranes.com\\\/es\\\/modulos-de-membrana-tubular-de-la-serie-b1\\\/disposicion-de-doble-entrada-uf-twin-entry\\\/#primaryimage\",\"url\":\"https:\\\/\\\/www.pcimembranes.com\\\/wp-content\\\/uploads\\\/2021\\\/08\\\/MicrosoftTeams-image-_2.jpg\",\"contentUrl\":\"https:\\\/\\\/www.pcimembranes.com\\\/wp-content\\\/uploads\\\/2021\\\/08\\\/MicrosoftTeams-image-_2.jpg\"},{\"@type\":\"BreadcrumbList\",\"@id\":\"https:\\\/\\\/www.pcimembranes.com\\\/es\\\/modulos-de-membrana-tubular-de-la-serie-b1\\\/disposicion-de-doble-entrada-uf-twin-entry\\\/#breadcrumb\",\"itemListElement\":[{\"@type\":\"ListItem\",\"position\":1,\"name\":\"\",\"item\":\"https:\\\/\\\/www.pcimembranes.com\\\/es\\\/\"},{\"@type\":\"ListItem\",\"position\":2,\"name\":\"M\u00f3dulos de membrana tubular de la serie B1\",\"item\":\"https:\\\/\\\/www.pcimembranes.com\\\/es\\\/modulos-de-membrana-tubular-de-la-serie-b1\\\/\"},{\"@type\":\"ListItem\",\"position\":3,\"name\":\"Disposici\u00f3n de doble entrada (UF) (Twin Entry)\"}]},{\"@type\":\"WebSite\",\"@id\":\"https:\\\/\\\/www.pcimembranes.com\\\/es\\\/#website\",\"url\":\"https:\\\/\\\/www.pcimembranes.com\\\/es\\\/\",\"name\":\"PCI Membranes\",\"description\":\"Making the World Safer, Healthier and More Productive\",\"publisher\":{\"@id\":\"https:\\\/\\\/www.pcimembranes.com\\\/es\\\/#organization\"},\"potentialAction\":[{\"@type\":\"SearchAction\",\"target\":{\"@type\":\"EntryPoint\",\"urlTemplate\":\"https:\\\/\\\/www.pcimembranes.com\\\/es\\\/?s={search_term_string}\"},\"query-input\":{\"@type\":\"PropertyValueSpecification\",\"valueRequired\":true,\"valueName\":\"search_term_string\"}}],\"inLanguage\":\"es\"},{\"@type\":\"Organization\",\"@id\":\"https:\\\/\\\/www.pcimembranes.com\\\/es\\\/#organization\",\"name\":\"Filtration Group\",\"url\":\"https:\\\/\\\/www.pcimembranes.com\\\/es\\\/\",\"logo\":{\"@type\":\"ImageObject\",\"inLanguage\":\"es\",\"@id\":\"https:\\\/\\\/www.pcimembranes.com\\\/es\\\/#\\\/schema\\\/logo\\\/image\\\/\",\"url\":\"https:\\\/\\\/www.pcimembranes.com\\\/wp-content\\\/uploads\\\/2019\\\/06\\\/FGC-logo-1.png\",\"contentUrl\":\"https:\\\/\\\/www.pcimembranes.com\\\/wp-content\\\/uploads\\\/2019\\\/06\\\/FGC-logo-1.png\",\"width\":1104,\"height\":224,\"caption\":\"Filtration Group\"},\"image\":{\"@id\":\"https:\\\/\\\/www.pcimembranes.com\\\/es\\\/#\\\/schema\\\/logo\\\/image\\\/\"}}]}<\/script>\n<!-- \/ Yoast SEO plugin. -->","yoast_head_json":{"title":"Disposici\u00f3n de doble entrada (UF) (Twin Entry) - PCI Membranes","robots":{"index":"index","follow":"follow","max-snippet":"max-snippet:-1","max-image-preview":"max-image-preview:large","max-video-preview":"max-video-preview:-1"},"canonical":"https:\/\/www.pcimembranes.com\/es\/modulos-de-membrana-tubular-de-la-serie-b1\/disposicion-de-doble-entrada-uf-twin-entry\/","og_locale":"es_ES","og_type":"article","og_title":"Disposici\u00f3n de doble entrada (UF) (Twin Entry) - PCI Membranes","og_description":"HABLE CON UN EXPERTO Disposici\u00f3n de doble entrada (UF) Para los materiales viscosos, se utiliza un tipo alternativo de end cap (tapa) (conocido como \u00abgemelo\u00bb o \u00abde doble entrada\u00bb), que consiste en dos canales paralelos, cada uno de ellos formado por nueve tubos en serie. Esto permite procesar materiales viscosos y utilizar mayores velocidades de [&hellip;]","og_url":"https:\/\/www.pcimembranes.com\/es\/modulos-de-membrana-tubular-de-la-serie-b1\/disposicion-de-doble-entrada-uf-twin-entry\/","og_site_name":"PCI Membranes","article_modified_time":"2025-07-25T13:16:17+00:00","og_image":[{"width":1400,"height":787,"url":"https:\/\/www.pcimembranes.com\/wp-content\/uploads\/2021\/08\/MicrosoftTeams-image-_2.jpg","type":"image\/jpeg"}],"twitter_card":"summary_large_image","twitter_misc":{"Tiempo de lectura":"2 minutos"},"schema":{"@context":"https:\/\/schema.org","@graph":[{"@type":"WebPage","@id":"https:\/\/www.pcimembranes.com\/es\/modulos-de-membrana-tubular-de-la-serie-b1\/disposicion-de-doble-entrada-uf-twin-entry\/","url":"https:\/\/www.pcimembranes.com\/es\/modulos-de-membrana-tubular-de-la-serie-b1\/disposicion-de-doble-entrada-uf-twin-entry\/","name":"Disposici\u00f3n de doble entrada (UF) (Twin Entry) - PCI Membranes","isPartOf":{"@id":"https:\/\/www.pcimembranes.com\/es\/#website"},"primaryImageOfPage":{"@id":"https:\/\/www.pcimembranes.com\/es\/modulos-de-membrana-tubular-de-la-serie-b1\/disposicion-de-doble-entrada-uf-twin-entry\/#primaryimage"},"image":{"@id":"https:\/\/www.pcimembranes.com\/es\/modulos-de-membrana-tubular-de-la-serie-b1\/disposicion-de-doble-entrada-uf-twin-entry\/#primaryimage"},"thumbnailUrl":"https:\/\/www.pcimembranes.com\/wp-content\/uploads\/2021\/08\/MicrosoftTeams-image-_2.jpg","datePublished":"2023-04-14T16:00:35+00:00","dateModified":"2025-07-25T13:16:17+00:00","breadcrumb":{"@id":"https:\/\/www.pcimembranes.com\/es\/modulos-de-membrana-tubular-de-la-serie-b1\/disposicion-de-doble-entrada-uf-twin-entry\/#breadcrumb"},"inLanguage":"es","potentialAction":[{"@type":"ReadAction","target":["https:\/\/www.pcimembranes.com\/es\/modulos-de-membrana-tubular-de-la-serie-b1\/disposicion-de-doble-entrada-uf-twin-entry\/"]}]},{"@type":"ImageObject","inLanguage":"es","@id":"https:\/\/www.pcimembranes.com\/es\/modulos-de-membrana-tubular-de-la-serie-b1\/disposicion-de-doble-entrada-uf-twin-entry\/#primaryimage","url":"https:\/\/www.pcimembranes.com\/wp-content\/uploads\/2021\/08\/MicrosoftTeams-image-_2.jpg","contentUrl":"https:\/\/www.pcimembranes.com\/wp-content\/uploads\/2021\/08\/MicrosoftTeams-image-_2.jpg"},{"@type":"BreadcrumbList","@id":"https:\/\/www.pcimembranes.com\/es\/modulos-de-membrana-tubular-de-la-serie-b1\/disposicion-de-doble-entrada-uf-twin-entry\/#breadcrumb","itemListElement":[{"@type":"ListItem","position":1,"name":"","item":"https:\/\/www.pcimembranes.com\/es\/"},{"@type":"ListItem","position":2,"name":"M\u00f3dulos de membrana tubular de la serie B1","item":"https:\/\/www.pcimembranes.com\/es\/modulos-de-membrana-tubular-de-la-serie-b1\/"},{"@type":"ListItem","position":3,"name":"Disposici\u00f3n de doble entrada (UF) (Twin Entry)"}]},{"@type":"WebSite","@id":"https:\/\/www.pcimembranes.com\/es\/#website","url":"https:\/\/www.pcimembranes.com\/es\/","name":"PCI Membranes","description":"Making the World Safer, Healthier and More Productive","publisher":{"@id":"https:\/\/www.pcimembranes.com\/es\/#organization"},"potentialAction":[{"@type":"SearchAction","target":{"@type":"EntryPoint","urlTemplate":"https:\/\/www.pcimembranes.com\/es\/?s={search_term_string}"},"query-input":{"@type":"PropertyValueSpecification","valueRequired":true,"valueName":"search_term_string"}}],"inLanguage":"es"},{"@type":"Organization","@id":"https:\/\/www.pcimembranes.com\/es\/#organization","name":"Filtration Group","url":"https:\/\/www.pcimembranes.com\/es\/","logo":{"@type":"ImageObject","inLanguage":"es","@id":"https:\/\/www.pcimembranes.com\/es\/#\/schema\/logo\/image\/","url":"https:\/\/www.pcimembranes.com\/wp-content\/uploads\/2019\/06\/FGC-logo-1.png","contentUrl":"https:\/\/www.pcimembranes.com\/wp-content\/uploads\/2019\/06\/FGC-logo-1.png","width":1104,"height":224,"caption":"Filtration Group"},"image":{"@id":"https:\/\/www.pcimembranes.com\/es\/#\/schema\/logo\/image\/"}}]}},"_links":{"self":[{"href":"https:\/\/www.pcimembranes.com\/es\/wp-json\/wp\/v2\/pages\/6896","targetHints":{"allow":["GET"]}}],"collection":[{"href":"https:\/\/www.pcimembranes.com\/es\/wp-json\/wp\/v2\/pages"}],"about":[{"href":"https:\/\/www.pcimembranes.com\/es\/wp-json\/wp\/v2\/types\/page"}],"author":[{"embeddable":true,"href":"https:\/\/www.pcimembranes.com\/es\/wp-json\/wp\/v2\/users\/9"}],"replies":[{"embeddable":true,"href":"https:\/\/www.pcimembranes.com\/es\/wp-json\/wp\/v2\/comments?post=6896"}],"version-history":[{"count":0,"href":"https:\/\/www.pcimembranes.com\/es\/wp-json\/wp\/v2\/pages\/6896\/revisions"}],"up":[{"embeddable":true,"href":"https:\/\/www.pcimembranes.com\/es\/wp-json\/wp\/v2\/pages\/6893"}],"wp:attachment":[{"href":"https:\/\/www.pcimembranes.com\/es\/wp-json\/wp\/v2\/media?parent=6896"}],"curies":[{"name":"wp","href":"https:\/\/api.w.org\/{rel}","templated":true}]}}