{"id":6899,"date":"2023-04-14T16:08:11","date_gmt":"2023-04-14T16:08:11","guid":{"rendered":"https:\/\/www.pcimembranes.com\/?page_id=6899"},"modified":"2025-07-25T13:18:47","modified_gmt":"2025-07-25T13:18:47","slug":"plantas-de-filtracion-por-membrana","status":"publish","type":"page","link":"https:\/\/www.pcimembranes.com\/es\/plantas-de-filtracion-por-membrana\/","title":{"rendered":"Plantas de filtraci\u00f3n por membrana"},"content":{"rendered":"\n<div class=\"wp-block-cover alignfull\" style=\"min-height:256px;aspect-ratio:unset;\"><img loading=\"lazy\" decoding=\"async\" width=\"1400\" height=\"787\" class=\"wp-block-cover__image-background wp-image-2795\" alt=\"\" src=\"https:\/\/www.pcimembranes.com\/wp-content\/uploads\/2021\/08\/MicrosoftTeams-image-_2.jpg\" data-object-fit=\"cover\" srcset=\"https:\/\/www.pcimembranes.com\/wp-content\/uploads\/2021\/08\/MicrosoftTeams-image-_2.jpg 1400w, https:\/\/www.pcimembranes.com\/wp-content\/uploads\/2021\/08\/MicrosoftTeams-image-_2-300x169.jpg 300w, https:\/\/www.pcimembranes.com\/wp-content\/uploads\/2021\/08\/MicrosoftTeams-image-_2-1024x576.jpg 1024w, https:\/\/www.pcimembranes.com\/wp-content\/uploads\/2021\/08\/MicrosoftTeams-image-_2-768x432.jpg 768w\" sizes=\"auto, (max-width: 1400px) 100vw, 1400px\" \/><span aria-hidden=\"true\" class=\"wp-block-cover__background has-background-dim-10 has-background-dim\"><\/span><div class=\"wp-block-cover__inner-container is-layout-flow wp-block-cover-is-layout-flow\">\n<h1 class=\"wp-block-heading has-text-align-center\">Plantas de filtraci\u00f3n por membrana<\/h1>\n<\/div><\/div>\n\n\n\n<!--Close-->\t\n<\/div><\/div><\/section>\n<!--Menu-->\n<div class=\"no-top-margin\">\n<div class=\"msb-sticky-bar\">\n<div class=\"container\">\n  <div class=\"row\">\n    <div class=\"col-sm text-center\">\n      <a href=\"https:\/\/www.pcimembranes.com\/contactus\/\" class=\"btn btn-primary solution-trigger\">HABLE CON UN EXPERTO<\/a>\n    <\/div>\n  <\/div>\n<\/div>\n<\/div>\n<\/div>\n<!--Open-->\n<section class=\"container\"><div class=\"row\"><div class=\"col-md-12\">\n\n\n\n<p>Tras la evaluaci\u00f3n preliminar y el \u00e9xito de las pruebas piloto, el siguiente paso es la realizaci\u00f3n de la planta a escala industrial. Nuestro enfoque ofrece la m\u00e1xima garant\u00eda de escalabilidad gracias a nuestra amplia experiencia y al trabajo con datos reales recibidos en las pruebas piloto.<\/p>\n\n\n\n<p>Los sistemas de filtraci\u00f3n por membrana est\u00e1n en el centro de muchos procesos de separaci\u00f3n. La investigaci\u00f3n y el desarrollo de aplicaciones, el dise\u00f1o de los equipos y la calidad de la producci\u00f3n son aspectos importantes para el \u00e9xito global del proyecto. Para empezar, hay que seleccionar la configuraci\u00f3n correcta de la membrana. Hay muchas configuraccion entre los que elegir, como las membranas tubulares, de fibra hueca y en espiral. A continuaci\u00f3n, hay que seleccionar los materiales de la membrana y los par\u00e1metros de funcionamiento m\u00e1s adecuados. Por \u00faltimo, las elecciones deben ser validadas mediante un programa sostenible de limpieza y sustituci\u00f3n de membranas.<\/p>\n\n\n\n<div style=\"height:34px\" aria-hidden=\"true\" class=\"wp-block-spacer\"><\/div>\n\n\n\n<hr class=\"wp-block-separator has-css-opacity is-style-default\" \/>\n\n\n\n<div style=\"height:18px\" aria-hidden=\"true\" class=\"wp-block-spacer\"><\/div>\n\n\n\n<h2 class=\"wp-block-heading has-text-align-center\">Ejemplos de stack de filtraci\u00f3n por membrana<\/h2>\n\n\n\n<div style=\"height:18px\" aria-hidden=\"true\" class=\"wp-block-spacer\"><\/div>\n\n\n\n<div class=\"wp-block-columns is-layout-flex wp-container-core-columns-is-layout-9d6595d7 wp-block-columns-is-layout-flex\">\n<div class=\"wp-block-column is-layout-flow wp-block-column-is-layout-flow\">\n<figure class=\"wp-block-image size-large\"><img loading=\"lazy\" decoding=\"async\" width=\"1024\" height=\"768\" src=\"https:\/\/www.pcimembranes.com\/wp-content\/uploads\/2021\/10\/a-19-system-1024x768.jpg\" alt=\"\" class=\"wp-image-3086\" srcset=\"https:\/\/www.pcimembranes.com\/wp-content\/uploads\/2021\/10\/a-19-system-1024x768.jpg 1024w, https:\/\/www.pcimembranes.com\/wp-content\/uploads\/2021\/10\/a-19-system-300x225.jpg 300w, https:\/\/www.pcimembranes.com\/wp-content\/uploads\/2021\/10\/a-19-system-768x576.jpg 768w, https:\/\/www.pcimembranes.com\/wp-content\/uploads\/2021\/10\/a-19-system-1536x1152.jpg 1536w, https:\/\/www.pcimembranes.com\/wp-content\/uploads\/2021\/10\/a-19-system.jpg 1600w\" sizes=\"auto, (max-width: 1024px) 100vw, 1024px\" \/><\/figure>\n\n\n\n<p class=\"has-text-align-center has-white-color has-blue-background-color has-text-color has-background\"><strong>Stack A19<\/strong><\/p>\n\n\n\n<div class=\"wp-block-buttons is-layout-flex wp-block-buttons-is-layout-flex\"><\/div>\n<\/div>\n\n\n\n<div class=\"wp-block-column is-layout-flow wp-block-column-is-layout-flow\">\n<figure class=\"wp-block-image size-large\"><img loading=\"lazy\" decoding=\"async\" width=\"1024\" height=\"768\" src=\"https:\/\/www.pcimembranes.com\/wp-content\/uploads\/2021\/10\/C10-stack-product-1024x768.jpg\" alt=\"\" class=\"wp-image-3090\" srcset=\"https:\/\/www.pcimembranes.com\/wp-content\/uploads\/2021\/10\/C10-stack-product-1024x768.jpg 1024w, https:\/\/www.pcimembranes.com\/wp-content\/uploads\/2021\/10\/C10-stack-product-300x225.jpg 300w, https:\/\/www.pcimembranes.com\/wp-content\/uploads\/2021\/10\/C10-stack-product-768x576.jpg 768w, https:\/\/www.pcimembranes.com\/wp-content\/uploads\/2021\/10\/C10-stack-product-1536x1152.jpg 1536w, https:\/\/www.pcimembranes.com\/wp-content\/uploads\/2021\/10\/C10-stack-product.jpg 1600w\" sizes=\"auto, (max-width: 1024px) 100vw, 1024px\" \/><\/figure>\n\n\n\n<p class=\"has-text-align-center has-white-color has-blue-background-color has-text-color has-background\"><strong>Stack C10<\/strong><\/p>\n\n\n\n<div class=\"wp-block-buttons is-layout-flex wp-block-buttons-is-layout-flex\"><\/div>\n<\/div>\n\n\n\n<div class=\"wp-block-column is-layout-flow wp-block-column-is-layout-flow\">\n<figure class=\"wp-block-image size-large\"><img loading=\"lazy\" decoding=\"async\" width=\"1024\" height=\"768\" src=\"https:\/\/www.pcimembranes.com\/wp-content\/uploads\/2021\/10\/B1-Stack-1024x768.jpg\" alt=\"\" class=\"wp-image-3139\" srcset=\"https:\/\/www.pcimembranes.com\/wp-content\/uploads\/2021\/10\/B1-Stack-1024x768.jpg 1024w, https:\/\/www.pcimembranes.com\/wp-content\/uploads\/2021\/10\/B1-Stack-300x225.jpg 300w, https:\/\/www.pcimembranes.com\/wp-content\/uploads\/2021\/10\/B1-Stack-768x576.jpg 768w, https:\/\/www.pcimembranes.com\/wp-content\/uploads\/2021\/10\/B1-Stack-1536x1152.jpg 1536w, https:\/\/www.pcimembranes.com\/wp-content\/uploads\/2021\/10\/B1-Stack.jpg 1600w\" sizes=\"auto, (max-width: 1024px) 100vw, 1024px\" \/><\/figure>\n\n\n\n<p class=\"has-text-align-center has-white-color has-blue-background-color has-text-color has-background\"><strong>Stack B1<\/strong><\/p>\n\n\n\n<div class=\"wp-block-buttons is-layout-flex wp-block-buttons-is-layout-flex\"><\/div>\n<\/div>\n<\/div>\n\n\n\n<div style=\"height:18px\" aria-hidden=\"true\" class=\"wp-block-spacer\"><\/div>\n\n\n\n<div class=\"wp-block-cover alignfull is-light\" style=\"min-height:185px;aspect-ratio:unset;\"><img loading=\"lazy\" decoding=\"async\" width=\"2560\" height=\"783\" class=\"wp-block-cover__image-background wp-image-2879\" alt=\"\" src=\"https:\/\/www.pcimembranes.com\/wp-content\/uploads\/2021\/08\/banner-heading-3-scaled.jpg\" data-object-fit=\"cover\" srcset=\"https:\/\/www.pcimembranes.com\/wp-content\/uploads\/2021\/08\/banner-heading-3-scaled.jpg 2560w, https:\/\/www.pcimembranes.com\/wp-content\/uploads\/2021\/08\/banner-heading-3-300x92.jpg 300w, https:\/\/www.pcimembranes.com\/wp-content\/uploads\/2021\/08\/banner-heading-3-1024x313.jpg 1024w, https:\/\/www.pcimembranes.com\/wp-content\/uploads\/2021\/08\/banner-heading-3-768x235.jpg 768w, https:\/\/www.pcimembranes.com\/wp-content\/uploads\/2021\/08\/banner-heading-3-1536x470.jpg 1536w, https:\/\/www.pcimembranes.com\/wp-content\/uploads\/2021\/08\/banner-heading-3-2048x626.jpg 2048w\" sizes=\"auto, (max-width: 2560px) 100vw, 2560px\" \/><span aria-hidden=\"true\" class=\"wp-block-cover__background has-background-dim-10 has-background-dim\"><\/span><div class=\"wp-block-cover__inner-container is-layout-flow wp-block-cover-is-layout-flow\">\n<h2 class=\"wp-block-heading has-text-align-center has-dark-gray-color has-text-color\">Sistemas de filtraci\u00f3n por membrana a medida<\/h2>\n<\/div><\/div>\n\n\n\n<div class=\"wp-block-columns is-layout-flex wp-container-core-columns-is-layout-9d6595d7 wp-block-columns-is-layout-flex\">\n<div class=\"wp-block-column is-layout-flow wp-block-column-is-layout-flow\" style=\"flex-basis:66.66%\">\n<p>Adem\u00e1s de ofrecer una completa cartera de soluciones de membrana para sus procesos industriales, proporcionamos sistemas de filtraci\u00f3n industrial personalizados que garantizan un rendimiento \u00f3ptimo para su aplicaci\u00f3n espec\u00edfica. Durante la fase de dise\u00f1o de su sistema de membranas, los ingenieros de PCI Membranes trabajar\u00e1n con usted para realizar pruebas piloto y garantizar un dise\u00f1o, tama\u00f1o y configuraci\u00f3n \u00f3ptimos del sistema de filtraci\u00f3n a escala real. Juntos, podemos construir un sistema totalmente personalizado que se adapte realmente a su aplicaci\u00f3n, por muy singular que sea.<\/p>\n<\/div>\n\n\n\n<div class=\"wp-block-column is-vertically-aligned-center is-layout-flow wp-block-column-is-layout-flow\" style=\"flex-basis:33.33%\">\n<div class=\"wp-block-buttons is-layout-flex wp-block-buttons-is-layout-flex\">\n<div class=\"wp-block-button has-custom-width wp-block-button__width-100\"><a class=\"wp-block-button__link has-white-color has-text-color has-background wp-element-button\" href=\"https:\/\/www.pcimembranes.com\/contact-2\/\" style=\"background-color:#0085ca\">HABLE CON UN EXPERTO<\/a><\/div>\n<\/div>\n<\/div>\n<\/div>\n","protected":false},"excerpt":{"rendered":"<p>HABLE CON UN EXPERTO Tras la evaluaci\u00f3n preliminar y el \u00e9xito de las pruebas piloto, el siguiente paso es la realizaci\u00f3n de la planta a escala industrial. Nuestro enfoque ofrece la m\u00e1xima garant\u00eda de escalabilidad gracias a nuestra amplia experiencia y al trabajo con datos reales recibidos en las pruebas piloto. Los sistemas de filtraci\u00f3n [&hellip;]<\/p>\n","protected":false},"author":9,"featured_media":0,"parent":0,"menu_order":0,"comment_status":"closed","ping_status":"closed","template":"","meta":{"_acf_changed":false,"content-type":"","footnotes":""},"class_list":["post-6899","page","type-page","status-publish","hentry"],"acf":[],"yoast_head":"<!-- This site is optimized with the Yoast SEO plugin v27.3 - https:\/\/yoast.com\/product\/yoast-seo-wordpress\/ -->\n<title>Plantas de filtraci\u00f3n por membrana - PCI Membranes<\/title>\n<meta name=\"robots\" content=\"index, follow, max-snippet:-1, max-image-preview:large, max-video-preview:-1\" \/>\n<link rel=\"canonical\" href=\"https:\/\/www.pcimembranes.com\/es\/plantas-de-filtracion-por-membrana\/\" \/>\n<meta property=\"og:locale\" content=\"es_ES\" \/>\n<meta property=\"og:type\" content=\"article\" \/>\n<meta property=\"og:title\" content=\"Plantas de filtraci\u00f3n por membrana - PCI Membranes\" \/>\n<meta property=\"og:description\" content=\"HABLE CON UN EXPERTO Tras la evaluaci\u00f3n preliminar y el \u00e9xito de las pruebas piloto, el siguiente paso es la realizaci\u00f3n de la planta a escala industrial. Nuestro enfoque ofrece la m\u00e1xima garant\u00eda de escalabilidad gracias a nuestra amplia experiencia y al trabajo con datos reales recibidos en las pruebas piloto. Los sistemas de filtraci\u00f3n [&hellip;]\" \/>\n<meta property=\"og:url\" content=\"https:\/\/www.pcimembranes.com\/es\/plantas-de-filtracion-por-membrana\/\" \/>\n<meta property=\"og:site_name\" content=\"PCI Membranes\" \/>\n<meta property=\"article:modified_time\" content=\"2025-07-25T13:18:47+00:00\" \/>\n<meta property=\"og:image\" content=\"https:\/\/www.pcimembranes.com\/wp-content\/uploads\/2021\/08\/MicrosoftTeams-image-_2.jpg\" \/>\n\t<meta property=\"og:image:width\" content=\"1400\" \/>\n\t<meta property=\"og:image:height\" content=\"787\" \/>\n\t<meta property=\"og:image:type\" content=\"image\/jpeg\" \/>\n<meta name=\"twitter:card\" content=\"summary_large_image\" \/>\n<meta name=\"twitter:label1\" content=\"Tiempo de lectura\" \/>\n\t<meta name=\"twitter:data1\" content=\"3 minutos\" \/>\n<script type=\"application\/ld+json\" class=\"yoast-schema-graph\">{\"@context\":\"https:\\\/\\\/schema.org\",\"@graph\":[{\"@type\":\"WebPage\",\"@id\":\"https:\\\/\\\/www.pcimembranes.com\\\/es\\\/plantas-de-filtracion-por-membrana\\\/\",\"url\":\"https:\\\/\\\/www.pcimembranes.com\\\/es\\\/plantas-de-filtracion-por-membrana\\\/\",\"name\":\"Plantas de filtraci\u00f3n por membrana - PCI Membranes\",\"isPartOf\":{\"@id\":\"https:\\\/\\\/www.pcimembranes.com\\\/es\\\/#website\"},\"primaryImageOfPage\":{\"@id\":\"https:\\\/\\\/www.pcimembranes.com\\\/es\\\/plantas-de-filtracion-por-membrana\\\/#primaryimage\"},\"image\":{\"@id\":\"https:\\\/\\\/www.pcimembranes.com\\\/es\\\/plantas-de-filtracion-por-membrana\\\/#primaryimage\"},\"thumbnailUrl\":\"https:\\\/\\\/www.pcimembranes.com\\\/wp-content\\\/uploads\\\/2021\\\/08\\\/MicrosoftTeams-image-_2.jpg\",\"datePublished\":\"2023-04-14T16:08:11+00:00\",\"dateModified\":\"2025-07-25T13:18:47+00:00\",\"breadcrumb\":{\"@id\":\"https:\\\/\\\/www.pcimembranes.com\\\/es\\\/plantas-de-filtracion-por-membrana\\\/#breadcrumb\"},\"inLanguage\":\"es\",\"potentialAction\":[{\"@type\":\"ReadAction\",\"target\":[\"https:\\\/\\\/www.pcimembranes.com\\\/es\\\/plantas-de-filtracion-por-membrana\\\/\"]}]},{\"@type\":\"ImageObject\",\"inLanguage\":\"es\",\"@id\":\"https:\\\/\\\/www.pcimembranes.com\\\/es\\\/plantas-de-filtracion-por-membrana\\\/#primaryimage\",\"url\":\"https:\\\/\\\/www.pcimembranes.com\\\/wp-content\\\/uploads\\\/2021\\\/08\\\/MicrosoftTeams-image-_2.jpg\",\"contentUrl\":\"https:\\\/\\\/www.pcimembranes.com\\\/wp-content\\\/uploads\\\/2021\\\/08\\\/MicrosoftTeams-image-_2.jpg\"},{\"@type\":\"BreadcrumbList\",\"@id\":\"https:\\\/\\\/www.pcimembranes.com\\\/es\\\/plantas-de-filtracion-por-membrana\\\/#breadcrumb\",\"itemListElement\":[{\"@type\":\"ListItem\",\"position\":1,\"name\":\"\",\"item\":\"https:\\\/\\\/www.pcimembranes.com\\\/es\\\/\"},{\"@type\":\"ListItem\",\"position\":2,\"name\":\"Plantas de filtraci\u00f3n por membrana\"}]},{\"@type\":\"WebSite\",\"@id\":\"https:\\\/\\\/www.pcimembranes.com\\\/es\\\/#website\",\"url\":\"https:\\\/\\\/www.pcimembranes.com\\\/es\\\/\",\"name\":\"PCI Membranes\",\"description\":\"Making the World Safer, Healthier and More Productive\",\"publisher\":{\"@id\":\"https:\\\/\\\/www.pcimembranes.com\\\/es\\\/#organization\"},\"potentialAction\":[{\"@type\":\"SearchAction\",\"target\":{\"@type\":\"EntryPoint\",\"urlTemplate\":\"https:\\\/\\\/www.pcimembranes.com\\\/es\\\/?s={search_term_string}\"},\"query-input\":{\"@type\":\"PropertyValueSpecification\",\"valueRequired\":true,\"valueName\":\"search_term_string\"}}],\"inLanguage\":\"es\"},{\"@type\":\"Organization\",\"@id\":\"https:\\\/\\\/www.pcimembranes.com\\\/es\\\/#organization\",\"name\":\"Filtration Group\",\"url\":\"https:\\\/\\\/www.pcimembranes.com\\\/es\\\/\",\"logo\":{\"@type\":\"ImageObject\",\"inLanguage\":\"es\",\"@id\":\"https:\\\/\\\/www.pcimembranes.com\\\/es\\\/#\\\/schema\\\/logo\\\/image\\\/\",\"url\":\"https:\\\/\\\/www.pcimembranes.com\\\/wp-content\\\/uploads\\\/2019\\\/06\\\/FGC-logo-1.png\",\"contentUrl\":\"https:\\\/\\\/www.pcimembranes.com\\\/wp-content\\\/uploads\\\/2019\\\/06\\\/FGC-logo-1.png\",\"width\":1104,\"height\":224,\"caption\":\"Filtration Group\"},\"image\":{\"@id\":\"https:\\\/\\\/www.pcimembranes.com\\\/es\\\/#\\\/schema\\\/logo\\\/image\\\/\"}}]}<\/script>\n<!-- \/ Yoast SEO plugin. -->","yoast_head_json":{"title":"Plantas de filtraci\u00f3n por membrana - PCI Membranes","robots":{"index":"index","follow":"follow","max-snippet":"max-snippet:-1","max-image-preview":"max-image-preview:large","max-video-preview":"max-video-preview:-1"},"canonical":"https:\/\/www.pcimembranes.com\/es\/plantas-de-filtracion-por-membrana\/","og_locale":"es_ES","og_type":"article","og_title":"Plantas de filtraci\u00f3n por membrana - PCI Membranes","og_description":"HABLE CON UN EXPERTO Tras la evaluaci\u00f3n preliminar y el \u00e9xito de las pruebas piloto, el siguiente paso es la realizaci\u00f3n de la planta a escala industrial. Nuestro enfoque ofrece la m\u00e1xima garant\u00eda de escalabilidad gracias a nuestra amplia experiencia y al trabajo con datos reales recibidos en las pruebas piloto. Los sistemas de filtraci\u00f3n [&hellip;]","og_url":"https:\/\/www.pcimembranes.com\/es\/plantas-de-filtracion-por-membrana\/","og_site_name":"PCI Membranes","article_modified_time":"2025-07-25T13:18:47+00:00","og_image":[{"width":1400,"height":787,"url":"https:\/\/www.pcimembranes.com\/wp-content\/uploads\/2021\/08\/MicrosoftTeams-image-_2.jpg","type":"image\/jpeg"}],"twitter_card":"summary_large_image","twitter_misc":{"Tiempo de lectura":"3 minutos"},"schema":{"@context":"https:\/\/schema.org","@graph":[{"@type":"WebPage","@id":"https:\/\/www.pcimembranes.com\/es\/plantas-de-filtracion-por-membrana\/","url":"https:\/\/www.pcimembranes.com\/es\/plantas-de-filtracion-por-membrana\/","name":"Plantas de filtraci\u00f3n por membrana - PCI Membranes","isPartOf":{"@id":"https:\/\/www.pcimembranes.com\/es\/#website"},"primaryImageOfPage":{"@id":"https:\/\/www.pcimembranes.com\/es\/plantas-de-filtracion-por-membrana\/#primaryimage"},"image":{"@id":"https:\/\/www.pcimembranes.com\/es\/plantas-de-filtracion-por-membrana\/#primaryimage"},"thumbnailUrl":"https:\/\/www.pcimembranes.com\/wp-content\/uploads\/2021\/08\/MicrosoftTeams-image-_2.jpg","datePublished":"2023-04-14T16:08:11+00:00","dateModified":"2025-07-25T13:18:47+00:00","breadcrumb":{"@id":"https:\/\/www.pcimembranes.com\/es\/plantas-de-filtracion-por-membrana\/#breadcrumb"},"inLanguage":"es","potentialAction":[{"@type":"ReadAction","target":["https:\/\/www.pcimembranes.com\/es\/plantas-de-filtracion-por-membrana\/"]}]},{"@type":"ImageObject","inLanguage":"es","@id":"https:\/\/www.pcimembranes.com\/es\/plantas-de-filtracion-por-membrana\/#primaryimage","url":"https:\/\/www.pcimembranes.com\/wp-content\/uploads\/2021\/08\/MicrosoftTeams-image-_2.jpg","contentUrl":"https:\/\/www.pcimembranes.com\/wp-content\/uploads\/2021\/08\/MicrosoftTeams-image-_2.jpg"},{"@type":"BreadcrumbList","@id":"https:\/\/www.pcimembranes.com\/es\/plantas-de-filtracion-por-membrana\/#breadcrumb","itemListElement":[{"@type":"ListItem","position":1,"name":"","item":"https:\/\/www.pcimembranes.com\/es\/"},{"@type":"ListItem","position":2,"name":"Plantas de filtraci\u00f3n por membrana"}]},{"@type":"WebSite","@id":"https:\/\/www.pcimembranes.com\/es\/#website","url":"https:\/\/www.pcimembranes.com\/es\/","name":"PCI Membranes","description":"Making the World Safer, Healthier and More Productive","publisher":{"@id":"https:\/\/www.pcimembranes.com\/es\/#organization"},"potentialAction":[{"@type":"SearchAction","target":{"@type":"EntryPoint","urlTemplate":"https:\/\/www.pcimembranes.com\/es\/?s={search_term_string}"},"query-input":{"@type":"PropertyValueSpecification","valueRequired":true,"valueName":"search_term_string"}}],"inLanguage":"es"},{"@type":"Organization","@id":"https:\/\/www.pcimembranes.com\/es\/#organization","name":"Filtration Group","url":"https:\/\/www.pcimembranes.com\/es\/","logo":{"@type":"ImageObject","inLanguage":"es","@id":"https:\/\/www.pcimembranes.com\/es\/#\/schema\/logo\/image\/","url":"https:\/\/www.pcimembranes.com\/wp-content\/uploads\/2019\/06\/FGC-logo-1.png","contentUrl":"https:\/\/www.pcimembranes.com\/wp-content\/uploads\/2019\/06\/FGC-logo-1.png","width":1104,"height":224,"caption":"Filtration Group"},"image":{"@id":"https:\/\/www.pcimembranes.com\/es\/#\/schema\/logo\/image\/"}}]}},"_links":{"self":[{"href":"https:\/\/www.pcimembranes.com\/es\/wp-json\/wp\/v2\/pages\/6899","targetHints":{"allow":["GET"]}}],"collection":[{"href":"https:\/\/www.pcimembranes.com\/es\/wp-json\/wp\/v2\/pages"}],"about":[{"href":"https:\/\/www.pcimembranes.com\/es\/wp-json\/wp\/v2\/types\/page"}],"author":[{"embeddable":true,"href":"https:\/\/www.pcimembranes.com\/es\/wp-json\/wp\/v2\/users\/9"}],"replies":[{"embeddable":true,"href":"https:\/\/www.pcimembranes.com\/es\/wp-json\/wp\/v2\/comments?post=6899"}],"version-history":[{"count":0,"href":"https:\/\/www.pcimembranes.com\/es\/wp-json\/wp\/v2\/pages\/6899\/revisions"}],"wp:attachment":[{"href":"https:\/\/www.pcimembranes.com\/es\/wp-json\/wp\/v2\/media?parent=6899"}],"curies":[{"name":"wp","href":"https:\/\/api.w.org\/{rel}","templated":true}]}}