{"id":6902,"date":"2023-04-14T16:17:18","date_gmt":"2023-04-14T16:17:18","guid":{"rendered":"https:\/\/www.pcimembranes.com\/?page_id=6902"},"modified":"2025-07-25T13:28:13","modified_gmt":"2025-07-25T13:28:13","slug":"servicios-de-ingenieria","status":"publish","type":"page","link":"https:\/\/www.pcimembranes.com\/es\/servicios-de-ingenieria\/","title":{"rendered":"SERVICIOS DE INGENIER\u00cdA"},"content":{"rendered":"\n<div class=\"wp-block-cover alignfull\" style=\"min-height:240px;aspect-ratio:unset;\"><img loading=\"lazy\" decoding=\"async\" width=\"1400\" height=\"787\" class=\"wp-block-cover__image-background wp-image-2795\" alt=\"\" src=\"https:\/\/www.pcimembranes.com\/wp-content\/uploads\/2021\/08\/MicrosoftTeams-image-_2.jpg\" data-object-fit=\"cover\" srcset=\"https:\/\/www.pcimembranes.com\/wp-content\/uploads\/2021\/08\/MicrosoftTeams-image-_2.jpg 1400w, https:\/\/www.pcimembranes.com\/wp-content\/uploads\/2021\/08\/MicrosoftTeams-image-_2-300x169.jpg 300w, https:\/\/www.pcimembranes.com\/wp-content\/uploads\/2021\/08\/MicrosoftTeams-image-_2-1024x576.jpg 1024w, https:\/\/www.pcimembranes.com\/wp-content\/uploads\/2021\/08\/MicrosoftTeams-image-_2-768x432.jpg 768w\" sizes=\"auto, (max-width: 1400px) 100vw, 1400px\" \/><span aria-hidden=\"true\" class=\"wp-block-cover__background has-background-dim-0 has-background-dim\"><\/span><div class=\"wp-block-cover__inner-container is-layout-flow wp-block-cover-is-layout-flow\">\n<h1 class=\"wp-block-heading has-text-align-center\">SERVICIOS DE INGENIER\u00cdA<\/h1>\n<\/div><\/div>\n\n\n\n<!--Close-->\t\n<\/div><\/div><\/section>\n<!--Menu-->\n<div class=\"no-top-margin\">\n<div class=\"msb-sticky-bar\">\n<div class=\"container\">\n  <div class=\"row\">\n    <div class=\"col-sm text-center\">\n      <a href=\"https:\/\/www.pcimembranes.com\/contactus\/\" class=\"btn btn-primary solution-trigger\">HABLE CON UN EXPERTO<\/a>\n    <\/div>\n  <\/div>\n<\/div>\n<\/div>\n<\/div>\n<!--Open-->\n<section class=\"container\"><div class=\"row\"><div class=\"col-md-12\">\n\n\n\n<div style=\"height:26px\" aria-hidden=\"true\" class=\"wp-block-spacer\"><\/div>\n\n\n\n<p><strong>PCI Membranes<\/strong>\u00ae tambi\u00e9n es un fabricante de sistemas de membranas para aplicaciones industriales, municipales, alimentarias y de bebidas. Durante m\u00e1s de 50 a\u00f1os, PCI Membranes\u00ae ha fabricado y puesto en marcha sistemas de ingenier\u00eda por encargo (ETO) dise\u00f1ados sobre una base de dise\u00f1o, construidos sobre patines y montados in situ (por otros). PCI Membranes\u00ae ha suministrado sistemas de \u00faltima generaci\u00f3n a miles de clientes en todo el mundo. Sin embargo, en los \u00faltimos tiempos se ha puesto de manifiesto que la necesidad de cumplimiento es mayor de lo que pueden satisfacer los actuales procesos contractuales; la necesidad no puede financiarse con el coste de los m\u00e9todos existentes; y el tiempo disponible para el cumplimiento no facilitar\u00e1 los amplios calendarios de los proyectos anteriores.<\/p>\n\n\n\n<div class=\"wp-block-media-text alignwide is-stacked-on-mobile\"><figure class=\"wp-block-media-text__media\"><img loading=\"lazy\" decoding=\"async\" width=\"1024\" height=\"683\" src=\"https:\/\/www.pcimembranes.com\/wp-content\/uploads\/2021\/10\/service-team-2-1024x683.jpg\" alt=\"\" class=\"wp-image-3142 size-full\" srcset=\"https:\/\/www.pcimembranes.com\/wp-content\/uploads\/2021\/10\/service-team-2-1024x683.jpg 1024w, https:\/\/www.pcimembranes.com\/wp-content\/uploads\/2021\/10\/service-team-2-300x200.jpg 300w, https:\/\/www.pcimembranes.com\/wp-content\/uploads\/2021\/10\/service-team-2-768x512.jpg 768w, https:\/\/www.pcimembranes.com\/wp-content\/uploads\/2021\/10\/service-team-2-1536x1024.jpg 1536w, https:\/\/www.pcimembranes.com\/wp-content\/uploads\/2021\/10\/service-team-2-2048x1365.jpg 2048w, https:\/\/www.pcimembranes.com\/wp-content\/uploads\/2021\/10\/service-team-2-272x182.jpg 272w\" sizes=\"auto, (max-width: 1024px) 100vw, 1024px\" \/><\/figure><div class=\"wp-block-media-text__content\">\n<p>Por ello, PCI Membranes\u00ae ha sido pionera en la aplicaci\u00f3n de un sistema de membranas.\u00a0Por ejemplo, seguimos los tres motores principales para todos los servicios que prestamos, que son:<\/p>\n\n\n\n<p>\u2022 Entregar un producto de calidad;<\/p>\n\n\n\n<p>\u2022 Al menor coste posible;<\/p>\n\n\n\n<p>\u2022 En El menor tiempo posible.<\/p>\n\n\n\n<p>Trabajando con clientes y representantes, PCI Membranes conf\u00eda en haber alcanzado estos objetivos. Garantizar que se entienden todos los requisitos del cliente a trav\u00e9s de un s\u00f3lido soporte de ingenier\u00eda y un coste fijo realista, se consiguen importantes ahorros en t\u00e9rminos de dise\u00f1o, gesti\u00f3n y costes de material. El resultado es una instalaci\u00f3n de calidad al mejor precio.<\/p>\n<\/div><\/div>\n","protected":false},"excerpt":{"rendered":"<p>HABLE CON UN EXPERTO PCI Membranes\u00ae tambi\u00e9n es un fabricante de sistemas de membranas para aplicaciones industriales, municipales, alimentarias y de bebidas. Durante m\u00e1s de 50 a\u00f1os, PCI Membranes\u00ae ha fabricado y puesto en marcha sistemas de ingenier\u00eda por encargo (ETO) dise\u00f1ados sobre una base de dise\u00f1o, construidos sobre patines y montados in situ (por [&hellip;]<\/p>\n","protected":false},"author":9,"featured_media":0,"parent":0,"menu_order":0,"comment_status":"closed","ping_status":"closed","template":"","meta":{"_acf_changed":false,"content-type":"","footnotes":""},"class_list":["post-6902","page","type-page","status-publish","hentry"],"acf":[],"yoast_head":"<!-- This site is optimized with the Yoast SEO plugin v27.3 - https:\/\/yoast.com\/product\/yoast-seo-wordpress\/ -->\n<title>SERVICIOS DE INGENIER\u00cdA - PCI Membranes<\/title>\n<meta name=\"robots\" content=\"index, follow, max-snippet:-1, max-image-preview:large, max-video-preview:-1\" \/>\n<link rel=\"canonical\" href=\"https:\/\/www.pcimembranes.com\/es\/servicios-de-ingenieria\/\" \/>\n<meta property=\"og:locale\" content=\"es_ES\" \/>\n<meta property=\"og:type\" content=\"article\" \/>\n<meta property=\"og:title\" content=\"SERVICIOS DE INGENIER\u00cdA - PCI Membranes\" \/>\n<meta property=\"og:description\" content=\"HABLE CON UN EXPERTO PCI Membranes\u00ae tambi\u00e9n es un fabricante de sistemas de membranas para aplicaciones industriales, municipales, alimentarias y de bebidas. Durante m\u00e1s de 50 a\u00f1os, PCI Membranes\u00ae ha fabricado y puesto en marcha sistemas de ingenier\u00eda por encargo (ETO) dise\u00f1ados sobre una base de dise\u00f1o, construidos sobre patines y montados in situ (por [&hellip;]\" \/>\n<meta property=\"og:url\" content=\"https:\/\/www.pcimembranes.com\/es\/servicios-de-ingenieria\/\" \/>\n<meta property=\"og:site_name\" content=\"PCI Membranes\" \/>\n<meta property=\"article:modified_time\" content=\"2025-07-25T13:28:13+00:00\" \/>\n<meta property=\"og:image\" content=\"https:\/\/www.pcimembranes.com\/wp-content\/uploads\/2021\/08\/MicrosoftTeams-image-_2.jpg\" \/>\n\t<meta property=\"og:image:width\" content=\"1400\" \/>\n\t<meta property=\"og:image:height\" content=\"787\" \/>\n\t<meta property=\"og:image:type\" content=\"image\/jpeg\" \/>\n<meta name=\"twitter:card\" content=\"summary_large_image\" \/>\n<meta name=\"twitter:label1\" content=\"Tiempo de lectura\" \/>\n\t<meta name=\"twitter:data1\" content=\"2 minutos\" \/>\n<script type=\"application\/ld+json\" class=\"yoast-schema-graph\">{\"@context\":\"https:\\\/\\\/schema.org\",\"@graph\":[{\"@type\":\"WebPage\",\"@id\":\"https:\\\/\\\/www.pcimembranes.com\\\/es\\\/servicios-de-ingenieria\\\/\",\"url\":\"https:\\\/\\\/www.pcimembranes.com\\\/es\\\/servicios-de-ingenieria\\\/\",\"name\":\"SERVICIOS DE INGENIER\u00cdA - PCI Membranes\",\"isPartOf\":{\"@id\":\"https:\\\/\\\/www.pcimembranes.com\\\/es\\\/#website\"},\"primaryImageOfPage\":{\"@id\":\"https:\\\/\\\/www.pcimembranes.com\\\/es\\\/servicios-de-ingenieria\\\/#primaryimage\"},\"image\":{\"@id\":\"https:\\\/\\\/www.pcimembranes.com\\\/es\\\/servicios-de-ingenieria\\\/#primaryimage\"},\"thumbnailUrl\":\"https:\\\/\\\/www.pcimembranes.com\\\/wp-content\\\/uploads\\\/2021\\\/08\\\/MicrosoftTeams-image-_2.jpg\",\"datePublished\":\"2023-04-14T16:17:18+00:00\",\"dateModified\":\"2025-07-25T13:28:13+00:00\",\"breadcrumb\":{\"@id\":\"https:\\\/\\\/www.pcimembranes.com\\\/es\\\/servicios-de-ingenieria\\\/#breadcrumb\"},\"inLanguage\":\"es\",\"potentialAction\":[{\"@type\":\"ReadAction\",\"target\":[\"https:\\\/\\\/www.pcimembranes.com\\\/es\\\/servicios-de-ingenieria\\\/\"]}]},{\"@type\":\"ImageObject\",\"inLanguage\":\"es\",\"@id\":\"https:\\\/\\\/www.pcimembranes.com\\\/es\\\/servicios-de-ingenieria\\\/#primaryimage\",\"url\":\"https:\\\/\\\/www.pcimembranes.com\\\/wp-content\\\/uploads\\\/2021\\\/08\\\/MicrosoftTeams-image-_2.jpg\",\"contentUrl\":\"https:\\\/\\\/www.pcimembranes.com\\\/wp-content\\\/uploads\\\/2021\\\/08\\\/MicrosoftTeams-image-_2.jpg\"},{\"@type\":\"BreadcrumbList\",\"@id\":\"https:\\\/\\\/www.pcimembranes.com\\\/es\\\/servicios-de-ingenieria\\\/#breadcrumb\",\"itemListElement\":[{\"@type\":\"ListItem\",\"position\":1,\"name\":\"\",\"item\":\"https:\\\/\\\/www.pcimembranes.com\\\/es\\\/\"},{\"@type\":\"ListItem\",\"position\":2,\"name\":\"SERVICIOS DE INGENIER\u00cdA\"}]},{\"@type\":\"WebSite\",\"@id\":\"https:\\\/\\\/www.pcimembranes.com\\\/es\\\/#website\",\"url\":\"https:\\\/\\\/www.pcimembranes.com\\\/es\\\/\",\"name\":\"PCI Membranes\",\"description\":\"Making the World Safer, Healthier and More Productive\",\"publisher\":{\"@id\":\"https:\\\/\\\/www.pcimembranes.com\\\/es\\\/#organization\"},\"potentialAction\":[{\"@type\":\"SearchAction\",\"target\":{\"@type\":\"EntryPoint\",\"urlTemplate\":\"https:\\\/\\\/www.pcimembranes.com\\\/es\\\/?s={search_term_string}\"},\"query-input\":{\"@type\":\"PropertyValueSpecification\",\"valueRequired\":true,\"valueName\":\"search_term_string\"}}],\"inLanguage\":\"es\"},{\"@type\":\"Organization\",\"@id\":\"https:\\\/\\\/www.pcimembranes.com\\\/es\\\/#organization\",\"name\":\"Filtration Group\",\"url\":\"https:\\\/\\\/www.pcimembranes.com\\\/es\\\/\",\"logo\":{\"@type\":\"ImageObject\",\"inLanguage\":\"es\",\"@id\":\"https:\\\/\\\/www.pcimembranes.com\\\/es\\\/#\\\/schema\\\/logo\\\/image\\\/\",\"url\":\"https:\\\/\\\/www.pcimembranes.com\\\/wp-content\\\/uploads\\\/2019\\\/06\\\/FGC-logo-1.png\",\"contentUrl\":\"https:\\\/\\\/www.pcimembranes.com\\\/wp-content\\\/uploads\\\/2019\\\/06\\\/FGC-logo-1.png\",\"width\":1104,\"height\":224,\"caption\":\"Filtration Group\"},\"image\":{\"@id\":\"https:\\\/\\\/www.pcimembranes.com\\\/es\\\/#\\\/schema\\\/logo\\\/image\\\/\"}}]}<\/script>\n<!-- \/ Yoast SEO plugin. -->","yoast_head_json":{"title":"SERVICIOS DE INGENIER\u00cdA - PCI Membranes","robots":{"index":"index","follow":"follow","max-snippet":"max-snippet:-1","max-image-preview":"max-image-preview:large","max-video-preview":"max-video-preview:-1"},"canonical":"https:\/\/www.pcimembranes.com\/es\/servicios-de-ingenieria\/","og_locale":"es_ES","og_type":"article","og_title":"SERVICIOS DE INGENIER\u00cdA - PCI Membranes","og_description":"HABLE CON UN EXPERTO PCI Membranes\u00ae tambi\u00e9n es un fabricante de sistemas de membranas para aplicaciones industriales, municipales, alimentarias y de bebidas. Durante m\u00e1s de 50 a\u00f1os, PCI Membranes\u00ae ha fabricado y puesto en marcha sistemas de ingenier\u00eda por encargo (ETO) dise\u00f1ados sobre una base de dise\u00f1o, construidos sobre patines y montados in situ (por [&hellip;]","og_url":"https:\/\/www.pcimembranes.com\/es\/servicios-de-ingenieria\/","og_site_name":"PCI Membranes","article_modified_time":"2025-07-25T13:28:13+00:00","og_image":[{"width":1400,"height":787,"url":"https:\/\/www.pcimembranes.com\/wp-content\/uploads\/2021\/08\/MicrosoftTeams-image-_2.jpg","type":"image\/jpeg"}],"twitter_card":"summary_large_image","twitter_misc":{"Tiempo de lectura":"2 minutos"},"schema":{"@context":"https:\/\/schema.org","@graph":[{"@type":"WebPage","@id":"https:\/\/www.pcimembranes.com\/es\/servicios-de-ingenieria\/","url":"https:\/\/www.pcimembranes.com\/es\/servicios-de-ingenieria\/","name":"SERVICIOS DE INGENIER\u00cdA - PCI Membranes","isPartOf":{"@id":"https:\/\/www.pcimembranes.com\/es\/#website"},"primaryImageOfPage":{"@id":"https:\/\/www.pcimembranes.com\/es\/servicios-de-ingenieria\/#primaryimage"},"image":{"@id":"https:\/\/www.pcimembranes.com\/es\/servicios-de-ingenieria\/#primaryimage"},"thumbnailUrl":"https:\/\/www.pcimembranes.com\/wp-content\/uploads\/2021\/08\/MicrosoftTeams-image-_2.jpg","datePublished":"2023-04-14T16:17:18+00:00","dateModified":"2025-07-25T13:28:13+00:00","breadcrumb":{"@id":"https:\/\/www.pcimembranes.com\/es\/servicios-de-ingenieria\/#breadcrumb"},"inLanguage":"es","potentialAction":[{"@type":"ReadAction","target":["https:\/\/www.pcimembranes.com\/es\/servicios-de-ingenieria\/"]}]},{"@type":"ImageObject","inLanguage":"es","@id":"https:\/\/www.pcimembranes.com\/es\/servicios-de-ingenieria\/#primaryimage","url":"https:\/\/www.pcimembranes.com\/wp-content\/uploads\/2021\/08\/MicrosoftTeams-image-_2.jpg","contentUrl":"https:\/\/www.pcimembranes.com\/wp-content\/uploads\/2021\/08\/MicrosoftTeams-image-_2.jpg"},{"@type":"BreadcrumbList","@id":"https:\/\/www.pcimembranes.com\/es\/servicios-de-ingenieria\/#breadcrumb","itemListElement":[{"@type":"ListItem","position":1,"name":"","item":"https:\/\/www.pcimembranes.com\/es\/"},{"@type":"ListItem","position":2,"name":"SERVICIOS DE INGENIER\u00cdA"}]},{"@type":"WebSite","@id":"https:\/\/www.pcimembranes.com\/es\/#website","url":"https:\/\/www.pcimembranes.com\/es\/","name":"PCI Membranes","description":"Making the World Safer, Healthier and More Productive","publisher":{"@id":"https:\/\/www.pcimembranes.com\/es\/#organization"},"potentialAction":[{"@type":"SearchAction","target":{"@type":"EntryPoint","urlTemplate":"https:\/\/www.pcimembranes.com\/es\/?s={search_term_string}"},"query-input":{"@type":"PropertyValueSpecification","valueRequired":true,"valueName":"search_term_string"}}],"inLanguage":"es"},{"@type":"Organization","@id":"https:\/\/www.pcimembranes.com\/es\/#organization","name":"Filtration Group","url":"https:\/\/www.pcimembranes.com\/es\/","logo":{"@type":"ImageObject","inLanguage":"es","@id":"https:\/\/www.pcimembranes.com\/es\/#\/schema\/logo\/image\/","url":"https:\/\/www.pcimembranes.com\/wp-content\/uploads\/2019\/06\/FGC-logo-1.png","contentUrl":"https:\/\/www.pcimembranes.com\/wp-content\/uploads\/2019\/06\/FGC-logo-1.png","width":1104,"height":224,"caption":"Filtration Group"},"image":{"@id":"https:\/\/www.pcimembranes.com\/es\/#\/schema\/logo\/image\/"}}]}},"_links":{"self":[{"href":"https:\/\/www.pcimembranes.com\/es\/wp-json\/wp\/v2\/pages\/6902","targetHints":{"allow":["GET"]}}],"collection":[{"href":"https:\/\/www.pcimembranes.com\/es\/wp-json\/wp\/v2\/pages"}],"about":[{"href":"https:\/\/www.pcimembranes.com\/es\/wp-json\/wp\/v2\/types\/page"}],"author":[{"embeddable":true,"href":"https:\/\/www.pcimembranes.com\/es\/wp-json\/wp\/v2\/users\/9"}],"replies":[{"embeddable":true,"href":"https:\/\/www.pcimembranes.com\/es\/wp-json\/wp\/v2\/comments?post=6902"}],"version-history":[{"count":0,"href":"https:\/\/www.pcimembranes.com\/es\/wp-json\/wp\/v2\/pages\/6902\/revisions"}],"wp:attachment":[{"href":"https:\/\/www.pcimembranes.com\/es\/wp-json\/wp\/v2\/media?parent=6902"}],"curies":[{"name":"wp","href":"https:\/\/api.w.org\/{rel}","templated":true}]}}