{"id":7450,"date":"2024-01-19T12:47:14","date_gmt":"2024-01-19T12:47:14","guid":{"rendered":"https:\/\/www.pcimembranes.com\/?page_id=7450"},"modified":"2025-07-25T13:28:34","modified_gmt":"2025-07-25T13:28:34","slug":"industrias","status":"publish","type":"page","link":"https:\/\/www.pcimembranes.com\/es\/industrias\/","title":{"rendered":"Industrias"},"content":{"rendered":"\n<div class=\"wp-block-cover alignfull is-light\" style=\"min-height:303px;aspect-ratio:unset;\"><img loading=\"lazy\" decoding=\"async\" width=\"2560\" height=\"1031\" class=\"wp-block-cover__image-background wp-image-2520\" alt=\"\" src=\"https:\/\/www.pcimembranes.com\/wp-content\/uploads\/2021\/08\/industry-membrane-scaled.jpg\" data-object-fit=\"cover\" srcset=\"https:\/\/www.pcimembranes.com\/wp-content\/uploads\/2021\/08\/industry-membrane-scaled.jpg 2560w, https:\/\/www.pcimembranes.com\/wp-content\/uploads\/2021\/08\/industry-membrane-300x121.jpg 300w, https:\/\/www.pcimembranes.com\/wp-content\/uploads\/2021\/08\/industry-membrane-1024x412.jpg 1024w, https:\/\/www.pcimembranes.com\/wp-content\/uploads\/2021\/08\/industry-membrane-768x309.jpg 768w, https:\/\/www.pcimembranes.com\/wp-content\/uploads\/2021\/08\/industry-membrane-1536x619.jpg 1536w, https:\/\/www.pcimembranes.com\/wp-content\/uploads\/2021\/08\/industry-membrane-2048x825.jpg 2048w\" sizes=\"auto, (max-width: 2560px) 100vw, 2560px\" \/><span aria-hidden=\"true\" class=\"wp-block-cover__background has-background-dim\"><\/span><div class=\"wp-block-cover__inner-container is-layout-flow wp-block-cover-is-layout-flow\">\n<h1 class=\"wp-block-heading has-text-align-center has-white-color has-text-color has-link-color has-huge-font-size wp-elements-31961010942d3a2feec17503af21a474\">Industrias<\/h1>\n<\/div><\/div>\n\n\n\n<!--Close-->\t\n<\/div><\/div><\/section>\n<!--Menu-->\n<div class=\"no-top-margin\">\n<div class=\"msb-sticky-bar\">\n<div class=\"container\">\n  <div class=\"row\">\n    <div class=\"col-sm text-center\">\n      <a href=\"https:\/\/www.pcimembranes.com\/contactus\/\" class=\"btn btn-primary solution-trigger\">HABLE CON UN EXPERTO<\/a>\n    <\/div>\n  <\/div>\n<\/div>\n<\/div>\n<\/div>\n<!--Open-->\n<section class=\"container\"><div class=\"row\"><div class=\"col-md-12\">\n\n\n\n<div style=\"height:33px\" aria-hidden=\"true\" class=\"wp-block-spacer\"><\/div>\n\n\n\n<h2 class=\"wp-block-heading has-text-align-left has-large-font-size\">Industrias<\/h2>\n\n\n\n<div style=\"height:41px\" aria-hidden=\"true\" class=\"wp-block-spacer\"><\/div>\n\n\n\n<p>PCI Membranes\u00ae se ha ganado una reputaci\u00f3n envidiable en torno a nuestra capacidad de ingenier\u00eda, productos de alta calidad, confiabilidad y enfoque basado en soluciones durante m\u00e1s de 50 a\u00f1os. Por lo cual hoy podemos ofrecer soluciones de procesos utilizando tecnolog\u00edas de Microfiltraci\u00f3n, Ultrafiltraci\u00f3n, Nanofiltraci\u00f3n y \u00d3smosis Inversa para una amplia variedad de industrias.<\/p>\n\n\n\n<div style=\"height:11px\" aria-hidden=\"true\" class=\"wp-block-spacer\"><\/div>\n\n\n\n<p style=\"font-size:20px\">Por favor, elija la industria que se aplique a usted. \u00bfSu industria no figura en la lista? Entonces por favor <a href=\"https:\/\/www.pcimembranes.com\/contact-2\/\">CONT\u00c1CTENOS<\/a>.<\/p>\n\n\n\n<div style=\"height:39px\" aria-hidden=\"true\" class=\"wp-block-spacer\"><\/div>\n\n\n\n<h2 class=\"wp-block-heading alignwide has-text-align-center has-large-font-size\"><strong>Industrias<\/strong><\/h2>\n\n\n\n<div style=\"height:39px\" aria-hidden=\"true\" class=\"wp-block-spacer\"><\/div>\n\n\n\n<div class=\"wp-block-columns is-layout-flex wp-container-core-columns-is-layout-9d6595d7 wp-block-columns-is-layout-flex\">\n<div class=\"wp-block-column is-layout-flow wp-block-column-is-layout-flow\"><div class=\"wp-block-image is-style-default\">\n<figure class=\"aligncenter size-large\"><a href=\"https:\/\/www.pcimembranes.com\/es\/industrias\/alimentos-y-bebidas\/\"><img loading=\"lazy\" decoding=\"async\" width=\"1024\" height=\"1024\" src=\"https:\/\/www.pcimembranes.com\/wp-content\/uploads\/2021\/10\/food_beverages-1024x1024.jpg\" alt=\"\" class=\"wp-image-3180\" srcset=\"https:\/\/www.pcimembranes.com\/wp-content\/uploads\/2021\/10\/food_beverages-1024x1024.jpg 1024w, https:\/\/www.pcimembranes.com\/wp-content\/uploads\/2021\/10\/food_beverages-300x300.jpg 300w, https:\/\/www.pcimembranes.com\/wp-content\/uploads\/2021\/10\/food_beverages-150x150.jpg 150w, https:\/\/www.pcimembranes.com\/wp-content\/uploads\/2021\/10\/food_beverages-768x768.jpg 768w, https:\/\/www.pcimembranes.com\/wp-content\/uploads\/2021\/10\/food_beverages-1536x1536.jpg 1536w, https:\/\/www.pcimembranes.com\/wp-content\/uploads\/2021\/10\/food_beverages-2048x2048.jpg 2048w\" sizes=\"auto, (max-width: 1024px) 100vw, 1024px\" \/><\/a><\/figure>\n<\/div>\n\n\n<p class=\"has-text-align-center\">Alimentaci\u00f3n y bebidas<\/p>\n<\/div>\n\n\n\n<div class=\"wp-block-column is-layout-flow wp-block-column-is-layout-flow\"><div class=\"wp-block-image is-style-default\">\n<figure class=\"aligncenter size-large\"><a href=\"https:\/\/www.pcimembranes.com\/es\/industrias\/biocombustible\/\"><img loading=\"lazy\" decoding=\"async\" width=\"1024\" height=\"1024\" src=\"https:\/\/www.pcimembranes.com\/wp-content\/uploads\/2021\/08\/Biofuel-1-1024x1024.jpg\" alt=\"\" class=\"wp-image-2710\" srcset=\"https:\/\/www.pcimembranes.com\/wp-content\/uploads\/2021\/08\/Biofuel-1-1024x1024.jpg 1024w, https:\/\/www.pcimembranes.com\/wp-content\/uploads\/2021\/08\/Biofuel-1-300x300.jpg 300w, https:\/\/www.pcimembranes.com\/wp-content\/uploads\/2021\/08\/Biofuel-1-150x150.jpg 150w, https:\/\/www.pcimembranes.com\/wp-content\/uploads\/2021\/08\/Biofuel-1-768x768.jpg 768w, https:\/\/www.pcimembranes.com\/wp-content\/uploads\/2021\/08\/Biofuel-1-1536x1536.jpg 1536w, https:\/\/www.pcimembranes.com\/wp-content\/uploads\/2021\/08\/Biofuel-1-2048x2048.jpg 2048w\" sizes=\"auto, (max-width: 1024px) 100vw, 1024px\" \/><\/a><\/figure>\n<\/div>\n\n\n<p class=\"has-text-align-center\">Biocombustible<\/p>\n<\/div>\n\n\n\n<div class=\"wp-block-column is-layout-flow wp-block-column-is-layout-flow\"><div class=\"wp-block-image is-style-default\">\n<figure class=\"aligncenter size-large\"><a href=\"https:\/\/www.pcimembranes.com\/es\/industrias\/tratamiento-de-aguas\/\"><img loading=\"lazy\" decoding=\"async\" width=\"1024\" height=\"1024\" src=\"https:\/\/www.pcimembranes.com\/wp-content\/uploads\/2021\/07\/water_2-1-1024x1024.jpg\" alt=\"\" class=\"wp-image-2314\" srcset=\"https:\/\/www.pcimembranes.com\/wp-content\/uploads\/2021\/07\/water_2-1-1024x1024.jpg 1024w, https:\/\/www.pcimembranes.com\/wp-content\/uploads\/2021\/07\/water_2-1-300x300.jpg 300w, https:\/\/www.pcimembranes.com\/wp-content\/uploads\/2021\/07\/water_2-1-150x150.jpg 150w, https:\/\/www.pcimembranes.com\/wp-content\/uploads\/2021\/07\/water_2-1-768x768.jpg 768w, https:\/\/www.pcimembranes.com\/wp-content\/uploads\/2021\/07\/water_2-1-1536x1536.jpg 1536w, https:\/\/www.pcimembranes.com\/wp-content\/uploads\/2021\/07\/water_2-1-2048x2048.jpg 2048w\" sizes=\"auto, (max-width: 1024px) 100vw, 1024px\" \/><\/a><\/figure>\n<\/div>\n\n\n<p class=\"has-text-align-center\">Tratamiento del agua<\/p>\n<\/div>\n\n\n\n<div class=\"wp-block-column is-layout-flow wp-block-column-is-layout-flow\"><div class=\"wp-block-image is-style-default\">\n<figure class=\"aligncenter size-large\"><a href=\"https:\/\/www.pcimembranes.com\/es\/industrias\/pulpa-y-papel\/\"><img loading=\"lazy\" decoding=\"async\" width=\"1024\" height=\"1024\" src=\"https:\/\/www.pcimembranes.com\/wp-content\/uploads\/2021\/10\/pulp-paper-1024x1024.jpg\" alt=\"\" class=\"wp-image-3178\" srcset=\"https:\/\/www.pcimembranes.com\/wp-content\/uploads\/2021\/10\/pulp-paper-1024x1024.jpg 1024w, https:\/\/www.pcimembranes.com\/wp-content\/uploads\/2021\/10\/pulp-paper-300x300.jpg 300w, https:\/\/www.pcimembranes.com\/wp-content\/uploads\/2021\/10\/pulp-paper-150x150.jpg 150w, https:\/\/www.pcimembranes.com\/wp-content\/uploads\/2021\/10\/pulp-paper-768x768.jpg 768w, https:\/\/www.pcimembranes.com\/wp-content\/uploads\/2021\/10\/pulp-paper-1536x1536.jpg 1536w, https:\/\/www.pcimembranes.com\/wp-content\/uploads\/2021\/10\/pulp-paper-2048x2048.jpg 2048w\" sizes=\"auto, (max-width: 1024px) 100vw, 1024px\" \/><\/a><\/figure>\n<\/div>\n\n\n<p class=\"has-text-align-center\">Pulpa y papel<\/p>\n<\/div>\n<\/div>\n\n\n\n<div class=\"wp-block-columns is-layout-flex wp-container-core-columns-is-layout-9d6595d7 wp-block-columns-is-layout-flex\">\n<div class=\"wp-block-column is-layout-flow wp-block-column-is-layout-flow\"><div class=\"wp-block-image is-style-default\">\n<figure class=\"aligncenter size-large\"><a href=\"https:\/\/www.pcimembranes.com\/es\/industrias\/biorreactores-de-membrana-mbr\/\"><img loading=\"lazy\" decoding=\"async\" width=\"1024\" height=\"1024\" src=\"https:\/\/www.pcimembranes.com\/wp-content\/uploads\/2021\/07\/mbr_2-1-1024x1024.jpg\" alt=\"\" class=\"wp-image-2318\" srcset=\"https:\/\/www.pcimembranes.com\/wp-content\/uploads\/2021\/07\/mbr_2-1-1024x1024.jpg 1024w, https:\/\/www.pcimembranes.com\/wp-content\/uploads\/2021\/07\/mbr_2-1-300x300.jpg 300w, https:\/\/www.pcimembranes.com\/wp-content\/uploads\/2021\/07\/mbr_2-1-150x150.jpg 150w, https:\/\/www.pcimembranes.com\/wp-content\/uploads\/2021\/07\/mbr_2-1-768x768.jpg 768w, https:\/\/www.pcimembranes.com\/wp-content\/uploads\/2021\/07\/mbr_2-1-1536x1536.jpg 1536w, https:\/\/www.pcimembranes.com\/wp-content\/uploads\/2021\/07\/mbr_2-1-2048x2048.jpg 2048w\" sizes=\"auto, (max-width: 1024px) 100vw, 1024px\" \/><\/a><\/figure>\n<\/div>\n\n\n<p class=\"has-text-align-center\">MBR y tratamiento de aguas residuales<\/p>\n<\/div>\n\n\n\n<div class=\"wp-block-column is-layout-flow wp-block-column-is-layout-flow\"><div class=\"wp-block-image is-style-default\">\n<figure class=\"aligncenter size-large\"><a href=\"https:\/\/www.pcimembranes.com\/es\/industrias\/productos-quimicos-finos\/\"><img loading=\"lazy\" decoding=\"async\" width=\"1024\" height=\"1024\" src=\"https:\/\/www.pcimembranes.com\/wp-content\/uploads\/2021\/07\/chemicals_3-2-1024x1024.jpg\" alt=\"\" class=\"wp-image-2320\" srcset=\"https:\/\/www.pcimembranes.com\/wp-content\/uploads\/2021\/07\/chemicals_3-2-1024x1024.jpg 1024w, https:\/\/www.pcimembranes.com\/wp-content\/uploads\/2021\/07\/chemicals_3-2-300x300.jpg 300w, https:\/\/www.pcimembranes.com\/wp-content\/uploads\/2021\/07\/chemicals_3-2-150x150.jpg 150w, https:\/\/www.pcimembranes.com\/wp-content\/uploads\/2021\/07\/chemicals_3-2-768x768.jpg 768w, https:\/\/www.pcimembranes.com\/wp-content\/uploads\/2021\/07\/chemicals_3-2-1536x1536.jpg 1536w, https:\/\/www.pcimembranes.com\/wp-content\/uploads\/2021\/07\/chemicals_3-2-2048x2048.jpg 2048w\" sizes=\"auto, (max-width: 1024px) 100vw, 1024px\" \/><\/a><\/figure>\n<\/div>\n\n\n<p class=\"has-text-align-center\">Qu\u00edmica<\/p>\n<\/div>\n\n\n\n<div class=\"wp-block-column is-layout-flow wp-block-column-is-layout-flow\"><div class=\"wp-block-image is-style-default\">\n<figure class=\"aligncenter size-large\"><a href=\"https:\/\/www.pcimembranes.com\/es\/filtracion-por-membrana-para-textiles-y-colorantes\/\"><img loading=\"lazy\" decoding=\"async\" width=\"1024\" height=\"1024\" src=\"https:\/\/www.pcimembranes.com\/wp-content\/uploads\/2021\/08\/Textile-Dyestuff-1024x1024.jpg\" alt=\"\" class=\"wp-image-2714\" srcset=\"https:\/\/www.pcimembranes.com\/wp-content\/uploads\/2021\/08\/Textile-Dyestuff-1024x1024.jpg 1024w, https:\/\/www.pcimembranes.com\/wp-content\/uploads\/2021\/08\/Textile-Dyestuff-300x300.jpg 300w, https:\/\/www.pcimembranes.com\/wp-content\/uploads\/2021\/08\/Textile-Dyestuff-150x150.jpg 150w, https:\/\/www.pcimembranes.com\/wp-content\/uploads\/2021\/08\/Textile-Dyestuff-768x768.jpg 768w, https:\/\/www.pcimembranes.com\/wp-content\/uploads\/2021\/08\/Textile-Dyestuff-1536x1536.jpg 1536w, https:\/\/www.pcimembranes.com\/wp-content\/uploads\/2021\/08\/Textile-Dyestuff-2048x2048.jpg 2048w\" sizes=\"auto, (max-width: 1024px) 100vw, 1024px\" \/><\/a><\/figure>\n<\/div>\n\n\n<p class=\"has-text-align-center\">Textil y colorantes<\/p>\n<\/div>\n\n\n\n<div class=\"wp-block-column is-layout-flow wp-block-column-is-layout-flow\"><div class=\"wp-block-image is-style-default\">\n<figure class=\"aligncenter size-large\"><a href=\"https:\/\/www.pcimembranes.com\/es\/industrias\/nutraceuticos\/\"><img loading=\"lazy\" decoding=\"async\" width=\"1024\" height=\"1024\" src=\"https:\/\/www.pcimembranes.com\/wp-content\/uploads\/2021\/07\/Nutraceutical_Plants-1024x1024.jpg\" alt=\"\" class=\"wp-image-2332\" srcset=\"https:\/\/www.pcimembranes.com\/wp-content\/uploads\/2021\/07\/Nutraceutical_Plants-1024x1024.jpg 1024w, https:\/\/www.pcimembranes.com\/wp-content\/uploads\/2021\/07\/Nutraceutical_Plants-300x300.jpg 300w, https:\/\/www.pcimembranes.com\/wp-content\/uploads\/2021\/07\/Nutraceutical_Plants-150x150.jpg 150w, https:\/\/www.pcimembranes.com\/wp-content\/uploads\/2021\/07\/Nutraceutical_Plants-768x768.jpg 768w, https:\/\/www.pcimembranes.com\/wp-content\/uploads\/2021\/07\/Nutraceutical_Plants-1536x1536.jpg 1536w, https:\/\/www.pcimembranes.com\/wp-content\/uploads\/2021\/07\/Nutraceutical_Plants-2048x2048.jpg 2048w\" sizes=\"auto, (max-width: 1024px) 100vw, 1024px\" \/><\/a><\/figure>\n<\/div>\n\n\n<p class=\"has-text-align-center\">Farmac\u00e9utica y biotecnolog\u00eda<\/p>\n\n\n\n<p><\/p>\n<\/div>\n<\/div>\n\n\n\n<div class=\"wp-block-group\"><div class=\"wp-block-group__inner-container is-layout-flow wp-block-group-is-layout-flow\">\n<div class=\"wp-block-columns is-layout-flex wp-container-core-columns-is-layout-9d6595d7 wp-block-columns-is-layout-flex\">\n<div class=\"wp-block-column is-layout-flow wp-block-column-is-layout-flow\"><\/div>\n<\/div>\n<\/div><\/div>\n\n\n\n<p><\/p>\n","protected":false},"excerpt":{"rendered":"<p>HABLE CON UN EXPERTO Industrias PCI Membranes\u00ae se ha ganado una reputaci\u00f3n envidiable en torno a nuestra capacidad de ingenier\u00eda, productos de alta calidad, confiabilidad y enfoque basado en soluciones durante m\u00e1s de 50 a\u00f1os. Por lo cual hoy podemos ofrecer soluciones de procesos utilizando tecnolog\u00edas de Microfiltraci\u00f3n, Ultrafiltraci\u00f3n, Nanofiltraci\u00f3n y \u00d3smosis Inversa para una [&hellip;]<\/p>\n","protected":false},"author":9,"featured_media":0,"parent":0,"menu_order":0,"comment_status":"closed","ping_status":"closed","template":"","meta":{"_acf_changed":false,"content-type":"","footnotes":""},"class_list":["post-7450","page","type-page","status-publish","hentry"],"acf":[],"yoast_head":"<!-- This site is optimized with the Yoast SEO plugin v27.3 - https:\/\/yoast.com\/product\/yoast-seo-wordpress\/ -->\n<title>Industrias - PCI Membranes<\/title>\n<meta name=\"robots\" content=\"index, follow, max-snippet:-1, max-image-preview:large, max-video-preview:-1\" \/>\n<link rel=\"canonical\" href=\"https:\/\/www.pcimembranes.com\/es\/industrias\/\" \/>\n<meta property=\"og:locale\" content=\"es_ES\" \/>\n<meta property=\"og:type\" content=\"article\" \/>\n<meta property=\"og:title\" content=\"Industrias - PCI Membranes\" \/>\n<meta property=\"og:description\" content=\"HABLE CON UN EXPERTO Industrias PCI Membranes\u00ae se ha ganado una reputaci\u00f3n envidiable en torno a nuestra capacidad de ingenier\u00eda, productos de alta calidad, confiabilidad y enfoque basado en soluciones durante m\u00e1s de 50 a\u00f1os. Por lo cual hoy podemos ofrecer soluciones de procesos utilizando tecnolog\u00edas de Microfiltraci\u00f3n, Ultrafiltraci\u00f3n, Nanofiltraci\u00f3n y \u00d3smosis Inversa para una [&hellip;]\" \/>\n<meta property=\"og:url\" content=\"https:\/\/www.pcimembranes.com\/es\/industrias\/\" \/>\n<meta property=\"og:site_name\" content=\"PCI Membranes\" \/>\n<meta property=\"article:modified_time\" content=\"2025-07-25T13:28:34+00:00\" \/>\n<meta property=\"og:image\" content=\"https:\/\/www.pcimembranes.com\/wp-content\/uploads\/2021\/08\/industry-membrane-scaled.jpg\" \/>\n\t<meta property=\"og:image:width\" content=\"2560\" \/>\n\t<meta property=\"og:image:height\" content=\"1031\" \/>\n\t<meta property=\"og:image:type\" content=\"image\/jpeg\" \/>\n<meta name=\"twitter:card\" content=\"summary_large_image\" \/>\n<meta name=\"twitter:label1\" content=\"Tiempo de lectura\" \/>\n\t<meta name=\"twitter:data1\" content=\"3 minutos\" \/>\n<script type=\"application\/ld+json\" class=\"yoast-schema-graph\">{\"@context\":\"https:\\\/\\\/schema.org\",\"@graph\":[{\"@type\":\"WebPage\",\"@id\":\"https:\\\/\\\/www.pcimembranes.com\\\/es\\\/industrias\\\/\",\"url\":\"https:\\\/\\\/www.pcimembranes.com\\\/es\\\/industrias\\\/\",\"name\":\"Industrias - PCI Membranes\",\"isPartOf\":{\"@id\":\"https:\\\/\\\/www.pcimembranes.com\\\/es\\\/#website\"},\"primaryImageOfPage\":{\"@id\":\"https:\\\/\\\/www.pcimembranes.com\\\/es\\\/industrias\\\/#primaryimage\"},\"image\":{\"@id\":\"https:\\\/\\\/www.pcimembranes.com\\\/es\\\/industrias\\\/#primaryimage\"},\"thumbnailUrl\":\"https:\\\/\\\/www.pcimembranes.com\\\/wp-content\\\/uploads\\\/2021\\\/08\\\/industry-membrane-scaled.jpg\",\"datePublished\":\"2024-01-19T12:47:14+00:00\",\"dateModified\":\"2025-07-25T13:28:34+00:00\",\"breadcrumb\":{\"@id\":\"https:\\\/\\\/www.pcimembranes.com\\\/es\\\/industrias\\\/#breadcrumb\"},\"inLanguage\":\"es\",\"potentialAction\":[{\"@type\":\"ReadAction\",\"target\":[\"https:\\\/\\\/www.pcimembranes.com\\\/es\\\/industrias\\\/\"]}]},{\"@type\":\"ImageObject\",\"inLanguage\":\"es\",\"@id\":\"https:\\\/\\\/www.pcimembranes.com\\\/es\\\/industrias\\\/#primaryimage\",\"url\":\"https:\\\/\\\/www.pcimembranes.com\\\/wp-content\\\/uploads\\\/2021\\\/08\\\/industry-membrane-scaled.jpg\",\"contentUrl\":\"https:\\\/\\\/www.pcimembranes.com\\\/wp-content\\\/uploads\\\/2021\\\/08\\\/industry-membrane-scaled.jpg\"},{\"@type\":\"BreadcrumbList\",\"@id\":\"https:\\\/\\\/www.pcimembranes.com\\\/es\\\/industrias\\\/#breadcrumb\",\"itemListElement\":[{\"@type\":\"ListItem\",\"position\":1,\"name\":\"\",\"item\":\"https:\\\/\\\/www.pcimembranes.com\\\/es\\\/\"},{\"@type\":\"ListItem\",\"position\":2,\"name\":\"Industrias\"}]},{\"@type\":\"WebSite\",\"@id\":\"https:\\\/\\\/www.pcimembranes.com\\\/es\\\/#website\",\"url\":\"https:\\\/\\\/www.pcimembranes.com\\\/es\\\/\",\"name\":\"PCI Membranes\",\"description\":\"Making the World Safer, Healthier and More Productive\",\"publisher\":{\"@id\":\"https:\\\/\\\/www.pcimembranes.com\\\/es\\\/#organization\"},\"potentialAction\":[{\"@type\":\"SearchAction\",\"target\":{\"@type\":\"EntryPoint\",\"urlTemplate\":\"https:\\\/\\\/www.pcimembranes.com\\\/es\\\/?s={search_term_string}\"},\"query-input\":{\"@type\":\"PropertyValueSpecification\",\"valueRequired\":true,\"valueName\":\"search_term_string\"}}],\"inLanguage\":\"es\"},{\"@type\":\"Organization\",\"@id\":\"https:\\\/\\\/www.pcimembranes.com\\\/es\\\/#organization\",\"name\":\"Filtration Group\",\"url\":\"https:\\\/\\\/www.pcimembranes.com\\\/es\\\/\",\"logo\":{\"@type\":\"ImageObject\",\"inLanguage\":\"es\",\"@id\":\"https:\\\/\\\/www.pcimembranes.com\\\/es\\\/#\\\/schema\\\/logo\\\/image\\\/\",\"url\":\"https:\\\/\\\/www.pcimembranes.com\\\/wp-content\\\/uploads\\\/2019\\\/06\\\/FGC-logo-1.png\",\"contentUrl\":\"https:\\\/\\\/www.pcimembranes.com\\\/wp-content\\\/uploads\\\/2019\\\/06\\\/FGC-logo-1.png\",\"width\":1104,\"height\":224,\"caption\":\"Filtration Group\"},\"image\":{\"@id\":\"https:\\\/\\\/www.pcimembranes.com\\\/es\\\/#\\\/schema\\\/logo\\\/image\\\/\"}}]}<\/script>\n<!-- \/ Yoast SEO plugin. -->","yoast_head_json":{"title":"Industrias - PCI Membranes","robots":{"index":"index","follow":"follow","max-snippet":"max-snippet:-1","max-image-preview":"max-image-preview:large","max-video-preview":"max-video-preview:-1"},"canonical":"https:\/\/www.pcimembranes.com\/es\/industrias\/","og_locale":"es_ES","og_type":"article","og_title":"Industrias - PCI Membranes","og_description":"HABLE CON UN EXPERTO Industrias PCI Membranes\u00ae se ha ganado una reputaci\u00f3n envidiable en torno a nuestra capacidad de ingenier\u00eda, productos de alta calidad, confiabilidad y enfoque basado en soluciones durante m\u00e1s de 50 a\u00f1os. Por lo cual hoy podemos ofrecer soluciones de procesos utilizando tecnolog\u00edas de Microfiltraci\u00f3n, Ultrafiltraci\u00f3n, Nanofiltraci\u00f3n y \u00d3smosis Inversa para una [&hellip;]","og_url":"https:\/\/www.pcimembranes.com\/es\/industrias\/","og_site_name":"PCI Membranes","article_modified_time":"2025-07-25T13:28:34+00:00","og_image":[{"width":2560,"height":1031,"url":"https:\/\/www.pcimembranes.com\/wp-content\/uploads\/2021\/08\/industry-membrane-scaled.jpg","type":"image\/jpeg"}],"twitter_card":"summary_large_image","twitter_misc":{"Tiempo de lectura":"3 minutos"},"schema":{"@context":"https:\/\/schema.org","@graph":[{"@type":"WebPage","@id":"https:\/\/www.pcimembranes.com\/es\/industrias\/","url":"https:\/\/www.pcimembranes.com\/es\/industrias\/","name":"Industrias - PCI Membranes","isPartOf":{"@id":"https:\/\/www.pcimembranes.com\/es\/#website"},"primaryImageOfPage":{"@id":"https:\/\/www.pcimembranes.com\/es\/industrias\/#primaryimage"},"image":{"@id":"https:\/\/www.pcimembranes.com\/es\/industrias\/#primaryimage"},"thumbnailUrl":"https:\/\/www.pcimembranes.com\/wp-content\/uploads\/2021\/08\/industry-membrane-scaled.jpg","datePublished":"2024-01-19T12:47:14+00:00","dateModified":"2025-07-25T13:28:34+00:00","breadcrumb":{"@id":"https:\/\/www.pcimembranes.com\/es\/industrias\/#breadcrumb"},"inLanguage":"es","potentialAction":[{"@type":"ReadAction","target":["https:\/\/www.pcimembranes.com\/es\/industrias\/"]}]},{"@type":"ImageObject","inLanguage":"es","@id":"https:\/\/www.pcimembranes.com\/es\/industrias\/#primaryimage","url":"https:\/\/www.pcimembranes.com\/wp-content\/uploads\/2021\/08\/industry-membrane-scaled.jpg","contentUrl":"https:\/\/www.pcimembranes.com\/wp-content\/uploads\/2021\/08\/industry-membrane-scaled.jpg"},{"@type":"BreadcrumbList","@id":"https:\/\/www.pcimembranes.com\/es\/industrias\/#breadcrumb","itemListElement":[{"@type":"ListItem","position":1,"name":"","item":"https:\/\/www.pcimembranes.com\/es\/"},{"@type":"ListItem","position":2,"name":"Industrias"}]},{"@type":"WebSite","@id":"https:\/\/www.pcimembranes.com\/es\/#website","url":"https:\/\/www.pcimembranes.com\/es\/","name":"PCI Membranes","description":"Making the World Safer, Healthier and More Productive","publisher":{"@id":"https:\/\/www.pcimembranes.com\/es\/#organization"},"potentialAction":[{"@type":"SearchAction","target":{"@type":"EntryPoint","urlTemplate":"https:\/\/www.pcimembranes.com\/es\/?s={search_term_string}"},"query-input":{"@type":"PropertyValueSpecification","valueRequired":true,"valueName":"search_term_string"}}],"inLanguage":"es"},{"@type":"Organization","@id":"https:\/\/www.pcimembranes.com\/es\/#organization","name":"Filtration Group","url":"https:\/\/www.pcimembranes.com\/es\/","logo":{"@type":"ImageObject","inLanguage":"es","@id":"https:\/\/www.pcimembranes.com\/es\/#\/schema\/logo\/image\/","url":"https:\/\/www.pcimembranes.com\/wp-content\/uploads\/2019\/06\/FGC-logo-1.png","contentUrl":"https:\/\/www.pcimembranes.com\/wp-content\/uploads\/2019\/06\/FGC-logo-1.png","width":1104,"height":224,"caption":"Filtration Group"},"image":{"@id":"https:\/\/www.pcimembranes.com\/es\/#\/schema\/logo\/image\/"}}]}},"_links":{"self":[{"href":"https:\/\/www.pcimembranes.com\/es\/wp-json\/wp\/v2\/pages\/7450","targetHints":{"allow":["GET"]}}],"collection":[{"href":"https:\/\/www.pcimembranes.com\/es\/wp-json\/wp\/v2\/pages"}],"about":[{"href":"https:\/\/www.pcimembranes.com\/es\/wp-json\/wp\/v2\/types\/page"}],"author":[{"embeddable":true,"href":"https:\/\/www.pcimembranes.com\/es\/wp-json\/wp\/v2\/users\/9"}],"replies":[{"embeddable":true,"href":"https:\/\/www.pcimembranes.com\/es\/wp-json\/wp\/v2\/comments?post=7450"}],"version-history":[{"count":0,"href":"https:\/\/www.pcimembranes.com\/es\/wp-json\/wp\/v2\/pages\/7450\/revisions"}],"wp:attachment":[{"href":"https:\/\/www.pcimembranes.com\/es\/wp-json\/wp\/v2\/media?parent=7450"}],"curies":[{"name":"wp","href":"https:\/\/api.w.org\/{rel}","templated":true}]}}