{"id":7451,"date":"2024-01-19T12:50:47","date_gmt":"2024-01-19T12:50:47","guid":{"rendered":"https:\/\/www.pcimembranes.com\/?page_id=7451"},"modified":"2025-07-25T13:19:54","modified_gmt":"2025-07-25T13:19:54","slug":"biocombustible","status":"publish","type":"page","link":"https:\/\/www.pcimembranes.com\/es\/industrias\/biocombustible\/","title":{"rendered":"Biocombustible"},"content":{"rendered":"\n<div class=\"wp-block-cover alignfull is-light\" style=\"min-height:297px;aspect-ratio:unset;\"><img loading=\"lazy\" decoding=\"async\" width=\"1920\" height=\"2560\" class=\"wp-block-cover__image-background wp-image-2855\" alt=\"\" src=\"https:\/\/www.pcimembranes.com\/wp-content\/uploads\/2021\/08\/biofuel-2-scaled.jpg\" style=\"object-position:50% 45%\" data-object-fit=\"cover\" data-object-position=\"50% 45%\" srcset=\"https:\/\/www.pcimembranes.com\/wp-content\/uploads\/2021\/08\/biofuel-2-scaled.jpg 1920w, https:\/\/www.pcimembranes.com\/wp-content\/uploads\/2021\/08\/biofuel-2-225x300.jpg 225w, https:\/\/www.pcimembranes.com\/wp-content\/uploads\/2021\/08\/biofuel-2-768x1024.jpg 768w, https:\/\/www.pcimembranes.com\/wp-content\/uploads\/2021\/08\/biofuel-2-1152x1536.jpg 1152w, https:\/\/www.pcimembranes.com\/wp-content\/uploads\/2021\/08\/biofuel-2-1536x2048.jpg 1536w\" sizes=\"auto, (max-width: 1920px) 100vw, 1920px\" \/><span aria-hidden=\"true\" class=\"wp-block-cover__background has-background-dim-20 has-background-dim\"><\/span><div class=\"wp-block-cover__inner-container is-layout-flow wp-block-cover-is-layout-flow\">\n<h1 class=\"wp-block-heading has-text-align-center has-white-color has-text-color has-link-color wp-elements-5c08b9c9d1aa5eb44762909ffab09abb\">Biocombustible<\/h1>\n<\/div><\/div>\n\n\n\n<!--Close-->\t\n<\/div><\/div><\/section>\n<!--Menu-->\n<div class=\"no-top-margin\">\n<div class=\"msb-sticky-bar\">\n<div class=\"container\">\n  <div class=\"row\">\n    <div class=\"col-sm text-center\">\n      <a href=\"https:\/\/www.pcimembranes.com\/contactus\/\" class=\"btn btn-primary solution-trigger\">HABLE CON UN EXPERTO<\/a>\n    <\/div>\n  <\/div>\n<\/div>\n<\/div>\n<\/div>\n<!--Open-->\n<section class=\"container\"><div class=\"row\"><div class=\"col-md-12\">\n\n\n\n<h2 class=\"wp-block-heading\">Soluciones de energ\u00eda renovable<\/h2>\n\n\n\n<p>Durante las \u00faltimas tres d\u00e9cadas, el cambio clim\u00e1tico y sus efectos han ganado atenci\u00f3n mundial. La mayor\u00eda de las naciones l\u00edderes han acordado que se debe reducir las emision global de CO2 y que es necesario encontrar alternativas a los combustibles f\u00f3siles da\u00f1inos. Los cient\u00edficos de centros de investigaci\u00f3n y universidades est\u00e1n trabajando para desarrollar soluciones energ\u00e9ticas sostenibles para optimizar las tecnolog\u00edas energ\u00e9ticas actuales. Como resultado, se han desarrollado muchas tecnolog\u00edas energ\u00e9ticas sostenibles.<\/p>\n\n\n\n<p>Hasta hoy, las energ\u00edas solar y e\u00f3lica han demostrado ser las soluciones sostenibles m\u00e1s comunes. Debido al desarrollo de nuevas metodolog\u00edas, el uso de biocombustibles est\u00e1 aumentando. Esta nueva tecnolog\u00eda permite la conversi\u00f3n de biomasa en combustibles que pueden generar energ\u00eda. Los m\u00e1s reconocidos incluyen el bioetanol, el biodiesel y el biog\u00e1s.<\/p>\n\n\n\n<p>Los biocombustibles se clasifican en cuatro generaciones diferentes. Cada generaci\u00f3n se refiere a las materias primas de biomasa. La materia prima se define como cualquier material biol\u00f3gico renovable que puede usarse directamente como combustible o convertirse en otra forma de combustible o producto energ\u00e9tico. Los beneficios de los biocombustibles incluyen la gesti\u00f3n econ\u00f3mica, medioambiental, de almacenamiento y de residuos.<\/p>\n\n\n\n<p>Los biocombustibles de primera generaci\u00f3n se producen de las materias primas de biomasa que pueden utilizarse como alimento o residuos como aceite puro, az\u00facar, almid\u00f3n o residuos de aceite para fre\u00edr. Los ejemplos incluyen bioetanol, aceite vegetal puro, biodiesel y biog\u00e1s. La fermentaci\u00f3n y la transesterificaci\u00f3n se utilizan como procesos de conversi\u00f3n durante la producci\u00f3n de estos biocombustibles.<\/p>\n\n\n\n<p>Los biocombustibles de segunda generaci\u00f3n se producen de las materias primas que no se pueden utilizar como alimento, como el material lignocelul\u00f3sico. Estos tipos de biocombustibles son el bioetanol, los biocombustibles sint\u00e9ticos y el biog\u00e1s. Como procesos de conversaci\u00f3n durante esta producci\u00f3n se utilizan la fermentaci\u00f3n, la gasificaci\u00f3n y la pir\u00f3lisis r\u00e1pida.<\/p>\n\n\n\n<p>Los biocombustibles de tercera generaci\u00f3n son una mejora directa de la segunda generaci\u00f3n. Por ejemplo, la atenci\u00f3n se centra en el material lignocelul\u00f3sico que produce la mayor conversi\u00f3n de biocombustibles, como las algas.<\/p>\n\n\n\n<p>En la cuarta generaci\u00f3n, las emisiones de CO2 se capturan y almacenan para utilizarlas como materia prima en las plantas destinadas a producir biocombustibles.<\/p>\n\n\n\n<p>La filtraci\u00f3n se puede utilizar en general para:<\/p>\n\n\n\n<ul class=\"wp-block-list has-light-gray-background-color has-background\">\n<li>eliminar el polietileno y otros pl\u00e1sticos del aceite animal<\/li>\n\n\n\n<li>eliminar esteroles<\/li>\n\n\n\n<li>eliminar los gluc\u00f3sidos<\/li>\n\n\n\n<li>pretratar el aceite para que quede lo suficientemente limpio como para convertirlo en biodiesel<\/li>\n\n\n\n<li>blanquear el aceite animal<\/li>\n\n\n\n<li>eliminar el azufre del aceite animal<\/li>\n\n\n\n<li>eliminar las prote\u00ednas del aceite animal<\/li>\n\n\n\n<li>eliminar absorbentes como s\u00edlice<\/li>\n\n\n\n<li>eliminar f\u00f3sforo<\/li>\n\n\n\n<li>eliminar monoglic\u00e9rido<\/li>\n\n\n\n<li>eliminar tensiones<\/li>\n\n\n\n<li>eliminar ceras y enc\u00edas, lavar, secar y purificar productos finales como biodiesel y glicerina<\/li>\n\n\n\n<li>eliminar los hidrocarburos arom\u00e1ticos polic\u00edclicos (HAP)\u00bb<\/li>\n<\/ul>\n\n\n\n<div style=\"height:50px\" aria-hidden=\"true\" class=\"wp-block-spacer\"><\/div>\n\n\n\n<div style=\"height:50px\" aria-hidden=\"true\" class=\"wp-block-spacer\"><\/div>\n","protected":false},"excerpt":{"rendered":"<p>HABLE CON UN EXPERTO Soluciones de energ\u00eda renovable Durante las \u00faltimas tres d\u00e9cadas, el cambio clim\u00e1tico y sus efectos han ganado atenci\u00f3n mundial. La mayor\u00eda de las naciones l\u00edderes han acordado que se debe reducir las emision global de CO2 y que es necesario encontrar alternativas a los combustibles f\u00f3siles da\u00f1inos. Los cient\u00edficos de centros [&hellip;]<\/p>\n","protected":false},"author":9,"featured_media":0,"parent":7450,"menu_order":0,"comment_status":"closed","ping_status":"closed","template":"","meta":{"_acf_changed":false,"content-type":"","footnotes":""},"class_list":["post-7451","page","type-page","status-publish","hentry"],"acf":[],"yoast_head":"<!-- This site is optimized with the Yoast SEO plugin v27.3 - https:\/\/yoast.com\/product\/yoast-seo-wordpress\/ -->\n<title>Biocombustible - PCI Membranes<\/title>\n<meta name=\"robots\" content=\"index, follow, max-snippet:-1, max-image-preview:large, max-video-preview:-1\" \/>\n<link rel=\"canonical\" href=\"https:\/\/www.pcimembranes.com\/es\/industrias\/biocombustible\/\" \/>\n<meta property=\"og:locale\" content=\"es_ES\" \/>\n<meta property=\"og:type\" content=\"article\" \/>\n<meta property=\"og:title\" content=\"Biocombustible - PCI Membranes\" \/>\n<meta property=\"og:description\" content=\"HABLE CON UN EXPERTO Soluciones de energ\u00eda renovable Durante las \u00faltimas tres d\u00e9cadas, el cambio clim\u00e1tico y sus efectos han ganado atenci\u00f3n mundial. La mayor\u00eda de las naciones l\u00edderes han acordado que se debe reducir las emision global de CO2 y que es necesario encontrar alternativas a los combustibles f\u00f3siles da\u00f1inos. Los cient\u00edficos de centros [&hellip;]\" \/>\n<meta property=\"og:url\" content=\"https:\/\/www.pcimembranes.com\/es\/industrias\/biocombustible\/\" \/>\n<meta property=\"og:site_name\" content=\"PCI Membranes\" \/>\n<meta property=\"article:modified_time\" content=\"2025-07-25T13:19:54+00:00\" \/>\n<meta property=\"og:image\" content=\"https:\/\/www.pcimembranes.com\/wp-content\/uploads\/2021\/08\/biofuel-2-scaled.jpg\" \/>\n\t<meta property=\"og:image:width\" content=\"1920\" \/>\n\t<meta property=\"og:image:height\" content=\"2560\" \/>\n\t<meta property=\"og:image:type\" content=\"image\/jpeg\" \/>\n<meta name=\"twitter:card\" content=\"summary_large_image\" \/>\n<script type=\"application\/ld+json\" class=\"yoast-schema-graph\">{\"@context\":\"https:\\\/\\\/schema.org\",\"@graph\":[{\"@type\":\"WebPage\",\"@id\":\"https:\\\/\\\/www.pcimembranes.com\\\/es\\\/industrias\\\/biocombustible\\\/\",\"url\":\"https:\\\/\\\/www.pcimembranes.com\\\/es\\\/industrias\\\/biocombustible\\\/\",\"name\":\"Biocombustible - PCI Membranes\",\"isPartOf\":{\"@id\":\"https:\\\/\\\/www.pcimembranes.com\\\/es\\\/#website\"},\"primaryImageOfPage\":{\"@id\":\"https:\\\/\\\/www.pcimembranes.com\\\/es\\\/industrias\\\/biocombustible\\\/#primaryimage\"},\"image\":{\"@id\":\"https:\\\/\\\/www.pcimembranes.com\\\/es\\\/industrias\\\/biocombustible\\\/#primaryimage\"},\"thumbnailUrl\":\"https:\\\/\\\/www.pcimembranes.com\\\/wp-content\\\/uploads\\\/2021\\\/08\\\/biofuel-2-scaled.jpg\",\"datePublished\":\"2024-01-19T12:50:47+00:00\",\"dateModified\":\"2025-07-25T13:19:54+00:00\",\"breadcrumb\":{\"@id\":\"https:\\\/\\\/www.pcimembranes.com\\\/es\\\/industrias\\\/biocombustible\\\/#breadcrumb\"},\"inLanguage\":\"es\",\"potentialAction\":[{\"@type\":\"ReadAction\",\"target\":[\"https:\\\/\\\/www.pcimembranes.com\\\/es\\\/industrias\\\/biocombustible\\\/\"]}]},{\"@type\":\"ImageObject\",\"inLanguage\":\"es\",\"@id\":\"https:\\\/\\\/www.pcimembranes.com\\\/es\\\/industrias\\\/biocombustible\\\/#primaryimage\",\"url\":\"https:\\\/\\\/www.pcimembranes.com\\\/wp-content\\\/uploads\\\/2021\\\/08\\\/biofuel-2-scaled.jpg\",\"contentUrl\":\"https:\\\/\\\/www.pcimembranes.com\\\/wp-content\\\/uploads\\\/2021\\\/08\\\/biofuel-2-scaled.jpg\"},{\"@type\":\"BreadcrumbList\",\"@id\":\"https:\\\/\\\/www.pcimembranes.com\\\/es\\\/industrias\\\/biocombustible\\\/#breadcrumb\",\"itemListElement\":[{\"@type\":\"ListItem\",\"position\":1,\"name\":\"\",\"item\":\"https:\\\/\\\/www.pcimembranes.com\\\/es\\\/\"},{\"@type\":\"ListItem\",\"position\":2,\"name\":\"Industrias\",\"item\":\"https:\\\/\\\/www.pcimembranes.com\\\/es\\\/industrias\\\/\"},{\"@type\":\"ListItem\",\"position\":3,\"name\":\"Biocombustible\"}]},{\"@type\":\"WebSite\",\"@id\":\"https:\\\/\\\/www.pcimembranes.com\\\/es\\\/#website\",\"url\":\"https:\\\/\\\/www.pcimembranes.com\\\/es\\\/\",\"name\":\"PCI Membranes\",\"description\":\"Making the World Safer, Healthier and More Productive\",\"publisher\":{\"@id\":\"https:\\\/\\\/www.pcimembranes.com\\\/es\\\/#organization\"},\"potentialAction\":[{\"@type\":\"SearchAction\",\"target\":{\"@type\":\"EntryPoint\",\"urlTemplate\":\"https:\\\/\\\/www.pcimembranes.com\\\/es\\\/?s={search_term_string}\"},\"query-input\":{\"@type\":\"PropertyValueSpecification\",\"valueRequired\":true,\"valueName\":\"search_term_string\"}}],\"inLanguage\":\"es\"},{\"@type\":\"Organization\",\"@id\":\"https:\\\/\\\/www.pcimembranes.com\\\/es\\\/#organization\",\"name\":\"Filtration Group\",\"url\":\"https:\\\/\\\/www.pcimembranes.com\\\/es\\\/\",\"logo\":{\"@type\":\"ImageObject\",\"inLanguage\":\"es\",\"@id\":\"https:\\\/\\\/www.pcimembranes.com\\\/es\\\/#\\\/schema\\\/logo\\\/image\\\/\",\"url\":\"https:\\\/\\\/www.pcimembranes.com\\\/wp-content\\\/uploads\\\/2019\\\/06\\\/FGC-logo-1.png\",\"contentUrl\":\"https:\\\/\\\/www.pcimembranes.com\\\/wp-content\\\/uploads\\\/2019\\\/06\\\/FGC-logo-1.png\",\"width\":1104,\"height\":224,\"caption\":\"Filtration Group\"},\"image\":{\"@id\":\"https:\\\/\\\/www.pcimembranes.com\\\/es\\\/#\\\/schema\\\/logo\\\/image\\\/\"}}]}<\/script>\n<!-- \/ Yoast SEO plugin. -->","yoast_head_json":{"title":"Biocombustible - PCI Membranes","robots":{"index":"index","follow":"follow","max-snippet":"max-snippet:-1","max-image-preview":"max-image-preview:large","max-video-preview":"max-video-preview:-1"},"canonical":"https:\/\/www.pcimembranes.com\/es\/industrias\/biocombustible\/","og_locale":"es_ES","og_type":"article","og_title":"Biocombustible - PCI Membranes","og_description":"HABLE CON UN EXPERTO Soluciones de energ\u00eda renovable Durante las \u00faltimas tres d\u00e9cadas, el cambio clim\u00e1tico y sus efectos han ganado atenci\u00f3n mundial. La mayor\u00eda de las naciones l\u00edderes han acordado que se debe reducir las emision global de CO2 y que es necesario encontrar alternativas a los combustibles f\u00f3siles da\u00f1inos. Los cient\u00edficos de centros [&hellip;]","og_url":"https:\/\/www.pcimembranes.com\/es\/industrias\/biocombustible\/","og_site_name":"PCI Membranes","article_modified_time":"2025-07-25T13:19:54+00:00","og_image":[{"width":1920,"height":2560,"url":"https:\/\/www.pcimembranes.com\/wp-content\/uploads\/2021\/08\/biofuel-2-scaled.jpg","type":"image\/jpeg"}],"twitter_card":"summary_large_image","schema":{"@context":"https:\/\/schema.org","@graph":[{"@type":"WebPage","@id":"https:\/\/www.pcimembranes.com\/es\/industrias\/biocombustible\/","url":"https:\/\/www.pcimembranes.com\/es\/industrias\/biocombustible\/","name":"Biocombustible - PCI Membranes","isPartOf":{"@id":"https:\/\/www.pcimembranes.com\/es\/#website"},"primaryImageOfPage":{"@id":"https:\/\/www.pcimembranes.com\/es\/industrias\/biocombustible\/#primaryimage"},"image":{"@id":"https:\/\/www.pcimembranes.com\/es\/industrias\/biocombustible\/#primaryimage"},"thumbnailUrl":"https:\/\/www.pcimembranes.com\/wp-content\/uploads\/2021\/08\/biofuel-2-scaled.jpg","datePublished":"2024-01-19T12:50:47+00:00","dateModified":"2025-07-25T13:19:54+00:00","breadcrumb":{"@id":"https:\/\/www.pcimembranes.com\/es\/industrias\/biocombustible\/#breadcrumb"},"inLanguage":"es","potentialAction":[{"@type":"ReadAction","target":["https:\/\/www.pcimembranes.com\/es\/industrias\/biocombustible\/"]}]},{"@type":"ImageObject","inLanguage":"es","@id":"https:\/\/www.pcimembranes.com\/es\/industrias\/biocombustible\/#primaryimage","url":"https:\/\/www.pcimembranes.com\/wp-content\/uploads\/2021\/08\/biofuel-2-scaled.jpg","contentUrl":"https:\/\/www.pcimembranes.com\/wp-content\/uploads\/2021\/08\/biofuel-2-scaled.jpg"},{"@type":"BreadcrumbList","@id":"https:\/\/www.pcimembranes.com\/es\/industrias\/biocombustible\/#breadcrumb","itemListElement":[{"@type":"ListItem","position":1,"name":"","item":"https:\/\/www.pcimembranes.com\/es\/"},{"@type":"ListItem","position":2,"name":"Industrias","item":"https:\/\/www.pcimembranes.com\/es\/industrias\/"},{"@type":"ListItem","position":3,"name":"Biocombustible"}]},{"@type":"WebSite","@id":"https:\/\/www.pcimembranes.com\/es\/#website","url":"https:\/\/www.pcimembranes.com\/es\/","name":"PCI Membranes","description":"Making the World Safer, Healthier and More Productive","publisher":{"@id":"https:\/\/www.pcimembranes.com\/es\/#organization"},"potentialAction":[{"@type":"SearchAction","target":{"@type":"EntryPoint","urlTemplate":"https:\/\/www.pcimembranes.com\/es\/?s={search_term_string}"},"query-input":{"@type":"PropertyValueSpecification","valueRequired":true,"valueName":"search_term_string"}}],"inLanguage":"es"},{"@type":"Organization","@id":"https:\/\/www.pcimembranes.com\/es\/#organization","name":"Filtration Group","url":"https:\/\/www.pcimembranes.com\/es\/","logo":{"@type":"ImageObject","inLanguage":"es","@id":"https:\/\/www.pcimembranes.com\/es\/#\/schema\/logo\/image\/","url":"https:\/\/www.pcimembranes.com\/wp-content\/uploads\/2019\/06\/FGC-logo-1.png","contentUrl":"https:\/\/www.pcimembranes.com\/wp-content\/uploads\/2019\/06\/FGC-logo-1.png","width":1104,"height":224,"caption":"Filtration Group"},"image":{"@id":"https:\/\/www.pcimembranes.com\/es\/#\/schema\/logo\/image\/"}}]}},"_links":{"self":[{"href":"https:\/\/www.pcimembranes.com\/es\/wp-json\/wp\/v2\/pages\/7451","targetHints":{"allow":["GET"]}}],"collection":[{"href":"https:\/\/www.pcimembranes.com\/es\/wp-json\/wp\/v2\/pages"}],"about":[{"href":"https:\/\/www.pcimembranes.com\/es\/wp-json\/wp\/v2\/types\/page"}],"author":[{"embeddable":true,"href":"https:\/\/www.pcimembranes.com\/es\/wp-json\/wp\/v2\/users\/9"}],"replies":[{"embeddable":true,"href":"https:\/\/www.pcimembranes.com\/es\/wp-json\/wp\/v2\/comments?post=7451"}],"version-history":[{"count":0,"href":"https:\/\/www.pcimembranes.com\/es\/wp-json\/wp\/v2\/pages\/7451\/revisions"}],"up":[{"embeddable":true,"href":"https:\/\/www.pcimembranes.com\/es\/wp-json\/wp\/v2\/pages\/7450"}],"wp:attachment":[{"href":"https:\/\/www.pcimembranes.com\/es\/wp-json\/wp\/v2\/media?parent=7451"}],"curies":[{"name":"wp","href":"https:\/\/api.w.org\/{rel}","templated":true}]}}