{"id":7459,"date":"2024-01-19T17:15:47","date_gmt":"2024-01-19T17:15:47","guid":{"rendered":"https:\/\/www.pcimembranes.com\/?page_id=7459"},"modified":"2025-07-25T13:20:09","modified_gmt":"2025-07-25T13:20:09","slug":"productos-quimicos-finos","status":"publish","type":"page","link":"https:\/\/www.pcimembranes.com\/es\/industrias\/productos-quimicos-finos\/","title":{"rendered":"Productos qu\u00edmicos finos"},"content":{"rendered":"\n<div class=\"wp-block-cover alignfull is-light\" style=\"min-height:260px;aspect-ratio:unset;\"><img loading=\"lazy\" decoding=\"async\" width=\"2000\" height=\"667\" class=\"wp-block-cover__image-background wp-image-706\" alt=\"\" src=\"https:\/\/www.pcimembranes.com\/wp-content\/uploads\/2019\/10\/Chemicals-1-1.jpg\" data-object-fit=\"cover\" srcset=\"https:\/\/www.pcimembranes.com\/wp-content\/uploads\/2019\/10\/Chemicals-1-1.jpg 2000w, https:\/\/www.pcimembranes.com\/wp-content\/uploads\/2019\/10\/Chemicals-1-1-300x100.jpg 300w, https:\/\/www.pcimembranes.com\/wp-content\/uploads\/2019\/10\/Chemicals-1-1-768x256.jpg 768w, https:\/\/www.pcimembranes.com\/wp-content\/uploads\/2019\/10\/Chemicals-1-1-1024x342.jpg 1024w\" sizes=\"auto, (max-width: 2000px) 100vw, 2000px\" \/><span aria-hidden=\"true\" class=\"wp-block-cover__background has-background-dim\"><\/span><div class=\"wp-block-cover__inner-container is-layout-flow wp-block-cover-is-layout-flow\">\n<h1 class=\"wp-block-heading has-text-align-center has-white-color has-text-color has-link-color wp-elements-73373d4709bbba0b4d3b80db074a0d69\">Productos qu\u00edmicos finos<\/h1>\n<\/div><\/div>\n\n\n\n<!--Close-->\t\n<\/div><\/div><\/section>\n<!--Menu-->\n<div class=\"no-top-margin\">\n<div class=\"msb-sticky-bar\">\n<div class=\"container\">\n  <div class=\"row\">\n    <div class=\"col-sm text-center\">\n      <a href=\"https:\/\/www.pcimembranes.com\/contactus\/\" class=\"btn btn-primary solution-trigger\">HABLE CON UN EXPERTO<\/a>\n    <\/div>\n  <\/div>\n<\/div>\n<\/div>\n<\/div>\n<!--Open-->\n<section class=\"container\"><div class=\"row\"><div class=\"col-md-12\">\n\n\n\n<h2 class=\"wp-block-heading\">Tecnolog\u00eda de membranas para productos qu\u00edmicos<\/h2>\n\n\n\n<p>La industria qu\u00edmica es muy diversa y utiliza todas las principales tecnolog\u00edas de proceso. Sin embargo, est\u00e1 aumentando la demanda de una mayor calidad del producto, amortizaciones m\u00e1s cortas y costos operativos reducidos. A medida que la separaci\u00f3n de productos se vuelve m\u00e1s compleja, aumenta el uso de la tecnolog\u00eda de membranas. Este es particularmente el caso en la industria qu\u00edmica fina donde las membranas se utilizan en una variedad de aplicaciones, por ejemplo en la concentraci\u00f3n y desalinizaci\u00f3n de colorantes y blanqueadores \u00f3pticos.<\/p>\n\n\n\n<p>La tecnolog\u00eda de membrana tubular PCI se est\u00e1 desarrollando para satisfacer las demandas de la industria qu\u00edmica y se est\u00e1n produciendo nuevas membranas que pueden funcionar en condiciones m\u00e1s extremas, como altas temperaturas, pH alto\/bajo y son m\u00e1s resistentes a los disolventes.<\/p>\n\n\n\n<p>Continuamente se encuentran nuevas aplicaciones para membranas tubulares que ofrecen ventajas significativas sobre tecnolog\u00edas m\u00e1s convencionales y las aplicaciones clave son:<\/p>\n\n\n\n<ul class=\"wp-block-list\">\n<li>Recuperaci\u00f3n y fraccionamiento de lignosulfonatos.<\/li>\n\n\n\n<li>Concentraci\u00f3n de soles de s\u00edlice<\/li>\n\n\n\n<li>Concentraci\u00f3n, purificaci\u00f3n y desalaci\u00f3n de colorantes y pigmentos.<\/li>\n\n\n\n<li>Purificaci\u00f3n y concentraci\u00f3n de abrillantadores \u00f3pticos.<\/li>\n\n\n\n<li>Recuperaci\u00f3n de productos qu\u00edmicos de limpieza (Reco-Cip)<\/li>\n\n\n\n<li>Desalaci\u00f3n de tensioactivos<\/li>\n<\/ul>\n","protected":false},"excerpt":{"rendered":"<p>HABLE CON UN EXPERTO Tecnolog\u00eda de membranas para productos qu\u00edmicos La industria qu\u00edmica es muy diversa y utiliza todas las principales tecnolog\u00edas de proceso. Sin embargo, est\u00e1 aumentando la demanda de una mayor calidad del producto, amortizaciones m\u00e1s cortas y costos operativos reducidos. A medida que la separaci\u00f3n de productos se vuelve m\u00e1s compleja, aumenta [&hellip;]<\/p>\n","protected":false},"author":9,"featured_media":0,"parent":7450,"menu_order":0,"comment_status":"closed","ping_status":"closed","template":"","meta":{"_acf_changed":false,"content-type":"","footnotes":""},"class_list":["post-7459","page","type-page","status-publish","hentry"],"acf":[],"yoast_head":"<!-- This site is optimized with the Yoast SEO plugin v27.3 - https:\/\/yoast.com\/product\/yoast-seo-wordpress\/ -->\n<title>Productos qu\u00edmicos finos - PCI Membranes<\/title>\n<meta name=\"robots\" content=\"index, follow, max-snippet:-1, max-image-preview:large, max-video-preview:-1\" \/>\n<link rel=\"canonical\" href=\"https:\/\/www.pcimembranes.com\/es\/industrias\/productos-quimicos-finos\/\" \/>\n<meta property=\"og:locale\" content=\"es_ES\" \/>\n<meta property=\"og:type\" content=\"article\" \/>\n<meta property=\"og:title\" content=\"Productos qu\u00edmicos finos - PCI Membranes\" \/>\n<meta property=\"og:description\" content=\"HABLE CON UN EXPERTO Tecnolog\u00eda de membranas para productos qu\u00edmicos La industria qu\u00edmica es muy diversa y utiliza todas las principales tecnolog\u00edas de proceso. Sin embargo, est\u00e1 aumentando la demanda de una mayor calidad del producto, amortizaciones m\u00e1s cortas y costos operativos reducidos. A medida que la separaci\u00f3n de productos se vuelve m\u00e1s compleja, aumenta [&hellip;]\" \/>\n<meta property=\"og:url\" content=\"https:\/\/www.pcimembranes.com\/es\/industrias\/productos-quimicos-finos\/\" \/>\n<meta property=\"og:site_name\" content=\"PCI Membranes\" \/>\n<meta property=\"article:modified_time\" content=\"2025-07-25T13:20:09+00:00\" \/>\n<meta property=\"og:image\" content=\"https:\/\/www.pcimembranes.com\/wp-content\/uploads\/2019\/10\/Chemicals-1-1.jpg\" \/>\n\t<meta property=\"og:image:width\" content=\"2000\" \/>\n\t<meta property=\"og:image:height\" content=\"667\" \/>\n\t<meta property=\"og:image:type\" content=\"image\/jpeg\" \/>\n<meta name=\"twitter:card\" content=\"summary_large_image\" \/>\n<script type=\"application\/ld+json\" class=\"yoast-schema-graph\">{\"@context\":\"https:\\\/\\\/schema.org\",\"@graph\":[{\"@type\":\"WebPage\",\"@id\":\"https:\\\/\\\/www.pcimembranes.com\\\/es\\\/industrias\\\/productos-quimicos-finos\\\/\",\"url\":\"https:\\\/\\\/www.pcimembranes.com\\\/es\\\/industrias\\\/productos-quimicos-finos\\\/\",\"name\":\"Productos qu\u00edmicos finos - PCI Membranes\",\"isPartOf\":{\"@id\":\"https:\\\/\\\/www.pcimembranes.com\\\/es\\\/#website\"},\"primaryImageOfPage\":{\"@id\":\"https:\\\/\\\/www.pcimembranes.com\\\/es\\\/industrias\\\/productos-quimicos-finos\\\/#primaryimage\"},\"image\":{\"@id\":\"https:\\\/\\\/www.pcimembranes.com\\\/es\\\/industrias\\\/productos-quimicos-finos\\\/#primaryimage\"},\"thumbnailUrl\":\"https:\\\/\\\/www.pcimembranes.com\\\/wp-content\\\/uploads\\\/2019\\\/10\\\/Chemicals-1-1.jpg\",\"datePublished\":\"2024-01-19T17:15:47+00:00\",\"dateModified\":\"2025-07-25T13:20:09+00:00\",\"breadcrumb\":{\"@id\":\"https:\\\/\\\/www.pcimembranes.com\\\/es\\\/industrias\\\/productos-quimicos-finos\\\/#breadcrumb\"},\"inLanguage\":\"es\",\"potentialAction\":[{\"@type\":\"ReadAction\",\"target\":[\"https:\\\/\\\/www.pcimembranes.com\\\/es\\\/industrias\\\/productos-quimicos-finos\\\/\"]}]},{\"@type\":\"ImageObject\",\"inLanguage\":\"es\",\"@id\":\"https:\\\/\\\/www.pcimembranes.com\\\/es\\\/industrias\\\/productos-quimicos-finos\\\/#primaryimage\",\"url\":\"https:\\\/\\\/www.pcimembranes.com\\\/wp-content\\\/uploads\\\/2019\\\/10\\\/Chemicals-1-1.jpg\",\"contentUrl\":\"https:\\\/\\\/www.pcimembranes.com\\\/wp-content\\\/uploads\\\/2019\\\/10\\\/Chemicals-1-1.jpg\"},{\"@type\":\"BreadcrumbList\",\"@id\":\"https:\\\/\\\/www.pcimembranes.com\\\/es\\\/industrias\\\/productos-quimicos-finos\\\/#breadcrumb\",\"itemListElement\":[{\"@type\":\"ListItem\",\"position\":1,\"name\":\"\",\"item\":\"https:\\\/\\\/www.pcimembranes.com\\\/es\\\/\"},{\"@type\":\"ListItem\",\"position\":2,\"name\":\"Industrias\",\"item\":\"https:\\\/\\\/www.pcimembranes.com\\\/es\\\/industrias\\\/\"},{\"@type\":\"ListItem\",\"position\":3,\"name\":\"Productos qu\u00edmicos finos\"}]},{\"@type\":\"WebSite\",\"@id\":\"https:\\\/\\\/www.pcimembranes.com\\\/es\\\/#website\",\"url\":\"https:\\\/\\\/www.pcimembranes.com\\\/es\\\/\",\"name\":\"PCI Membranes\",\"description\":\"Making the World Safer, Healthier and More Productive\",\"publisher\":{\"@id\":\"https:\\\/\\\/www.pcimembranes.com\\\/es\\\/#organization\"},\"potentialAction\":[{\"@type\":\"SearchAction\",\"target\":{\"@type\":\"EntryPoint\",\"urlTemplate\":\"https:\\\/\\\/www.pcimembranes.com\\\/es\\\/?s={search_term_string}\"},\"query-input\":{\"@type\":\"PropertyValueSpecification\",\"valueRequired\":true,\"valueName\":\"search_term_string\"}}],\"inLanguage\":\"es\"},{\"@type\":\"Organization\",\"@id\":\"https:\\\/\\\/www.pcimembranes.com\\\/es\\\/#organization\",\"name\":\"Filtration Group\",\"url\":\"https:\\\/\\\/www.pcimembranes.com\\\/es\\\/\",\"logo\":{\"@type\":\"ImageObject\",\"inLanguage\":\"es\",\"@id\":\"https:\\\/\\\/www.pcimembranes.com\\\/es\\\/#\\\/schema\\\/logo\\\/image\\\/\",\"url\":\"https:\\\/\\\/www.pcimembranes.com\\\/wp-content\\\/uploads\\\/2019\\\/06\\\/FGC-logo-1.png\",\"contentUrl\":\"https:\\\/\\\/www.pcimembranes.com\\\/wp-content\\\/uploads\\\/2019\\\/06\\\/FGC-logo-1.png\",\"width\":1104,\"height\":224,\"caption\":\"Filtration Group\"},\"image\":{\"@id\":\"https:\\\/\\\/www.pcimembranes.com\\\/es\\\/#\\\/schema\\\/logo\\\/image\\\/\"}}]}<\/script>\n<!-- \/ Yoast SEO plugin. -->","yoast_head_json":{"title":"Productos qu\u00edmicos finos - PCI Membranes","robots":{"index":"index","follow":"follow","max-snippet":"max-snippet:-1","max-image-preview":"max-image-preview:large","max-video-preview":"max-video-preview:-1"},"canonical":"https:\/\/www.pcimembranes.com\/es\/industrias\/productos-quimicos-finos\/","og_locale":"es_ES","og_type":"article","og_title":"Productos qu\u00edmicos finos - PCI Membranes","og_description":"HABLE CON UN EXPERTO Tecnolog\u00eda de membranas para productos qu\u00edmicos La industria qu\u00edmica es muy diversa y utiliza todas las principales tecnolog\u00edas de proceso. Sin embargo, est\u00e1 aumentando la demanda de una mayor calidad del producto, amortizaciones m\u00e1s cortas y costos operativos reducidos. A medida que la separaci\u00f3n de productos se vuelve m\u00e1s compleja, aumenta [&hellip;]","og_url":"https:\/\/www.pcimembranes.com\/es\/industrias\/productos-quimicos-finos\/","og_site_name":"PCI Membranes","article_modified_time":"2025-07-25T13:20:09+00:00","og_image":[{"width":2000,"height":667,"url":"https:\/\/www.pcimembranes.com\/wp-content\/uploads\/2019\/10\/Chemicals-1-1.jpg","type":"image\/jpeg"}],"twitter_card":"summary_large_image","schema":{"@context":"https:\/\/schema.org","@graph":[{"@type":"WebPage","@id":"https:\/\/www.pcimembranes.com\/es\/industrias\/productos-quimicos-finos\/","url":"https:\/\/www.pcimembranes.com\/es\/industrias\/productos-quimicos-finos\/","name":"Productos qu\u00edmicos finos - PCI Membranes","isPartOf":{"@id":"https:\/\/www.pcimembranes.com\/es\/#website"},"primaryImageOfPage":{"@id":"https:\/\/www.pcimembranes.com\/es\/industrias\/productos-quimicos-finos\/#primaryimage"},"image":{"@id":"https:\/\/www.pcimembranes.com\/es\/industrias\/productos-quimicos-finos\/#primaryimage"},"thumbnailUrl":"https:\/\/www.pcimembranes.com\/wp-content\/uploads\/2019\/10\/Chemicals-1-1.jpg","datePublished":"2024-01-19T17:15:47+00:00","dateModified":"2025-07-25T13:20:09+00:00","breadcrumb":{"@id":"https:\/\/www.pcimembranes.com\/es\/industrias\/productos-quimicos-finos\/#breadcrumb"},"inLanguage":"es","potentialAction":[{"@type":"ReadAction","target":["https:\/\/www.pcimembranes.com\/es\/industrias\/productos-quimicos-finos\/"]}]},{"@type":"ImageObject","inLanguage":"es","@id":"https:\/\/www.pcimembranes.com\/es\/industrias\/productos-quimicos-finos\/#primaryimage","url":"https:\/\/www.pcimembranes.com\/wp-content\/uploads\/2019\/10\/Chemicals-1-1.jpg","contentUrl":"https:\/\/www.pcimembranes.com\/wp-content\/uploads\/2019\/10\/Chemicals-1-1.jpg"},{"@type":"BreadcrumbList","@id":"https:\/\/www.pcimembranes.com\/es\/industrias\/productos-quimicos-finos\/#breadcrumb","itemListElement":[{"@type":"ListItem","position":1,"name":"","item":"https:\/\/www.pcimembranes.com\/es\/"},{"@type":"ListItem","position":2,"name":"Industrias","item":"https:\/\/www.pcimembranes.com\/es\/industrias\/"},{"@type":"ListItem","position":3,"name":"Productos qu\u00edmicos finos"}]},{"@type":"WebSite","@id":"https:\/\/www.pcimembranes.com\/es\/#website","url":"https:\/\/www.pcimembranes.com\/es\/","name":"PCI Membranes","description":"Making the World Safer, Healthier and More Productive","publisher":{"@id":"https:\/\/www.pcimembranes.com\/es\/#organization"},"potentialAction":[{"@type":"SearchAction","target":{"@type":"EntryPoint","urlTemplate":"https:\/\/www.pcimembranes.com\/es\/?s={search_term_string}"},"query-input":{"@type":"PropertyValueSpecification","valueRequired":true,"valueName":"search_term_string"}}],"inLanguage":"es"},{"@type":"Organization","@id":"https:\/\/www.pcimembranes.com\/es\/#organization","name":"Filtration Group","url":"https:\/\/www.pcimembranes.com\/es\/","logo":{"@type":"ImageObject","inLanguage":"es","@id":"https:\/\/www.pcimembranes.com\/es\/#\/schema\/logo\/image\/","url":"https:\/\/www.pcimembranes.com\/wp-content\/uploads\/2019\/06\/FGC-logo-1.png","contentUrl":"https:\/\/www.pcimembranes.com\/wp-content\/uploads\/2019\/06\/FGC-logo-1.png","width":1104,"height":224,"caption":"Filtration Group"},"image":{"@id":"https:\/\/www.pcimembranes.com\/es\/#\/schema\/logo\/image\/"}}]}},"_links":{"self":[{"href":"https:\/\/www.pcimembranes.com\/es\/wp-json\/wp\/v2\/pages\/7459","targetHints":{"allow":["GET"]}}],"collection":[{"href":"https:\/\/www.pcimembranes.com\/es\/wp-json\/wp\/v2\/pages"}],"about":[{"href":"https:\/\/www.pcimembranes.com\/es\/wp-json\/wp\/v2\/types\/page"}],"author":[{"embeddable":true,"href":"https:\/\/www.pcimembranes.com\/es\/wp-json\/wp\/v2\/users\/9"}],"replies":[{"embeddable":true,"href":"https:\/\/www.pcimembranes.com\/es\/wp-json\/wp\/v2\/comments?post=7459"}],"version-history":[{"count":0,"href":"https:\/\/www.pcimembranes.com\/es\/wp-json\/wp\/v2\/pages\/7459\/revisions"}],"up":[{"embeddable":true,"href":"https:\/\/www.pcimembranes.com\/es\/wp-json\/wp\/v2\/pages\/7450"}],"wp:attachment":[{"href":"https:\/\/www.pcimembranes.com\/es\/wp-json\/wp\/v2\/media?parent=7459"}],"curies":[{"name":"wp","href":"https:\/\/api.w.org\/{rel}","templated":true}]}}