{"id":7466,"date":"2024-01-19T17:54:24","date_gmt":"2024-01-19T17:54:24","guid":{"rendered":"https:\/\/www.pcimembranes.com\/?page_id=7466"},"modified":"2025-07-25T13:17:46","modified_gmt":"2025-07-25T13:17:46","slug":"membranas-tubulares-serie-classic","status":"publish","type":"page","link":"https:\/\/www.pcimembranes.com\/es\/membranas-tubulares-serie-classic\/","title":{"rendered":"Membranas Tubulares Serie Classic"},"content":{"rendered":"\n<div class=\"wp-block-cover alignfull is-light\" style=\"min-height:260px;aspect-ratio:unset;\"><img decoding=\"async\" class=\"wp-block-cover__image-background wp-image-1334\" alt=\"\" src=\"https:\/\/www.zinga.com\/wp-content\/uploads\/2020\/08\/Gen2-Web-Banner-origional.jpg\" data-object-fit=\"cover\" \/><span aria-hidden=\"true\" class=\"wp-block-cover__background has-blue-background-color has-background-dim-10 has-background-dim\"><\/span><div class=\"wp-block-cover__inner-container is-layout-flow wp-block-cover-is-layout-flow\">\n<h1 class=\"wp-block-heading has-text-align-center has-white-color has-text-color has-link-color wp-elements-98521aaa17b8b6878a2650c71dc1bb64\"><strong><strong><strong>Membranas Tubulares Serie Classic<\/strong><\/strong><\/strong><\/h1>\n\n\n\n<\/div>\n\n\n\n<div style=\"height:30px\" aria-hidden=\"true\" class=\"wp-block-spacer\"><\/div>\n\n\n\n<p><\/p>\n<\/div><\/div>\n\n\n\n<!--Close-->\t\n<\/div><\/div><\/section>\n<!--Menu-->\n<div class=\"no-top-margin\">\n<div class=\"msb-sticky-bar\">\n<div class=\"container\">\n  <div class=\"row\">\n    <div class=\"col-sm text-center\">\n      <a href=\"https:\/\/www.pcimembranes.com\/contactus\/\" class=\"btn btn-primary solution-trigger\">HABLE CON UN EXPERTO<\/a>\n    <\/div>\n  <\/div>\n<\/div>\n<\/div>\n<\/div>\n<!--Open-->\n<section class=\"container\"><div class=\"row\"><div class=\"col-md-12\">\n\n\n\n<h1 class=\"wp-block-heading\"><strong>Tratamiento de Aguas Residuales<\/strong><\/h1>\n\n\n\n<div class=\"wp-block-media-text alignwide is-stacked-on-mobile is-vertically-aligned-top\" style=\"grid-template-columns:30% auto\"><figure class=\"wp-block-media-text__media\"><img loading=\"lazy\" decoding=\"async\" width=\"274\" height=\"256\" src=\"https:\/\/www.pcimembranes.com\/wp-content\/uploads\/2021\/03\/c10-photo.png\" alt=\"\" class=\"wp-image-1708 size-full\" \/><\/figure><div class=\"wp-block-media-text__content\">\n<p>El producto de membrana tubular de PCI Classic es muy adecuado para manejar alimentaciones acuosas con altos niveles de sustancias secas (hasta 40 000 ppm), altas viscosidades o altos grados de incrustaciones. Las membranas PCI Classic est\u00e1n disponibles en una amplia gama de membranas tubulares de Ultrafiltraci\u00f3n y \u00d3smosis Inversa. Construido en m\u00f3dulos de pl\u00e1stico y ofrecido en tres longitudes (2m, 3m y 6m).<\/p>\n<\/div><\/div>\n\n\n\n<h3 class=\"wp-block-heading\"><strong>Fichas T\u00e9cnicas de Membranas Tubulares Serie Classic<\/strong><\/h3>\n\n\n\n<div class=\"wp-block-buttons is-layout-flex wp-block-buttons-is-layout-flex\">\n<div class=\"wp-block-button\"><a class=\"wp-block-button__link has-light-gray-color has-green-background-color has-text-color has-background wp-element-button\" href=\"https:\/\/www.pcimembranes.com\/wp-content\/uploads\/2021\/03\/PCI-WFR0950-Classic-Reverse-Osmosis-Tubular-Membrane.pdf\" style=\"border-radius:2px\" target=\"_blank\" rel=\"noreferrer noopener\">FICHA T\u00c9CNICA DE RO CLASSIC WRF0950<\/a><\/div>\n\n\n\n<div class=\"wp-block-button\"><a class=\"wp-block-button__link has-light-gray-color has-green-background-color has-text-color has-background wp-element-button\" href=\"https:\/\/www.pcimembranes.com\/wp-content\/uploads\/2021\/03\/PCI-WFS0325-Classic-Ultrafiltration-Tubular-Membrane.pdf\" style=\"border-radius:2px\" target=\"_blank\" rel=\"noreferrer noopener\">FICHA T\u00c9CNICA DE UF CLASSIC WFS0325<\/a><\/div>\n\n\n\n<div class=\"wp-block-button\"><a class=\"wp-block-button__link has-light-gray-color has-green-background-color has-text-color has-background wp-element-button\" href=\"https:\/\/www.pcimembranes.com\/wp-content\/uploads\/2021\/03\/PCI-WFF0285-Classic-Ultrafiltration-Tubular-Membrane.pdf\" style=\"border-radius:2px\" target=\"_blank\" rel=\"noreferrer noopener\">FICHA T\u00c9CNICA DE UF CLASSIC WFF0285<\/a><\/div>\n\n\n\n<div class=\"wp-block-button\"><a class=\"wp-block-button__link has-light-gray-color has-green-background-color has-text-color has-background wp-element-button\" href=\"https:\/\/www.pcimembranes.com\/wp-content\/uploads\/2021\/03\/PCI-WFB0125-Classic-Ultrafiltration-Tubular-Membrane.pdf\" style=\"border-radius:2px\" target=\"_blank\" rel=\"noreferrer noopener\">FICHA T\u00c9CNICA DE UF CLASSIC WFB0125<\/a><\/div>\n\n\n\n<div class=\"wp-block-button\"><a class=\"wp-block-button__link has-light-gray-color has-green-background-color has-text-color has-background wp-element-button\" href=\"https:\/\/www.pcimembranes.com\/wp-content\/uploads\/2021\/03\/PCI-7P6-module.pdf\" style=\"border-radius:2px\">7P6 \u2013FICHA T\u00c9CNICA DEL M\u00d3DULO<\/a><\/div>\n<\/div>\n","protected":false},"excerpt":{"rendered":"<p>HABLE CON UN EXPERTO Tratamiento de Aguas Residuales El producto de membrana tubular de PCI Classic es muy adecuado para manejar alimentaciones acuosas con altos niveles de sustancias secas (hasta 40 000 ppm), altas viscosidades o altos grados de incrustaciones. Las membranas PCI Classic est\u00e1n disponibles en una amplia gama de membranas tubulares de Ultrafiltraci\u00f3n [&hellip;]<\/p>\n","protected":false},"author":9,"featured_media":0,"parent":0,"menu_order":0,"comment_status":"closed","ping_status":"closed","template":"","meta":{"_acf_changed":false,"content-type":"","footnotes":""},"class_list":["post-7466","page","type-page","status-publish","hentry"],"acf":[],"yoast_head":"<!-- This site is optimized with the Yoast SEO plugin v27.3 - https:\/\/yoast.com\/product\/yoast-seo-wordpress\/ -->\n<title>Membranas Tubulares Serie Classic - PCI Membranes<\/title>\n<meta name=\"robots\" content=\"index, follow, max-snippet:-1, max-image-preview:large, max-video-preview:-1\" \/>\n<link rel=\"canonical\" href=\"https:\/\/www.pcimembranes.com\/es\/membranas-tubulares-serie-classic\/\" \/>\n<meta property=\"og:locale\" content=\"es_ES\" \/>\n<meta property=\"og:type\" content=\"article\" \/>\n<meta property=\"og:title\" content=\"Membranas Tubulares Serie Classic - PCI Membranes\" \/>\n<meta property=\"og:description\" content=\"HABLE CON UN EXPERTO Tratamiento de Aguas Residuales El producto de membrana tubular de PCI Classic es muy adecuado para manejar alimentaciones acuosas con altos niveles de sustancias secas (hasta 40 000 ppm), altas viscosidades o altos grados de incrustaciones. Las membranas PCI Classic est\u00e1n disponibles en una amplia gama de membranas tubulares de Ultrafiltraci\u00f3n [&hellip;]\" \/>\n<meta property=\"og:url\" content=\"https:\/\/www.pcimembranes.com\/es\/membranas-tubulares-serie-classic\/\" \/>\n<meta property=\"og:site_name\" content=\"PCI Membranes\" \/>\n<meta property=\"article:modified_time\" content=\"2025-07-25T13:17:46+00:00\" \/>\n<meta name=\"twitter:card\" content=\"summary_large_image\" \/>\n<meta name=\"twitter:label1\" content=\"Tiempo de lectura\" \/>\n\t<meta name=\"twitter:data1\" content=\"1 minuto\" \/>\n<script type=\"application\/ld+json\" class=\"yoast-schema-graph\">{\"@context\":\"https:\\\/\\\/schema.org\",\"@graph\":[{\"@type\":\"WebPage\",\"@id\":\"https:\\\/\\\/www.pcimembranes.com\\\/es\\\/membranas-tubulares-serie-classic\\\/\",\"url\":\"https:\\\/\\\/www.pcimembranes.com\\\/es\\\/membranas-tubulares-serie-classic\\\/\",\"name\":\"Membranas Tubulares Serie Classic - PCI Membranes\",\"isPartOf\":{\"@id\":\"https:\\\/\\\/www.pcimembranes.com\\\/es\\\/#website\"},\"primaryImageOfPage\":{\"@id\":\"https:\\\/\\\/www.pcimembranes.com\\\/es\\\/membranas-tubulares-serie-classic\\\/#primaryimage\"},\"image\":{\"@id\":\"https:\\\/\\\/www.pcimembranes.com\\\/es\\\/membranas-tubulares-serie-classic\\\/#primaryimage\"},\"thumbnailUrl\":\"https:\\\/\\\/www.zinga.com\\\/wp-content\\\/uploads\\\/2020\\\/08\\\/Gen2-Web-Banner-origional.jpg\",\"datePublished\":\"2024-01-19T17:54:24+00:00\",\"dateModified\":\"2025-07-25T13:17:46+00:00\",\"breadcrumb\":{\"@id\":\"https:\\\/\\\/www.pcimembranes.com\\\/es\\\/membranas-tubulares-serie-classic\\\/#breadcrumb\"},\"inLanguage\":\"es\",\"potentialAction\":[{\"@type\":\"ReadAction\",\"target\":[\"https:\\\/\\\/www.pcimembranes.com\\\/es\\\/membranas-tubulares-serie-classic\\\/\"]}]},{\"@type\":\"ImageObject\",\"inLanguage\":\"es\",\"@id\":\"https:\\\/\\\/www.pcimembranes.com\\\/es\\\/membranas-tubulares-serie-classic\\\/#primaryimage\",\"url\":\"https:\\\/\\\/www.zinga.com\\\/wp-content\\\/uploads\\\/2020\\\/08\\\/Gen2-Web-Banner-origional.jpg\",\"contentUrl\":\"https:\\\/\\\/www.zinga.com\\\/wp-content\\\/uploads\\\/2020\\\/08\\\/Gen2-Web-Banner-origional.jpg\"},{\"@type\":\"BreadcrumbList\",\"@id\":\"https:\\\/\\\/www.pcimembranes.com\\\/es\\\/membranas-tubulares-serie-classic\\\/#breadcrumb\",\"itemListElement\":[{\"@type\":\"ListItem\",\"position\":1,\"name\":\"\",\"item\":\"https:\\\/\\\/www.pcimembranes.com\\\/es\\\/\"},{\"@type\":\"ListItem\",\"position\":2,\"name\":\"Membranas Tubulares Serie Classic\"}]},{\"@type\":\"WebSite\",\"@id\":\"https:\\\/\\\/www.pcimembranes.com\\\/es\\\/#website\",\"url\":\"https:\\\/\\\/www.pcimembranes.com\\\/es\\\/\",\"name\":\"PCI Membranes\",\"description\":\"Making the World Safer, Healthier and More Productive\",\"publisher\":{\"@id\":\"https:\\\/\\\/www.pcimembranes.com\\\/es\\\/#organization\"},\"potentialAction\":[{\"@type\":\"SearchAction\",\"target\":{\"@type\":\"EntryPoint\",\"urlTemplate\":\"https:\\\/\\\/www.pcimembranes.com\\\/es\\\/?s={search_term_string}\"},\"query-input\":{\"@type\":\"PropertyValueSpecification\",\"valueRequired\":true,\"valueName\":\"search_term_string\"}}],\"inLanguage\":\"es\"},{\"@type\":\"Organization\",\"@id\":\"https:\\\/\\\/www.pcimembranes.com\\\/es\\\/#organization\",\"name\":\"Filtration Group\",\"url\":\"https:\\\/\\\/www.pcimembranes.com\\\/es\\\/\",\"logo\":{\"@type\":\"ImageObject\",\"inLanguage\":\"es\",\"@id\":\"https:\\\/\\\/www.pcimembranes.com\\\/es\\\/#\\\/schema\\\/logo\\\/image\\\/\",\"url\":\"https:\\\/\\\/www.pcimembranes.com\\\/wp-content\\\/uploads\\\/2019\\\/06\\\/FGC-logo-1.png\",\"contentUrl\":\"https:\\\/\\\/www.pcimembranes.com\\\/wp-content\\\/uploads\\\/2019\\\/06\\\/FGC-logo-1.png\",\"width\":1104,\"height\":224,\"caption\":\"Filtration Group\"},\"image\":{\"@id\":\"https:\\\/\\\/www.pcimembranes.com\\\/es\\\/#\\\/schema\\\/logo\\\/image\\\/\"}}]}<\/script>\n<!-- \/ Yoast SEO plugin. -->","yoast_head_json":{"title":"Membranas Tubulares Serie Classic - PCI Membranes","robots":{"index":"index","follow":"follow","max-snippet":"max-snippet:-1","max-image-preview":"max-image-preview:large","max-video-preview":"max-video-preview:-1"},"canonical":"https:\/\/www.pcimembranes.com\/es\/membranas-tubulares-serie-classic\/","og_locale":"es_ES","og_type":"article","og_title":"Membranas Tubulares Serie Classic - PCI Membranes","og_description":"HABLE CON UN EXPERTO Tratamiento de Aguas Residuales El producto de membrana tubular de PCI Classic es muy adecuado para manejar alimentaciones acuosas con altos niveles de sustancias secas (hasta 40 000 ppm), altas viscosidades o altos grados de incrustaciones. Las membranas PCI Classic est\u00e1n disponibles en una amplia gama de membranas tubulares de Ultrafiltraci\u00f3n [&hellip;]","og_url":"https:\/\/www.pcimembranes.com\/es\/membranas-tubulares-serie-classic\/","og_site_name":"PCI Membranes","article_modified_time":"2025-07-25T13:17:46+00:00","twitter_card":"summary_large_image","twitter_misc":{"Tiempo de lectura":"1 minuto"},"schema":{"@context":"https:\/\/schema.org","@graph":[{"@type":"WebPage","@id":"https:\/\/www.pcimembranes.com\/es\/membranas-tubulares-serie-classic\/","url":"https:\/\/www.pcimembranes.com\/es\/membranas-tubulares-serie-classic\/","name":"Membranas Tubulares Serie Classic - PCI Membranes","isPartOf":{"@id":"https:\/\/www.pcimembranes.com\/es\/#website"},"primaryImageOfPage":{"@id":"https:\/\/www.pcimembranes.com\/es\/membranas-tubulares-serie-classic\/#primaryimage"},"image":{"@id":"https:\/\/www.pcimembranes.com\/es\/membranas-tubulares-serie-classic\/#primaryimage"},"thumbnailUrl":"https:\/\/www.zinga.com\/wp-content\/uploads\/2020\/08\/Gen2-Web-Banner-origional.jpg","datePublished":"2024-01-19T17:54:24+00:00","dateModified":"2025-07-25T13:17:46+00:00","breadcrumb":{"@id":"https:\/\/www.pcimembranes.com\/es\/membranas-tubulares-serie-classic\/#breadcrumb"},"inLanguage":"es","potentialAction":[{"@type":"ReadAction","target":["https:\/\/www.pcimembranes.com\/es\/membranas-tubulares-serie-classic\/"]}]},{"@type":"ImageObject","inLanguage":"es","@id":"https:\/\/www.pcimembranes.com\/es\/membranas-tubulares-serie-classic\/#primaryimage","url":"https:\/\/www.zinga.com\/wp-content\/uploads\/2020\/08\/Gen2-Web-Banner-origional.jpg","contentUrl":"https:\/\/www.zinga.com\/wp-content\/uploads\/2020\/08\/Gen2-Web-Banner-origional.jpg"},{"@type":"BreadcrumbList","@id":"https:\/\/www.pcimembranes.com\/es\/membranas-tubulares-serie-classic\/#breadcrumb","itemListElement":[{"@type":"ListItem","position":1,"name":"","item":"https:\/\/www.pcimembranes.com\/es\/"},{"@type":"ListItem","position":2,"name":"Membranas Tubulares Serie Classic"}]},{"@type":"WebSite","@id":"https:\/\/www.pcimembranes.com\/es\/#website","url":"https:\/\/www.pcimembranes.com\/es\/","name":"PCI Membranes","description":"Making the World Safer, Healthier and More Productive","publisher":{"@id":"https:\/\/www.pcimembranes.com\/es\/#organization"},"potentialAction":[{"@type":"SearchAction","target":{"@type":"EntryPoint","urlTemplate":"https:\/\/www.pcimembranes.com\/es\/?s={search_term_string}"},"query-input":{"@type":"PropertyValueSpecification","valueRequired":true,"valueName":"search_term_string"}}],"inLanguage":"es"},{"@type":"Organization","@id":"https:\/\/www.pcimembranes.com\/es\/#organization","name":"Filtration Group","url":"https:\/\/www.pcimembranes.com\/es\/","logo":{"@type":"ImageObject","inLanguage":"es","@id":"https:\/\/www.pcimembranes.com\/es\/#\/schema\/logo\/image\/","url":"https:\/\/www.pcimembranes.com\/wp-content\/uploads\/2019\/06\/FGC-logo-1.png","contentUrl":"https:\/\/www.pcimembranes.com\/wp-content\/uploads\/2019\/06\/FGC-logo-1.png","width":1104,"height":224,"caption":"Filtration Group"},"image":{"@id":"https:\/\/www.pcimembranes.com\/es\/#\/schema\/logo\/image\/"}}]}},"_links":{"self":[{"href":"https:\/\/www.pcimembranes.com\/es\/wp-json\/wp\/v2\/pages\/7466","targetHints":{"allow":["GET"]}}],"collection":[{"href":"https:\/\/www.pcimembranes.com\/es\/wp-json\/wp\/v2\/pages"}],"about":[{"href":"https:\/\/www.pcimembranes.com\/es\/wp-json\/wp\/v2\/types\/page"}],"author":[{"embeddable":true,"href":"https:\/\/www.pcimembranes.com\/es\/wp-json\/wp\/v2\/users\/9"}],"replies":[{"embeddable":true,"href":"https:\/\/www.pcimembranes.com\/es\/wp-json\/wp\/v2\/comments?post=7466"}],"version-history":[{"count":0,"href":"https:\/\/www.pcimembranes.com\/es\/wp-json\/wp\/v2\/pages\/7466\/revisions"}],"wp:attachment":[{"href":"https:\/\/www.pcimembranes.com\/es\/wp-json\/wp\/v2\/media?parent=7466"}],"curies":[{"name":"wp","href":"https:\/\/api.w.org\/{rel}","templated":true}]}}