{"id":8148,"date":"2024-12-17T04:07:05","date_gmt":"2024-12-17T04:07:05","guid":{"rendered":"https:\/\/www.pcimembranes.com\/?page_id=8148"},"modified":"2025-07-25T13:17:29","modified_gmt":"2025-07-25T13:17:29","slug":"series-k19","status":"publish","type":"page","link":"https:\/\/www.pcimembranes.com\/es\/series-k19\/","title":{"rendered":"Series K19"},"content":{"rendered":"\n<div class=\"wp-block-cover alignfull is-light\" style=\"min-height:259px;aspect-ratio:unset;\"><img loading=\"lazy\" decoding=\"async\" width=\"1400\" height=\"787\" class=\"wp-block-cover__image-background wp-image-2795\" alt=\"\" src=\"https:\/\/www.pcimembranes.com\/wp-content\/uploads\/2021\/08\/MicrosoftTeams-image-_2.jpg\" data-object-fit=\"cover\" srcset=\"https:\/\/www.pcimembranes.com\/wp-content\/uploads\/2021\/08\/MicrosoftTeams-image-_2.jpg 1400w, https:\/\/www.pcimembranes.com\/wp-content\/uploads\/2021\/08\/MicrosoftTeams-image-_2-300x169.jpg 300w, https:\/\/www.pcimembranes.com\/wp-content\/uploads\/2021\/08\/MicrosoftTeams-image-_2-1024x576.jpg 1024w, https:\/\/www.pcimembranes.com\/wp-content\/uploads\/2021\/08\/MicrosoftTeams-image-_2-768x432.jpg 768w\" sizes=\"auto, (max-width: 1400px) 100vw, 1400px\" \/><span aria-hidden=\"true\" class=\"wp-block-cover__background has-background-dim-10 has-background-dim\"><\/span><div class=\"wp-block-cover__inner-container is-layout-flow wp-block-cover-is-layout-flow\">\n<h1 class=\"wp-block-heading has-text-align-center has-white-color has-text-color has-link-color wp-elements-383f4636d456f9ba358b95886903a9bd\">M\u00f3dulos de membrana tubular serie K19<\/h1>\n<\/div><\/div>\n\n\n\n<!--Close-->\t\n<\/div><\/div><\/section>\n<!--Menu-->\n<div class=\"no-top-margin\">\n<div class=\"msb-sticky-bar\">\n<div class=\"container\">\n  <div class=\"row\">\n    <div class=\"col-sm text-center\">\n      <a href=\"https:\/\/www.pcimembranes.com\/contactus\/\" class=\"btn btn-primary solution-trigger\">HABLE CON UN EXPERTO<\/a>\n    <\/div>\n  <\/div>\n<\/div>\n<\/div>\n<\/div>\n<!--Open-->\n<section class=\"container\"><div class=\"row\"><div class=\"col-md-12\">\n\n\n\n<div class=\"wp-block-columns is-layout-flex wp-container-core-columns-is-layout-9d6595d7 wp-block-columns-is-layout-flex\">\n<div class=\"wp-block-column is-vertically-aligned-center is-layout-flow wp-block-column-is-layout-flow\" style=\"flex-basis:66.66%\">\n<p>La serie K19 est\u00e1 dise\u00f1ada para proporcionar el proceso de clarificaci\u00f3n de zumo m\u00e1s efectivo para una gran variedad de tipos de zumo. El dise\u00f1o del m\u00f3dulo de la serie K19 con membranas tubulares de PCI est\u00e1 disponible en una variedad de longitudes para las necesidades de las instalaciones industriales de producci\u00f3n de zumo. Hay disponibles m\u00f3dulos de menor longitud para reemplazar los sistemas existentes para los productores de zumo.<\/p>\n\n\n\n<p><strong>Las membranas est\u00e1n contenidas en una carcasa transparente sin el uso de BPA.<\/strong><\/p>\n<\/div>\n\n\n\n<div class=\"wp-block-column is-layout-flow wp-block-column-is-layout-flow\" style=\"flex-basis:33.33%\">\n<figure class=\"wp-block-image size-full\"><img loading=\"lazy\" decoding=\"async\" width=\"577\" height=\"433\" src=\"https:\/\/www.pcimembranes.com\/wp-content\/uploads\/2024\/07\/1__1_-removebg-preview.png\" alt=\"\" class=\"wp-image-7638\" srcset=\"https:\/\/www.pcimembranes.com\/wp-content\/uploads\/2024\/07\/1__1_-removebg-preview.png 577w, https:\/\/www.pcimembranes.com\/wp-content\/uploads\/2024\/07\/1__1_-removebg-preview-300x225.png 300w\" sizes=\"auto, (max-width: 577px) 100vw, 577px\" \/><\/figure>\n<\/div>\n<\/div>\n\n\n<div class=\"wp-block-image\">\n<figure class=\"aligncenter size-full\"><img loading=\"lazy\" decoding=\"async\" width=\"732\" height=\"324\" src=\"https:\/\/www.pcimembranes.com\/wp-content\/uploads\/2024\/07\/K19-sketch.png\" alt=\"\" class=\"wp-image-7644\" srcset=\"https:\/\/www.pcimembranes.com\/wp-content\/uploads\/2024\/07\/K19-sketch.png 732w, https:\/\/www.pcimembranes.com\/wp-content\/uploads\/2024\/07\/K19-sketch-300x133.png 300w\" sizes=\"auto, (max-width: 732px) 100vw, 732px\" \/><\/figure>\n<\/div>\n\n\n<div class=\"wp-block-columns is-layout-flex wp-container-core-columns-is-layout-9d6595d7 wp-block-columns-is-layout-flex\">\n<div class=\"wp-block-column is-layout-flow wp-block-column-is-layout-flow\"><\/div>\n\n\n\n<div class=\"wp-block-column is-layout-flow wp-block-column-is-layout-flow\"><\/div>\n<\/div>\n\n\n\n<div class=\"wp-block-columns has-2-columns is-layout-flex wp-container-core-columns-is-layout-9d6595d7 wp-block-columns-is-layout-flex\">\n<div class=\"wp-block-column is-layout-flow wp-block-column-is-layout-flow\"><\/div>\n\n\n\n<div class=\"wp-block-column is-layout-flow wp-block-column-is-layout-flow\"><\/div>\n<\/div>\n\n\n\n<div class=\"wp-block-cover alignfull is-light\" style=\"min-height:158px;aspect-ratio:unset;\"><img loading=\"lazy\" decoding=\"async\" width=\"2560\" height=\"783\" class=\"wp-block-cover__image-background wp-image-2879\" alt=\"\" src=\"https:\/\/www.pcimembranes.com\/wp-content\/uploads\/2021\/08\/banner-heading-3-scaled.jpg\" data-object-fit=\"cover\" srcset=\"https:\/\/www.pcimembranes.com\/wp-content\/uploads\/2021\/08\/banner-heading-3-scaled.jpg 2560w, https:\/\/www.pcimembranes.com\/wp-content\/uploads\/2021\/08\/banner-heading-3-300x92.jpg 300w, https:\/\/www.pcimembranes.com\/wp-content\/uploads\/2021\/08\/banner-heading-3-1024x313.jpg 1024w, https:\/\/www.pcimembranes.com\/wp-content\/uploads\/2021\/08\/banner-heading-3-768x235.jpg 768w, https:\/\/www.pcimembranes.com\/wp-content\/uploads\/2021\/08\/banner-heading-3-1536x470.jpg 1536w, https:\/\/www.pcimembranes.com\/wp-content\/uploads\/2021\/08\/banner-heading-3-2048x626.jpg 2048w\" sizes=\"auto, (max-width: 2560px) 100vw, 2560px\" \/><span aria-hidden=\"true\" class=\"wp-block-cover__background has-background-dim-10 has-background-dim\"><\/span><div class=\"wp-block-cover__inner-container is-layout-flow wp-block-cover-is-layout-flow\">\n<h2 class=\"wp-block-heading has-text-align-center\"><strong>Aplicaci\u00f3n<\/strong><\/h2>\n<\/div><\/div>\n\n\n\n<div class=\"wp-block-columns is-layout-flex wp-container-core-columns-is-layout-9d6595d7 wp-block-columns-is-layout-flex\">\n<div class=\"wp-block-column is-layout-flow wp-block-column-is-layout-flow\" style=\"flex-basis:66.66%\">\n<p>La serie K19 fue dise\u00f1ada para ofrecer una alternativa al A19 est\u00e1ndar, con una carcasa de acero inoxidable y un proceso de clarificaci\u00f3n de zumo eficiente para una amplia gama de variedades de zumo. Los m\u00f3dulos K19 est\u00e1n disponibles con una amplia gama de membranas con diferentes tama\u00f1os de poro para el producto. Filtraci\u00f3n de zumo claros u oscuros, lo que garantiza que se retengan las part\u00edculas m\u00e1s grandes y la turbidez, mientras que el color, el sabor y el aroma pasan al lado filtrado. <strong>El K19 es ideal para clarificar una amplia gama de zumos, incluidos naranja, manzana, pera, ar\u00e1ndano y uva. , bayas, zanahorias, a\u00e7ai, granadas y otras variedades de zumo ex\u00f3ticas.<\/strong><\/p>\n<\/div>\n\n\n\n<div class=\"wp-block-column is-layout-flow wp-block-column-is-layout-flow\" style=\"flex-basis:33.33%\">\n<figure class=\"wp-block-image size-large\"><img loading=\"lazy\" decoding=\"async\" width=\"1024\" height=\"768\" src=\"https:\/\/www.pcimembranes.com\/wp-content\/uploads\/2024\/07\/K19--1024x768.jpg\" alt=\"\" class=\"wp-image-7632\" srcset=\"https:\/\/www.pcimembranes.com\/wp-content\/uploads\/2024\/07\/K19--1024x768.jpg 1024w, https:\/\/www.pcimembranes.com\/wp-content\/uploads\/2024\/07\/K19--300x225.jpg 300w, https:\/\/www.pcimembranes.com\/wp-content\/uploads\/2024\/07\/K19--768x576.jpg 768w, https:\/\/www.pcimembranes.com\/wp-content\/uploads\/2024\/07\/K19--1536x1152.jpg 1536w, https:\/\/www.pcimembranes.com\/wp-content\/uploads\/2024\/07\/K19-.jpg 1600w\" sizes=\"auto, (max-width: 1024px) 100vw, 1024px\" \/><\/figure>\n<\/div>\n<\/div>\n\n\n\n<div class=\"wp-block-cover alignfull is-light\" style=\"min-height:158px;aspect-ratio:unset;\"><img loading=\"lazy\" decoding=\"async\" width=\"2560\" height=\"783\" class=\"wp-block-cover__image-background wp-image-2879\" alt=\"\" src=\"https:\/\/www.pcimembranes.com\/wp-content\/uploads\/2021\/08\/banner-heading-3-scaled.jpg\" data-object-fit=\"cover\" srcset=\"https:\/\/www.pcimembranes.com\/wp-content\/uploads\/2021\/08\/banner-heading-3-scaled.jpg 2560w, https:\/\/www.pcimembranes.com\/wp-content\/uploads\/2021\/08\/banner-heading-3-300x92.jpg 300w, https:\/\/www.pcimembranes.com\/wp-content\/uploads\/2021\/08\/banner-heading-3-1024x313.jpg 1024w, https:\/\/www.pcimembranes.com\/wp-content\/uploads\/2021\/08\/banner-heading-3-768x235.jpg 768w, https:\/\/www.pcimembranes.com\/wp-content\/uploads\/2021\/08\/banner-heading-3-1536x470.jpg 1536w, https:\/\/www.pcimembranes.com\/wp-content\/uploads\/2021\/08\/banner-heading-3-2048x626.jpg 2048w\" sizes=\"auto, (max-width: 2560px) 100vw, 2560px\" \/><span aria-hidden=\"true\" class=\"wp-block-cover__background has-background-dim-10 has-background-dim\"><\/span><div class=\"wp-block-cover__inner-container is-layout-flow wp-block-cover-is-layout-flow\">\n<h2 class=\"wp-block-heading has-text-align-center\">Ventajas<\/h2>\n<\/div><\/div>\n\n\n\n<h3 class=\"wp-block-heading\">1. Mayor sostenibilidad y eficiencia ambiental gracias al uso de materiales libres de BPA.<\/h3>\n\n\n\n<p>El m\u00f3dulo K19 est\u00e1 dise\u00f1ado con un material de cobertura libre de BPA. El BPA es una sustancia qu\u00edmica da\u00f1ina que puede llegar a los alimentos y bebidas, lo que plantea riesgos para la salud, como alterar las hormonas y aumentar el riesgo de algunos tipos de c\u00e1ncer. Los materiales libres de BPA eliminan este riesgo, garantizando un consumo m\u00e1s seguro de jugos procesados. Las membranas sin BPA a menudo incorporan materiales y tecnolog\u00edas avanzados que pueden mejorar la efectividad y eficiencia del procesamiento de jugo, como una filtraci\u00f3n mejorada y una mayor longevidad de la membrana.<\/p>\n\n\n\n<h3 class=\"wp-block-heading\">2. Construcci\u00f3n robusta<\/h3>\n\n\n\n<p>Debido a su construcci\u00f3n robusta, las membranas tubulares no experimentar\u00e1n explosiones, lo que puede ser un problema con otros fabricantes de membranas con una resistencia a la presi\u00f3n un 12% mayor que ellas.<\/p>\n\n\n\n<h3 class=\"wp-block-heading\">3. Membranas de PVDF producidas espec\u00edficamente para trabajar con zumos de frutas y verduras<\/h3>\n\n\n\n<p>A continuaci\u00f3n se muestra un resumen de las principales membranas utilizadas para la clarificaci\u00f3n de zumos.<\/p>\n\n\n\n<figure class=\"wp-block-table\"><table><tbody><tr><td>Membranas<\/td><td>Especificar<\/td><td>Caracter\u00edstica de retenci\u00f3n nominal<\/td><\/tr><tr><td>FPU10<\/td><td>Ultrafiltraci\u00f3n<\/td><td>100 kDa<\/td><\/tr><tr><td>FPU20<\/td><td>Ultrafiltraci\u00f3n<\/td><td>200 kDa<\/td><\/tr><tr><td>LPU450<\/td><td>Ultrafiltraci\u00f3n<\/td><td>450 kDa<\/td><\/tr><tr><td>LMU02<\/td><td>Microfiltraci\u00f3n<\/td><td>0.2 \u00b5m<\/td><\/tr><\/tbody><\/table><\/figure>\n\n\n\n<p>Solo para zumo de manzana, recomendamos utilizar la nuestras membranas tubulares FPU10 UF con un MWCO (l\u00edmite de peso molecular &#8211; Cut-Off) de 100 kDa. Esto permite obtener un color muy claro del zumo de manzana clarificado, manteniendo un producto de buena calidad, con baja turbiedad hasta un m\u00e1ximo de 0,5 NTU.<\/p>\n\n\n\n<p>La membrana UF m\u00e1s com\u00fanmente utilizada en aplicaciones de zumoss tiene un MWCO de 200 kDa. Para procesar zumos ligero, recomendamos utilizar nuestras membranas de ultrafiltraci\u00f3n tubulares FPU20.<\/p>\n\n\n\n<p>Para mayor flexibilidad, al manipular zumos claros y rosados, se pueden utilizar membranas tubulares LPU450 UF con un MWCO de 400-500 kDa.<\/p>\n\n\n\n<p>Para jugos oscuros, recomendamos utilizar nuestras membranas tubulares MF LMU02 con un tama\u00f1o de poro nominal de 0,2 \u00b5m. Estas membranas tienen una superficie con m\u00e1s poros abiertos que las membranas LPU450. Esto ayudar\u00e1 a mantener el color y mantener un producto de buena calidad, con baja turbidez.<\/p>\n\n\n\n<p>Gu\u00eda de selecci\u00f3n de membranas:<\/p>\n\n\n\n<figure class=\"wp-block-table\"><table><tbody><tr><td>Clasificaci\u00f3n de zumos<\/td><td>Tipo de membranas<\/td><td>Ventajas<\/td><td>Observaciones<\/td><\/tr><tr><td>Claro: solo manzana<\/td><td>FPU10<\/td><td>Producto de alta calidad y baja turbidez: m\u00e1ximo 0,5 NTU<\/td><td>Recomendado solo para jugo de manzana.<\/td><\/tr><tr><td>claro<\/td><td>FPU20<\/td><td>Producto de alta calidad y baja turbidez: menos de 1 NTU<\/td><td>Ofrece flexibilidad en t\u00e9rminos de programaci\u00f3n de producci\u00f3n cuando se utilizan diferentes tipos de zumos.<\/td><\/tr><tr><td>Rosa<\/td><td>LPU450<\/td><td>Producto de alta calidad y baja turbidez: menos de 1 NTU<\/td><td>Asegurar un color intenso del zumo clarificado.<\/td><\/tr><tr><td>Oscuro<\/td><td>LMU02<\/td><td>Producto de alta calidad y baja turbidez<\/td><td>No apto para zumos de manzana o de colores claros<\/td><\/tr><\/tbody><\/table><\/figure>\n\n\n\n<h3 class=\"wp-block-heading\">4. Ahorros significativos en costos operativos<\/h3>\n\n\n\n<h4 class=\"wp-block-heading\"><strong>Mayores tasas de recuperaci\u00f3n y rendimientos.<\/strong><\/h4>\n\n\n\n<p>Las presiones operativas m\u00e1s altas permiten mejores tasas de recuperaci\u00f3n, alcanzando una recuperaci\u00f3n del 90% al 95% dependiendo del nivel de s\u00f3lidos. Esto significa que se produce m\u00e1s zumo por lote, lo que genera mayores retornos econ\u00f3micos. Si bien no se proporcionan valores monetarios exactos para el zumo recuperado, el aumento en el rendimiento es evidente en la mayor cantidad de galones, latas o cartones generados a partir del mismo lote de zumo crudo.<\/p>\n\n\n\n<h4 class=\"wp-block-heading\"><strong>Transici\u00f3n rentable<\/strong><\/h4>\n\n\n\n<p>Para las empresas que luchan por afrontar el gasto de capital de actualizar a las opciones A19\/acero inoxidable, el K19 ofrece una soluci\u00f3n OPEX viable. Actualizar a presiones m\u00e1s altas con el K19 no requiere un gasto de capital significativo, lo que lo convierte en una ruta de actualizaci\u00f3n eficiente.<\/p>\n\n\n\n<h4 class=\"wp-block-heading\"><strong>Reducir el tiempo de inactividad y los costos laborales<\/strong><\/h4>\n\n\n\n<p>\u00bfEst\u00e1s cansado de costosos cortes de energ\u00eda? Las membranas de nuestros competidores promedian 90 minutos de tiempo de inactividad por incidente, lo que cuesta tiempo y materiales valiosos para reparar el sistema, lo que resulta en p\u00e9rdidas financieras significativas. Nuestras membranas K19 se han sometido a pruebas exhaustivas y no han mostrado problemas, lo que garantiza operaciones perfectas y maximiza la productividad. \u00a1Transforme sus operaciones hoy!<\/p>\n\n\n\n<h3 class=\"wp-block-heading\">5. Personalizaci\u00f3n y control de flujo<\/h3>\n\n\n\n<p>La membrana K19 permite un control preciso del flujo de permeado. Al elegir sellos de tama\u00f1o adecuado y volumen de flujo cruzado, el equipo de aplicaci\u00f3n puede optimizar el rendimiento del sistema. Los sellos de permeado PCI aumentan el volumen de flujo cruzado en estos \u00faltimos m\u00f3dulos, lo que ayuda a mejorar la eficiencia del sistema.<\/p>\n\n\n\n<div style=\"height:30px\" aria-hidden=\"true\" class=\"wp-block-spacer\"><\/div>\n\n\n\n<div class=\"wp-block-cover alignfull is-light\" style=\"min-height:158px;aspect-ratio:unset;\"><img loading=\"lazy\" decoding=\"async\" width=\"2560\" height=\"783\" class=\"wp-block-cover__image-background wp-image-2879\" alt=\"\" src=\"https:\/\/www.pcimembranes.com\/wp-content\/uploads\/2021\/08\/banner-heading-3-scaled.jpg\" data-object-fit=\"cover\" srcset=\"https:\/\/www.pcimembranes.com\/wp-content\/uploads\/2021\/08\/banner-heading-3-scaled.jpg 2560w, https:\/\/www.pcimembranes.com\/wp-content\/uploads\/2021\/08\/banner-heading-3-300x92.jpg 300w, https:\/\/www.pcimembranes.com\/wp-content\/uploads\/2021\/08\/banner-heading-3-1024x313.jpg 1024w, https:\/\/www.pcimembranes.com\/wp-content\/uploads\/2021\/08\/banner-heading-3-768x235.jpg 768w, https:\/\/www.pcimembranes.com\/wp-content\/uploads\/2021\/08\/banner-heading-3-1536x470.jpg 1536w, https:\/\/www.pcimembranes.com\/wp-content\/uploads\/2021\/08\/banner-heading-3-2048x626.jpg 2048w\" sizes=\"auto, (max-width: 2560px) 100vw, 2560px\" \/><span aria-hidden=\"true\" class=\"wp-block-cover__background has-background-dim-10 has-background-dim\"><\/span><div class=\"wp-block-cover__inner-container is-layout-flow wp-block-cover-is-layout-flow\">\n<h2 class=\"wp-block-heading has-text-align-center\">Ficha T\u00e9cnica<\/h2>\n<\/div><\/div>\n\n\n\n<figure class=\"wp-block-table\"><table><tbody><tr><td>Ficha t\u00e9cnica de la membrana K19<\/td><td><a href=\"https:\/\/www.pcimembranes.com\/wp-content\/uploads\/2024\/07\/K19-Series-datasheet-2.pdf\" target=\"_blank\" rel=\"noreferrer noopener\">DESCARGAR<\/a><\/td><\/tr><\/tbody><\/table><\/figure>\n\n\n\n<p><\/p>\n","protected":false},"excerpt":{"rendered":"<p>HABLE CON UN EXPERTO La serie K19 est\u00e1 dise\u00f1ada para proporcionar el proceso de clarificaci\u00f3n de zumo m\u00e1s efectivo para una gran variedad de tipos de zumo. El dise\u00f1o del m\u00f3dulo de la serie K19 con membranas tubulares de PCI est\u00e1 disponible en una variedad de longitudes para las necesidades de las instalaciones industriales de [&hellip;]<\/p>\n","protected":false},"author":9,"featured_media":0,"parent":0,"menu_order":0,"comment_status":"closed","ping_status":"closed","template":"","meta":{"_acf_changed":false,"content-type":"","footnotes":""},"class_list":["post-8148","page","type-page","status-publish","hentry"],"acf":[],"yoast_head":"<!-- This site is optimized with the Yoast SEO plugin v27.3 - https:\/\/yoast.com\/product\/yoast-seo-wordpress\/ -->\n<title>Series K19 - PCI Membranes<\/title>\n<meta name=\"robots\" content=\"index, follow, max-snippet:-1, max-image-preview:large, max-video-preview:-1\" \/>\n<link rel=\"canonical\" href=\"https:\/\/www.pcimembranes.com\/es\/series-k19\/\" \/>\n<meta property=\"og:locale\" content=\"es_ES\" \/>\n<meta property=\"og:type\" content=\"article\" \/>\n<meta property=\"og:title\" content=\"Series K19 - PCI Membranes\" \/>\n<meta property=\"og:description\" content=\"HABLE CON UN EXPERTO La serie K19 est\u00e1 dise\u00f1ada para proporcionar el proceso de clarificaci\u00f3n de zumo m\u00e1s efectivo para una gran variedad de tipos de zumo. El dise\u00f1o del m\u00f3dulo de la serie K19 con membranas tubulares de PCI est\u00e1 disponible en una variedad de longitudes para las necesidades de las instalaciones industriales de [&hellip;]\" \/>\n<meta property=\"og:url\" content=\"https:\/\/www.pcimembranes.com\/es\/series-k19\/\" \/>\n<meta property=\"og:site_name\" content=\"PCI Membranes\" \/>\n<meta property=\"article:modified_time\" content=\"2025-07-25T13:17:29+00:00\" \/>\n<meta property=\"og:image\" content=\"https:\/\/www.pcimembranes.com\/wp-content\/uploads\/2021\/08\/MicrosoftTeams-image-_2.jpg\" \/>\n\t<meta property=\"og:image:width\" content=\"1400\" \/>\n\t<meta property=\"og:image:height\" content=\"787\" \/>\n\t<meta property=\"og:image:type\" content=\"image\/jpeg\" \/>\n<meta name=\"twitter:card\" content=\"summary_large_image\" \/>\n<meta name=\"twitter:label1\" content=\"Tiempo de lectura\" \/>\n\t<meta name=\"twitter:data1\" content=\"6 minutos\" \/>\n<script type=\"application\/ld+json\" class=\"yoast-schema-graph\">{\"@context\":\"https:\\\/\\\/schema.org\",\"@graph\":[{\"@type\":\"WebPage\",\"@id\":\"https:\\\/\\\/www.pcimembranes.com\\\/es\\\/series-k19\\\/\",\"url\":\"https:\\\/\\\/www.pcimembranes.com\\\/es\\\/series-k19\\\/\",\"name\":\"Series K19 - PCI Membranes\",\"isPartOf\":{\"@id\":\"https:\\\/\\\/www.pcimembranes.com\\\/es\\\/#website\"},\"primaryImageOfPage\":{\"@id\":\"https:\\\/\\\/www.pcimembranes.com\\\/es\\\/series-k19\\\/#primaryimage\"},\"image\":{\"@id\":\"https:\\\/\\\/www.pcimembranes.com\\\/es\\\/series-k19\\\/#primaryimage\"},\"thumbnailUrl\":\"https:\\\/\\\/www.pcimembranes.com\\\/wp-content\\\/uploads\\\/2021\\\/08\\\/MicrosoftTeams-image-_2.jpg\",\"datePublished\":\"2024-12-17T04:07:05+00:00\",\"dateModified\":\"2025-07-25T13:17:29+00:00\",\"breadcrumb\":{\"@id\":\"https:\\\/\\\/www.pcimembranes.com\\\/es\\\/series-k19\\\/#breadcrumb\"},\"inLanguage\":\"es\",\"potentialAction\":[{\"@type\":\"ReadAction\",\"target\":[\"https:\\\/\\\/www.pcimembranes.com\\\/es\\\/series-k19\\\/\"]}]},{\"@type\":\"ImageObject\",\"inLanguage\":\"es\",\"@id\":\"https:\\\/\\\/www.pcimembranes.com\\\/es\\\/series-k19\\\/#primaryimage\",\"url\":\"https:\\\/\\\/www.pcimembranes.com\\\/wp-content\\\/uploads\\\/2021\\\/08\\\/MicrosoftTeams-image-_2.jpg\",\"contentUrl\":\"https:\\\/\\\/www.pcimembranes.com\\\/wp-content\\\/uploads\\\/2021\\\/08\\\/MicrosoftTeams-image-_2.jpg\"},{\"@type\":\"BreadcrumbList\",\"@id\":\"https:\\\/\\\/www.pcimembranes.com\\\/es\\\/series-k19\\\/#breadcrumb\",\"itemListElement\":[{\"@type\":\"ListItem\",\"position\":1,\"name\":\"\",\"item\":\"https:\\\/\\\/www.pcimembranes.com\\\/es\\\/\"},{\"@type\":\"ListItem\",\"position\":2,\"name\":\"Series K19\"}]},{\"@type\":\"WebSite\",\"@id\":\"https:\\\/\\\/www.pcimembranes.com\\\/es\\\/#website\",\"url\":\"https:\\\/\\\/www.pcimembranes.com\\\/es\\\/\",\"name\":\"PCI Membranes\",\"description\":\"Making the World Safer, Healthier and More Productive\",\"publisher\":{\"@id\":\"https:\\\/\\\/www.pcimembranes.com\\\/es\\\/#organization\"},\"potentialAction\":[{\"@type\":\"SearchAction\",\"target\":{\"@type\":\"EntryPoint\",\"urlTemplate\":\"https:\\\/\\\/www.pcimembranes.com\\\/es\\\/?s={search_term_string}\"},\"query-input\":{\"@type\":\"PropertyValueSpecification\",\"valueRequired\":true,\"valueName\":\"search_term_string\"}}],\"inLanguage\":\"es\"},{\"@type\":\"Organization\",\"@id\":\"https:\\\/\\\/www.pcimembranes.com\\\/es\\\/#organization\",\"name\":\"Filtration Group\",\"url\":\"https:\\\/\\\/www.pcimembranes.com\\\/es\\\/\",\"logo\":{\"@type\":\"ImageObject\",\"inLanguage\":\"es\",\"@id\":\"https:\\\/\\\/www.pcimembranes.com\\\/es\\\/#\\\/schema\\\/logo\\\/image\\\/\",\"url\":\"https:\\\/\\\/www.pcimembranes.com\\\/wp-content\\\/uploads\\\/2019\\\/06\\\/FGC-logo-1.png\",\"contentUrl\":\"https:\\\/\\\/www.pcimembranes.com\\\/wp-content\\\/uploads\\\/2019\\\/06\\\/FGC-logo-1.png\",\"width\":1104,\"height\":224,\"caption\":\"Filtration Group\"},\"image\":{\"@id\":\"https:\\\/\\\/www.pcimembranes.com\\\/es\\\/#\\\/schema\\\/logo\\\/image\\\/\"}}]}<\/script>\n<!-- \/ Yoast SEO plugin. -->","yoast_head_json":{"title":"Series K19 - PCI Membranes","robots":{"index":"index","follow":"follow","max-snippet":"max-snippet:-1","max-image-preview":"max-image-preview:large","max-video-preview":"max-video-preview:-1"},"canonical":"https:\/\/www.pcimembranes.com\/es\/series-k19\/","og_locale":"es_ES","og_type":"article","og_title":"Series K19 - PCI Membranes","og_description":"HABLE CON UN EXPERTO La serie K19 est\u00e1 dise\u00f1ada para proporcionar el proceso de clarificaci\u00f3n de zumo m\u00e1s efectivo para una gran variedad de tipos de zumo. El dise\u00f1o del m\u00f3dulo de la serie K19 con membranas tubulares de PCI est\u00e1 disponible en una variedad de longitudes para las necesidades de las instalaciones industriales de [&hellip;]","og_url":"https:\/\/www.pcimembranes.com\/es\/series-k19\/","og_site_name":"PCI Membranes","article_modified_time":"2025-07-25T13:17:29+00:00","og_image":[{"width":1400,"height":787,"url":"https:\/\/www.pcimembranes.com\/wp-content\/uploads\/2021\/08\/MicrosoftTeams-image-_2.jpg","type":"image\/jpeg"}],"twitter_card":"summary_large_image","twitter_misc":{"Tiempo de lectura":"6 minutos"},"schema":{"@context":"https:\/\/schema.org","@graph":[{"@type":"WebPage","@id":"https:\/\/www.pcimembranes.com\/es\/series-k19\/","url":"https:\/\/www.pcimembranes.com\/es\/series-k19\/","name":"Series K19 - PCI Membranes","isPartOf":{"@id":"https:\/\/www.pcimembranes.com\/es\/#website"},"primaryImageOfPage":{"@id":"https:\/\/www.pcimembranes.com\/es\/series-k19\/#primaryimage"},"image":{"@id":"https:\/\/www.pcimembranes.com\/es\/series-k19\/#primaryimage"},"thumbnailUrl":"https:\/\/www.pcimembranes.com\/wp-content\/uploads\/2021\/08\/MicrosoftTeams-image-_2.jpg","datePublished":"2024-12-17T04:07:05+00:00","dateModified":"2025-07-25T13:17:29+00:00","breadcrumb":{"@id":"https:\/\/www.pcimembranes.com\/es\/series-k19\/#breadcrumb"},"inLanguage":"es","potentialAction":[{"@type":"ReadAction","target":["https:\/\/www.pcimembranes.com\/es\/series-k19\/"]}]},{"@type":"ImageObject","inLanguage":"es","@id":"https:\/\/www.pcimembranes.com\/es\/series-k19\/#primaryimage","url":"https:\/\/www.pcimembranes.com\/wp-content\/uploads\/2021\/08\/MicrosoftTeams-image-_2.jpg","contentUrl":"https:\/\/www.pcimembranes.com\/wp-content\/uploads\/2021\/08\/MicrosoftTeams-image-_2.jpg"},{"@type":"BreadcrumbList","@id":"https:\/\/www.pcimembranes.com\/es\/series-k19\/#breadcrumb","itemListElement":[{"@type":"ListItem","position":1,"name":"","item":"https:\/\/www.pcimembranes.com\/es\/"},{"@type":"ListItem","position":2,"name":"Series K19"}]},{"@type":"WebSite","@id":"https:\/\/www.pcimembranes.com\/es\/#website","url":"https:\/\/www.pcimembranes.com\/es\/","name":"PCI Membranes","description":"Making the World Safer, Healthier and More Productive","publisher":{"@id":"https:\/\/www.pcimembranes.com\/es\/#organization"},"potentialAction":[{"@type":"SearchAction","target":{"@type":"EntryPoint","urlTemplate":"https:\/\/www.pcimembranes.com\/es\/?s={search_term_string}"},"query-input":{"@type":"PropertyValueSpecification","valueRequired":true,"valueName":"search_term_string"}}],"inLanguage":"es"},{"@type":"Organization","@id":"https:\/\/www.pcimembranes.com\/es\/#organization","name":"Filtration Group","url":"https:\/\/www.pcimembranes.com\/es\/","logo":{"@type":"ImageObject","inLanguage":"es","@id":"https:\/\/www.pcimembranes.com\/es\/#\/schema\/logo\/image\/","url":"https:\/\/www.pcimembranes.com\/wp-content\/uploads\/2019\/06\/FGC-logo-1.png","contentUrl":"https:\/\/www.pcimembranes.com\/wp-content\/uploads\/2019\/06\/FGC-logo-1.png","width":1104,"height":224,"caption":"Filtration Group"},"image":{"@id":"https:\/\/www.pcimembranes.com\/es\/#\/schema\/logo\/image\/"}}]}},"_links":{"self":[{"href":"https:\/\/www.pcimembranes.com\/es\/wp-json\/wp\/v2\/pages\/8148","targetHints":{"allow":["GET"]}}],"collection":[{"href":"https:\/\/www.pcimembranes.com\/es\/wp-json\/wp\/v2\/pages"}],"about":[{"href":"https:\/\/www.pcimembranes.com\/es\/wp-json\/wp\/v2\/types\/page"}],"author":[{"embeddable":true,"href":"https:\/\/www.pcimembranes.com\/es\/wp-json\/wp\/v2\/users\/9"}],"replies":[{"embeddable":true,"href":"https:\/\/www.pcimembranes.com\/es\/wp-json\/wp\/v2\/comments?post=8148"}],"version-history":[{"count":0,"href":"https:\/\/www.pcimembranes.com\/es\/wp-json\/wp\/v2\/pages\/8148\/revisions"}],"wp:attachment":[{"href":"https:\/\/www.pcimembranes.com\/es\/wp-json\/wp\/v2\/media?parent=8148"}],"curies":[{"name":"wp","href":"https:\/\/api.w.org\/{rel}","templated":true}]}}