{"id":7155,"date":"2024-01-04T10:24:24","date_gmt":"2024-01-04T10:24:24","guid":{"rendered":"https:\/\/www.pcimembranes.com\/?page_id=7155"},"modified":"2025-07-25T13:48:44","modified_gmt":"2025-07-25T13:48:44","slug":"produits-services","status":"publish","type":"page","link":"https:\/\/www.pcimembranes.com\/fr\/produits-services\/","title":{"rendered":"Produits &amp; Services"},"content":{"rendered":"\n<div class=\"wp-block-cover alignfull is-light\" style=\"min-height:289px;aspect-ratio:unset;\"><img loading=\"lazy\" decoding=\"async\" width=\"1400\" height=\"787\" class=\"wp-block-cover__image-background wp-image-2795\" alt=\"\" src=\"https:\/\/www.pcimembranes.com\/wp-content\/uploads\/2021\/08\/MicrosoftTeams-image-_2.jpg\" data-object-fit=\"cover\" srcset=\"https:\/\/www.pcimembranes.com\/wp-content\/uploads\/2021\/08\/MicrosoftTeams-image-_2.jpg 1400w, https:\/\/www.pcimembranes.com\/wp-content\/uploads\/2021\/08\/MicrosoftTeams-image-_2-300x169.jpg 300w, https:\/\/www.pcimembranes.com\/wp-content\/uploads\/2021\/08\/MicrosoftTeams-image-_2-1024x576.jpg 1024w, https:\/\/www.pcimembranes.com\/wp-content\/uploads\/2021\/08\/MicrosoftTeams-image-_2-768x432.jpg 768w\" sizes=\"auto, (max-width: 1400px) 100vw, 1400px\" \/><span aria-hidden=\"true\" class=\"wp-block-cover__background has-background-dim-20 has-background-dim\"><\/span><div class=\"wp-block-cover__inner-container is-layout-flow wp-block-cover-is-layout-flow\">\n<h1 class=\"wp-block-heading has-text-align-center has-white-color has-text-color has-link-color wp-elements-029e7ced24c98678fa184a1223a357ba\">Produits &amp; Services<\/h1>\n<\/div><\/div>\n\n\n\n<!--Close-->\t\n<\/div><\/div><\/section>\n<!--Menu-->\n<div class=\"no-top-margin\">\n<div class=\"msb-sticky-bar\">\n<div class=\"container\">\n  <div class=\"row\">\n    <div class=\"col-sm text-center\">\n      <a href=\"https:\/\/www.pcimembranes.com\/contactus\/\" class=\"btn btn-primary solution-trigger\">PARLER A UN EXPERT<\/a>\n    <\/div>\n  <\/div>\n<\/div>\n<\/div>\n<\/div>\n<!--Open-->\n<section class=\"container\"><div class=\"row\"><div class=\"col-md-12\">\n\n\n\n<p>Depuis plus de 50 ans, PCI Membranes\u00ae (une soci\u00e9t\u00e9 de Filtration Group\u00ae ) fabrique des membranes et des syst\u00e8mes membranaires.<\/p>\n\n\n\n<p>Nous proposons des solutions de process pour une grande vari\u00e9t\u00e9 d&rsquo;applications de filtration utilisant les technologies de microfiltration, d&rsquo;ultrafiltration, de nanofiltration et d&rsquo;osmose inverse. Notre expertise comprend les membranes tubulaires en polym\u00e8re ainsi que d&rsquo;autres configurations de membranes disponibles sur le march\u00e9 mondial (telles que les membranes spiral\u00e9es et les fibres creuses); nous pla\u00e7ant id\u00e9alement pour adapter une membrane \u00e0 une application sp\u00e9cifique.<\/p>\n\n\n\n<p>Nos membranes tubulaires ont l\u2019avantage de r\u00e9sister au blocage et \u00e0 l\u2019encrassement par des mati\u00e8res en suspension ou mati\u00e8res pr\u00e9cipit\u00e9es, avec pour cons\u00e9quence des exigences minimales de pr\u00e9traitement et une facilit\u00e9 de nettoyage (le nettoyage m\u00e9canique avec bille-\u00e9ponge de PCI Membranes\u00ae offre une alternative au nettoyage chimique). Gr\u00e2ce \u00e0 notre large gamme de produits, nous s\u00e9lectionnons le type de membrane le plus appropri\u00e9 pour chaque application, minimisant ainsi les investissements et les co\u00fbts de fonctionnement et maximisant les avantages pour nos clients.<\/p>\n\n\n\n<p>D\u00e9couvrez ci-dessous notre portefeuille de produits et nos services.<\/p>\n\n\n\n<div style=\"height:25px\" aria-hidden=\"true\" class=\"wp-block-spacer\"><\/div>\n\n\n\n<h2 class=\"wp-block-heading has-text-align-center\">NOS PRODUITS<\/h2>\n\n\n\n<div style=\"height:25px\" aria-hidden=\"true\" class=\"wp-block-spacer\"><\/div>\n\n\n\n<div class=\"wp-block-columns is-layout-flex wp-container-core-columns-is-layout-9d6595d7 wp-block-columns-is-layout-flex\">\n<div class=\"wp-block-column is-layout-flow wp-block-column-is-layout-flow\">\n<figure class=\"wp-block-image size-large\"><img loading=\"lazy\" decoding=\"async\" width=\"1024\" height=\"1024\" src=\"https:\/\/www.pcimembranes.com\/wp-content\/uploads\/2021\/10\/classic-membrane-new-cirlce-1024x1024.jpg\" alt=\"\" class=\"wp-image-3025\" srcset=\"https:\/\/www.pcimembranes.com\/wp-content\/uploads\/2021\/10\/classic-membrane-new-cirlce-1024x1024.jpg 1024w, https:\/\/www.pcimembranes.com\/wp-content\/uploads\/2021\/10\/classic-membrane-new-cirlce-300x300.jpg 300w, https:\/\/www.pcimembranes.com\/wp-content\/uploads\/2021\/10\/classic-membrane-new-cirlce-150x150.jpg 150w, https:\/\/www.pcimembranes.com\/wp-content\/uploads\/2021\/10\/classic-membrane-new-cirlce-768x768.jpg 768w, https:\/\/www.pcimembranes.com\/wp-content\/uploads\/2021\/10\/classic-membrane-new-cirlce-1536x1536.jpg 1536w, https:\/\/www.pcimembranes.com\/wp-content\/uploads\/2021\/10\/classic-membrane-new-cirlce-2048x2048.jpg 2048w\" sizes=\"auto, (max-width: 1024px) 100vw, 1024px\" \/><\/figure>\n\n\n\n<p class=\"has-text-align-center\"><strong>Membranes Tubulaires<\/strong><\/p>\n\n\n\n<div class=\"wp-block-buttons is-layout-flex wp-block-buttons-is-layout-flex\">\n<div class=\"wp-block-button has-custom-width wp-block-button__width-100\"><a class=\"wp-block-button__link has-background no-border-radius wp-element-button\" href=\"https:\/\/www.pcimembranes.com\/fr\/membranes-tubulaires\/\" style=\"background-color:#0085ca\">EN SAVOIR PLUS<\/a><\/div>\n<\/div>\n<\/div>\n\n\n\n<div class=\"wp-block-column is-layout-flow wp-block-column-is-layout-flow\">\n<figure class=\"wp-block-image size-large\"><img loading=\"lazy\" decoding=\"async\" width=\"1024\" height=\"1024\" src=\"https:\/\/www.pcimembranes.com\/wp-content\/uploads\/2021\/10\/spiracore-new-circle-1-1024x1024.jpg\" alt=\"\" class=\"wp-image-3023\" srcset=\"https:\/\/www.pcimembranes.com\/wp-content\/uploads\/2021\/10\/spiracore-new-circle-1-1024x1024.jpg 1024w, https:\/\/www.pcimembranes.com\/wp-content\/uploads\/2021\/10\/spiracore-new-circle-1-300x300.jpg 300w, https:\/\/www.pcimembranes.com\/wp-content\/uploads\/2021\/10\/spiracore-new-circle-1-150x150.jpg 150w, https:\/\/www.pcimembranes.com\/wp-content\/uploads\/2021\/10\/spiracore-new-circle-1-768x768.jpg 768w, https:\/\/www.pcimembranes.com\/wp-content\/uploads\/2021\/10\/spiracore-new-circle-1-1536x1536.jpg 1536w, https:\/\/www.pcimembranes.com\/wp-content\/uploads\/2021\/10\/spiracore-new-circle-1-2048x2048.jpg 2048w\" sizes=\"auto, (max-width: 1024px) 100vw, 1024px\" \/><\/figure>\n\n\n\n<p class=\"has-text-align-center\"><strong>Membranes Spiral\u00e9es<\/strong><\/p>\n\n\n\n<div class=\"wp-block-buttons is-layout-flex wp-block-buttons-is-layout-flex\">\n<div class=\"wp-block-button has-custom-width wp-block-button__width-100\"><a class=\"wp-block-button__link has-background no-border-radius wp-element-button\" href=\"https:\/\/www.pcimembranes.com\/fg-spira-core-membrane-elements\/\" style=\"background-color:#0085ca\">EN SAVOIR PLUS<\/a><\/div>\n<\/div>\n<\/div>\n\n\n\n<div class=\"wp-block-column is-layout-flow wp-block-column-is-layout-flow\">\n<figure class=\"wp-block-image size-large\"><img loading=\"lazy\" decoding=\"async\" width=\"1024\" height=\"1024\" src=\"https:\/\/www.pcimembranes.com\/wp-content\/uploads\/2021\/09\/hollow-fiber-1-1024x1024.jpg\" alt=\"\" class=\"wp-image-2913\" srcset=\"https:\/\/www.pcimembranes.com\/wp-content\/uploads\/2021\/09\/hollow-fiber-1-1024x1024.jpg 1024w, https:\/\/www.pcimembranes.com\/wp-content\/uploads\/2021\/09\/hollow-fiber-1-300x300.jpg 300w, https:\/\/www.pcimembranes.com\/wp-content\/uploads\/2021\/09\/hollow-fiber-1-150x150.jpg 150w, https:\/\/www.pcimembranes.com\/wp-content\/uploads\/2021\/09\/hollow-fiber-1-768x768.jpg 768w, https:\/\/www.pcimembranes.com\/wp-content\/uploads\/2021\/09\/hollow-fiber-1-1536x1536.jpg 1536w, https:\/\/www.pcimembranes.com\/wp-content\/uploads\/2021\/09\/hollow-fiber-1-2048x2048.jpg 2048w\" sizes=\"auto, (max-width: 1024px) 100vw, 1024px\" \/><\/figure>\n\n\n\n<p class=\"has-text-align-center\"><strong>Membranes Fibres Creuses<\/strong><\/p>\n\n\n\n<div class=\"wp-block-buttons is-layout-flex wp-block-buttons-is-layout-flex\">\n<div class=\"wp-block-button has-custom-width wp-block-button__width-100\"><a class=\"wp-block-button__link has-light-gray-color has-text-color has-background no-border-radius wp-element-button\" href=\"https:\/\/www.pcimembranes.com\/products\/pci-hollow-fibre-series\/\" style=\"background-color:#0085ca\">EN SAVOIR PLUS<\/a><\/div>\n<\/div>\n\n\n\n<p class=\"has-text-align-center\"><br><br><\/p>\n<\/div>\n<\/div>\n\n\n\n<h2 class=\"wp-block-heading has-text-align-center\">NOS SERVICES<\/h2>\n\n\n\n<div style=\"height:25px\" aria-hidden=\"true\" class=\"wp-block-spacer\"><\/div>\n\n\n\n<div class=\"wp-block-columns is-layout-flex wp-container-core-columns-is-layout-9d6595d7 wp-block-columns-is-layout-flex\">\n<div class=\"wp-block-column is-layout-flow wp-block-column-is-layout-flow\">\n<figure class=\"wp-block-image size-large\"><img loading=\"lazy\" decoding=\"async\" width=\"1024\" height=\"1024\" src=\"https:\/\/www.pcimembranes.com\/wp-content\/uploads\/2021\/09\/Membrane-System-1024x1024.jpg\" alt=\"\" class=\"wp-image-2923\" srcset=\"https:\/\/www.pcimembranes.com\/wp-content\/uploads\/2021\/09\/Membrane-System-1024x1024.jpg 1024w, https:\/\/www.pcimembranes.com\/wp-content\/uploads\/2021\/09\/Membrane-System-300x300.jpg 300w, https:\/\/www.pcimembranes.com\/wp-content\/uploads\/2021\/09\/Membrane-System-150x150.jpg 150w, https:\/\/www.pcimembranes.com\/wp-content\/uploads\/2021\/09\/Membrane-System-768x768.jpg 768w, https:\/\/www.pcimembranes.com\/wp-content\/uploads\/2021\/09\/Membrane-System-1536x1536.jpg 1536w, https:\/\/www.pcimembranes.com\/wp-content\/uploads\/2021\/09\/Membrane-System-2048x2048.jpg 2048w\" sizes=\"auto, (max-width: 1024px) 100vw, 1024px\" \/><\/figure>\n\n\n\n<p class=\"has-text-align-center\"><strong>Tests de membrane &amp; Syst\u00e8mes complets<\/strong><\/p>\n\n\n\n<div class=\"wp-block-buttons is-layout-flex wp-block-buttons-is-layout-flex\">\n<div class=\"wp-block-button has-custom-width wp-block-button__width-100\"><a class=\"wp-block-button__link has-background no-border-radius wp-element-button\" href=\"https:\/\/www.pcimembranes.com\/membrane-testing-complete-systems\/\" style=\"background-color:#0085ca\">EN SAVOIR PLUS<\/a><\/div>\n<\/div>\n\n\n\n<p class=\"has-text-align-center\"><br><br><\/p>\n<\/div>\n\n\n\n<div class=\"wp-block-column is-layout-flow wp-block-column-is-layout-flow\">\n<figure class=\"wp-block-image size-large\"><img loading=\"lazy\" decoding=\"async\" width=\"1024\" height=\"1024\" src=\"https:\/\/www.pcimembranes.com\/wp-content\/uploads\/2021\/09\/engineering-service-big-1024x1024.jpg\" alt=\"\" class=\"wp-image-2925\" srcset=\"https:\/\/www.pcimembranes.com\/wp-content\/uploads\/2021\/09\/engineering-service-big-1024x1024.jpg 1024w, https:\/\/www.pcimembranes.com\/wp-content\/uploads\/2021\/09\/engineering-service-big-300x300.jpg 300w, https:\/\/www.pcimembranes.com\/wp-content\/uploads\/2021\/09\/engineering-service-big-150x150.jpg 150w, https:\/\/www.pcimembranes.com\/wp-content\/uploads\/2021\/09\/engineering-service-big-768x768.jpg 768w, https:\/\/www.pcimembranes.com\/wp-content\/uploads\/2021\/09\/engineering-service-big-1536x1536.jpg 1536w, https:\/\/www.pcimembranes.com\/wp-content\/uploads\/2021\/09\/engineering-service-big-2048x2048.jpg 2048w\" sizes=\"auto, (max-width: 1024px) 100vw, 1024px\" \/><\/figure>\n\n\n\n<p class=\"has-text-align-center\"><strong>Pi\u00e8ces d\u00e9tach\u00e9es membranes<\/strong><\/p>\n\n\n\n<div class=\"wp-block-buttons is-layout-flex wp-block-buttons-is-layout-flex\">\n<div class=\"wp-block-button has-custom-width wp-block-button__width-100\"><a class=\"wp-block-button__link has-background no-border-radius wp-element-button\" href=\"https:\/\/www.pcimembranes.com\/fr\/pieces-detachees-membrane\/\" style=\"background-color:#0085ca\">EN SAVOIR PLUS<\/a><\/div>\n<\/div>\n<\/div>\n\n\n\n<div class=\"wp-block-column is-layout-flow wp-block-column-is-layout-flow\">\n<figure class=\"wp-block-image size-large\"><img loading=\"lazy\" decoding=\"async\" width=\"1024\" height=\"1024\" src=\"https:\/\/www.pcimembranes.com\/wp-content\/uploads\/2021\/09\/membrane-spare-parts-big-1024x1024.jpg\" alt=\"\" class=\"wp-image-2927\" srcset=\"https:\/\/www.pcimembranes.com\/wp-content\/uploads\/2021\/09\/membrane-spare-parts-big-1024x1024.jpg 1024w, https:\/\/www.pcimembranes.com\/wp-content\/uploads\/2021\/09\/membrane-spare-parts-big-300x300.jpg 300w, https:\/\/www.pcimembranes.com\/wp-content\/uploads\/2021\/09\/membrane-spare-parts-big-150x150.jpg 150w, https:\/\/www.pcimembranes.com\/wp-content\/uploads\/2021\/09\/membrane-spare-parts-big-768x768.jpg 768w, https:\/\/www.pcimembranes.com\/wp-content\/uploads\/2021\/09\/membrane-spare-parts-big-1536x1536.jpg 1536w, https:\/\/www.pcimembranes.com\/wp-content\/uploads\/2021\/09\/membrane-spare-parts-big-2048x2048.jpg 2048w\" sizes=\"auto, (max-width: 1024px) 100vw, 1024px\" \/><\/figure>\n\n\n\n<p class=\"has-text-align-center\"><strong>Services d&rsquo;ing\u00e9nierie<\/strong><\/p>\n\n\n\n<div class=\"wp-block-buttons is-layout-flex wp-block-buttons-is-layout-flex\">\n<div class=\"wp-block-button has-custom-width wp-block-button__width-100\"><a class=\"wp-block-button__link has-light-gray-color has-text-color has-background no-border-radius wp-element-button\" href=\"https:\/\/www.pcimembranes.com\/fr\/services-dingenierie\/\" style=\"background-color:#0085ca\">EN SAVOIR PLUS<\/a><\/div>\n<\/div>\n\n\n\n<p class=\"has-text-align-center\"><br><br><\/p>\n<\/div>\n<\/div>\n\n\n\n<p><\/p>\n","protected":false},"excerpt":{"rendered":"<p>PARLER A UN EXPERT Depuis plus de 50 ans, PCI Membranes\u00ae (une soci\u00e9t\u00e9 de Filtration Group\u00ae ) fabrique des membranes et des syst\u00e8mes membranaires. Nous proposons des solutions de process pour une grande vari\u00e9t\u00e9 d&rsquo;applications de filtration utilisant les technologies de microfiltration, d&rsquo;ultrafiltration, de nanofiltration et d&rsquo;osmose inverse. Notre expertise comprend les membranes tubulaires en [&hellip;]<\/p>\n","protected":false},"author":9,"featured_media":0,"parent":0,"menu_order":0,"comment_status":"closed","ping_status":"closed","template":"","meta":{"_acf_changed":false,"content-type":"","footnotes":""},"class_list":["post-7155","page","type-page","status-publish","hentry"],"acf":[],"yoast_head":"<!-- This site is optimized with the Yoast SEO plugin v27.3 - https:\/\/yoast.com\/product\/yoast-seo-wordpress\/ -->\n<title>Produits &amp; Services - PCI Membranes<\/title>\n<meta name=\"robots\" content=\"index, follow, max-snippet:-1, max-image-preview:large, max-video-preview:-1\" \/>\n<link rel=\"canonical\" href=\"https:\/\/www.pcimembranes.com\/fr\/produits-services\/\" \/>\n<meta property=\"og:locale\" content=\"fr_FR\" \/>\n<meta property=\"og:type\" content=\"article\" \/>\n<meta property=\"og:title\" content=\"Produits &amp; Services - PCI Membranes\" \/>\n<meta property=\"og:description\" content=\"PARLER A UN EXPERT Depuis plus de 50 ans, PCI Membranes\u00ae (une soci\u00e9t\u00e9 de Filtration Group\u00ae ) fabrique des membranes et des syst\u00e8mes membranaires. Nous proposons des solutions de process pour une grande vari\u00e9t\u00e9 d&rsquo;applications de filtration utilisant les technologies de microfiltration, d&rsquo;ultrafiltration, de nanofiltration et d&rsquo;osmose inverse. Notre expertise comprend les membranes tubulaires en [&hellip;]\" \/>\n<meta property=\"og:url\" content=\"https:\/\/www.pcimembranes.com\/fr\/produits-services\/\" \/>\n<meta property=\"og:site_name\" content=\"PCI Membranes\" \/>\n<meta property=\"article:modified_time\" content=\"2025-07-25T13:48:44+00:00\" \/>\n<meta property=\"og:image\" content=\"https:\/\/www.pcimembranes.com\/wp-content\/uploads\/2021\/08\/MicrosoftTeams-image-_2.jpg\" \/>\n\t<meta property=\"og:image:width\" content=\"1400\" \/>\n\t<meta property=\"og:image:height\" content=\"787\" \/>\n\t<meta property=\"og:image:type\" content=\"image\/jpeg\" \/>\n<meta name=\"twitter:card\" content=\"summary_large_image\" \/>\n<meta name=\"twitter:label1\" content=\"Dur\u00e9e de lecture estim\u00e9e\" \/>\n\t<meta name=\"twitter:data1\" content=\"3 minutes\" \/>\n<script type=\"application\/ld+json\" class=\"yoast-schema-graph\">{\"@context\":\"https:\\\/\\\/schema.org\",\"@graph\":[{\"@type\":\"WebPage\",\"@id\":\"https:\\\/\\\/www.pcimembranes.com\\\/fr\\\/produits-services\\\/\",\"url\":\"https:\\\/\\\/www.pcimembranes.com\\\/fr\\\/produits-services\\\/\",\"name\":\"Produits &amp; Services - PCI Membranes\",\"isPartOf\":{\"@id\":\"https:\\\/\\\/www.pcimembranes.com\\\/fr\\\/#website\"},\"primaryImageOfPage\":{\"@id\":\"https:\\\/\\\/www.pcimembranes.com\\\/fr\\\/produits-services\\\/#primaryimage\"},\"image\":{\"@id\":\"https:\\\/\\\/www.pcimembranes.com\\\/fr\\\/produits-services\\\/#primaryimage\"},\"thumbnailUrl\":\"https:\\\/\\\/www.pcimembranes.com\\\/wp-content\\\/uploads\\\/2021\\\/08\\\/MicrosoftTeams-image-_2.jpg\",\"datePublished\":\"2024-01-04T10:24:24+00:00\",\"dateModified\":\"2025-07-25T13:48:44+00:00\",\"breadcrumb\":{\"@id\":\"https:\\\/\\\/www.pcimembranes.com\\\/fr\\\/produits-services\\\/#breadcrumb\"},\"inLanguage\":\"fr-FR\",\"potentialAction\":[{\"@type\":\"ReadAction\",\"target\":[\"https:\\\/\\\/www.pcimembranes.com\\\/fr\\\/produits-services\\\/\"]}]},{\"@type\":\"ImageObject\",\"inLanguage\":\"fr-FR\",\"@id\":\"https:\\\/\\\/www.pcimembranes.com\\\/fr\\\/produits-services\\\/#primaryimage\",\"url\":\"https:\\\/\\\/www.pcimembranes.com\\\/wp-content\\\/uploads\\\/2021\\\/08\\\/MicrosoftTeams-image-_2.jpg\",\"contentUrl\":\"https:\\\/\\\/www.pcimembranes.com\\\/wp-content\\\/uploads\\\/2021\\\/08\\\/MicrosoftTeams-image-_2.jpg\"},{\"@type\":\"BreadcrumbList\",\"@id\":\"https:\\\/\\\/www.pcimembranes.com\\\/fr\\\/produits-services\\\/#breadcrumb\",\"itemListElement\":[{\"@type\":\"ListItem\",\"position\":1,\"name\":\"\",\"item\":\"https:\\\/\\\/www.pcimembranes.com\\\/fr\\\/\"},{\"@type\":\"ListItem\",\"position\":2,\"name\":\"Produits &amp; Services\"}]},{\"@type\":\"WebSite\",\"@id\":\"https:\\\/\\\/www.pcimembranes.com\\\/fr\\\/#website\",\"url\":\"https:\\\/\\\/www.pcimembranes.com\\\/fr\\\/\",\"name\":\"PCI Membranes\",\"description\":\"Making the World Safer, Healthier and More Productive\",\"publisher\":{\"@id\":\"https:\\\/\\\/www.pcimembranes.com\\\/fr\\\/#organization\"},\"potentialAction\":[{\"@type\":\"SearchAction\",\"target\":{\"@type\":\"EntryPoint\",\"urlTemplate\":\"https:\\\/\\\/www.pcimembranes.com\\\/fr\\\/?s={search_term_string}\"},\"query-input\":{\"@type\":\"PropertyValueSpecification\",\"valueRequired\":true,\"valueName\":\"search_term_string\"}}],\"inLanguage\":\"fr-FR\"},{\"@type\":\"Organization\",\"@id\":\"https:\\\/\\\/www.pcimembranes.com\\\/fr\\\/#organization\",\"name\":\"Filtration Group\",\"url\":\"https:\\\/\\\/www.pcimembranes.com\\\/fr\\\/\",\"logo\":{\"@type\":\"ImageObject\",\"inLanguage\":\"fr-FR\",\"@id\":\"https:\\\/\\\/www.pcimembranes.com\\\/fr\\\/#\\\/schema\\\/logo\\\/image\\\/\",\"url\":\"https:\\\/\\\/www.pcimembranes.com\\\/wp-content\\\/uploads\\\/2019\\\/06\\\/FGC-logo-1.png\",\"contentUrl\":\"https:\\\/\\\/www.pcimembranes.com\\\/wp-content\\\/uploads\\\/2019\\\/06\\\/FGC-logo-1.png\",\"width\":1104,\"height\":224,\"caption\":\"Filtration Group\"},\"image\":{\"@id\":\"https:\\\/\\\/www.pcimembranes.com\\\/fr\\\/#\\\/schema\\\/logo\\\/image\\\/\"}}]}<\/script>\n<!-- \/ Yoast SEO plugin. -->","yoast_head_json":{"title":"Produits &amp; Services - PCI Membranes","robots":{"index":"index","follow":"follow","max-snippet":"max-snippet:-1","max-image-preview":"max-image-preview:large","max-video-preview":"max-video-preview:-1"},"canonical":"https:\/\/www.pcimembranes.com\/fr\/produits-services\/","og_locale":"fr_FR","og_type":"article","og_title":"Produits &amp; Services - PCI Membranes","og_description":"PARLER A UN EXPERT Depuis plus de 50 ans, PCI Membranes\u00ae (une soci\u00e9t\u00e9 de Filtration Group\u00ae ) fabrique des membranes et des syst\u00e8mes membranaires. Nous proposons des solutions de process pour une grande vari\u00e9t\u00e9 d&rsquo;applications de filtration utilisant les technologies de microfiltration, d&rsquo;ultrafiltration, de nanofiltration et d&rsquo;osmose inverse. Notre expertise comprend les membranes tubulaires en [&hellip;]","og_url":"https:\/\/www.pcimembranes.com\/fr\/produits-services\/","og_site_name":"PCI Membranes","article_modified_time":"2025-07-25T13:48:44+00:00","og_image":[{"width":1400,"height":787,"url":"https:\/\/www.pcimembranes.com\/wp-content\/uploads\/2021\/08\/MicrosoftTeams-image-_2.jpg","type":"image\/jpeg"}],"twitter_card":"summary_large_image","twitter_misc":{"Dur\u00e9e de lecture estim\u00e9e":"3 minutes"},"schema":{"@context":"https:\/\/schema.org","@graph":[{"@type":"WebPage","@id":"https:\/\/www.pcimembranes.com\/fr\/produits-services\/","url":"https:\/\/www.pcimembranes.com\/fr\/produits-services\/","name":"Produits &amp; Services - PCI Membranes","isPartOf":{"@id":"https:\/\/www.pcimembranes.com\/fr\/#website"},"primaryImageOfPage":{"@id":"https:\/\/www.pcimembranes.com\/fr\/produits-services\/#primaryimage"},"image":{"@id":"https:\/\/www.pcimembranes.com\/fr\/produits-services\/#primaryimage"},"thumbnailUrl":"https:\/\/www.pcimembranes.com\/wp-content\/uploads\/2021\/08\/MicrosoftTeams-image-_2.jpg","datePublished":"2024-01-04T10:24:24+00:00","dateModified":"2025-07-25T13:48:44+00:00","breadcrumb":{"@id":"https:\/\/www.pcimembranes.com\/fr\/produits-services\/#breadcrumb"},"inLanguage":"fr-FR","potentialAction":[{"@type":"ReadAction","target":["https:\/\/www.pcimembranes.com\/fr\/produits-services\/"]}]},{"@type":"ImageObject","inLanguage":"fr-FR","@id":"https:\/\/www.pcimembranes.com\/fr\/produits-services\/#primaryimage","url":"https:\/\/www.pcimembranes.com\/wp-content\/uploads\/2021\/08\/MicrosoftTeams-image-_2.jpg","contentUrl":"https:\/\/www.pcimembranes.com\/wp-content\/uploads\/2021\/08\/MicrosoftTeams-image-_2.jpg"},{"@type":"BreadcrumbList","@id":"https:\/\/www.pcimembranes.com\/fr\/produits-services\/#breadcrumb","itemListElement":[{"@type":"ListItem","position":1,"name":"","item":"https:\/\/www.pcimembranes.com\/fr\/"},{"@type":"ListItem","position":2,"name":"Produits &amp; Services"}]},{"@type":"WebSite","@id":"https:\/\/www.pcimembranes.com\/fr\/#website","url":"https:\/\/www.pcimembranes.com\/fr\/","name":"PCI Membranes","description":"Making the World Safer, Healthier and More Productive","publisher":{"@id":"https:\/\/www.pcimembranes.com\/fr\/#organization"},"potentialAction":[{"@type":"SearchAction","target":{"@type":"EntryPoint","urlTemplate":"https:\/\/www.pcimembranes.com\/fr\/?s={search_term_string}"},"query-input":{"@type":"PropertyValueSpecification","valueRequired":true,"valueName":"search_term_string"}}],"inLanguage":"fr-FR"},{"@type":"Organization","@id":"https:\/\/www.pcimembranes.com\/fr\/#organization","name":"Filtration Group","url":"https:\/\/www.pcimembranes.com\/fr\/","logo":{"@type":"ImageObject","inLanguage":"fr-FR","@id":"https:\/\/www.pcimembranes.com\/fr\/#\/schema\/logo\/image\/","url":"https:\/\/www.pcimembranes.com\/wp-content\/uploads\/2019\/06\/FGC-logo-1.png","contentUrl":"https:\/\/www.pcimembranes.com\/wp-content\/uploads\/2019\/06\/FGC-logo-1.png","width":1104,"height":224,"caption":"Filtration Group"},"image":{"@id":"https:\/\/www.pcimembranes.com\/fr\/#\/schema\/logo\/image\/"}}]}},"_links":{"self":[{"href":"https:\/\/www.pcimembranes.com\/fr\/wp-json\/wp\/v2\/pages\/7155","targetHints":{"allow":["GET"]}}],"collection":[{"href":"https:\/\/www.pcimembranes.com\/fr\/wp-json\/wp\/v2\/pages"}],"about":[{"href":"https:\/\/www.pcimembranes.com\/fr\/wp-json\/wp\/v2\/types\/page"}],"author":[{"embeddable":true,"href":"https:\/\/www.pcimembranes.com\/fr\/wp-json\/wp\/v2\/users\/9"}],"replies":[{"embeddable":true,"href":"https:\/\/www.pcimembranes.com\/fr\/wp-json\/wp\/v2\/comments?post=7155"}],"version-history":[{"count":0,"href":"https:\/\/www.pcimembranes.com\/fr\/wp-json\/wp\/v2\/pages\/7155\/revisions"}],"wp:attachment":[{"href":"https:\/\/www.pcimembranes.com\/fr\/wp-json\/wp\/v2\/media?parent=7155"}],"curies":[{"name":"wp","href":"https:\/\/api.w.org\/{rel}","templated":true}]}}