{"id":7204,"date":"2024-01-04T10:36:18","date_gmt":"2024-01-04T10:36:18","guid":{"rendered":"https:\/\/www.pcimembranes.com\/?page_id=7204"},"modified":"2025-07-25T13:33:56","modified_gmt":"2025-07-25T13:33:56","slug":"modules-a-membranes-tubulaires-serie-a","status":"publish","type":"page","link":"https:\/\/www.pcimembranes.com\/fr\/modules-a-membranes-tubulaires-serie-a\/","title":{"rendered":"Modules \u00e0 membranes tubulaires S\u00e9rie A"},"content":{"rendered":"\n<div class=\"wp-block-cover alignfull is-light\" style=\"min-height:260px;aspect-ratio:unset;\"><img loading=\"lazy\" decoding=\"async\" width=\"1400\" height=\"787\" class=\"wp-block-cover__image-background wp-image-2795\" alt=\"\" src=\"https:\/\/www.pcimembranes.com\/wp-content\/uploads\/2021\/08\/MicrosoftTeams-image-_2.jpg\" style=\"object-position:47% 36%\" data-object-fit=\"cover\" data-object-position=\"47% 36%\" srcset=\"https:\/\/www.pcimembranes.com\/wp-content\/uploads\/2021\/08\/MicrosoftTeams-image-_2.jpg 1400w, https:\/\/www.pcimembranes.com\/wp-content\/uploads\/2021\/08\/MicrosoftTeams-image-_2-300x169.jpg 300w, https:\/\/www.pcimembranes.com\/wp-content\/uploads\/2021\/08\/MicrosoftTeams-image-_2-1024x576.jpg 1024w, https:\/\/www.pcimembranes.com\/wp-content\/uploads\/2021\/08\/MicrosoftTeams-image-_2-768x432.jpg 768w\" sizes=\"auto, (max-width: 1400px) 100vw, 1400px\" \/><span aria-hidden=\"true\" class=\"wp-block-cover__background has-background-dim-10 has-background-dim\"><\/span><div class=\"wp-block-cover__inner-container is-layout-flow wp-block-cover-is-layout-flow\">\n<h1 class=\"wp-block-heading has-text-align-center has-white-color has-text-color has-link-color wp-elements-d65af514d6ea14d9fd486b6196455d78\">Modules \u00e0 membranes tubulaires S\u00e9rie A<\/h1>\n<\/div><\/div>\n\n\n\n<!--Close-->\t\n<\/div><\/div><\/section>\n<!--Menu-->\n<div class=\"no-top-margin\">\n<div class=\"msb-sticky-bar\">\n<div class=\"container\">\n  <div class=\"row\">\n    <div class=\"col-sm text-center\">\n      <a href=\"https:\/\/www.pcimembranes.com\/contactus\/\" class=\"btn btn-primary solution-trigger\">PARLER A UN EXPERT<\/a>\n    <\/div>\n  <\/div>\n<\/div>\n<\/div>\n<\/div>\n<!--Open-->\n<section class=\"container\"><div class=\"row\"><div class=\"col-md-12\">\n\n\n\n<div class=\"wp-block-media-text alignwide is-stacked-on-mobile\"><figure class=\"wp-block-media-text__media\"><img loading=\"lazy\" decoding=\"async\" width=\"800\" height=\"800\" src=\"https:\/\/www.pcimembranes.com\/wp-content\/uploads\/2021\/10\/A5.png\" alt=\"\" class=\"wp-image-3048 size-full\" srcset=\"https:\/\/www.pcimembranes.com\/wp-content\/uploads\/2021\/10\/A5.png 800w, https:\/\/www.pcimembranes.com\/wp-content\/uploads\/2021\/10\/A5-300x300.png 300w, https:\/\/www.pcimembranes.com\/wp-content\/uploads\/2021\/10\/A5-150x150.png 150w, https:\/\/www.pcimembranes.com\/wp-content\/uploads\/2021\/10\/A5-768x768.png 768w\" sizes=\"auto, (max-width: 800px) 100vw, 800px\" \/><\/figure><div class=\"wp-block-media-text__content\">\n<h3 class=\"wp-block-heading\">Module S\u00e9rie A5<\/h3>\n\n\n\n<p>Le module utilise nos membranes d\u2019ultrafiltration PVDF sp\u00e9cialement d\u00e9velopp\u00e9es qui sont adapt\u00e9es \u00e0 une vari\u00e9t\u00e9 de conditions de process diff\u00e9rentes. Trois tailles de pores\/seuils de coupure diff\u00e9rents sont disponibles : 20k Daltons, 100k Daltons et 200k Daltons de seuil de coupure nominal, bien que les performances r\u00e9elles d\u00e9pendent \u00e9galement des conditions de fonctionnement<\/p>\n\n\n\n<p><a href=\"https:\/\/www.pcimembranes.com\/fr\/modules-a-membranes-tubulaires-serie-a\/module-serie-a5\/\">EN SAVOIR PLUS<\/a><\/p>\n<\/div><\/div>\n\n\n\n<div class=\"wp-block-media-text alignwide is-stacked-on-mobile\"><figure class=\"wp-block-media-text__media\"><img loading=\"lazy\" decoding=\"async\" width=\"800\" height=\"800\" src=\"https:\/\/www.pcimembranes.com\/wp-content\/uploads\/2021\/10\/A8-new-transparent-shadow.png\" alt=\"\" class=\"wp-image-3074 size-full\" srcset=\"https:\/\/www.pcimembranes.com\/wp-content\/uploads\/2021\/10\/A8-new-transparent-shadow.png 800w, https:\/\/www.pcimembranes.com\/wp-content\/uploads\/2021\/10\/A8-new-transparent-shadow-300x300.png 300w, https:\/\/www.pcimembranes.com\/wp-content\/uploads\/2021\/10\/A8-new-transparent-shadow-150x150.png 150w, https:\/\/www.pcimembranes.com\/wp-content\/uploads\/2021\/10\/A8-new-transparent-shadow-768x768.png 768w\" sizes=\"auto, (max-width: 800px) 100vw, 800px\" \/><\/figure><div class=\"wp-block-media-text__content\">\n<h3 class=\"wp-block-heading\"><br>Module S\u00e9rie A8<\/h3>\n\n\n\n<p>Le module A8 se compose d\u2019un noyau int\u00e9gr\u00e9 de 365 tubes de 8 mm de diam\u00e8tre mont\u00e9 dans un carter en PRV.<\/p>\n\n\n\n<p><a href=\"https:\/\/www.pcimembranes.com\/fr\/module-serie-a8\/\">EN SAVOIR PLUS<\/a> <\/p>\n<\/div><\/div>\n\n\n\n<div class=\"wp-block-media-text alignwide is-stacked-on-mobile\"><figure class=\"wp-block-media-text__media\"><img loading=\"lazy\" decoding=\"async\" width=\"800\" height=\"800\" src=\"https:\/\/www.pcimembranes.com\/wp-content\/uploads\/2021\/10\/A19.png\" alt=\"\" class=\"wp-image-3050 size-full\" srcset=\"https:\/\/www.pcimembranes.com\/wp-content\/uploads\/2021\/10\/A19.png 800w, https:\/\/www.pcimembranes.com\/wp-content\/uploads\/2021\/10\/A19-300x300.png 300w, https:\/\/www.pcimembranes.com\/wp-content\/uploads\/2021\/10\/A19-150x150.png 150w, https:\/\/www.pcimembranes.com\/wp-content\/uploads\/2021\/10\/A19-768x768.png 768w\" sizes=\"auto, (max-width: 800px) 100vw, 800px\" \/><\/figure><div class=\"wp-block-media-text__content\">\n<h3 class=\"wp-block-heading\">Module S\u00e9rie A19<\/h3>\n\n\n\n<p>Le module A19 se compose d\u2019un noyau rempla\u00e7able de 19 tubes de 12.5 mm de diam\u00e8tre ins\u00e9r\u00e9 dans un carter en acier inoxydable.<\/p>\n\n\n\n<p><a href=\"https:\/\/www.pcimembranes.com\/fr\/modules-a-membranes-tubulaires-serie-a\/module-serie-a19\/\">EN SAVOIR PLUS<\/a><br><\/p>\n<\/div><\/div>\n\n\n\n<div class=\"wp-block-media-text alignwide is-stacked-on-mobile\"><figure class=\"wp-block-media-text__media\"><img loading=\"lazy\" decoding=\"async\" width=\"800\" height=\"800\" src=\"https:\/\/www.pcimembranes.com\/wp-content\/uploads\/2021\/10\/A37-transparent.png\" alt=\"\" class=\"wp-image-3058 size-full\" srcset=\"https:\/\/www.pcimembranes.com\/wp-content\/uploads\/2021\/10\/A37-transparent.png 800w, https:\/\/www.pcimembranes.com\/wp-content\/uploads\/2021\/10\/A37-transparent-300x300.png 300w, https:\/\/www.pcimembranes.com\/wp-content\/uploads\/2021\/10\/A37-transparent-150x150.png 150w, https:\/\/www.pcimembranes.com\/wp-content\/uploads\/2021\/10\/A37-transparent-768x768.png 768w\" sizes=\"auto, (max-width: 800px) 100vw, 800px\" \/><\/figure><div class=\"wp-block-media-text__content\">\n<h3 class=\"wp-block-heading\"><br>Module S\u00e9rie A37<\/h3>\n\n\n\n<p>Le module A37 se compose d\u2019un noyau rempla\u00e7able de 37 tubes de 12.5 mm de diam\u00e8tre ins\u00e9r\u00e9 dans un carter en acier inoxydable.<\/p>\n\n\n\n<p><a href=\"https:\/\/www.pcimembranes.com\/fr\/modules-a-membranes-tubulaires-serie-a\/module-serie-a37\/\">EN SAVOIR PLUS<\/a><\/p>\n<\/div><\/div>\n","protected":false},"excerpt":{"rendered":"<p>PARLER A UN EXPERT Module S\u00e9rie A5 Le module utilise nos membranes d\u2019ultrafiltration PVDF sp\u00e9cialement d\u00e9velopp\u00e9es qui sont adapt\u00e9es \u00e0 une vari\u00e9t\u00e9 de conditions de process diff\u00e9rentes. Trois tailles de pores\/seuils de coupure diff\u00e9rents sont disponibles : 20k Daltons, 100k Daltons et 200k Daltons de seuil de coupure nominal, bien que les performances r\u00e9elles d\u00e9pendent [&hellip;]<\/p>\n","protected":false},"author":9,"featured_media":0,"parent":0,"menu_order":0,"comment_status":"closed","ping_status":"closed","template":"","meta":{"_acf_changed":false,"content-type":"","footnotes":""},"class_list":["post-7204","page","type-page","status-publish","hentry"],"acf":[],"yoast_head":"<!-- This site is optimized with the Yoast SEO plugin v27.3 - https:\/\/yoast.com\/product\/yoast-seo-wordpress\/ -->\n<title>Modules \u00e0 membranes tubulaires S\u00e9rie A - PCI Membranes<\/title>\n<meta name=\"robots\" content=\"index, follow, max-snippet:-1, max-image-preview:large, max-video-preview:-1\" \/>\n<link rel=\"canonical\" href=\"https:\/\/www.pcimembranes.com\/fr\/modules-a-membranes-tubulaires-serie-a\/\" \/>\n<meta property=\"og:locale\" content=\"fr_FR\" \/>\n<meta property=\"og:type\" content=\"article\" \/>\n<meta property=\"og:title\" content=\"Modules \u00e0 membranes tubulaires S\u00e9rie A - PCI Membranes\" \/>\n<meta property=\"og:description\" content=\"PARLER A UN EXPERT Module S\u00e9rie A5 Le module utilise nos membranes d\u2019ultrafiltration PVDF sp\u00e9cialement d\u00e9velopp\u00e9es qui sont adapt\u00e9es \u00e0 une vari\u00e9t\u00e9 de conditions de process diff\u00e9rentes. Trois tailles de pores\/seuils de coupure diff\u00e9rents sont disponibles : 20k Daltons, 100k Daltons et 200k Daltons de seuil de coupure nominal, bien que les performances r\u00e9elles d\u00e9pendent [&hellip;]\" \/>\n<meta property=\"og:url\" content=\"https:\/\/www.pcimembranes.com\/fr\/modules-a-membranes-tubulaires-serie-a\/\" \/>\n<meta property=\"og:site_name\" content=\"PCI Membranes\" \/>\n<meta property=\"article:modified_time\" content=\"2025-07-25T13:33:56+00:00\" \/>\n<meta property=\"og:image\" content=\"https:\/\/www.pcimembranes.com\/wp-content\/uploads\/2021\/08\/MicrosoftTeams-image-_2.jpg\" \/>\n\t<meta property=\"og:image:width\" content=\"1400\" \/>\n\t<meta property=\"og:image:height\" content=\"787\" \/>\n\t<meta property=\"og:image:type\" content=\"image\/jpeg\" \/>\n<meta name=\"twitter:card\" content=\"summary_large_image\" \/>\n<meta name=\"twitter:label1\" content=\"Dur\u00e9e de lecture estim\u00e9e\" \/>\n\t<meta name=\"twitter:data1\" content=\"2 minutes\" \/>\n<script type=\"application\/ld+json\" class=\"yoast-schema-graph\">{\"@context\":\"https:\\\/\\\/schema.org\",\"@graph\":[{\"@type\":\"WebPage\",\"@id\":\"https:\\\/\\\/www.pcimembranes.com\\\/fr\\\/modules-a-membranes-tubulaires-serie-a\\\/\",\"url\":\"https:\\\/\\\/www.pcimembranes.com\\\/fr\\\/modules-a-membranes-tubulaires-serie-a\\\/\",\"name\":\"Modules \u00e0 membranes tubulaires S\u00e9rie A - PCI Membranes\",\"isPartOf\":{\"@id\":\"https:\\\/\\\/www.pcimembranes.com\\\/fr\\\/#website\"},\"primaryImageOfPage\":{\"@id\":\"https:\\\/\\\/www.pcimembranes.com\\\/fr\\\/modules-a-membranes-tubulaires-serie-a\\\/#primaryimage\"},\"image\":{\"@id\":\"https:\\\/\\\/www.pcimembranes.com\\\/fr\\\/modules-a-membranes-tubulaires-serie-a\\\/#primaryimage\"},\"thumbnailUrl\":\"https:\\\/\\\/www.pcimembranes.com\\\/wp-content\\\/uploads\\\/2021\\\/08\\\/MicrosoftTeams-image-_2.jpg\",\"datePublished\":\"2024-01-04T10:36:18+00:00\",\"dateModified\":\"2025-07-25T13:33:56+00:00\",\"breadcrumb\":{\"@id\":\"https:\\\/\\\/www.pcimembranes.com\\\/fr\\\/modules-a-membranes-tubulaires-serie-a\\\/#breadcrumb\"},\"inLanguage\":\"fr-FR\",\"potentialAction\":[{\"@type\":\"ReadAction\",\"target\":[\"https:\\\/\\\/www.pcimembranes.com\\\/fr\\\/modules-a-membranes-tubulaires-serie-a\\\/\"]}]},{\"@type\":\"ImageObject\",\"inLanguage\":\"fr-FR\",\"@id\":\"https:\\\/\\\/www.pcimembranes.com\\\/fr\\\/modules-a-membranes-tubulaires-serie-a\\\/#primaryimage\",\"url\":\"https:\\\/\\\/www.pcimembranes.com\\\/wp-content\\\/uploads\\\/2021\\\/08\\\/MicrosoftTeams-image-_2.jpg\",\"contentUrl\":\"https:\\\/\\\/www.pcimembranes.com\\\/wp-content\\\/uploads\\\/2021\\\/08\\\/MicrosoftTeams-image-_2.jpg\"},{\"@type\":\"BreadcrumbList\",\"@id\":\"https:\\\/\\\/www.pcimembranes.com\\\/fr\\\/modules-a-membranes-tubulaires-serie-a\\\/#breadcrumb\",\"itemListElement\":[{\"@type\":\"ListItem\",\"position\":1,\"name\":\"\",\"item\":\"https:\\\/\\\/www.pcimembranes.com\\\/fr\\\/\"},{\"@type\":\"ListItem\",\"position\":2,\"name\":\"Modules \u00e0 membranes tubulaires S\u00e9rie A\"}]},{\"@type\":\"WebSite\",\"@id\":\"https:\\\/\\\/www.pcimembranes.com\\\/fr\\\/#website\",\"url\":\"https:\\\/\\\/www.pcimembranes.com\\\/fr\\\/\",\"name\":\"PCI Membranes\",\"description\":\"Making the World Safer, Healthier and More Productive\",\"publisher\":{\"@id\":\"https:\\\/\\\/www.pcimembranes.com\\\/fr\\\/#organization\"},\"potentialAction\":[{\"@type\":\"SearchAction\",\"target\":{\"@type\":\"EntryPoint\",\"urlTemplate\":\"https:\\\/\\\/www.pcimembranes.com\\\/fr\\\/?s={search_term_string}\"},\"query-input\":{\"@type\":\"PropertyValueSpecification\",\"valueRequired\":true,\"valueName\":\"search_term_string\"}}],\"inLanguage\":\"fr-FR\"},{\"@type\":\"Organization\",\"@id\":\"https:\\\/\\\/www.pcimembranes.com\\\/fr\\\/#organization\",\"name\":\"Filtration Group\",\"url\":\"https:\\\/\\\/www.pcimembranes.com\\\/fr\\\/\",\"logo\":{\"@type\":\"ImageObject\",\"inLanguage\":\"fr-FR\",\"@id\":\"https:\\\/\\\/www.pcimembranes.com\\\/fr\\\/#\\\/schema\\\/logo\\\/image\\\/\",\"url\":\"https:\\\/\\\/www.pcimembranes.com\\\/wp-content\\\/uploads\\\/2019\\\/06\\\/FGC-logo-1.png\",\"contentUrl\":\"https:\\\/\\\/www.pcimembranes.com\\\/wp-content\\\/uploads\\\/2019\\\/06\\\/FGC-logo-1.png\",\"width\":1104,\"height\":224,\"caption\":\"Filtration Group\"},\"image\":{\"@id\":\"https:\\\/\\\/www.pcimembranes.com\\\/fr\\\/#\\\/schema\\\/logo\\\/image\\\/\"}}]}<\/script>\n<!-- \/ Yoast SEO plugin. -->","yoast_head_json":{"title":"Modules \u00e0 membranes tubulaires S\u00e9rie A - PCI Membranes","robots":{"index":"index","follow":"follow","max-snippet":"max-snippet:-1","max-image-preview":"max-image-preview:large","max-video-preview":"max-video-preview:-1"},"canonical":"https:\/\/www.pcimembranes.com\/fr\/modules-a-membranes-tubulaires-serie-a\/","og_locale":"fr_FR","og_type":"article","og_title":"Modules \u00e0 membranes tubulaires S\u00e9rie A - PCI Membranes","og_description":"PARLER A UN EXPERT Module S\u00e9rie A5 Le module utilise nos membranes d\u2019ultrafiltration PVDF sp\u00e9cialement d\u00e9velopp\u00e9es qui sont adapt\u00e9es \u00e0 une vari\u00e9t\u00e9 de conditions de process diff\u00e9rentes. Trois tailles de pores\/seuils de coupure diff\u00e9rents sont disponibles : 20k Daltons, 100k Daltons et 200k Daltons de seuil de coupure nominal, bien que les performances r\u00e9elles d\u00e9pendent [&hellip;]","og_url":"https:\/\/www.pcimembranes.com\/fr\/modules-a-membranes-tubulaires-serie-a\/","og_site_name":"PCI Membranes","article_modified_time":"2025-07-25T13:33:56+00:00","og_image":[{"width":1400,"height":787,"url":"https:\/\/www.pcimembranes.com\/wp-content\/uploads\/2021\/08\/MicrosoftTeams-image-_2.jpg","type":"image\/jpeg"}],"twitter_card":"summary_large_image","twitter_misc":{"Dur\u00e9e de lecture estim\u00e9e":"2 minutes"},"schema":{"@context":"https:\/\/schema.org","@graph":[{"@type":"WebPage","@id":"https:\/\/www.pcimembranes.com\/fr\/modules-a-membranes-tubulaires-serie-a\/","url":"https:\/\/www.pcimembranes.com\/fr\/modules-a-membranes-tubulaires-serie-a\/","name":"Modules \u00e0 membranes tubulaires S\u00e9rie A - PCI Membranes","isPartOf":{"@id":"https:\/\/www.pcimembranes.com\/fr\/#website"},"primaryImageOfPage":{"@id":"https:\/\/www.pcimembranes.com\/fr\/modules-a-membranes-tubulaires-serie-a\/#primaryimage"},"image":{"@id":"https:\/\/www.pcimembranes.com\/fr\/modules-a-membranes-tubulaires-serie-a\/#primaryimage"},"thumbnailUrl":"https:\/\/www.pcimembranes.com\/wp-content\/uploads\/2021\/08\/MicrosoftTeams-image-_2.jpg","datePublished":"2024-01-04T10:36:18+00:00","dateModified":"2025-07-25T13:33:56+00:00","breadcrumb":{"@id":"https:\/\/www.pcimembranes.com\/fr\/modules-a-membranes-tubulaires-serie-a\/#breadcrumb"},"inLanguage":"fr-FR","potentialAction":[{"@type":"ReadAction","target":["https:\/\/www.pcimembranes.com\/fr\/modules-a-membranes-tubulaires-serie-a\/"]}]},{"@type":"ImageObject","inLanguage":"fr-FR","@id":"https:\/\/www.pcimembranes.com\/fr\/modules-a-membranes-tubulaires-serie-a\/#primaryimage","url":"https:\/\/www.pcimembranes.com\/wp-content\/uploads\/2021\/08\/MicrosoftTeams-image-_2.jpg","contentUrl":"https:\/\/www.pcimembranes.com\/wp-content\/uploads\/2021\/08\/MicrosoftTeams-image-_2.jpg"},{"@type":"BreadcrumbList","@id":"https:\/\/www.pcimembranes.com\/fr\/modules-a-membranes-tubulaires-serie-a\/#breadcrumb","itemListElement":[{"@type":"ListItem","position":1,"name":"","item":"https:\/\/www.pcimembranes.com\/fr\/"},{"@type":"ListItem","position":2,"name":"Modules \u00e0 membranes tubulaires S\u00e9rie A"}]},{"@type":"WebSite","@id":"https:\/\/www.pcimembranes.com\/fr\/#website","url":"https:\/\/www.pcimembranes.com\/fr\/","name":"PCI Membranes","description":"Making the World Safer, Healthier and More Productive","publisher":{"@id":"https:\/\/www.pcimembranes.com\/fr\/#organization"},"potentialAction":[{"@type":"SearchAction","target":{"@type":"EntryPoint","urlTemplate":"https:\/\/www.pcimembranes.com\/fr\/?s={search_term_string}"},"query-input":{"@type":"PropertyValueSpecification","valueRequired":true,"valueName":"search_term_string"}}],"inLanguage":"fr-FR"},{"@type":"Organization","@id":"https:\/\/www.pcimembranes.com\/fr\/#organization","name":"Filtration Group","url":"https:\/\/www.pcimembranes.com\/fr\/","logo":{"@type":"ImageObject","inLanguage":"fr-FR","@id":"https:\/\/www.pcimembranes.com\/fr\/#\/schema\/logo\/image\/","url":"https:\/\/www.pcimembranes.com\/wp-content\/uploads\/2019\/06\/FGC-logo-1.png","contentUrl":"https:\/\/www.pcimembranes.com\/wp-content\/uploads\/2019\/06\/FGC-logo-1.png","width":1104,"height":224,"caption":"Filtration Group"},"image":{"@id":"https:\/\/www.pcimembranes.com\/fr\/#\/schema\/logo\/image\/"}}]}},"_links":{"self":[{"href":"https:\/\/www.pcimembranes.com\/fr\/wp-json\/wp\/v2\/pages\/7204","targetHints":{"allow":["GET"]}}],"collection":[{"href":"https:\/\/www.pcimembranes.com\/fr\/wp-json\/wp\/v2\/pages"}],"about":[{"href":"https:\/\/www.pcimembranes.com\/fr\/wp-json\/wp\/v2\/types\/page"}],"author":[{"embeddable":true,"href":"https:\/\/www.pcimembranes.com\/fr\/wp-json\/wp\/v2\/users\/9"}],"replies":[{"embeddable":true,"href":"https:\/\/www.pcimembranes.com\/fr\/wp-json\/wp\/v2\/comments?post=7204"}],"version-history":[{"count":0,"href":"https:\/\/www.pcimembranes.com\/fr\/wp-json\/wp\/v2\/pages\/7204\/revisions"}],"wp:attachment":[{"href":"https:\/\/www.pcimembranes.com\/fr\/wp-json\/wp\/v2\/media?parent=7204"}],"curies":[{"name":"wp","href":"https:\/\/api.w.org\/{rel}","templated":true}]}}