{"id":7221,"date":"2024-01-04T10:42:31","date_gmt":"2024-01-04T10:42:31","guid":{"rendered":"https:\/\/www.pcimembranes.com\/?page_id=7221"},"modified":"2025-07-25T13:49:41","modified_gmt":"2025-07-25T13:49:41","slug":"module-serie-a5","status":"publish","type":"page","link":"https:\/\/www.pcimembranes.com\/fr\/modules-a-membranes-tubulaires-serie-a\/module-serie-a5\/","title":{"rendered":"Module S\u00e9rie A5"},"content":{"rendered":"\n<div class=\"wp-block-cover alignfull\" style=\"min-height:259px;aspect-ratio:unset;\"><img loading=\"lazy\" decoding=\"async\" width=\"1400\" height=\"787\" class=\"wp-block-cover__image-background wp-image-2795\" alt=\"\" src=\"https:\/\/www.pcimembranes.com\/wp-content\/uploads\/2021\/08\/MicrosoftTeams-image-_2.jpg\" data-object-fit=\"cover\" srcset=\"https:\/\/www.pcimembranes.com\/wp-content\/uploads\/2021\/08\/MicrosoftTeams-image-_2.jpg 1400w, https:\/\/www.pcimembranes.com\/wp-content\/uploads\/2021\/08\/MicrosoftTeams-image-_2-300x169.jpg 300w, https:\/\/www.pcimembranes.com\/wp-content\/uploads\/2021\/08\/MicrosoftTeams-image-_2-1024x576.jpg 1024w, https:\/\/www.pcimembranes.com\/wp-content\/uploads\/2021\/08\/MicrosoftTeams-image-_2-768x432.jpg 768w\" sizes=\"auto, (max-width: 1400px) 100vw, 1400px\" \/><span aria-hidden=\"true\" class=\"wp-block-cover__background has-background-dim-10 has-background-dim\"><\/span><div class=\"wp-block-cover__inner-container is-layout-flow wp-block-cover-is-layout-flow\">\n<h1 class=\"wp-block-heading has-text-align-center\">Module S\u00e9rie A5<\/h1>\n<\/div><\/div>\n\n\n\n<!--Close-->\t\n<\/div><\/div><\/section>\n<!--Menu-->\n<div class=\"no-top-margin\">\n<div class=\"msb-sticky-bar\">\n<div class=\"container\">\n  <div class=\"row\">\n    <div class=\"col-sm text-center\">\n      <a href=\"https:\/\/www.pcimembranes.com\/contactus\/\" class=\"btn btn-primary solution-trigger\">PARLER A UN EXPERT<\/a>\n    <\/div>\n  <\/div>\n<\/div>\n<\/div>\n<\/div>\n<!--Open-->\n<section class=\"container\"><div class=\"row\"><div class=\"col-md-12\">\n\n\n\n<div style=\"height:31px\" aria-hidden=\"true\" class=\"wp-block-spacer\"><\/div>\n\n\n\n<div class=\"wp-block-columns is-layout-flex wp-container-core-columns-is-layout-9d6595d7 wp-block-columns-is-layout-flex\">\n<div class=\"wp-block-column is-vertically-aligned-center is-layout-flow wp-block-column-is-layout-flow\">\n<h2 class=\"wp-block-heading\">Module S\u00e9rie A5<\/h2>\n\n\n\n<p>Le module d\u2019ultrafiltration tubulaire compact A5 de PCI Membranes\u00ae peut \u00eatre utilis\u00e9 pour une large gamme d\u2019applications industrielles dans l\u2019industrie des proc\u00e9d\u00e9s pour la concentration et la clarification \u00e9conomiques des liquides de process et des eaux us\u00e9es.<\/p>\n\n\n\n<p>Le module de la s\u00e9rie A5 se compose d\u2019un noyau rempla\u00e7able de 69 tubes de 6 mm de diam\u00e8tre ins\u00e9r\u00e9 dans un carter en acier inoxydable.<\/p>\n\n\n\n<p>Le module utilise nos membranes d\u2019ultrafiltration PVDF sp\u00e9cialement d\u00e9velopp\u00e9es qui sont adapt\u00e9es \u00e0 une vari\u00e9t\u00e9 de conditions de process diff\u00e9rentes. Trois tailles de pores\/seuils de coupure diff\u00e9rents sont disponibles : 20k Daltons, 100k Daltons et 200k Daltons de seuil de coupure nominal, bien que les performances r\u00e9elles d\u00e9pendent \u00e9galement des conditions de fonctionnement.<\/p>\n\n\n\n<p>La conception compacte conf\u00e8re au module une r\u00e9sistance \u00e9lev\u00e9e, permettant des pressions de service de 10 bars \u00e0 des temp\u00e9ratures allant jusqu\u2019\u00e0 60\u00b0C.<\/p>\n\n\n\n<p>Le module est disponible en standard dans des longueurs de 1.83 m, 3.05 m ou 3.66 m, offrant des surfaces membranaires de 2.34 m<sup>2<\/sup>, 3.97 m<sup>2<\/sup> ou 4.76 m<sup>2<\/sup> respectivement.<\/p>\n<\/div>\n<\/div>\n\n\n\n<div class=\"wp-block-columns are-vertically-aligned-center is-layout-flex wp-container-core-columns-is-layout-9d6595d7 wp-block-columns-is-layout-flex\">\n<div class=\"wp-block-column is-vertically-aligned-center is-layout-flow wp-block-column-is-layout-flow\"><div class=\"wp-block-image\">\n<figure class=\"aligncenter size-large\"><img loading=\"lazy\" decoding=\"async\" width=\"1024\" height=\"703\" src=\"https:\/\/www.pcimembranes.com\/wp-content\/uploads\/2021\/08\/A5-module-copie-1024x703.png\" alt=\"\" class=\"wp-image-2864\" srcset=\"https:\/\/www.pcimembranes.com\/wp-content\/uploads\/2021\/08\/A5-module-copie-1024x703.png 1024w, https:\/\/www.pcimembranes.com\/wp-content\/uploads\/2021\/08\/A5-module-copie-300x206.png 300w, https:\/\/www.pcimembranes.com\/wp-content\/uploads\/2021\/08\/A5-module-copie-768x527.png 768w, https:\/\/www.pcimembranes.com\/wp-content\/uploads\/2021\/08\/A5-module-copie.png 1069w\" sizes=\"auto, (max-width: 1024px) 100vw, 1024px\" \/><\/figure>\n<\/div><\/div>\n\n\n\n<div class=\"wp-block-column is-vertically-aligned-center is-layout-flow wp-block-column-is-layout-flow\">\n<figure class=\"wp-block-image size-large is-style-default\"><img loading=\"lazy\" decoding=\"async\" width=\"400\" height=\"482\" src=\"https:\/\/www.pcimembranes.com\/wp-content\/uploads\/2019\/09\/A5_Series_drawing_edited.jpg\" alt=\"\" class=\"wp-image-508\" srcset=\"https:\/\/www.pcimembranes.com\/wp-content\/uploads\/2019\/09\/A5_Series_drawing_edited.jpg 400w, https:\/\/www.pcimembranes.com\/wp-content\/uploads\/2019\/09\/A5_Series_drawing_edited-249x300.jpg 249w\" sizes=\"auto, (max-width: 400px) 100vw, 400px\" \/><\/figure>\n<\/div>\n<\/div>\n\n\n\n<div class=\"wp-block-columns is-layout-flex wp-container-core-columns-is-layout-9d6595d7 wp-block-columns-is-layout-flex\">\n<div class=\"wp-block-column is-layout-flow wp-block-column-is-layout-flow\">\n<h3 class=\"wp-block-heading\">Noyau membranaire rempla\u00e7able<\/h3>\n\n\n\n<p>Permet un remplacement rapide et rentable des membranes, et r\u00e9duit les temps d\u2019arr\u00eat.<\/p>\n<\/div>\n\n\n\n<div class=\"wp-block-column is-layout-flow wp-block-column-is-layout-flow\">\n<h3 class=\"wp-block-heading\">Membranes \u00e9prouv\u00e9es<\/h3>\n\n\n\n<p>Avec des applications dans les industries alimentaires, des boissons, chimiques et pharmaceutiques.<\/p>\n<\/div>\n<\/div>\n\n\n\n<div class=\"wp-block-columns is-layout-flex wp-container-core-columns-is-layout-9d6595d7 wp-block-columns-is-layout-flex\">\n<div class=\"wp-block-column is-layout-flow wp-block-column-is-layout-flow\">\n<h3 class=\"wp-block-heading\">Conception compacte du module<\/h3>\n\n\n\n<p>Construction rapide et facile de l\u2019unit\u00e9.<\/p>\n<\/div>\n\n\n\n<div class=\"wp-block-column is-layout-flow wp-block-column-is-layout-flow\">\n<h3 class=\"wp-block-heading\">Module tubulaire<\/h3>\n\n\n\n<p>Pr\u00e9filtration minimale requise, adapt\u00e9 aux liquides et aux niveaux \u00e9lev\u00e9s de solides en suspension.<\/p>\n<\/div>\n<\/div>\n\n\n\n<div style=\"height:50px\" aria-hidden=\"true\" class=\"wp-block-spacer\"><\/div>\n\n\n\n<figure class=\"wp-block-table\"><table><tbody><tr><td>INFORMATIONS PRODUIT SERIE A5<\/td><td><a href=\"https:\/\/www.pcimembranes.com\/wp-content\/uploads\/2023\/07\/PCI_A5_Series.pdf\" target=\"_blank\" rel=\"noreferrer noopener\">TELECHARGER<\/a><\/td><\/tr><tr><td>FICHE TECHNIQUE MODULE A5<\/td><td><a href=\"https:\/\/www.pcimembranes.com\/wp-content\/uploads\/2023\/07\/A5-Module-Data-Sheet.pdf\" target=\"_blank\" rel=\"noreferrer noopener\">TELECHARGER<\/a><\/td><\/tr><\/tbody><\/table><\/figure>\n\n\n\n<div class=\"wp-block-buttons is-layout-flex wp-block-buttons-is-layout-flex\"><\/div>\n\n\n\n<div class=\"wp-block-media-text alignwide has-media-on-the-right is-stacked-on-mobile grayblock pt-5 pb-5\"><div class=\"wp-block-media-text__content\">\n<h3 class=\"wp-block-heading\">Demande d&rsquo;informations<\/h3>\n\n\n\n<p>Nous proposons des solutions de traitement pour une grande vari\u00e9t\u00e9 d\u2019applications de filtration utilisant les technologies de microfiltration, d\u2019ultrafiltration, de nanofiltration et d\u2019osmose inverse.<\/p>\n\n\n\n<div class=\"wp-block-buttons is-layout-flex wp-block-buttons-is-layout-flex\"><\/div>\n\n\n\n<div class=\"wp-block-button has-custom-width wp-block-button__width-100 alignleft\"><a class=\"wp-block-button__link has-light-gray-color has-text-color has-background wp-element-button\" href=\"https:\/\/www.pcimembranes.com\/contact-2\/\" style=\"background-color:#0085ca\">contact<\/a><\/div>\n\n\n\n<p><\/p>\n<\/div><figure class=\"wp-block-media-text__media\"><\/figure><\/div>\n\n\n\n<p><\/p>\n","protected":false},"excerpt":{"rendered":"<p>PARLER A UN EXPERT Module S\u00e9rie A5 Le module d\u2019ultrafiltration tubulaire compact A5 de PCI Membranes\u00ae peut \u00eatre utilis\u00e9 pour une large gamme d\u2019applications industrielles dans l\u2019industrie des proc\u00e9d\u00e9s pour la concentration et la clarification \u00e9conomiques des liquides de process et des eaux us\u00e9es. Le module de la s\u00e9rie A5 se compose d\u2019un noyau rempla\u00e7able [&hellip;]<\/p>\n","protected":false},"author":9,"featured_media":0,"parent":7204,"menu_order":0,"comment_status":"closed","ping_status":"closed","template":"","meta":{"_acf_changed":false,"content-type":"","footnotes":""},"class_list":["post-7221","page","type-page","status-publish","hentry"],"acf":[],"yoast_head":"<!-- This site is optimized with the Yoast SEO plugin v27.3 - https:\/\/yoast.com\/product\/yoast-seo-wordpress\/ -->\n<title>Module S\u00e9rie A5 - PCI Membranes<\/title>\n<meta name=\"robots\" content=\"index, follow, max-snippet:-1, max-image-preview:large, max-video-preview:-1\" \/>\n<link rel=\"canonical\" href=\"https:\/\/www.pcimembranes.com\/fr\/modules-a-membranes-tubulaires-serie-a\/module-serie-a5\/\" \/>\n<meta property=\"og:locale\" content=\"fr_FR\" \/>\n<meta property=\"og:type\" content=\"article\" \/>\n<meta property=\"og:title\" content=\"Module S\u00e9rie A5 - PCI Membranes\" \/>\n<meta property=\"og:description\" content=\"PARLER A UN EXPERT Module S\u00e9rie A5 Le module d\u2019ultrafiltration tubulaire compact A5 de PCI Membranes\u00ae peut \u00eatre utilis\u00e9 pour une large gamme d\u2019applications industrielles dans l\u2019industrie des proc\u00e9d\u00e9s pour la concentration et la clarification \u00e9conomiques des liquides de process et des eaux us\u00e9es. Le module de la s\u00e9rie A5 se compose d\u2019un noyau rempla\u00e7able [&hellip;]\" \/>\n<meta property=\"og:url\" content=\"https:\/\/www.pcimembranes.com\/fr\/modules-a-membranes-tubulaires-serie-a\/module-serie-a5\/\" \/>\n<meta property=\"og:site_name\" content=\"PCI Membranes\" \/>\n<meta property=\"article:modified_time\" content=\"2025-07-25T13:49:41+00:00\" \/>\n<meta property=\"og:image\" content=\"https:\/\/www.pcimembranes.com\/wp-content\/uploads\/2021\/08\/MicrosoftTeams-image-_2.jpg\" \/>\n\t<meta property=\"og:image:width\" content=\"1400\" \/>\n\t<meta property=\"og:image:height\" content=\"787\" \/>\n\t<meta property=\"og:image:type\" content=\"image\/jpeg\" \/>\n<meta name=\"twitter:card\" content=\"summary_large_image\" \/>\n<meta name=\"twitter:label1\" content=\"Dur\u00e9e de lecture estim\u00e9e\" \/>\n\t<meta name=\"twitter:data1\" content=\"2 minutes\" \/>\n<script type=\"application\/ld+json\" class=\"yoast-schema-graph\">{\"@context\":\"https:\\\/\\\/schema.org\",\"@graph\":[{\"@type\":\"WebPage\",\"@id\":\"https:\\\/\\\/www.pcimembranes.com\\\/fr\\\/modules-a-membranes-tubulaires-serie-a\\\/module-serie-a5\\\/\",\"url\":\"https:\\\/\\\/www.pcimembranes.com\\\/fr\\\/modules-a-membranes-tubulaires-serie-a\\\/module-serie-a5\\\/\",\"name\":\"Module S\u00e9rie A5 - PCI Membranes\",\"isPartOf\":{\"@id\":\"https:\\\/\\\/www.pcimembranes.com\\\/fr\\\/#website\"},\"primaryImageOfPage\":{\"@id\":\"https:\\\/\\\/www.pcimembranes.com\\\/fr\\\/modules-a-membranes-tubulaires-serie-a\\\/module-serie-a5\\\/#primaryimage\"},\"image\":{\"@id\":\"https:\\\/\\\/www.pcimembranes.com\\\/fr\\\/modules-a-membranes-tubulaires-serie-a\\\/module-serie-a5\\\/#primaryimage\"},\"thumbnailUrl\":\"https:\\\/\\\/www.pcimembranes.com\\\/wp-content\\\/uploads\\\/2021\\\/08\\\/MicrosoftTeams-image-_2.jpg\",\"datePublished\":\"2024-01-04T10:42:31+00:00\",\"dateModified\":\"2025-07-25T13:49:41+00:00\",\"breadcrumb\":{\"@id\":\"https:\\\/\\\/www.pcimembranes.com\\\/fr\\\/modules-a-membranes-tubulaires-serie-a\\\/module-serie-a5\\\/#breadcrumb\"},\"inLanguage\":\"fr-FR\",\"potentialAction\":[{\"@type\":\"ReadAction\",\"target\":[\"https:\\\/\\\/www.pcimembranes.com\\\/fr\\\/modules-a-membranes-tubulaires-serie-a\\\/module-serie-a5\\\/\"]}]},{\"@type\":\"ImageObject\",\"inLanguage\":\"fr-FR\",\"@id\":\"https:\\\/\\\/www.pcimembranes.com\\\/fr\\\/modules-a-membranes-tubulaires-serie-a\\\/module-serie-a5\\\/#primaryimage\",\"url\":\"https:\\\/\\\/www.pcimembranes.com\\\/wp-content\\\/uploads\\\/2021\\\/08\\\/MicrosoftTeams-image-_2.jpg\",\"contentUrl\":\"https:\\\/\\\/www.pcimembranes.com\\\/wp-content\\\/uploads\\\/2021\\\/08\\\/MicrosoftTeams-image-_2.jpg\"},{\"@type\":\"BreadcrumbList\",\"@id\":\"https:\\\/\\\/www.pcimembranes.com\\\/fr\\\/modules-a-membranes-tubulaires-serie-a\\\/module-serie-a5\\\/#breadcrumb\",\"itemListElement\":[{\"@type\":\"ListItem\",\"position\":1,\"name\":\"\",\"item\":\"https:\\\/\\\/www.pcimembranes.com\\\/fr\\\/\"},{\"@type\":\"ListItem\",\"position\":2,\"name\":\"Modules \u00e0 membranes tubulaires S\u00e9rie A\",\"item\":\"https:\\\/\\\/www.pcimembranes.com\\\/fr\\\/modules-a-membranes-tubulaires-serie-a\\\/\"},{\"@type\":\"ListItem\",\"position\":3,\"name\":\"Module S\u00e9rie A5\"}]},{\"@type\":\"WebSite\",\"@id\":\"https:\\\/\\\/www.pcimembranes.com\\\/fr\\\/#website\",\"url\":\"https:\\\/\\\/www.pcimembranes.com\\\/fr\\\/\",\"name\":\"PCI Membranes\",\"description\":\"Making the World Safer, Healthier and More Productive\",\"publisher\":{\"@id\":\"https:\\\/\\\/www.pcimembranes.com\\\/fr\\\/#organization\"},\"potentialAction\":[{\"@type\":\"SearchAction\",\"target\":{\"@type\":\"EntryPoint\",\"urlTemplate\":\"https:\\\/\\\/www.pcimembranes.com\\\/fr\\\/?s={search_term_string}\"},\"query-input\":{\"@type\":\"PropertyValueSpecification\",\"valueRequired\":true,\"valueName\":\"search_term_string\"}}],\"inLanguage\":\"fr-FR\"},{\"@type\":\"Organization\",\"@id\":\"https:\\\/\\\/www.pcimembranes.com\\\/fr\\\/#organization\",\"name\":\"Filtration Group\",\"url\":\"https:\\\/\\\/www.pcimembranes.com\\\/fr\\\/\",\"logo\":{\"@type\":\"ImageObject\",\"inLanguage\":\"fr-FR\",\"@id\":\"https:\\\/\\\/www.pcimembranes.com\\\/fr\\\/#\\\/schema\\\/logo\\\/image\\\/\",\"url\":\"https:\\\/\\\/www.pcimembranes.com\\\/wp-content\\\/uploads\\\/2019\\\/06\\\/FGC-logo-1.png\",\"contentUrl\":\"https:\\\/\\\/www.pcimembranes.com\\\/wp-content\\\/uploads\\\/2019\\\/06\\\/FGC-logo-1.png\",\"width\":1104,\"height\":224,\"caption\":\"Filtration Group\"},\"image\":{\"@id\":\"https:\\\/\\\/www.pcimembranes.com\\\/fr\\\/#\\\/schema\\\/logo\\\/image\\\/\"}}]}<\/script>\n<!-- \/ Yoast SEO plugin. -->","yoast_head_json":{"title":"Module S\u00e9rie A5 - PCI Membranes","robots":{"index":"index","follow":"follow","max-snippet":"max-snippet:-1","max-image-preview":"max-image-preview:large","max-video-preview":"max-video-preview:-1"},"canonical":"https:\/\/www.pcimembranes.com\/fr\/modules-a-membranes-tubulaires-serie-a\/module-serie-a5\/","og_locale":"fr_FR","og_type":"article","og_title":"Module S\u00e9rie A5 - PCI Membranes","og_description":"PARLER A UN EXPERT Module S\u00e9rie A5 Le module d\u2019ultrafiltration tubulaire compact A5 de PCI Membranes\u00ae peut \u00eatre utilis\u00e9 pour une large gamme d\u2019applications industrielles dans l\u2019industrie des proc\u00e9d\u00e9s pour la concentration et la clarification \u00e9conomiques des liquides de process et des eaux us\u00e9es. Le module de la s\u00e9rie A5 se compose d\u2019un noyau rempla\u00e7able [&hellip;]","og_url":"https:\/\/www.pcimembranes.com\/fr\/modules-a-membranes-tubulaires-serie-a\/module-serie-a5\/","og_site_name":"PCI Membranes","article_modified_time":"2025-07-25T13:49:41+00:00","og_image":[{"width":1400,"height":787,"url":"https:\/\/www.pcimembranes.com\/wp-content\/uploads\/2021\/08\/MicrosoftTeams-image-_2.jpg","type":"image\/jpeg"}],"twitter_card":"summary_large_image","twitter_misc":{"Dur\u00e9e de lecture estim\u00e9e":"2 minutes"},"schema":{"@context":"https:\/\/schema.org","@graph":[{"@type":"WebPage","@id":"https:\/\/www.pcimembranes.com\/fr\/modules-a-membranes-tubulaires-serie-a\/module-serie-a5\/","url":"https:\/\/www.pcimembranes.com\/fr\/modules-a-membranes-tubulaires-serie-a\/module-serie-a5\/","name":"Module S\u00e9rie A5 - PCI Membranes","isPartOf":{"@id":"https:\/\/www.pcimembranes.com\/fr\/#website"},"primaryImageOfPage":{"@id":"https:\/\/www.pcimembranes.com\/fr\/modules-a-membranes-tubulaires-serie-a\/module-serie-a5\/#primaryimage"},"image":{"@id":"https:\/\/www.pcimembranes.com\/fr\/modules-a-membranes-tubulaires-serie-a\/module-serie-a5\/#primaryimage"},"thumbnailUrl":"https:\/\/www.pcimembranes.com\/wp-content\/uploads\/2021\/08\/MicrosoftTeams-image-_2.jpg","datePublished":"2024-01-04T10:42:31+00:00","dateModified":"2025-07-25T13:49:41+00:00","breadcrumb":{"@id":"https:\/\/www.pcimembranes.com\/fr\/modules-a-membranes-tubulaires-serie-a\/module-serie-a5\/#breadcrumb"},"inLanguage":"fr-FR","potentialAction":[{"@type":"ReadAction","target":["https:\/\/www.pcimembranes.com\/fr\/modules-a-membranes-tubulaires-serie-a\/module-serie-a5\/"]}]},{"@type":"ImageObject","inLanguage":"fr-FR","@id":"https:\/\/www.pcimembranes.com\/fr\/modules-a-membranes-tubulaires-serie-a\/module-serie-a5\/#primaryimage","url":"https:\/\/www.pcimembranes.com\/wp-content\/uploads\/2021\/08\/MicrosoftTeams-image-_2.jpg","contentUrl":"https:\/\/www.pcimembranes.com\/wp-content\/uploads\/2021\/08\/MicrosoftTeams-image-_2.jpg"},{"@type":"BreadcrumbList","@id":"https:\/\/www.pcimembranes.com\/fr\/modules-a-membranes-tubulaires-serie-a\/module-serie-a5\/#breadcrumb","itemListElement":[{"@type":"ListItem","position":1,"name":"","item":"https:\/\/www.pcimembranes.com\/fr\/"},{"@type":"ListItem","position":2,"name":"Modules \u00e0 membranes tubulaires S\u00e9rie A","item":"https:\/\/www.pcimembranes.com\/fr\/modules-a-membranes-tubulaires-serie-a\/"},{"@type":"ListItem","position":3,"name":"Module S\u00e9rie A5"}]},{"@type":"WebSite","@id":"https:\/\/www.pcimembranes.com\/fr\/#website","url":"https:\/\/www.pcimembranes.com\/fr\/","name":"PCI Membranes","description":"Making the World Safer, Healthier and More Productive","publisher":{"@id":"https:\/\/www.pcimembranes.com\/fr\/#organization"},"potentialAction":[{"@type":"SearchAction","target":{"@type":"EntryPoint","urlTemplate":"https:\/\/www.pcimembranes.com\/fr\/?s={search_term_string}"},"query-input":{"@type":"PropertyValueSpecification","valueRequired":true,"valueName":"search_term_string"}}],"inLanguage":"fr-FR"},{"@type":"Organization","@id":"https:\/\/www.pcimembranes.com\/fr\/#organization","name":"Filtration Group","url":"https:\/\/www.pcimembranes.com\/fr\/","logo":{"@type":"ImageObject","inLanguage":"fr-FR","@id":"https:\/\/www.pcimembranes.com\/fr\/#\/schema\/logo\/image\/","url":"https:\/\/www.pcimembranes.com\/wp-content\/uploads\/2019\/06\/FGC-logo-1.png","contentUrl":"https:\/\/www.pcimembranes.com\/wp-content\/uploads\/2019\/06\/FGC-logo-1.png","width":1104,"height":224,"caption":"Filtration Group"},"image":{"@id":"https:\/\/www.pcimembranes.com\/fr\/#\/schema\/logo\/image\/"}}]}},"_links":{"self":[{"href":"https:\/\/www.pcimembranes.com\/fr\/wp-json\/wp\/v2\/pages\/7221","targetHints":{"allow":["GET"]}}],"collection":[{"href":"https:\/\/www.pcimembranes.com\/fr\/wp-json\/wp\/v2\/pages"}],"about":[{"href":"https:\/\/www.pcimembranes.com\/fr\/wp-json\/wp\/v2\/types\/page"}],"author":[{"embeddable":true,"href":"https:\/\/www.pcimembranes.com\/fr\/wp-json\/wp\/v2\/users\/9"}],"replies":[{"embeddable":true,"href":"https:\/\/www.pcimembranes.com\/fr\/wp-json\/wp\/v2\/comments?post=7221"}],"version-history":[{"count":0,"href":"https:\/\/www.pcimembranes.com\/fr\/wp-json\/wp\/v2\/pages\/7221\/revisions"}],"up":[{"embeddable":true,"href":"https:\/\/www.pcimembranes.com\/fr\/wp-json\/wp\/v2\/pages\/7204"}],"wp:attachment":[{"href":"https:\/\/www.pcimembranes.com\/fr\/wp-json\/wp\/v2\/media?parent=7221"}],"curies":[{"name":"wp","href":"https:\/\/api.w.org\/{rel}","templated":true}]}}