{"id":7244,"date":"2024-01-04T10:58:11","date_gmt":"2024-01-04T10:58:11","guid":{"rendered":"https:\/\/www.pcimembranes.com\/?page_id=7244"},"modified":"2025-07-25T13:34:49","modified_gmt":"2025-07-25T13:34:49","slug":"module-serie-a19","status":"publish","type":"page","link":"https:\/\/www.pcimembranes.com\/fr\/modules-a-membranes-tubulaires-serie-a\/module-serie-a19\/","title":{"rendered":"Module s\u00e9rie A19"},"content":{"rendered":"\n<div class=\"wp-block-cover alignfull is-light\" style=\"min-height:259px;aspect-ratio:unset;\"><img loading=\"lazy\" decoding=\"async\" width=\"1400\" height=\"787\" class=\"wp-block-cover__image-background wp-image-2795\" alt=\"\" src=\"https:\/\/www.pcimembranes.com\/wp-content\/uploads\/2021\/08\/MicrosoftTeams-image-_2.jpg\" data-object-fit=\"cover\" srcset=\"https:\/\/www.pcimembranes.com\/wp-content\/uploads\/2021\/08\/MicrosoftTeams-image-_2.jpg 1400w, https:\/\/www.pcimembranes.com\/wp-content\/uploads\/2021\/08\/MicrosoftTeams-image-_2-300x169.jpg 300w, https:\/\/www.pcimembranes.com\/wp-content\/uploads\/2021\/08\/MicrosoftTeams-image-_2-1024x576.jpg 1024w, https:\/\/www.pcimembranes.com\/wp-content\/uploads\/2021\/08\/MicrosoftTeams-image-_2-768x432.jpg 768w\" sizes=\"auto, (max-width: 1400px) 100vw, 1400px\" \/><span aria-hidden=\"true\" class=\"wp-block-cover__background has-background-dim-10 has-background-dim\"><\/span><div class=\"wp-block-cover__inner-container is-layout-flow wp-block-cover-is-layout-flow\">\n<h1 class=\"wp-block-heading has-text-align-center has-white-color has-text-color has-link-color wp-elements-1fb9e914a545efeb3c8bbf64dbf4f08d\">Module s\u00e9rie A19<\/h1>\n<\/div><\/div>\n\n\n\n<!--Close-->\t\n<\/div><\/div><\/section>\n<!--Menu-->\n<div class=\"no-top-margin\">\n<div class=\"msb-sticky-bar\">\n<div class=\"container\">\n  <div class=\"row\">\n    <div class=\"col-sm text-center\">\n      <a href=\"https:\/\/www.pcimembranes.com\/contactus\/\" class=\"btn btn-primary solution-trigger\">PARLER A UN EXPERT<\/a>\n    <\/div>\n  <\/div>\n<\/div>\n<\/div>\n<\/div>\n<!--Open-->\n<section class=\"container\"><div class=\"row\"><div class=\"col-md-12\">\n\n\n\n<h2 class=\"wp-block-heading\">Module s\u00e9rie A19<\/h2>\n\n\n\n<p>Le module A19 se compose d\u2019un noyau rempla\u00e7able de 19 tubes de 12.5 mm de diam\u00e8tre ins\u00e9r\u00e9 dans un carter en acier inoxydable.<\/p>\n\n\n\n<p>Le module utilise nos membranes d\u2019ultrafiltration et de microfiltration en PVDF sp\u00e9cialement d\u00e9velopp\u00e9es qui conviennent \u00e0 une vari\u00e9t\u00e9 de conditions de process diff\u00e9rentes. Cinq s\u00e9parations diff\u00e9rentes sont disponibles : 450k Daltons, 200k Daltons, 100k Daltons et 20k Daltons de seuil de coupure nominal ainsi que 0.2 micron, bien que les performances r\u00e9elles d\u00e9pendent \u00e9galement des conditions de fonctionnement.<\/p>\n\n\n\n<p>Le module est disponible en standard dans des longueurs de 3.05 m ou 3.66 m, offrant des surfaces membranaire de 2.1 m<sup>2<\/sup> et 2.5 m<sup>2<\/sup> respectivement.<\/p>\n\n\n\n<p>La conception compacte conf\u00e8re au module une r\u00e9sistance \u00e9lev\u00e9e, permettant des pressions de service de 7 bars \u00e0 des temp\u00e9ratures allant jusqu\u2019\u00e0 60\u00b0C.<\/p>\n\n\n\n<div class=\"wp-block-columns has-2-columns is-layout-flex wp-container-core-columns-is-layout-9d6595d7 wp-block-columns-is-layout-flex\">\n<div class=\"wp-block-column is-layout-flow wp-block-column-is-layout-flow\">\n<figure class=\"wp-block-image\"><img loading=\"lazy\" decoding=\"async\" width=\"400\" height=\"341\" src=\"https:\/\/www.pcimembranes.com\/wp-content\/uploads\/2019\/09\/A19_Series_2.jpg\" alt=\"\" class=\"wp-image-521\" srcset=\"https:\/\/www.pcimembranes.com\/wp-content\/uploads\/2019\/09\/A19_Series_2.jpg 400w, https:\/\/www.pcimembranes.com\/wp-content\/uploads\/2019\/09\/A19_Series_2-300x256.jpg 300w\" sizes=\"auto, (max-width: 400px) 100vw, 400px\" \/><\/figure>\n<\/div>\n\n\n\n<div class=\"wp-block-column is-layout-flow wp-block-column-is-layout-flow\">\n<figure class=\"wp-block-image\"><img loading=\"lazy\" decoding=\"async\" width=\"400\" height=\"481\" src=\"https:\/\/www.pcimembranes.com\/wp-content\/uploads\/2019\/09\/A19_Series_edited.jpg\" alt=\"\" class=\"wp-image-523\" srcset=\"https:\/\/www.pcimembranes.com\/wp-content\/uploads\/2019\/09\/A19_Series_edited.jpg 400w, https:\/\/www.pcimembranes.com\/wp-content\/uploads\/2019\/09\/A19_Series_edited-249x300.jpg 249w\" sizes=\"auto, (max-width: 400px) 100vw, 400px\" \/><\/figure>\n<\/div>\n<\/div>\n\n\n\n<div class=\"wp-block-file\"><a href=\"https:\/\/www.pcimembranes.com\/wp-content\/uploads\/2019\/09\/PCI-A19-Series-DS-020821.pdf\" target=\"_blank\" rel=\"noreferrer noopener\">FICHE D&rsquo;INFORMATION PRODUIT SERIE A19<\/a><a href=\"https:\/\/www.pcimembranes.com\/wp-content\/uploads\/2019\/09\/PCI-A19-Series-DS-020821.pdf\" class=\"wp-block-file__button\" download>TELECHARGER<\/a><\/div>\n\n\n\n<div class=\"wp-block-file\"><a id=\"wp-block-file--media-b29356f3-2856-46a0-a2c7-c7467cbe4131\" href=\"https:\/\/www.pcimembranes.com\/wp-content\/uploads\/2019\/09\/A19_A37-Juice-Data-Sheet.pdf\">A19_A37-JUS-FICHE-TECHNIQUE<\/a><a href=\"https:\/\/www.pcimembranes.com\/wp-content\/uploads\/2019\/09\/A19_A37-Juice-Data-Sheet.pdf\" class=\"wp-block-file__button wp-element-button\" download aria-describedby=\"wp-block-file--media-b29356f3-2856-46a0-a2c7-c7467cbe4131\">TELECHARGER<\/a><\/div>\n\n\n","protected":false},"excerpt":{"rendered":"<p>PARLER A UN EXPERT Module s\u00e9rie A19 Le module A19 se compose d\u2019un noyau rempla\u00e7able de 19 tubes de 12.5 mm de diam\u00e8tre ins\u00e9r\u00e9 dans un carter en acier inoxydable. Le module utilise nos membranes d\u2019ultrafiltration et de microfiltration en PVDF sp\u00e9cialement d\u00e9velopp\u00e9es qui conviennent \u00e0 une vari\u00e9t\u00e9 de conditions de process diff\u00e9rentes. Cinq s\u00e9parations [&hellip;]<\/p>\n","protected":false},"author":9,"featured_media":0,"parent":7204,"menu_order":0,"comment_status":"closed","ping_status":"closed","template":"","meta":{"_acf_changed":false,"content-type":"","footnotes":""},"class_list":["post-7244","page","type-page","status-publish","hentry"],"acf":[],"yoast_head":"<!-- This site is optimized with the Yoast SEO plugin v27.3 - https:\/\/yoast.com\/product\/yoast-seo-wordpress\/ -->\n<title>Module s\u00e9rie A19 - PCI Membranes<\/title>\n<meta name=\"robots\" content=\"index, follow, max-snippet:-1, max-image-preview:large, max-video-preview:-1\" \/>\n<link rel=\"canonical\" href=\"https:\/\/www.pcimembranes.com\/fr\/modules-a-membranes-tubulaires-serie-a\/module-serie-a19\/\" \/>\n<meta property=\"og:locale\" content=\"fr_FR\" \/>\n<meta property=\"og:type\" content=\"article\" \/>\n<meta property=\"og:title\" content=\"Module s\u00e9rie A19 - PCI Membranes\" \/>\n<meta property=\"og:description\" content=\"PARLER A UN EXPERT Module s\u00e9rie A19 Le module A19 se compose d\u2019un noyau rempla\u00e7able de 19 tubes de 12.5 mm de diam\u00e8tre ins\u00e9r\u00e9 dans un carter en acier inoxydable. Le module utilise nos membranes d\u2019ultrafiltration et de microfiltration en PVDF sp\u00e9cialement d\u00e9velopp\u00e9es qui conviennent \u00e0 une vari\u00e9t\u00e9 de conditions de process diff\u00e9rentes. Cinq s\u00e9parations [&hellip;]\" \/>\n<meta property=\"og:url\" content=\"https:\/\/www.pcimembranes.com\/fr\/modules-a-membranes-tubulaires-serie-a\/module-serie-a19\/\" \/>\n<meta property=\"og:site_name\" content=\"PCI Membranes\" \/>\n<meta property=\"article:modified_time\" content=\"2025-07-25T13:34:49+00:00\" \/>\n<meta property=\"og:image\" content=\"https:\/\/www.pcimembranes.com\/wp-content\/uploads\/2021\/08\/MicrosoftTeams-image-_2.jpg\" \/>\n\t<meta property=\"og:image:width\" content=\"1400\" \/>\n\t<meta property=\"og:image:height\" content=\"787\" \/>\n\t<meta property=\"og:image:type\" content=\"image\/jpeg\" \/>\n<meta name=\"twitter:card\" content=\"summary_large_image\" \/>\n<meta name=\"twitter:label1\" content=\"Dur\u00e9e de lecture estim\u00e9e\" \/>\n\t<meta name=\"twitter:data1\" content=\"3 minutes\" \/>\n<script type=\"application\/ld+json\" class=\"yoast-schema-graph\">{\"@context\":\"https:\\\/\\\/schema.org\",\"@graph\":[{\"@type\":\"WebPage\",\"@id\":\"https:\\\/\\\/www.pcimembranes.com\\\/fr\\\/modules-a-membranes-tubulaires-serie-a\\\/module-serie-a19\\\/\",\"url\":\"https:\\\/\\\/www.pcimembranes.com\\\/fr\\\/modules-a-membranes-tubulaires-serie-a\\\/module-serie-a19\\\/\",\"name\":\"Module s\u00e9rie A19 - PCI Membranes\",\"isPartOf\":{\"@id\":\"https:\\\/\\\/www.pcimembranes.com\\\/fr\\\/#website\"},\"primaryImageOfPage\":{\"@id\":\"https:\\\/\\\/www.pcimembranes.com\\\/fr\\\/modules-a-membranes-tubulaires-serie-a\\\/module-serie-a19\\\/#primaryimage\"},\"image\":{\"@id\":\"https:\\\/\\\/www.pcimembranes.com\\\/fr\\\/modules-a-membranes-tubulaires-serie-a\\\/module-serie-a19\\\/#primaryimage\"},\"thumbnailUrl\":\"https:\\\/\\\/www.pcimembranes.com\\\/wp-content\\\/uploads\\\/2021\\\/08\\\/MicrosoftTeams-image-_2.jpg\",\"datePublished\":\"2024-01-04T10:58:11+00:00\",\"dateModified\":\"2025-07-25T13:34:49+00:00\",\"breadcrumb\":{\"@id\":\"https:\\\/\\\/www.pcimembranes.com\\\/fr\\\/modules-a-membranes-tubulaires-serie-a\\\/module-serie-a19\\\/#breadcrumb\"},\"inLanguage\":\"fr-FR\",\"potentialAction\":[{\"@type\":\"ReadAction\",\"target\":[\"https:\\\/\\\/www.pcimembranes.com\\\/fr\\\/modules-a-membranes-tubulaires-serie-a\\\/module-serie-a19\\\/\"]}]},{\"@type\":\"ImageObject\",\"inLanguage\":\"fr-FR\",\"@id\":\"https:\\\/\\\/www.pcimembranes.com\\\/fr\\\/modules-a-membranes-tubulaires-serie-a\\\/module-serie-a19\\\/#primaryimage\",\"url\":\"https:\\\/\\\/www.pcimembranes.com\\\/wp-content\\\/uploads\\\/2021\\\/08\\\/MicrosoftTeams-image-_2.jpg\",\"contentUrl\":\"https:\\\/\\\/www.pcimembranes.com\\\/wp-content\\\/uploads\\\/2021\\\/08\\\/MicrosoftTeams-image-_2.jpg\"},{\"@type\":\"BreadcrumbList\",\"@id\":\"https:\\\/\\\/www.pcimembranes.com\\\/fr\\\/modules-a-membranes-tubulaires-serie-a\\\/module-serie-a19\\\/#breadcrumb\",\"itemListElement\":[{\"@type\":\"ListItem\",\"position\":1,\"name\":\"\",\"item\":\"https:\\\/\\\/www.pcimembranes.com\\\/fr\\\/\"},{\"@type\":\"ListItem\",\"position\":2,\"name\":\"Modules \u00e0 membranes tubulaires S\u00e9rie A\",\"item\":\"https:\\\/\\\/www.pcimembranes.com\\\/fr\\\/modules-a-membranes-tubulaires-serie-a\\\/\"},{\"@type\":\"ListItem\",\"position\":3,\"name\":\"Module s\u00e9rie A19\"}]},{\"@type\":\"WebSite\",\"@id\":\"https:\\\/\\\/www.pcimembranes.com\\\/fr\\\/#website\",\"url\":\"https:\\\/\\\/www.pcimembranes.com\\\/fr\\\/\",\"name\":\"PCI Membranes\",\"description\":\"Making the World Safer, Healthier and More Productive\",\"publisher\":{\"@id\":\"https:\\\/\\\/www.pcimembranes.com\\\/fr\\\/#organization\"},\"potentialAction\":[{\"@type\":\"SearchAction\",\"target\":{\"@type\":\"EntryPoint\",\"urlTemplate\":\"https:\\\/\\\/www.pcimembranes.com\\\/fr\\\/?s={search_term_string}\"},\"query-input\":{\"@type\":\"PropertyValueSpecification\",\"valueRequired\":true,\"valueName\":\"search_term_string\"}}],\"inLanguage\":\"fr-FR\"},{\"@type\":\"Organization\",\"@id\":\"https:\\\/\\\/www.pcimembranes.com\\\/fr\\\/#organization\",\"name\":\"Filtration Group\",\"url\":\"https:\\\/\\\/www.pcimembranes.com\\\/fr\\\/\",\"logo\":{\"@type\":\"ImageObject\",\"inLanguage\":\"fr-FR\",\"@id\":\"https:\\\/\\\/www.pcimembranes.com\\\/fr\\\/#\\\/schema\\\/logo\\\/image\\\/\",\"url\":\"https:\\\/\\\/www.pcimembranes.com\\\/wp-content\\\/uploads\\\/2019\\\/06\\\/FGC-logo-1.png\",\"contentUrl\":\"https:\\\/\\\/www.pcimembranes.com\\\/wp-content\\\/uploads\\\/2019\\\/06\\\/FGC-logo-1.png\",\"width\":1104,\"height\":224,\"caption\":\"Filtration Group\"},\"image\":{\"@id\":\"https:\\\/\\\/www.pcimembranes.com\\\/fr\\\/#\\\/schema\\\/logo\\\/image\\\/\"}}]}<\/script>\n<!-- \/ Yoast SEO plugin. -->","yoast_head_json":{"title":"Module s\u00e9rie A19 - PCI Membranes","robots":{"index":"index","follow":"follow","max-snippet":"max-snippet:-1","max-image-preview":"max-image-preview:large","max-video-preview":"max-video-preview:-1"},"canonical":"https:\/\/www.pcimembranes.com\/fr\/modules-a-membranes-tubulaires-serie-a\/module-serie-a19\/","og_locale":"fr_FR","og_type":"article","og_title":"Module s\u00e9rie A19 - PCI Membranes","og_description":"PARLER A UN EXPERT Module s\u00e9rie A19 Le module A19 se compose d\u2019un noyau rempla\u00e7able de 19 tubes de 12.5 mm de diam\u00e8tre ins\u00e9r\u00e9 dans un carter en acier inoxydable. Le module utilise nos membranes d\u2019ultrafiltration et de microfiltration en PVDF sp\u00e9cialement d\u00e9velopp\u00e9es qui conviennent \u00e0 une vari\u00e9t\u00e9 de conditions de process diff\u00e9rentes. Cinq s\u00e9parations [&hellip;]","og_url":"https:\/\/www.pcimembranes.com\/fr\/modules-a-membranes-tubulaires-serie-a\/module-serie-a19\/","og_site_name":"PCI Membranes","article_modified_time":"2025-07-25T13:34:49+00:00","og_image":[{"width":1400,"height":787,"url":"https:\/\/www.pcimembranes.com\/wp-content\/uploads\/2021\/08\/MicrosoftTeams-image-_2.jpg","type":"image\/jpeg"}],"twitter_card":"summary_large_image","twitter_misc":{"Dur\u00e9e de lecture estim\u00e9e":"3 minutes"},"schema":{"@context":"https:\/\/schema.org","@graph":[{"@type":"WebPage","@id":"https:\/\/www.pcimembranes.com\/fr\/modules-a-membranes-tubulaires-serie-a\/module-serie-a19\/","url":"https:\/\/www.pcimembranes.com\/fr\/modules-a-membranes-tubulaires-serie-a\/module-serie-a19\/","name":"Module s\u00e9rie A19 - PCI Membranes","isPartOf":{"@id":"https:\/\/www.pcimembranes.com\/fr\/#website"},"primaryImageOfPage":{"@id":"https:\/\/www.pcimembranes.com\/fr\/modules-a-membranes-tubulaires-serie-a\/module-serie-a19\/#primaryimage"},"image":{"@id":"https:\/\/www.pcimembranes.com\/fr\/modules-a-membranes-tubulaires-serie-a\/module-serie-a19\/#primaryimage"},"thumbnailUrl":"https:\/\/www.pcimembranes.com\/wp-content\/uploads\/2021\/08\/MicrosoftTeams-image-_2.jpg","datePublished":"2024-01-04T10:58:11+00:00","dateModified":"2025-07-25T13:34:49+00:00","breadcrumb":{"@id":"https:\/\/www.pcimembranes.com\/fr\/modules-a-membranes-tubulaires-serie-a\/module-serie-a19\/#breadcrumb"},"inLanguage":"fr-FR","potentialAction":[{"@type":"ReadAction","target":["https:\/\/www.pcimembranes.com\/fr\/modules-a-membranes-tubulaires-serie-a\/module-serie-a19\/"]}]},{"@type":"ImageObject","inLanguage":"fr-FR","@id":"https:\/\/www.pcimembranes.com\/fr\/modules-a-membranes-tubulaires-serie-a\/module-serie-a19\/#primaryimage","url":"https:\/\/www.pcimembranes.com\/wp-content\/uploads\/2021\/08\/MicrosoftTeams-image-_2.jpg","contentUrl":"https:\/\/www.pcimembranes.com\/wp-content\/uploads\/2021\/08\/MicrosoftTeams-image-_2.jpg"},{"@type":"BreadcrumbList","@id":"https:\/\/www.pcimembranes.com\/fr\/modules-a-membranes-tubulaires-serie-a\/module-serie-a19\/#breadcrumb","itemListElement":[{"@type":"ListItem","position":1,"name":"","item":"https:\/\/www.pcimembranes.com\/fr\/"},{"@type":"ListItem","position":2,"name":"Modules \u00e0 membranes tubulaires S\u00e9rie A","item":"https:\/\/www.pcimembranes.com\/fr\/modules-a-membranes-tubulaires-serie-a\/"},{"@type":"ListItem","position":3,"name":"Module s\u00e9rie A19"}]},{"@type":"WebSite","@id":"https:\/\/www.pcimembranes.com\/fr\/#website","url":"https:\/\/www.pcimembranes.com\/fr\/","name":"PCI Membranes","description":"Making the World Safer, Healthier and More Productive","publisher":{"@id":"https:\/\/www.pcimembranes.com\/fr\/#organization"},"potentialAction":[{"@type":"SearchAction","target":{"@type":"EntryPoint","urlTemplate":"https:\/\/www.pcimembranes.com\/fr\/?s={search_term_string}"},"query-input":{"@type":"PropertyValueSpecification","valueRequired":true,"valueName":"search_term_string"}}],"inLanguage":"fr-FR"},{"@type":"Organization","@id":"https:\/\/www.pcimembranes.com\/fr\/#organization","name":"Filtration Group","url":"https:\/\/www.pcimembranes.com\/fr\/","logo":{"@type":"ImageObject","inLanguage":"fr-FR","@id":"https:\/\/www.pcimembranes.com\/fr\/#\/schema\/logo\/image\/","url":"https:\/\/www.pcimembranes.com\/wp-content\/uploads\/2019\/06\/FGC-logo-1.png","contentUrl":"https:\/\/www.pcimembranes.com\/wp-content\/uploads\/2019\/06\/FGC-logo-1.png","width":1104,"height":224,"caption":"Filtration Group"},"image":{"@id":"https:\/\/www.pcimembranes.com\/fr\/#\/schema\/logo\/image\/"}}]}},"_links":{"self":[{"href":"https:\/\/www.pcimembranes.com\/fr\/wp-json\/wp\/v2\/pages\/7244","targetHints":{"allow":["GET"]}}],"collection":[{"href":"https:\/\/www.pcimembranes.com\/fr\/wp-json\/wp\/v2\/pages"}],"about":[{"href":"https:\/\/www.pcimembranes.com\/fr\/wp-json\/wp\/v2\/types\/page"}],"author":[{"embeddable":true,"href":"https:\/\/www.pcimembranes.com\/fr\/wp-json\/wp\/v2\/users\/9"}],"replies":[{"embeddable":true,"href":"https:\/\/www.pcimembranes.com\/fr\/wp-json\/wp\/v2\/comments?post=7244"}],"version-history":[{"count":0,"href":"https:\/\/www.pcimembranes.com\/fr\/wp-json\/wp\/v2\/pages\/7244\/revisions"}],"up":[{"embeddable":true,"href":"https:\/\/www.pcimembranes.com\/fr\/wp-json\/wp\/v2\/pages\/7204"}],"wp:attachment":[{"href":"https:\/\/www.pcimembranes.com\/fr\/wp-json\/wp\/v2\/media?parent=7244"}],"curies":[{"name":"wp","href":"https:\/\/api.w.org\/{rel}","templated":true}]}}