{"id":7271,"date":"2024-01-04T15:44:34","date_gmt":"2024-01-04T15:44:34","guid":{"rendered":"https:\/\/www.pcimembranes.com\/?page_id=7271"},"modified":"2025-07-25T13:39:57","modified_gmt":"2025-07-25T13:39:57","slug":"arrangement-parralele-uf","status":"publish","type":"page","link":"https:\/\/www.pcimembranes.com\/fr\/modules-a-membranes-tubulaires-serie-b1\/arrangement-parralele-uf\/","title":{"rendered":"Arrangement Parral\u00e8le (UF)"},"content":{"rendered":"\n<div class=\"wp-block-cover alignfull is-light\" style=\"min-height:272px;aspect-ratio:unset;\"><img loading=\"lazy\" decoding=\"async\" width=\"1400\" height=\"787\" class=\"wp-block-cover__image-background wp-image-2795\" alt=\"\" src=\"https:\/\/www.pcimembranes.com\/wp-content\/uploads\/2021\/08\/MicrosoftTeams-image-_2.jpg\" data-object-fit=\"cover\" srcset=\"https:\/\/www.pcimembranes.com\/wp-content\/uploads\/2021\/08\/MicrosoftTeams-image-_2.jpg 1400w, https:\/\/www.pcimembranes.com\/wp-content\/uploads\/2021\/08\/MicrosoftTeams-image-_2-300x169.jpg 300w, https:\/\/www.pcimembranes.com\/wp-content\/uploads\/2021\/08\/MicrosoftTeams-image-_2-1024x576.jpg 1024w, https:\/\/www.pcimembranes.com\/wp-content\/uploads\/2021\/08\/MicrosoftTeams-image-_2-768x432.jpg 768w\" sizes=\"auto, (max-width: 1400px) 100vw, 1400px\" \/><span aria-hidden=\"true\" class=\"wp-block-cover__background has-background-dim-10 has-background-dim\"><\/span><div class=\"wp-block-cover__inner-container is-layout-flow wp-block-cover-is-layout-flow\">\n<h1 class=\"wp-block-heading has-text-align-center has-white-color has-text-color has-link-color wp-elements-736491f260c31bd191a8e54c2f879f9b\">Arrangement Parral\u00e8le (UF)<\/h1>\n<\/div><\/div>\n\n\n\n<!--Close-->\t\n<\/div><\/div><\/section>\n<!--Menu-->\n<div class=\"no-top-margin\">\n<div class=\"msb-sticky-bar\">\n<div class=\"container\">\n  <div class=\"row\">\n    <div class=\"col-sm text-center\">\n      <a href=\"https:\/\/www.pcimembranes.com\/contactus\/\" class=\"btn btn-primary solution-trigger\">PARLER A UN EXPERT<\/a>\n    <\/div>\n  <\/div>\n<\/div>\n<\/div>\n<\/div>\n<!--Open-->\n<section class=\"container\"><div class=\"row\"><div class=\"col-md-12\">\n\n\n\n<h2 class=\"wp-block-heading\">Arrangement Parral\u00e8le (UF)<\/h2>\n\n\n\n<p>Un troisi\u00e8me dispositif d\u2019embout de carter est disponible, permettant aux 18 tubes de fonctionner en parall\u00e8le, ce qui permet d\u2019utiliser les vitesses d\u2019\u00e9coulement tangentiel les plus \u00e9lev\u00e9es avec une perte de charge acceptable. Cette disposition ne convient qu\u2019\u00e0 une pression de service maximale de 16 bars et la limite de temp\u00e9rature pour le module B1 est de 80 \u00b0C.<\/p>\n\n\n\n<p>Le module est construit en acier inoxydable, avec des membranes tubulaires de 12.7 mm de diam\u00e8tre mont\u00e9es dans 18 tubes de support perfor\u00e9s et disponibles en standard \u00e0 des longueurs de 3.66 m, 2.4 m et 1.2 m, offrant des surfaces membranaires de 2.6 m<sup>2<\/sup>, 1.7 m<sup>2<\/sup> et 0.9 m<sup>2<\/sup> respectivement.<br><\/p>\n\n\n\n<div class=\"wp-block-columns has-2-columns is-layout-flex wp-container-core-columns-is-layout-9d6595d7 wp-block-columns-is-layout-flex\">\n<div class=\"wp-block-column is-layout-flow wp-block-column-is-layout-flow\">\n<figure class=\"wp-block-image\"><img loading=\"lazy\" decoding=\"async\" width=\"400\" height=\"360\" src=\"https:\/\/www.pcimembranes.com\/wp-content\/uploads\/2019\/10\/B_Series_Parallel.jpg\" alt=\"\" class=\"wp-image-586\" srcset=\"https:\/\/www.pcimembranes.com\/wp-content\/uploads\/2019\/10\/B_Series_Parallel.jpg 400w, https:\/\/www.pcimembranes.com\/wp-content\/uploads\/2019\/10\/B_Series_Parallel-300x270.jpg 300w\" sizes=\"auto, (max-width: 400px) 100vw, 400px\" \/><\/figure>\n<\/div>\n\n\n\n<div class=\"wp-block-column is-layout-flow wp-block-column-is-layout-flow\">\n<figure class=\"wp-block-image\"><img loading=\"lazy\" decoding=\"async\" width=\"400\" height=\"346\" src=\"https:\/\/www.pcimembranes.com\/wp-content\/uploads\/2019\/10\/B_Series_Parallel_Drawing.jpg\" alt=\"\" class=\"wp-image-588\" srcset=\"https:\/\/www.pcimembranes.com\/wp-content\/uploads\/2019\/10\/B_Series_Parallel_Drawing.jpg 400w, https:\/\/www.pcimembranes.com\/wp-content\/uploads\/2019\/10\/B_Series_Parallel_Drawing-300x260.jpg 300w\" sizes=\"auto, (max-width: 400px) 100vw, 400px\" \/><\/figure>\n<\/div>\n<\/div>\n\n\n\n<div class=\"wp-block-file\"><a href=\"https:\/\/www.pcimembranes.com\/wp-content\/uploads\/2019\/10\/PCI_B1_Series.pdf\">INFORMATION PRODUIT SERIE B1<\/a><a href=\"https:\/\/www.pcimembranes.com\/wp-content\/uploads\/2019\/10\/PCI_B1_Series.pdf\" class=\"wp-block-file__button\" download>TELECHARGER<\/a><\/div>\n\n\n\n<div style=\"height:50px\" aria-hidden=\"true\" class=\"wp-block-spacer\"><\/div>\n","protected":false},"excerpt":{"rendered":"<p>PARLER A UN EXPERT Arrangement Parral\u00e8le (UF) Un troisi\u00e8me dispositif d\u2019embout de carter est disponible, permettant aux 18 tubes de fonctionner en parall\u00e8le, ce qui permet d\u2019utiliser les vitesses d\u2019\u00e9coulement tangentiel les plus \u00e9lev\u00e9es avec une perte de charge acceptable. Cette disposition ne convient qu\u2019\u00e0 une pression de service maximale de 16 bars et la [&hellip;]<\/p>\n","protected":false},"author":9,"featured_media":0,"parent":7256,"menu_order":0,"comment_status":"closed","ping_status":"closed","template":"","meta":{"_acf_changed":false,"content-type":"","footnotes":""},"class_list":["post-7271","page","type-page","status-publish","hentry"],"acf":[],"yoast_head":"<!-- This site is optimized with the Yoast SEO plugin v27.3 - https:\/\/yoast.com\/product\/yoast-seo-wordpress\/ -->\n<title>Arrangement Parral\u00e8le (UF) - PCI Membranes<\/title>\n<meta name=\"robots\" content=\"index, follow, max-snippet:-1, max-image-preview:large, max-video-preview:-1\" \/>\n<link rel=\"canonical\" href=\"https:\/\/www.pcimembranes.com\/fr\/modules-a-membranes-tubulaires-serie-b1\/arrangement-parralele-uf\/\" \/>\n<meta property=\"og:locale\" content=\"fr_FR\" \/>\n<meta property=\"og:type\" content=\"article\" \/>\n<meta property=\"og:title\" content=\"Arrangement Parral\u00e8le (UF) - PCI Membranes\" \/>\n<meta property=\"og:description\" content=\"PARLER A UN EXPERT Arrangement Parral\u00e8le (UF) Un troisi\u00e8me dispositif d\u2019embout de carter est disponible, permettant aux 18 tubes de fonctionner en parall\u00e8le, ce qui permet d\u2019utiliser les vitesses d\u2019\u00e9coulement tangentiel les plus \u00e9lev\u00e9es avec une perte de charge acceptable. Cette disposition ne convient qu\u2019\u00e0 une pression de service maximale de 16 bars et la [&hellip;]\" \/>\n<meta property=\"og:url\" content=\"https:\/\/www.pcimembranes.com\/fr\/modules-a-membranes-tubulaires-serie-b1\/arrangement-parralele-uf\/\" \/>\n<meta property=\"og:site_name\" content=\"PCI Membranes\" \/>\n<meta property=\"article:modified_time\" content=\"2025-07-25T13:39:57+00:00\" \/>\n<meta property=\"og:image\" content=\"https:\/\/www.pcimembranes.com\/wp-content\/uploads\/2021\/08\/MicrosoftTeams-image-_2.jpg\" \/>\n\t<meta property=\"og:image:width\" content=\"1400\" \/>\n\t<meta property=\"og:image:height\" content=\"787\" \/>\n\t<meta property=\"og:image:type\" content=\"image\/jpeg\" \/>\n<meta name=\"twitter:card\" content=\"summary_large_image\" \/>\n<meta name=\"twitter:label1\" content=\"Dur\u00e9e de lecture estim\u00e9e\" \/>\n\t<meta name=\"twitter:data1\" content=\"2 minutes\" \/>\n<script type=\"application\/ld+json\" class=\"yoast-schema-graph\">{\"@context\":\"https:\\\/\\\/schema.org\",\"@graph\":[{\"@type\":\"WebPage\",\"@id\":\"https:\\\/\\\/www.pcimembranes.com\\\/fr\\\/modules-a-membranes-tubulaires-serie-b1\\\/arrangement-parralele-uf\\\/\",\"url\":\"https:\\\/\\\/www.pcimembranes.com\\\/fr\\\/modules-a-membranes-tubulaires-serie-b1\\\/arrangement-parralele-uf\\\/\",\"name\":\"Arrangement Parral\u00e8le (UF) - PCI Membranes\",\"isPartOf\":{\"@id\":\"https:\\\/\\\/www.pcimembranes.com\\\/fr\\\/#website\"},\"primaryImageOfPage\":{\"@id\":\"https:\\\/\\\/www.pcimembranes.com\\\/fr\\\/modules-a-membranes-tubulaires-serie-b1\\\/arrangement-parralele-uf\\\/#primaryimage\"},\"image\":{\"@id\":\"https:\\\/\\\/www.pcimembranes.com\\\/fr\\\/modules-a-membranes-tubulaires-serie-b1\\\/arrangement-parralele-uf\\\/#primaryimage\"},\"thumbnailUrl\":\"https:\\\/\\\/www.pcimembranes.com\\\/wp-content\\\/uploads\\\/2021\\\/08\\\/MicrosoftTeams-image-_2.jpg\",\"datePublished\":\"2024-01-04T15:44:34+00:00\",\"dateModified\":\"2025-07-25T13:39:57+00:00\",\"breadcrumb\":{\"@id\":\"https:\\\/\\\/www.pcimembranes.com\\\/fr\\\/modules-a-membranes-tubulaires-serie-b1\\\/arrangement-parralele-uf\\\/#breadcrumb\"},\"inLanguage\":\"fr-FR\",\"potentialAction\":[{\"@type\":\"ReadAction\",\"target\":[\"https:\\\/\\\/www.pcimembranes.com\\\/fr\\\/modules-a-membranes-tubulaires-serie-b1\\\/arrangement-parralele-uf\\\/\"]}]},{\"@type\":\"ImageObject\",\"inLanguage\":\"fr-FR\",\"@id\":\"https:\\\/\\\/www.pcimembranes.com\\\/fr\\\/modules-a-membranes-tubulaires-serie-b1\\\/arrangement-parralele-uf\\\/#primaryimage\",\"url\":\"https:\\\/\\\/www.pcimembranes.com\\\/wp-content\\\/uploads\\\/2021\\\/08\\\/MicrosoftTeams-image-_2.jpg\",\"contentUrl\":\"https:\\\/\\\/www.pcimembranes.com\\\/wp-content\\\/uploads\\\/2021\\\/08\\\/MicrosoftTeams-image-_2.jpg\"},{\"@type\":\"BreadcrumbList\",\"@id\":\"https:\\\/\\\/www.pcimembranes.com\\\/fr\\\/modules-a-membranes-tubulaires-serie-b1\\\/arrangement-parralele-uf\\\/#breadcrumb\",\"itemListElement\":[{\"@type\":\"ListItem\",\"position\":1,\"name\":\"\",\"item\":\"https:\\\/\\\/www.pcimembranes.com\\\/fr\\\/\"},{\"@type\":\"ListItem\",\"position\":2,\"name\":\"Modules \u00e0 membranes tubulaires s\u00e9rie B1\",\"item\":\"https:\\\/\\\/www.pcimembranes.com\\\/fr\\\/modules-a-membranes-tubulaires-serie-b1\\\/\"},{\"@type\":\"ListItem\",\"position\":3,\"name\":\"Arrangement Parral\u00e8le (UF)\"}]},{\"@type\":\"WebSite\",\"@id\":\"https:\\\/\\\/www.pcimembranes.com\\\/fr\\\/#website\",\"url\":\"https:\\\/\\\/www.pcimembranes.com\\\/fr\\\/\",\"name\":\"PCI Membranes\",\"description\":\"Making the World Safer, Healthier and More Productive\",\"publisher\":{\"@id\":\"https:\\\/\\\/www.pcimembranes.com\\\/fr\\\/#organization\"},\"potentialAction\":[{\"@type\":\"SearchAction\",\"target\":{\"@type\":\"EntryPoint\",\"urlTemplate\":\"https:\\\/\\\/www.pcimembranes.com\\\/fr\\\/?s={search_term_string}\"},\"query-input\":{\"@type\":\"PropertyValueSpecification\",\"valueRequired\":true,\"valueName\":\"search_term_string\"}}],\"inLanguage\":\"fr-FR\"},{\"@type\":\"Organization\",\"@id\":\"https:\\\/\\\/www.pcimembranes.com\\\/fr\\\/#organization\",\"name\":\"Filtration Group\",\"url\":\"https:\\\/\\\/www.pcimembranes.com\\\/fr\\\/\",\"logo\":{\"@type\":\"ImageObject\",\"inLanguage\":\"fr-FR\",\"@id\":\"https:\\\/\\\/www.pcimembranes.com\\\/fr\\\/#\\\/schema\\\/logo\\\/image\\\/\",\"url\":\"https:\\\/\\\/www.pcimembranes.com\\\/wp-content\\\/uploads\\\/2019\\\/06\\\/FGC-logo-1.png\",\"contentUrl\":\"https:\\\/\\\/www.pcimembranes.com\\\/wp-content\\\/uploads\\\/2019\\\/06\\\/FGC-logo-1.png\",\"width\":1104,\"height\":224,\"caption\":\"Filtration Group\"},\"image\":{\"@id\":\"https:\\\/\\\/www.pcimembranes.com\\\/fr\\\/#\\\/schema\\\/logo\\\/image\\\/\"}}]}<\/script>\n<!-- \/ Yoast SEO plugin. -->","yoast_head_json":{"title":"Arrangement Parral\u00e8le (UF) - PCI Membranes","robots":{"index":"index","follow":"follow","max-snippet":"max-snippet:-1","max-image-preview":"max-image-preview:large","max-video-preview":"max-video-preview:-1"},"canonical":"https:\/\/www.pcimembranes.com\/fr\/modules-a-membranes-tubulaires-serie-b1\/arrangement-parralele-uf\/","og_locale":"fr_FR","og_type":"article","og_title":"Arrangement Parral\u00e8le (UF) - PCI Membranes","og_description":"PARLER A UN EXPERT Arrangement Parral\u00e8le (UF) Un troisi\u00e8me dispositif d\u2019embout de carter est disponible, permettant aux 18 tubes de fonctionner en parall\u00e8le, ce qui permet d\u2019utiliser les vitesses d\u2019\u00e9coulement tangentiel les plus \u00e9lev\u00e9es avec une perte de charge acceptable. Cette disposition ne convient qu\u2019\u00e0 une pression de service maximale de 16 bars et la [&hellip;]","og_url":"https:\/\/www.pcimembranes.com\/fr\/modules-a-membranes-tubulaires-serie-b1\/arrangement-parralele-uf\/","og_site_name":"PCI Membranes","article_modified_time":"2025-07-25T13:39:57+00:00","og_image":[{"width":1400,"height":787,"url":"https:\/\/www.pcimembranes.com\/wp-content\/uploads\/2021\/08\/MicrosoftTeams-image-_2.jpg","type":"image\/jpeg"}],"twitter_card":"summary_large_image","twitter_misc":{"Dur\u00e9e de lecture estim\u00e9e":"2 minutes"},"schema":{"@context":"https:\/\/schema.org","@graph":[{"@type":"WebPage","@id":"https:\/\/www.pcimembranes.com\/fr\/modules-a-membranes-tubulaires-serie-b1\/arrangement-parralele-uf\/","url":"https:\/\/www.pcimembranes.com\/fr\/modules-a-membranes-tubulaires-serie-b1\/arrangement-parralele-uf\/","name":"Arrangement Parral\u00e8le (UF) - PCI Membranes","isPartOf":{"@id":"https:\/\/www.pcimembranes.com\/fr\/#website"},"primaryImageOfPage":{"@id":"https:\/\/www.pcimembranes.com\/fr\/modules-a-membranes-tubulaires-serie-b1\/arrangement-parralele-uf\/#primaryimage"},"image":{"@id":"https:\/\/www.pcimembranes.com\/fr\/modules-a-membranes-tubulaires-serie-b1\/arrangement-parralele-uf\/#primaryimage"},"thumbnailUrl":"https:\/\/www.pcimembranes.com\/wp-content\/uploads\/2021\/08\/MicrosoftTeams-image-_2.jpg","datePublished":"2024-01-04T15:44:34+00:00","dateModified":"2025-07-25T13:39:57+00:00","breadcrumb":{"@id":"https:\/\/www.pcimembranes.com\/fr\/modules-a-membranes-tubulaires-serie-b1\/arrangement-parralele-uf\/#breadcrumb"},"inLanguage":"fr-FR","potentialAction":[{"@type":"ReadAction","target":["https:\/\/www.pcimembranes.com\/fr\/modules-a-membranes-tubulaires-serie-b1\/arrangement-parralele-uf\/"]}]},{"@type":"ImageObject","inLanguage":"fr-FR","@id":"https:\/\/www.pcimembranes.com\/fr\/modules-a-membranes-tubulaires-serie-b1\/arrangement-parralele-uf\/#primaryimage","url":"https:\/\/www.pcimembranes.com\/wp-content\/uploads\/2021\/08\/MicrosoftTeams-image-_2.jpg","contentUrl":"https:\/\/www.pcimembranes.com\/wp-content\/uploads\/2021\/08\/MicrosoftTeams-image-_2.jpg"},{"@type":"BreadcrumbList","@id":"https:\/\/www.pcimembranes.com\/fr\/modules-a-membranes-tubulaires-serie-b1\/arrangement-parralele-uf\/#breadcrumb","itemListElement":[{"@type":"ListItem","position":1,"name":"","item":"https:\/\/www.pcimembranes.com\/fr\/"},{"@type":"ListItem","position":2,"name":"Modules \u00e0 membranes tubulaires s\u00e9rie B1","item":"https:\/\/www.pcimembranes.com\/fr\/modules-a-membranes-tubulaires-serie-b1\/"},{"@type":"ListItem","position":3,"name":"Arrangement Parral\u00e8le (UF)"}]},{"@type":"WebSite","@id":"https:\/\/www.pcimembranes.com\/fr\/#website","url":"https:\/\/www.pcimembranes.com\/fr\/","name":"PCI Membranes","description":"Making the World Safer, Healthier and More Productive","publisher":{"@id":"https:\/\/www.pcimembranes.com\/fr\/#organization"},"potentialAction":[{"@type":"SearchAction","target":{"@type":"EntryPoint","urlTemplate":"https:\/\/www.pcimembranes.com\/fr\/?s={search_term_string}"},"query-input":{"@type":"PropertyValueSpecification","valueRequired":true,"valueName":"search_term_string"}}],"inLanguage":"fr-FR"},{"@type":"Organization","@id":"https:\/\/www.pcimembranes.com\/fr\/#organization","name":"Filtration Group","url":"https:\/\/www.pcimembranes.com\/fr\/","logo":{"@type":"ImageObject","inLanguage":"fr-FR","@id":"https:\/\/www.pcimembranes.com\/fr\/#\/schema\/logo\/image\/","url":"https:\/\/www.pcimembranes.com\/wp-content\/uploads\/2019\/06\/FGC-logo-1.png","contentUrl":"https:\/\/www.pcimembranes.com\/wp-content\/uploads\/2019\/06\/FGC-logo-1.png","width":1104,"height":224,"caption":"Filtration Group"},"image":{"@id":"https:\/\/www.pcimembranes.com\/fr\/#\/schema\/logo\/image\/"}}]}},"_links":{"self":[{"href":"https:\/\/www.pcimembranes.com\/fr\/wp-json\/wp\/v2\/pages\/7271","targetHints":{"allow":["GET"]}}],"collection":[{"href":"https:\/\/www.pcimembranes.com\/fr\/wp-json\/wp\/v2\/pages"}],"about":[{"href":"https:\/\/www.pcimembranes.com\/fr\/wp-json\/wp\/v2\/types\/page"}],"author":[{"embeddable":true,"href":"https:\/\/www.pcimembranes.com\/fr\/wp-json\/wp\/v2\/users\/9"}],"replies":[{"embeddable":true,"href":"https:\/\/www.pcimembranes.com\/fr\/wp-json\/wp\/v2\/comments?post=7271"}],"version-history":[{"count":0,"href":"https:\/\/www.pcimembranes.com\/fr\/wp-json\/wp\/v2\/pages\/7271\/revisions"}],"up":[{"embeddable":true,"href":"https:\/\/www.pcimembranes.com\/fr\/wp-json\/wp\/v2\/pages\/7256"}],"wp:attachment":[{"href":"https:\/\/www.pcimembranes.com\/fr\/wp-json\/wp\/v2\/media?parent=7271"}],"curies":[{"name":"wp","href":"https:\/\/api.w.org\/{rel}","templated":true}]}}