{"id":7274,"date":"2024-01-04T15:47:51","date_gmt":"2024-01-04T15:47:51","guid":{"rendered":"https:\/\/www.pcimembranes.com\/?page_id=7274"},"modified":"2025-07-25T13:41:52","modified_gmt":"2025-07-25T13:41:52","slug":"unites-de-filtration-membranaire","status":"publish","type":"page","link":"https:\/\/www.pcimembranes.com\/fr\/unites-de-filtration-membranaire\/","title":{"rendered":"Unit\u00e9s de Filtration Membranaire"},"content":{"rendered":"\n<div class=\"wp-block-cover alignfull is-light\" style=\"min-height:256px;aspect-ratio:unset;\"><img loading=\"lazy\" decoding=\"async\" width=\"1400\" height=\"787\" class=\"wp-block-cover__image-background wp-image-2795\" alt=\"\" src=\"https:\/\/www.pcimembranes.com\/wp-content\/uploads\/2021\/08\/MicrosoftTeams-image-_2.jpg\" data-object-fit=\"cover\" srcset=\"https:\/\/www.pcimembranes.com\/wp-content\/uploads\/2021\/08\/MicrosoftTeams-image-_2.jpg 1400w, https:\/\/www.pcimembranes.com\/wp-content\/uploads\/2021\/08\/MicrosoftTeams-image-_2-300x169.jpg 300w, https:\/\/www.pcimembranes.com\/wp-content\/uploads\/2021\/08\/MicrosoftTeams-image-_2-1024x576.jpg 1024w, https:\/\/www.pcimembranes.com\/wp-content\/uploads\/2021\/08\/MicrosoftTeams-image-_2-768x432.jpg 768w\" sizes=\"auto, (max-width: 1400px) 100vw, 1400px\" \/><span aria-hidden=\"true\" class=\"wp-block-cover__background has-background-dim-10 has-background-dim\"><\/span><div class=\"wp-block-cover__inner-container is-layout-flow wp-block-cover-is-layout-flow\">\n<h1 class=\"wp-block-heading has-text-align-center has-white-color has-text-color has-link-color wp-elements-6611b997982f52e8b12d1060f9d8e9ec\">Unit\u00e9s de Filtration Membranaire<\/h1>\n<\/div><\/div>\n\n\n\n<!--Close-->\t\n<\/div><\/div><\/section>\n<!--Menu-->\n<div class=\"no-top-margin\">\n<div class=\"msb-sticky-bar\">\n<div class=\"container\">\n  <div class=\"row\">\n    <div class=\"col-sm text-center\">\n      <a href=\"https:\/\/www.pcimembranes.com\/contactus\/\" class=\"btn btn-primary solution-trigger\">PARLER A UN EXPERT<\/a>\n    <\/div>\n  <\/div>\n<\/div>\n<\/div>\n<\/div>\n<!--Open-->\n<section class=\"container\"><div class=\"row\"><div class=\"col-md-12\">\n\n\n\n<p>Apr\u00e8s l\u2019\u00e9valuation pr\u00e9liminaire et un essai pilote concluant, l\u2019\u00e9tape suivante est la r\u00e9alisation de l\u2019installation \u00e0 grande \u00e9chelle. Notre approche offre la plus grande s\u00e9curit\u00e9 de mise \u00e0 l\u2019\u00e9chelle possible gr\u00e2ce \u00e0 notre vaste exp\u00e9rience et \u00e0 notre travail sur les donn\u00e9es r\u00e9elles re\u00e7ues lors des essais pilotes.<\/p>\n\n\n\n<p>Les syst\u00e8mes de filtration membranaire sont au c\u0153ur de nombreux proc\u00e9d\u00e9s de s\u00e9paration. La R&amp;D sur les applications, la conception des \u00e9quipements, et la qualit\u00e9 de fabrication sont tous des aspects importants pour la r\u00e9ussite globale du projet. Pour commencer, la configuration membranaire correcte doit \u00eatre s\u00e9lectionn\u00e9e. Il existe de nombreux formats parmi lesquels choisir, y compris les membranes tubulaires, \u00e0 fibres creuses, et spiral\u00e9es. Ensuite, il faut s\u00e9lectionner les mat\u00e9riaux de membrane et les param\u00e8tres de fonctionnement les plus appropri\u00e9s. Enfin, les choix doivent \u00eatre valid\u00e9s par le biais d\u2019un programme durable de nettoyage et de remplacement des membranes.<\/p>\n\n\n\n<div style=\"height:34px\" aria-hidden=\"true\" class=\"wp-block-spacer\"><\/div>\n\n\n\n<hr class=\"wp-block-separator has-css-opacity is-style-default\" \/>\n\n\n\n<div style=\"height:18px\" aria-hidden=\"true\" class=\"wp-block-spacer\"><\/div>\n\n\n\n<h2 class=\"wp-block-heading has-text-align-center\">Exemples de stacks de filtration membranaire<\/h2>\n\n\n\n<div style=\"height:18px\" aria-hidden=\"true\" class=\"wp-block-spacer\"><\/div>\n\n\n\n<div class=\"wp-block-columns is-layout-flex wp-container-core-columns-is-layout-9d6595d7 wp-block-columns-is-layout-flex\">\n<div class=\"wp-block-column is-layout-flow wp-block-column-is-layout-flow\">\n<figure class=\"wp-block-image size-large\"><img loading=\"lazy\" decoding=\"async\" width=\"1024\" height=\"768\" src=\"https:\/\/www.pcimembranes.com\/wp-content\/uploads\/2021\/10\/a-19-system-1024x768.jpg\" alt=\"\" class=\"wp-image-3086\" srcset=\"https:\/\/www.pcimembranes.com\/wp-content\/uploads\/2021\/10\/a-19-system-1024x768.jpg 1024w, https:\/\/www.pcimembranes.com\/wp-content\/uploads\/2021\/10\/a-19-system-300x225.jpg 300w, https:\/\/www.pcimembranes.com\/wp-content\/uploads\/2021\/10\/a-19-system-768x576.jpg 768w, https:\/\/www.pcimembranes.com\/wp-content\/uploads\/2021\/10\/a-19-system-1536x1152.jpg 1536w, https:\/\/www.pcimembranes.com\/wp-content\/uploads\/2021\/10\/a-19-system.jpg 1600w\" sizes=\"auto, (max-width: 1024px) 100vw, 1024px\" \/><\/figure>\n\n\n\n<p class=\"has-text-align-center has-white-color has-blue-background-color has-text-color has-background\"><strong>Stack A19<\/strong><\/p>\n\n\n\n<div class=\"wp-block-buttons is-layout-flex wp-block-buttons-is-layout-flex\"><\/div>\n<\/div>\n\n\n\n<div class=\"wp-block-column is-layout-flow wp-block-column-is-layout-flow\">\n<figure class=\"wp-block-image size-large\"><img loading=\"lazy\" decoding=\"async\" width=\"1024\" height=\"768\" src=\"https:\/\/www.pcimembranes.com\/wp-content\/uploads\/2021\/10\/C10-stack-product-1024x768.jpg\" alt=\"\" class=\"wp-image-3090\" srcset=\"https:\/\/www.pcimembranes.com\/wp-content\/uploads\/2021\/10\/C10-stack-product-1024x768.jpg 1024w, https:\/\/www.pcimembranes.com\/wp-content\/uploads\/2021\/10\/C10-stack-product-300x225.jpg 300w, https:\/\/www.pcimembranes.com\/wp-content\/uploads\/2021\/10\/C10-stack-product-768x576.jpg 768w, https:\/\/www.pcimembranes.com\/wp-content\/uploads\/2021\/10\/C10-stack-product-1536x1152.jpg 1536w, https:\/\/www.pcimembranes.com\/wp-content\/uploads\/2021\/10\/C10-stack-product.jpg 1600w\" sizes=\"auto, (max-width: 1024px) 100vw, 1024px\" \/><\/figure>\n\n\n\n<p class=\"has-text-align-center has-white-color has-blue-background-color has-text-color has-background\"><strong>Stack C10<\/strong><\/p>\n\n\n\n<div class=\"wp-block-buttons is-layout-flex wp-block-buttons-is-layout-flex\"><\/div>\n<\/div>\n\n\n\n<div class=\"wp-block-column is-layout-flow wp-block-column-is-layout-flow\">\n<figure class=\"wp-block-image size-large\"><img loading=\"lazy\" decoding=\"async\" width=\"1024\" height=\"768\" src=\"https:\/\/www.pcimembranes.com\/wp-content\/uploads\/2021\/10\/B1-Stack-1024x768.jpg\" alt=\"\" class=\"wp-image-3139\" srcset=\"https:\/\/www.pcimembranes.com\/wp-content\/uploads\/2021\/10\/B1-Stack-1024x768.jpg 1024w, https:\/\/www.pcimembranes.com\/wp-content\/uploads\/2021\/10\/B1-Stack-300x225.jpg 300w, https:\/\/www.pcimembranes.com\/wp-content\/uploads\/2021\/10\/B1-Stack-768x576.jpg 768w, https:\/\/www.pcimembranes.com\/wp-content\/uploads\/2021\/10\/B1-Stack-1536x1152.jpg 1536w, https:\/\/www.pcimembranes.com\/wp-content\/uploads\/2021\/10\/B1-Stack.jpg 1600w\" sizes=\"auto, (max-width: 1024px) 100vw, 1024px\" \/><\/figure>\n\n\n\n<p class=\"has-text-align-center has-white-color has-blue-background-color has-text-color has-background\"><strong>Stack B1<\/strong><\/p>\n\n\n\n<div class=\"wp-block-buttons is-layout-flex wp-block-buttons-is-layout-flex\"><\/div>\n<\/div>\n<\/div>\n\n\n\n<div style=\"height:18px\" aria-hidden=\"true\" class=\"wp-block-spacer\"><\/div>\n\n\n\n<div class=\"wp-block-cover alignfull is-light\" style=\"min-height:185px;aspect-ratio:unset;\"><img loading=\"lazy\" decoding=\"async\" width=\"2560\" height=\"783\" class=\"wp-block-cover__image-background wp-image-2879\" alt=\"\" src=\"https:\/\/www.pcimembranes.com\/wp-content\/uploads\/2021\/08\/banner-heading-3-scaled.jpg\" data-object-fit=\"cover\" srcset=\"https:\/\/www.pcimembranes.com\/wp-content\/uploads\/2021\/08\/banner-heading-3-scaled.jpg 2560w, https:\/\/www.pcimembranes.com\/wp-content\/uploads\/2021\/08\/banner-heading-3-300x92.jpg 300w, https:\/\/www.pcimembranes.com\/wp-content\/uploads\/2021\/08\/banner-heading-3-1024x313.jpg 1024w, https:\/\/www.pcimembranes.com\/wp-content\/uploads\/2021\/08\/banner-heading-3-768x235.jpg 768w, https:\/\/www.pcimembranes.com\/wp-content\/uploads\/2021\/08\/banner-heading-3-1536x470.jpg 1536w, https:\/\/www.pcimembranes.com\/wp-content\/uploads\/2021\/08\/banner-heading-3-2048x626.jpg 2048w\" sizes=\"auto, (max-width: 2560px) 100vw, 2560px\" \/><span aria-hidden=\"true\" class=\"wp-block-cover__background has-background-dim-10 has-background-dim\"><\/span><div class=\"wp-block-cover__inner-container is-layout-flow wp-block-cover-is-layout-flow\">\n<h2 class=\"wp-block-heading has-text-align-center has-dark-gray-color has-text-color\">Syst\u00e8mes de filtration membranaire personnalis\u00e9s<\/h2>\n\n\n\n<p><\/p>\n<\/div><\/div>\n\n\n\n<div class=\"wp-block-columns is-layout-flex wp-container-core-columns-is-layout-9d6595d7 wp-block-columns-is-layout-flex\">\n<div class=\"wp-block-column is-layout-flow wp-block-column-is-layout-flow\" style=\"flex-basis:66.66%\">\n<p>En plus d\u2019offrir une gamme compl\u00e8te de solutions membranaires pour vos processus industriels, nous fournissons des syst\u00e8mes de filtration industrielle sur mesure qui garantissent des performances optimales pour votre application sp\u00e9cifique. Au cours de la phase de conception de votre syst\u00e8me membranaire, les ing\u00e9nieurs de PCI Membranes travailleront avec vous pour effectuer des tests pilotes et assurer la conception, le dimensionnement et la configuration optimale du syst\u00e8me de filtration \u00e0 grande \u00e9chelle. Ensemble, nous pouvons construire un syst\u00e8me enti\u00e8rement personnalis\u00e9 qui convient parfaitement \u00e0 votre application, aussi unique soit-elle.<\/p>\n<\/div>\n\n\n\n<div class=\"wp-block-column is-vertically-aligned-center is-layout-flow wp-block-column-is-layout-flow\" style=\"flex-basis:33.33%\">\n<div class=\"wp-block-buttons is-layout-flex wp-block-buttons-is-layout-flex\">\n<div class=\"wp-block-button has-custom-width wp-block-button__width-100\"><a class=\"wp-block-button__link has-white-color has-text-color has-background wp-element-button\" href=\"https:\/\/www.pcimembranes.com\/contact-2\/\" style=\"background-color:#0085ca\">PARLER A UN EXPERT<\/a><\/div>\n<\/div>\n<\/div>\n<\/div>\n","protected":false},"excerpt":{"rendered":"<p>PARLER A UN EXPERT Apr\u00e8s l\u2019\u00e9valuation pr\u00e9liminaire et un essai pilote concluant, l\u2019\u00e9tape suivante est la r\u00e9alisation de l\u2019installation \u00e0 grande \u00e9chelle. Notre approche offre la plus grande s\u00e9curit\u00e9 de mise \u00e0 l\u2019\u00e9chelle possible gr\u00e2ce \u00e0 notre vaste exp\u00e9rience et \u00e0 notre travail sur les donn\u00e9es r\u00e9elles re\u00e7ues lors des essais pilotes. Les syst\u00e8mes de [&hellip;]<\/p>\n","protected":false},"author":9,"featured_media":0,"parent":0,"menu_order":0,"comment_status":"closed","ping_status":"closed","template":"","meta":{"_acf_changed":false,"content-type":"","footnotes":""},"class_list":["post-7274","page","type-page","status-publish","hentry"],"acf":[],"yoast_head":"<!-- This site is optimized with the Yoast SEO plugin v27.3 - https:\/\/yoast.com\/product\/yoast-seo-wordpress\/ -->\n<title>Unit\u00e9s de Filtration Membranaire - PCI Membranes<\/title>\n<meta name=\"robots\" content=\"index, follow, max-snippet:-1, max-image-preview:large, max-video-preview:-1\" \/>\n<link rel=\"canonical\" href=\"https:\/\/www.pcimembranes.com\/fr\/unites-de-filtration-membranaire\/\" \/>\n<meta property=\"og:locale\" content=\"fr_FR\" \/>\n<meta property=\"og:type\" content=\"article\" \/>\n<meta property=\"og:title\" content=\"Unit\u00e9s de Filtration Membranaire - PCI Membranes\" \/>\n<meta property=\"og:description\" content=\"PARLER A UN EXPERT Apr\u00e8s l\u2019\u00e9valuation pr\u00e9liminaire et un essai pilote concluant, l\u2019\u00e9tape suivante est la r\u00e9alisation de l\u2019installation \u00e0 grande \u00e9chelle. Notre approche offre la plus grande s\u00e9curit\u00e9 de mise \u00e0 l\u2019\u00e9chelle possible gr\u00e2ce \u00e0 notre vaste exp\u00e9rience et \u00e0 notre travail sur les donn\u00e9es r\u00e9elles re\u00e7ues lors des essais pilotes. Les syst\u00e8mes de [&hellip;]\" \/>\n<meta property=\"og:url\" content=\"https:\/\/www.pcimembranes.com\/fr\/unites-de-filtration-membranaire\/\" \/>\n<meta property=\"og:site_name\" content=\"PCI Membranes\" \/>\n<meta property=\"article:modified_time\" content=\"2025-07-25T13:41:52+00:00\" \/>\n<meta property=\"og:image\" content=\"https:\/\/www.pcimembranes.com\/wp-content\/uploads\/2021\/08\/MicrosoftTeams-image-_2.jpg\" \/>\n\t<meta property=\"og:image:width\" content=\"1400\" \/>\n\t<meta property=\"og:image:height\" content=\"787\" \/>\n\t<meta property=\"og:image:type\" content=\"image\/jpeg\" \/>\n<meta name=\"twitter:card\" content=\"summary_large_image\" \/>\n<meta name=\"twitter:label1\" content=\"Dur\u00e9e de lecture estim\u00e9e\" \/>\n\t<meta name=\"twitter:data1\" content=\"3 minutes\" \/>\n<script type=\"application\/ld+json\" class=\"yoast-schema-graph\">{\"@context\":\"https:\\\/\\\/schema.org\",\"@graph\":[{\"@type\":\"WebPage\",\"@id\":\"https:\\\/\\\/www.pcimembranes.com\\\/fr\\\/unites-de-filtration-membranaire\\\/\",\"url\":\"https:\\\/\\\/www.pcimembranes.com\\\/fr\\\/unites-de-filtration-membranaire\\\/\",\"name\":\"Unit\u00e9s de Filtration Membranaire - PCI Membranes\",\"isPartOf\":{\"@id\":\"https:\\\/\\\/www.pcimembranes.com\\\/fr\\\/#website\"},\"primaryImageOfPage\":{\"@id\":\"https:\\\/\\\/www.pcimembranes.com\\\/fr\\\/unites-de-filtration-membranaire\\\/#primaryimage\"},\"image\":{\"@id\":\"https:\\\/\\\/www.pcimembranes.com\\\/fr\\\/unites-de-filtration-membranaire\\\/#primaryimage\"},\"thumbnailUrl\":\"https:\\\/\\\/www.pcimembranes.com\\\/wp-content\\\/uploads\\\/2021\\\/08\\\/MicrosoftTeams-image-_2.jpg\",\"datePublished\":\"2024-01-04T15:47:51+00:00\",\"dateModified\":\"2025-07-25T13:41:52+00:00\",\"breadcrumb\":{\"@id\":\"https:\\\/\\\/www.pcimembranes.com\\\/fr\\\/unites-de-filtration-membranaire\\\/#breadcrumb\"},\"inLanguage\":\"fr-FR\",\"potentialAction\":[{\"@type\":\"ReadAction\",\"target\":[\"https:\\\/\\\/www.pcimembranes.com\\\/fr\\\/unites-de-filtration-membranaire\\\/\"]}]},{\"@type\":\"ImageObject\",\"inLanguage\":\"fr-FR\",\"@id\":\"https:\\\/\\\/www.pcimembranes.com\\\/fr\\\/unites-de-filtration-membranaire\\\/#primaryimage\",\"url\":\"https:\\\/\\\/www.pcimembranes.com\\\/wp-content\\\/uploads\\\/2021\\\/08\\\/MicrosoftTeams-image-_2.jpg\",\"contentUrl\":\"https:\\\/\\\/www.pcimembranes.com\\\/wp-content\\\/uploads\\\/2021\\\/08\\\/MicrosoftTeams-image-_2.jpg\"},{\"@type\":\"BreadcrumbList\",\"@id\":\"https:\\\/\\\/www.pcimembranes.com\\\/fr\\\/unites-de-filtration-membranaire\\\/#breadcrumb\",\"itemListElement\":[{\"@type\":\"ListItem\",\"position\":1,\"name\":\"\",\"item\":\"https:\\\/\\\/www.pcimembranes.com\\\/fr\\\/\"},{\"@type\":\"ListItem\",\"position\":2,\"name\":\"Unit\u00e9s de Filtration Membranaire\"}]},{\"@type\":\"WebSite\",\"@id\":\"https:\\\/\\\/www.pcimembranes.com\\\/fr\\\/#website\",\"url\":\"https:\\\/\\\/www.pcimembranes.com\\\/fr\\\/\",\"name\":\"PCI Membranes\",\"description\":\"Making the World Safer, Healthier and More Productive\",\"publisher\":{\"@id\":\"https:\\\/\\\/www.pcimembranes.com\\\/fr\\\/#organization\"},\"potentialAction\":[{\"@type\":\"SearchAction\",\"target\":{\"@type\":\"EntryPoint\",\"urlTemplate\":\"https:\\\/\\\/www.pcimembranes.com\\\/fr\\\/?s={search_term_string}\"},\"query-input\":{\"@type\":\"PropertyValueSpecification\",\"valueRequired\":true,\"valueName\":\"search_term_string\"}}],\"inLanguage\":\"fr-FR\"},{\"@type\":\"Organization\",\"@id\":\"https:\\\/\\\/www.pcimembranes.com\\\/fr\\\/#organization\",\"name\":\"Filtration Group\",\"url\":\"https:\\\/\\\/www.pcimembranes.com\\\/fr\\\/\",\"logo\":{\"@type\":\"ImageObject\",\"inLanguage\":\"fr-FR\",\"@id\":\"https:\\\/\\\/www.pcimembranes.com\\\/fr\\\/#\\\/schema\\\/logo\\\/image\\\/\",\"url\":\"https:\\\/\\\/www.pcimembranes.com\\\/wp-content\\\/uploads\\\/2019\\\/06\\\/FGC-logo-1.png\",\"contentUrl\":\"https:\\\/\\\/www.pcimembranes.com\\\/wp-content\\\/uploads\\\/2019\\\/06\\\/FGC-logo-1.png\",\"width\":1104,\"height\":224,\"caption\":\"Filtration Group\"},\"image\":{\"@id\":\"https:\\\/\\\/www.pcimembranes.com\\\/fr\\\/#\\\/schema\\\/logo\\\/image\\\/\"}}]}<\/script>\n<!-- \/ Yoast SEO plugin. -->","yoast_head_json":{"title":"Unit\u00e9s de Filtration Membranaire - PCI Membranes","robots":{"index":"index","follow":"follow","max-snippet":"max-snippet:-1","max-image-preview":"max-image-preview:large","max-video-preview":"max-video-preview:-1"},"canonical":"https:\/\/www.pcimembranes.com\/fr\/unites-de-filtration-membranaire\/","og_locale":"fr_FR","og_type":"article","og_title":"Unit\u00e9s de Filtration Membranaire - PCI Membranes","og_description":"PARLER A UN EXPERT Apr\u00e8s l\u2019\u00e9valuation pr\u00e9liminaire et un essai pilote concluant, l\u2019\u00e9tape suivante est la r\u00e9alisation de l\u2019installation \u00e0 grande \u00e9chelle. Notre approche offre la plus grande s\u00e9curit\u00e9 de mise \u00e0 l\u2019\u00e9chelle possible gr\u00e2ce \u00e0 notre vaste exp\u00e9rience et \u00e0 notre travail sur les donn\u00e9es r\u00e9elles re\u00e7ues lors des essais pilotes. Les syst\u00e8mes de [&hellip;]","og_url":"https:\/\/www.pcimembranes.com\/fr\/unites-de-filtration-membranaire\/","og_site_name":"PCI Membranes","article_modified_time":"2025-07-25T13:41:52+00:00","og_image":[{"width":1400,"height":787,"url":"https:\/\/www.pcimembranes.com\/wp-content\/uploads\/2021\/08\/MicrosoftTeams-image-_2.jpg","type":"image\/jpeg"}],"twitter_card":"summary_large_image","twitter_misc":{"Dur\u00e9e de lecture estim\u00e9e":"3 minutes"},"schema":{"@context":"https:\/\/schema.org","@graph":[{"@type":"WebPage","@id":"https:\/\/www.pcimembranes.com\/fr\/unites-de-filtration-membranaire\/","url":"https:\/\/www.pcimembranes.com\/fr\/unites-de-filtration-membranaire\/","name":"Unit\u00e9s de Filtration Membranaire - PCI Membranes","isPartOf":{"@id":"https:\/\/www.pcimembranes.com\/fr\/#website"},"primaryImageOfPage":{"@id":"https:\/\/www.pcimembranes.com\/fr\/unites-de-filtration-membranaire\/#primaryimage"},"image":{"@id":"https:\/\/www.pcimembranes.com\/fr\/unites-de-filtration-membranaire\/#primaryimage"},"thumbnailUrl":"https:\/\/www.pcimembranes.com\/wp-content\/uploads\/2021\/08\/MicrosoftTeams-image-_2.jpg","datePublished":"2024-01-04T15:47:51+00:00","dateModified":"2025-07-25T13:41:52+00:00","breadcrumb":{"@id":"https:\/\/www.pcimembranes.com\/fr\/unites-de-filtration-membranaire\/#breadcrumb"},"inLanguage":"fr-FR","potentialAction":[{"@type":"ReadAction","target":["https:\/\/www.pcimembranes.com\/fr\/unites-de-filtration-membranaire\/"]}]},{"@type":"ImageObject","inLanguage":"fr-FR","@id":"https:\/\/www.pcimembranes.com\/fr\/unites-de-filtration-membranaire\/#primaryimage","url":"https:\/\/www.pcimembranes.com\/wp-content\/uploads\/2021\/08\/MicrosoftTeams-image-_2.jpg","contentUrl":"https:\/\/www.pcimembranes.com\/wp-content\/uploads\/2021\/08\/MicrosoftTeams-image-_2.jpg"},{"@type":"BreadcrumbList","@id":"https:\/\/www.pcimembranes.com\/fr\/unites-de-filtration-membranaire\/#breadcrumb","itemListElement":[{"@type":"ListItem","position":1,"name":"","item":"https:\/\/www.pcimembranes.com\/fr\/"},{"@type":"ListItem","position":2,"name":"Unit\u00e9s de Filtration Membranaire"}]},{"@type":"WebSite","@id":"https:\/\/www.pcimembranes.com\/fr\/#website","url":"https:\/\/www.pcimembranes.com\/fr\/","name":"PCI Membranes","description":"Making the World Safer, Healthier and More Productive","publisher":{"@id":"https:\/\/www.pcimembranes.com\/fr\/#organization"},"potentialAction":[{"@type":"SearchAction","target":{"@type":"EntryPoint","urlTemplate":"https:\/\/www.pcimembranes.com\/fr\/?s={search_term_string}"},"query-input":{"@type":"PropertyValueSpecification","valueRequired":true,"valueName":"search_term_string"}}],"inLanguage":"fr-FR"},{"@type":"Organization","@id":"https:\/\/www.pcimembranes.com\/fr\/#organization","name":"Filtration Group","url":"https:\/\/www.pcimembranes.com\/fr\/","logo":{"@type":"ImageObject","inLanguage":"fr-FR","@id":"https:\/\/www.pcimembranes.com\/fr\/#\/schema\/logo\/image\/","url":"https:\/\/www.pcimembranes.com\/wp-content\/uploads\/2019\/06\/FGC-logo-1.png","contentUrl":"https:\/\/www.pcimembranes.com\/wp-content\/uploads\/2019\/06\/FGC-logo-1.png","width":1104,"height":224,"caption":"Filtration Group"},"image":{"@id":"https:\/\/www.pcimembranes.com\/fr\/#\/schema\/logo\/image\/"}}]}},"_links":{"self":[{"href":"https:\/\/www.pcimembranes.com\/fr\/wp-json\/wp\/v2\/pages\/7274","targetHints":{"allow":["GET"]}}],"collection":[{"href":"https:\/\/www.pcimembranes.com\/fr\/wp-json\/wp\/v2\/pages"}],"about":[{"href":"https:\/\/www.pcimembranes.com\/fr\/wp-json\/wp\/v2\/types\/page"}],"author":[{"embeddable":true,"href":"https:\/\/www.pcimembranes.com\/fr\/wp-json\/wp\/v2\/users\/9"}],"replies":[{"embeddable":true,"href":"https:\/\/www.pcimembranes.com\/fr\/wp-json\/wp\/v2\/comments?post=7274"}],"version-history":[{"count":0,"href":"https:\/\/www.pcimembranes.com\/fr\/wp-json\/wp\/v2\/pages\/7274\/revisions"}],"wp:attachment":[{"href":"https:\/\/www.pcimembranes.com\/fr\/wp-json\/wp\/v2\/media?parent=7274"}],"curies":[{"name":"wp","href":"https:\/\/api.w.org\/{rel}","templated":true}]}}