{"id":7282,"date":"2024-01-04T16:00:09","date_gmt":"2024-01-04T16:00:09","guid":{"rendered":"https:\/\/www.pcimembranes.com\/?page_id=7282"},"modified":"2025-07-25T13:52:25","modified_gmt":"2025-07-25T13:52:25","slug":"industries","status":"publish","type":"page","link":"https:\/\/www.pcimembranes.com\/fr\/industries\/","title":{"rendered":"Industries"},"content":{"rendered":"\n<div class=\"wp-block-cover alignfull is-light\" style=\"min-height:303px;aspect-ratio:unset;\"><img loading=\"lazy\" decoding=\"async\" width=\"2560\" height=\"1031\" class=\"wp-block-cover__image-background wp-image-2520\" alt=\"\" src=\"https:\/\/www.pcimembranes.com\/wp-content\/uploads\/2021\/08\/industry-membrane-scaled.jpg\" data-object-fit=\"cover\" srcset=\"https:\/\/www.pcimembranes.com\/wp-content\/uploads\/2021\/08\/industry-membrane-scaled.jpg 2560w, https:\/\/www.pcimembranes.com\/wp-content\/uploads\/2021\/08\/industry-membrane-300x121.jpg 300w, https:\/\/www.pcimembranes.com\/wp-content\/uploads\/2021\/08\/industry-membrane-1024x412.jpg 1024w, https:\/\/www.pcimembranes.com\/wp-content\/uploads\/2021\/08\/industry-membrane-768x309.jpg 768w, https:\/\/www.pcimembranes.com\/wp-content\/uploads\/2021\/08\/industry-membrane-1536x619.jpg 1536w, https:\/\/www.pcimembranes.com\/wp-content\/uploads\/2021\/08\/industry-membrane-2048x825.jpg 2048w\" sizes=\"auto, (max-width: 2560px) 100vw, 2560px\" \/><span aria-hidden=\"true\" class=\"wp-block-cover__background has-background-dim\"><\/span><div class=\"wp-block-cover__inner-container is-layout-flow wp-block-cover-is-layout-flow\">\n<h1 class=\"wp-block-heading has-text-align-center has-white-color has-text-color has-link-color has-huge-font-size wp-elements-b160a16ea87de39b81fcc8b49e741463\">Industries<\/h1>\n<\/div><\/div>\n\n\n\n<!--Close-->\t\n<\/div><\/div><\/section>\n<!--Menu-->\n<div class=\"no-top-margin\">\n<div class=\"msb-sticky-bar\">\n<div class=\"container\">\n  <div class=\"row\">\n    <div class=\"col-sm text-center\">\n      <a href=\"https:\/\/www.pcimembranes.com\/contactus\/\" class=\"btn btn-primary solution-trigger\">PARLER A UN EXPERT<\/a>\n    <\/div>\n  <\/div>\n<\/div>\n<\/div>\n<\/div>\n<!--Open-->\n<section class=\"container\"><div class=\"row\"><div class=\"col-md-12\">\n\n\n\n<div style=\"height:33px\" aria-hidden=\"true\" class=\"wp-block-spacer\"><\/div>\n\n\n\n<h2 class=\"wp-block-heading has-text-align-left has-large-font-size\">Industries<\/h2>\n\n\n\n<div style=\"height:41px\" aria-hidden=\"true\" class=\"wp-block-spacer\"><\/div>\n\n\n\n<p style=\"font-size:20px\">Depuis plus de 50 ans, PCI Membranes\u00ae s\u2019est b\u00e2ti une r\u00e9putation enviable autour de sa capacit\u00e9 d\u2019ing\u00e9nierie, de ses produits de haute qualit\u00e9, de sa fiabilit\u00e9 et de son approche ax\u00e9e sur les solutions. Aujourd\u2019hui, nous pouvons proposer des solutions de process utilisant les technologies de MicroFiltration, d\u2019UltraFiltration, de NanoFiltration et d\u2019Osmose Inverse pour une grande vari\u00e9t\u00e9 d\u2019industries.<\/p>\n\n\n\n<div style=\"height:11px\" aria-hidden=\"true\" class=\"wp-block-spacer\"><\/div>\n\n\n\n<p style=\"font-size:20px\">Veuillez choisir le secteur d\u2019activit\u00e9 qui s\u2019applique \u00e0 vous.<br>Votre secteur d\u2019activit\u00e9 n\u2019est pas r\u00e9pertori\u00e9 ? Alors n\u2019h\u00e9sitez pas \u00e0 nous <a href=\"https:\/\/www.pcimembranes.com\/contact-2\/\">CONTACTER<\/a>.<\/p>\n\n\n\n<div style=\"height:39px\" aria-hidden=\"true\" class=\"wp-block-spacer\"><\/div>\n\n\n\n<div class=\"wp-block-columns is-layout-flex wp-container-core-columns-is-layout-9d6595d7 wp-block-columns-is-layout-flex\">\n<div class=\"wp-block-column is-layout-flow wp-block-column-is-layout-flow\"><div class=\"wp-block-image is-style-default\">\n<figure class=\"aligncenter size-large\"><a href=\"https:\/\/www.pcimembranes.com\/fr\/industries\/aliments-et-boissons\/\"><img loading=\"lazy\" decoding=\"async\" width=\"1024\" height=\"1024\" src=\"https:\/\/www.pcimembranes.com\/wp-content\/uploads\/2021\/10\/food_beverages-1024x1024.jpg\" alt=\"\" class=\"wp-image-3180\" srcset=\"https:\/\/www.pcimembranes.com\/wp-content\/uploads\/2021\/10\/food_beverages-1024x1024.jpg 1024w, https:\/\/www.pcimembranes.com\/wp-content\/uploads\/2021\/10\/food_beverages-300x300.jpg 300w, https:\/\/www.pcimembranes.com\/wp-content\/uploads\/2021\/10\/food_beverages-150x150.jpg 150w, https:\/\/www.pcimembranes.com\/wp-content\/uploads\/2021\/10\/food_beverages-768x768.jpg 768w, https:\/\/www.pcimembranes.com\/wp-content\/uploads\/2021\/10\/food_beverages-1536x1536.jpg 1536w, https:\/\/www.pcimembranes.com\/wp-content\/uploads\/2021\/10\/food_beverages-2048x2048.jpg 2048w\" sizes=\"auto, (max-width: 1024px) 100vw, 1024px\" \/><\/a><\/figure>\n<\/div>\n\n\n<p class=\"has-text-align-center\">Aliments &amp; Boissons<\/p>\n<\/div>\n\n\n\n<div class=\"wp-block-column is-layout-flow wp-block-column-is-layout-flow\"><div class=\"wp-block-image is-style-default\">\n<figure class=\"aligncenter size-large\"><a href=\"https:\/\/www.pcimembranes.com\/fr\/industries\/biocarburant\/\"><img loading=\"lazy\" decoding=\"async\" width=\"1024\" height=\"1024\" src=\"https:\/\/www.pcimembranes.com\/wp-content\/uploads\/2021\/08\/Biofuel-1-1024x1024.jpg\" alt=\"\" class=\"wp-image-2710\" srcset=\"https:\/\/www.pcimembranes.com\/wp-content\/uploads\/2021\/08\/Biofuel-1-1024x1024.jpg 1024w, https:\/\/www.pcimembranes.com\/wp-content\/uploads\/2021\/08\/Biofuel-1-300x300.jpg 300w, https:\/\/www.pcimembranes.com\/wp-content\/uploads\/2021\/08\/Biofuel-1-150x150.jpg 150w, https:\/\/www.pcimembranes.com\/wp-content\/uploads\/2021\/08\/Biofuel-1-768x768.jpg 768w, https:\/\/www.pcimembranes.com\/wp-content\/uploads\/2021\/08\/Biofuel-1-1536x1536.jpg 1536w, https:\/\/www.pcimembranes.com\/wp-content\/uploads\/2021\/08\/Biofuel-1-2048x2048.jpg 2048w\" sizes=\"auto, (max-width: 1024px) 100vw, 1024px\" \/><\/a><\/figure>\n<\/div>\n\n\n<p class=\"has-text-align-center\">Biocarburant<\/p>\n<\/div>\n\n\n\n<div class=\"wp-block-column is-layout-flow wp-block-column-is-layout-flow\"><div class=\"wp-block-image is-style-default\">\n<figure class=\"aligncenter size-large\"><a href=\"https:\/\/www.pcimembranes.com\/fr\/industries\/traitement-de-leau\/\"><img loading=\"lazy\" decoding=\"async\" width=\"1024\" height=\"1024\" src=\"https:\/\/www.pcimembranes.com\/wp-content\/uploads\/2021\/07\/water_2-1-1024x1024.jpg\" alt=\"\" class=\"wp-image-2314\" srcset=\"https:\/\/www.pcimembranes.com\/wp-content\/uploads\/2021\/07\/water_2-1-1024x1024.jpg 1024w, https:\/\/www.pcimembranes.com\/wp-content\/uploads\/2021\/07\/water_2-1-300x300.jpg 300w, https:\/\/www.pcimembranes.com\/wp-content\/uploads\/2021\/07\/water_2-1-150x150.jpg 150w, https:\/\/www.pcimembranes.com\/wp-content\/uploads\/2021\/07\/water_2-1-768x768.jpg 768w, https:\/\/www.pcimembranes.com\/wp-content\/uploads\/2021\/07\/water_2-1-1536x1536.jpg 1536w, https:\/\/www.pcimembranes.com\/wp-content\/uploads\/2021\/07\/water_2-1-2048x2048.jpg 2048w\" sizes=\"auto, (max-width: 1024px) 100vw, 1024px\" \/><\/a><\/figure>\n<\/div>\n\n\n<p class=\"has-text-align-center\">Traitement de l&rsquo;eau<\/p>\n<\/div>\n\n\n\n<div class=\"wp-block-column is-layout-flow wp-block-column-is-layout-flow\"><div class=\"wp-block-image is-style-default\">\n<figure class=\"aligncenter size-large\"><a href=\"https:\/\/www.pcimembranes.com\/fr\/industries\/pate-et-papier\/\"><img loading=\"lazy\" decoding=\"async\" width=\"1024\" height=\"1024\" src=\"https:\/\/www.pcimembranes.com\/wp-content\/uploads\/2021\/10\/pulp-paper-1024x1024.jpg\" alt=\"\" class=\"wp-image-3178\" srcset=\"https:\/\/www.pcimembranes.com\/wp-content\/uploads\/2021\/10\/pulp-paper-1024x1024.jpg 1024w, https:\/\/www.pcimembranes.com\/wp-content\/uploads\/2021\/10\/pulp-paper-300x300.jpg 300w, https:\/\/www.pcimembranes.com\/wp-content\/uploads\/2021\/10\/pulp-paper-150x150.jpg 150w, https:\/\/www.pcimembranes.com\/wp-content\/uploads\/2021\/10\/pulp-paper-768x768.jpg 768w, https:\/\/www.pcimembranes.com\/wp-content\/uploads\/2021\/10\/pulp-paper-1536x1536.jpg 1536w, https:\/\/www.pcimembranes.com\/wp-content\/uploads\/2021\/10\/pulp-paper-2048x2048.jpg 2048w\" sizes=\"auto, (max-width: 1024px) 100vw, 1024px\" \/><\/a><\/figure>\n<\/div>\n\n\n<p class=\"has-text-align-center\">P\u00e2te &amp; Papier<\/p>\n<\/div>\n<\/div>\n\n\n\n<div class=\"wp-block-columns is-layout-flex wp-container-core-columns-is-layout-9d6595d7 wp-block-columns-is-layout-flex\">\n<div class=\"wp-block-column is-layout-flow wp-block-column-is-layout-flow\"><div class=\"wp-block-image is-style-default\">\n<figure class=\"aligncenter size-large\"><a href=\"https:\/\/www.pcimembranes.com\/fr\/industries\/membrane-bioreactors-mbr\/\"><img loading=\"lazy\" decoding=\"async\" width=\"1024\" height=\"1024\" src=\"https:\/\/www.pcimembranes.com\/wp-content\/uploads\/2021\/07\/mbr_2-1-1024x1024.jpg\" alt=\"\" class=\"wp-image-2318\" srcset=\"https:\/\/www.pcimembranes.com\/wp-content\/uploads\/2021\/07\/mbr_2-1-1024x1024.jpg 1024w, https:\/\/www.pcimembranes.com\/wp-content\/uploads\/2021\/07\/mbr_2-1-300x300.jpg 300w, https:\/\/www.pcimembranes.com\/wp-content\/uploads\/2021\/07\/mbr_2-1-150x150.jpg 150w, https:\/\/www.pcimembranes.com\/wp-content\/uploads\/2021\/07\/mbr_2-1-768x768.jpg 768w, https:\/\/www.pcimembranes.com\/wp-content\/uploads\/2021\/07\/mbr_2-1-1536x1536.jpg 1536w, https:\/\/www.pcimembranes.com\/wp-content\/uploads\/2021\/07\/mbr_2-1-2048x2048.jpg 2048w\" sizes=\"auto, (max-width: 1024px) 100vw, 1024px\" \/><\/a><\/figure>\n<\/div>\n\n\n<p class=\"has-text-align-center\">BRM &amp; Traitement des eaux us\u00e9es<\/p>\n<\/div>\n\n\n\n<div class=\"wp-block-column is-layout-flow wp-block-column-is-layout-flow\"><div class=\"wp-block-image is-style-default\">\n<figure class=\"aligncenter size-large\"><a href=\"https:\/\/www.pcimembranes.com\/fr\/industries\/chimie-fine\/\"><img loading=\"lazy\" decoding=\"async\" width=\"1024\" height=\"1024\" src=\"https:\/\/www.pcimembranes.com\/wp-content\/uploads\/2021\/07\/chemicals_3-2-1024x1024.jpg\" alt=\"\" class=\"wp-image-2320\" srcset=\"https:\/\/www.pcimembranes.com\/wp-content\/uploads\/2021\/07\/chemicals_3-2-1024x1024.jpg 1024w, https:\/\/www.pcimembranes.com\/wp-content\/uploads\/2021\/07\/chemicals_3-2-300x300.jpg 300w, https:\/\/www.pcimembranes.com\/wp-content\/uploads\/2021\/07\/chemicals_3-2-150x150.jpg 150w, https:\/\/www.pcimembranes.com\/wp-content\/uploads\/2021\/07\/chemicals_3-2-768x768.jpg 768w, https:\/\/www.pcimembranes.com\/wp-content\/uploads\/2021\/07\/chemicals_3-2-1536x1536.jpg 1536w, https:\/\/www.pcimembranes.com\/wp-content\/uploads\/2021\/07\/chemicals_3-2-2048x2048.jpg 2048w\" sizes=\"auto, (max-width: 1024px) 100vw, 1024px\" \/><\/a><\/figure>\n<\/div>\n\n\n<p class=\"has-text-align-center\">Chimie<\/p>\n<\/div>\n\n\n\n<div class=\"wp-block-column is-layout-flow wp-block-column-is-layout-flow\"><div class=\"wp-block-image is-style-default\">\n<figure class=\"aligncenter size-large\"><a href=\"https:\/\/www.pcimembranes.com\/fr\/filtration-membranaire-pour-textiles-et-colorants\/\"><img loading=\"lazy\" decoding=\"async\" width=\"1024\" height=\"1024\" src=\"https:\/\/www.pcimembranes.com\/wp-content\/uploads\/2021\/08\/Textile-Dyestuff-1024x1024.jpg\" alt=\"\" class=\"wp-image-2714\" srcset=\"https:\/\/www.pcimembranes.com\/wp-content\/uploads\/2021\/08\/Textile-Dyestuff-1024x1024.jpg 1024w, https:\/\/www.pcimembranes.com\/wp-content\/uploads\/2021\/08\/Textile-Dyestuff-300x300.jpg 300w, https:\/\/www.pcimembranes.com\/wp-content\/uploads\/2021\/08\/Textile-Dyestuff-150x150.jpg 150w, https:\/\/www.pcimembranes.com\/wp-content\/uploads\/2021\/08\/Textile-Dyestuff-768x768.jpg 768w, https:\/\/www.pcimembranes.com\/wp-content\/uploads\/2021\/08\/Textile-Dyestuff-1536x1536.jpg 1536w, https:\/\/www.pcimembranes.com\/wp-content\/uploads\/2021\/08\/Textile-Dyestuff-2048x2048.jpg 2048w\" sizes=\"auto, (max-width: 1024px) 100vw, 1024px\" \/><\/a><\/figure>\n<\/div>\n\n\n<p class=\"has-text-align-center\">Textile &amp; Teinture<\/p>\n<\/div>\n\n\n\n<div class=\"wp-block-column is-layout-flow wp-block-column-is-layout-flow\"><div class=\"wp-block-image is-style-default\">\n<figure class=\"aligncenter size-large\"><a href=\"https:\/\/www.pcimembranes.com\/fr\/industries\/nutraceutiques\/\"><img loading=\"lazy\" decoding=\"async\" width=\"1024\" height=\"1024\" src=\"https:\/\/www.pcimembranes.com\/wp-content\/uploads\/2021\/07\/Nutraceutical_Plants-1024x1024.jpg\" alt=\"\" class=\"wp-image-2332\" srcset=\"https:\/\/www.pcimembranes.com\/wp-content\/uploads\/2021\/07\/Nutraceutical_Plants-1024x1024.jpg 1024w, https:\/\/www.pcimembranes.com\/wp-content\/uploads\/2021\/07\/Nutraceutical_Plants-300x300.jpg 300w, https:\/\/www.pcimembranes.com\/wp-content\/uploads\/2021\/07\/Nutraceutical_Plants-150x150.jpg 150w, https:\/\/www.pcimembranes.com\/wp-content\/uploads\/2021\/07\/Nutraceutical_Plants-768x768.jpg 768w, https:\/\/www.pcimembranes.com\/wp-content\/uploads\/2021\/07\/Nutraceutical_Plants-1536x1536.jpg 1536w, https:\/\/www.pcimembranes.com\/wp-content\/uploads\/2021\/07\/Nutraceutical_Plants-2048x2048.jpg 2048w\" sizes=\"auto, (max-width: 1024px) 100vw, 1024px\" \/><\/a><\/figure>\n<\/div>\n\n\n<p class=\"has-text-align-center\">Pharmaceutique &amp; Biotechnologie<\/p>\n\n\n\n<p><\/p>\n<\/div>\n<\/div>\n\n\n\n<div class=\"wp-block-group\"><div class=\"wp-block-group__inner-container is-layout-flow wp-block-group-is-layout-flow\">\n<div class=\"wp-block-columns is-layout-flex wp-container-core-columns-is-layout-9d6595d7 wp-block-columns-is-layout-flex\">\n<div class=\"wp-block-column is-layout-flow wp-block-column-is-layout-flow\"><\/div>\n<\/div>\n<\/div><\/div>\n\n\n\n<p><\/p>\n","protected":false},"excerpt":{"rendered":"<p>PARLER A UN EXPERT Industries Depuis plus de 50 ans, PCI Membranes\u00ae s\u2019est b\u00e2ti une r\u00e9putation enviable autour de sa capacit\u00e9 d\u2019ing\u00e9nierie, de ses produits de haute qualit\u00e9, de sa fiabilit\u00e9 et de son approche ax\u00e9e sur les solutions. Aujourd\u2019hui, nous pouvons proposer des solutions de process utilisant les technologies de MicroFiltration, d\u2019UltraFiltration, de NanoFiltration [&hellip;]<\/p>\n","protected":false},"author":9,"featured_media":0,"parent":0,"menu_order":0,"comment_status":"closed","ping_status":"closed","template":"","meta":{"_acf_changed":false,"content-type":"","footnotes":""},"class_list":["post-7282","page","type-page","status-publish","hentry"],"acf":[],"yoast_head":"<!-- This site is optimized with the Yoast SEO plugin v27.3 - https:\/\/yoast.com\/product\/yoast-seo-wordpress\/ -->\n<title>Industries - PCI Membranes<\/title>\n<meta name=\"robots\" content=\"index, follow, max-snippet:-1, max-image-preview:large, max-video-preview:-1\" \/>\n<link rel=\"canonical\" href=\"https:\/\/www.pcimembranes.com\/fr\/industries\/\" \/>\n<meta property=\"og:locale\" content=\"fr_FR\" \/>\n<meta property=\"og:type\" content=\"article\" \/>\n<meta property=\"og:title\" content=\"Industries - PCI Membranes\" \/>\n<meta property=\"og:description\" content=\"PARLER A UN EXPERT Industries Depuis plus de 50 ans, PCI Membranes\u00ae s\u2019est b\u00e2ti une r\u00e9putation enviable autour de sa capacit\u00e9 d\u2019ing\u00e9nierie, de ses produits de haute qualit\u00e9, de sa fiabilit\u00e9 et de son approche ax\u00e9e sur les solutions. Aujourd\u2019hui, nous pouvons proposer des solutions de process utilisant les technologies de MicroFiltration, d\u2019UltraFiltration, de NanoFiltration [&hellip;]\" \/>\n<meta property=\"og:url\" content=\"https:\/\/www.pcimembranes.com\/fr\/industries\/\" \/>\n<meta property=\"og:site_name\" content=\"PCI Membranes\" \/>\n<meta property=\"article:modified_time\" content=\"2025-07-25T13:52:25+00:00\" \/>\n<meta property=\"og:image\" content=\"https:\/\/www.pcimembranes.com\/wp-content\/uploads\/2021\/08\/industry-membrane-scaled.jpg\" \/>\n\t<meta property=\"og:image:width\" content=\"2560\" \/>\n\t<meta property=\"og:image:height\" content=\"1031\" \/>\n\t<meta property=\"og:image:type\" content=\"image\/jpeg\" \/>\n<meta name=\"twitter:card\" content=\"summary_large_image\" \/>\n<meta name=\"twitter:label1\" content=\"Dur\u00e9e de lecture estim\u00e9e\" \/>\n\t<meta name=\"twitter:data1\" content=\"5 minutes\" \/>\n<script type=\"application\/ld+json\" class=\"yoast-schema-graph\">{\"@context\":\"https:\\\/\\\/schema.org\",\"@graph\":[{\"@type\":\"WebPage\",\"@id\":\"https:\\\/\\\/www.pcimembranes.com\\\/fr\\\/industries\\\/\",\"url\":\"https:\\\/\\\/www.pcimembranes.com\\\/fr\\\/industries\\\/\",\"name\":\"Industries - PCI Membranes\",\"isPartOf\":{\"@id\":\"https:\\\/\\\/www.pcimembranes.com\\\/fr\\\/#website\"},\"primaryImageOfPage\":{\"@id\":\"https:\\\/\\\/www.pcimembranes.com\\\/fr\\\/industries\\\/#primaryimage\"},\"image\":{\"@id\":\"https:\\\/\\\/www.pcimembranes.com\\\/fr\\\/industries\\\/#primaryimage\"},\"thumbnailUrl\":\"https:\\\/\\\/www.pcimembranes.com\\\/wp-content\\\/uploads\\\/2021\\\/08\\\/industry-membrane-scaled.jpg\",\"datePublished\":\"2024-01-04T16:00:09+00:00\",\"dateModified\":\"2025-07-25T13:52:25+00:00\",\"breadcrumb\":{\"@id\":\"https:\\\/\\\/www.pcimembranes.com\\\/fr\\\/industries\\\/#breadcrumb\"},\"inLanguage\":\"fr-FR\",\"potentialAction\":[{\"@type\":\"ReadAction\",\"target\":[\"https:\\\/\\\/www.pcimembranes.com\\\/fr\\\/industries\\\/\"]}]},{\"@type\":\"ImageObject\",\"inLanguage\":\"fr-FR\",\"@id\":\"https:\\\/\\\/www.pcimembranes.com\\\/fr\\\/industries\\\/#primaryimage\",\"url\":\"https:\\\/\\\/www.pcimembranes.com\\\/wp-content\\\/uploads\\\/2021\\\/08\\\/industry-membrane-scaled.jpg\",\"contentUrl\":\"https:\\\/\\\/www.pcimembranes.com\\\/wp-content\\\/uploads\\\/2021\\\/08\\\/industry-membrane-scaled.jpg\"},{\"@type\":\"BreadcrumbList\",\"@id\":\"https:\\\/\\\/www.pcimembranes.com\\\/fr\\\/industries\\\/#breadcrumb\",\"itemListElement\":[{\"@type\":\"ListItem\",\"position\":1,\"name\":\"\",\"item\":\"https:\\\/\\\/www.pcimembranes.com\\\/fr\\\/\"},{\"@type\":\"ListItem\",\"position\":2,\"name\":\"Industries\"}]},{\"@type\":\"WebSite\",\"@id\":\"https:\\\/\\\/www.pcimembranes.com\\\/fr\\\/#website\",\"url\":\"https:\\\/\\\/www.pcimembranes.com\\\/fr\\\/\",\"name\":\"PCI Membranes\",\"description\":\"Making the World Safer, Healthier and More Productive\",\"publisher\":{\"@id\":\"https:\\\/\\\/www.pcimembranes.com\\\/fr\\\/#organization\"},\"potentialAction\":[{\"@type\":\"SearchAction\",\"target\":{\"@type\":\"EntryPoint\",\"urlTemplate\":\"https:\\\/\\\/www.pcimembranes.com\\\/fr\\\/?s={search_term_string}\"},\"query-input\":{\"@type\":\"PropertyValueSpecification\",\"valueRequired\":true,\"valueName\":\"search_term_string\"}}],\"inLanguage\":\"fr-FR\"},{\"@type\":\"Organization\",\"@id\":\"https:\\\/\\\/www.pcimembranes.com\\\/fr\\\/#organization\",\"name\":\"Filtration Group\",\"url\":\"https:\\\/\\\/www.pcimembranes.com\\\/fr\\\/\",\"logo\":{\"@type\":\"ImageObject\",\"inLanguage\":\"fr-FR\",\"@id\":\"https:\\\/\\\/www.pcimembranes.com\\\/fr\\\/#\\\/schema\\\/logo\\\/image\\\/\",\"url\":\"https:\\\/\\\/www.pcimembranes.com\\\/wp-content\\\/uploads\\\/2019\\\/06\\\/FGC-logo-1.png\",\"contentUrl\":\"https:\\\/\\\/www.pcimembranes.com\\\/wp-content\\\/uploads\\\/2019\\\/06\\\/FGC-logo-1.png\",\"width\":1104,\"height\":224,\"caption\":\"Filtration Group\"},\"image\":{\"@id\":\"https:\\\/\\\/www.pcimembranes.com\\\/fr\\\/#\\\/schema\\\/logo\\\/image\\\/\"}}]}<\/script>\n<!-- \/ Yoast SEO plugin. -->","yoast_head_json":{"title":"Industries - PCI Membranes","robots":{"index":"index","follow":"follow","max-snippet":"max-snippet:-1","max-image-preview":"max-image-preview:large","max-video-preview":"max-video-preview:-1"},"canonical":"https:\/\/www.pcimembranes.com\/fr\/industries\/","og_locale":"fr_FR","og_type":"article","og_title":"Industries - PCI Membranes","og_description":"PARLER A UN EXPERT Industries Depuis plus de 50 ans, PCI Membranes\u00ae s\u2019est b\u00e2ti une r\u00e9putation enviable autour de sa capacit\u00e9 d\u2019ing\u00e9nierie, de ses produits de haute qualit\u00e9, de sa fiabilit\u00e9 et de son approche ax\u00e9e sur les solutions. Aujourd\u2019hui, nous pouvons proposer des solutions de process utilisant les technologies de MicroFiltration, d\u2019UltraFiltration, de NanoFiltration [&hellip;]","og_url":"https:\/\/www.pcimembranes.com\/fr\/industries\/","og_site_name":"PCI Membranes","article_modified_time":"2025-07-25T13:52:25+00:00","og_image":[{"width":2560,"height":1031,"url":"https:\/\/www.pcimembranes.com\/wp-content\/uploads\/2021\/08\/industry-membrane-scaled.jpg","type":"image\/jpeg"}],"twitter_card":"summary_large_image","twitter_misc":{"Dur\u00e9e de lecture estim\u00e9e":"5 minutes"},"schema":{"@context":"https:\/\/schema.org","@graph":[{"@type":"WebPage","@id":"https:\/\/www.pcimembranes.com\/fr\/industries\/","url":"https:\/\/www.pcimembranes.com\/fr\/industries\/","name":"Industries - PCI Membranes","isPartOf":{"@id":"https:\/\/www.pcimembranes.com\/fr\/#website"},"primaryImageOfPage":{"@id":"https:\/\/www.pcimembranes.com\/fr\/industries\/#primaryimage"},"image":{"@id":"https:\/\/www.pcimembranes.com\/fr\/industries\/#primaryimage"},"thumbnailUrl":"https:\/\/www.pcimembranes.com\/wp-content\/uploads\/2021\/08\/industry-membrane-scaled.jpg","datePublished":"2024-01-04T16:00:09+00:00","dateModified":"2025-07-25T13:52:25+00:00","breadcrumb":{"@id":"https:\/\/www.pcimembranes.com\/fr\/industries\/#breadcrumb"},"inLanguage":"fr-FR","potentialAction":[{"@type":"ReadAction","target":["https:\/\/www.pcimembranes.com\/fr\/industries\/"]}]},{"@type":"ImageObject","inLanguage":"fr-FR","@id":"https:\/\/www.pcimembranes.com\/fr\/industries\/#primaryimage","url":"https:\/\/www.pcimembranes.com\/wp-content\/uploads\/2021\/08\/industry-membrane-scaled.jpg","contentUrl":"https:\/\/www.pcimembranes.com\/wp-content\/uploads\/2021\/08\/industry-membrane-scaled.jpg"},{"@type":"BreadcrumbList","@id":"https:\/\/www.pcimembranes.com\/fr\/industries\/#breadcrumb","itemListElement":[{"@type":"ListItem","position":1,"name":"","item":"https:\/\/www.pcimembranes.com\/fr\/"},{"@type":"ListItem","position":2,"name":"Industries"}]},{"@type":"WebSite","@id":"https:\/\/www.pcimembranes.com\/fr\/#website","url":"https:\/\/www.pcimembranes.com\/fr\/","name":"PCI Membranes","description":"Making the World Safer, Healthier and More Productive","publisher":{"@id":"https:\/\/www.pcimembranes.com\/fr\/#organization"},"potentialAction":[{"@type":"SearchAction","target":{"@type":"EntryPoint","urlTemplate":"https:\/\/www.pcimembranes.com\/fr\/?s={search_term_string}"},"query-input":{"@type":"PropertyValueSpecification","valueRequired":true,"valueName":"search_term_string"}}],"inLanguage":"fr-FR"},{"@type":"Organization","@id":"https:\/\/www.pcimembranes.com\/fr\/#organization","name":"Filtration Group","url":"https:\/\/www.pcimembranes.com\/fr\/","logo":{"@type":"ImageObject","inLanguage":"fr-FR","@id":"https:\/\/www.pcimembranes.com\/fr\/#\/schema\/logo\/image\/","url":"https:\/\/www.pcimembranes.com\/wp-content\/uploads\/2019\/06\/FGC-logo-1.png","contentUrl":"https:\/\/www.pcimembranes.com\/wp-content\/uploads\/2019\/06\/FGC-logo-1.png","width":1104,"height":224,"caption":"Filtration Group"},"image":{"@id":"https:\/\/www.pcimembranes.com\/fr\/#\/schema\/logo\/image\/"}}]}},"_links":{"self":[{"href":"https:\/\/www.pcimembranes.com\/fr\/wp-json\/wp\/v2\/pages\/7282","targetHints":{"allow":["GET"]}}],"collection":[{"href":"https:\/\/www.pcimembranes.com\/fr\/wp-json\/wp\/v2\/pages"}],"about":[{"href":"https:\/\/www.pcimembranes.com\/fr\/wp-json\/wp\/v2\/types\/page"}],"author":[{"embeddable":true,"href":"https:\/\/www.pcimembranes.com\/fr\/wp-json\/wp\/v2\/users\/9"}],"replies":[{"embeddable":true,"href":"https:\/\/www.pcimembranes.com\/fr\/wp-json\/wp\/v2\/comments?post=7282"}],"version-history":[{"count":0,"href":"https:\/\/www.pcimembranes.com\/fr\/wp-json\/wp\/v2\/pages\/7282\/revisions"}],"wp:attachment":[{"href":"https:\/\/www.pcimembranes.com\/fr\/wp-json\/wp\/v2\/media?parent=7282"}],"curies":[{"name":"wp","href":"https:\/\/api.w.org\/{rel}","templated":true}]}}