{"id":7307,"date":"2024-01-04T16:19:32","date_gmt":"2024-01-04T16:19:32","guid":{"rendered":"https:\/\/www.pcimembranes.com\/?page_id=7307"},"modified":"2025-07-25T13:43:13","modified_gmt":"2025-07-25T13:43:13","slug":"biocarburant","status":"publish","type":"page","link":"https:\/\/www.pcimembranes.com\/fr\/industries\/biocarburant\/","title":{"rendered":"Biocarburant"},"content":{"rendered":"\n<div class=\"wp-block-cover alignfull is-light\" style=\"min-height:297px;aspect-ratio:unset;\"><img loading=\"lazy\" decoding=\"async\" width=\"1920\" height=\"2560\" class=\"wp-block-cover__image-background wp-image-2855\" alt=\"\" src=\"https:\/\/www.pcimembranes.com\/wp-content\/uploads\/2021\/08\/biofuel-2-scaled.jpg\" style=\"object-position:50% 45%\" data-object-fit=\"cover\" data-object-position=\"50% 45%\" srcset=\"https:\/\/www.pcimembranes.com\/wp-content\/uploads\/2021\/08\/biofuel-2-scaled.jpg 1920w, https:\/\/www.pcimembranes.com\/wp-content\/uploads\/2021\/08\/biofuel-2-225x300.jpg 225w, https:\/\/www.pcimembranes.com\/wp-content\/uploads\/2021\/08\/biofuel-2-768x1024.jpg 768w, https:\/\/www.pcimembranes.com\/wp-content\/uploads\/2021\/08\/biofuel-2-1152x1536.jpg 1152w, https:\/\/www.pcimembranes.com\/wp-content\/uploads\/2021\/08\/biofuel-2-1536x2048.jpg 1536w\" sizes=\"auto, (max-width: 1920px) 100vw, 1920px\" \/><span aria-hidden=\"true\" class=\"wp-block-cover__background has-background-dim-20 has-background-dim\"><\/span><div class=\"wp-block-cover__inner-container is-layout-flow wp-block-cover-is-layout-flow\">\n<h1 class=\"wp-block-heading has-text-align-center has-white-color has-text-color has-link-color wp-elements-7d8913c31ee35729efc76b485ba87977\">Biocarburant<\/h1>\n<\/div><\/div>\n\n\n\n<!--Close-->\t\n<\/div><\/div><\/section>\n<!--Menu-->\n<div class=\"no-top-margin\">\n<div class=\"msb-sticky-bar\">\n<div class=\"container\">\n  <div class=\"row\">\n    <div class=\"col-sm text-center\">\n      <a href=\"https:\/\/www.pcimembranes.com\/contactus\/\" class=\"btn btn-primary solution-trigger\">PARLER A UN EXPERT<\/a>\n    <\/div>\n  <\/div>\n<\/div>\n<\/div>\n<\/div>\n<!--Open-->\n<section class=\"container\"><div class=\"row\"><div class=\"col-md-12\">\n\n\n\n<h2 class=\"wp-block-heading\">Solutions d&rsquo;\u00e9nergie renouvelable<\/h2>\n\n\n\n<p>Au cours des trois derni\u00e8res d\u00e9cennies, le changement climatique et ses effets ont attir\u00e9 l\u2019attention du monde entier. La plupart des grands pays ont convenu que les \u00e9missions mondiales de CO2 devaient \u00eatre r\u00e9duites et que des alternatives aux combustibles fossiles nocifs devaient \u00eatre trouv\u00e9es. Les scientifiques des centres de recherche et des universit\u00e9s travaillent \u00e0 d\u00e9velopper des solutions \u00e9nerg\u00e9tiques durables afin d\u2019optimiser les technologies \u00e9nerg\u00e9tiques actuelles. En cons\u00e9quence, de nombreuses technologies \u00e9nerg\u00e9tiques durables ont \u00e9t\u00e9 d\u00e9velopp\u00e9es.<\/p>\n\n\n\n<p>\u00c0 ce jour, les \u00e9nergies solaire et \u00e9olienne se sont av\u00e9r\u00e9es \u00eatre les solutions durables les plus courantes. En raison du d\u00e9veloppement de nouvelles m\u00e9thodologies, l\u2019utilisation des biocarburants augmente. Cette nouvelle technologie permet de convertir la biomasse en carburants capables de produire de l\u2019\u00e9nergie. Les plus reconnus d\u2019entre eux sont le bio\u00e9thanol, le biodiesel et le biogaz.<\/p>\n\n\n\n<p>Les biocarburants sont class\u00e9s en quatre g\u00e9n\u00e9rations diff\u00e9rentes. Chaque g\u00e9n\u00e9ration fait r\u00e9f\u00e9rence aux mati\u00e8res premi\u00e8res de la biomasse. Une mati\u00e8re premi\u00e8re est d\u00e9finie comme toute mati\u00e8re biologique renouvelable qui peut \u00eatre utilis\u00e9e directement comme combustible ou convertie en une autre forme de combustible ou de produit \u00e9nerg\u00e9tique. Les avantages des biocarburants comprennent l\u2019\u00e9conomie, l\u2019environnement, le stockage et la gestion des d\u00e9chets.<\/p>\n\n\n\n<p>Les biocarburants de premi\u00e8re g\u00e9n\u00e9ration sont produits \u00e0 partir de mati\u00e8res premi\u00e8res issues de la biomasse qui peuvent \u00eatre utilis\u00e9es comme aliments ou d\u00e9chets tels que l\u2019huile pure, le sucre, l\u2019amidon ou les d\u00e9chets d\u2019huile de friture. Le bio\u00e9thanol, l\u2019huile v\u00e9g\u00e9tale pure, le biodiesel et le biogaz en sont des exemples. La fermentation et la transest\u00e9rification sont utilis\u00e9es comme proc\u00e9d\u00e9s de conversion lors de la production de ces biocarburants.<\/p>\n\n\n\n<p>Les biocarburants de deuxi\u00e8me g\u00e9n\u00e9ration sont produits \u00e0 partir de mati\u00e8res premi\u00e8res qui ne sont pas utilisables comme aliments, comme les mati\u00e8res lignocellulosiques. Ces types de biocarburants sont le bio\u00e9thanol, les biocarburants synth\u00e9tiques et le biogaz. La fermentation, la gaz\u00e9ification et la pyrolyse rapide sont utilis\u00e9es comme proc\u00e9d\u00e9s de conversation au cours de cette production.<\/p>\n\n\n\n<p>Les biocarburants de troisi\u00e8me g\u00e9n\u00e9ration sont une am\u00e9lioration directe de la deuxi\u00e8me g\u00e9n\u00e9ration. Par exemple, l\u2019accent est mis sur les mat\u00e9riaux lignocellulosiques qui donnent la conversion la plus \u00e9lev\u00e9e de biocarburant, tels que les algues.<\/p>\n\n\n\n<p>Dans la quatri\u00e8me g\u00e9n\u00e9ration, les \u00e9missions de CO2 sont capt\u00e9es et stock\u00e9es pour \u00eatre utilis\u00e9es comme mati\u00e8re premi\u00e8re dans les usines destin\u00e9es \u00e0 produire des biocarburants.<\/p>\n\n\n\n<p>La filtration peut \u00eatre utilis\u00e9e en g\u00e9n\u00e9ral pour :<\/p>\n\n\n\n<ul class=\"wp-block-list has-light-gray-background-color has-background\">\n<li>retirer le poly\u00e9thyl\u00e8ne et les autres plastiques de l\u2019huile animale<\/li>\n\n\n\n<li>retirer les st\u00e9rols<\/li>\n\n\n\n<li>retirer les glucosides<\/li>\n\n\n\n<li>pr\u00e9traiter l\u2019huile pour la rendre suffisamment propre pour la convertir en biodiesel<\/li>\n\n\n\n<li>blanchir l&rsquo;huile animale<\/li>\n\n\n\n<li>retirer le soufre de l\u2019huile animale<\/li>\n\n\n\n<li>retirer les prot\u00e9ines de l\u2019huile animale<\/li>\n\n\n\n<li>retirer les absorbants tels que la silice<\/li>\n\n\n\n<li>retirer le phosphore<\/li>\n\n\n\n<li>retirer les monoglyc\u00e9rides<\/li>\n\n\n\n<li>retirer les souches<\/li>\n\n\n\n<li>retirer les cires et les gommes<\/li>\n\n\n\n<li>laver, s\u00e9cher et purifier les produits finis tels que le biodiesel et la glyc\u00e9rine<\/li>\n\n\n\n<li>retirer les hydrocarbures aromatiques polycycliques (HAP)<\/li>\n<\/ul>\n\n\n\n<div style=\"height:50px\" aria-hidden=\"true\" class=\"wp-block-spacer\"><\/div>\n\n\n\n<div style=\"height:50px\" aria-hidden=\"true\" class=\"wp-block-spacer\"><\/div>\n","protected":false},"excerpt":{"rendered":"<p>PARLER A UN EXPERT Solutions d&rsquo;\u00e9nergie renouvelable Au cours des trois derni\u00e8res d\u00e9cennies, le changement climatique et ses effets ont attir\u00e9 l\u2019attention du monde entier. La plupart des grands pays ont convenu que les \u00e9missions mondiales de CO2 devaient \u00eatre r\u00e9duites et que des alternatives aux combustibles fossiles nocifs devaient \u00eatre trouv\u00e9es. Les scientifiques des [&hellip;]<\/p>\n","protected":false},"author":9,"featured_media":0,"parent":7282,"menu_order":0,"comment_status":"closed","ping_status":"closed","template":"","meta":{"_acf_changed":false,"content-type":"","footnotes":""},"class_list":["post-7307","page","type-page","status-publish","hentry"],"acf":[],"yoast_head":"<!-- This site is optimized with the Yoast SEO plugin v27.3 - https:\/\/yoast.com\/product\/yoast-seo-wordpress\/ -->\n<title>Biocarburant - PCI Membranes<\/title>\n<meta name=\"robots\" content=\"index, follow, max-snippet:-1, max-image-preview:large, max-video-preview:-1\" \/>\n<link rel=\"canonical\" href=\"https:\/\/www.pcimembranes.com\/fr\/industries\/biocarburant\/\" \/>\n<meta property=\"og:locale\" content=\"fr_FR\" \/>\n<meta property=\"og:type\" content=\"article\" \/>\n<meta property=\"og:title\" content=\"Biocarburant - PCI Membranes\" \/>\n<meta property=\"og:description\" content=\"PARLER A UN EXPERT Solutions d&rsquo;\u00e9nergie renouvelable Au cours des trois derni\u00e8res d\u00e9cennies, le changement climatique et ses effets ont attir\u00e9 l\u2019attention du monde entier. La plupart des grands pays ont convenu que les \u00e9missions mondiales de CO2 devaient \u00eatre r\u00e9duites et que des alternatives aux combustibles fossiles nocifs devaient \u00eatre trouv\u00e9es. Les scientifiques des [&hellip;]\" \/>\n<meta property=\"og:url\" content=\"https:\/\/www.pcimembranes.com\/fr\/industries\/biocarburant\/\" \/>\n<meta property=\"og:site_name\" content=\"PCI Membranes\" \/>\n<meta property=\"article:modified_time\" content=\"2025-07-25T13:43:13+00:00\" \/>\n<meta property=\"og:image\" content=\"https:\/\/www.pcimembranes.com\/wp-content\/uploads\/2021\/08\/biofuel-2-scaled.jpg\" \/>\n\t<meta property=\"og:image:width\" content=\"1920\" \/>\n\t<meta property=\"og:image:height\" content=\"2560\" \/>\n\t<meta property=\"og:image:type\" content=\"image\/jpeg\" \/>\n<meta name=\"twitter:card\" content=\"summary_large_image\" \/>\n<meta name=\"twitter:label1\" content=\"Dur\u00e9e de lecture estim\u00e9e\" \/>\n\t<meta name=\"twitter:data1\" content=\"3 minutes\" \/>\n<script type=\"application\/ld+json\" class=\"yoast-schema-graph\">{\"@context\":\"https:\\\/\\\/schema.org\",\"@graph\":[{\"@type\":\"WebPage\",\"@id\":\"https:\\\/\\\/www.pcimembranes.com\\\/fr\\\/industries\\\/biocarburant\\\/\",\"url\":\"https:\\\/\\\/www.pcimembranes.com\\\/fr\\\/industries\\\/biocarburant\\\/\",\"name\":\"Biocarburant - PCI Membranes\",\"isPartOf\":{\"@id\":\"https:\\\/\\\/www.pcimembranes.com\\\/fr\\\/#website\"},\"primaryImageOfPage\":{\"@id\":\"https:\\\/\\\/www.pcimembranes.com\\\/fr\\\/industries\\\/biocarburant\\\/#primaryimage\"},\"image\":{\"@id\":\"https:\\\/\\\/www.pcimembranes.com\\\/fr\\\/industries\\\/biocarburant\\\/#primaryimage\"},\"thumbnailUrl\":\"https:\\\/\\\/www.pcimembranes.com\\\/wp-content\\\/uploads\\\/2021\\\/08\\\/biofuel-2-scaled.jpg\",\"datePublished\":\"2024-01-04T16:19:32+00:00\",\"dateModified\":\"2025-07-25T13:43:13+00:00\",\"breadcrumb\":{\"@id\":\"https:\\\/\\\/www.pcimembranes.com\\\/fr\\\/industries\\\/biocarburant\\\/#breadcrumb\"},\"inLanguage\":\"fr-FR\",\"potentialAction\":[{\"@type\":\"ReadAction\",\"target\":[\"https:\\\/\\\/www.pcimembranes.com\\\/fr\\\/industries\\\/biocarburant\\\/\"]}]},{\"@type\":\"ImageObject\",\"inLanguage\":\"fr-FR\",\"@id\":\"https:\\\/\\\/www.pcimembranes.com\\\/fr\\\/industries\\\/biocarburant\\\/#primaryimage\",\"url\":\"https:\\\/\\\/www.pcimembranes.com\\\/wp-content\\\/uploads\\\/2021\\\/08\\\/biofuel-2-scaled.jpg\",\"contentUrl\":\"https:\\\/\\\/www.pcimembranes.com\\\/wp-content\\\/uploads\\\/2021\\\/08\\\/biofuel-2-scaled.jpg\"},{\"@type\":\"BreadcrumbList\",\"@id\":\"https:\\\/\\\/www.pcimembranes.com\\\/fr\\\/industries\\\/biocarburant\\\/#breadcrumb\",\"itemListElement\":[{\"@type\":\"ListItem\",\"position\":1,\"name\":\"\",\"item\":\"https:\\\/\\\/www.pcimembranes.com\\\/fr\\\/\"},{\"@type\":\"ListItem\",\"position\":2,\"name\":\"Industries\",\"item\":\"https:\\\/\\\/www.pcimembranes.com\\\/fr\\\/industries\\\/\"},{\"@type\":\"ListItem\",\"position\":3,\"name\":\"Biocarburant\"}]},{\"@type\":\"WebSite\",\"@id\":\"https:\\\/\\\/www.pcimembranes.com\\\/fr\\\/#website\",\"url\":\"https:\\\/\\\/www.pcimembranes.com\\\/fr\\\/\",\"name\":\"PCI Membranes\",\"description\":\"Making the World Safer, Healthier and More Productive\",\"publisher\":{\"@id\":\"https:\\\/\\\/www.pcimembranes.com\\\/fr\\\/#organization\"},\"potentialAction\":[{\"@type\":\"SearchAction\",\"target\":{\"@type\":\"EntryPoint\",\"urlTemplate\":\"https:\\\/\\\/www.pcimembranes.com\\\/fr\\\/?s={search_term_string}\"},\"query-input\":{\"@type\":\"PropertyValueSpecification\",\"valueRequired\":true,\"valueName\":\"search_term_string\"}}],\"inLanguage\":\"fr-FR\"},{\"@type\":\"Organization\",\"@id\":\"https:\\\/\\\/www.pcimembranes.com\\\/fr\\\/#organization\",\"name\":\"Filtration Group\",\"url\":\"https:\\\/\\\/www.pcimembranes.com\\\/fr\\\/\",\"logo\":{\"@type\":\"ImageObject\",\"inLanguage\":\"fr-FR\",\"@id\":\"https:\\\/\\\/www.pcimembranes.com\\\/fr\\\/#\\\/schema\\\/logo\\\/image\\\/\",\"url\":\"https:\\\/\\\/www.pcimembranes.com\\\/wp-content\\\/uploads\\\/2019\\\/06\\\/FGC-logo-1.png\",\"contentUrl\":\"https:\\\/\\\/www.pcimembranes.com\\\/wp-content\\\/uploads\\\/2019\\\/06\\\/FGC-logo-1.png\",\"width\":1104,\"height\":224,\"caption\":\"Filtration Group\"},\"image\":{\"@id\":\"https:\\\/\\\/www.pcimembranes.com\\\/fr\\\/#\\\/schema\\\/logo\\\/image\\\/\"}}]}<\/script>\n<!-- \/ Yoast SEO plugin. -->","yoast_head_json":{"title":"Biocarburant - PCI Membranes","robots":{"index":"index","follow":"follow","max-snippet":"max-snippet:-1","max-image-preview":"max-image-preview:large","max-video-preview":"max-video-preview:-1"},"canonical":"https:\/\/www.pcimembranes.com\/fr\/industries\/biocarburant\/","og_locale":"fr_FR","og_type":"article","og_title":"Biocarburant - PCI Membranes","og_description":"PARLER A UN EXPERT Solutions d&rsquo;\u00e9nergie renouvelable Au cours des trois derni\u00e8res d\u00e9cennies, le changement climatique et ses effets ont attir\u00e9 l\u2019attention du monde entier. La plupart des grands pays ont convenu que les \u00e9missions mondiales de CO2 devaient \u00eatre r\u00e9duites et que des alternatives aux combustibles fossiles nocifs devaient \u00eatre trouv\u00e9es. Les scientifiques des [&hellip;]","og_url":"https:\/\/www.pcimembranes.com\/fr\/industries\/biocarburant\/","og_site_name":"PCI Membranes","article_modified_time":"2025-07-25T13:43:13+00:00","og_image":[{"width":1920,"height":2560,"url":"https:\/\/www.pcimembranes.com\/wp-content\/uploads\/2021\/08\/biofuel-2-scaled.jpg","type":"image\/jpeg"}],"twitter_card":"summary_large_image","twitter_misc":{"Dur\u00e9e de lecture estim\u00e9e":"3 minutes"},"schema":{"@context":"https:\/\/schema.org","@graph":[{"@type":"WebPage","@id":"https:\/\/www.pcimembranes.com\/fr\/industries\/biocarburant\/","url":"https:\/\/www.pcimembranes.com\/fr\/industries\/biocarburant\/","name":"Biocarburant - PCI Membranes","isPartOf":{"@id":"https:\/\/www.pcimembranes.com\/fr\/#website"},"primaryImageOfPage":{"@id":"https:\/\/www.pcimembranes.com\/fr\/industries\/biocarburant\/#primaryimage"},"image":{"@id":"https:\/\/www.pcimembranes.com\/fr\/industries\/biocarburant\/#primaryimage"},"thumbnailUrl":"https:\/\/www.pcimembranes.com\/wp-content\/uploads\/2021\/08\/biofuel-2-scaled.jpg","datePublished":"2024-01-04T16:19:32+00:00","dateModified":"2025-07-25T13:43:13+00:00","breadcrumb":{"@id":"https:\/\/www.pcimembranes.com\/fr\/industries\/biocarburant\/#breadcrumb"},"inLanguage":"fr-FR","potentialAction":[{"@type":"ReadAction","target":["https:\/\/www.pcimembranes.com\/fr\/industries\/biocarburant\/"]}]},{"@type":"ImageObject","inLanguage":"fr-FR","@id":"https:\/\/www.pcimembranes.com\/fr\/industries\/biocarburant\/#primaryimage","url":"https:\/\/www.pcimembranes.com\/wp-content\/uploads\/2021\/08\/biofuel-2-scaled.jpg","contentUrl":"https:\/\/www.pcimembranes.com\/wp-content\/uploads\/2021\/08\/biofuel-2-scaled.jpg"},{"@type":"BreadcrumbList","@id":"https:\/\/www.pcimembranes.com\/fr\/industries\/biocarburant\/#breadcrumb","itemListElement":[{"@type":"ListItem","position":1,"name":"","item":"https:\/\/www.pcimembranes.com\/fr\/"},{"@type":"ListItem","position":2,"name":"Industries","item":"https:\/\/www.pcimembranes.com\/fr\/industries\/"},{"@type":"ListItem","position":3,"name":"Biocarburant"}]},{"@type":"WebSite","@id":"https:\/\/www.pcimembranes.com\/fr\/#website","url":"https:\/\/www.pcimembranes.com\/fr\/","name":"PCI Membranes","description":"Making the World Safer, Healthier and More Productive","publisher":{"@id":"https:\/\/www.pcimembranes.com\/fr\/#organization"},"potentialAction":[{"@type":"SearchAction","target":{"@type":"EntryPoint","urlTemplate":"https:\/\/www.pcimembranes.com\/fr\/?s={search_term_string}"},"query-input":{"@type":"PropertyValueSpecification","valueRequired":true,"valueName":"search_term_string"}}],"inLanguage":"fr-FR"},{"@type":"Organization","@id":"https:\/\/www.pcimembranes.com\/fr\/#organization","name":"Filtration Group","url":"https:\/\/www.pcimembranes.com\/fr\/","logo":{"@type":"ImageObject","inLanguage":"fr-FR","@id":"https:\/\/www.pcimembranes.com\/fr\/#\/schema\/logo\/image\/","url":"https:\/\/www.pcimembranes.com\/wp-content\/uploads\/2019\/06\/FGC-logo-1.png","contentUrl":"https:\/\/www.pcimembranes.com\/wp-content\/uploads\/2019\/06\/FGC-logo-1.png","width":1104,"height":224,"caption":"Filtration Group"},"image":{"@id":"https:\/\/www.pcimembranes.com\/fr\/#\/schema\/logo\/image\/"}}]}},"_links":{"self":[{"href":"https:\/\/www.pcimembranes.com\/fr\/wp-json\/wp\/v2\/pages\/7307","targetHints":{"allow":["GET"]}}],"collection":[{"href":"https:\/\/www.pcimembranes.com\/fr\/wp-json\/wp\/v2\/pages"}],"about":[{"href":"https:\/\/www.pcimembranes.com\/fr\/wp-json\/wp\/v2\/types\/page"}],"author":[{"embeddable":true,"href":"https:\/\/www.pcimembranes.com\/fr\/wp-json\/wp\/v2\/users\/9"}],"replies":[{"embeddable":true,"href":"https:\/\/www.pcimembranes.com\/fr\/wp-json\/wp\/v2\/comments?post=7307"}],"version-history":[{"count":0,"href":"https:\/\/www.pcimembranes.com\/fr\/wp-json\/wp\/v2\/pages\/7307\/revisions"}],"up":[{"embeddable":true,"href":"https:\/\/www.pcimembranes.com\/fr\/wp-json\/wp\/v2\/pages\/7282"}],"wp:attachment":[{"href":"https:\/\/www.pcimembranes.com\/fr\/wp-json\/wp\/v2\/media?parent=7307"}],"curies":[{"name":"wp","href":"https:\/\/api.w.org\/{rel}","templated":true}]}}