{"id":7355,"date":"2024-01-05T15:38:52","date_gmt":"2024-01-05T15:38:52","guid":{"rendered":"https:\/\/www.pcimembranes.com\/?page_id=7355"},"modified":"2025-07-25T13:45:03","modified_gmt":"2025-07-25T13:45:03","slug":"filtration-membranaire-pour-la-production-de-sauce-soja","status":"publish","type":"page","link":"https:\/\/www.pcimembranes.com\/fr\/filtration-membranaire-pour-la-production-de-sauce-soja\/","title":{"rendered":"Filtration membranaire pour la production de sauce soja"},"content":{"rendered":"\n<div class=\"wp-block-cover alignfull is-light\" style=\"min-height:298px;aspect-ratio:unset;\"><img loading=\"lazy\" decoding=\"async\" width=\"1928\" height=\"1615\" class=\"wp-block-cover__image-background wp-image-2803\" alt=\"\" src=\"https:\/\/www.pcimembranes.com\/wp-content\/uploads\/2021\/08\/soy-sauce-1.jpg\" style=\"object-position:45% 48%\" data-object-fit=\"cover\" data-object-position=\"45% 48%\" srcset=\"https:\/\/www.pcimembranes.com\/wp-content\/uploads\/2021\/08\/soy-sauce-1.jpg 1928w, https:\/\/www.pcimembranes.com\/wp-content\/uploads\/2021\/08\/soy-sauce-1-300x251.jpg 300w, https:\/\/www.pcimembranes.com\/wp-content\/uploads\/2021\/08\/soy-sauce-1-1024x858.jpg 1024w, https:\/\/www.pcimembranes.com\/wp-content\/uploads\/2021\/08\/soy-sauce-1-768x643.jpg 768w, https:\/\/www.pcimembranes.com\/wp-content\/uploads\/2021\/08\/soy-sauce-1-1536x1287.jpg 1536w\" sizes=\"auto, (max-width: 1928px) 100vw, 1928px\" \/><span aria-hidden=\"true\" class=\"wp-block-cover__background has-background-dim-30 has-background-dim\"><\/span><div class=\"wp-block-cover__inner-container is-layout-flow wp-block-cover-is-layout-flow\">\n<h1 class=\"wp-block-heading has-text-align-center has-white-color has-text-color\">Filtration membranaire pour la production de sauce soja<\/h1>\n<\/div><\/div>\n\n\n\n<!--Close-->\t\n<\/div><\/div><\/section>\n<!--Menu-->\n<div class=\"no-top-margin\">\n<div class=\"msb-sticky-bar\">\n<div class=\"container\">\n  <div class=\"row\">\n    <div class=\"col-sm text-center\">\n      <a href=\"https:\/\/www.pcimembranes.com\/contactus\/\" class=\"btn btn-primary solution-trigger\">PARLER A UN EXPERT<\/a>\n    <\/div>\n  <\/div>\n<\/div>\n<\/div>\n<\/div>\n<!--Open-->\n<section class=\"container\"><div class=\"row\"><div class=\"col-md-12\">\n\n\n\n<figure class=\"wp-block-pullquote\"><blockquote><p>La clarification est une \u00e9tape cruciale de la production de sauce soja. L\u2019objectif est de rendre la sauce soja claire tout en conservant ses vitamines, min\u00e9raux, prot\u00e9ines et antioxydants et en assurant une bonne dur\u00e9e de conservation. Les membranes PCI offrent des solutions de membranes spiral\u00e9es qui prot\u00e8gent les nutriments tout en limitant l\u2019ajout de conservateurs. De plus, la qualit\u00e9 et la tra\u00e7abilit\u00e9 de nos produits nous permettent d\u2019assurer des performances constantes et fiables.<\/p><\/blockquote><\/figure>\n\n\n\n<hr class=\"wp-block-separator has-css-opacity is-style-default\" \/>\n\n\n\n<div style=\"height:21px\" aria-hidden=\"true\" class=\"wp-block-spacer\"><\/div>\n\n\n\n<h2 class=\"wp-block-heading\">Clarification de la sauce soja<\/h2>\n\n\n\n<div style=\"height:21px\" aria-hidden=\"true\" class=\"wp-block-spacer\"><\/div>\n\n\n\n<p>En tant qu\u2019aliment ferment\u00e9 traditionnel en Asie de l\u2019Est, la sauce soja est devenue un assaisonnement largement utilis\u00e9 dans le monde entier. La sauce soja est fabriqu\u00e9e \u00e0 partir de soja et de bl\u00e9 gr\u00e2ce \u00e0 un processus de fermentation complexe impliquant une catalyse enzymatique par divers micro-organismes. Avec le temps, les saccharides, l\u2019azote des acides amin\u00e9s, les acides organiques et les autres constituants qui composent la sauce soja lui donneront une saveur unique.<\/p>\n\n\n\n<p>Apr\u00e8s avoir brass\u00e9 pendant plusieurs mois, la sauce soja brute contient de grandes quantit\u00e9s de mo\u00fbt ferment\u00e9, qui est g\u00e9n\u00e9ralement filtr\u00e9\/press\u00e9 pour \u00e9liminer les solides en suspension en exc\u00e8s ; ensuite, un dernier raffinage est n\u00e9cessaire pour stabiliser sa saveur et sa couleur. Les membranes d\u2019ultrafiltration vont affiner la sauce soja filtr\u00e9e en stoppant la r\u00e9action microbienne et enzymatique. Cette derni\u00e8re \u00e9tape avant la mise en bouteille permettra de clarifier la sauce tout en conservant les propri\u00e9t\u00e9s organoleptiques et les \u00e9l\u00e9ments nutritionnels de la sauce soja. Il permettra \u00e9galement d\u2019\u00e9liminer les micro-organismes, ce qui arr\u00eatera le processus de fermentation et stabilisera la sauce soja pour assurer une longue dur\u00e9e de conservation.<\/p>\n\n\n\n<p>Les m\u00e9thodes traditionnelles de production de sauce soja impliquent plusieurs op\u00e9rations par lots qui impliquent du temps et de la main-d\u2019\u0153uvre. De plus, ces m\u00e9thodes ne peuvent pas \u00e9liminer les micro-organismes et les bact\u00e9ries, ce qui limite le temps de p\u00e9remption du produit. L\u2019utilisation de membranes spiral\u00e9es apporte plusieurs avantages : obtenir une clarification \u00e9lev\u00e9e, conserver une bonne saveur et de bons nutriments, conserver les prot\u00e9ines solubles ainsi qu\u2019assurer un faible degr\u00e9 de brunissement. De plus, cela est rentable et n\u00e9cessite peu d\u2019entretien.<\/p>\n\n\n\n<div style=\"height:21px\" aria-hidden=\"true\" class=\"wp-block-spacer\"><\/div>\n\n\n\n<div class=\"wp-block-cover alignfull is-light\" style=\"min-height:186px;aspect-ratio:unset;\"><img loading=\"lazy\" decoding=\"async\" width=\"2560\" height=\"783\" class=\"wp-block-cover__image-background wp-image-2879\" alt=\"\" src=\"https:\/\/www.pcimembranes.com\/wp-content\/uploads\/2021\/08\/banner-heading-3-scaled.jpg\" data-object-fit=\"cover\" srcset=\"https:\/\/www.pcimembranes.com\/wp-content\/uploads\/2021\/08\/banner-heading-3-scaled.jpg 2560w, https:\/\/www.pcimembranes.com\/wp-content\/uploads\/2021\/08\/banner-heading-3-300x92.jpg 300w, https:\/\/www.pcimembranes.com\/wp-content\/uploads\/2021\/08\/banner-heading-3-1024x313.jpg 1024w, https:\/\/www.pcimembranes.com\/wp-content\/uploads\/2021\/08\/banner-heading-3-768x235.jpg 768w, https:\/\/www.pcimembranes.com\/wp-content\/uploads\/2021\/08\/banner-heading-3-1536x470.jpg 1536w, https:\/\/www.pcimembranes.com\/wp-content\/uploads\/2021\/08\/banner-heading-3-2048x626.jpg 2048w\" sizes=\"auto, (max-width: 2560px) 100vw, 2560px\" \/><span aria-hidden=\"true\" class=\"wp-block-cover__background has-background-dim-10 has-background-dim\"><\/span><div class=\"wp-block-cover__inner-container is-layout-flow wp-block-cover-is-layout-flow\">\n<h2 class=\"wp-block-heading has-text-align-center has-dark-gray-color has-text-color\">Le processus de clarification de la sauce soja en d\u00e9tail<\/h2>\n\n\n\n<p><\/p>\n<\/div><\/div>\n\n\n\n<div style=\"height:21px\" aria-hidden=\"true\" class=\"wp-block-spacer\"><\/div>\n\n\n\n<div class=\"wp-block-columns are-vertically-aligned-center is-layout-flex wp-container-core-columns-is-layout-9d6595d7 wp-block-columns-is-layout-flex\">\n<div class=\"wp-block-column is-vertically-aligned-center is-layout-flow wp-block-column-is-layout-flow\" style=\"flex-basis:66.66%\">\n<p>La production de sauce soja est divis\u00e9e en 4 \u00e9tapes principales : la pr\u00e9paration de la sauce soja brute, la d\u00e9cantation statique, la pr\u00e9filtration et la microfiltration \u00e0 l\u2019aide d\u2019\u00e9l\u00e9ments membranaires spiral\u00e9s, ainsi qu\u2019un certain nombre de sous-\u00e9tapes.<\/p>\n\n\n\n<ul class=\"wp-block-list\">\n<li>Lors de la d\u00e9cantation statique, la fermentation de la sauce soja d\u00e9veloppe de grandes quantit\u00e9s de mo\u00fbt ferment\u00e9 et de mati\u00e8res en suspension qui devront \u00eatre pr\u00e9-filtr\u00e9es.<\/li>\n\n\n\n<li>L\u2019\u00e9tape de microfiltration \u00e0 l\u2019aide de membranes spiral\u00e9es avec un seuil de coupure de 500 000 Da, \u00e9liminera les prot\u00e9ines macromol\u00e9culaires, la mati\u00e8re organique ainsi que les collo\u00efdes tout en am\u00e9liorant la limpidit\u00e9 de la sauce. Les membranes utilis\u00e9es pour cette \u00e9tape \u00e9liminent \u00e9galement les bact\u00e9ries et les micro-organismes, ce qui garantit une longue dur\u00e9e de conservation. Pour cette application, nous recommandons d\u2019utiliser nos \u00e9l\u00e9ments membranaires spiral\u00e9s FG-SpiraCore MF500.<\/li>\n<\/ul>\n<\/div>\n\n\n\n<div class=\"wp-block-column is-vertically-aligned-center is-layout-flow wp-block-column-is-layout-flow\" style=\"flex-basis:33.33%\"><div class=\"wp-block-image is-style-default\">\n<figure class=\"aligncenter size-large\"><img loading=\"lazy\" decoding=\"async\" width=\"150\" height=\"416\" src=\"https:\/\/www.pcimembranes.com\/wp-content\/uploads\/2021\/08\/soy-sauce-prodution-steps.png\" alt=\"\" class=\"wp-image-2885\" srcset=\"https:\/\/www.pcimembranes.com\/wp-content\/uploads\/2021\/08\/soy-sauce-prodution-steps.png 150w, https:\/\/www.pcimembranes.com\/wp-content\/uploads\/2021\/08\/soy-sauce-prodution-steps-108x300.png 108w\" sizes=\"auto, (max-width: 150px) 100vw, 150px\" \/><\/figure>\n<\/div><\/div>\n<\/div>\n\n\n\n<div style=\"height:21px\" aria-hidden=\"true\" class=\"wp-block-spacer\"><\/div>\n\n\n\n<div class=\"wp-block-cover alignfull is-light\" style=\"min-height:186px;aspect-ratio:unset;\"><img loading=\"lazy\" decoding=\"async\" width=\"2560\" height=\"783\" class=\"wp-block-cover__image-background wp-image-2879\" alt=\"\" src=\"https:\/\/www.pcimembranes.com\/wp-content\/uploads\/2021\/08\/banner-heading-3-scaled.jpg\" data-object-fit=\"cover\" srcset=\"https:\/\/www.pcimembranes.com\/wp-content\/uploads\/2021\/08\/banner-heading-3-scaled.jpg 2560w, https:\/\/www.pcimembranes.com\/wp-content\/uploads\/2021\/08\/banner-heading-3-300x92.jpg 300w, https:\/\/www.pcimembranes.com\/wp-content\/uploads\/2021\/08\/banner-heading-3-1024x313.jpg 1024w, https:\/\/www.pcimembranes.com\/wp-content\/uploads\/2021\/08\/banner-heading-3-768x235.jpg 768w, https:\/\/www.pcimembranes.com\/wp-content\/uploads\/2021\/08\/banner-heading-3-1536x470.jpg 1536w, https:\/\/www.pcimembranes.com\/wp-content\/uploads\/2021\/08\/banner-heading-3-2048x626.jpg 2048w\" sizes=\"auto, (max-width: 2560px) 100vw, 2560px\" \/><span aria-hidden=\"true\" class=\"wp-block-cover__background has-background-dim-10 has-background-dim\"><\/span><div class=\"wp-block-cover__inner-container is-layout-flow wp-block-cover-is-layout-flow\">\n<h2 class=\"wp-block-heading has-text-align-center has-dark-gray-color has-text-color\">La technologie de la membrane spiral\u00e9e<\/h2>\n<\/div><\/div>\n\n\n\n<div class=\"wp-block-columns are-vertically-aligned-center is-layout-flex wp-container-core-columns-is-layout-9d6595d7 wp-block-columns-is-layout-flex\">\n<div class=\"wp-block-column is-vertically-aligned-center is-layout-flow wp-block-column-is-layout-flow\" style=\"flex-basis:66.66%\">\n<h3 class=\"wp-block-heading\">Comment fonctionne le module spiral\u00e9 :<\/h3>\n\n\n\n<p>Les \u00e9l\u00e9ments membranaires spiral\u00e9s se composent d\u2019un spacer d\u2019alimentation, de deux feuilles de membrane et d\u2019un spacer de perm\u00e9at.<\/p>\n\n\n\n<p>La solution d\u2019alimentation est fournie du c\u00f4t\u00e9 de l\u2019alimentation du module, en entrant dans les spacers d\u2019alimentation. L\u2019eau purifi\u00e9e traverse les feuilles de membrane, est recueillie \u00e0 l\u2019int\u00e9rieur des spacers de perm\u00e9at et, suivant un motif en spirale, quitte l\u2019\u00e9l\u00e9ment par le tube de collecte central. La solution d\u2019alimentation restante passe \u00e0 travers les \u00e9l\u00e9ments et sort de l\u2019extr\u00e9mit\u00e9 oppos\u00e9e du module. Plusieurs \u00e9l\u00e9ments membranaires spiral\u00e9s peuvent \u00eatre utilis\u00e9s en s\u00e9rie.<\/p>\n<\/div>\n\n\n\n<div class=\"wp-block-column is-vertically-aligned-center is-layout-flow wp-block-column-is-layout-flow\" style=\"flex-basis:33.33%\">\n<figure class=\"wp-block-image size-large is-style-default\"><img loading=\"lazy\" decoding=\"async\" width=\"612\" height=\"408\" src=\"https:\/\/www.pcimembranes.com\/wp-content\/uploads\/2021\/08\/FG_spira_core_3-removebg-preview.png\" alt=\"\" class=\"wp-image-2777\" srcset=\"https:\/\/www.pcimembranes.com\/wp-content\/uploads\/2021\/08\/FG_spira_core_3-removebg-preview.png 612w, https:\/\/www.pcimembranes.com\/wp-content\/uploads\/2021\/08\/FG_spira_core_3-removebg-preview-300x200.png 300w, https:\/\/www.pcimembranes.com\/wp-content\/uploads\/2021\/08\/FG_spira_core_3-removebg-preview-272x182.png 272w\" sizes=\"auto, (max-width: 612px) 100vw, 612px\" \/><\/figure>\n<\/div>\n<\/div>\n\n\n\n<h3 class=\"wp-block-heading\">Les avantages de l\u2019utilisation d\u2019\u00e9l\u00e9ments membranaires spiral\u00e9s de microfiltration PCI<\/h3>\n\n\n\n<p>Utilis\u00e9s pour les applications de microfiltration de sauce soja, les \u00e9l\u00e9ments membranaires spiral\u00e9s FG-SPIRACORE MF500 de PCI Membranes sont fabriqu\u00e9s en mat\u00e9riau PVDF avec un seuil de coupure de 500 000 Da. Le principal avantage de l\u2019utilisation de ce mat\u00e9riau est sa bonne r\u00e9sistance chimique, qui assure une large gamme de pH (2-11), et une tol\u00e9rance \u00e9lev\u00e9e au chlore.<\/p>\n\n\n\n<p>Dans la gamme d\u2019\u00e9l\u00e9ments de membrane spiral\u00e9es FG-SpiraCore EXC-So-MF, plusieurs \u00e9paisseurs de spacer d\u2019alimentation sont disponibles. N\u2019h\u00e9sitez pas \u00e0 demander plus de d\u00e9tails \u00e0 votre contact <a href=\"https:\/\/www.pcimembranes.com\/contact\/\">PCI MEMBRANES<\/a>.<\/p>\n","protected":false},"excerpt":{"rendered":"<p>PARLER A UN EXPERT La clarification est une \u00e9tape cruciale de la production de sauce soja. L\u2019objectif est de rendre la sauce soja claire tout en conservant ses vitamines, min\u00e9raux, prot\u00e9ines et antioxydants et en assurant une bonne dur\u00e9e de conservation. Les membranes PCI offrent des solutions de membranes spiral\u00e9es qui prot\u00e8gent les nutriments tout [&hellip;]<\/p>\n","protected":false},"author":9,"featured_media":0,"parent":0,"menu_order":0,"comment_status":"closed","ping_status":"closed","template":"","meta":{"_acf_changed":false,"content-type":"","footnotes":""},"class_list":["post-7355","page","type-page","status-publish","hentry"],"acf":[],"yoast_head":"<!-- This site is optimized with the Yoast SEO plugin v27.3 - https:\/\/yoast.com\/product\/yoast-seo-wordpress\/ -->\n<title>Filtration membranaire pour la production de sauce soja - PCI Membranes<\/title>\n<meta name=\"robots\" content=\"index, follow, max-snippet:-1, max-image-preview:large, max-video-preview:-1\" \/>\n<link rel=\"canonical\" href=\"https:\/\/www.pcimembranes.com\/fr\/filtration-membranaire-pour-la-production-de-sauce-soja\/\" \/>\n<meta property=\"og:locale\" content=\"fr_FR\" \/>\n<meta property=\"og:type\" content=\"article\" \/>\n<meta property=\"og:title\" content=\"Filtration membranaire pour la production de sauce soja - PCI Membranes\" \/>\n<meta property=\"og:description\" content=\"PARLER A UN EXPERT La clarification est une \u00e9tape cruciale de la production de sauce soja. L\u2019objectif est de rendre la sauce soja claire tout en conservant ses vitamines, min\u00e9raux, prot\u00e9ines et antioxydants et en assurant une bonne dur\u00e9e de conservation. Les membranes PCI offrent des solutions de membranes spiral\u00e9es qui prot\u00e8gent les nutriments tout [&hellip;]\" \/>\n<meta property=\"og:url\" content=\"https:\/\/www.pcimembranes.com\/fr\/filtration-membranaire-pour-la-production-de-sauce-soja\/\" \/>\n<meta property=\"og:site_name\" content=\"PCI Membranes\" \/>\n<meta property=\"article:modified_time\" content=\"2025-07-25T13:45:03+00:00\" \/>\n<meta property=\"og:image\" content=\"https:\/\/www.pcimembranes.com\/wp-content\/uploads\/2021\/08\/soy-sauce-1.jpg\" \/>\n\t<meta property=\"og:image:width\" content=\"1928\" \/>\n\t<meta property=\"og:image:height\" content=\"1615\" \/>\n\t<meta property=\"og:image:type\" content=\"image\/jpeg\" \/>\n<meta name=\"twitter:card\" content=\"summary_large_image\" \/>\n<meta name=\"twitter:label1\" content=\"Dur\u00e9e de lecture estim\u00e9e\" \/>\n\t<meta name=\"twitter:data1\" content=\"4 minutes\" \/>\n<script type=\"application\/ld+json\" class=\"yoast-schema-graph\">{\"@context\":\"https:\\\/\\\/schema.org\",\"@graph\":[{\"@type\":\"WebPage\",\"@id\":\"https:\\\/\\\/www.pcimembranes.com\\\/fr\\\/filtration-membranaire-pour-la-production-de-sauce-soja\\\/\",\"url\":\"https:\\\/\\\/www.pcimembranes.com\\\/fr\\\/filtration-membranaire-pour-la-production-de-sauce-soja\\\/\",\"name\":\"Filtration membranaire pour la production de sauce soja - PCI Membranes\",\"isPartOf\":{\"@id\":\"https:\\\/\\\/www.pcimembranes.com\\\/fr\\\/#website\"},\"primaryImageOfPage\":{\"@id\":\"https:\\\/\\\/www.pcimembranes.com\\\/fr\\\/filtration-membranaire-pour-la-production-de-sauce-soja\\\/#primaryimage\"},\"image\":{\"@id\":\"https:\\\/\\\/www.pcimembranes.com\\\/fr\\\/filtration-membranaire-pour-la-production-de-sauce-soja\\\/#primaryimage\"},\"thumbnailUrl\":\"https:\\\/\\\/www.pcimembranes.com\\\/wp-content\\\/uploads\\\/2021\\\/08\\\/soy-sauce-1.jpg\",\"datePublished\":\"2024-01-05T15:38:52+00:00\",\"dateModified\":\"2025-07-25T13:45:03+00:00\",\"breadcrumb\":{\"@id\":\"https:\\\/\\\/www.pcimembranes.com\\\/fr\\\/filtration-membranaire-pour-la-production-de-sauce-soja\\\/#breadcrumb\"},\"inLanguage\":\"fr-FR\",\"potentialAction\":[{\"@type\":\"ReadAction\",\"target\":[\"https:\\\/\\\/www.pcimembranes.com\\\/fr\\\/filtration-membranaire-pour-la-production-de-sauce-soja\\\/\"]}]},{\"@type\":\"ImageObject\",\"inLanguage\":\"fr-FR\",\"@id\":\"https:\\\/\\\/www.pcimembranes.com\\\/fr\\\/filtration-membranaire-pour-la-production-de-sauce-soja\\\/#primaryimage\",\"url\":\"https:\\\/\\\/www.pcimembranes.com\\\/wp-content\\\/uploads\\\/2021\\\/08\\\/soy-sauce-1.jpg\",\"contentUrl\":\"https:\\\/\\\/www.pcimembranes.com\\\/wp-content\\\/uploads\\\/2021\\\/08\\\/soy-sauce-1.jpg\"},{\"@type\":\"BreadcrumbList\",\"@id\":\"https:\\\/\\\/www.pcimembranes.com\\\/fr\\\/filtration-membranaire-pour-la-production-de-sauce-soja\\\/#breadcrumb\",\"itemListElement\":[{\"@type\":\"ListItem\",\"position\":1,\"name\":\"\",\"item\":\"https:\\\/\\\/www.pcimembranes.com\\\/fr\\\/\"},{\"@type\":\"ListItem\",\"position\":2,\"name\":\"Filtration membranaire pour la production de sauce soja\"}]},{\"@type\":\"WebSite\",\"@id\":\"https:\\\/\\\/www.pcimembranes.com\\\/fr\\\/#website\",\"url\":\"https:\\\/\\\/www.pcimembranes.com\\\/fr\\\/\",\"name\":\"PCI Membranes\",\"description\":\"Making the World Safer, Healthier and More Productive\",\"publisher\":{\"@id\":\"https:\\\/\\\/www.pcimembranes.com\\\/fr\\\/#organization\"},\"potentialAction\":[{\"@type\":\"SearchAction\",\"target\":{\"@type\":\"EntryPoint\",\"urlTemplate\":\"https:\\\/\\\/www.pcimembranes.com\\\/fr\\\/?s={search_term_string}\"},\"query-input\":{\"@type\":\"PropertyValueSpecification\",\"valueRequired\":true,\"valueName\":\"search_term_string\"}}],\"inLanguage\":\"fr-FR\"},{\"@type\":\"Organization\",\"@id\":\"https:\\\/\\\/www.pcimembranes.com\\\/fr\\\/#organization\",\"name\":\"Filtration Group\",\"url\":\"https:\\\/\\\/www.pcimembranes.com\\\/fr\\\/\",\"logo\":{\"@type\":\"ImageObject\",\"inLanguage\":\"fr-FR\",\"@id\":\"https:\\\/\\\/www.pcimembranes.com\\\/fr\\\/#\\\/schema\\\/logo\\\/image\\\/\",\"url\":\"https:\\\/\\\/www.pcimembranes.com\\\/wp-content\\\/uploads\\\/2019\\\/06\\\/FGC-logo-1.png\",\"contentUrl\":\"https:\\\/\\\/www.pcimembranes.com\\\/wp-content\\\/uploads\\\/2019\\\/06\\\/FGC-logo-1.png\",\"width\":1104,\"height\":224,\"caption\":\"Filtration Group\"},\"image\":{\"@id\":\"https:\\\/\\\/www.pcimembranes.com\\\/fr\\\/#\\\/schema\\\/logo\\\/image\\\/\"}}]}<\/script>\n<!-- \/ Yoast SEO plugin. -->","yoast_head_json":{"title":"Filtration membranaire pour la production de sauce soja - PCI Membranes","robots":{"index":"index","follow":"follow","max-snippet":"max-snippet:-1","max-image-preview":"max-image-preview:large","max-video-preview":"max-video-preview:-1"},"canonical":"https:\/\/www.pcimembranes.com\/fr\/filtration-membranaire-pour-la-production-de-sauce-soja\/","og_locale":"fr_FR","og_type":"article","og_title":"Filtration membranaire pour la production de sauce soja - PCI Membranes","og_description":"PARLER A UN EXPERT La clarification est une \u00e9tape cruciale de la production de sauce soja. L\u2019objectif est de rendre la sauce soja claire tout en conservant ses vitamines, min\u00e9raux, prot\u00e9ines et antioxydants et en assurant une bonne dur\u00e9e de conservation. Les membranes PCI offrent des solutions de membranes spiral\u00e9es qui prot\u00e8gent les nutriments tout [&hellip;]","og_url":"https:\/\/www.pcimembranes.com\/fr\/filtration-membranaire-pour-la-production-de-sauce-soja\/","og_site_name":"PCI Membranes","article_modified_time":"2025-07-25T13:45:03+00:00","og_image":[{"width":1928,"height":1615,"url":"https:\/\/www.pcimembranes.com\/wp-content\/uploads\/2021\/08\/soy-sauce-1.jpg","type":"image\/jpeg"}],"twitter_card":"summary_large_image","twitter_misc":{"Dur\u00e9e de lecture estim\u00e9e":"4 minutes"},"schema":{"@context":"https:\/\/schema.org","@graph":[{"@type":"WebPage","@id":"https:\/\/www.pcimembranes.com\/fr\/filtration-membranaire-pour-la-production-de-sauce-soja\/","url":"https:\/\/www.pcimembranes.com\/fr\/filtration-membranaire-pour-la-production-de-sauce-soja\/","name":"Filtration membranaire pour la production de sauce soja - PCI Membranes","isPartOf":{"@id":"https:\/\/www.pcimembranes.com\/fr\/#website"},"primaryImageOfPage":{"@id":"https:\/\/www.pcimembranes.com\/fr\/filtration-membranaire-pour-la-production-de-sauce-soja\/#primaryimage"},"image":{"@id":"https:\/\/www.pcimembranes.com\/fr\/filtration-membranaire-pour-la-production-de-sauce-soja\/#primaryimage"},"thumbnailUrl":"https:\/\/www.pcimembranes.com\/wp-content\/uploads\/2021\/08\/soy-sauce-1.jpg","datePublished":"2024-01-05T15:38:52+00:00","dateModified":"2025-07-25T13:45:03+00:00","breadcrumb":{"@id":"https:\/\/www.pcimembranes.com\/fr\/filtration-membranaire-pour-la-production-de-sauce-soja\/#breadcrumb"},"inLanguage":"fr-FR","potentialAction":[{"@type":"ReadAction","target":["https:\/\/www.pcimembranes.com\/fr\/filtration-membranaire-pour-la-production-de-sauce-soja\/"]}]},{"@type":"ImageObject","inLanguage":"fr-FR","@id":"https:\/\/www.pcimembranes.com\/fr\/filtration-membranaire-pour-la-production-de-sauce-soja\/#primaryimage","url":"https:\/\/www.pcimembranes.com\/wp-content\/uploads\/2021\/08\/soy-sauce-1.jpg","contentUrl":"https:\/\/www.pcimembranes.com\/wp-content\/uploads\/2021\/08\/soy-sauce-1.jpg"},{"@type":"BreadcrumbList","@id":"https:\/\/www.pcimembranes.com\/fr\/filtration-membranaire-pour-la-production-de-sauce-soja\/#breadcrumb","itemListElement":[{"@type":"ListItem","position":1,"name":"","item":"https:\/\/www.pcimembranes.com\/fr\/"},{"@type":"ListItem","position":2,"name":"Filtration membranaire pour la production de sauce soja"}]},{"@type":"WebSite","@id":"https:\/\/www.pcimembranes.com\/fr\/#website","url":"https:\/\/www.pcimembranes.com\/fr\/","name":"PCI Membranes","description":"Making the World Safer, Healthier and More Productive","publisher":{"@id":"https:\/\/www.pcimembranes.com\/fr\/#organization"},"potentialAction":[{"@type":"SearchAction","target":{"@type":"EntryPoint","urlTemplate":"https:\/\/www.pcimembranes.com\/fr\/?s={search_term_string}"},"query-input":{"@type":"PropertyValueSpecification","valueRequired":true,"valueName":"search_term_string"}}],"inLanguage":"fr-FR"},{"@type":"Organization","@id":"https:\/\/www.pcimembranes.com\/fr\/#organization","name":"Filtration Group","url":"https:\/\/www.pcimembranes.com\/fr\/","logo":{"@type":"ImageObject","inLanguage":"fr-FR","@id":"https:\/\/www.pcimembranes.com\/fr\/#\/schema\/logo\/image\/","url":"https:\/\/www.pcimembranes.com\/wp-content\/uploads\/2019\/06\/FGC-logo-1.png","contentUrl":"https:\/\/www.pcimembranes.com\/wp-content\/uploads\/2019\/06\/FGC-logo-1.png","width":1104,"height":224,"caption":"Filtration Group"},"image":{"@id":"https:\/\/www.pcimembranes.com\/fr\/#\/schema\/logo\/image\/"}}]}},"_links":{"self":[{"href":"https:\/\/www.pcimembranes.com\/fr\/wp-json\/wp\/v2\/pages\/7355","targetHints":{"allow":["GET"]}}],"collection":[{"href":"https:\/\/www.pcimembranes.com\/fr\/wp-json\/wp\/v2\/pages"}],"about":[{"href":"https:\/\/www.pcimembranes.com\/fr\/wp-json\/wp\/v2\/types\/page"}],"author":[{"embeddable":true,"href":"https:\/\/www.pcimembranes.com\/fr\/wp-json\/wp\/v2\/users\/9"}],"replies":[{"embeddable":true,"href":"https:\/\/www.pcimembranes.com\/fr\/wp-json\/wp\/v2\/comments?post=7355"}],"version-history":[{"count":0,"href":"https:\/\/www.pcimembranes.com\/fr\/wp-json\/wp\/v2\/pages\/7355\/revisions"}],"wp:attachment":[{"href":"https:\/\/www.pcimembranes.com\/fr\/wp-json\/wp\/v2\/media?parent=7355"}],"curies":[{"name":"wp","href":"https:\/\/api.w.org\/{rel}","templated":true}]}}