{"id":7391,"date":"2024-01-08T11:12:41","date_gmt":"2024-01-08T11:12:41","guid":{"rendered":"https:\/\/www.pcimembranes.com\/?page_id=7391"},"modified":"2025-07-25T13:54:08","modified_gmt":"2025-07-25T13:54:08","slug":"pate-et-papier","status":"publish","type":"page","link":"https:\/\/www.pcimembranes.com\/fr\/industries\/pate-et-papier\/","title":{"rendered":"P\u00e2te et Papier"},"content":{"rendered":"\n<div class=\"wp-block-cover alignfull is-light\" style=\"min-height:260px;aspect-ratio:unset;\"><img loading=\"lazy\" decoding=\"async\" width=\"1170\" height=\"540\" class=\"wp-block-cover__image-background wp-image-728\" alt=\"\" src=\"https:\/\/www.pcimembranes.com\/wp-content\/uploads\/2019\/10\/Paper-and-Pulp-Mill-1.jpg\" data-object-fit=\"cover\" srcset=\"https:\/\/www.pcimembranes.com\/wp-content\/uploads\/2019\/10\/Paper-and-Pulp-Mill-1.jpg 1170w, https:\/\/www.pcimembranes.com\/wp-content\/uploads\/2019\/10\/Paper-and-Pulp-Mill-1-300x138.jpg 300w, https:\/\/www.pcimembranes.com\/wp-content\/uploads\/2019\/10\/Paper-and-Pulp-Mill-1-768x354.jpg 768w, https:\/\/www.pcimembranes.com\/wp-content\/uploads\/2019\/10\/Paper-and-Pulp-Mill-1-1024x473.jpg 1024w\" sizes=\"auto, (max-width: 1170px) 100vw, 1170px\" \/><span aria-hidden=\"true\" class=\"wp-block-cover__background has-background-dim\"><\/span><div class=\"wp-block-cover__inner-container is-layout-flow wp-block-cover-is-layout-flow\">\n<h1 class=\"wp-block-heading has-text-align-center has-white-color has-text-color has-link-color wp-elements-27fcf0c007a2ce4978deda0f1457727f\">P\u00e2te et Papier<\/h1>\n<\/div><\/div>\n\n\n\n<!--Close-->\t\n<\/div><\/div><\/section>\n<!--Menu-->\n<div class=\"no-top-margin\">\n<div class=\"msb-sticky-bar\">\n<div class=\"container\">\n  <div class=\"row\">\n    <div class=\"col-sm text-center\">\n      <a href=\"https:\/\/www.pcimembranes.com\/contactus\/\" class=\"btn btn-primary solution-trigger\">PARLER A UN EXPERT<\/a>\n    <\/div>\n  <\/div>\n<\/div>\n<\/div>\n<\/div>\n<!--Open-->\n<section class=\"container\"><div class=\"row\"><div class=\"col-md-12\">\n\n\n\n<h2 class=\"wp-block-heading\">Des solutions novatrices pour les produits forestiers<\/h2>\n\n\n\n<p>L\u2019industrie des produits forestiers produit de grands volumes d\u2019effluents et utilise de grands volumes d\u2019eau dans le cadre de la fabrication des p\u00e2tes et papiers. PCI Membranes\u00ae travaille en \u00e9troite collaboration avec cette industrie depuis plus de 30 ans et a d\u00e9velopp\u00e9 des solutions innovantes pour aider \u00e0 r\u00e9pondre aux exigences de plus en plus strictes de l\u2019industrie.<\/p>\n\n\n\n<p>Les exemples d\u2019applications des membranes tubulaires incluent la r\u00e9duction de la DCO des effluents de blanchiment de la p\u00e2te \u00e0 papier \u00e0 l\u2019aide de l\u2019ultrafiltration tubulaire, le fractionnement des lignosulfonates et la r\u00e9cup\u00e9ration et la r\u00e9utilisation des eaux blanches et des produits chimiques de rev\u00eatement provenant de la production de papier ou les nanocristaux de cellulose et les produits similaires \u00e0 base de cellulose.<\/p>\n\n\n\n<p><a href=\"https:\/\/www.pcimembranes.com\/wp-content\/uploads\/2020\/04\/2020-1234-PCI-Industry-Brochures_Pulp-Paper_v1.pdf\">CLIQUER ICI<\/a> pour plus de solutions pour les p\u00e2tes et papiers<\/p>\n\n\n\n<figure class=\"wp-block-image size-medium\"><a href=\"https:\/\/www.pcimembranes.com\/wp-content\/uploads\/2020\/04\/2020-1234-PCI-Industry-Brochures_Pulp-Paper_v1.pdf\"><img loading=\"lazy\" decoding=\"async\" width=\"232\" height=\"300\" src=\"https:\/\/www.pcimembranes.com\/wp-content\/uploads\/2020\/04\/2020-PCI-Pulp-Paper_cover-1-232x300.jpg\" alt=\"\" class=\"wp-image-1060\" \/><\/a><\/figure>\n\n\n","protected":false},"excerpt":{"rendered":"<p>PARLER A UN EXPERT Des solutions novatrices pour les produits forestiers L\u2019industrie des produits forestiers produit de grands volumes d\u2019effluents et utilise de grands volumes d\u2019eau dans le cadre de la fabrication des p\u00e2tes et papiers. PCI Membranes\u00ae travaille en \u00e9troite collaboration avec cette industrie depuis plus de 30 ans et a d\u00e9velopp\u00e9 des solutions [&hellip;]<\/p>\n","protected":false},"author":9,"featured_media":0,"parent":7282,"menu_order":0,"comment_status":"closed","ping_status":"closed","template":"","meta":{"_acf_changed":false,"content-type":"","footnotes":""},"class_list":["post-7391","page","type-page","status-publish","hentry"],"acf":[],"yoast_head":"<!-- This site is optimized with the Yoast SEO plugin v27.3 - https:\/\/yoast.com\/product\/yoast-seo-wordpress\/ -->\n<title>P\u00e2te et Papier - PCI Membranes<\/title>\n<meta name=\"robots\" content=\"index, follow, max-snippet:-1, max-image-preview:large, max-video-preview:-1\" \/>\n<link rel=\"canonical\" href=\"https:\/\/www.pcimembranes.com\/fr\/industries\/pate-et-papier\/\" \/>\n<meta property=\"og:locale\" content=\"fr_FR\" \/>\n<meta property=\"og:type\" content=\"article\" \/>\n<meta property=\"og:title\" content=\"P\u00e2te et Papier - PCI Membranes\" \/>\n<meta property=\"og:description\" content=\"PARLER A UN EXPERT Des solutions novatrices pour les produits forestiers L\u2019industrie des produits forestiers produit de grands volumes d\u2019effluents et utilise de grands volumes d\u2019eau dans le cadre de la fabrication des p\u00e2tes et papiers. PCI Membranes\u00ae travaille en \u00e9troite collaboration avec cette industrie depuis plus de 30 ans et a d\u00e9velopp\u00e9 des solutions [&hellip;]\" \/>\n<meta property=\"og:url\" content=\"https:\/\/www.pcimembranes.com\/fr\/industries\/pate-et-papier\/\" \/>\n<meta property=\"og:site_name\" content=\"PCI Membranes\" \/>\n<meta property=\"article:modified_time\" content=\"2025-07-25T13:54:08+00:00\" \/>\n<meta property=\"og:image\" content=\"https:\/\/www.pcimembranes.com\/wp-content\/uploads\/2019\/10\/Paper-and-Pulp-Mill-1.jpg\" \/>\n\t<meta property=\"og:image:width\" content=\"1170\" \/>\n\t<meta property=\"og:image:height\" content=\"540\" \/>\n\t<meta property=\"og:image:type\" content=\"image\/jpeg\" \/>\n<meta name=\"twitter:card\" content=\"summary_large_image\" \/>\n<meta name=\"twitter:label1\" content=\"Dur\u00e9e de lecture estim\u00e9e\" \/>\n\t<meta name=\"twitter:data1\" content=\"3 minutes\" \/>\n<script type=\"application\/ld+json\" class=\"yoast-schema-graph\">{\"@context\":\"https:\\\/\\\/schema.org\",\"@graph\":[{\"@type\":\"WebPage\",\"@id\":\"https:\\\/\\\/www.pcimembranes.com\\\/fr\\\/industries\\\/pate-et-papier\\\/\",\"url\":\"https:\\\/\\\/www.pcimembranes.com\\\/fr\\\/industries\\\/pate-et-papier\\\/\",\"name\":\"P\u00e2te et Papier - PCI Membranes\",\"isPartOf\":{\"@id\":\"https:\\\/\\\/www.pcimembranes.com\\\/fr\\\/#website\"},\"primaryImageOfPage\":{\"@id\":\"https:\\\/\\\/www.pcimembranes.com\\\/fr\\\/industries\\\/pate-et-papier\\\/#primaryimage\"},\"image\":{\"@id\":\"https:\\\/\\\/www.pcimembranes.com\\\/fr\\\/industries\\\/pate-et-papier\\\/#primaryimage\"},\"thumbnailUrl\":\"https:\\\/\\\/www.pcimembranes.com\\\/wp-content\\\/uploads\\\/2019\\\/10\\\/Paper-and-Pulp-Mill-1.jpg\",\"datePublished\":\"2024-01-08T11:12:41+00:00\",\"dateModified\":\"2025-07-25T13:54:08+00:00\",\"breadcrumb\":{\"@id\":\"https:\\\/\\\/www.pcimembranes.com\\\/fr\\\/industries\\\/pate-et-papier\\\/#breadcrumb\"},\"inLanguage\":\"fr-FR\",\"potentialAction\":[{\"@type\":\"ReadAction\",\"target\":[\"https:\\\/\\\/www.pcimembranes.com\\\/fr\\\/industries\\\/pate-et-papier\\\/\"]}]},{\"@type\":\"ImageObject\",\"inLanguage\":\"fr-FR\",\"@id\":\"https:\\\/\\\/www.pcimembranes.com\\\/fr\\\/industries\\\/pate-et-papier\\\/#primaryimage\",\"url\":\"https:\\\/\\\/www.pcimembranes.com\\\/wp-content\\\/uploads\\\/2019\\\/10\\\/Paper-and-Pulp-Mill-1.jpg\",\"contentUrl\":\"https:\\\/\\\/www.pcimembranes.com\\\/wp-content\\\/uploads\\\/2019\\\/10\\\/Paper-and-Pulp-Mill-1.jpg\"},{\"@type\":\"BreadcrumbList\",\"@id\":\"https:\\\/\\\/www.pcimembranes.com\\\/fr\\\/industries\\\/pate-et-papier\\\/#breadcrumb\",\"itemListElement\":[{\"@type\":\"ListItem\",\"position\":1,\"name\":\"\",\"item\":\"https:\\\/\\\/www.pcimembranes.com\\\/fr\\\/\"},{\"@type\":\"ListItem\",\"position\":2,\"name\":\"Industries\",\"item\":\"https:\\\/\\\/www.pcimembranes.com\\\/fr\\\/industries\\\/\"},{\"@type\":\"ListItem\",\"position\":3,\"name\":\"P\u00e2te et Papier\"}]},{\"@type\":\"WebSite\",\"@id\":\"https:\\\/\\\/www.pcimembranes.com\\\/fr\\\/#website\",\"url\":\"https:\\\/\\\/www.pcimembranes.com\\\/fr\\\/\",\"name\":\"PCI Membranes\",\"description\":\"Making the World Safer, Healthier and More Productive\",\"publisher\":{\"@id\":\"https:\\\/\\\/www.pcimembranes.com\\\/fr\\\/#organization\"},\"potentialAction\":[{\"@type\":\"SearchAction\",\"target\":{\"@type\":\"EntryPoint\",\"urlTemplate\":\"https:\\\/\\\/www.pcimembranes.com\\\/fr\\\/?s={search_term_string}\"},\"query-input\":{\"@type\":\"PropertyValueSpecification\",\"valueRequired\":true,\"valueName\":\"search_term_string\"}}],\"inLanguage\":\"fr-FR\"},{\"@type\":\"Organization\",\"@id\":\"https:\\\/\\\/www.pcimembranes.com\\\/fr\\\/#organization\",\"name\":\"Filtration Group\",\"url\":\"https:\\\/\\\/www.pcimembranes.com\\\/fr\\\/\",\"logo\":{\"@type\":\"ImageObject\",\"inLanguage\":\"fr-FR\",\"@id\":\"https:\\\/\\\/www.pcimembranes.com\\\/fr\\\/#\\\/schema\\\/logo\\\/image\\\/\",\"url\":\"https:\\\/\\\/www.pcimembranes.com\\\/wp-content\\\/uploads\\\/2019\\\/06\\\/FGC-logo-1.png\",\"contentUrl\":\"https:\\\/\\\/www.pcimembranes.com\\\/wp-content\\\/uploads\\\/2019\\\/06\\\/FGC-logo-1.png\",\"width\":1104,\"height\":224,\"caption\":\"Filtration Group\"},\"image\":{\"@id\":\"https:\\\/\\\/www.pcimembranes.com\\\/fr\\\/#\\\/schema\\\/logo\\\/image\\\/\"}}]}<\/script>\n<!-- \/ Yoast SEO plugin. -->","yoast_head_json":{"title":"P\u00e2te et Papier - PCI Membranes","robots":{"index":"index","follow":"follow","max-snippet":"max-snippet:-1","max-image-preview":"max-image-preview:large","max-video-preview":"max-video-preview:-1"},"canonical":"https:\/\/www.pcimembranes.com\/fr\/industries\/pate-et-papier\/","og_locale":"fr_FR","og_type":"article","og_title":"P\u00e2te et Papier - PCI Membranes","og_description":"PARLER A UN EXPERT Des solutions novatrices pour les produits forestiers L\u2019industrie des produits forestiers produit de grands volumes d\u2019effluents et utilise de grands volumes d\u2019eau dans le cadre de la fabrication des p\u00e2tes et papiers. PCI Membranes\u00ae travaille en \u00e9troite collaboration avec cette industrie depuis plus de 30 ans et a d\u00e9velopp\u00e9 des solutions [&hellip;]","og_url":"https:\/\/www.pcimembranes.com\/fr\/industries\/pate-et-papier\/","og_site_name":"PCI Membranes","article_modified_time":"2025-07-25T13:54:08+00:00","og_image":[{"width":1170,"height":540,"url":"https:\/\/www.pcimembranes.com\/wp-content\/uploads\/2019\/10\/Paper-and-Pulp-Mill-1.jpg","type":"image\/jpeg"}],"twitter_card":"summary_large_image","twitter_misc":{"Dur\u00e9e de lecture estim\u00e9e":"3 minutes"},"schema":{"@context":"https:\/\/schema.org","@graph":[{"@type":"WebPage","@id":"https:\/\/www.pcimembranes.com\/fr\/industries\/pate-et-papier\/","url":"https:\/\/www.pcimembranes.com\/fr\/industries\/pate-et-papier\/","name":"P\u00e2te et Papier - PCI Membranes","isPartOf":{"@id":"https:\/\/www.pcimembranes.com\/fr\/#website"},"primaryImageOfPage":{"@id":"https:\/\/www.pcimembranes.com\/fr\/industries\/pate-et-papier\/#primaryimage"},"image":{"@id":"https:\/\/www.pcimembranes.com\/fr\/industries\/pate-et-papier\/#primaryimage"},"thumbnailUrl":"https:\/\/www.pcimembranes.com\/wp-content\/uploads\/2019\/10\/Paper-and-Pulp-Mill-1.jpg","datePublished":"2024-01-08T11:12:41+00:00","dateModified":"2025-07-25T13:54:08+00:00","breadcrumb":{"@id":"https:\/\/www.pcimembranes.com\/fr\/industries\/pate-et-papier\/#breadcrumb"},"inLanguage":"fr-FR","potentialAction":[{"@type":"ReadAction","target":["https:\/\/www.pcimembranes.com\/fr\/industries\/pate-et-papier\/"]}]},{"@type":"ImageObject","inLanguage":"fr-FR","@id":"https:\/\/www.pcimembranes.com\/fr\/industries\/pate-et-papier\/#primaryimage","url":"https:\/\/www.pcimembranes.com\/wp-content\/uploads\/2019\/10\/Paper-and-Pulp-Mill-1.jpg","contentUrl":"https:\/\/www.pcimembranes.com\/wp-content\/uploads\/2019\/10\/Paper-and-Pulp-Mill-1.jpg"},{"@type":"BreadcrumbList","@id":"https:\/\/www.pcimembranes.com\/fr\/industries\/pate-et-papier\/#breadcrumb","itemListElement":[{"@type":"ListItem","position":1,"name":"","item":"https:\/\/www.pcimembranes.com\/fr\/"},{"@type":"ListItem","position":2,"name":"Industries","item":"https:\/\/www.pcimembranes.com\/fr\/industries\/"},{"@type":"ListItem","position":3,"name":"P\u00e2te et Papier"}]},{"@type":"WebSite","@id":"https:\/\/www.pcimembranes.com\/fr\/#website","url":"https:\/\/www.pcimembranes.com\/fr\/","name":"PCI Membranes","description":"Making the World Safer, Healthier and More Productive","publisher":{"@id":"https:\/\/www.pcimembranes.com\/fr\/#organization"},"potentialAction":[{"@type":"SearchAction","target":{"@type":"EntryPoint","urlTemplate":"https:\/\/www.pcimembranes.com\/fr\/?s={search_term_string}"},"query-input":{"@type":"PropertyValueSpecification","valueRequired":true,"valueName":"search_term_string"}}],"inLanguage":"fr-FR"},{"@type":"Organization","@id":"https:\/\/www.pcimembranes.com\/fr\/#organization","name":"Filtration Group","url":"https:\/\/www.pcimembranes.com\/fr\/","logo":{"@type":"ImageObject","inLanguage":"fr-FR","@id":"https:\/\/www.pcimembranes.com\/fr\/#\/schema\/logo\/image\/","url":"https:\/\/www.pcimembranes.com\/wp-content\/uploads\/2019\/06\/FGC-logo-1.png","contentUrl":"https:\/\/www.pcimembranes.com\/wp-content\/uploads\/2019\/06\/FGC-logo-1.png","width":1104,"height":224,"caption":"Filtration Group"},"image":{"@id":"https:\/\/www.pcimembranes.com\/fr\/#\/schema\/logo\/image\/"}}]}},"_links":{"self":[{"href":"https:\/\/www.pcimembranes.com\/fr\/wp-json\/wp\/v2\/pages\/7391","targetHints":{"allow":["GET"]}}],"collection":[{"href":"https:\/\/www.pcimembranes.com\/fr\/wp-json\/wp\/v2\/pages"}],"about":[{"href":"https:\/\/www.pcimembranes.com\/fr\/wp-json\/wp\/v2\/types\/page"}],"author":[{"embeddable":true,"href":"https:\/\/www.pcimembranes.com\/fr\/wp-json\/wp\/v2\/users\/9"}],"replies":[{"embeddable":true,"href":"https:\/\/www.pcimembranes.com\/fr\/wp-json\/wp\/v2\/comments?post=7391"}],"version-history":[{"count":0,"href":"https:\/\/www.pcimembranes.com\/fr\/wp-json\/wp\/v2\/pages\/7391\/revisions"}],"up":[{"embeddable":true,"href":"https:\/\/www.pcimembranes.com\/fr\/wp-json\/wp\/v2\/pages\/7282"}],"wp:attachment":[{"href":"https:\/\/www.pcimembranes.com\/fr\/wp-json\/wp\/v2\/media?parent=7391"}],"curies":[{"name":"wp","href":"https:\/\/api.w.org\/{rel}","templated":true}]}}