{"id":7399,"date":"2024-01-08T14:11:40","date_gmt":"2024-01-08T14:11:40","guid":{"rendered":"https:\/\/www.pcimembranes.com\/?page_id=7399"},"modified":"2025-07-25T13:43:32","modified_gmt":"2025-07-25T13:43:32","slug":"chimie-fine","status":"publish","type":"page","link":"https:\/\/www.pcimembranes.com\/fr\/industries\/chimie-fine\/","title":{"rendered":"Chimie fine"},"content":{"rendered":"\n<div class=\"wp-block-cover alignfull is-light\" style=\"min-height:260px;aspect-ratio:unset;\"><img loading=\"lazy\" decoding=\"async\" width=\"2000\" height=\"667\" class=\"wp-block-cover__image-background wp-image-706\" alt=\"\" src=\"https:\/\/www.pcimembranes.com\/wp-content\/uploads\/2019\/10\/Chemicals-1-1.jpg\" data-object-fit=\"cover\" srcset=\"https:\/\/www.pcimembranes.com\/wp-content\/uploads\/2019\/10\/Chemicals-1-1.jpg 2000w, https:\/\/www.pcimembranes.com\/wp-content\/uploads\/2019\/10\/Chemicals-1-1-300x100.jpg 300w, https:\/\/www.pcimembranes.com\/wp-content\/uploads\/2019\/10\/Chemicals-1-1-768x256.jpg 768w, https:\/\/www.pcimembranes.com\/wp-content\/uploads\/2019\/10\/Chemicals-1-1-1024x342.jpg 1024w\" sizes=\"auto, (max-width: 2000px) 100vw, 2000px\" \/><span aria-hidden=\"true\" class=\"wp-block-cover__background has-background-dim\"><\/span><div class=\"wp-block-cover__inner-container is-layout-flow wp-block-cover-is-layout-flow\">\n<h1 class=\"wp-block-heading has-text-align-center has-white-color has-text-color has-link-color wp-elements-dc2f7ac08bca27a4bb926f6d4732d817\">Chimie fine<\/h1>\n<\/div><\/div>\n\n\n\n<!--Close-->\t\n<\/div><\/div><\/section>\n<!--Menu-->\n<div class=\"no-top-margin\">\n<div class=\"msb-sticky-bar\">\n<div class=\"container\">\n  <div class=\"row\">\n    <div class=\"col-sm text-center\">\n      <a href=\"https:\/\/www.pcimembranes.com\/contactus\/\" class=\"btn btn-primary solution-trigger\">PARLER A UN EXPERT<\/a>\n    <\/div>\n  <\/div>\n<\/div>\n<\/div>\n<\/div>\n<!--Open-->\n<section class=\"container\"><div class=\"row\"><div class=\"col-md-12\">\n\n\n\n<h2 class=\"wp-block-heading\">Technologie membranaire pour les produits chimiques<\/h2>\n\n\n\n<p>L\u2019industrie chimique est tr\u00e8s diversifi\u00e9e et utilise toutes les principales technologies de traitement. Cependant, la demande d\u2019une meilleure qualit\u00e9 des produits, d\u2019un retour sur investissement plus court et d\u2019une r\u00e9duction des co\u00fbts d\u2019exploitation augmente. \u00c0 mesure que la s\u00e9paration des produits devient plus complexe, l\u2019utilisation de la technologie membranaire augmente. C\u2019est particuli\u00e8rement le cas dans l\u2019industrie de la chimie fine, o\u00f9 les membranes sont utilis\u00e9es dans diverses applications, par exemple dans la concentration et le dessalement de colorants et d\u2019azurants optiques.<\/p>\n\n\n\n<p>La technologie des membranes tubulaires PCI se d\u00e9veloppe pour r\u00e9pondre aux exigences de l\u2019industrie chimique et de nouvelles membranes sont produites pour fonctionner dans des conditions plus extr\u00eames telles que des temp\u00e9ratures \u00e9lev\u00e9es, des pH \u00e9lev\u00e9s\/bas et \u00eatre plus r\u00e9sistantes aux solvants.<\/p>\n\n\n\n<p>De nouvelles applications pour les membranes tubulaires sont continuellement trouv\u00e9es o\u00f9 elles offrent des avantages significatifs par rapport aux technologies plus conventionnelles et les applications cl\u00e9s sont :<\/p>\n\n\n\n<ul class=\"wp-block-list\">\n<li>R\u00e9cup\u00e9ration et fractionnement du lignosulfonate<\/li>\n\n\n\n<li>Concentration de sol de silice<\/li>\n\n\n\n<li>Concentration, purification et dessalement de colorants et de pigments<\/li>\n\n\n\n<li>Purification et concentration d&rsquo;azurant optique<\/li>\n\n\n\n<li>R\u00e9cup\u00e9ration des produits chimiques de nettoyage (Reco-Cip)<\/li>\n\n\n\n<li>Dessalement de tensioactifs<\/li>\n<\/ul>\n","protected":false},"excerpt":{"rendered":"<p>PARLER A UN EXPERT Technologie membranaire pour les produits chimiques L\u2019industrie chimique est tr\u00e8s diversifi\u00e9e et utilise toutes les principales technologies de traitement. Cependant, la demande d\u2019une meilleure qualit\u00e9 des produits, d\u2019un retour sur investissement plus court et d\u2019une r\u00e9duction des co\u00fbts d\u2019exploitation augmente. \u00c0 mesure que la s\u00e9paration des produits devient plus complexe, l\u2019utilisation [&hellip;]<\/p>\n","protected":false},"author":9,"featured_media":0,"parent":7282,"menu_order":0,"comment_status":"closed","ping_status":"closed","template":"","meta":{"_acf_changed":false,"content-type":"","footnotes":""},"class_list":["post-7399","page","type-page","status-publish","hentry"],"acf":[],"yoast_head":"<!-- This site is optimized with the Yoast SEO plugin v27.3 - https:\/\/yoast.com\/product\/yoast-seo-wordpress\/ -->\n<title>Chimie fine - PCI Membranes<\/title>\n<meta name=\"robots\" content=\"index, follow, max-snippet:-1, max-image-preview:large, max-video-preview:-1\" \/>\n<link rel=\"canonical\" href=\"https:\/\/www.pcimembranes.com\/fr\/industries\/chimie-fine\/\" \/>\n<meta property=\"og:locale\" content=\"fr_FR\" \/>\n<meta property=\"og:type\" content=\"article\" \/>\n<meta property=\"og:title\" content=\"Chimie fine - PCI Membranes\" \/>\n<meta property=\"og:description\" content=\"PARLER A UN EXPERT Technologie membranaire pour les produits chimiques L\u2019industrie chimique est tr\u00e8s diversifi\u00e9e et utilise toutes les principales technologies de traitement. Cependant, la demande d\u2019une meilleure qualit\u00e9 des produits, d\u2019un retour sur investissement plus court et d\u2019une r\u00e9duction des co\u00fbts d\u2019exploitation augmente. \u00c0 mesure que la s\u00e9paration des produits devient plus complexe, l\u2019utilisation [&hellip;]\" \/>\n<meta property=\"og:url\" content=\"https:\/\/www.pcimembranes.com\/fr\/industries\/chimie-fine\/\" \/>\n<meta property=\"og:site_name\" content=\"PCI Membranes\" \/>\n<meta property=\"article:modified_time\" content=\"2025-07-25T13:43:32+00:00\" \/>\n<meta property=\"og:image\" content=\"https:\/\/www.pcimembranes.com\/wp-content\/uploads\/2019\/10\/Chemicals-1-1.jpg\" \/>\n\t<meta property=\"og:image:width\" content=\"2000\" \/>\n\t<meta property=\"og:image:height\" content=\"667\" \/>\n\t<meta property=\"og:image:type\" content=\"image\/jpeg\" \/>\n<meta name=\"twitter:card\" content=\"summary_large_image\" \/>\n<meta name=\"twitter:label1\" content=\"Dur\u00e9e de lecture estim\u00e9e\" \/>\n\t<meta name=\"twitter:data1\" content=\"2 minutes\" \/>\n<script type=\"application\/ld+json\" class=\"yoast-schema-graph\">{\"@context\":\"https:\\\/\\\/schema.org\",\"@graph\":[{\"@type\":\"WebPage\",\"@id\":\"https:\\\/\\\/www.pcimembranes.com\\\/fr\\\/industries\\\/chimie-fine\\\/\",\"url\":\"https:\\\/\\\/www.pcimembranes.com\\\/fr\\\/industries\\\/chimie-fine\\\/\",\"name\":\"Chimie fine - PCI Membranes\",\"isPartOf\":{\"@id\":\"https:\\\/\\\/www.pcimembranes.com\\\/fr\\\/#website\"},\"primaryImageOfPage\":{\"@id\":\"https:\\\/\\\/www.pcimembranes.com\\\/fr\\\/industries\\\/chimie-fine\\\/#primaryimage\"},\"image\":{\"@id\":\"https:\\\/\\\/www.pcimembranes.com\\\/fr\\\/industries\\\/chimie-fine\\\/#primaryimage\"},\"thumbnailUrl\":\"https:\\\/\\\/www.pcimembranes.com\\\/wp-content\\\/uploads\\\/2019\\\/10\\\/Chemicals-1-1.jpg\",\"datePublished\":\"2024-01-08T14:11:40+00:00\",\"dateModified\":\"2025-07-25T13:43:32+00:00\",\"breadcrumb\":{\"@id\":\"https:\\\/\\\/www.pcimembranes.com\\\/fr\\\/industries\\\/chimie-fine\\\/#breadcrumb\"},\"inLanguage\":\"fr-FR\",\"potentialAction\":[{\"@type\":\"ReadAction\",\"target\":[\"https:\\\/\\\/www.pcimembranes.com\\\/fr\\\/industries\\\/chimie-fine\\\/\"]}]},{\"@type\":\"ImageObject\",\"inLanguage\":\"fr-FR\",\"@id\":\"https:\\\/\\\/www.pcimembranes.com\\\/fr\\\/industries\\\/chimie-fine\\\/#primaryimage\",\"url\":\"https:\\\/\\\/www.pcimembranes.com\\\/wp-content\\\/uploads\\\/2019\\\/10\\\/Chemicals-1-1.jpg\",\"contentUrl\":\"https:\\\/\\\/www.pcimembranes.com\\\/wp-content\\\/uploads\\\/2019\\\/10\\\/Chemicals-1-1.jpg\"},{\"@type\":\"BreadcrumbList\",\"@id\":\"https:\\\/\\\/www.pcimembranes.com\\\/fr\\\/industries\\\/chimie-fine\\\/#breadcrumb\",\"itemListElement\":[{\"@type\":\"ListItem\",\"position\":1,\"name\":\"\",\"item\":\"https:\\\/\\\/www.pcimembranes.com\\\/fr\\\/\"},{\"@type\":\"ListItem\",\"position\":2,\"name\":\"Industries\",\"item\":\"https:\\\/\\\/www.pcimembranes.com\\\/fr\\\/industries\\\/\"},{\"@type\":\"ListItem\",\"position\":3,\"name\":\"Chimie fine\"}]},{\"@type\":\"WebSite\",\"@id\":\"https:\\\/\\\/www.pcimembranes.com\\\/fr\\\/#website\",\"url\":\"https:\\\/\\\/www.pcimembranes.com\\\/fr\\\/\",\"name\":\"PCI Membranes\",\"description\":\"Making the World Safer, Healthier and More Productive\",\"publisher\":{\"@id\":\"https:\\\/\\\/www.pcimembranes.com\\\/fr\\\/#organization\"},\"potentialAction\":[{\"@type\":\"SearchAction\",\"target\":{\"@type\":\"EntryPoint\",\"urlTemplate\":\"https:\\\/\\\/www.pcimembranes.com\\\/fr\\\/?s={search_term_string}\"},\"query-input\":{\"@type\":\"PropertyValueSpecification\",\"valueRequired\":true,\"valueName\":\"search_term_string\"}}],\"inLanguage\":\"fr-FR\"},{\"@type\":\"Organization\",\"@id\":\"https:\\\/\\\/www.pcimembranes.com\\\/fr\\\/#organization\",\"name\":\"Filtration Group\",\"url\":\"https:\\\/\\\/www.pcimembranes.com\\\/fr\\\/\",\"logo\":{\"@type\":\"ImageObject\",\"inLanguage\":\"fr-FR\",\"@id\":\"https:\\\/\\\/www.pcimembranes.com\\\/fr\\\/#\\\/schema\\\/logo\\\/image\\\/\",\"url\":\"https:\\\/\\\/www.pcimembranes.com\\\/wp-content\\\/uploads\\\/2019\\\/06\\\/FGC-logo-1.png\",\"contentUrl\":\"https:\\\/\\\/www.pcimembranes.com\\\/wp-content\\\/uploads\\\/2019\\\/06\\\/FGC-logo-1.png\",\"width\":1104,\"height\":224,\"caption\":\"Filtration Group\"},\"image\":{\"@id\":\"https:\\\/\\\/www.pcimembranes.com\\\/fr\\\/#\\\/schema\\\/logo\\\/image\\\/\"}}]}<\/script>\n<!-- \/ Yoast SEO plugin. -->","yoast_head_json":{"title":"Chimie fine - PCI Membranes","robots":{"index":"index","follow":"follow","max-snippet":"max-snippet:-1","max-image-preview":"max-image-preview:large","max-video-preview":"max-video-preview:-1"},"canonical":"https:\/\/www.pcimembranes.com\/fr\/industries\/chimie-fine\/","og_locale":"fr_FR","og_type":"article","og_title":"Chimie fine - PCI Membranes","og_description":"PARLER A UN EXPERT Technologie membranaire pour les produits chimiques L\u2019industrie chimique est tr\u00e8s diversifi\u00e9e et utilise toutes les principales technologies de traitement. Cependant, la demande d\u2019une meilleure qualit\u00e9 des produits, d\u2019un retour sur investissement plus court et d\u2019une r\u00e9duction des co\u00fbts d\u2019exploitation augmente. \u00c0 mesure que la s\u00e9paration des produits devient plus complexe, l\u2019utilisation [&hellip;]","og_url":"https:\/\/www.pcimembranes.com\/fr\/industries\/chimie-fine\/","og_site_name":"PCI Membranes","article_modified_time":"2025-07-25T13:43:32+00:00","og_image":[{"width":2000,"height":667,"url":"https:\/\/www.pcimembranes.com\/wp-content\/uploads\/2019\/10\/Chemicals-1-1.jpg","type":"image\/jpeg"}],"twitter_card":"summary_large_image","twitter_misc":{"Dur\u00e9e de lecture estim\u00e9e":"2 minutes"},"schema":{"@context":"https:\/\/schema.org","@graph":[{"@type":"WebPage","@id":"https:\/\/www.pcimembranes.com\/fr\/industries\/chimie-fine\/","url":"https:\/\/www.pcimembranes.com\/fr\/industries\/chimie-fine\/","name":"Chimie fine - PCI Membranes","isPartOf":{"@id":"https:\/\/www.pcimembranes.com\/fr\/#website"},"primaryImageOfPage":{"@id":"https:\/\/www.pcimembranes.com\/fr\/industries\/chimie-fine\/#primaryimage"},"image":{"@id":"https:\/\/www.pcimembranes.com\/fr\/industries\/chimie-fine\/#primaryimage"},"thumbnailUrl":"https:\/\/www.pcimembranes.com\/wp-content\/uploads\/2019\/10\/Chemicals-1-1.jpg","datePublished":"2024-01-08T14:11:40+00:00","dateModified":"2025-07-25T13:43:32+00:00","breadcrumb":{"@id":"https:\/\/www.pcimembranes.com\/fr\/industries\/chimie-fine\/#breadcrumb"},"inLanguage":"fr-FR","potentialAction":[{"@type":"ReadAction","target":["https:\/\/www.pcimembranes.com\/fr\/industries\/chimie-fine\/"]}]},{"@type":"ImageObject","inLanguage":"fr-FR","@id":"https:\/\/www.pcimembranes.com\/fr\/industries\/chimie-fine\/#primaryimage","url":"https:\/\/www.pcimembranes.com\/wp-content\/uploads\/2019\/10\/Chemicals-1-1.jpg","contentUrl":"https:\/\/www.pcimembranes.com\/wp-content\/uploads\/2019\/10\/Chemicals-1-1.jpg"},{"@type":"BreadcrumbList","@id":"https:\/\/www.pcimembranes.com\/fr\/industries\/chimie-fine\/#breadcrumb","itemListElement":[{"@type":"ListItem","position":1,"name":"","item":"https:\/\/www.pcimembranes.com\/fr\/"},{"@type":"ListItem","position":2,"name":"Industries","item":"https:\/\/www.pcimembranes.com\/fr\/industries\/"},{"@type":"ListItem","position":3,"name":"Chimie fine"}]},{"@type":"WebSite","@id":"https:\/\/www.pcimembranes.com\/fr\/#website","url":"https:\/\/www.pcimembranes.com\/fr\/","name":"PCI Membranes","description":"Making the World Safer, Healthier and More Productive","publisher":{"@id":"https:\/\/www.pcimembranes.com\/fr\/#organization"},"potentialAction":[{"@type":"SearchAction","target":{"@type":"EntryPoint","urlTemplate":"https:\/\/www.pcimembranes.com\/fr\/?s={search_term_string}"},"query-input":{"@type":"PropertyValueSpecification","valueRequired":true,"valueName":"search_term_string"}}],"inLanguage":"fr-FR"},{"@type":"Organization","@id":"https:\/\/www.pcimembranes.com\/fr\/#organization","name":"Filtration Group","url":"https:\/\/www.pcimembranes.com\/fr\/","logo":{"@type":"ImageObject","inLanguage":"fr-FR","@id":"https:\/\/www.pcimembranes.com\/fr\/#\/schema\/logo\/image\/","url":"https:\/\/www.pcimembranes.com\/wp-content\/uploads\/2019\/06\/FGC-logo-1.png","contentUrl":"https:\/\/www.pcimembranes.com\/wp-content\/uploads\/2019\/06\/FGC-logo-1.png","width":1104,"height":224,"caption":"Filtration Group"},"image":{"@id":"https:\/\/www.pcimembranes.com\/fr\/#\/schema\/logo\/image\/"}}]}},"_links":{"self":[{"href":"https:\/\/www.pcimembranes.com\/fr\/wp-json\/wp\/v2\/pages\/7399","targetHints":{"allow":["GET"]}}],"collection":[{"href":"https:\/\/www.pcimembranes.com\/fr\/wp-json\/wp\/v2\/pages"}],"about":[{"href":"https:\/\/www.pcimembranes.com\/fr\/wp-json\/wp\/v2\/types\/page"}],"author":[{"embeddable":true,"href":"https:\/\/www.pcimembranes.com\/fr\/wp-json\/wp\/v2\/users\/9"}],"replies":[{"embeddable":true,"href":"https:\/\/www.pcimembranes.com\/fr\/wp-json\/wp\/v2\/comments?post=7399"}],"version-history":[{"count":0,"href":"https:\/\/www.pcimembranes.com\/fr\/wp-json\/wp\/v2\/pages\/7399\/revisions"}],"up":[{"embeddable":true,"href":"https:\/\/www.pcimembranes.com\/fr\/wp-json\/wp\/v2\/pages\/7282"}],"wp:attachment":[{"href":"https:\/\/www.pcimembranes.com\/fr\/wp-json\/wp\/v2\/media?parent=7399"}],"curies":[{"name":"wp","href":"https:\/\/api.w.org\/{rel}","templated":true}]}}