{"id":7402,"date":"2024-01-08T14:20:59","date_gmt":"2024-01-08T14:20:59","guid":{"rendered":"https:\/\/www.pcimembranes.com\/?page_id=7402"},"modified":"2025-07-25T13:55:04","modified_gmt":"2025-07-25T13:55:04","slug":"filtration-membranaire-pour-textiles-et-colorants","status":"publish","type":"page","link":"https:\/\/www.pcimembranes.com\/fr\/filtration-membranaire-pour-textiles-et-colorants\/","title":{"rendered":"Filtration membranaire pour textiles et colorants"},"content":{"rendered":"\n<div class=\"wp-block-cover alignfull is-light\" style=\"min-height:279px;aspect-ratio:unset;\"><img loading=\"lazy\" decoding=\"async\" width=\"743\" height=\"359\" class=\"wp-block-cover__image-background wp-image-2805\" alt=\"\" src=\"https:\/\/www.pcimembranes.com\/wp-content\/uploads\/2021\/08\/dye-application.jpg\" data-object-fit=\"cover\" srcset=\"https:\/\/www.pcimembranes.com\/wp-content\/uploads\/2021\/08\/dye-application.jpg 743w, https:\/\/www.pcimembranes.com\/wp-content\/uploads\/2021\/08\/dye-application-300x145.jpg 300w\" sizes=\"auto, (max-width: 743px) 100vw, 743px\" \/><span aria-hidden=\"true\" class=\"wp-block-cover__background has-background-dim-60 has-background-dim\"><\/span><div class=\"wp-block-cover__inner-container is-layout-flow wp-block-cover-is-layout-flow\">\n<h1 class=\"wp-block-heading has-text-align-center has-white-color has-text-color has-link-color wp-elements-4272ee3d61f61064b04f0d0b4cabea39\">Filtration membranaire pour textiles et colorants<\/h1>\n\n\n\n<p><\/p>\n<\/div><\/div>\n\n\n\n<!--Close-->\t\n<\/div><\/div><\/section>\n<!--Menu-->\n<div class=\"no-top-margin\">\n<div class=\"msb-sticky-bar\">\n<div class=\"container\">\n  <div class=\"row\">\n    <div class=\"col-sm text-center\">\n      <a href=\"https:\/\/www.pcimembranes.com\/contactus\/\" class=\"btn btn-primary solution-trigger\">PARLER A UN EXPERT<\/a>\n    <\/div>\n  <\/div>\n<\/div>\n<\/div>\n<\/div>\n<!--Open-->\n<section class=\"container\"><div class=\"row\"><div class=\"col-md-12\">\n\n\n\n<div style=\"height:32px\" aria-hidden=\"true\" class=\"wp-block-spacer\"><\/div>\n\n\n\n<p>Dans l\u2019industrie du textile et des colorants, la filtration membranaire a un certain nombre d\u2019applications possibles. Les principales utilisations comprennent, sans s\u2019y limiter, <strong>le dessalement et la purification des colorants<\/strong>, <strong>le traitement des effluents<\/strong> et <strong>la r\u00e9utilisation de l\u2019eau<\/strong>.<\/p>\n\n\n\n<p>Les membranes sont utilis\u00e9es pour concentrer et purifier de nombreux types de colorants qui doivent \u00eatre appliqu\u00e9s par voie aqueuse. La filtration membranaire est largement utilis\u00e9e dans diverses industries de transformation, non seulement pour la purification des produits, mais aussi pour la r\u00e9cup\u00e9ration des mat\u00e9riaux \u00e0 partir des d\u00e9chets et pour le traitement des effluents avant leur \u00e9limination finale. Dans la fabrication et l\u2019application des colorants, comme dans la plupart des autres proc\u00e9d\u00e9s, il y a une recherche continue de m\u00e9thodes de production qui am\u00e9lioreront le rendement du produit et r\u00e9duiront les co\u00fbts de fabrication. La filtration membranaire joue aujourd\u2019hui un r\u00f4le important dans l\u2019atteinte de ces deux objectifs.<\/p>\n\n\n\n<p>Chez <strong>PCI Membranes<\/strong>\u00ae, nous fabriquons des membranes, construisons des usines de filtration et travaillons avec un certain nombre d\u2019usines de teinture \u00e0 travers l\u2019Europe et l\u2019Asie.<\/p>\n\n\n\n<div style=\"height:32px\" aria-hidden=\"true\" class=\"wp-block-spacer\"><\/div>\n\n\n\n<h2 class=\"wp-block-heading\">Voici quelques-unes des raisons pour lesquelles les clients de PCI Membranes\u00ae ont choisi de changer leurs syst\u00e8mes UF et NF existants :<\/h2>\n\n\n\n<ul class=\"wp-block-list\">\n<li>Demande de colorants liquides stables<\/li>\n\n\n\n<li>Augmentation du prix de vente pour un produit de meilleure qualit\u00e9<\/li>\n\n\n\n<li>Modifications de la l\u00e9gislation sur les effluents<\/li>\n\n\n\n<li>Restructuration de la charge de l&rsquo;effluent<\/li>\n\n\n\n<li>Goulot d\u2019\u00e9tranglement dans la capacit\u00e9<\/li>\n\n\n\n<li>Besoins d\u2019expansion futurs \u2013 disponibilit\u00e9 de l\u2019espace<\/li>\n<\/ul>\n\n\n\n<div style=\"height:32px\" aria-hidden=\"true\" class=\"wp-block-spacer\"><\/div>\n\n\n\n<div class=\"wp-block-cover alignfull is-light\" style=\"min-height:189px;aspect-ratio:unset;\"><img loading=\"lazy\" decoding=\"async\" width=\"1400\" height=\"787\" class=\"wp-block-cover__image-background wp-image-2795\" alt=\"\" src=\"https:\/\/www.pcimembranes.com\/wp-content\/uploads\/2021\/08\/MicrosoftTeams-image-_2.jpg\" data-object-fit=\"cover\" srcset=\"https:\/\/www.pcimembranes.com\/wp-content\/uploads\/2021\/08\/MicrosoftTeams-image-_2.jpg 1400w, https:\/\/www.pcimembranes.com\/wp-content\/uploads\/2021\/08\/MicrosoftTeams-image-_2-300x169.jpg 300w, https:\/\/www.pcimembranes.com\/wp-content\/uploads\/2021\/08\/MicrosoftTeams-image-_2-1024x576.jpg 1024w, https:\/\/www.pcimembranes.com\/wp-content\/uploads\/2021\/08\/MicrosoftTeams-image-_2-768x432.jpg 768w\" sizes=\"auto, (max-width: 1400px) 100vw, 1400px\" \/><span aria-hidden=\"true\" class=\"wp-block-cover__background has-background-dim-20 has-background-dim\"><\/span><div class=\"wp-block-cover__inner-container is-layout-flow wp-block-cover-is-layout-flow\">\n<h2 class=\"wp-block-heading has-text-align-center has-white-color has-text-color has-link-color wp-elements-27c732f3fe49bf2aecd61f6e79e7df84\">Membranes PCI pour dessalement et purification<\/h2>\n<\/div><\/div>\n\n\n\n<div class=\"wp-block-columns is-layout-flex wp-container-core-columns-is-layout-9d6595d7 wp-block-columns-is-layout-flex\">\n<div class=\"wp-block-column is-layout-flow wp-block-column-is-layout-flow\">\n<p>Le dessalement et la purification des colorants, le proc\u00e9d\u00e9 par lequel les impuret\u00e9s sont \u00e9limin\u00e9es pour am\u00e9liorer la qualit\u00e9 du produit fini, est actuellement l\u2019une des plus grandes applications de la technologie de nanofiltration ou d\u2019ultrafiltration fine, en particulier pour les colorants r\u00e9actifs. Les fabricants de colorants s\u2019efforcent maintenant activement de dessaler le colorant fini avant le s\u00e9chage par pulv\u00e9risation, et la filtration membranaire constitue la m\u00e9thode id\u00e9ale pour l\u2019\u00e9limination du sel. De l\u2019avis de nombreux producteurs de colorants, le dessalement am\u00e9liore la qualit\u00e9 du produit et rend le s\u00e9chage par pulv\u00e9risation plus efficace, car il ne bloque pas les buses des machines de s\u00e9chage par pulv\u00e9risation.<\/p>\n<\/div>\n<\/div>\n\n\n\n<h3 class=\"wp-block-heading\">Solutions<\/h3>\n\n\n\n<div class=\"wp-block-columns is-layout-flex wp-container-core-columns-is-layout-9d6595d7 wp-block-columns-is-layout-flex\">\n<div class=\"wp-block-column is-layout-flow wp-block-column-is-layout-flow\">\n<p>La nanofiltration <a href=\"https:\/\/www.pcimembranes.com\/wp-content\/uploads\/2019\/10\/PCI_Tubular_Membranes.pdf\">TUBULAIRE<\/a> et les membranes d\u2019ultrafiltration fine, \u00e0 l\u2019aide d\u2019\u00e9quipements tels que notre MODULE B1, sont maintenant appliqu\u00e9es au dessalement des colorants. Un certain nombre de membranes peuvent \u00eatre s\u00e9lectionn\u00e9es, en fonction du niveau de purification requis et du type de colorant \u00e0 traiter. Les membranes tubulaires suivantes sont utilis\u00e9es dans les applications de teinture : AFC30, <a href=\"https:\/\/www.pcimembranes.com\/wp-content\/uploads\/2019\/10\/Membrane-Data-Sheet-AFC30AFC40.pdf\">AFC40<\/a> et ES404.<\/p>\n\n\n\n<p>Les <a href=\"https:\/\/www.pcimembranes.com\/fg-spira-core-membrane-elements\/\">ELEMENTS MEMBRANAIRES SPIRALES<\/a> utilisent un mat\u00e9riau similaire \u00e0 ceux de la construction tubulaire, mais dans ce cas, ils ont une g\u00e9om\u00e9trie diff\u00e9rente, \u00e0 savoir enroul\u00e9e en spirale. Le choix entre une configuration tubulaire ou spiral\u00e9e, l\u2019une ou l\u2019autre pouvant \u00eatre fournie par PCI Membranes, d\u00e9pend presque enti\u00e8rement de l&rsquo;effluent d\u2019alimentation et des conditions de fonctionnement. Si le colorant est en solution et qu\u2019il est susceptible de rester soluble pendant le dessalement, il y a un avantage \u00e0 utiliser des \u00e9l\u00e9ments spiral\u00e9s car ils offrent un d\u00e9bit plus \u00e9lev\u00e9 en raison de leur plus grande surface membranaire par \u00e9l\u00e9ment filtrant. Cependant, si des solides sont pr\u00e9sents dans l&rsquo;effluent d\u2019alimentation ou si une pr\u00e9cipitation de solides est probable, des membranes tubulaires sont recommand\u00e9es. De plus, les membranes tubulaires permettent une concentration finale plus \u00e9lev\u00e9e des colorants, gr\u00e2ce \u00e0 leur rendement intrins\u00e8quement plus \u00e9lev\u00e9.<\/p>\n<\/div>\n<\/div>\n\n\n\n<div style=\"height:32px\" aria-hidden=\"true\" class=\"wp-block-spacer\"><\/div>\n\n\n\n<h2 class=\"wp-block-heading\">Membranes tubulaires<\/h2>\n\n\n<div class=\"wp-block-image is-style-default\">\n<figure class=\"alignleft size-large\"><img loading=\"lazy\" decoding=\"async\" width=\"1024\" height=\"492\" src=\"https:\/\/www.pcimembranes.com\/wp-content\/uploads\/2021\/11\/comparisons-tubular-membranes-1024x492.jpg\" alt=\"\" class=\"wp-image-3209\" srcset=\"https:\/\/www.pcimembranes.com\/wp-content\/uploads\/2021\/11\/comparisons-tubular-membranes-1024x492.jpg 1024w, https:\/\/www.pcimembranes.com\/wp-content\/uploads\/2021\/11\/comparisons-tubular-membranes-300x144.jpg 300w, https:\/\/www.pcimembranes.com\/wp-content\/uploads\/2021\/11\/comparisons-tubular-membranes-768x369.jpg 768w, https:\/\/www.pcimembranes.com\/wp-content\/uploads\/2021\/11\/comparisons-tubular-membranes-1536x738.jpg 1536w, https:\/\/www.pcimembranes.com\/wp-content\/uploads\/2021\/11\/comparisons-tubular-membranes.jpg 1671w\" sizes=\"auto, (max-width: 1024px) 100vw, 1024px\" \/><\/figure>\n<\/div>\n\n\n<div style=\"height:23px\" aria-hidden=\"true\" class=\"wp-block-spacer\"><\/div>\n\n\n\n<h2 class=\"wp-block-heading\">El\u00e9ments membranaires spiral\u00e9s<\/h2>\n\n\n<div class=\"wp-block-image\">\n<figure class=\"alignleft size-large\"><img loading=\"lazy\" decoding=\"async\" width=\"1024\" height=\"492\" src=\"https:\/\/www.pcimembranes.com\/wp-content\/uploads\/2021\/11\/comparisons-spiral-membranes-1024x492.jpg\" alt=\"\" class=\"wp-image-3213\" srcset=\"https:\/\/www.pcimembranes.com\/wp-content\/uploads\/2021\/11\/comparisons-spiral-membranes-1024x492.jpg 1024w, https:\/\/www.pcimembranes.com\/wp-content\/uploads\/2021\/11\/comparisons-spiral-membranes-300x144.jpg 300w, https:\/\/www.pcimembranes.com\/wp-content\/uploads\/2021\/11\/comparisons-spiral-membranes-768x369.jpg 768w, https:\/\/www.pcimembranes.com\/wp-content\/uploads\/2021\/11\/comparisons-spiral-membranes-1536x738.jpg 1536w, https:\/\/www.pcimembranes.com\/wp-content\/uploads\/2021\/11\/comparisons-spiral-membranes.jpg 1671w\" sizes=\"auto, (max-width: 1024px) 100vw, 1024px\" \/><\/figure>\n<\/div>\n\n\n<div class=\"wp-block-cover alignfull is-light\" style=\"min-height:189px;aspect-ratio:unset;\"><img loading=\"lazy\" decoding=\"async\" width=\"1400\" height=\"787\" class=\"wp-block-cover__image-background wp-image-2795\" alt=\"\" src=\"https:\/\/www.pcimembranes.com\/wp-content\/uploads\/2021\/08\/MicrosoftTeams-image-_2.jpg\" data-object-fit=\"cover\" srcset=\"https:\/\/www.pcimembranes.com\/wp-content\/uploads\/2021\/08\/MicrosoftTeams-image-_2.jpg 1400w, https:\/\/www.pcimembranes.com\/wp-content\/uploads\/2021\/08\/MicrosoftTeams-image-_2-300x169.jpg 300w, https:\/\/www.pcimembranes.com\/wp-content\/uploads\/2021\/08\/MicrosoftTeams-image-_2-1024x576.jpg 1024w, https:\/\/www.pcimembranes.com\/wp-content\/uploads\/2021\/08\/MicrosoftTeams-image-_2-768x432.jpg 768w\" sizes=\"auto, (max-width: 1400px) 100vw, 1400px\" \/><span aria-hidden=\"true\" class=\"wp-block-cover__background has-background-dim-20 has-background-dim\"><\/span><div class=\"wp-block-cover__inner-container is-layout-flow wp-block-cover-is-layout-flow\">\n<h2 class=\"wp-block-heading has-text-align-center has-white-color has-text-color has-link-color wp-elements-bdbb77d1723398d0167673c1f12e68a4\">Membranes PCI pour le traitement des effluents et la r\u00e9utilisation de l\u2019eau<\/h2>\n<\/div><\/div>\n\n\n\n<div style=\"height:32px\" aria-hidden=\"true\" class=\"wp-block-spacer\"><\/div>\n\n\n\n<p>Dans de nombreuses industries, les syst\u00e8mes de filtration membranaire sont utilis\u00e9s pour r\u00e9cup\u00e9rer des quantit\u00e9s de produit fini dans le flux de d\u00e9chets, am\u00e9liorant ainsi les rendements de production finale. Bien que cela soit parfois possible lors de la production de colorant, lorsqu\u2019il s\u2019agit d\u2019un colorant r\u00e9actif, la r\u00e9action s\u2019est souvent produite avant que le colorant atteigne le stade effluent du proc\u00e9d\u00e9. Si c\u2019est le cas, la filtration membranaire peut toujours \u00eatre utilis\u00e9e efficacement, mais pour concentrer les d\u00e9chets avant le rejet final de l\u2019effluent plut\u00f4t que dans le cadre d\u2019une r\u00e9cup\u00e9ration des produits.<\/p>\n\n\n\n<p>Au cours du processus de teinture d\u2019un mat\u00e9riau, de grandes quantit\u00e9s d\u2019eau sont utilis\u00e9es. Dans de nombreuses usines de teinture, il pourrait \u00eatre viable de r\u00e9cup\u00e9rer et de r\u00e9utiliser l\u2019eau de traitement, plut\u00f4t que de la rejeter dans les d\u00e9chets. En fonction du caract\u00e8re \u00e9conomique du proc\u00e9d\u00e9 d\u2019une usine particuli\u00e8re, la filtration membranaire peut \u00eatre utilis\u00e9e pour \u00e9liminer les impuret\u00e9s et purifier l\u2019eau afin de la r\u00e9utiliser dans le proc\u00e9d\u00e9 de production de teinture. La nanofiltration et\/ou l\u2019osmose inverse devraient normalement \u00eatre utilis\u00e9es \u00e0 ce stade du processus de production.<\/p>\n\n\n\n<h3 class=\"wp-block-heading\">Solutions<\/h3>\n\n\n\n<p>Pour l\u2019osmose inverse, les membranes spiral\u00e9s sont le choix id\u00e9al. <a href=\"https:\/\/www.pcimembranes.com\/wp-content\/uploads\/2021\/03\/2021-PCI-Datasheet-FG-PEUF-PLUS-membrane-series-1.pdf\">FG-SPIRACORE\u00ae-PENF MEMBRANE SERIES <\/a>et<a href=\"https:\/\/www.pcimembranes.com\/wp-content\/uploads\/2021\/03\/2021-PCI-Datasheet-FG-PEUF-PLUS-membrane-series-1.pdf\"> FG-SPIRACORE\u00ae-PEUF-PLUS MEMBRANE SERIES<\/a> sont fortement recommand\u00e9s pour les applications de traitement des effluents et de r\u00e9utilisation de l\u2019eau. En outre, les membranes <a href=\"https:\/\/www.pcimembranes.com\/wp-content\/uploads\/2020\/03\/Membrane-Data-Sheet-AFC99.pdf\">AFC99<\/a> ou <a href=\"https:\/\/www.pcimembranes.com\/wp-content\/uploads\/2019\/10\/Membrane-Data-Sheet-AFC80.pdf\">AFC80<\/a> de notre s\u00e9rie de membranes tubulaires repr\u00e9sentent des options suppl\u00e9mentaires et sont bien connues pour leurs excellentes performances dans les applications de traitement des effluents.<\/p>\n\n\n\n<p><\/p>\n\n\n\n<div style=\"height:32px\" aria-hidden=\"true\" class=\"wp-block-spacer\"><\/div>\n\n\n\n<div style=\"height:32px\" aria-hidden=\"true\" class=\"wp-block-spacer\"><\/div>\n\n\n\n<p><\/p>\n\n\n\n<p><\/p>\n","protected":false},"excerpt":{"rendered":"<p>PARLER A UN EXPERT Dans l\u2019industrie du textile et des colorants, la filtration membranaire a un certain nombre d\u2019applications possibles. Les principales utilisations comprennent, sans s\u2019y limiter, le dessalement et la purification des colorants, le traitement des effluents et la r\u00e9utilisation de l\u2019eau. Les membranes sont utilis\u00e9es pour concentrer et purifier de nombreux types de [&hellip;]<\/p>\n","protected":false},"author":9,"featured_media":0,"parent":0,"menu_order":0,"comment_status":"closed","ping_status":"closed","template":"","meta":{"_acf_changed":false,"content-type":"","footnotes":""},"class_list":["post-7402","page","type-page","status-publish","hentry"],"acf":[],"yoast_head":"<!-- This site is optimized with the Yoast SEO plugin v27.3 - https:\/\/yoast.com\/product\/yoast-seo-wordpress\/ -->\n<title>Filtration membranaire pour textiles et colorants - PCI Membranes<\/title>\n<meta name=\"robots\" content=\"index, follow, max-snippet:-1, max-image-preview:large, max-video-preview:-1\" \/>\n<link rel=\"canonical\" href=\"https:\/\/www.pcimembranes.com\/fr\/filtration-membranaire-pour-textiles-et-colorants\/\" \/>\n<meta property=\"og:locale\" content=\"fr_FR\" \/>\n<meta property=\"og:type\" content=\"article\" \/>\n<meta property=\"og:title\" content=\"Filtration membranaire pour textiles et colorants - PCI Membranes\" \/>\n<meta property=\"og:description\" content=\"PARLER A UN EXPERT Dans l\u2019industrie du textile et des colorants, la filtration membranaire a un certain nombre d\u2019applications possibles. Les principales utilisations comprennent, sans s\u2019y limiter, le dessalement et la purification des colorants, le traitement des effluents et la r\u00e9utilisation de l\u2019eau. Les membranes sont utilis\u00e9es pour concentrer et purifier de nombreux types de [&hellip;]\" \/>\n<meta property=\"og:url\" content=\"https:\/\/www.pcimembranes.com\/fr\/filtration-membranaire-pour-textiles-et-colorants\/\" \/>\n<meta property=\"og:site_name\" content=\"PCI Membranes\" \/>\n<meta property=\"article:modified_time\" content=\"2025-07-25T13:55:04+00:00\" \/>\n<meta property=\"og:image\" content=\"https:\/\/www.pcimembranes.com\/wp-content\/uploads\/2021\/08\/dye-application.jpg\" \/>\n\t<meta property=\"og:image:width\" content=\"743\" \/>\n\t<meta property=\"og:image:height\" content=\"359\" \/>\n\t<meta property=\"og:image:type\" content=\"image\/jpeg\" \/>\n<meta name=\"twitter:card\" content=\"summary_large_image\" \/>\n<meta name=\"twitter:label1\" content=\"Dur\u00e9e de lecture estim\u00e9e\" \/>\n\t<meta name=\"twitter:data1\" content=\"5 minutes\" \/>\n<script type=\"application\/ld+json\" class=\"yoast-schema-graph\">{\"@context\":\"https:\\\/\\\/schema.org\",\"@graph\":[{\"@type\":\"WebPage\",\"@id\":\"https:\\\/\\\/www.pcimembranes.com\\\/fr\\\/filtration-membranaire-pour-textiles-et-colorants\\\/\",\"url\":\"https:\\\/\\\/www.pcimembranes.com\\\/fr\\\/filtration-membranaire-pour-textiles-et-colorants\\\/\",\"name\":\"Filtration membranaire pour textiles et colorants - PCI Membranes\",\"isPartOf\":{\"@id\":\"https:\\\/\\\/www.pcimembranes.com\\\/fr\\\/#website\"},\"primaryImageOfPage\":{\"@id\":\"https:\\\/\\\/www.pcimembranes.com\\\/fr\\\/filtration-membranaire-pour-textiles-et-colorants\\\/#primaryimage\"},\"image\":{\"@id\":\"https:\\\/\\\/www.pcimembranes.com\\\/fr\\\/filtration-membranaire-pour-textiles-et-colorants\\\/#primaryimage\"},\"thumbnailUrl\":\"https:\\\/\\\/www.pcimembranes.com\\\/wp-content\\\/uploads\\\/2021\\\/08\\\/dye-application.jpg\",\"datePublished\":\"2024-01-08T14:20:59+00:00\",\"dateModified\":\"2025-07-25T13:55:04+00:00\",\"breadcrumb\":{\"@id\":\"https:\\\/\\\/www.pcimembranes.com\\\/fr\\\/filtration-membranaire-pour-textiles-et-colorants\\\/#breadcrumb\"},\"inLanguage\":\"fr-FR\",\"potentialAction\":[{\"@type\":\"ReadAction\",\"target\":[\"https:\\\/\\\/www.pcimembranes.com\\\/fr\\\/filtration-membranaire-pour-textiles-et-colorants\\\/\"]}]},{\"@type\":\"ImageObject\",\"inLanguage\":\"fr-FR\",\"@id\":\"https:\\\/\\\/www.pcimembranes.com\\\/fr\\\/filtration-membranaire-pour-textiles-et-colorants\\\/#primaryimage\",\"url\":\"https:\\\/\\\/www.pcimembranes.com\\\/wp-content\\\/uploads\\\/2021\\\/08\\\/dye-application.jpg\",\"contentUrl\":\"https:\\\/\\\/www.pcimembranes.com\\\/wp-content\\\/uploads\\\/2021\\\/08\\\/dye-application.jpg\"},{\"@type\":\"BreadcrumbList\",\"@id\":\"https:\\\/\\\/www.pcimembranes.com\\\/fr\\\/filtration-membranaire-pour-textiles-et-colorants\\\/#breadcrumb\",\"itemListElement\":[{\"@type\":\"ListItem\",\"position\":1,\"name\":\"\",\"item\":\"https:\\\/\\\/www.pcimembranes.com\\\/fr\\\/\"},{\"@type\":\"ListItem\",\"position\":2,\"name\":\"Filtration membranaire pour textiles et colorants\"}]},{\"@type\":\"WebSite\",\"@id\":\"https:\\\/\\\/www.pcimembranes.com\\\/fr\\\/#website\",\"url\":\"https:\\\/\\\/www.pcimembranes.com\\\/fr\\\/\",\"name\":\"PCI Membranes\",\"description\":\"Making the World Safer, Healthier and More Productive\",\"publisher\":{\"@id\":\"https:\\\/\\\/www.pcimembranes.com\\\/fr\\\/#organization\"},\"potentialAction\":[{\"@type\":\"SearchAction\",\"target\":{\"@type\":\"EntryPoint\",\"urlTemplate\":\"https:\\\/\\\/www.pcimembranes.com\\\/fr\\\/?s={search_term_string}\"},\"query-input\":{\"@type\":\"PropertyValueSpecification\",\"valueRequired\":true,\"valueName\":\"search_term_string\"}}],\"inLanguage\":\"fr-FR\"},{\"@type\":\"Organization\",\"@id\":\"https:\\\/\\\/www.pcimembranes.com\\\/fr\\\/#organization\",\"name\":\"Filtration Group\",\"url\":\"https:\\\/\\\/www.pcimembranes.com\\\/fr\\\/\",\"logo\":{\"@type\":\"ImageObject\",\"inLanguage\":\"fr-FR\",\"@id\":\"https:\\\/\\\/www.pcimembranes.com\\\/fr\\\/#\\\/schema\\\/logo\\\/image\\\/\",\"url\":\"https:\\\/\\\/www.pcimembranes.com\\\/wp-content\\\/uploads\\\/2019\\\/06\\\/FGC-logo-1.png\",\"contentUrl\":\"https:\\\/\\\/www.pcimembranes.com\\\/wp-content\\\/uploads\\\/2019\\\/06\\\/FGC-logo-1.png\",\"width\":1104,\"height\":224,\"caption\":\"Filtration Group\"},\"image\":{\"@id\":\"https:\\\/\\\/www.pcimembranes.com\\\/fr\\\/#\\\/schema\\\/logo\\\/image\\\/\"}}]}<\/script>\n<!-- \/ Yoast SEO plugin. -->","yoast_head_json":{"title":"Filtration membranaire pour textiles et colorants - PCI Membranes","robots":{"index":"index","follow":"follow","max-snippet":"max-snippet:-1","max-image-preview":"max-image-preview:large","max-video-preview":"max-video-preview:-1"},"canonical":"https:\/\/www.pcimembranes.com\/fr\/filtration-membranaire-pour-textiles-et-colorants\/","og_locale":"fr_FR","og_type":"article","og_title":"Filtration membranaire pour textiles et colorants - PCI Membranes","og_description":"PARLER A UN EXPERT Dans l\u2019industrie du textile et des colorants, la filtration membranaire a un certain nombre d\u2019applications possibles. Les principales utilisations comprennent, sans s\u2019y limiter, le dessalement et la purification des colorants, le traitement des effluents et la r\u00e9utilisation de l\u2019eau. Les membranes sont utilis\u00e9es pour concentrer et purifier de nombreux types de [&hellip;]","og_url":"https:\/\/www.pcimembranes.com\/fr\/filtration-membranaire-pour-textiles-et-colorants\/","og_site_name":"PCI Membranes","article_modified_time":"2025-07-25T13:55:04+00:00","og_image":[{"width":743,"height":359,"url":"https:\/\/www.pcimembranes.com\/wp-content\/uploads\/2021\/08\/dye-application.jpg","type":"image\/jpeg"}],"twitter_card":"summary_large_image","twitter_misc":{"Dur\u00e9e de lecture estim\u00e9e":"5 minutes"},"schema":{"@context":"https:\/\/schema.org","@graph":[{"@type":"WebPage","@id":"https:\/\/www.pcimembranes.com\/fr\/filtration-membranaire-pour-textiles-et-colorants\/","url":"https:\/\/www.pcimembranes.com\/fr\/filtration-membranaire-pour-textiles-et-colorants\/","name":"Filtration membranaire pour textiles et colorants - PCI Membranes","isPartOf":{"@id":"https:\/\/www.pcimembranes.com\/fr\/#website"},"primaryImageOfPage":{"@id":"https:\/\/www.pcimembranes.com\/fr\/filtration-membranaire-pour-textiles-et-colorants\/#primaryimage"},"image":{"@id":"https:\/\/www.pcimembranes.com\/fr\/filtration-membranaire-pour-textiles-et-colorants\/#primaryimage"},"thumbnailUrl":"https:\/\/www.pcimembranes.com\/wp-content\/uploads\/2021\/08\/dye-application.jpg","datePublished":"2024-01-08T14:20:59+00:00","dateModified":"2025-07-25T13:55:04+00:00","breadcrumb":{"@id":"https:\/\/www.pcimembranes.com\/fr\/filtration-membranaire-pour-textiles-et-colorants\/#breadcrumb"},"inLanguage":"fr-FR","potentialAction":[{"@type":"ReadAction","target":["https:\/\/www.pcimembranes.com\/fr\/filtration-membranaire-pour-textiles-et-colorants\/"]}]},{"@type":"ImageObject","inLanguage":"fr-FR","@id":"https:\/\/www.pcimembranes.com\/fr\/filtration-membranaire-pour-textiles-et-colorants\/#primaryimage","url":"https:\/\/www.pcimembranes.com\/wp-content\/uploads\/2021\/08\/dye-application.jpg","contentUrl":"https:\/\/www.pcimembranes.com\/wp-content\/uploads\/2021\/08\/dye-application.jpg"},{"@type":"BreadcrumbList","@id":"https:\/\/www.pcimembranes.com\/fr\/filtration-membranaire-pour-textiles-et-colorants\/#breadcrumb","itemListElement":[{"@type":"ListItem","position":1,"name":"","item":"https:\/\/www.pcimembranes.com\/fr\/"},{"@type":"ListItem","position":2,"name":"Filtration membranaire pour textiles et colorants"}]},{"@type":"WebSite","@id":"https:\/\/www.pcimembranes.com\/fr\/#website","url":"https:\/\/www.pcimembranes.com\/fr\/","name":"PCI Membranes","description":"Making the World Safer, Healthier and More Productive","publisher":{"@id":"https:\/\/www.pcimembranes.com\/fr\/#organization"},"potentialAction":[{"@type":"SearchAction","target":{"@type":"EntryPoint","urlTemplate":"https:\/\/www.pcimembranes.com\/fr\/?s={search_term_string}"},"query-input":{"@type":"PropertyValueSpecification","valueRequired":true,"valueName":"search_term_string"}}],"inLanguage":"fr-FR"},{"@type":"Organization","@id":"https:\/\/www.pcimembranes.com\/fr\/#organization","name":"Filtration Group","url":"https:\/\/www.pcimembranes.com\/fr\/","logo":{"@type":"ImageObject","inLanguage":"fr-FR","@id":"https:\/\/www.pcimembranes.com\/fr\/#\/schema\/logo\/image\/","url":"https:\/\/www.pcimembranes.com\/wp-content\/uploads\/2019\/06\/FGC-logo-1.png","contentUrl":"https:\/\/www.pcimembranes.com\/wp-content\/uploads\/2019\/06\/FGC-logo-1.png","width":1104,"height":224,"caption":"Filtration Group"},"image":{"@id":"https:\/\/www.pcimembranes.com\/fr\/#\/schema\/logo\/image\/"}}]}},"_links":{"self":[{"href":"https:\/\/www.pcimembranes.com\/fr\/wp-json\/wp\/v2\/pages\/7402","targetHints":{"allow":["GET"]}}],"collection":[{"href":"https:\/\/www.pcimembranes.com\/fr\/wp-json\/wp\/v2\/pages"}],"about":[{"href":"https:\/\/www.pcimembranes.com\/fr\/wp-json\/wp\/v2\/types\/page"}],"author":[{"embeddable":true,"href":"https:\/\/www.pcimembranes.com\/fr\/wp-json\/wp\/v2\/users\/9"}],"replies":[{"embeddable":true,"href":"https:\/\/www.pcimembranes.com\/fr\/wp-json\/wp\/v2\/comments?post=7402"}],"version-history":[{"count":0,"href":"https:\/\/www.pcimembranes.com\/fr\/wp-json\/wp\/v2\/pages\/7402\/revisions"}],"wp:attachment":[{"href":"https:\/\/www.pcimembranes.com\/fr\/wp-json\/wp\/v2\/media?parent=7402"}],"curies":[{"name":"wp","href":"https:\/\/api.w.org\/{rel}","templated":true}]}}