{"id":7448,"date":"2024-01-08T16:05:20","date_gmt":"2024-01-08T16:05:20","guid":{"rendered":"https:\/\/www.pcimembranes.com\/?page_id=7448"},"modified":"2025-07-25T13:40:54","modified_gmt":"2025-07-25T13:40:54","slug":"membranes-tubulaires-de-la-serie-classic","status":"publish","type":"page","link":"https:\/\/www.pcimembranes.com\/fr\/membranes-tubulaires-de-la-serie-classic\/","title":{"rendered":"Membranes tubulaires de la s\u00e9rie Classic"},"content":{"rendered":"\n<div class=\"wp-block-cover alignfull is-light\" style=\"min-height:260px;aspect-ratio:unset;\"><img decoding=\"async\" class=\"wp-block-cover__image-background wp-image-1334\" alt=\"\" src=\"https:\/\/www.zinga.com\/wp-content\/uploads\/2020\/08\/Gen2-Web-Banner-origional.jpg\" data-object-fit=\"cover\" \/><span aria-hidden=\"true\" class=\"wp-block-cover__background has-blue-background-color has-background-dim-10 has-background-dim\"><\/span><div class=\"wp-block-cover__inner-container is-layout-flow wp-block-cover-is-layout-flow\">\n<h1 class=\"wp-block-heading has-text-align-center has-white-color has-text-color has-link-color wp-elements-40cb858884a77b8ee6962ccb8e1f5859\"><strong><strong><strong>Membranes tubulaires de la s\u00e9rie Classic<\/strong><\/strong><\/strong><\/h1>\n\n\n\n<\/div>\n\n\n\n<div style=\"height:30px\" aria-hidden=\"true\" class=\"wp-block-spacer\"><\/div>\n<\/div><\/div>\n\n\n\n<!--Close-->\t\n<\/div><\/div><\/section>\n<!--Menu-->\n<div class=\"no-top-margin\">\n<div class=\"msb-sticky-bar\">\n<div class=\"container\">\n  <div class=\"row\">\n    <div class=\"col-sm text-center\">\n      <a href=\"https:\/\/www.pcimembranes.com\/contactus\/\" class=\"btn btn-primary solution-trigger\">PARLER A UN EXPERT<\/a>\n    <\/div>\n  <\/div>\n<\/div>\n<\/div>\n<\/div>\n<!--Open-->\n<section class=\"container\"><div class=\"row\"><div class=\"col-md-12\">\n\n\n\n<h1 class=\"wp-block-heading\"><strong>Traitement des eaux us\u00e9es<\/strong><\/h1>\n\n\n\n<div class=\"wp-block-media-text alignwide is-stacked-on-mobile is-vertically-aligned-top\" style=\"grid-template-columns:30% auto\"><figure class=\"wp-block-media-text__media\"><img loading=\"lazy\" decoding=\"async\" width=\"274\" height=\"256\" src=\"https:\/\/www.pcimembranes.com\/wp-content\/uploads\/2021\/03\/c10-photo.png\" alt=\"\" class=\"wp-image-1708 size-full\" \/><\/figure><div class=\"wp-block-media-text__content\">\n<p>Le produit membranaire tubulaire PCI Classic est bien adapt\u00e9 pour traiter les alimentations aqueuses avec des niveaux \u00e9lev\u00e9s de substances s\u00e8ches (jusqu\u2019\u00e0 40 000 ppm), des viscosit\u00e9s \u00e9lev\u00e9es ou des degr\u00e9s \u00e9lev\u00e9s d\u2019encrassement. Les membranes PCI Classic sont disponibles dans une large gamme de membranes tubulaires d\u2019ultrafiltration et d\u2019osmose inverse. Construit en modules en plastique et propos\u00e9 en trois longueurs (2m, 3m et 6m).<\/p>\n<\/div><\/div>\n\n\n\n<h3 class=\"wp-block-heading\"><strong>Fiches techniques des membranes tubulaires de la s\u00e9rie Classic<\/strong><\/h3>\n\n\n\n<div class=\"wp-block-buttons is-layout-flex wp-block-buttons-is-layout-flex\">\n<div class=\"wp-block-button\"><a class=\"wp-block-button__link has-light-gray-color has-green-background-color has-text-color has-background wp-element-button\" href=\"https:\/\/www.pcimembranes.com\/wp-content\/uploads\/2021\/03\/PCI-WFR0950-Classic-Reverse-Osmosis-Tubular-Membrane.pdf\" style=\"border-radius:2px\" target=\"_blank\" rel=\"noreferrer noopener\">FICHE TECHNIQUE WRF0950 CLASSIC RO<\/a><\/div>\n\n\n\n<div class=\"wp-block-button\"><a class=\"wp-block-button__link has-light-gray-color has-green-background-color has-text-color has-background wp-element-button\" href=\"https:\/\/www.pcimembranes.com\/wp-content\/uploads\/2021\/03\/PCI-WFS0325-Classic-Ultrafiltration-Tubular-Membrane.pdf\" style=\"border-radius:2px\" target=\"_blank\" rel=\"noreferrer noopener\">FICHE TECHNIQUE WFS0325 CLASSIC UF<\/a><\/div>\n\n\n\n<div class=\"wp-block-button\"><a class=\"wp-block-button__link has-light-gray-color has-green-background-color has-text-color has-background wp-element-button\" href=\"https:\/\/www.pcimembranes.com\/wp-content\/uploads\/2021\/03\/PCI-WFF0285-Classic-Ultrafiltration-Tubular-Membrane.pdf\" style=\"border-radius:2px\" target=\"_blank\" rel=\"noreferrer noopener\">FICHE TECHNIQUE WFF0285 CLASSIC UF<\/a><\/div>\n\n\n\n<div class=\"wp-block-button\"><a class=\"wp-block-button__link has-light-gray-color has-green-background-color has-text-color has-background wp-element-button\" href=\"https:\/\/www.pcimembranes.com\/wp-content\/uploads\/2021\/03\/PCI-WFB0125-Classic-Ultrafiltration-Tubular-Membrane.pdf\" style=\"border-radius:2px\" target=\"_blank\" rel=\"noreferrer noopener\">FICHE TECHNIQUE WFB0125 CLASSIC UF <\/a><\/div>\n\n\n\n<div class=\"wp-block-button\"><a class=\"wp-block-button__link has-light-gray-color has-green-background-color has-text-color has-background wp-element-button\" href=\"https:\/\/www.pcimembranes.com\/wp-content\/uploads\/2021\/03\/PCI-7P6-module.pdf\" style=\"border-radius:2px\">FICHE TECHNIQUE MODULE 7P6<\/a><\/div>\n<\/div>\n","protected":false},"excerpt":{"rendered":"<p>PARLER A UN EXPERT Traitement des eaux us\u00e9es Le produit membranaire tubulaire PCI Classic est bien adapt\u00e9 pour traiter les alimentations aqueuses avec des niveaux \u00e9lev\u00e9s de substances s\u00e8ches (jusqu\u2019\u00e0 40 000 ppm), des viscosit\u00e9s \u00e9lev\u00e9es ou des degr\u00e9s \u00e9lev\u00e9s d\u2019encrassement. Les membranes PCI Classic sont disponibles dans une large gamme de membranes tubulaires d\u2019ultrafiltration [&hellip;]<\/p>\n","protected":false},"author":9,"featured_media":0,"parent":0,"menu_order":0,"comment_status":"closed","ping_status":"closed","template":"","meta":{"_acf_changed":false,"content-type":"","footnotes":""},"class_list":["post-7448","page","type-page","status-publish","hentry"],"acf":[],"yoast_head":"<!-- This site is optimized with the Yoast SEO plugin v27.3 - https:\/\/yoast.com\/product\/yoast-seo-wordpress\/ -->\n<title>Membranes tubulaires de la s\u00e9rie Classic - PCI Membranes<\/title>\n<meta name=\"robots\" content=\"index, follow, max-snippet:-1, max-image-preview:large, max-video-preview:-1\" \/>\n<link rel=\"canonical\" href=\"https:\/\/www.pcimembranes.com\/fr\/membranes-tubulaires-de-la-serie-classic\/\" \/>\n<meta property=\"og:locale\" content=\"fr_FR\" \/>\n<meta property=\"og:type\" content=\"article\" \/>\n<meta property=\"og:title\" content=\"Membranes tubulaires de la s\u00e9rie Classic - PCI Membranes\" \/>\n<meta property=\"og:description\" content=\"PARLER A UN EXPERT Traitement des eaux us\u00e9es Le produit membranaire tubulaire PCI Classic est bien adapt\u00e9 pour traiter les alimentations aqueuses avec des niveaux \u00e9lev\u00e9s de substances s\u00e8ches (jusqu\u2019\u00e0 40 000 ppm), des viscosit\u00e9s \u00e9lev\u00e9es ou des degr\u00e9s \u00e9lev\u00e9s d\u2019encrassement. Les membranes PCI Classic sont disponibles dans une large gamme de membranes tubulaires d\u2019ultrafiltration [&hellip;]\" \/>\n<meta property=\"og:url\" content=\"https:\/\/www.pcimembranes.com\/fr\/membranes-tubulaires-de-la-serie-classic\/\" \/>\n<meta property=\"og:site_name\" content=\"PCI Membranes\" \/>\n<meta property=\"article:modified_time\" content=\"2025-07-25T13:40:54+00:00\" \/>\n<meta name=\"twitter:card\" content=\"summary_large_image\" \/>\n<meta name=\"twitter:label1\" content=\"Dur\u00e9e de lecture estim\u00e9e\" \/>\n\t<meta name=\"twitter:data1\" content=\"1 minute\" \/>\n<script type=\"application\/ld+json\" class=\"yoast-schema-graph\">{\"@context\":\"https:\\\/\\\/schema.org\",\"@graph\":[{\"@type\":\"WebPage\",\"@id\":\"https:\\\/\\\/www.pcimembranes.com\\\/fr\\\/membranes-tubulaires-de-la-serie-classic\\\/\",\"url\":\"https:\\\/\\\/www.pcimembranes.com\\\/fr\\\/membranes-tubulaires-de-la-serie-classic\\\/\",\"name\":\"Membranes tubulaires de la s\u00e9rie Classic - PCI Membranes\",\"isPartOf\":{\"@id\":\"https:\\\/\\\/www.pcimembranes.com\\\/fr\\\/#website\"},\"primaryImageOfPage\":{\"@id\":\"https:\\\/\\\/www.pcimembranes.com\\\/fr\\\/membranes-tubulaires-de-la-serie-classic\\\/#primaryimage\"},\"image\":{\"@id\":\"https:\\\/\\\/www.pcimembranes.com\\\/fr\\\/membranes-tubulaires-de-la-serie-classic\\\/#primaryimage\"},\"thumbnailUrl\":\"https:\\\/\\\/www.zinga.com\\\/wp-content\\\/uploads\\\/2020\\\/08\\\/Gen2-Web-Banner-origional.jpg\",\"datePublished\":\"2024-01-08T16:05:20+00:00\",\"dateModified\":\"2025-07-25T13:40:54+00:00\",\"breadcrumb\":{\"@id\":\"https:\\\/\\\/www.pcimembranes.com\\\/fr\\\/membranes-tubulaires-de-la-serie-classic\\\/#breadcrumb\"},\"inLanguage\":\"fr-FR\",\"potentialAction\":[{\"@type\":\"ReadAction\",\"target\":[\"https:\\\/\\\/www.pcimembranes.com\\\/fr\\\/membranes-tubulaires-de-la-serie-classic\\\/\"]}]},{\"@type\":\"ImageObject\",\"inLanguage\":\"fr-FR\",\"@id\":\"https:\\\/\\\/www.pcimembranes.com\\\/fr\\\/membranes-tubulaires-de-la-serie-classic\\\/#primaryimage\",\"url\":\"https:\\\/\\\/www.zinga.com\\\/wp-content\\\/uploads\\\/2020\\\/08\\\/Gen2-Web-Banner-origional.jpg\",\"contentUrl\":\"https:\\\/\\\/www.zinga.com\\\/wp-content\\\/uploads\\\/2020\\\/08\\\/Gen2-Web-Banner-origional.jpg\"},{\"@type\":\"BreadcrumbList\",\"@id\":\"https:\\\/\\\/www.pcimembranes.com\\\/fr\\\/membranes-tubulaires-de-la-serie-classic\\\/#breadcrumb\",\"itemListElement\":[{\"@type\":\"ListItem\",\"position\":1,\"name\":\"\",\"item\":\"https:\\\/\\\/www.pcimembranes.com\\\/fr\\\/\"},{\"@type\":\"ListItem\",\"position\":2,\"name\":\"Membranes tubulaires de la s\u00e9rie Classic\"}]},{\"@type\":\"WebSite\",\"@id\":\"https:\\\/\\\/www.pcimembranes.com\\\/fr\\\/#website\",\"url\":\"https:\\\/\\\/www.pcimembranes.com\\\/fr\\\/\",\"name\":\"PCI Membranes\",\"description\":\"Making the World Safer, Healthier and More Productive\",\"publisher\":{\"@id\":\"https:\\\/\\\/www.pcimembranes.com\\\/fr\\\/#organization\"},\"potentialAction\":[{\"@type\":\"SearchAction\",\"target\":{\"@type\":\"EntryPoint\",\"urlTemplate\":\"https:\\\/\\\/www.pcimembranes.com\\\/fr\\\/?s={search_term_string}\"},\"query-input\":{\"@type\":\"PropertyValueSpecification\",\"valueRequired\":true,\"valueName\":\"search_term_string\"}}],\"inLanguage\":\"fr-FR\"},{\"@type\":\"Organization\",\"@id\":\"https:\\\/\\\/www.pcimembranes.com\\\/fr\\\/#organization\",\"name\":\"Filtration Group\",\"url\":\"https:\\\/\\\/www.pcimembranes.com\\\/fr\\\/\",\"logo\":{\"@type\":\"ImageObject\",\"inLanguage\":\"fr-FR\",\"@id\":\"https:\\\/\\\/www.pcimembranes.com\\\/fr\\\/#\\\/schema\\\/logo\\\/image\\\/\",\"url\":\"https:\\\/\\\/www.pcimembranes.com\\\/wp-content\\\/uploads\\\/2019\\\/06\\\/FGC-logo-1.png\",\"contentUrl\":\"https:\\\/\\\/www.pcimembranes.com\\\/wp-content\\\/uploads\\\/2019\\\/06\\\/FGC-logo-1.png\",\"width\":1104,\"height\":224,\"caption\":\"Filtration Group\"},\"image\":{\"@id\":\"https:\\\/\\\/www.pcimembranes.com\\\/fr\\\/#\\\/schema\\\/logo\\\/image\\\/\"}}]}<\/script>\n<!-- \/ Yoast SEO plugin. -->","yoast_head_json":{"title":"Membranes tubulaires de la s\u00e9rie Classic - PCI Membranes","robots":{"index":"index","follow":"follow","max-snippet":"max-snippet:-1","max-image-preview":"max-image-preview:large","max-video-preview":"max-video-preview:-1"},"canonical":"https:\/\/www.pcimembranes.com\/fr\/membranes-tubulaires-de-la-serie-classic\/","og_locale":"fr_FR","og_type":"article","og_title":"Membranes tubulaires de la s\u00e9rie Classic - PCI Membranes","og_description":"PARLER A UN EXPERT Traitement des eaux us\u00e9es Le produit membranaire tubulaire PCI Classic est bien adapt\u00e9 pour traiter les alimentations aqueuses avec des niveaux \u00e9lev\u00e9s de substances s\u00e8ches (jusqu\u2019\u00e0 40 000 ppm), des viscosit\u00e9s \u00e9lev\u00e9es ou des degr\u00e9s \u00e9lev\u00e9s d\u2019encrassement. Les membranes PCI Classic sont disponibles dans une large gamme de membranes tubulaires d\u2019ultrafiltration [&hellip;]","og_url":"https:\/\/www.pcimembranes.com\/fr\/membranes-tubulaires-de-la-serie-classic\/","og_site_name":"PCI Membranes","article_modified_time":"2025-07-25T13:40:54+00:00","twitter_card":"summary_large_image","twitter_misc":{"Dur\u00e9e de lecture estim\u00e9e":"1 minute"},"schema":{"@context":"https:\/\/schema.org","@graph":[{"@type":"WebPage","@id":"https:\/\/www.pcimembranes.com\/fr\/membranes-tubulaires-de-la-serie-classic\/","url":"https:\/\/www.pcimembranes.com\/fr\/membranes-tubulaires-de-la-serie-classic\/","name":"Membranes tubulaires de la s\u00e9rie Classic - PCI Membranes","isPartOf":{"@id":"https:\/\/www.pcimembranes.com\/fr\/#website"},"primaryImageOfPage":{"@id":"https:\/\/www.pcimembranes.com\/fr\/membranes-tubulaires-de-la-serie-classic\/#primaryimage"},"image":{"@id":"https:\/\/www.pcimembranes.com\/fr\/membranes-tubulaires-de-la-serie-classic\/#primaryimage"},"thumbnailUrl":"https:\/\/www.zinga.com\/wp-content\/uploads\/2020\/08\/Gen2-Web-Banner-origional.jpg","datePublished":"2024-01-08T16:05:20+00:00","dateModified":"2025-07-25T13:40:54+00:00","breadcrumb":{"@id":"https:\/\/www.pcimembranes.com\/fr\/membranes-tubulaires-de-la-serie-classic\/#breadcrumb"},"inLanguage":"fr-FR","potentialAction":[{"@type":"ReadAction","target":["https:\/\/www.pcimembranes.com\/fr\/membranes-tubulaires-de-la-serie-classic\/"]}]},{"@type":"ImageObject","inLanguage":"fr-FR","@id":"https:\/\/www.pcimembranes.com\/fr\/membranes-tubulaires-de-la-serie-classic\/#primaryimage","url":"https:\/\/www.zinga.com\/wp-content\/uploads\/2020\/08\/Gen2-Web-Banner-origional.jpg","contentUrl":"https:\/\/www.zinga.com\/wp-content\/uploads\/2020\/08\/Gen2-Web-Banner-origional.jpg"},{"@type":"BreadcrumbList","@id":"https:\/\/www.pcimembranes.com\/fr\/membranes-tubulaires-de-la-serie-classic\/#breadcrumb","itemListElement":[{"@type":"ListItem","position":1,"name":"","item":"https:\/\/www.pcimembranes.com\/fr\/"},{"@type":"ListItem","position":2,"name":"Membranes tubulaires de la s\u00e9rie Classic"}]},{"@type":"WebSite","@id":"https:\/\/www.pcimembranes.com\/fr\/#website","url":"https:\/\/www.pcimembranes.com\/fr\/","name":"PCI Membranes","description":"Making the World Safer, Healthier and More Productive","publisher":{"@id":"https:\/\/www.pcimembranes.com\/fr\/#organization"},"potentialAction":[{"@type":"SearchAction","target":{"@type":"EntryPoint","urlTemplate":"https:\/\/www.pcimembranes.com\/fr\/?s={search_term_string}"},"query-input":{"@type":"PropertyValueSpecification","valueRequired":true,"valueName":"search_term_string"}}],"inLanguage":"fr-FR"},{"@type":"Organization","@id":"https:\/\/www.pcimembranes.com\/fr\/#organization","name":"Filtration Group","url":"https:\/\/www.pcimembranes.com\/fr\/","logo":{"@type":"ImageObject","inLanguage":"fr-FR","@id":"https:\/\/www.pcimembranes.com\/fr\/#\/schema\/logo\/image\/","url":"https:\/\/www.pcimembranes.com\/wp-content\/uploads\/2019\/06\/FGC-logo-1.png","contentUrl":"https:\/\/www.pcimembranes.com\/wp-content\/uploads\/2019\/06\/FGC-logo-1.png","width":1104,"height":224,"caption":"Filtration Group"},"image":{"@id":"https:\/\/www.pcimembranes.com\/fr\/#\/schema\/logo\/image\/"}}]}},"_links":{"self":[{"href":"https:\/\/www.pcimembranes.com\/fr\/wp-json\/wp\/v2\/pages\/7448","targetHints":{"allow":["GET"]}}],"collection":[{"href":"https:\/\/www.pcimembranes.com\/fr\/wp-json\/wp\/v2\/pages"}],"about":[{"href":"https:\/\/www.pcimembranes.com\/fr\/wp-json\/wp\/v2\/types\/page"}],"author":[{"embeddable":true,"href":"https:\/\/www.pcimembranes.com\/fr\/wp-json\/wp\/v2\/users\/9"}],"replies":[{"embeddable":true,"href":"https:\/\/www.pcimembranes.com\/fr\/wp-json\/wp\/v2\/comments?post=7448"}],"version-history":[{"count":0,"href":"https:\/\/www.pcimembranes.com\/fr\/wp-json\/wp\/v2\/pages\/7448\/revisions"}],"wp:attachment":[{"href":"https:\/\/www.pcimembranes.com\/fr\/wp-json\/wp\/v2\/media?parent=7448"}],"curies":[{"name":"wp","href":"https:\/\/api.w.org\/{rel}","templated":true}]}}