{"id":6879,"date":"2023-04-13T14:38:12","date_gmt":"2023-04-13T14:38:12","guid":{"rendered":"https:\/\/www.pcimembranes.com\/?page_id=6879"},"modified":"2025-07-25T10:20:10","modified_gmt":"2025-07-25T10:20:10","slug":"flusso-parallelo-uf-parallel-flow","status":"publish","type":"page","link":"https:\/\/www.pcimembranes.com\/it\/moduli-a-membrana-tubolare-serie-b1\/flusso-parallelo-uf-parallel-flow\/","title":{"rendered":"Flusso parallelo (UF) (Parallel Flow)"},"content":{"rendered":"\n<div class=\"wp-block-cover alignfull\" style=\"min-height:272px;aspect-ratio:unset;\"><img loading=\"lazy\" decoding=\"async\" width=\"1400\" height=\"787\" class=\"wp-block-cover__image-background wp-image-2795\" alt=\"\" src=\"https:\/\/www.pcimembranes.com\/wp-content\/uploads\/2021\/08\/MicrosoftTeams-image-_2.jpg\" data-object-fit=\"cover\" srcset=\"https:\/\/www.pcimembranes.com\/wp-content\/uploads\/2021\/08\/MicrosoftTeams-image-_2.jpg 1400w, https:\/\/www.pcimembranes.com\/wp-content\/uploads\/2021\/08\/MicrosoftTeams-image-_2-300x169.jpg 300w, https:\/\/www.pcimembranes.com\/wp-content\/uploads\/2021\/08\/MicrosoftTeams-image-_2-1024x576.jpg 1024w, https:\/\/www.pcimembranes.com\/wp-content\/uploads\/2021\/08\/MicrosoftTeams-image-_2-768x432.jpg 768w\" sizes=\"auto, (max-width: 1400px) 100vw, 1400px\" \/><span aria-hidden=\"true\" class=\"wp-block-cover__background has-background-dim-10 has-background-dim\"><\/span><div class=\"wp-block-cover__inner-container is-layout-flow wp-block-cover-is-layout-flow\">\n<h1 class=\"wp-block-heading has-text-align-center\">Flusso parallelo (UF) (Parallel Flow)<\/h1>\n<\/div><\/div>\n\n\n\n<!--Close-->\t\n<\/div><\/div><\/section>\n<!--Menu-->\n<div class=\"no-top-margin\">\n<div class=\"msb-sticky-bar\">\n<div class=\"container\">\n  <div class=\"row\">\n    <div class=\"col-sm text-center\">\n      <a href=\"https:\/\/www.pcimembranes.com\/contactus\/\" class=\"btn btn-primary solution-trigger\">PARLA CON UN ESPERTO<\/a>\n    <\/div>\n  <\/div>\n<\/div>\n<\/div>\n<\/div>\n<!--Open-->\n<section class=\"container\"><div class=\"row\"><div class=\"col-md-12\">\n\n\n\n<h2 class=\"wp-block-heading\">Flusso parallelo (UF)<\/h2>\n\n\n\n<p>\u00c8 disponibile una terza configurazione degli end caps che consente a tutti i 18 tubi di funzionare in parallelo, permettendo di utilizzare le velocit\u00e0 di flusso tangenziali pi\u00f9 elevate con una perdita di carco accettabile. Questa configurazione \u00e8 adatta solo per pressioni operative massime pari a 16 bar e temperature massime pari a 80\u00b0C.<\/p>\n\n\n\n<p>Il modulo \u00e8 costruito in acciaio inossidabile, con membrane tubolari aventi diametro pari a 12,7 mm e inserite in 18 tubi di supporto perforati. Il modulo \u00e8 disponibile di serie con lunghezze pari a 1,2 m, 2,4 m e 3,66 m, con aree di membrana rispettivamente pari a 0,9 m<sup>2<\/sup>, 1,7 m<sup>2<\/sup> e 2,6 m<sup>2<\/sup>.<\/p>\n\n\n\n<div class=\"wp-block-columns has-2-columns is-layout-flex wp-container-core-columns-is-layout-9d6595d7 wp-block-columns-is-layout-flex\">\n<div class=\"wp-block-column is-layout-flow wp-block-column-is-layout-flow\">\n<figure class=\"wp-block-image\"><img loading=\"lazy\" decoding=\"async\" width=\"400\" height=\"360\" src=\"https:\/\/www.pcimembranes.com\/wp-content\/uploads\/2019\/10\/B_Series_Parallel.jpg\" alt=\"\" class=\"wp-image-586\" srcset=\"https:\/\/www.pcimembranes.com\/wp-content\/uploads\/2019\/10\/B_Series_Parallel.jpg 400w, https:\/\/www.pcimembranes.com\/wp-content\/uploads\/2019\/10\/B_Series_Parallel-300x270.jpg 300w\" sizes=\"auto, (max-width: 400px) 100vw, 400px\" \/><\/figure>\n<\/div>\n\n\n\n<div class=\"wp-block-column is-layout-flow wp-block-column-is-layout-flow\">\n<figure class=\"wp-block-image\"><img loading=\"lazy\" decoding=\"async\" width=\"400\" height=\"346\" src=\"https:\/\/www.pcimembranes.com\/wp-content\/uploads\/2019\/10\/B_Series_Parallel_Drawing.jpg\" alt=\"\" class=\"wp-image-588\" srcset=\"https:\/\/www.pcimembranes.com\/wp-content\/uploads\/2019\/10\/B_Series_Parallel_Drawing.jpg 400w, https:\/\/www.pcimembranes.com\/wp-content\/uploads\/2019\/10\/B_Series_Parallel_Drawing-300x260.jpg 300w\" sizes=\"auto, (max-width: 400px) 100vw, 400px\" \/><\/figure>\n<\/div>\n<\/div>\n\n\n\n<figure class=\"wp-block-table\"><table><tbody><tr><td>INFORMAZIONI MODULI SERIE B1<\/td><td><a href=\"https:\/\/www.pcimembranes.com\/wp-content\/uploads\/2019\/10\/PCI_B1_Series.pdf\" target=\"_blank\" rel=\"noreferrer noopener\">SCARICA<\/a><\/td><\/tr><\/tbody><\/table><\/figure>\n\n\n\n<div style=\"height:50px\" aria-hidden=\"true\" class=\"wp-block-spacer\"><\/div>\n","protected":false},"excerpt":{"rendered":"<p>PARLA CON UN ESPERTO Flusso parallelo (UF) \u00c8 disponibile una terza configurazione degli end caps che consente a tutti i 18 tubi di funzionare in parallelo, permettendo di utilizzare le velocit\u00e0 di flusso tangenziali pi\u00f9 elevate con una perdita di carco accettabile. Questa configurazione \u00e8 adatta solo per pressioni operative massime pari a 16 bar [&hellip;]<\/p>\n","protected":false},"author":9,"featured_media":0,"parent":6876,"menu_order":0,"comment_status":"closed","ping_status":"closed","template":"","meta":{"_acf_changed":false,"content-type":"","footnotes":""},"class_list":["post-6879","page","type-page","status-publish","hentry"],"acf":[],"yoast_head":"<!-- This site is optimized with the Yoast SEO plugin v27.3 - https:\/\/yoast.com\/product\/yoast-seo-wordpress\/ -->\n<title>Flusso parallelo (UF) (Parallel Flow) - PCI Membranes<\/title>\n<meta name=\"robots\" content=\"index, follow, max-snippet:-1, max-image-preview:large, max-video-preview:-1\" \/>\n<link rel=\"canonical\" href=\"https:\/\/www.pcimembranes.com\/it\/moduli-a-membrana-tubolare-serie-b1\/flusso-parallelo-uf-parallel-flow\/\" \/>\n<meta property=\"og:locale\" content=\"it_IT\" \/>\n<meta property=\"og:type\" content=\"article\" \/>\n<meta property=\"og:title\" content=\"Flusso parallelo (UF) (Parallel Flow) - PCI Membranes\" \/>\n<meta property=\"og:description\" content=\"PARLA CON UN ESPERTO Flusso parallelo (UF) \u00c8 disponibile una terza configurazione degli end caps che consente a tutti i 18 tubi di funzionare in parallelo, permettendo di utilizzare le velocit\u00e0 di flusso tangenziali pi\u00f9 elevate con una perdita di carco accettabile. Questa configurazione \u00e8 adatta solo per pressioni operative massime pari a 16 bar [&hellip;]\" \/>\n<meta property=\"og:url\" content=\"https:\/\/www.pcimembranes.com\/it\/moduli-a-membrana-tubolare-serie-b1\/flusso-parallelo-uf-parallel-flow\/\" \/>\n<meta property=\"og:site_name\" content=\"PCI Membranes\" \/>\n<meta property=\"article:modified_time\" content=\"2025-07-25T10:20:10+00:00\" \/>\n<meta property=\"og:image\" content=\"https:\/\/www.pcimembranes.com\/wp-content\/uploads\/2021\/08\/MicrosoftTeams-image-_2.jpg\" \/>\n\t<meta property=\"og:image:width\" content=\"1400\" \/>\n\t<meta property=\"og:image:height\" content=\"787\" \/>\n\t<meta property=\"og:image:type\" content=\"image\/jpeg\" \/>\n<meta name=\"twitter:card\" content=\"summary_large_image\" \/>\n<meta name=\"twitter:label1\" content=\"Tempo di lettura stimato\" \/>\n\t<meta name=\"twitter:data1\" content=\"2 minuti\" \/>\n<script type=\"application\/ld+json\" class=\"yoast-schema-graph\">{\"@context\":\"https:\\\/\\\/schema.org\",\"@graph\":[{\"@type\":\"WebPage\",\"@id\":\"https:\\\/\\\/www.pcimembranes.com\\\/it\\\/moduli-a-membrana-tubolare-serie-b1\\\/flusso-parallelo-uf-parallel-flow\\\/\",\"url\":\"https:\\\/\\\/www.pcimembranes.com\\\/it\\\/moduli-a-membrana-tubolare-serie-b1\\\/flusso-parallelo-uf-parallel-flow\\\/\",\"name\":\"Flusso parallelo (UF) (Parallel Flow) - PCI Membranes\",\"isPartOf\":{\"@id\":\"https:\\\/\\\/www.pcimembranes.com\\\/it\\\/#website\"},\"primaryImageOfPage\":{\"@id\":\"https:\\\/\\\/www.pcimembranes.com\\\/it\\\/moduli-a-membrana-tubolare-serie-b1\\\/flusso-parallelo-uf-parallel-flow\\\/#primaryimage\"},\"image\":{\"@id\":\"https:\\\/\\\/www.pcimembranes.com\\\/it\\\/moduli-a-membrana-tubolare-serie-b1\\\/flusso-parallelo-uf-parallel-flow\\\/#primaryimage\"},\"thumbnailUrl\":\"https:\\\/\\\/www.pcimembranes.com\\\/wp-content\\\/uploads\\\/2021\\\/08\\\/MicrosoftTeams-image-_2.jpg\",\"datePublished\":\"2023-04-13T14:38:12+00:00\",\"dateModified\":\"2025-07-25T10:20:10+00:00\",\"breadcrumb\":{\"@id\":\"https:\\\/\\\/www.pcimembranes.com\\\/it\\\/moduli-a-membrana-tubolare-serie-b1\\\/flusso-parallelo-uf-parallel-flow\\\/#breadcrumb\"},\"inLanguage\":\"it-IT\",\"potentialAction\":[{\"@type\":\"ReadAction\",\"target\":[\"https:\\\/\\\/www.pcimembranes.com\\\/it\\\/moduli-a-membrana-tubolare-serie-b1\\\/flusso-parallelo-uf-parallel-flow\\\/\"]}]},{\"@type\":\"ImageObject\",\"inLanguage\":\"it-IT\",\"@id\":\"https:\\\/\\\/www.pcimembranes.com\\\/it\\\/moduli-a-membrana-tubolare-serie-b1\\\/flusso-parallelo-uf-parallel-flow\\\/#primaryimage\",\"url\":\"https:\\\/\\\/www.pcimembranes.com\\\/wp-content\\\/uploads\\\/2021\\\/08\\\/MicrosoftTeams-image-_2.jpg\",\"contentUrl\":\"https:\\\/\\\/www.pcimembranes.com\\\/wp-content\\\/uploads\\\/2021\\\/08\\\/MicrosoftTeams-image-_2.jpg\"},{\"@type\":\"BreadcrumbList\",\"@id\":\"https:\\\/\\\/www.pcimembranes.com\\\/it\\\/moduli-a-membrana-tubolare-serie-b1\\\/flusso-parallelo-uf-parallel-flow\\\/#breadcrumb\",\"itemListElement\":[{\"@type\":\"ListItem\",\"position\":1,\"name\":\"\",\"item\":\"https:\\\/\\\/www.pcimembranes.com\\\/it\\\/\"},{\"@type\":\"ListItem\",\"position\":2,\"name\":\"Moduli a membrana tubolare serie B1\",\"item\":\"https:\\\/\\\/www.pcimembranes.com\\\/it\\\/moduli-a-membrana-tubolare-serie-b1\\\/\"},{\"@type\":\"ListItem\",\"position\":3,\"name\":\"Flusso parallelo (UF) (Parallel Flow)\"}]},{\"@type\":\"WebSite\",\"@id\":\"https:\\\/\\\/www.pcimembranes.com\\\/it\\\/#website\",\"url\":\"https:\\\/\\\/www.pcimembranes.com\\\/it\\\/\",\"name\":\"PCI Membranes\",\"description\":\"Making the World Safer, Healthier and More Productive\",\"publisher\":{\"@id\":\"https:\\\/\\\/www.pcimembranes.com\\\/it\\\/#organization\"},\"potentialAction\":[{\"@type\":\"SearchAction\",\"target\":{\"@type\":\"EntryPoint\",\"urlTemplate\":\"https:\\\/\\\/www.pcimembranes.com\\\/it\\\/?s={search_term_string}\"},\"query-input\":{\"@type\":\"PropertyValueSpecification\",\"valueRequired\":true,\"valueName\":\"search_term_string\"}}],\"inLanguage\":\"it-IT\"},{\"@type\":\"Organization\",\"@id\":\"https:\\\/\\\/www.pcimembranes.com\\\/it\\\/#organization\",\"name\":\"Filtration Group\",\"url\":\"https:\\\/\\\/www.pcimembranes.com\\\/it\\\/\",\"logo\":{\"@type\":\"ImageObject\",\"inLanguage\":\"it-IT\",\"@id\":\"https:\\\/\\\/www.pcimembranes.com\\\/it\\\/#\\\/schema\\\/logo\\\/image\\\/\",\"url\":\"https:\\\/\\\/www.pcimembranes.com\\\/wp-content\\\/uploads\\\/2019\\\/06\\\/FGC-logo-1.png\",\"contentUrl\":\"https:\\\/\\\/www.pcimembranes.com\\\/wp-content\\\/uploads\\\/2019\\\/06\\\/FGC-logo-1.png\",\"width\":1104,\"height\":224,\"caption\":\"Filtration Group\"},\"image\":{\"@id\":\"https:\\\/\\\/www.pcimembranes.com\\\/it\\\/#\\\/schema\\\/logo\\\/image\\\/\"}}]}<\/script>\n<!-- \/ Yoast SEO plugin. -->","yoast_head_json":{"title":"Flusso parallelo (UF) (Parallel Flow) - PCI Membranes","robots":{"index":"index","follow":"follow","max-snippet":"max-snippet:-1","max-image-preview":"max-image-preview:large","max-video-preview":"max-video-preview:-1"},"canonical":"https:\/\/www.pcimembranes.com\/it\/moduli-a-membrana-tubolare-serie-b1\/flusso-parallelo-uf-parallel-flow\/","og_locale":"it_IT","og_type":"article","og_title":"Flusso parallelo (UF) (Parallel Flow) - PCI Membranes","og_description":"PARLA CON UN ESPERTO Flusso parallelo (UF) \u00c8 disponibile una terza configurazione degli end caps che consente a tutti i 18 tubi di funzionare in parallelo, permettendo di utilizzare le velocit\u00e0 di flusso tangenziali pi\u00f9 elevate con una perdita di carco accettabile. Questa configurazione \u00e8 adatta solo per pressioni operative massime pari a 16 bar [&hellip;]","og_url":"https:\/\/www.pcimembranes.com\/it\/moduli-a-membrana-tubolare-serie-b1\/flusso-parallelo-uf-parallel-flow\/","og_site_name":"PCI Membranes","article_modified_time":"2025-07-25T10:20:10+00:00","og_image":[{"width":1400,"height":787,"url":"https:\/\/www.pcimembranes.com\/wp-content\/uploads\/2021\/08\/MicrosoftTeams-image-_2.jpg","type":"image\/jpeg"}],"twitter_card":"summary_large_image","twitter_misc":{"Tempo di lettura stimato":"2 minuti"},"schema":{"@context":"https:\/\/schema.org","@graph":[{"@type":"WebPage","@id":"https:\/\/www.pcimembranes.com\/it\/moduli-a-membrana-tubolare-serie-b1\/flusso-parallelo-uf-parallel-flow\/","url":"https:\/\/www.pcimembranes.com\/it\/moduli-a-membrana-tubolare-serie-b1\/flusso-parallelo-uf-parallel-flow\/","name":"Flusso parallelo (UF) (Parallel Flow) - PCI Membranes","isPartOf":{"@id":"https:\/\/www.pcimembranes.com\/it\/#website"},"primaryImageOfPage":{"@id":"https:\/\/www.pcimembranes.com\/it\/moduli-a-membrana-tubolare-serie-b1\/flusso-parallelo-uf-parallel-flow\/#primaryimage"},"image":{"@id":"https:\/\/www.pcimembranes.com\/it\/moduli-a-membrana-tubolare-serie-b1\/flusso-parallelo-uf-parallel-flow\/#primaryimage"},"thumbnailUrl":"https:\/\/www.pcimembranes.com\/wp-content\/uploads\/2021\/08\/MicrosoftTeams-image-_2.jpg","datePublished":"2023-04-13T14:38:12+00:00","dateModified":"2025-07-25T10:20:10+00:00","breadcrumb":{"@id":"https:\/\/www.pcimembranes.com\/it\/moduli-a-membrana-tubolare-serie-b1\/flusso-parallelo-uf-parallel-flow\/#breadcrumb"},"inLanguage":"it-IT","potentialAction":[{"@type":"ReadAction","target":["https:\/\/www.pcimembranes.com\/it\/moduli-a-membrana-tubolare-serie-b1\/flusso-parallelo-uf-parallel-flow\/"]}]},{"@type":"ImageObject","inLanguage":"it-IT","@id":"https:\/\/www.pcimembranes.com\/it\/moduli-a-membrana-tubolare-serie-b1\/flusso-parallelo-uf-parallel-flow\/#primaryimage","url":"https:\/\/www.pcimembranes.com\/wp-content\/uploads\/2021\/08\/MicrosoftTeams-image-_2.jpg","contentUrl":"https:\/\/www.pcimembranes.com\/wp-content\/uploads\/2021\/08\/MicrosoftTeams-image-_2.jpg"},{"@type":"BreadcrumbList","@id":"https:\/\/www.pcimembranes.com\/it\/moduli-a-membrana-tubolare-serie-b1\/flusso-parallelo-uf-parallel-flow\/#breadcrumb","itemListElement":[{"@type":"ListItem","position":1,"name":"","item":"https:\/\/www.pcimembranes.com\/it\/"},{"@type":"ListItem","position":2,"name":"Moduli a membrana tubolare serie B1","item":"https:\/\/www.pcimembranes.com\/it\/moduli-a-membrana-tubolare-serie-b1\/"},{"@type":"ListItem","position":3,"name":"Flusso parallelo (UF) (Parallel Flow)"}]},{"@type":"WebSite","@id":"https:\/\/www.pcimembranes.com\/it\/#website","url":"https:\/\/www.pcimembranes.com\/it\/","name":"PCI Membranes","description":"Making the World Safer, Healthier and More Productive","publisher":{"@id":"https:\/\/www.pcimembranes.com\/it\/#organization"},"potentialAction":[{"@type":"SearchAction","target":{"@type":"EntryPoint","urlTemplate":"https:\/\/www.pcimembranes.com\/it\/?s={search_term_string}"},"query-input":{"@type":"PropertyValueSpecification","valueRequired":true,"valueName":"search_term_string"}}],"inLanguage":"it-IT"},{"@type":"Organization","@id":"https:\/\/www.pcimembranes.com\/it\/#organization","name":"Filtration Group","url":"https:\/\/www.pcimembranes.com\/it\/","logo":{"@type":"ImageObject","inLanguage":"it-IT","@id":"https:\/\/www.pcimembranes.com\/it\/#\/schema\/logo\/image\/","url":"https:\/\/www.pcimembranes.com\/wp-content\/uploads\/2019\/06\/FGC-logo-1.png","contentUrl":"https:\/\/www.pcimembranes.com\/wp-content\/uploads\/2019\/06\/FGC-logo-1.png","width":1104,"height":224,"caption":"Filtration Group"},"image":{"@id":"https:\/\/www.pcimembranes.com\/it\/#\/schema\/logo\/image\/"}}]}},"_links":{"self":[{"href":"https:\/\/www.pcimembranes.com\/it\/wp-json\/wp\/v2\/pages\/6879","targetHints":{"allow":["GET"]}}],"collection":[{"href":"https:\/\/www.pcimembranes.com\/it\/wp-json\/wp\/v2\/pages"}],"about":[{"href":"https:\/\/www.pcimembranes.com\/it\/wp-json\/wp\/v2\/types\/page"}],"author":[{"embeddable":true,"href":"https:\/\/www.pcimembranes.com\/it\/wp-json\/wp\/v2\/users\/9"}],"replies":[{"embeddable":true,"href":"https:\/\/www.pcimembranes.com\/it\/wp-json\/wp\/v2\/comments?post=6879"}],"version-history":[{"count":0,"href":"https:\/\/www.pcimembranes.com\/it\/wp-json\/wp\/v2\/pages\/6879\/revisions"}],"up":[{"embeddable":true,"href":"https:\/\/www.pcimembranes.com\/it\/wp-json\/wp\/v2\/pages\/6876"}],"wp:attachment":[{"href":"https:\/\/www.pcimembranes.com\/it\/wp-json\/wp\/v2\/media?parent=6879"}],"curies":[{"name":"wp","href":"https:\/\/api.w.org\/{rel}","templated":true}]}}