{"id":6882,"date":"2023-04-14T13:20:34","date_gmt":"2023-04-14T13:20:34","guid":{"rendered":"https:\/\/www.pcimembranes.com\/?page_id=6882"},"modified":"2025-07-25T10:22:30","modified_gmt":"2025-07-25T10:22:30","slug":"servizi-di-ingegneria","status":"publish","type":"page","link":"https:\/\/www.pcimembranes.com\/it\/servizi-di-ingegneria\/","title":{"rendered":"SERVIZI DI INGEGNERIA"},"content":{"rendered":"\n<div class=\"wp-block-cover alignfull\" style=\"min-height:240px;aspect-ratio:unset;\"><img loading=\"lazy\" decoding=\"async\" width=\"1400\" height=\"787\" class=\"wp-block-cover__image-background wp-image-2795\" alt=\"\" src=\"https:\/\/www.pcimembranes.com\/wp-content\/uploads\/2021\/08\/MicrosoftTeams-image-_2.jpg\" data-object-fit=\"cover\" srcset=\"https:\/\/www.pcimembranes.com\/wp-content\/uploads\/2021\/08\/MicrosoftTeams-image-_2.jpg 1400w, https:\/\/www.pcimembranes.com\/wp-content\/uploads\/2021\/08\/MicrosoftTeams-image-_2-300x169.jpg 300w, https:\/\/www.pcimembranes.com\/wp-content\/uploads\/2021\/08\/MicrosoftTeams-image-_2-1024x576.jpg 1024w, https:\/\/www.pcimembranes.com\/wp-content\/uploads\/2021\/08\/MicrosoftTeams-image-_2-768x432.jpg 768w\" sizes=\"auto, (max-width: 1400px) 100vw, 1400px\" \/><span aria-hidden=\"true\" class=\"wp-block-cover__background has-background-dim-0 has-background-dim\"><\/span><div class=\"wp-block-cover__inner-container is-layout-flow wp-block-cover-is-layout-flow\">\n<h1 class=\"wp-block-heading has-text-align-center\">SERVIZI DI INGEGNERIA<\/h1>\n<\/div><\/div>\n\n\n\n<!--Close-->\t\n<\/div><\/div><\/section>\n<!--Menu-->\n<div class=\"no-top-margin\">\n<div class=\"msb-sticky-bar\">\n<div class=\"container\">\n  <div class=\"row\">\n    <div class=\"col-sm text-center\">\n      <a href=\"https:\/\/www.pcimembranes.com\/contactus\/\" class=\"btn btn-primary solution-trigger\">PARLA CON UN ESPERTO<\/a>\n    <\/div>\n  <\/div>\n<\/div>\n<\/div>\n<\/div>\n<!--Open-->\n<section class=\"container\"><div class=\"row\"><div class=\"col-md-12\">\n\n\n\n<div style=\"height:26px\" aria-hidden=\"true\" class=\"wp-block-spacer\"><\/div>\n\n\n\n<p>PCI Membranes\u00ae \u00e8 anche un produttore di impianti a membrana per applicazioni industriali, municipali, alimentari e per bevande. Da oltre 50 anni, PCI Membranes realizza e mette in funzione impianti Engineered-To-Order (ETO) realizzati progetto per progetto, costruiti su skid e assemblati in loco (da altri). PCI Membranes\u00ae ha fornito sistemi all&#8217;avanguardia a migliaia di clienti in tutto il mondo. Negli ultimi tempi, tuttavia, \u00e8 diventato evidente che l&#8217;esigenza di conformit\u00e0 \u00e8 maggiore di quella che pu\u00f2 essere soddisfatta dagli attuali processi contrattuali; l&#8217;esigenza non pu\u00f2 essere finanziata con i costi dei metodi esistenti e il tempo disponibile per la conformit\u00e0 non faciliter\u00e0 i programmi estesi dei progetti passati.<\/p>\n\n\n\n<div class=\"wp-block-media-text alignwide is-stacked-on-mobile\"><figure class=\"wp-block-media-text__media\"><img loading=\"lazy\" decoding=\"async\" width=\"1024\" height=\"683\" src=\"https:\/\/www.pcimembranes.com\/wp-content\/uploads\/2021\/10\/service-team-2-1024x683.jpg\" alt=\"\" class=\"wp-image-3142 size-full\" srcset=\"https:\/\/www.pcimembranes.com\/wp-content\/uploads\/2021\/10\/service-team-2-1024x683.jpg 1024w, https:\/\/www.pcimembranes.com\/wp-content\/uploads\/2021\/10\/service-team-2-300x200.jpg 300w, https:\/\/www.pcimembranes.com\/wp-content\/uploads\/2021\/10\/service-team-2-768x512.jpg 768w, https:\/\/www.pcimembranes.com\/wp-content\/uploads\/2021\/10\/service-team-2-1536x1024.jpg 1536w, https:\/\/www.pcimembranes.com\/wp-content\/uploads\/2021\/10\/service-team-2-2048x1365.jpg 2048w, https:\/\/www.pcimembranes.com\/wp-content\/uploads\/2021\/10\/service-team-2-272x182.jpg 272w\" sizes=\"auto, (max-width: 1024px) 100vw, 1024px\" \/><\/figure><div class=\"wp-block-media-text__content\">\n<p><strong>PCI Membranes\u00ae ha quindi aperto la strada a un nuovo approccio per la realizzazione degli impianti di filtrazione su membrana.<\/strong>&nbsp;Ad esempio, seguiamo i tre driver principali per tutti i servizi che forniamo, che sono:<\/p>\n\n\n\n<p>\u2022 Fornitura di un prodotto di qualit\u00e0;<\/p>\n\n\n\n<p>\u2022 Al costo pi\u00f9 basso;<\/p>\n\n\n\n<p>\u2022 Nel minor tempo possibile.<\/p>\n\n\n\n<p>Lavorando con i propri clienti e i propri rappresentanti, PCI Membranes \u00e8 sicura di aver raggiunto questi obiettivi. Assicurandosi che tutti i requisiti del cliente siano compresi attraverso un sostanzioso pacchetto di ingegneria e un costo fisso realistico, si ottengono risparmi significativi in termini di progettazione, gestione e costi dei materiali. Il risultato \u00e8, quindi, un impianto di elevata qualit\u00e0 al miglior prezzo.<\/p>\n<\/div><\/div>\n","protected":false},"excerpt":{"rendered":"<p>PARLA CON UN ESPERTO PCI Membranes\u00ae \u00e8 anche un produttore di impianti a membrana per applicazioni industriali, municipali, alimentari e per bevande. Da oltre 50 anni, PCI Membranes realizza e mette in funzione impianti Engineered-To-Order (ETO) realizzati progetto per progetto, costruiti su skid e assemblati in loco (da altri). PCI Membranes\u00ae ha fornito sistemi all&#8217;avanguardia [&hellip;]<\/p>\n","protected":false},"author":9,"featured_media":0,"parent":0,"menu_order":0,"comment_status":"closed","ping_status":"closed","template":"","meta":{"_acf_changed":false,"content-type":"","footnotes":""},"class_list":["post-6882","page","type-page","status-publish","hentry"],"acf":[],"yoast_head":"<!-- This site is optimized with the Yoast SEO plugin v27.3 - https:\/\/yoast.com\/product\/yoast-seo-wordpress\/ -->\n<title>SERVIZI DI INGEGNERIA - PCI Membranes<\/title>\n<meta name=\"robots\" content=\"index, follow, max-snippet:-1, max-image-preview:large, max-video-preview:-1\" \/>\n<link rel=\"canonical\" href=\"https:\/\/www.pcimembranes.com\/it\/servizi-di-ingegneria\/\" \/>\n<meta property=\"og:locale\" content=\"it_IT\" \/>\n<meta property=\"og:type\" content=\"article\" \/>\n<meta property=\"og:title\" content=\"SERVIZI DI INGEGNERIA - PCI Membranes\" \/>\n<meta property=\"og:description\" content=\"PARLA CON UN ESPERTO PCI Membranes\u00ae \u00e8 anche un produttore di impianti a membrana per applicazioni industriali, municipali, alimentari e per bevande. Da oltre 50 anni, PCI Membranes realizza e mette in funzione impianti Engineered-To-Order (ETO) realizzati progetto per progetto, costruiti su skid e assemblati in loco (da altri). PCI Membranes\u00ae ha fornito sistemi all&#8217;avanguardia [&hellip;]\" \/>\n<meta property=\"og:url\" content=\"https:\/\/www.pcimembranes.com\/it\/servizi-di-ingegneria\/\" \/>\n<meta property=\"og:site_name\" content=\"PCI Membranes\" \/>\n<meta property=\"article:modified_time\" content=\"2025-07-25T10:22:30+00:00\" \/>\n<meta property=\"og:image\" content=\"https:\/\/www.pcimembranes.com\/wp-content\/uploads\/2021\/08\/MicrosoftTeams-image-_2.jpg\" \/>\n\t<meta property=\"og:image:width\" content=\"1400\" \/>\n\t<meta property=\"og:image:height\" content=\"787\" \/>\n\t<meta property=\"og:image:type\" content=\"image\/jpeg\" \/>\n<meta name=\"twitter:card\" content=\"summary_large_image\" \/>\n<script type=\"application\/ld+json\" class=\"yoast-schema-graph\">{\"@context\":\"https:\\\/\\\/schema.org\",\"@graph\":[{\"@type\":\"WebPage\",\"@id\":\"https:\\\/\\\/www.pcimembranes.com\\\/it\\\/servizi-di-ingegneria\\\/\",\"url\":\"https:\\\/\\\/www.pcimembranes.com\\\/it\\\/servizi-di-ingegneria\\\/\",\"name\":\"SERVIZI DI INGEGNERIA - PCI Membranes\",\"isPartOf\":{\"@id\":\"https:\\\/\\\/www.pcimembranes.com\\\/it\\\/#website\"},\"primaryImageOfPage\":{\"@id\":\"https:\\\/\\\/www.pcimembranes.com\\\/it\\\/servizi-di-ingegneria\\\/#primaryimage\"},\"image\":{\"@id\":\"https:\\\/\\\/www.pcimembranes.com\\\/it\\\/servizi-di-ingegneria\\\/#primaryimage\"},\"thumbnailUrl\":\"https:\\\/\\\/www.pcimembranes.com\\\/wp-content\\\/uploads\\\/2021\\\/08\\\/MicrosoftTeams-image-_2.jpg\",\"datePublished\":\"2023-04-14T13:20:34+00:00\",\"dateModified\":\"2025-07-25T10:22:30+00:00\",\"breadcrumb\":{\"@id\":\"https:\\\/\\\/www.pcimembranes.com\\\/it\\\/servizi-di-ingegneria\\\/#breadcrumb\"},\"inLanguage\":\"it-IT\",\"potentialAction\":[{\"@type\":\"ReadAction\",\"target\":[\"https:\\\/\\\/www.pcimembranes.com\\\/it\\\/servizi-di-ingegneria\\\/\"]}]},{\"@type\":\"ImageObject\",\"inLanguage\":\"it-IT\",\"@id\":\"https:\\\/\\\/www.pcimembranes.com\\\/it\\\/servizi-di-ingegneria\\\/#primaryimage\",\"url\":\"https:\\\/\\\/www.pcimembranes.com\\\/wp-content\\\/uploads\\\/2021\\\/08\\\/MicrosoftTeams-image-_2.jpg\",\"contentUrl\":\"https:\\\/\\\/www.pcimembranes.com\\\/wp-content\\\/uploads\\\/2021\\\/08\\\/MicrosoftTeams-image-_2.jpg\"},{\"@type\":\"BreadcrumbList\",\"@id\":\"https:\\\/\\\/www.pcimembranes.com\\\/it\\\/servizi-di-ingegneria\\\/#breadcrumb\",\"itemListElement\":[{\"@type\":\"ListItem\",\"position\":1,\"name\":\"\",\"item\":\"https:\\\/\\\/www.pcimembranes.com\\\/it\\\/\"},{\"@type\":\"ListItem\",\"position\":2,\"name\":\"SERVIZI DI INGEGNERIA\"}]},{\"@type\":\"WebSite\",\"@id\":\"https:\\\/\\\/www.pcimembranes.com\\\/it\\\/#website\",\"url\":\"https:\\\/\\\/www.pcimembranes.com\\\/it\\\/\",\"name\":\"PCI Membranes\",\"description\":\"Making the World Safer, Healthier and More Productive\",\"publisher\":{\"@id\":\"https:\\\/\\\/www.pcimembranes.com\\\/it\\\/#organization\"},\"potentialAction\":[{\"@type\":\"SearchAction\",\"target\":{\"@type\":\"EntryPoint\",\"urlTemplate\":\"https:\\\/\\\/www.pcimembranes.com\\\/it\\\/?s={search_term_string}\"},\"query-input\":{\"@type\":\"PropertyValueSpecification\",\"valueRequired\":true,\"valueName\":\"search_term_string\"}}],\"inLanguage\":\"it-IT\"},{\"@type\":\"Organization\",\"@id\":\"https:\\\/\\\/www.pcimembranes.com\\\/it\\\/#organization\",\"name\":\"Filtration Group\",\"url\":\"https:\\\/\\\/www.pcimembranes.com\\\/it\\\/\",\"logo\":{\"@type\":\"ImageObject\",\"inLanguage\":\"it-IT\",\"@id\":\"https:\\\/\\\/www.pcimembranes.com\\\/it\\\/#\\\/schema\\\/logo\\\/image\\\/\",\"url\":\"https:\\\/\\\/www.pcimembranes.com\\\/wp-content\\\/uploads\\\/2019\\\/06\\\/FGC-logo-1.png\",\"contentUrl\":\"https:\\\/\\\/www.pcimembranes.com\\\/wp-content\\\/uploads\\\/2019\\\/06\\\/FGC-logo-1.png\",\"width\":1104,\"height\":224,\"caption\":\"Filtration Group\"},\"image\":{\"@id\":\"https:\\\/\\\/www.pcimembranes.com\\\/it\\\/#\\\/schema\\\/logo\\\/image\\\/\"}}]}<\/script>\n<!-- \/ Yoast SEO plugin. -->","yoast_head_json":{"title":"SERVIZI DI INGEGNERIA - PCI Membranes","robots":{"index":"index","follow":"follow","max-snippet":"max-snippet:-1","max-image-preview":"max-image-preview:large","max-video-preview":"max-video-preview:-1"},"canonical":"https:\/\/www.pcimembranes.com\/it\/servizi-di-ingegneria\/","og_locale":"it_IT","og_type":"article","og_title":"SERVIZI DI INGEGNERIA - PCI Membranes","og_description":"PARLA CON UN ESPERTO PCI Membranes\u00ae \u00e8 anche un produttore di impianti a membrana per applicazioni industriali, municipali, alimentari e per bevande. Da oltre 50 anni, PCI Membranes realizza e mette in funzione impianti Engineered-To-Order (ETO) realizzati progetto per progetto, costruiti su skid e assemblati in loco (da altri). PCI Membranes\u00ae ha fornito sistemi all&#8217;avanguardia [&hellip;]","og_url":"https:\/\/www.pcimembranes.com\/it\/servizi-di-ingegneria\/","og_site_name":"PCI Membranes","article_modified_time":"2025-07-25T10:22:30+00:00","og_image":[{"width":1400,"height":787,"url":"https:\/\/www.pcimembranes.com\/wp-content\/uploads\/2021\/08\/MicrosoftTeams-image-_2.jpg","type":"image\/jpeg"}],"twitter_card":"summary_large_image","schema":{"@context":"https:\/\/schema.org","@graph":[{"@type":"WebPage","@id":"https:\/\/www.pcimembranes.com\/it\/servizi-di-ingegneria\/","url":"https:\/\/www.pcimembranes.com\/it\/servizi-di-ingegneria\/","name":"SERVIZI DI INGEGNERIA - PCI Membranes","isPartOf":{"@id":"https:\/\/www.pcimembranes.com\/it\/#website"},"primaryImageOfPage":{"@id":"https:\/\/www.pcimembranes.com\/it\/servizi-di-ingegneria\/#primaryimage"},"image":{"@id":"https:\/\/www.pcimembranes.com\/it\/servizi-di-ingegneria\/#primaryimage"},"thumbnailUrl":"https:\/\/www.pcimembranes.com\/wp-content\/uploads\/2021\/08\/MicrosoftTeams-image-_2.jpg","datePublished":"2023-04-14T13:20:34+00:00","dateModified":"2025-07-25T10:22:30+00:00","breadcrumb":{"@id":"https:\/\/www.pcimembranes.com\/it\/servizi-di-ingegneria\/#breadcrumb"},"inLanguage":"it-IT","potentialAction":[{"@type":"ReadAction","target":["https:\/\/www.pcimembranes.com\/it\/servizi-di-ingegneria\/"]}]},{"@type":"ImageObject","inLanguage":"it-IT","@id":"https:\/\/www.pcimembranes.com\/it\/servizi-di-ingegneria\/#primaryimage","url":"https:\/\/www.pcimembranes.com\/wp-content\/uploads\/2021\/08\/MicrosoftTeams-image-_2.jpg","contentUrl":"https:\/\/www.pcimembranes.com\/wp-content\/uploads\/2021\/08\/MicrosoftTeams-image-_2.jpg"},{"@type":"BreadcrumbList","@id":"https:\/\/www.pcimembranes.com\/it\/servizi-di-ingegneria\/#breadcrumb","itemListElement":[{"@type":"ListItem","position":1,"name":"","item":"https:\/\/www.pcimembranes.com\/it\/"},{"@type":"ListItem","position":2,"name":"SERVIZI DI INGEGNERIA"}]},{"@type":"WebSite","@id":"https:\/\/www.pcimembranes.com\/it\/#website","url":"https:\/\/www.pcimembranes.com\/it\/","name":"PCI Membranes","description":"Making the World Safer, Healthier and More Productive","publisher":{"@id":"https:\/\/www.pcimembranes.com\/it\/#organization"},"potentialAction":[{"@type":"SearchAction","target":{"@type":"EntryPoint","urlTemplate":"https:\/\/www.pcimembranes.com\/it\/?s={search_term_string}"},"query-input":{"@type":"PropertyValueSpecification","valueRequired":true,"valueName":"search_term_string"}}],"inLanguage":"it-IT"},{"@type":"Organization","@id":"https:\/\/www.pcimembranes.com\/it\/#organization","name":"Filtration Group","url":"https:\/\/www.pcimembranes.com\/it\/","logo":{"@type":"ImageObject","inLanguage":"it-IT","@id":"https:\/\/www.pcimembranes.com\/it\/#\/schema\/logo\/image\/","url":"https:\/\/www.pcimembranes.com\/wp-content\/uploads\/2019\/06\/FGC-logo-1.png","contentUrl":"https:\/\/www.pcimembranes.com\/wp-content\/uploads\/2019\/06\/FGC-logo-1.png","width":1104,"height":224,"caption":"Filtration Group"},"image":{"@id":"https:\/\/www.pcimembranes.com\/it\/#\/schema\/logo\/image\/"}}]}},"_links":{"self":[{"href":"https:\/\/www.pcimembranes.com\/it\/wp-json\/wp\/v2\/pages\/6882","targetHints":{"allow":["GET"]}}],"collection":[{"href":"https:\/\/www.pcimembranes.com\/it\/wp-json\/wp\/v2\/pages"}],"about":[{"href":"https:\/\/www.pcimembranes.com\/it\/wp-json\/wp\/v2\/types\/page"}],"author":[{"embeddable":true,"href":"https:\/\/www.pcimembranes.com\/it\/wp-json\/wp\/v2\/users\/9"}],"replies":[{"embeddable":true,"href":"https:\/\/www.pcimembranes.com\/it\/wp-json\/wp\/v2\/comments?post=6882"}],"version-history":[{"count":0,"href":"https:\/\/www.pcimembranes.com\/it\/wp-json\/wp\/v2\/pages\/6882\/revisions"}],"wp:attachment":[{"href":"https:\/\/www.pcimembranes.com\/it\/wp-json\/wp\/v2\/media?parent=6882"}],"curies":[{"name":"wp","href":"https:\/\/api.w.org\/{rel}","templated":true}]}}