{"id":8158,"date":"2024-12-19T09:01:29","date_gmt":"2024-12-19T09:01:29","guid":{"rendered":"https:\/\/www.pcimembranes.com\/?page_id=8158"},"modified":"2025-07-25T10:24:07","modified_gmt":"2025-07-25T10:24:07","slug":"settore-alimentare","status":"publish","type":"page","link":"https:\/\/www.pcimembranes.com\/it\/industrie\/settore-alimentare\/","title":{"rendered":"Settore Alimentare"},"content":{"rendered":"\n<div class=\"wp-block-cover alignfull is-light\" style=\"min-height:323px;aspect-ratio:unset;\"><img loading=\"lazy\" decoding=\"async\" width=\"2560\" height=\"1707\" class=\"wp-block-cover__image-background wp-image-2665\" alt=\"\" src=\"https:\/\/www.pcimembranes.com\/wp-content\/uploads\/2021\/08\/food-beverage-1-scaled.jpg\" style=\"object-position:47% 65%\" data-object-fit=\"cover\" data-object-position=\"47% 65%\" srcset=\"https:\/\/www.pcimembranes.com\/wp-content\/uploads\/2021\/08\/food-beverage-1-scaled.jpg 2560w, https:\/\/www.pcimembranes.com\/wp-content\/uploads\/2021\/08\/food-beverage-1-300x200.jpg 300w, https:\/\/www.pcimembranes.com\/wp-content\/uploads\/2021\/08\/food-beverage-1-1024x683.jpg 1024w, https:\/\/www.pcimembranes.com\/wp-content\/uploads\/2021\/08\/food-beverage-1-768x512.jpg 768w, https:\/\/www.pcimembranes.com\/wp-content\/uploads\/2021\/08\/food-beverage-1-1536x1024.jpg 1536w, https:\/\/www.pcimembranes.com\/wp-content\/uploads\/2021\/08\/food-beverage-1-2048x1365.jpg 2048w, https:\/\/www.pcimembranes.com\/wp-content\/uploads\/2021\/08\/food-beverage-1-272x182.jpg 272w\" sizes=\"auto, (max-width: 2560px) 100vw, 2560px\" \/><span aria-hidden=\"true\" class=\"wp-block-cover__background has-background-dim\"><\/span><div class=\"wp-block-cover__inner-container is-layout-flow wp-block-cover-is-layout-flow\">\n<h1 class=\"wp-block-heading has-text-align-center has-white-color has-text-color has-link-color wp-elements-ed73c6f0b96144a11a99d7be8432fdc4\">Settore Alimentare<\/h1>\n<\/div><\/div>\n\n\n\n<!--Close-->\t\n<\/div><\/div><\/section>\n<!--Menu-->\n<div class=\"no-top-margin\">\n<div class=\"msb-sticky-bar\">\n<div class=\"container\">\n  <div class=\"row\">\n    <div class=\"col-sm text-center\">\n      <a href=\"https:\/\/www.pcimembranes.com\/contactus\/\" class=\"btn btn-primary solution-trigger\">PARLA CON UN ESPERTO<\/a>\n    <\/div>\n  <\/div>\n<\/div>\n<\/div>\n<\/div>\n<!--Open-->\n<section class=\"container\"><div class=\"row\"><div class=\"col-md-12\">\n\n\n\n<div style=\"height:49px\" aria-hidden=\"true\" class=\"wp-block-spacer\"><\/div>\n\n\n\n<h2 class=\"wp-block-heading\">Sistemi a Membrana per il Settore Alimentare<\/h2>\n\n\n\n<p>L&#8217;industria alimentare e delle bevande ha oggi in funzione molte migliaia di sistemi a membrana che lavorano con un&#8217;ampia gamma di prodotti su una scala che va da pochi litri all&#8217;ora a diverse centinaia di m<sup>3<\/sup> all&#8217;ora.<\/p>\n\n\n\n<p>La separazione a membrana \u00e8 un semplice processo a pressione in grado di chiarificare o concentrare alimenti e bevande in modo naturale senza degradare i prodotti. PCI Membranes ha molte referenze nell&#8217;industria alimentare, dove le membrane aumentano la qualit\u00e0 dei prodotti e riducono i costi operativi complessivi. Gli esempi includono la chiarificazione di succhi di frutta come il succo di mela, la concentrazione degli zuccheri e la chiarificazione degli amidi. Anche la produzione di altri prodotti come t\u00e8, caff\u00e8, lievito e aromi ha beneficiato dell&#8217;applicazione di membrane tubolari.<\/p>\n\n\n\n<p>Nell&#8217;industria alimentare \u00e8 sempre pi\u00f9 diffusa la consapevolezza che i sistemi a membrana tubolare possono essere facilmente integrati in una linea di processo esistente e fornire allo stesso tempo un utile concentrato e un prezioso filtrato o permeato. In molti casi \u00e8 possibile un ritorno dell&#8217;investimento molto breve se questi prodotti possono essere riciclati nel processo.<\/p>\n\n\n\n<hr class=\"wp-block-separator has-css-opacity is-style-wide\" \/>\n\n\n\n<h2 class=\"wp-block-heading\"><strong>Applicazioni Principali:<\/strong><\/h2>\n\n\n\n<ul class=\"wp-block-list has-light-gray-background-color has-background\">\n<li>Chiarificazione di succhi di frutta e verdura<\/li>\n\n\n\n<li>Concentrazione di estratti vegetali<\/li>\n\n\n\n<li>Chiarificazione e concentrazione di dolcificanti e zuccheri<\/li>\n\n\n\n<li>Chiarificazione e decolorazione di soluzioni zuccherine naturali e zuccheri derivati dall&#8217;amido<\/li>\n\n\n\n<li>Concentrazione e recupero di zuccheri di scarto<\/li>\n\n\n\n<li>Concentrazione di aromi e profumi<\/li>\n\n\n\n<li>Desalinizzazione e concentrazione dei coloranti alimentari<\/li>\n\n\n\n<li>Recupero di proteine animali, ittiche e vegetali<\/li>\n\n\n\n<li>Purificazione e concentrazione di prodotti alimentari<\/li>\n\n\n\n<li>Recupero di soluzioni detergenti esauste<\/li>\n<\/ul>\n\n\n\n<div style=\"height:16px\" aria-hidden=\"true\" class=\"wp-block-spacer\"><\/div>\n\n\n\n<div class=\"wp-block-cover alignfull is-light\" style=\"min-height:218px;aspect-ratio:unset;\"><img loading=\"lazy\" decoding=\"async\" width=\"1920\" height=\"1280\" class=\"wp-block-cover__image-background wp-image-2668\" alt=\"\" src=\"https:\/\/www.pcimembranes.com\/wp-content\/uploads\/2021\/08\/orange-juice.jpg\" style=\"object-position:52% 43%\" data-object-fit=\"cover\" data-object-position=\"52% 43%\" srcset=\"https:\/\/www.pcimembranes.com\/wp-content\/uploads\/2021\/08\/orange-juice.jpg 1920w, https:\/\/www.pcimembranes.com\/wp-content\/uploads\/2021\/08\/orange-juice-300x200.jpg 300w, https:\/\/www.pcimembranes.com\/wp-content\/uploads\/2021\/08\/orange-juice-1024x683.jpg 1024w, https:\/\/www.pcimembranes.com\/wp-content\/uploads\/2021\/08\/orange-juice-768x512.jpg 768w, https:\/\/www.pcimembranes.com\/wp-content\/uploads\/2021\/08\/orange-juice-1536x1024.jpg 1536w, https:\/\/www.pcimembranes.com\/wp-content\/uploads\/2021\/08\/orange-juice-272x182.jpg 272w\" sizes=\"auto, (max-width: 1920px) 100vw, 1920px\" \/><span aria-hidden=\"true\" class=\"wp-block-cover__background has-background-dim\"><\/span><div class=\"wp-block-cover__inner-container is-layout-flow wp-block-cover-is-layout-flow\">\n<h1 class=\"wp-block-heading has-text-align-center has-white-color has-text-color has-link-color wp-elements-0b8f1e1462e4fea11ec002e8f119bdb1\">Produzione di Succhi di Frutta<\/h1>\n<\/div><\/div>\n\n\n\n<div class=\"wp-block-columns is-layout-flex wp-container-core-columns-is-layout-9d6595d7 wp-block-columns-is-layout-flex\">\n<div class=\"wp-block-column is-layout-flow wp-block-column-is-layout-flow\">\n<h3 class=\"wp-block-heading\" style=\"font-size:28px\">Tecnologia di chiarificazione e filtrazione a membrana tubolare PCI per la produzione di succhi di frutta<\/h3>\n\n\n\n<p>La chiarificazione \u00e8 una fase cruciale nella produzione del succo. L&#8217;obiettivo \u00e8 quello di rendere il succo limpido mantenendo le vitamine, i minerali, le proteine e gli antiossidanti e assicurando una corretta durata di conservazione. PCI Membranes offre soluzioni a membrana tubolare che proteggono i nutrienti limitando l&#8217;aggiunta di conservanti. Inoltre, la qualit\u00e0 e la tracciabilit\u00e0 dei nostri prodotti ci permettono di garantire la ripetibilit\u00e0 delle prestazioni.<\/p>\n<\/div>\n\n\n\n<div class=\"wp-block-column is-layout-flow wp-block-column-is-layout-flow\">\n<p class=\"has-text-align-center\">Scoprite come PCI Membranes pu\u00f2 aiutarvi nella produzione di succhi di frutta scaricando la brochure.<\/p>\n\n\n<div class=\"wp-block-image\">\n<figure class=\"aligncenter size-large is-resized\"><a href=\"https:\/\/www.pcimembranes.com\/wp-content\/uploads\/2020\/12\/2020-12-08-final-PCI-Industry-Brochures_Fruit-Juice.pdf\" target=\"_blank\" rel=\"noopener\"><img loading=\"lazy\" decoding=\"async\" width=\"703\" height=\"911\" src=\"https:\/\/www.pcimembranes.com\/wp-content\/uploads\/2020\/12\/Screen-Shot-2020-12-04-at-10.52.30-AM.png\" alt=\"\" class=\"wp-image-1378\" style=\"width:245px;height:318px\" srcset=\"https:\/\/www.pcimembranes.com\/wp-content\/uploads\/2020\/12\/Screen-Shot-2020-12-04-at-10.52.30-AM.png 703w, https:\/\/www.pcimembranes.com\/wp-content\/uploads\/2020\/12\/Screen-Shot-2020-12-04-at-10.52.30-AM-232x300.png 232w\" sizes=\"auto, (max-width: 703px) 100vw, 703px\" \/><\/a><\/figure>\n<\/div><\/div>\n<\/div>\n\n\n\n<div class=\"wp-block-cover alignfull is-light\" style=\"min-height:218px;aspect-ratio:unset;\"><img loading=\"lazy\" decoding=\"async\" width=\"2560\" height=\"1440\" class=\"wp-block-cover__image-background wp-image-2670\" alt=\"\" src=\"https:\/\/www.pcimembranes.com\/wp-content\/uploads\/2021\/08\/caroline-attwood-uaMwBQ_wjng-unsplash-scaled.jpg\" style=\"object-position:59% 69%\" data-object-fit=\"cover\" data-object-position=\"59% 69%\" srcset=\"https:\/\/www.pcimembranes.com\/wp-content\/uploads\/2021\/08\/caroline-attwood-uaMwBQ_wjng-unsplash-scaled.jpg 2560w, https:\/\/www.pcimembranes.com\/wp-content\/uploads\/2021\/08\/caroline-attwood-uaMwBQ_wjng-unsplash-300x169.jpg 300w, https:\/\/www.pcimembranes.com\/wp-content\/uploads\/2021\/08\/caroline-attwood-uaMwBQ_wjng-unsplash-1024x576.jpg 1024w, https:\/\/www.pcimembranes.com\/wp-content\/uploads\/2021\/08\/caroline-attwood-uaMwBQ_wjng-unsplash-768x432.jpg 768w, https:\/\/www.pcimembranes.com\/wp-content\/uploads\/2021\/08\/caroline-attwood-uaMwBQ_wjng-unsplash-1536x864.jpg 1536w, https:\/\/www.pcimembranes.com\/wp-content\/uploads\/2021\/08\/caroline-attwood-uaMwBQ_wjng-unsplash-2048x1152.jpg 2048w\" sizes=\"auto, (max-width: 2560px) 100vw, 2560px\" \/><span aria-hidden=\"true\" class=\"wp-block-cover__background has-background-dim\"><\/span><div class=\"wp-block-cover__inner-container is-layout-flow wp-block-cover-is-layout-flow\">\n<h1 class=\"wp-block-heading has-text-align-center has-white-color has-text-color has-link-color wp-elements-0b02fb11dec996ad2cae9786d19eff7c\">Produzione di Salsa di Soia<\/h1>\n<\/div><\/div>\n\n\n\n<div class=\"wp-block-columns is-layout-flex wp-container-core-columns-is-layout-9d6595d7 wp-block-columns-is-layout-flex\">\n<div class=\"wp-block-column is-layout-flow wp-block-column-is-layout-flow\">\n<h3 class=\"wp-block-heading\" style=\"font-size:28px\">Tecnologia di chiarificazione e filtrazione a membrana a spirale PCI per la produzione di salsa di soia<\/h3>\n\n\n\n<p>La chiarificazione \u00e8 una fase cruciale della produzione della salsa di soia. L&#8217;obiettivo \u00e8 quello di rendere la salsa di soia limpida, mantenendo le vitamine, i minerali, le proteine e gli antiossidanti e garantendo una corretta durata di conservazione. PCI Membranes offre soluzioni a membrana a spirale che proteggono i nutrienti limitando l&#8217;aggiunta di conservanti. Inoltre, la qualit\u00e0 e la tracciabilit\u00e0 dei nostri prodotti ci permettono di garantire la ripetibilit\u00e0 delle prestazioni.<\/p>\n<\/div>\n\n\n\n<div class=\"wp-block-column is-layout-flow wp-block-column-is-layout-flow\">\n<p class=\"has-text-align-center\">Per sapere come PCI Membranes pu\u00f2 aiutarvi nella produzione di salsa di soia, scaricate la brochure.<\/p>\n\n\n<div class=\"wp-block-image is-style-default\">\n<figure class=\"aligncenter size-large is-resized\"><a href=\"https:\/\/www.pcimembranes.com\/wp-content\/uploads\/2021\/07\/2021-02-PCI-Membranes-Soy-Sauce-Brochure.pdf\"><img loading=\"lazy\" decoding=\"async\" width=\"403\" height=\"522\" src=\"https:\/\/www.pcimembranes.com\/wp-content\/uploads\/2021\/07\/PCI-Membranes-Soy-Sauce-Brochure-1-6.png\" alt=\"\" class=\"wp-image-2102\" style=\"width:245px;height:318px\" srcset=\"https:\/\/www.pcimembranes.com\/wp-content\/uploads\/2021\/07\/PCI-Membranes-Soy-Sauce-Brochure-1-6.png 403w, https:\/\/www.pcimembranes.com\/wp-content\/uploads\/2021\/07\/PCI-Membranes-Soy-Sauce-Brochure-1-6-232x300.png 232w\" sizes=\"auto, (max-width: 403px) 100vw, 403px\" \/><\/a><\/figure>\n<\/div><\/div>\n<\/div>\n\n\n\n<div class=\"wp-block-cover alignfull is-light\" style=\"min-height:218px;aspect-ratio:unset;\"><img loading=\"lazy\" decoding=\"async\" width=\"1920\" height=\"1280\" class=\"wp-block-cover__image-background wp-image-2747\" alt=\"\" src=\"https:\/\/www.pcimembranes.com\/wp-content\/uploads\/2021\/08\/cheese-2829034_1920-1.jpg\" style=\"object-position:59% 69%\" data-object-fit=\"cover\" data-object-position=\"59% 69%\" srcset=\"https:\/\/www.pcimembranes.com\/wp-content\/uploads\/2021\/08\/cheese-2829034_1920-1.jpg 1920w, https:\/\/www.pcimembranes.com\/wp-content\/uploads\/2021\/08\/cheese-2829034_1920-1-300x200.jpg 300w, https:\/\/www.pcimembranes.com\/wp-content\/uploads\/2021\/08\/cheese-2829034_1920-1-1024x683.jpg 1024w, https:\/\/www.pcimembranes.com\/wp-content\/uploads\/2021\/08\/cheese-2829034_1920-1-768x512.jpg 768w, https:\/\/www.pcimembranes.com\/wp-content\/uploads\/2021\/08\/cheese-2829034_1920-1-1536x1024.jpg 1536w, https:\/\/www.pcimembranes.com\/wp-content\/uploads\/2021\/08\/cheese-2829034_1920-1-272x182.jpg 272w\" sizes=\"auto, (max-width: 1920px) 100vw, 1920px\" \/><span aria-hidden=\"true\" class=\"wp-block-cover__background has-background-dim\"><\/span><div class=\"wp-block-cover__inner-container is-layout-flow wp-block-cover-is-layout-flow\">\n<h1 class=\"wp-block-heading has-text-align-center has-white-color has-text-color has-link-color wp-elements-7c8359ed8cdb55d4960369d330437f57\">Lattiero-caseario<\/h1>\n<\/div><\/div>\n\n\n\n<div class=\"wp-block-columns is-layout-flex wp-container-core-columns-is-layout-9d6595d7 wp-block-columns-is-layout-flex\">\n<div class=\"wp-block-column is-layout-flow wp-block-column-is-layout-flow\">\n<h3 class=\"wp-block-heading\" style=\"font-size:28px\">Tecnologia di filtrazione a membrana PCI Membranes per l&#8217;industria lattiero-casearia<\/h3>\n\n\n\n<div class=\"wp-block-buttons is-layout-flex wp-block-buttons-is-layout-flex\">\n<div class=\"wp-block-button\"><a class=\"wp-block-button__link has-light-gray-background-color has-text-color has-background wp-element-button\" href=\"https:\/\/www.pcimembranes.com\/it\/soluzioni-a-membrana-per-il-mercato-lattiero-caseario\/\" style=\"color:#0085ca\">Per saperne di piu`<\/a><\/div>\n<\/div>\n\n\n\n<p>I concentrati di proteine del siero di latte sono un importante gruppo di ingredienti alimentari a base di siero di latte. L&#8217;obiettivo della concentrazione delle proteine del siero di latte (WPC) \u00e8 quello di separare le proteine del siero di latte dal siero di latte del formaggio, mantenendone le propriet\u00e0 organolettiche.<\/p>\n\n\n\n<p>Gli elementi a membrana a spirale avvolta di PCI Membranes sono la scelta migliore per questa applicazione grazie alle loro caratteristiche:<\/p>\n\n\n\n<p>\u2022 basso fabbisogno energetico rispetto al metodo tradizionale di evaporazione;<\/p>\n\n\n\n<p>\u2022 migliore recupero della preziosa composizione minerale e delle frazioni proteiche;<\/p>\n\n\n\n<p>\u2022 aumento del contenuto proteico.<\/p>\n\n\n\n<p>Inoltre, la qualit\u00e0 e la tracciabilit\u00e0 dei nostri prodotti ci permettono di garantire prestazioni costanti e affidabili.<\/p>\n<\/div>\n\n\n\n<div class=\"wp-block-column is-layout-flow wp-block-column-is-layout-flow\">\n<p class=\"has-text-align-center\">Scoprite come PCI Membranes pu\u00f2 aiutarvi scaricando la brochure.<\/p>\n\n\n<div class=\"wp-block-image is-style-default\">\n<figure class=\"aligncenter size-large\"><a href=\"https:\/\/www.pcimembranes.com\/wp-content\/uploads\/2021\/09\/2021-08-PCI-Membranes-dairy-Brochure.pdf\" target=\"_blank\" rel=\"noopener\"><img loading=\"lazy\" decoding=\"async\" width=\"323\" height=\"417\" src=\"https:\/\/www.pcimembranes.com\/wp-content\/uploads\/2021\/09\/2021-09-27-17_26_53-2021-08-PCI-Membranes-dairy-Brochure.pdf.png\" alt=\"\" class=\"wp-image-2962\" srcset=\"https:\/\/www.pcimembranes.com\/wp-content\/uploads\/2021\/09\/2021-09-27-17_26_53-2021-08-PCI-Membranes-dairy-Brochure.pdf.png 323w, https:\/\/www.pcimembranes.com\/wp-content\/uploads\/2021\/09\/2021-09-27-17_26_53-2021-08-PCI-Membranes-dairy-Brochure.pdf-232x300.png 232w\" sizes=\"auto, (max-width: 323px) 100vw, 323px\" \/><\/a><\/figure>\n<\/div><\/div>\n<\/div>\n\n\n\n<div class=\"wp-block-buttons is-layout-flex wp-block-buttons-is-layout-flex\"><\/div>\n\n\n\n<div style=\"height:53px\" aria-hidden=\"true\" class=\"wp-block-spacer\"><\/div>\n\n\n\n<div style=\"height:100px\" aria-hidden=\"true\" class=\"wp-block-spacer\"><\/div>\n","protected":false},"excerpt":{"rendered":"<p>PARLA CON UN ESPERTO Sistemi a Membrana per il Settore Alimentare L&#8217;industria alimentare e delle bevande ha oggi in funzione molte migliaia di sistemi a membrana che lavorano con un&#8217;ampia gamma di prodotti su una scala che va da pochi litri all&#8217;ora a diverse centinaia di m3 all&#8217;ora. La separazione a membrana \u00e8 un semplice [&hellip;]<\/p>\n","protected":false},"author":9,"featured_media":0,"parent":8153,"menu_order":0,"comment_status":"closed","ping_status":"closed","template":"","meta":{"_acf_changed":false,"content-type":"","footnotes":""},"class_list":["post-8158","page","type-page","status-publish","hentry"],"acf":[],"yoast_head":"<!-- This site is optimized with the Yoast SEO plugin v27.3 - https:\/\/yoast.com\/product\/yoast-seo-wordpress\/ -->\n<title>Settore Alimentare - PCI Membranes<\/title>\n<meta name=\"robots\" content=\"index, follow, max-snippet:-1, max-image-preview:large, max-video-preview:-1\" \/>\n<link rel=\"canonical\" href=\"https:\/\/www.pcimembranes.com\/it\/industrie\/settore-alimentare\/\" \/>\n<meta property=\"og:locale\" content=\"it_IT\" \/>\n<meta property=\"og:type\" content=\"article\" \/>\n<meta property=\"og:title\" content=\"Settore Alimentare - PCI Membranes\" \/>\n<meta property=\"og:description\" content=\"PARLA CON UN ESPERTO Sistemi a Membrana per il Settore Alimentare L&#8217;industria alimentare e delle bevande ha oggi in funzione molte migliaia di sistemi a membrana che lavorano con un&#8217;ampia gamma di prodotti su una scala che va da pochi litri all&#8217;ora a diverse centinaia di m3 all&#8217;ora. La separazione a membrana \u00e8 un semplice [&hellip;]\" \/>\n<meta property=\"og:url\" content=\"https:\/\/www.pcimembranes.com\/it\/industrie\/settore-alimentare\/\" \/>\n<meta property=\"og:site_name\" content=\"PCI Membranes\" \/>\n<meta property=\"article:modified_time\" content=\"2025-07-25T10:24:07+00:00\" \/>\n<meta property=\"og:image\" content=\"https:\/\/www.pcimembranes.com\/wp-content\/uploads\/2021\/08\/food-beverage-1-scaled.jpg\" \/>\n\t<meta property=\"og:image:width\" content=\"2560\" \/>\n\t<meta property=\"og:image:height\" content=\"1707\" \/>\n\t<meta property=\"og:image:type\" content=\"image\/jpeg\" \/>\n<meta name=\"twitter:card\" content=\"summary_large_image\" \/>\n<meta name=\"twitter:label1\" content=\"Tempo di lettura stimato\" \/>\n\t<meta name=\"twitter:data1\" content=\"5 minuti\" \/>\n<script type=\"application\/ld+json\" class=\"yoast-schema-graph\">{\"@context\":\"https:\\\/\\\/schema.org\",\"@graph\":[{\"@type\":\"WebPage\",\"@id\":\"https:\\\/\\\/www.pcimembranes.com\\\/it\\\/industrie\\\/settore-alimentare\\\/\",\"url\":\"https:\\\/\\\/www.pcimembranes.com\\\/it\\\/industrie\\\/settore-alimentare\\\/\",\"name\":\"Settore Alimentare - PCI Membranes\",\"isPartOf\":{\"@id\":\"https:\\\/\\\/www.pcimembranes.com\\\/it\\\/#website\"},\"primaryImageOfPage\":{\"@id\":\"https:\\\/\\\/www.pcimembranes.com\\\/it\\\/industrie\\\/settore-alimentare\\\/#primaryimage\"},\"image\":{\"@id\":\"https:\\\/\\\/www.pcimembranes.com\\\/it\\\/industrie\\\/settore-alimentare\\\/#primaryimage\"},\"thumbnailUrl\":\"https:\\\/\\\/www.pcimembranes.com\\\/wp-content\\\/uploads\\\/2021\\\/08\\\/food-beverage-1-scaled.jpg\",\"datePublished\":\"2024-12-19T09:01:29+00:00\",\"dateModified\":\"2025-07-25T10:24:07+00:00\",\"breadcrumb\":{\"@id\":\"https:\\\/\\\/www.pcimembranes.com\\\/it\\\/industrie\\\/settore-alimentare\\\/#breadcrumb\"},\"inLanguage\":\"it-IT\",\"potentialAction\":[{\"@type\":\"ReadAction\",\"target\":[\"https:\\\/\\\/www.pcimembranes.com\\\/it\\\/industrie\\\/settore-alimentare\\\/\"]}]},{\"@type\":\"ImageObject\",\"inLanguage\":\"it-IT\",\"@id\":\"https:\\\/\\\/www.pcimembranes.com\\\/it\\\/industrie\\\/settore-alimentare\\\/#primaryimage\",\"url\":\"https:\\\/\\\/www.pcimembranes.com\\\/wp-content\\\/uploads\\\/2021\\\/08\\\/food-beverage-1-scaled.jpg\",\"contentUrl\":\"https:\\\/\\\/www.pcimembranes.com\\\/wp-content\\\/uploads\\\/2021\\\/08\\\/food-beverage-1-scaled.jpg\"},{\"@type\":\"BreadcrumbList\",\"@id\":\"https:\\\/\\\/www.pcimembranes.com\\\/it\\\/industrie\\\/settore-alimentare\\\/#breadcrumb\",\"itemListElement\":[{\"@type\":\"ListItem\",\"position\":1,\"name\":\"\",\"item\":\"https:\\\/\\\/www.pcimembranes.com\\\/it\\\/\"},{\"@type\":\"ListItem\",\"position\":2,\"name\":\"Industrie\",\"item\":\"https:\\\/\\\/www.pcimembranes.com\\\/it\\\/industrie\\\/\"},{\"@type\":\"ListItem\",\"position\":3,\"name\":\"Settore Alimentare\"}]},{\"@type\":\"WebSite\",\"@id\":\"https:\\\/\\\/www.pcimembranes.com\\\/it\\\/#website\",\"url\":\"https:\\\/\\\/www.pcimembranes.com\\\/it\\\/\",\"name\":\"PCI Membranes\",\"description\":\"Making the World Safer, Healthier and More Productive\",\"publisher\":{\"@id\":\"https:\\\/\\\/www.pcimembranes.com\\\/it\\\/#organization\"},\"potentialAction\":[{\"@type\":\"SearchAction\",\"target\":{\"@type\":\"EntryPoint\",\"urlTemplate\":\"https:\\\/\\\/www.pcimembranes.com\\\/it\\\/?s={search_term_string}\"},\"query-input\":{\"@type\":\"PropertyValueSpecification\",\"valueRequired\":true,\"valueName\":\"search_term_string\"}}],\"inLanguage\":\"it-IT\"},{\"@type\":\"Organization\",\"@id\":\"https:\\\/\\\/www.pcimembranes.com\\\/it\\\/#organization\",\"name\":\"Filtration Group\",\"url\":\"https:\\\/\\\/www.pcimembranes.com\\\/it\\\/\",\"logo\":{\"@type\":\"ImageObject\",\"inLanguage\":\"it-IT\",\"@id\":\"https:\\\/\\\/www.pcimembranes.com\\\/it\\\/#\\\/schema\\\/logo\\\/image\\\/\",\"url\":\"https:\\\/\\\/www.pcimembranes.com\\\/wp-content\\\/uploads\\\/2019\\\/06\\\/FGC-logo-1.png\",\"contentUrl\":\"https:\\\/\\\/www.pcimembranes.com\\\/wp-content\\\/uploads\\\/2019\\\/06\\\/FGC-logo-1.png\",\"width\":1104,\"height\":224,\"caption\":\"Filtration Group\"},\"image\":{\"@id\":\"https:\\\/\\\/www.pcimembranes.com\\\/it\\\/#\\\/schema\\\/logo\\\/image\\\/\"}}]}<\/script>\n<!-- \/ Yoast SEO plugin. -->","yoast_head_json":{"title":"Settore Alimentare - PCI Membranes","robots":{"index":"index","follow":"follow","max-snippet":"max-snippet:-1","max-image-preview":"max-image-preview:large","max-video-preview":"max-video-preview:-1"},"canonical":"https:\/\/www.pcimembranes.com\/it\/industrie\/settore-alimentare\/","og_locale":"it_IT","og_type":"article","og_title":"Settore Alimentare - PCI Membranes","og_description":"PARLA CON UN ESPERTO Sistemi a Membrana per il Settore Alimentare L&#8217;industria alimentare e delle bevande ha oggi in funzione molte migliaia di sistemi a membrana che lavorano con un&#8217;ampia gamma di prodotti su una scala che va da pochi litri all&#8217;ora a diverse centinaia di m3 all&#8217;ora. La separazione a membrana \u00e8 un semplice [&hellip;]","og_url":"https:\/\/www.pcimembranes.com\/it\/industrie\/settore-alimentare\/","og_site_name":"PCI Membranes","article_modified_time":"2025-07-25T10:24:07+00:00","og_image":[{"width":2560,"height":1707,"url":"https:\/\/www.pcimembranes.com\/wp-content\/uploads\/2021\/08\/food-beverage-1-scaled.jpg","type":"image\/jpeg"}],"twitter_card":"summary_large_image","twitter_misc":{"Tempo di lettura stimato":"5 minuti"},"schema":{"@context":"https:\/\/schema.org","@graph":[{"@type":"WebPage","@id":"https:\/\/www.pcimembranes.com\/it\/industrie\/settore-alimentare\/","url":"https:\/\/www.pcimembranes.com\/it\/industrie\/settore-alimentare\/","name":"Settore Alimentare - PCI Membranes","isPartOf":{"@id":"https:\/\/www.pcimembranes.com\/it\/#website"},"primaryImageOfPage":{"@id":"https:\/\/www.pcimembranes.com\/it\/industrie\/settore-alimentare\/#primaryimage"},"image":{"@id":"https:\/\/www.pcimembranes.com\/it\/industrie\/settore-alimentare\/#primaryimage"},"thumbnailUrl":"https:\/\/www.pcimembranes.com\/wp-content\/uploads\/2021\/08\/food-beverage-1-scaled.jpg","datePublished":"2024-12-19T09:01:29+00:00","dateModified":"2025-07-25T10:24:07+00:00","breadcrumb":{"@id":"https:\/\/www.pcimembranes.com\/it\/industrie\/settore-alimentare\/#breadcrumb"},"inLanguage":"it-IT","potentialAction":[{"@type":"ReadAction","target":["https:\/\/www.pcimembranes.com\/it\/industrie\/settore-alimentare\/"]}]},{"@type":"ImageObject","inLanguage":"it-IT","@id":"https:\/\/www.pcimembranes.com\/it\/industrie\/settore-alimentare\/#primaryimage","url":"https:\/\/www.pcimembranes.com\/wp-content\/uploads\/2021\/08\/food-beverage-1-scaled.jpg","contentUrl":"https:\/\/www.pcimembranes.com\/wp-content\/uploads\/2021\/08\/food-beverage-1-scaled.jpg"},{"@type":"BreadcrumbList","@id":"https:\/\/www.pcimembranes.com\/it\/industrie\/settore-alimentare\/#breadcrumb","itemListElement":[{"@type":"ListItem","position":1,"name":"","item":"https:\/\/www.pcimembranes.com\/it\/"},{"@type":"ListItem","position":2,"name":"Industrie","item":"https:\/\/www.pcimembranes.com\/it\/industrie\/"},{"@type":"ListItem","position":3,"name":"Settore Alimentare"}]},{"@type":"WebSite","@id":"https:\/\/www.pcimembranes.com\/it\/#website","url":"https:\/\/www.pcimembranes.com\/it\/","name":"PCI Membranes","description":"Making the World Safer, Healthier and More Productive","publisher":{"@id":"https:\/\/www.pcimembranes.com\/it\/#organization"},"potentialAction":[{"@type":"SearchAction","target":{"@type":"EntryPoint","urlTemplate":"https:\/\/www.pcimembranes.com\/it\/?s={search_term_string}"},"query-input":{"@type":"PropertyValueSpecification","valueRequired":true,"valueName":"search_term_string"}}],"inLanguage":"it-IT"},{"@type":"Organization","@id":"https:\/\/www.pcimembranes.com\/it\/#organization","name":"Filtration Group","url":"https:\/\/www.pcimembranes.com\/it\/","logo":{"@type":"ImageObject","inLanguage":"it-IT","@id":"https:\/\/www.pcimembranes.com\/it\/#\/schema\/logo\/image\/","url":"https:\/\/www.pcimembranes.com\/wp-content\/uploads\/2019\/06\/FGC-logo-1.png","contentUrl":"https:\/\/www.pcimembranes.com\/wp-content\/uploads\/2019\/06\/FGC-logo-1.png","width":1104,"height":224,"caption":"Filtration Group"},"image":{"@id":"https:\/\/www.pcimembranes.com\/it\/#\/schema\/logo\/image\/"}}]}},"_links":{"self":[{"href":"https:\/\/www.pcimembranes.com\/it\/wp-json\/wp\/v2\/pages\/8158","targetHints":{"allow":["GET"]}}],"collection":[{"href":"https:\/\/www.pcimembranes.com\/it\/wp-json\/wp\/v2\/pages"}],"about":[{"href":"https:\/\/www.pcimembranes.com\/it\/wp-json\/wp\/v2\/types\/page"}],"author":[{"embeddable":true,"href":"https:\/\/www.pcimembranes.com\/it\/wp-json\/wp\/v2\/users\/9"}],"replies":[{"embeddable":true,"href":"https:\/\/www.pcimembranes.com\/it\/wp-json\/wp\/v2\/comments?post=8158"}],"version-history":[{"count":0,"href":"https:\/\/www.pcimembranes.com\/it\/wp-json\/wp\/v2\/pages\/8158\/revisions"}],"up":[{"embeddable":true,"href":"https:\/\/www.pcimembranes.com\/it\/wp-json\/wp\/v2\/pages\/8153"}],"wp:attachment":[{"href":"https:\/\/www.pcimembranes.com\/it\/wp-json\/wp\/v2\/media?parent=8158"}],"curies":[{"name":"wp","href":"https:\/\/api.w.org\/{rel}","templated":true}]}}