{"id":4252,"date":"2022-03-16T13:20:59","date_gmt":"2022-03-16T13:20:59","guid":{"rendered":"https:\/\/www.pcimembranes.com\/?page_id=4252"},"modified":"2025-07-25T09:56:30","modified_gmt":"2025-07-25T09:56:30","slug":"moduly-do-testowania-membran","status":"publish","type":"page","link":"https:\/\/www.pcimembranes.com\/pl\/moduly-do-testowania-membran\/","title":{"rendered":"Modu\u0142y do \u200b\u200bTestowania Membran"},"content":{"rendered":"\n<div class=\"wp-block-cover alignfull is-light\" style=\"min-height:260px;aspect-ratio:unset;\"><img decoding=\"async\" class=\"wp-block-cover__image-background wp-image-1334\" alt=\"\" src=\"https:\/\/www.zinga.com\/wp-content\/uploads\/2020\/08\/Gen2-Web-Banner-origional.jpg\" data-object-fit=\"cover\" \/><span aria-hidden=\"true\" class=\"wp-block-cover__background has-blue-background-color has-background-dim-10 has-background-dim\"><\/span><div class=\"wp-block-cover__inner-container is-layout-flow wp-block-cover-is-layout-flow\">\n<h1 class=\"wp-block-heading has-text-align-center has-white-color has-text-color has-link-color wp-elements-d84182f6bfb848bee71e0fa0bd6aa22a\"><strong>Membrane Test Modules<\/strong><\/h1>\n\n\n\n<\/div>\n\n\n\n<div style=\"height:30px\" aria-hidden=\"true\" class=\"wp-block-spacer\"><\/div>\n<\/div><\/div>\n\n\n\n<!--Close-->\t\n<\/div><\/div><\/section>\n<!--Menu-->\n<div class=\"no-top-margin\">\n<div class=\"msb-sticky-bar\">\n<div class=\"container\">\n  <div class=\"row\">\n    <div class=\"col-sm text-center\">\n      <a href=\"https:\/\/www.pcimembranes.com\/contactus\/\" class=\"btn btn-primary solution-trigger\">POROZMAWIAJ Z NASZYM EKSPERTEM<\/a>\n    <\/div>\n  <\/div>\n<\/div>\n<\/div>\n<\/div>\n<!--Open-->\n<section class=\"container\"><div class=\"row\"><div class=\"col-md-12\">\n\n\n\n<h2 class=\"wp-block-heading\">Modu\u0142y Testowe<\/h2>\n\n\n\n<h3 class=\"wp-block-heading\">Dostosuj Efektywny System Membranowy<\/h3>\n\n\n\n<p>While many applications can benefit from a more or less standard filtration system, other situations may demand a Podczas gdy wiele aplikacji mo\u017ce skorzysta\u0107 z mniej lub bardziej standardowego systemu filtracji, inne sytuacje mog\u0105 wymaga\u0107 niestandardowego rozwi\u0105zania, z obszernymi testami poligonowymi prowadzonymi na terenie zak\u0142adu. Jako specjali\u015bci od membran mamy do\u015bwiadczenie i w\u0142asn\u0105 wiedz\u0119 fachow\u0105, aby zapewni\u0107 rozwi\u0105zania problem\u00f3w zwi\u0105zanych z filtracj\u0105 w wielu r\u00f3\u017cnych sektorach przemys\u0142u i ch\u0119tnie wsp\u00f3\u0142pracujemy z potencjalnymi klientami w celu zaprojektowania i zoptymalizowania rozwi\u0105zania w zakresie filtracji membranowej.<\/p>\n\n\n\n<p>Before having a specialist determine the right membrane system for the application, it\u2019s important to do some Zanim okre\u015blimy odpowiedni system membranowy do zastosowania, wa\u017cne jest, aby dokona\u0107 wst\u0119pnej oceny i sprawdzi\u0107, czy instalacja mo\u017ce by\u0107 realn\u0105 propozycj\u0105. W zwi\u0105zku z tym nale\u017cy okre\u015bli\u0107 niekt\u00f3re kryteria projektowe, takie jak:<\/p>\n\n\n\n<ul class=\"wp-block-list\">\n<li>Jaka jest wymagana przepustowo\u015b\u0107 instalacji filtracyjnej?<\/li>\n\n\n\n<li>Oczekiwana jako\u015b\u0107 \u201epermeatu\u201d (frakcja ciek\u0142a przechodz\u0105ca przez membran\u0119) i \u201eretentatu\u201d (zat\u0119\u017cona frakcja zatrzymana przez membran\u0119).<\/li>\n\n\n\n<li>Czy system b\u0119dzie u\u017cywany okresowo czy w spos\u00f3b ci\u0105g\u0142y?<\/li>\n\n\n\n<li>Jak d\u0142ugo system mo\u017cna wy\u0142\u0105czy\u0107 do cel\u00f3w czyszczenia CIP?<\/li>\n\n\n\n<li>Jakie s\u0105 kluczowe kryteria oceny procesu?<\/li>\n<\/ul>\n\n\n\n<p>Typically, a short pilot trial on site or in the supplier\u2019s laboratory, using a sample of the process stream, will help narrow dZazwyczaj kr\u00f3tka pr\u00f3ba pilota\u017cowa na terenie zak\u0142adu lub w laboratorium, z wykorzystaniem pr\u00f3bki cieczy, pomo\u017ce zaw\u0119zi\u0107 wyb\u00f3r najlepszej membrany.<\/p>\n\n\n\n<p>Next, a test rig or pilot plant is set up at the plant site. This will test the effectiveness of the chosen membrane system on a larger scale, utilizing up to 15 m<sup>2<\/sup>&nbsp;(160 ft<sup>2<\/sup>) of total membrane area, and generate data useful in the development of final design parameters. These initial trials typically last for 2-3 weeks but can take longer if the waste stream varies iNast\u0119pnie po ustawieniu jednostki testowej lub instalacja pilota\u017cowa mo\u017cna przetestowa\u0107 skuteczno\u015b\u0107 wybranego systemu membran na wi\u0119ksz\u0105 skal\u0119, wykorzystuj\u0105c do 15m2 (160 st\u00f3p2) ca\u0142kowitej powierzchni membrany, aby wygenerowa\u0107 dane przydatne w opracowywaniu ostatecznych parametr\u00f3w projektowych. Te wst\u0119pne pr\u00f3by zwykle trwaj\u0105 2-3 tygodnie, ale mog\u0105 trwa\u0107 d\u0142u\u017cej, je\u015bli strumie\u0144 cieczy zmienia si\u0119 w czasie pod wzgl\u0119dem sk\u0142adu lub obj\u0119to\u015bci. Dobrze zaprojektowana procedura testowa pozwoli p\u00f3\u017aniej zaoszcz\u0119dzi\u0107 czas i unikn\u0105\u0107 nieprzewidzianych sytuacji.<\/p>\n\n\n\n<p>With the test rig, engineers can take realistic measurements, including the degree of membrane fouling, the Dzi\u0119ki takim testom poligonowym mo\u017cna dokona\u0107 realistycznych pomiar\u00f3w, w tym stopie\u0144 zanieczyszczenia membrany, szybko\u015b\u0107 produkcji permeatu (\u201eflux\u201d), spadek ci\u015bnienia, poziomy retencji wraz ze wzrostem st\u0119\u017cenia, skuteczno\u015b\u0107 re\u017cimu czyszczenia CIP i jako\u015b\u0107 produkt ko\u0144cowego.<\/p>\n\n\n\n<p>Na podstawie zebranych danych opracowywany jest ostateczny projekt systemu. W przypadkach, gdy standardowa membrana nie nadaje si\u0119 do danego zastosowania, mo\u017ce by\u0107 potrzebna nowa konfiguracja systemu membran. R\u00f3wnie\u017c na tym etapie pilota\u017cowym in\u017cynierowie mog\u0105 oszacowa\u0107 prawdopodobn\u0105 \u017cywotno\u015b\u0107 membrany, co mo\u017cna wzi\u0105\u0107 pod uwag\u0119 przy rozwa\u017caniu ca\u0142kowitych koszt\u00f3w eksploatacji systemu.<\/p>\n\n\n\n<p>PCI Membranes specializes in the design and manufacture of easily integrated membrane filtration plants that can range from simple manually operated systems through to fully automatic operation with minimal operator support. TFirma PCI Membranes specjalizuje si\u0119 w projektowaniu i produkcji \u0142atwo zintegrowanych instalacji do filtracji membranowej, kt\u00f3re mog\u0105 obejmowa\u0107 zar\u00f3wno proste systemy obs\u0142ugiwane r\u0119cznie, jak i w pe\u0142ni automatyczne dzia\u0142anie przy minimalnym wsparciu operatora. Ta wiedza fachowa w wyborze najbardziej odpowiedniej membrany do danego zastosowania, wraz z do\u015bwiadczeniem w wielu zrealizowanych projektach oznacza, \u017ce \u200b\u200bPCI mo\u017ce zapewni\u0107 swoim klientom op\u0142acalne rozwi\u0105zania minimalizuj\u0105ce zu\u017cycie wody i koszty utylizacji odpad\u00f3w.<\/p>\n\n\n\n<div style=\"height:50px\" aria-hidden=\"true\" class=\"wp-block-spacer\"><\/div>\n\n\n\n<div class=\"wp-block-media-text alignwide is-stacked-on-mobile\"><figure class=\"wp-block-media-text__media\"><img loading=\"lazy\" decoding=\"async\" width=\"535\" height=\"303\" src=\"https:\/\/www.pcimembranes.com\/wp-content\/uploads\/2019\/10\/Micro_Series_horizontal.jpg\" alt=\"\" class=\"wp-image-3426 size-full\" srcset=\"https:\/\/www.pcimembranes.com\/wp-content\/uploads\/2019\/10\/Micro_Series_horizontal.jpg 535w, https:\/\/www.pcimembranes.com\/wp-content\/uploads\/2019\/10\/Micro_Series_horizontal-300x170.jpg 300w\" sizes=\"auto, (max-width: 535px) 100vw, 535px\" \/><\/figure><div class=\"wp-block-media-text__content\">\n\n<h3 class=\"wp-block-heading\">Seria MICRO240 i MICRO960<\/h3>\n\n\n<p>MICRO 240 i MICRO 960 s\u0105 przeznaczone do ekonomicznej, kr\u00f3tkoterminowej oceny proces\u00f3w membranowych w celu separacji i zag\u0119szczania w skali laboratoryjnej.<\/p>\n\n\n<p><a href=\"https:\/\/www.pcimembranes.com\/pl\/moduly-do-testowania-membran\/seria-micro-240-i-micro-960\/\">LEADOWIEDZ SI\u0118 WI\u0118CEJ<\/a><\/p>\n\n\n<p><\/p>\n\n<\/div><\/div>\n\n\n\n<div class=\"wp-block-media-text alignwide is-stacked-on-mobile\"><figure class=\"wp-block-media-text__media\"><img loading=\"lazy\" decoding=\"async\" width=\"500\" height=\"515\" src=\"https:\/\/www.pcimembranes.com\/wp-content\/uploads\/2019\/10\/A5_Mini_Cropped.jpg\" alt=\"\" class=\"wp-image-3427 size-full\" srcset=\"https:\/\/www.pcimembranes.com\/wp-content\/uploads\/2019\/10\/A5_Mini_Cropped.jpg 500w, https:\/\/www.pcimembranes.com\/wp-content\/uploads\/2019\/10\/A5_Mini_Cropped-291x300.jpg 291w\" sizes=\"auto, (max-width: 500px) 100vw, 500px\" \/><\/figure><div class=\"wp-block-media-text__content\">\n\n<h3 class=\"wp-block-heading\">Modu\u0142 Testowy A MINI<\/h3>\n\n\n<p>TModu\u0142 A MINI jest przeznaczony do oceny w skali laboratoryjnej zastosowa\u0144 membran ultrafiltracyjnych z umiarkowanymi poziomami zawiesin sta\u0142ych.<\/p>\n\n\n<p><a href=\"https:\/\/www.pcimembranes.com\/pl\/moduly-do-testowania-membran\/modul-testowy-a-mini\/\">DOWIEDZ SI\u0118 WI\u0118CEJ<\/a><\/p>\n\n<\/div><\/div>\n\n\n\n<div class=\"wp-block-media-text alignwide is-stacked-on-mobile\"><figure class=\"wp-block-media-text__media\"><img loading=\"lazy\" decoding=\"async\" width=\"300\" height=\"225\" src=\"https:\/\/www.pcimembranes.com\/wp-content\/uploads\/2019\/10\/tubular-membranes.jpg\" alt=\"\" class=\"wp-image-3428 size-full\" \/><\/figure><div class=\"wp-block-media-text__content\">\n\n<h3 class=\"wp-block-heading\">Membrany Tubularne<\/h3>\n\n\n<p>Our in-house development and manufacturing capability enables us to provide customized membranes tailored for specific aNasze wewn\u0119trzne mo\u017cliwo\u015bci rozwoju i produkcji pozwalaj\u0105 nam dostarcza\u0107 niestandardowe membrany dostosowane do konkretnych zastosowa\u0144.<\/p>\n\n\n<p><a href=\"https:\/\/www.pcimembranes.com\/pl\/moduly-do-testowania-membran\/membrany-tubularne\/\">DOWIEDZ SI\u0118 WI\u0118CEJ<\/a><br><\/p>\n\n<\/div><\/div>\n\n\n\n<div class=\"wp-block-media-text alignwide is-stacked-on-mobile\"><figure class=\"wp-block-media-text__media\"><img loading=\"lazy\" decoding=\"async\" width=\"500\" height=\"317\" src=\"https:\/\/www.pcimembranes.com\/wp-content\/uploads\/2019\/10\/B1_Pilot_Plant_1_cropped.jpg\" alt=\"\" class=\"wp-image-3429 size-full\" srcset=\"https:\/\/www.pcimembranes.com\/wp-content\/uploads\/2019\/10\/B1_Pilot_Plant_1_cropped.jpg 500w, https:\/\/www.pcimembranes.com\/wp-content\/uploads\/2019\/10\/B1_Pilot_Plant_1_cropped-300x190.jpg 300w\" sizes=\"auto, (max-width: 500px) 100vw, 500px\" \/><\/figure><div class=\"wp-block-media-text__content\">\n\n<h3 class=\"wp-block-heading\">Jednostki Pilota\u017cowe<\/h3>\n\n\n<p>The pilot unit is designed for pilot scale work and may be used to process a wide variety of aqueous solutions using Microfiltration (MF), Ultrafiltration (UF), Nanofiltration (NF) and Reverse Osmosis (RJednostka pilota\u017cowa jest przeznaczona do pracy na skal\u0119 pilota\u017cow\u0105 i mo\u017ce by\u0107 u\u017cywana do stosowana do szerokiej gamy cieczy przy u\u017cyciu mikrofiltracji (MF), ultrafiltracji (UF), nanofiltracji (NF) i odwr\u00f3conej osmozy (RO).<\/p>\n\n\n<p><a href=\"https:\/\/www.pcimembranes.com\/pl\/moduly-do-testowania-membran\/jednostki-pilotazowe\/\">DOWIEDZ SI\u0118 WI\u0118CEJ<\/a><\/p>\n\n<\/div><\/div>\n","protected":false},"excerpt":{"rendered":"<p>POROZMAWIAJ Z NASZYM EKSPERTEM Modu\u0142y Testowe Dostosuj Efektywny System Membranowy While many applications can benefit from a more or less standard filtration system, other situations may demand a Podczas gdy wiele aplikacji mo\u017ce skorzysta\u0107 z mniej lub bardziej standardowego systemu filtracji, inne sytuacje mog\u0105 wymaga\u0107 niestandardowego rozwi\u0105zania, z obszernymi testami poligonowymi prowadzonymi na terenie zak\u0142adu. [&hellip;]<\/p>\n","protected":false},"author":9,"featured_media":0,"parent":0,"menu_order":0,"comment_status":"closed","ping_status":"closed","template":"","meta":{"_acf_changed":false,"content-type":"","footnotes":""},"class_list":["post-4252","page","type-page","status-publish","hentry"],"acf":[],"yoast_head":"<!-- This site is optimized with the Yoast SEO plugin v27.3 - https:\/\/yoast.com\/product\/yoast-seo-wordpress\/ -->\n<title>Modu\u0142y do \u200b\u200bTestowania Membran - PCI Membranes<\/title>\n<meta name=\"robots\" content=\"index, follow, max-snippet:-1, max-image-preview:large, max-video-preview:-1\" \/>\n<link rel=\"canonical\" href=\"https:\/\/www.pcimembranes.com\/pl\/moduly-do-testowania-membran\/\" \/>\n<meta property=\"og:locale\" content=\"pl_PL\" \/>\n<meta property=\"og:type\" content=\"article\" \/>\n<meta property=\"og:title\" content=\"Modu\u0142y do \u200b\u200bTestowania Membran - PCI Membranes\" \/>\n<meta property=\"og:description\" content=\"POROZMAWIAJ Z NASZYM EKSPERTEM Modu\u0142y Testowe Dostosuj Efektywny System Membranowy While many applications can benefit from a more or less standard filtration system, other situations may demand a Podczas gdy wiele aplikacji mo\u017ce skorzysta\u0107 z mniej lub bardziej standardowego systemu filtracji, inne sytuacje mog\u0105 wymaga\u0107 niestandardowego rozwi\u0105zania, z obszernymi testami poligonowymi prowadzonymi na terenie zak\u0142adu. [&hellip;]\" \/>\n<meta property=\"og:url\" content=\"https:\/\/www.pcimembranes.com\/pl\/moduly-do-testowania-membran\/\" \/>\n<meta property=\"og:site_name\" content=\"PCI Membranes\" \/>\n<meta property=\"article:modified_time\" content=\"2025-07-25T09:56:30+00:00\" \/>\n<meta name=\"twitter:card\" content=\"summary_large_image\" \/>\n<meta name=\"twitter:label1\" content=\"Szacowany czas czytania\" \/>\n\t<meta name=\"twitter:data1\" content=\"5 minut\" \/>\n<script type=\"application\/ld+json\" class=\"yoast-schema-graph\">{\"@context\":\"https:\\\/\\\/schema.org\",\"@graph\":[{\"@type\":\"WebPage\",\"@id\":\"https:\\\/\\\/www.pcimembranes.com\\\/pl\\\/moduly-do-testowania-membran\\\/\",\"url\":\"https:\\\/\\\/www.pcimembranes.com\\\/pl\\\/moduly-do-testowania-membran\\\/\",\"name\":\"Modu\u0142y do \u200b\u200bTestowania Membran - PCI Membranes\",\"isPartOf\":{\"@id\":\"https:\\\/\\\/www.pcimembranes.com\\\/pl\\\/#website\"},\"primaryImageOfPage\":{\"@id\":\"https:\\\/\\\/www.pcimembranes.com\\\/pl\\\/moduly-do-testowania-membran\\\/#primaryimage\"},\"image\":{\"@id\":\"https:\\\/\\\/www.pcimembranes.com\\\/pl\\\/moduly-do-testowania-membran\\\/#primaryimage\"},\"thumbnailUrl\":\"https:\\\/\\\/www.zinga.com\\\/wp-content\\\/uploads\\\/2020\\\/08\\\/Gen2-Web-Banner-origional.jpg\",\"datePublished\":\"2022-03-16T13:20:59+00:00\",\"dateModified\":\"2025-07-25T09:56:30+00:00\",\"breadcrumb\":{\"@id\":\"https:\\\/\\\/www.pcimembranes.com\\\/pl\\\/moduly-do-testowania-membran\\\/#breadcrumb\"},\"inLanguage\":\"pl-PL\",\"potentialAction\":[{\"@type\":\"ReadAction\",\"target\":[\"https:\\\/\\\/www.pcimembranes.com\\\/pl\\\/moduly-do-testowania-membran\\\/\"]}]},{\"@type\":\"ImageObject\",\"inLanguage\":\"pl-PL\",\"@id\":\"https:\\\/\\\/www.pcimembranes.com\\\/pl\\\/moduly-do-testowania-membran\\\/#primaryimage\",\"url\":\"https:\\\/\\\/www.zinga.com\\\/wp-content\\\/uploads\\\/2020\\\/08\\\/Gen2-Web-Banner-origional.jpg\",\"contentUrl\":\"https:\\\/\\\/www.zinga.com\\\/wp-content\\\/uploads\\\/2020\\\/08\\\/Gen2-Web-Banner-origional.jpg\"},{\"@type\":\"BreadcrumbList\",\"@id\":\"https:\\\/\\\/www.pcimembranes.com\\\/pl\\\/moduly-do-testowania-membran\\\/#breadcrumb\",\"itemListElement\":[{\"@type\":\"ListItem\",\"position\":1,\"name\":\"\",\"item\":\"https:\\\/\\\/www.pcimembranes.com\\\/pl\\\/\"},{\"@type\":\"ListItem\",\"position\":2,\"name\":\"Modu\u0142y do \u200b\u200bTestowania Membran\"}]},{\"@type\":\"WebSite\",\"@id\":\"https:\\\/\\\/www.pcimembranes.com\\\/pl\\\/#website\",\"url\":\"https:\\\/\\\/www.pcimembranes.com\\\/pl\\\/\",\"name\":\"PCI Membranes\",\"description\":\"Making the World Safer, Healthier and More Productive\",\"publisher\":{\"@id\":\"https:\\\/\\\/www.pcimembranes.com\\\/pl\\\/#organization\"},\"potentialAction\":[{\"@type\":\"SearchAction\",\"target\":{\"@type\":\"EntryPoint\",\"urlTemplate\":\"https:\\\/\\\/www.pcimembranes.com\\\/pl\\\/?s={search_term_string}\"},\"query-input\":{\"@type\":\"PropertyValueSpecification\",\"valueRequired\":true,\"valueName\":\"search_term_string\"}}],\"inLanguage\":\"pl-PL\"},{\"@type\":\"Organization\",\"@id\":\"https:\\\/\\\/www.pcimembranes.com\\\/pl\\\/#organization\",\"name\":\"Filtration Group\",\"url\":\"https:\\\/\\\/www.pcimembranes.com\\\/pl\\\/\",\"logo\":{\"@type\":\"ImageObject\",\"inLanguage\":\"pl-PL\",\"@id\":\"https:\\\/\\\/www.pcimembranes.com\\\/pl\\\/#\\\/schema\\\/logo\\\/image\\\/\",\"url\":\"https:\\\/\\\/www.pcimembranes.com\\\/wp-content\\\/uploads\\\/2019\\\/06\\\/FGC-logo-1.png\",\"contentUrl\":\"https:\\\/\\\/www.pcimembranes.com\\\/wp-content\\\/uploads\\\/2019\\\/06\\\/FGC-logo-1.png\",\"width\":1104,\"height\":224,\"caption\":\"Filtration Group\"},\"image\":{\"@id\":\"https:\\\/\\\/www.pcimembranes.com\\\/pl\\\/#\\\/schema\\\/logo\\\/image\\\/\"}}]}<\/script>\n<!-- \/ Yoast SEO plugin. -->","yoast_head_json":{"title":"Modu\u0142y do \u200b\u200bTestowania Membran - PCI Membranes","robots":{"index":"index","follow":"follow","max-snippet":"max-snippet:-1","max-image-preview":"max-image-preview:large","max-video-preview":"max-video-preview:-1"},"canonical":"https:\/\/www.pcimembranes.com\/pl\/moduly-do-testowania-membran\/","og_locale":"pl_PL","og_type":"article","og_title":"Modu\u0142y do \u200b\u200bTestowania Membran - PCI Membranes","og_description":"POROZMAWIAJ Z NASZYM EKSPERTEM Modu\u0142y Testowe Dostosuj Efektywny System Membranowy While many applications can benefit from a more or less standard filtration system, other situations may demand a Podczas gdy wiele aplikacji mo\u017ce skorzysta\u0107 z mniej lub bardziej standardowego systemu filtracji, inne sytuacje mog\u0105 wymaga\u0107 niestandardowego rozwi\u0105zania, z obszernymi testami poligonowymi prowadzonymi na terenie zak\u0142adu. [&hellip;]","og_url":"https:\/\/www.pcimembranes.com\/pl\/moduly-do-testowania-membran\/","og_site_name":"PCI Membranes","article_modified_time":"2025-07-25T09:56:30+00:00","twitter_card":"summary_large_image","twitter_misc":{"Szacowany czas czytania":"5 minut"},"schema":{"@context":"https:\/\/schema.org","@graph":[{"@type":"WebPage","@id":"https:\/\/www.pcimembranes.com\/pl\/moduly-do-testowania-membran\/","url":"https:\/\/www.pcimembranes.com\/pl\/moduly-do-testowania-membran\/","name":"Modu\u0142y do \u200b\u200bTestowania Membran - PCI Membranes","isPartOf":{"@id":"https:\/\/www.pcimembranes.com\/pl\/#website"},"primaryImageOfPage":{"@id":"https:\/\/www.pcimembranes.com\/pl\/moduly-do-testowania-membran\/#primaryimage"},"image":{"@id":"https:\/\/www.pcimembranes.com\/pl\/moduly-do-testowania-membran\/#primaryimage"},"thumbnailUrl":"https:\/\/www.zinga.com\/wp-content\/uploads\/2020\/08\/Gen2-Web-Banner-origional.jpg","datePublished":"2022-03-16T13:20:59+00:00","dateModified":"2025-07-25T09:56:30+00:00","breadcrumb":{"@id":"https:\/\/www.pcimembranes.com\/pl\/moduly-do-testowania-membran\/#breadcrumb"},"inLanguage":"pl-PL","potentialAction":[{"@type":"ReadAction","target":["https:\/\/www.pcimembranes.com\/pl\/moduly-do-testowania-membran\/"]}]},{"@type":"ImageObject","inLanguage":"pl-PL","@id":"https:\/\/www.pcimembranes.com\/pl\/moduly-do-testowania-membran\/#primaryimage","url":"https:\/\/www.zinga.com\/wp-content\/uploads\/2020\/08\/Gen2-Web-Banner-origional.jpg","contentUrl":"https:\/\/www.zinga.com\/wp-content\/uploads\/2020\/08\/Gen2-Web-Banner-origional.jpg"},{"@type":"BreadcrumbList","@id":"https:\/\/www.pcimembranes.com\/pl\/moduly-do-testowania-membran\/#breadcrumb","itemListElement":[{"@type":"ListItem","position":1,"name":"","item":"https:\/\/www.pcimembranes.com\/pl\/"},{"@type":"ListItem","position":2,"name":"Modu\u0142y do \u200b\u200bTestowania Membran"}]},{"@type":"WebSite","@id":"https:\/\/www.pcimembranes.com\/pl\/#website","url":"https:\/\/www.pcimembranes.com\/pl\/","name":"PCI Membranes","description":"Making the World Safer, Healthier and More Productive","publisher":{"@id":"https:\/\/www.pcimembranes.com\/pl\/#organization"},"potentialAction":[{"@type":"SearchAction","target":{"@type":"EntryPoint","urlTemplate":"https:\/\/www.pcimembranes.com\/pl\/?s={search_term_string}"},"query-input":{"@type":"PropertyValueSpecification","valueRequired":true,"valueName":"search_term_string"}}],"inLanguage":"pl-PL"},{"@type":"Organization","@id":"https:\/\/www.pcimembranes.com\/pl\/#organization","name":"Filtration Group","url":"https:\/\/www.pcimembranes.com\/pl\/","logo":{"@type":"ImageObject","inLanguage":"pl-PL","@id":"https:\/\/www.pcimembranes.com\/pl\/#\/schema\/logo\/image\/","url":"https:\/\/www.pcimembranes.com\/wp-content\/uploads\/2019\/06\/FGC-logo-1.png","contentUrl":"https:\/\/www.pcimembranes.com\/wp-content\/uploads\/2019\/06\/FGC-logo-1.png","width":1104,"height":224,"caption":"Filtration Group"},"image":{"@id":"https:\/\/www.pcimembranes.com\/pl\/#\/schema\/logo\/image\/"}}]}},"_links":{"self":[{"href":"https:\/\/www.pcimembranes.com\/pl\/wp-json\/wp\/v2\/pages\/4252","targetHints":{"allow":["GET"]}}],"collection":[{"href":"https:\/\/www.pcimembranes.com\/pl\/wp-json\/wp\/v2\/pages"}],"about":[{"href":"https:\/\/www.pcimembranes.com\/pl\/wp-json\/wp\/v2\/types\/page"}],"author":[{"embeddable":true,"href":"https:\/\/www.pcimembranes.com\/pl\/wp-json\/wp\/v2\/users\/9"}],"replies":[{"embeddable":true,"href":"https:\/\/www.pcimembranes.com\/pl\/wp-json\/wp\/v2\/comments?post=4252"}],"version-history":[{"count":0,"href":"https:\/\/www.pcimembranes.com\/pl\/wp-json\/wp\/v2\/pages\/4252\/revisions"}],"wp:attachment":[{"href":"https:\/\/www.pcimembranes.com\/pl\/wp-json\/wp\/v2\/media?parent=4252"}],"curies":[{"name":"wp","href":"https:\/\/api.w.org\/{rel}","templated":true}]}}