{"id":4255,"date":"2022-03-16T13:21:49","date_gmt":"2022-03-16T13:21:49","guid":{"rendered":"https:\/\/www.pcimembranes.com\/?page_id=4255"},"modified":"2025-07-25T09:57:30","modified_gmt":"2025-07-25T09:57:30","slug":"modul-testowy-a-mini","status":"publish","type":"page","link":"https:\/\/www.pcimembranes.com\/pl\/moduly-do-testowania-membran\/modul-testowy-a-mini\/","title":{"rendered":"Modu\u0142 Testowy A MINI"},"content":{"rendered":"\n<div class=\"wp-block-cover alignfull has-background-dim-10 has-background-dim\" style=\"min-height:246px;aspect-ratio:unset;\"><img loading=\"lazy\" decoding=\"async\" width=\"1400\" height=\"787\" class=\"wp-block-cover__image-background wp-image-3982\" alt=\"\" src=\"https:\/\/www.pcimembranes.com\/wp-content\/uploads\/2021\/08\/MicrosoftTeams-image-_2.jpg\" style=\"object-position:36% 41%\" data-object-fit=\"cover\" data-object-position=\"36% 41%\" srcset=\"https:\/\/www.pcimembranes.com\/wp-content\/uploads\/2021\/08\/MicrosoftTeams-image-_2.jpg 1400w, https:\/\/www.pcimembranes.com\/wp-content\/uploads\/2021\/08\/MicrosoftTeams-image-_2-300x169.jpg 300w, https:\/\/www.pcimembranes.com\/wp-content\/uploads\/2021\/08\/MicrosoftTeams-image-_2-1024x576.jpg 1024w, https:\/\/www.pcimembranes.com\/wp-content\/uploads\/2021\/08\/MicrosoftTeams-image-_2-768x432.jpg 768w\" sizes=\"auto, (max-width: 1400px) 100vw, 1400px\" \/><div class=\"wp-block-cover__inner-container is-layout-flow wp-block-cover-is-layout-flow\">\n\n<h1 class=\"has-text-align-center wp-block-heading\">Modu\u0142 Testowy A MINI<\/h1>\n\n<\/div><\/div>\n\n\n\n<!--Close-->\t\n<\/div><\/div><\/section>\n<!--Menu-->\n<div class=\"no-top-margin\">\n<div class=\"msb-sticky-bar\">\n<div class=\"container\">\n  <div class=\"row\">\n    <div class=\"col-sm text-center\">\n      <a href=\"https:\/\/www.pcimembranes.com\/contactus\/\" class=\"btn btn-primary solution-trigger\">POROZMAWIAJ Z NASZYM EKSPERTEM<\/a>\n    <\/div>\n  <\/div>\n<\/div>\n<\/div>\n<\/div>\n<!--Open-->\n<section class=\"container\"><div class=\"row\"><div class=\"col-md-12\">\n\n\n\n<h2 class=\"wp-block-heading\">Modu\u0142 Testowy A MINI<\/h2>\n\n\n\n<p>Modu\u0142 A MINI jest przeznaczony do oceny w skali laboratoryjnej zastosowa\u0144 membran ultrafiltracyjnych z umiarkowanymi poziomami zawiesin sta\u0142ych. Sk\u0142ada si\u0119 z 5 sztuk tubularnych membran o \u015brednicy 6 mm umieszczonych w plastikowej rurze o nominalnej \u015brednicy 1 cala, o ca\u0142kowitej d\u0142ugo\u015bci 1.2 metra i powierzchni membrany 0.1 m2.<\/p>\n\n\n\n<p>Ten modu\u0142 testowy mo\u017ce pracowa\u0107 pod ci\u015bnieniem 10 bar\u00f3w w temperaturze do 50\u00b0C i jest dost\u0119pny w standardowym zakresie membran tubularnych dost\u0119pnych dla modu\u0142u A.<\/p>\n\n\n\n<p>Modu\u0142y mog\u0105 by\u0107 u\u017cywane pojedynczo lub po\u0142\u0105czone szeregowo a nawet r\u00f3wnolegle, w zale\u017cno\u015bci od przep\u0142yw\u00f3w i ci\u015bnie\u0144 dost\u0119pnych na stanowisku badawczym, na kt\u00f3rym s\u0105 zamontowane.<\/p>\n\n\n\n<div class=\"wp-block-columns has-2-columns is-layout-flex wp-container-core-columns-is-layout-9d6595d7 wp-block-columns-is-layout-flex\">\n<div class=\"wp-block-column is-layout-flow wp-block-column-is-layout-flow\">\n<figure class=\"wp-block-image\"><img loading=\"lazy\" decoding=\"async\" width=\"500\" height=\"515\" src=\"https:\/\/www.pcimembranes.com\/wp-content\/uploads\/2019\/10\/A5_Mini_Cropped-1.jpg\" alt=\"\" class=\"wp-image-3433\" srcset=\"https:\/\/www.pcimembranes.com\/wp-content\/uploads\/2019\/10\/A5_Mini_Cropped-1.jpg 500w, https:\/\/www.pcimembranes.com\/wp-content\/uploads\/2019\/10\/A5_Mini_Cropped-1-291x300.jpg 291w\" sizes=\"auto, (max-width: 500px) 100vw, 500px\" \/><\/figure>\n<\/div>\n\n\n\n<div class=\"wp-block-column is-layout-flow wp-block-column-is-layout-flow\">\n<figure class=\"wp-block-image\"><img loading=\"lazy\" decoding=\"async\" width=\"500\" height=\"244\" src=\"https:\/\/www.pcimembranes.com\/wp-content\/uploads\/2019\/10\/A5_Mini_drawing.jpg\" alt=\"\" class=\"wp-image-3434\" srcset=\"https:\/\/www.pcimembranes.com\/wp-content\/uploads\/2019\/10\/A5_Mini_drawing.jpg 500w, https:\/\/www.pcimembranes.com\/wp-content\/uploads\/2019\/10\/A5_Mini_drawing-300x146.jpg 300w\" sizes=\"auto, (max-width: 500px) 100vw, 500px\" \/><\/figure>\n<\/div>\n<\/div>\n\n\n\n<div style=\"height:50px\" aria-hidden=\"true\" class=\"wp-block-spacer\"><\/div>\n\n\n\n<div class=\"wp-block-file\"><a href=\"https:\/\/www.pcimembranes.com\/wp-content\/uploads\/2019\/10\/PCI-A-Series-Mini-Module-DS-130122.pdf\" target=\"_blank\" rel=\"noreferrer noopener\">INFORMACJE O PRODUKCIE Z SERII A5 MINI <\/a><a href=\"https:\/\/www.pcimembranes.com\/wp-content\/uploads\/2019\/10\/PCI-A-Series-Mini-Module-DS-130122.pdf\" class=\"wp-block-file__button wp-element-button\" download>POBIERZ<\/a><\/div>\n\n\n\n<div style=\"height:100px\" aria-hidden=\"true\" class=\"wp-block-spacer\"><\/div>\n","protected":false},"excerpt":{"rendered":"<p>POROZMAWIAJ Z NASZYM EKSPERTEM Modu\u0142 Testowy A MINI Modu\u0142 A MINI jest przeznaczony do oceny w skali laboratoryjnej zastosowa\u0144 membran ultrafiltracyjnych z umiarkowanymi poziomami zawiesin sta\u0142ych. Sk\u0142ada si\u0119 z 5 sztuk tubularnych membran o \u015brednicy 6 mm umieszczonych w plastikowej rurze o nominalnej \u015brednicy 1 cala, o ca\u0142kowitej d\u0142ugo\u015bci 1.2 metra i powierzchni membrany 0.1 [&hellip;]<\/p>\n","protected":false},"author":9,"featured_media":0,"parent":4252,"menu_order":0,"comment_status":"closed","ping_status":"closed","template":"","meta":{"_acf_changed":false,"content-type":"","footnotes":""},"class_list":["post-4255","page","type-page","status-publish","hentry"],"acf":[],"yoast_head":"<!-- This site is optimized with the Yoast SEO plugin v27.3 - https:\/\/yoast.com\/product\/yoast-seo-wordpress\/ -->\n<title>Modu\u0142 Testowy A MINI - PCI Membranes<\/title>\n<meta name=\"robots\" content=\"index, follow, max-snippet:-1, max-image-preview:large, max-video-preview:-1\" \/>\n<link rel=\"canonical\" href=\"https:\/\/www.pcimembranes.com\/pl\/moduly-do-testowania-membran\/modul-testowy-a-mini\/\" \/>\n<meta property=\"og:locale\" content=\"pl_PL\" \/>\n<meta property=\"og:type\" content=\"article\" \/>\n<meta property=\"og:title\" content=\"Modu\u0142 Testowy A MINI - PCI Membranes\" \/>\n<meta property=\"og:description\" content=\"POROZMAWIAJ Z NASZYM EKSPERTEM Modu\u0142 Testowy A MINI Modu\u0142 A MINI jest przeznaczony do oceny w skali laboratoryjnej zastosowa\u0144 membran ultrafiltracyjnych z umiarkowanymi poziomami zawiesin sta\u0142ych. Sk\u0142ada si\u0119 z 5 sztuk tubularnych membran o \u015brednicy 6 mm umieszczonych w plastikowej rurze o nominalnej \u015brednicy 1 cala, o ca\u0142kowitej d\u0142ugo\u015bci 1.2 metra i powierzchni membrany 0.1 [&hellip;]\" \/>\n<meta property=\"og:url\" content=\"https:\/\/www.pcimembranes.com\/pl\/moduly-do-testowania-membran\/modul-testowy-a-mini\/\" \/>\n<meta property=\"og:site_name\" content=\"PCI Membranes\" \/>\n<meta property=\"article:modified_time\" content=\"2025-07-25T09:57:30+00:00\" \/>\n<meta property=\"og:image\" content=\"https:\/\/www.pcimembranes.com\/wp-content\/uploads\/2021\/08\/MicrosoftTeams-image-_2.jpg\" \/>\n\t<meta property=\"og:image:width\" content=\"1400\" \/>\n\t<meta property=\"og:image:height\" content=\"787\" \/>\n\t<meta property=\"og:image:type\" content=\"image\/jpeg\" \/>\n<meta name=\"twitter:card\" content=\"summary_large_image\" \/>\n<meta name=\"twitter:label1\" content=\"Szacowany czas czytania\" \/>\n\t<meta name=\"twitter:data1\" content=\"2 minuty\" \/>\n<script type=\"application\/ld+json\" class=\"yoast-schema-graph\">{\"@context\":\"https:\\\/\\\/schema.org\",\"@graph\":[{\"@type\":\"WebPage\",\"@id\":\"https:\\\/\\\/www.pcimembranes.com\\\/pl\\\/moduly-do-testowania-membran\\\/modul-testowy-a-mini\\\/\",\"url\":\"https:\\\/\\\/www.pcimembranes.com\\\/pl\\\/moduly-do-testowania-membran\\\/modul-testowy-a-mini\\\/\",\"name\":\"Modu\u0142 Testowy A MINI - PCI Membranes\",\"isPartOf\":{\"@id\":\"https:\\\/\\\/www.pcimembranes.com\\\/pl\\\/#website\"},\"primaryImageOfPage\":{\"@id\":\"https:\\\/\\\/www.pcimembranes.com\\\/pl\\\/moduly-do-testowania-membran\\\/modul-testowy-a-mini\\\/#primaryimage\"},\"image\":{\"@id\":\"https:\\\/\\\/www.pcimembranes.com\\\/pl\\\/moduly-do-testowania-membran\\\/modul-testowy-a-mini\\\/#primaryimage\"},\"thumbnailUrl\":\"https:\\\/\\\/www.pcimembranes.com\\\/wp-content\\\/uploads\\\/2021\\\/08\\\/MicrosoftTeams-image-_2.jpg\",\"datePublished\":\"2022-03-16T13:21:49+00:00\",\"dateModified\":\"2025-07-25T09:57:30+00:00\",\"breadcrumb\":{\"@id\":\"https:\\\/\\\/www.pcimembranes.com\\\/pl\\\/moduly-do-testowania-membran\\\/modul-testowy-a-mini\\\/#breadcrumb\"},\"inLanguage\":\"pl-PL\",\"potentialAction\":[{\"@type\":\"ReadAction\",\"target\":[\"https:\\\/\\\/www.pcimembranes.com\\\/pl\\\/moduly-do-testowania-membran\\\/modul-testowy-a-mini\\\/\"]}]},{\"@type\":\"ImageObject\",\"inLanguage\":\"pl-PL\",\"@id\":\"https:\\\/\\\/www.pcimembranes.com\\\/pl\\\/moduly-do-testowania-membran\\\/modul-testowy-a-mini\\\/#primaryimage\",\"url\":\"https:\\\/\\\/www.pcimembranes.com\\\/wp-content\\\/uploads\\\/2021\\\/08\\\/MicrosoftTeams-image-_2.jpg\",\"contentUrl\":\"https:\\\/\\\/www.pcimembranes.com\\\/wp-content\\\/uploads\\\/2021\\\/08\\\/MicrosoftTeams-image-_2.jpg\"},{\"@type\":\"BreadcrumbList\",\"@id\":\"https:\\\/\\\/www.pcimembranes.com\\\/pl\\\/moduly-do-testowania-membran\\\/modul-testowy-a-mini\\\/#breadcrumb\",\"itemListElement\":[{\"@type\":\"ListItem\",\"position\":1,\"name\":\"\",\"item\":\"https:\\\/\\\/www.pcimembranes.com\\\/pl\\\/\"},{\"@type\":\"ListItem\",\"position\":2,\"name\":\"Modu\u0142y do \u200b\u200bTestowania Membran\",\"item\":\"https:\\\/\\\/www.pcimembranes.com\\\/pl\\\/moduly-do-testowania-membran\\\/\"},{\"@type\":\"ListItem\",\"position\":3,\"name\":\"Modu\u0142 Testowy A MINI\"}]},{\"@type\":\"WebSite\",\"@id\":\"https:\\\/\\\/www.pcimembranes.com\\\/pl\\\/#website\",\"url\":\"https:\\\/\\\/www.pcimembranes.com\\\/pl\\\/\",\"name\":\"PCI Membranes\",\"description\":\"Making the World Safer, Healthier and More Productive\",\"publisher\":{\"@id\":\"https:\\\/\\\/www.pcimembranes.com\\\/pl\\\/#organization\"},\"potentialAction\":[{\"@type\":\"SearchAction\",\"target\":{\"@type\":\"EntryPoint\",\"urlTemplate\":\"https:\\\/\\\/www.pcimembranes.com\\\/pl\\\/?s={search_term_string}\"},\"query-input\":{\"@type\":\"PropertyValueSpecification\",\"valueRequired\":true,\"valueName\":\"search_term_string\"}}],\"inLanguage\":\"pl-PL\"},{\"@type\":\"Organization\",\"@id\":\"https:\\\/\\\/www.pcimembranes.com\\\/pl\\\/#organization\",\"name\":\"Filtration Group\",\"url\":\"https:\\\/\\\/www.pcimembranes.com\\\/pl\\\/\",\"logo\":{\"@type\":\"ImageObject\",\"inLanguage\":\"pl-PL\",\"@id\":\"https:\\\/\\\/www.pcimembranes.com\\\/pl\\\/#\\\/schema\\\/logo\\\/image\\\/\",\"url\":\"https:\\\/\\\/www.pcimembranes.com\\\/wp-content\\\/uploads\\\/2019\\\/06\\\/FGC-logo-1.png\",\"contentUrl\":\"https:\\\/\\\/www.pcimembranes.com\\\/wp-content\\\/uploads\\\/2019\\\/06\\\/FGC-logo-1.png\",\"width\":1104,\"height\":224,\"caption\":\"Filtration Group\"},\"image\":{\"@id\":\"https:\\\/\\\/www.pcimembranes.com\\\/pl\\\/#\\\/schema\\\/logo\\\/image\\\/\"}}]}<\/script>\n<!-- \/ Yoast SEO plugin. -->","yoast_head_json":{"title":"Modu\u0142 Testowy A MINI - PCI Membranes","robots":{"index":"index","follow":"follow","max-snippet":"max-snippet:-1","max-image-preview":"max-image-preview:large","max-video-preview":"max-video-preview:-1"},"canonical":"https:\/\/www.pcimembranes.com\/pl\/moduly-do-testowania-membran\/modul-testowy-a-mini\/","og_locale":"pl_PL","og_type":"article","og_title":"Modu\u0142 Testowy A MINI - PCI Membranes","og_description":"POROZMAWIAJ Z NASZYM EKSPERTEM Modu\u0142 Testowy A MINI Modu\u0142 A MINI jest przeznaczony do oceny w skali laboratoryjnej zastosowa\u0144 membran ultrafiltracyjnych z umiarkowanymi poziomami zawiesin sta\u0142ych. Sk\u0142ada si\u0119 z 5 sztuk tubularnych membran o \u015brednicy 6 mm umieszczonych w plastikowej rurze o nominalnej \u015brednicy 1 cala, o ca\u0142kowitej d\u0142ugo\u015bci 1.2 metra i powierzchni membrany 0.1 [&hellip;]","og_url":"https:\/\/www.pcimembranes.com\/pl\/moduly-do-testowania-membran\/modul-testowy-a-mini\/","og_site_name":"PCI Membranes","article_modified_time":"2025-07-25T09:57:30+00:00","og_image":[{"width":1400,"height":787,"url":"https:\/\/www.pcimembranes.com\/wp-content\/uploads\/2021\/08\/MicrosoftTeams-image-_2.jpg","type":"image\/jpeg"}],"twitter_card":"summary_large_image","twitter_misc":{"Szacowany czas czytania":"2 minuty"},"schema":{"@context":"https:\/\/schema.org","@graph":[{"@type":"WebPage","@id":"https:\/\/www.pcimembranes.com\/pl\/moduly-do-testowania-membran\/modul-testowy-a-mini\/","url":"https:\/\/www.pcimembranes.com\/pl\/moduly-do-testowania-membran\/modul-testowy-a-mini\/","name":"Modu\u0142 Testowy A MINI - PCI Membranes","isPartOf":{"@id":"https:\/\/www.pcimembranes.com\/pl\/#website"},"primaryImageOfPage":{"@id":"https:\/\/www.pcimembranes.com\/pl\/moduly-do-testowania-membran\/modul-testowy-a-mini\/#primaryimage"},"image":{"@id":"https:\/\/www.pcimembranes.com\/pl\/moduly-do-testowania-membran\/modul-testowy-a-mini\/#primaryimage"},"thumbnailUrl":"https:\/\/www.pcimembranes.com\/wp-content\/uploads\/2021\/08\/MicrosoftTeams-image-_2.jpg","datePublished":"2022-03-16T13:21:49+00:00","dateModified":"2025-07-25T09:57:30+00:00","breadcrumb":{"@id":"https:\/\/www.pcimembranes.com\/pl\/moduly-do-testowania-membran\/modul-testowy-a-mini\/#breadcrumb"},"inLanguage":"pl-PL","potentialAction":[{"@type":"ReadAction","target":["https:\/\/www.pcimembranes.com\/pl\/moduly-do-testowania-membran\/modul-testowy-a-mini\/"]}]},{"@type":"ImageObject","inLanguage":"pl-PL","@id":"https:\/\/www.pcimembranes.com\/pl\/moduly-do-testowania-membran\/modul-testowy-a-mini\/#primaryimage","url":"https:\/\/www.pcimembranes.com\/wp-content\/uploads\/2021\/08\/MicrosoftTeams-image-_2.jpg","contentUrl":"https:\/\/www.pcimembranes.com\/wp-content\/uploads\/2021\/08\/MicrosoftTeams-image-_2.jpg"},{"@type":"BreadcrumbList","@id":"https:\/\/www.pcimembranes.com\/pl\/moduly-do-testowania-membran\/modul-testowy-a-mini\/#breadcrumb","itemListElement":[{"@type":"ListItem","position":1,"name":"","item":"https:\/\/www.pcimembranes.com\/pl\/"},{"@type":"ListItem","position":2,"name":"Modu\u0142y do \u200b\u200bTestowania Membran","item":"https:\/\/www.pcimembranes.com\/pl\/moduly-do-testowania-membran\/"},{"@type":"ListItem","position":3,"name":"Modu\u0142 Testowy A MINI"}]},{"@type":"WebSite","@id":"https:\/\/www.pcimembranes.com\/pl\/#website","url":"https:\/\/www.pcimembranes.com\/pl\/","name":"PCI Membranes","description":"Making the World Safer, Healthier and More Productive","publisher":{"@id":"https:\/\/www.pcimembranes.com\/pl\/#organization"},"potentialAction":[{"@type":"SearchAction","target":{"@type":"EntryPoint","urlTemplate":"https:\/\/www.pcimembranes.com\/pl\/?s={search_term_string}"},"query-input":{"@type":"PropertyValueSpecification","valueRequired":true,"valueName":"search_term_string"}}],"inLanguage":"pl-PL"},{"@type":"Organization","@id":"https:\/\/www.pcimembranes.com\/pl\/#organization","name":"Filtration Group","url":"https:\/\/www.pcimembranes.com\/pl\/","logo":{"@type":"ImageObject","inLanguage":"pl-PL","@id":"https:\/\/www.pcimembranes.com\/pl\/#\/schema\/logo\/image\/","url":"https:\/\/www.pcimembranes.com\/wp-content\/uploads\/2019\/06\/FGC-logo-1.png","contentUrl":"https:\/\/www.pcimembranes.com\/wp-content\/uploads\/2019\/06\/FGC-logo-1.png","width":1104,"height":224,"caption":"Filtration Group"},"image":{"@id":"https:\/\/www.pcimembranes.com\/pl\/#\/schema\/logo\/image\/"}}]}},"_links":{"self":[{"href":"https:\/\/www.pcimembranes.com\/pl\/wp-json\/wp\/v2\/pages\/4255","targetHints":{"allow":["GET"]}}],"collection":[{"href":"https:\/\/www.pcimembranes.com\/pl\/wp-json\/wp\/v2\/pages"}],"about":[{"href":"https:\/\/www.pcimembranes.com\/pl\/wp-json\/wp\/v2\/types\/page"}],"author":[{"embeddable":true,"href":"https:\/\/www.pcimembranes.com\/pl\/wp-json\/wp\/v2\/users\/9"}],"replies":[{"embeddable":true,"href":"https:\/\/www.pcimembranes.com\/pl\/wp-json\/wp\/v2\/comments?post=4255"}],"version-history":[{"count":0,"href":"https:\/\/www.pcimembranes.com\/pl\/wp-json\/wp\/v2\/pages\/4255\/revisions"}],"up":[{"embeddable":true,"href":"https:\/\/www.pcimembranes.com\/pl\/wp-json\/wp\/v2\/pages\/4252"}],"wp:attachment":[{"href":"https:\/\/www.pcimembranes.com\/pl\/wp-json\/wp\/v2\/media?parent=4255"}],"curies":[{"name":"wp","href":"https:\/\/api.w.org\/{rel}","templated":true}]}}