{"id":4259,"date":"2022-03-16T13:21:29","date_gmt":"2022-03-16T13:21:29","guid":{"rendered":"https:\/\/www.pcimembranes.com\/?page_id=4259"},"modified":"2025-07-25T09:58:11","modified_gmt":"2025-07-25T09:58:11","slug":"jednostki-pilotazowe","status":"publish","type":"page","link":"https:\/\/www.pcimembranes.com\/pl\/moduly-do-testowania-membran\/jednostki-pilotazowe\/","title":{"rendered":"Jednostki Pilota\u017cowe"},"content":{"rendered":"\n<div class=\"wp-block-cover alignfull has-background-dim-10 has-background-dim\" style=\"min-height:259px;aspect-ratio:unset;\"><img loading=\"lazy\" decoding=\"async\" width=\"1400\" height=\"787\" class=\"wp-block-cover__image-background wp-image-3982\" alt=\"\" src=\"https:\/\/www.pcimembranes.com\/wp-content\/uploads\/2021\/08\/MicrosoftTeams-image-_2.jpg\" data-object-fit=\"cover\" srcset=\"https:\/\/www.pcimembranes.com\/wp-content\/uploads\/2021\/08\/MicrosoftTeams-image-_2.jpg 1400w, https:\/\/www.pcimembranes.com\/wp-content\/uploads\/2021\/08\/MicrosoftTeams-image-_2-300x169.jpg 300w, https:\/\/www.pcimembranes.com\/wp-content\/uploads\/2021\/08\/MicrosoftTeams-image-_2-1024x576.jpg 1024w, https:\/\/www.pcimembranes.com\/wp-content\/uploads\/2021\/08\/MicrosoftTeams-image-_2-768x432.jpg 768w\" sizes=\"auto, (max-width: 1400px) 100vw, 1400px\" \/><div class=\"wp-block-cover__inner-container is-layout-flow wp-block-cover-is-layout-flow\">\n\n<h1 class=\"has-text-align-center wp-block-heading\">Jednostki Pilota\u017cowe<\/h1>\n\n<\/div><\/div>\n\n\n\n<!--Close-->\t\n<\/div><\/div><\/section>\n<!--Menu-->\n<div class=\"no-top-margin\">\n<div class=\"msb-sticky-bar\">\n<div class=\"container\">\n  <div class=\"row\">\n    <div class=\"col-sm text-center\">\n      <a href=\"https:\/\/www.pcimembranes.com\/contactus\/\" class=\"btn btn-primary solution-trigger\">POROZMAWIAJ Z NASZYM EKSPERTEM<\/a>\n    <\/div>\n  <\/div>\n<\/div>\n<\/div>\n<\/div>\n<!--Open-->\n<section class=\"container\"><div class=\"row\"><div class=\"col-md-12\">\n\n\n\n<h2 class=\"wp-block-heading\">Jednostki Pilota\u017cowe<\/h2>\n\n\n\n<h3 class=\"wp-block-heading\">Produkcja i Prowadzenie Procesu w Skali Pilota\u017cowej<\/h3>\n\n\n\n<p>Firma PCI Membranes mo\u017ce zarekomendowa\u0107 najbardziej odpowiedni typ membrany i modu\u0142u do danego zastosowania. Mo\u017ce r\u00f3wnie\u017c dostarczy\u0107 programy testowe, a na podstawie ze zebranych danych zaprojektowa\u0107 system na pe\u0142n\u0105 skal\u0119 z kosztorysami bud\u017cetowymi lub zakupowymi.<\/p>\n\n\n\n<p>Jednostka pilota\u017cowa jest przeznaczona do pracy na skal\u0119 pilota\u017cow\u0105 i mo\u017ce by\u0107 u\u017cywana do produkcji szerokiej gamy roztwor\u00f3w wodnych przy u\u017cyciu mikrofiltracji (MF), ultrafiltracji (UF), nanofiltracji (NF) i odwr\u00f3conej osmozy (RO). Dost\u0119pna jest szeroka gama membran tubularnych dopasowanych do wymaganego zastosowania.<\/p>\n\n\n\n<p>Oba rozwi\u0105zania s\u0105 dostarczane z oprzyrz\u0105dowaniem niezb\u0119dnym do dok\u0142adnego i \u0142atwego gromadzenia danych na wi\u0119ksz\u0105 skal\u0119. Dost\u0119pne jest dostosowywanie, aby umo\u017cliwi\u0107 stosowanie w ma\u0142ej produkcji w trybie ci\u0105g\u0142ym, p\u00f3\u0142ci\u0105g\u0142ym lub wsadowym.<\/p>\n\n\n\n<ul class=\"wp-block-list\">\n<li>1 x modu\u0142 tubularny typu PCI MICRO 240 o d\u0142ugo\u015bci 30cm i powierzchni filtracyjnej 0.024m2 (ocena kr\u00f3tkoterminowa)<\/li>\n\n\n\n<li>1 x modu\u0142 tubularny typu PCI B1 o d\u0142ugo\u015bci 1.2m i powierzchni filtracyjnej 0.9 m2 (wszystkie zastosowania)<\/li>\n\n\n\n<li>3 x modu\u0142y tubularne typu PCI B1 o d\u0142ugo\u015bci 12\u2032 (3.6m) z ko\u0144cowymi pokrywami z przep\u0142ywem z dwoma wej\u015bciami o powierzchni filtracyjnej 7.8m2 (tylko aplikacja UF)<\/li>\n\n\n\n<li>Do 6 modu\u0142\u00f3w tubularnych typu PCI B1 o d\u0142ugo\u015bci 3.6m, co daje ca\u0142kowit\u0105 powierzchni\u0119 filtracyjn\u0105 15.6m2 (tylko aplikacje RO i NF)<\/li>\n\n\n\n<li>2 x modu\u0142y tubularne typu PCI C10 o d\u0142ugo\u015bci 1.8m, daj\u0105ce \u0142\u0105czn\u0105 powierzchni\u0119 filtracyjn\u0105 10.3m2 (tylko zastosowanie NF i UF dla wody pitnej)<\/li>\n<\/ul>\n\n\n\n<div class=\"wp-block-columns has-2-columns is-layout-flex wp-container-core-columns-is-layout-9d6595d7 wp-block-columns-is-layout-flex\">\n<div class=\"wp-block-column is-layout-flow wp-block-column-is-layout-flow\">\n<div class=\"wp-block-group alignwide\"><div class=\"wp-block-group__inner-container is-layout-flow wp-block-group-is-layout-flow\">\n<div class=\"wp-block-media-text alignwide has-media-on-the-right is-stacked-on-mobile is-vertically-aligned-center\"><figure class=\"wp-block-media-text__media\"><img loading=\"lazy\" decoding=\"async\" width=\"500\" height=\"317\" src=\"https:\/\/www.pcimembranes.com\/wp-content\/uploads\/2020\/11\/B1_Pilot_Plant_1_cropped.jpg\" alt=\"\" class=\"wp-image-3579 size-full\" srcset=\"https:\/\/www.pcimembranes.com\/wp-content\/uploads\/2020\/11\/B1_Pilot_Plant_1_cropped.jpg 500w, https:\/\/www.pcimembranes.com\/wp-content\/uploads\/2020\/11\/B1_Pilot_Plant_1_cropped-300x190.jpg 300w\" sizes=\"auto, (max-width: 500px) 100vw, 500px\" \/><\/figure><div class=\"wp-block-media-text__content\">\n\n<h2 class=\"wp-block-heading\">Pobierz Arkuszy Danych Stacji Pilota\u017cowej<\/h2>\n\n\n<figure class=\"wp-block-table alignleft is-style-stripes\"><table class=\"has-background has-fixed-layout\" style=\"background-color:#e7f5fe\"><tbody><tr><td class=\"has-text-align-center\" data-align=\"center\"><a href=\"https:\/\/www.pcimembranes.com\/wp-content\/uploads\/2020\/11\/2020-11-11-BROBUF-08-PCI-Pilot-Datasheets.pdf\">BRO\/BUF 08<\/a><\/td><td class=\"has-text-align-center\" data-align=\"center\"><a href=\"https:\/\/www.pcimembranes.com\/wp-content\/uploads\/2020\/11\/2020-11-11-BROBUF-11-PCI-Pilot-Datasheets.pdf\">BRO\/BUF 11<\/a><\/td><td class=\"has-text-align-center\" data-align=\"center\"><a href=\"https:\/\/www.pcimembranes.com\/wp-content\/uploads\/2020\/11\/2020-11-11-Micro-240-PCI-Pilot-Datasheets.pdf\">Micro 240<\/a><\/td><\/tr><tr><td class=\"has-text-align-center\" data-align=\"center\"><a href=\"https:\/\/www.pcimembranes.com\/wp-content\/uploads\/2020\/11\/2020-11-11-BROBUF-09-PCI-Pilot-Datasheets.pdf\">BRO\/BUF 09<\/a><\/td><td class=\"has-text-align-center\" data-align=\"center\"><a href=\"https:\/\/www.pcimembranes.com\/wp-content\/uploads\/2020\/11\/2020-11-11-MAXI-BUF-PCI-Pilot-Datasheets.pdf\">MAXI BUF<\/a><\/td><td class=\"has-text-align-center\" data-align=\"center\"><a href=\"https:\/\/www.pcimembranes.com\/wp-content\/uploads\/2020\/11\/2020-11-11-C10-PCI-Pilot-Datasheets.pdf\">C10<\/a><\/td><\/tr><tr><td class=\"has-text-align-center\" data-align=\"center\"><a href=\"https:\/\/www.pcimembranes.com\/wp-content\/uploads\/2020\/11\/2020-11-11-BROBUF-10-PCI-Pilot-Datasheets.pdf\">BRO\/BUF 10<\/a><\/td><td class=\"has-text-align-center\" data-align=\"center\"><a href=\"https:\/\/www.pcimembranes.com\/wp-content\/uploads\/2020\/11\/2020-11-11-MSR-PCI-Pilot-Datasheets.pdf\">MSR<\/a><\/td><td class=\"has-text-align-center\" data-align=\"center\"><a href=\"https:\/\/www.pcimembranes.com\/wp-content\/uploads\/2020\/11\/2020-11-11-UF15-PCI-Pilot-Datasheets.pdf\">UF15<\/a><\/td><\/tr><tr><td class=\"has-text-align-center\" data-align=\"center\"><a href=\"https:\/\/www.pcimembranes.com\/wp-content\/uploads\/2020\/11\/2020-11-11-Single-Tube-Tester-PCI-Pilot-Datasheets.pdf\">Single Tube Tester<\/a><\/td><td class=\"has-text-align-center\" data-align=\"center\"><\/td><td class=\"has-text-align-center\" data-align=\"center\"><\/td><\/tr><\/tbody><\/table><\/figure>\n\n<\/div><\/div>\n\n\n<div class=\"wp-block-image\">\n<figure class=\"alignleft size-large is-resized\"><img loading=\"lazy\" decoding=\"async\" width=\"400\" height=\"196\" src=\"https:\/\/www.pcimembranes.com\/wp-content\/uploads\/2020\/11\/image-2.jpeg\" alt=\"\" class=\"wp-image-3580\" style=\"width:366px;height:180px\" srcset=\"https:\/\/www.pcimembranes.com\/wp-content\/uploads\/2020\/11\/image-2.jpeg 400w, https:\/\/www.pcimembranes.com\/wp-content\/uploads\/2020\/11\/image-2-300x147.jpeg 300w\" sizes=\"auto, (max-width: 400px) 100vw, 400px\" \/><\/figure>\n<\/div><\/div><\/div>\n<\/div>\n<\/div>\n","protected":false},"excerpt":{"rendered":"<p>POROZMAWIAJ Z NASZYM EKSPERTEM Jednostki Pilota\u017cowe Produkcja i Prowadzenie Procesu w Skali Pilota\u017cowej Firma PCI Membranes mo\u017ce zarekomendowa\u0107 najbardziej odpowiedni typ membrany i modu\u0142u do danego zastosowania. Mo\u017ce r\u00f3wnie\u017c dostarczy\u0107 programy testowe, a na podstawie ze zebranych danych zaprojektowa\u0107 system na pe\u0142n\u0105 skal\u0119 z kosztorysami bud\u017cetowymi lub zakupowymi. Jednostka pilota\u017cowa jest przeznaczona do pracy na [&hellip;]<\/p>\n","protected":false},"author":9,"featured_media":0,"parent":4252,"menu_order":0,"comment_status":"closed","ping_status":"closed","template":"","meta":{"_acf_changed":false,"content-type":"","footnotes":""},"class_list":["post-4259","page","type-page","status-publish","hentry"],"acf":[],"yoast_head":"<!-- This site is optimized with the Yoast SEO plugin v27.3 - https:\/\/yoast.com\/product\/yoast-seo-wordpress\/ -->\n<title>Jednostki Pilota\u017cowe - PCI Membranes<\/title>\n<meta name=\"robots\" content=\"index, follow, max-snippet:-1, max-image-preview:large, max-video-preview:-1\" \/>\n<link rel=\"canonical\" href=\"https:\/\/www.pcimembranes.com\/pl\/moduly-do-testowania-membran\/jednostki-pilotazowe\/\" \/>\n<meta property=\"og:locale\" content=\"pl_PL\" \/>\n<meta property=\"og:type\" content=\"article\" \/>\n<meta property=\"og:title\" content=\"Jednostki Pilota\u017cowe - PCI Membranes\" \/>\n<meta property=\"og:description\" content=\"POROZMAWIAJ Z NASZYM EKSPERTEM Jednostki Pilota\u017cowe Produkcja i Prowadzenie Procesu w Skali Pilota\u017cowej Firma PCI Membranes mo\u017ce zarekomendowa\u0107 najbardziej odpowiedni typ membrany i modu\u0142u do danego zastosowania. Mo\u017ce r\u00f3wnie\u017c dostarczy\u0107 programy testowe, a na podstawie ze zebranych danych zaprojektowa\u0107 system na pe\u0142n\u0105 skal\u0119 z kosztorysami bud\u017cetowymi lub zakupowymi. Jednostka pilota\u017cowa jest przeznaczona do pracy na [&hellip;]\" \/>\n<meta property=\"og:url\" content=\"https:\/\/www.pcimembranes.com\/pl\/moduly-do-testowania-membran\/jednostki-pilotazowe\/\" \/>\n<meta property=\"og:site_name\" content=\"PCI Membranes\" \/>\n<meta property=\"article:modified_time\" content=\"2025-07-25T09:58:11+00:00\" \/>\n<meta property=\"og:image\" content=\"https:\/\/www.pcimembranes.com\/wp-content\/uploads\/2021\/08\/MicrosoftTeams-image-_2.jpg\" \/>\n\t<meta property=\"og:image:width\" content=\"1400\" \/>\n\t<meta property=\"og:image:height\" content=\"787\" \/>\n\t<meta property=\"og:image:type\" content=\"image\/jpeg\" \/>\n<meta name=\"twitter:card\" content=\"summary_large_image\" \/>\n<meta name=\"twitter:label1\" content=\"Szacowany czas czytania\" \/>\n\t<meta name=\"twitter:data1\" content=\"2 minuty\" \/>\n<script type=\"application\/ld+json\" class=\"yoast-schema-graph\">{\"@context\":\"https:\\\/\\\/schema.org\",\"@graph\":[{\"@type\":\"WebPage\",\"@id\":\"https:\\\/\\\/www.pcimembranes.com\\\/pl\\\/moduly-do-testowania-membran\\\/jednostki-pilotazowe\\\/\",\"url\":\"https:\\\/\\\/www.pcimembranes.com\\\/pl\\\/moduly-do-testowania-membran\\\/jednostki-pilotazowe\\\/\",\"name\":\"Jednostki Pilota\u017cowe - PCI Membranes\",\"isPartOf\":{\"@id\":\"https:\\\/\\\/www.pcimembranes.com\\\/pl\\\/#website\"},\"primaryImageOfPage\":{\"@id\":\"https:\\\/\\\/www.pcimembranes.com\\\/pl\\\/moduly-do-testowania-membran\\\/jednostki-pilotazowe\\\/#primaryimage\"},\"image\":{\"@id\":\"https:\\\/\\\/www.pcimembranes.com\\\/pl\\\/moduly-do-testowania-membran\\\/jednostki-pilotazowe\\\/#primaryimage\"},\"thumbnailUrl\":\"https:\\\/\\\/www.pcimembranes.com\\\/wp-content\\\/uploads\\\/2021\\\/08\\\/MicrosoftTeams-image-_2.jpg\",\"datePublished\":\"2022-03-16T13:21:29+00:00\",\"dateModified\":\"2025-07-25T09:58:11+00:00\",\"breadcrumb\":{\"@id\":\"https:\\\/\\\/www.pcimembranes.com\\\/pl\\\/moduly-do-testowania-membran\\\/jednostki-pilotazowe\\\/#breadcrumb\"},\"inLanguage\":\"pl-PL\",\"potentialAction\":[{\"@type\":\"ReadAction\",\"target\":[\"https:\\\/\\\/www.pcimembranes.com\\\/pl\\\/moduly-do-testowania-membran\\\/jednostki-pilotazowe\\\/\"]}]},{\"@type\":\"ImageObject\",\"inLanguage\":\"pl-PL\",\"@id\":\"https:\\\/\\\/www.pcimembranes.com\\\/pl\\\/moduly-do-testowania-membran\\\/jednostki-pilotazowe\\\/#primaryimage\",\"url\":\"https:\\\/\\\/www.pcimembranes.com\\\/wp-content\\\/uploads\\\/2021\\\/08\\\/MicrosoftTeams-image-_2.jpg\",\"contentUrl\":\"https:\\\/\\\/www.pcimembranes.com\\\/wp-content\\\/uploads\\\/2021\\\/08\\\/MicrosoftTeams-image-_2.jpg\"},{\"@type\":\"BreadcrumbList\",\"@id\":\"https:\\\/\\\/www.pcimembranes.com\\\/pl\\\/moduly-do-testowania-membran\\\/jednostki-pilotazowe\\\/#breadcrumb\",\"itemListElement\":[{\"@type\":\"ListItem\",\"position\":1,\"name\":\"\",\"item\":\"https:\\\/\\\/www.pcimembranes.com\\\/pl\\\/\"},{\"@type\":\"ListItem\",\"position\":2,\"name\":\"Modu\u0142y do \u200b\u200bTestowania Membran\",\"item\":\"https:\\\/\\\/www.pcimembranes.com\\\/pl\\\/moduly-do-testowania-membran\\\/\"},{\"@type\":\"ListItem\",\"position\":3,\"name\":\"Jednostki Pilota\u017cowe\"}]},{\"@type\":\"WebSite\",\"@id\":\"https:\\\/\\\/www.pcimembranes.com\\\/pl\\\/#website\",\"url\":\"https:\\\/\\\/www.pcimembranes.com\\\/pl\\\/\",\"name\":\"PCI Membranes\",\"description\":\"Making the World Safer, Healthier and More Productive\",\"publisher\":{\"@id\":\"https:\\\/\\\/www.pcimembranes.com\\\/pl\\\/#organization\"},\"potentialAction\":[{\"@type\":\"SearchAction\",\"target\":{\"@type\":\"EntryPoint\",\"urlTemplate\":\"https:\\\/\\\/www.pcimembranes.com\\\/pl\\\/?s={search_term_string}\"},\"query-input\":{\"@type\":\"PropertyValueSpecification\",\"valueRequired\":true,\"valueName\":\"search_term_string\"}}],\"inLanguage\":\"pl-PL\"},{\"@type\":\"Organization\",\"@id\":\"https:\\\/\\\/www.pcimembranes.com\\\/pl\\\/#organization\",\"name\":\"Filtration Group\",\"url\":\"https:\\\/\\\/www.pcimembranes.com\\\/pl\\\/\",\"logo\":{\"@type\":\"ImageObject\",\"inLanguage\":\"pl-PL\",\"@id\":\"https:\\\/\\\/www.pcimembranes.com\\\/pl\\\/#\\\/schema\\\/logo\\\/image\\\/\",\"url\":\"https:\\\/\\\/www.pcimembranes.com\\\/wp-content\\\/uploads\\\/2019\\\/06\\\/FGC-logo-1.png\",\"contentUrl\":\"https:\\\/\\\/www.pcimembranes.com\\\/wp-content\\\/uploads\\\/2019\\\/06\\\/FGC-logo-1.png\",\"width\":1104,\"height\":224,\"caption\":\"Filtration Group\"},\"image\":{\"@id\":\"https:\\\/\\\/www.pcimembranes.com\\\/pl\\\/#\\\/schema\\\/logo\\\/image\\\/\"}}]}<\/script>\n<!-- \/ Yoast SEO plugin. -->","yoast_head_json":{"title":"Jednostki Pilota\u017cowe - PCI Membranes","robots":{"index":"index","follow":"follow","max-snippet":"max-snippet:-1","max-image-preview":"max-image-preview:large","max-video-preview":"max-video-preview:-1"},"canonical":"https:\/\/www.pcimembranes.com\/pl\/moduly-do-testowania-membran\/jednostki-pilotazowe\/","og_locale":"pl_PL","og_type":"article","og_title":"Jednostki Pilota\u017cowe - PCI Membranes","og_description":"POROZMAWIAJ Z NASZYM EKSPERTEM Jednostki Pilota\u017cowe Produkcja i Prowadzenie Procesu w Skali Pilota\u017cowej Firma PCI Membranes mo\u017ce zarekomendowa\u0107 najbardziej odpowiedni typ membrany i modu\u0142u do danego zastosowania. Mo\u017ce r\u00f3wnie\u017c dostarczy\u0107 programy testowe, a na podstawie ze zebranych danych zaprojektowa\u0107 system na pe\u0142n\u0105 skal\u0119 z kosztorysami bud\u017cetowymi lub zakupowymi. Jednostka pilota\u017cowa jest przeznaczona do pracy na [&hellip;]","og_url":"https:\/\/www.pcimembranes.com\/pl\/moduly-do-testowania-membran\/jednostki-pilotazowe\/","og_site_name":"PCI Membranes","article_modified_time":"2025-07-25T09:58:11+00:00","og_image":[{"width":1400,"height":787,"url":"https:\/\/www.pcimembranes.com\/wp-content\/uploads\/2021\/08\/MicrosoftTeams-image-_2.jpg","type":"image\/jpeg"}],"twitter_card":"summary_large_image","twitter_misc":{"Szacowany czas czytania":"2 minuty"},"schema":{"@context":"https:\/\/schema.org","@graph":[{"@type":"WebPage","@id":"https:\/\/www.pcimembranes.com\/pl\/moduly-do-testowania-membran\/jednostki-pilotazowe\/","url":"https:\/\/www.pcimembranes.com\/pl\/moduly-do-testowania-membran\/jednostki-pilotazowe\/","name":"Jednostki Pilota\u017cowe - PCI Membranes","isPartOf":{"@id":"https:\/\/www.pcimembranes.com\/pl\/#website"},"primaryImageOfPage":{"@id":"https:\/\/www.pcimembranes.com\/pl\/moduly-do-testowania-membran\/jednostki-pilotazowe\/#primaryimage"},"image":{"@id":"https:\/\/www.pcimembranes.com\/pl\/moduly-do-testowania-membran\/jednostki-pilotazowe\/#primaryimage"},"thumbnailUrl":"https:\/\/www.pcimembranes.com\/wp-content\/uploads\/2021\/08\/MicrosoftTeams-image-_2.jpg","datePublished":"2022-03-16T13:21:29+00:00","dateModified":"2025-07-25T09:58:11+00:00","breadcrumb":{"@id":"https:\/\/www.pcimembranes.com\/pl\/moduly-do-testowania-membran\/jednostki-pilotazowe\/#breadcrumb"},"inLanguage":"pl-PL","potentialAction":[{"@type":"ReadAction","target":["https:\/\/www.pcimembranes.com\/pl\/moduly-do-testowania-membran\/jednostki-pilotazowe\/"]}]},{"@type":"ImageObject","inLanguage":"pl-PL","@id":"https:\/\/www.pcimembranes.com\/pl\/moduly-do-testowania-membran\/jednostki-pilotazowe\/#primaryimage","url":"https:\/\/www.pcimembranes.com\/wp-content\/uploads\/2021\/08\/MicrosoftTeams-image-_2.jpg","contentUrl":"https:\/\/www.pcimembranes.com\/wp-content\/uploads\/2021\/08\/MicrosoftTeams-image-_2.jpg"},{"@type":"BreadcrumbList","@id":"https:\/\/www.pcimembranes.com\/pl\/moduly-do-testowania-membran\/jednostki-pilotazowe\/#breadcrumb","itemListElement":[{"@type":"ListItem","position":1,"name":"","item":"https:\/\/www.pcimembranes.com\/pl\/"},{"@type":"ListItem","position":2,"name":"Modu\u0142y do \u200b\u200bTestowania Membran","item":"https:\/\/www.pcimembranes.com\/pl\/moduly-do-testowania-membran\/"},{"@type":"ListItem","position":3,"name":"Jednostki Pilota\u017cowe"}]},{"@type":"WebSite","@id":"https:\/\/www.pcimembranes.com\/pl\/#website","url":"https:\/\/www.pcimembranes.com\/pl\/","name":"PCI Membranes","description":"Making the World Safer, Healthier and More Productive","publisher":{"@id":"https:\/\/www.pcimembranes.com\/pl\/#organization"},"potentialAction":[{"@type":"SearchAction","target":{"@type":"EntryPoint","urlTemplate":"https:\/\/www.pcimembranes.com\/pl\/?s={search_term_string}"},"query-input":{"@type":"PropertyValueSpecification","valueRequired":true,"valueName":"search_term_string"}}],"inLanguage":"pl-PL"},{"@type":"Organization","@id":"https:\/\/www.pcimembranes.com\/pl\/#organization","name":"Filtration Group","url":"https:\/\/www.pcimembranes.com\/pl\/","logo":{"@type":"ImageObject","inLanguage":"pl-PL","@id":"https:\/\/www.pcimembranes.com\/pl\/#\/schema\/logo\/image\/","url":"https:\/\/www.pcimembranes.com\/wp-content\/uploads\/2019\/06\/FGC-logo-1.png","contentUrl":"https:\/\/www.pcimembranes.com\/wp-content\/uploads\/2019\/06\/FGC-logo-1.png","width":1104,"height":224,"caption":"Filtration Group"},"image":{"@id":"https:\/\/www.pcimembranes.com\/pl\/#\/schema\/logo\/image\/"}}]}},"_links":{"self":[{"href":"https:\/\/www.pcimembranes.com\/pl\/wp-json\/wp\/v2\/pages\/4259","targetHints":{"allow":["GET"]}}],"collection":[{"href":"https:\/\/www.pcimembranes.com\/pl\/wp-json\/wp\/v2\/pages"}],"about":[{"href":"https:\/\/www.pcimembranes.com\/pl\/wp-json\/wp\/v2\/types\/page"}],"author":[{"embeddable":true,"href":"https:\/\/www.pcimembranes.com\/pl\/wp-json\/wp\/v2\/users\/9"}],"replies":[{"embeddable":true,"href":"https:\/\/www.pcimembranes.com\/pl\/wp-json\/wp\/v2\/comments?post=4259"}],"version-history":[{"count":0,"href":"https:\/\/www.pcimembranes.com\/pl\/wp-json\/wp\/v2\/pages\/4259\/revisions"}],"up":[{"embeddable":true,"href":"https:\/\/www.pcimembranes.com\/pl\/wp-json\/wp\/v2\/pages\/4252"}],"wp:attachment":[{"href":"https:\/\/www.pcimembranes.com\/pl\/wp-json\/wp\/v2\/media?parent=4259"}],"curies":[{"name":"wp","href":"https:\/\/api.w.org\/{rel}","templated":true}]}}