{"id":4271,"date":"2022-03-16T13:19:28","date_gmt":"2022-03-16T13:19:28","guid":{"rendered":"https:\/\/www.pcimembranes.com\/?page_id=4271"},"modified":"2025-07-25T10:00:57","modified_gmt":"2025-07-25T10:00:57","slug":"edukacja-i-aplikacje-badawczo-rozwojowe","status":"publish","type":"page","link":"https:\/\/www.pcimembranes.com\/pl\/branze-przemyslowe\/edukacja-i-aplikacje-badawczo-rozwojowe\/","title":{"rendered":"Edukacja i Aplikacje Badawczo-Rozwojowe"},"content":{"rendered":"\n<div class=\"wp-block-cover alignfull has-background-dim\" style=\"min-height:260px;aspect-ratio:unset;\"><img loading=\"lazy\" decoding=\"async\" width=\"2560\" height=\"1709\" class=\"wp-block-cover__image-background wp-image-3932\" alt=\"\" src=\"https:\/\/www.pcimembranes.com\/wp-content\/uploads\/2021\/08\/research-1-scaled.jpg\" data-object-fit=\"cover\" srcset=\"https:\/\/www.pcimembranes.com\/wp-content\/uploads\/2021\/08\/research-1-scaled.jpg 2560w, https:\/\/www.pcimembranes.com\/wp-content\/uploads\/2021\/08\/research-1-300x200.jpg 300w, https:\/\/www.pcimembranes.com\/wp-content\/uploads\/2021\/08\/research-1-1024x684.jpg 1024w, https:\/\/www.pcimembranes.com\/wp-content\/uploads\/2021\/08\/research-1-768x513.jpg 768w, https:\/\/www.pcimembranes.com\/wp-content\/uploads\/2021\/08\/research-1-1536x1025.jpg 1536w, https:\/\/www.pcimembranes.com\/wp-content\/uploads\/2021\/08\/research-1-2048x1367.jpg 2048w, https:\/\/www.pcimembranes.com\/wp-content\/uploads\/2021\/08\/research-1-272x182.jpg 272w\" sizes=\"auto, (max-width: 2560px) 100vw, 2560px\" \/><div class=\"wp-block-cover__inner-container is-layout-flow wp-block-cover-is-layout-flow\">\n\n<h1 class=\"has-text-align-center wp-block-heading\">Edukacja i Aplikacje Badawczo-Rozwojowe<\/h1>\n\n<\/div><\/div>\n\n\n\n<!--Close-->\t\n<\/div><\/div><\/section>\n<!--Menu-->\n<div class=\"no-top-margin\">\n<div class=\"msb-sticky-bar\">\n<div class=\"container\">\n  <div class=\"row\">\n    <div class=\"col-sm text-center\">\n      <a href=\"https:\/\/www.pcimembranes.com\/contactus\/\" class=\"btn btn-primary solution-trigger\">POROZMAWIAJ Z NASZYM EKSPERTEM<\/a>\n    <\/div>\n  <\/div>\n<\/div>\n<\/div>\n<\/div>\n<!--Open-->\n<section class=\"container\"><div class=\"row\"><div class=\"col-md-12\">\n\n\n\n<h2 class=\"wp-block-heading\">Wsp\u00f3\u0142praca w badaniach i rozwoju<\/h2>\n\n\n\n<p>Firma PCI Membranes\u00ae \u015bci\u015ble wsp\u00f3\u0142pracuje r\u00f3wnie\u017c z najlepszymi uniwersytetami naukowymi i instytucjami badawczymi na ca\u0142ym \u015bwiecie, aby kszta\u0142towa\u0107 d\u0142ugoterminow\u0105 przysz\u0142o\u015b\u0107 bran\u017cy i ponad 50-letnie do\u015bwiadczenie w produkcji niestandardowych membran polimerowych. Zapewniamy w pe\u0142ni zintegrowan\u0105 instalacj\u0119, albo same membran wzale\u017cno\u015bci od potrzeb uniwersytet\u00f3w lub firm R&amp;D, aby pom\u00f3c spe\u0142ni\u0107 potrzeby badawcze.<\/p>\n\n\n\n<div style=\"height:100px\" aria-hidden=\"true\" class=\"wp-block-spacer\"><\/div>\n\n\n\n<hr class=\"wp-block-separator has-css-opacity\" \/>\n\n\n\n<p class=\"has-text-align-center\" style=\"font-size:29px\"><strong>Powi\u0105zane produkty<\/strong><\/p>\n\n\n\n<div style=\"height:50px\" aria-hidden=\"true\" class=\"wp-block-spacer\"><\/div>\n\n\n\n<div class=\"wp-block-media-text alignwide is-stacked-on-mobile\"><figure class=\"wp-block-media-text__media\"><img loading=\"lazy\" decoding=\"async\" width=\"535\" height=\"303\" src=\"https:\/\/www.pcimembranes.com\/wp-content\/uploads\/2019\/10\/Micro_Series_horizontal-1.jpg\" alt=\"micro-series\" class=\"wp-image-3453 size-full\" srcset=\"https:\/\/www.pcimembranes.com\/wp-content\/uploads\/2019\/10\/Micro_Series_horizontal-1.jpg 535w, https:\/\/www.pcimembranes.com\/wp-content\/uploads\/2019\/10\/Micro_Series_horizontal-1-300x170.jpg 300w\" sizes=\"auto, (max-width: 535px) 100vw, 535px\" \/><\/figure><div class=\"wp-block-media-text__content\">\n\n<h3 class=\"wp-block-heading\">Seria MICRO 240 i MICRO 960<\/h3>\n\n\n<p>MICRO 240 i MICRO 960 s\u0105 przeznaczone do ekonomicznej, kr\u00f3tkoterminowej oceny proces\u00f3w membranowych w celu separacji i zag\u0119szczania w skali laboratoryjnej.<\/p>\n\n\n<div class=\"wp-block-button\"><a class=\"wp-block-button__link has-green-background-color has-background\" href=\"https:\/\/www.pcimembranes.com\/pl\/moduly-do-%e2%80%8b%e2%80%8btestowania-membran\/seria-micro-240-i-micro-960\/\">DOWIEDZ SI\u0118 WI\u0118CEJ<\/a><\/div>\n\n<\/div><\/div>\n\n\n\n<div class=\"wp-block-media-text alignwide is-stacked-on-mobile\"><figure class=\"wp-block-media-text__media\"><img loading=\"lazy\" decoding=\"async\" width=\"500\" height=\"399\" src=\"https:\/\/www.pcimembranes.com\/wp-content\/uploads\/2019\/10\/A5_Mini_resized.jpg\" alt=\"a5-mini\" class=\"wp-image-3457 size-full\" srcset=\"https:\/\/www.pcimembranes.com\/wp-content\/uploads\/2019\/10\/A5_Mini_resized.jpg 500w, https:\/\/www.pcimembranes.com\/wp-content\/uploads\/2019\/10\/A5_Mini_resized-300x239.jpg 300w\" sizes=\"auto, (max-width: 500px) 100vw, 500px\" \/><\/figure><div class=\"wp-block-media-text__content\">\n\n<h3 class=\"wp-block-heading\">Modu\u0142y Testowy A MINI<\/h3>\n\n\n<p>Modu\u0142 A MINI jest przeznaczony do oceny w skali laboratoryjnej zastosowa\u0144 membran ultrafiltracyjnych z umiarkowanymi poziomami zawiesin sta\u0142ych.<\/p>\n\n\n<div class=\"wp-block-button\"><a class=\"wp-block-button__link has-green-background-color has-background\" href=\"\/products\/membrane-test-modules\/a5-mini-test-modules\/\">DOWIEDZ SI\u0118 WI\u0118CEJ<\/a><\/div>\n\n<\/div><\/div>\n\n\n\n<div class=\"wp-block-media-text alignwide is-stacked-on-mobile\"><figure class=\"wp-block-media-text__media\"><img loading=\"lazy\" decoding=\"async\" width=\"1024\" height=\"473\" src=\"https:\/\/www.pcimembranes.com\/wp-content\/uploads\/2019\/10\/Tubular_membranes-1024x473.jpg\" alt=\"\" class=\"wp-image-3455 size-full\" srcset=\"https:\/\/www.pcimembranes.com\/wp-content\/uploads\/2019\/10\/Tubular_membranes-1024x473.jpg 1024w, https:\/\/www.pcimembranes.com\/wp-content\/uploads\/2019\/10\/Tubular_membranes-300x138.jpg 300w, https:\/\/www.pcimembranes.com\/wp-content\/uploads\/2019\/10\/Tubular_membranes-768x354.jpg 768w, https:\/\/www.pcimembranes.com\/wp-content\/uploads\/2019\/10\/Tubular_membranes.jpg 1170w\" sizes=\"auto, (max-width: 1024px) 100vw, 1024px\" \/><\/figure><div class=\"wp-block-media-text__content\">\n\n<h3 class=\"wp-block-heading\">Membrany tubularne<\/h3>\n\n\n<p>Nasze mo\u017cliwo\u015bci rozwoju i produkcji in-house pozwalaj\u0105 nam dostarcza\u0107 niestandardowe membrany dostosowane do konkretnych zastosowa\u0144.<\/p>\n\n\n<div class=\"wp-block-button\"><a class=\"wp-block-button__link has-green-background-color has-background\" href=\"https:\/\/www.pcimembranes.com\/pl\/moduly-do-%e2%80%8b%e2%80%8btestowania-membran\/membrany-tubularne\/\">DOWIEDZ SI\u0118 WI\u0118CEJ<\/a><\/div>\n\n<\/div><\/div>\n\n\n\n<div class=\"wp-block-media-text alignwide is-stacked-on-mobile\"><figure class=\"wp-block-media-text__media\"><img loading=\"lazy\" decoding=\"async\" width=\"894\" height=\"418\" src=\"https:\/\/www.pcimembranes.com\/wp-content\/uploads\/2019\/10\/B1_Pilot_Plant_1_cropped_large-2.jpg\" alt=\"\" class=\"wp-image-3456 size-full\" srcset=\"https:\/\/www.pcimembranes.com\/wp-content\/uploads\/2019\/10\/B1_Pilot_Plant_1_cropped_large-2.jpg 894w, https:\/\/www.pcimembranes.com\/wp-content\/uploads\/2019\/10\/B1_Pilot_Plant_1_cropped_large-2-300x140.jpg 300w, https:\/\/www.pcimembranes.com\/wp-content\/uploads\/2019\/10\/B1_Pilot_Plant_1_cropped_large-2-768x359.jpg 768w\" sizes=\"auto, (max-width: 894px) 100vw, 894px\" \/><\/figure><div class=\"wp-block-media-text__content\">\n\n<h3 class=\"wp-block-heading\">Jednostki pilota\u017cowe<\/h3>\n\n\n<p>The pilot unit is designed for pilot scale work and may be used to Jednostka pilota\u017cowa jest przeznaczona do pracy na skal\u0119 pilota\u017cow\u0105 i mo\u017ce by\u0107 u\u017cywana dla cieczy przy u\u017cyciu mikrofiltracji (MF), ultrafiltracji (UF), nanofiltracji (NF) i odwr\u00f3conej osmozy (RO).<\/p>\n\n\n<div class=\"wp-block-button\"><a class=\"wp-block-button__link has-green-background-color has-background\" href=\"https:\/\/www.pcimembranes.com\/pl\/moduly-do-%e2%80%8b%e2%80%8btestowania-membran\/jednostki-pilotazowe\/\">DOWIEDZ SI\u0118 WI\u0118CEJ<\/a><\/div>\n\n<\/div><\/div>\n","protected":false},"excerpt":{"rendered":"<p>POROZMAWIAJ Z NASZYM EKSPERTEM Wsp\u00f3\u0142praca w badaniach i rozwoju Firma PCI Membranes\u00ae \u015bci\u015ble wsp\u00f3\u0142pracuje r\u00f3wnie\u017c z najlepszymi uniwersytetami naukowymi i instytucjami badawczymi na ca\u0142ym \u015bwiecie, aby kszta\u0142towa\u0107 d\u0142ugoterminow\u0105 przysz\u0142o\u015b\u0107 bran\u017cy i ponad 50-letnie do\u015bwiadczenie w produkcji niestandardowych membran polimerowych. Zapewniamy w pe\u0142ni zintegrowan\u0105 instalacj\u0119, albo same membran wzale\u017cno\u015bci od potrzeb uniwersytet\u00f3w lub firm R&amp;D, aby [&hellip;]<\/p>\n","protected":false},"author":9,"featured_media":0,"parent":4269,"menu_order":0,"comment_status":"closed","ping_status":"closed","template":"","meta":{"_acf_changed":false,"content-type":"","footnotes":""},"class_list":["post-4271","page","type-page","status-publish","hentry"],"acf":[],"yoast_head":"<!-- This site is optimized with the Yoast SEO plugin v27.3 - https:\/\/yoast.com\/product\/yoast-seo-wordpress\/ -->\n<title>Edukacja i Aplikacje Badawczo-Rozwojowe - PCI Membranes<\/title>\n<meta name=\"robots\" content=\"index, follow, max-snippet:-1, max-image-preview:large, max-video-preview:-1\" \/>\n<link rel=\"canonical\" href=\"https:\/\/www.pcimembranes.com\/pl\/branze-przemyslowe\/edukacja-i-aplikacje-badawczo-rozwojowe\/\" \/>\n<meta property=\"og:locale\" content=\"pl_PL\" \/>\n<meta property=\"og:type\" content=\"article\" \/>\n<meta property=\"og:title\" content=\"Edukacja i Aplikacje Badawczo-Rozwojowe - PCI Membranes\" \/>\n<meta property=\"og:description\" content=\"POROZMAWIAJ Z NASZYM EKSPERTEM Wsp\u00f3\u0142praca w badaniach i rozwoju Firma PCI Membranes\u00ae \u015bci\u015ble wsp\u00f3\u0142pracuje r\u00f3wnie\u017c z najlepszymi uniwersytetami naukowymi i instytucjami badawczymi na ca\u0142ym \u015bwiecie, aby kszta\u0142towa\u0107 d\u0142ugoterminow\u0105 przysz\u0142o\u015b\u0107 bran\u017cy i ponad 50-letnie do\u015bwiadczenie w produkcji niestandardowych membran polimerowych. Zapewniamy w pe\u0142ni zintegrowan\u0105 instalacj\u0119, albo same membran wzale\u017cno\u015bci od potrzeb uniwersytet\u00f3w lub firm R&amp;D, aby [&hellip;]\" \/>\n<meta property=\"og:url\" content=\"https:\/\/www.pcimembranes.com\/pl\/branze-przemyslowe\/edukacja-i-aplikacje-badawczo-rozwojowe\/\" \/>\n<meta property=\"og:site_name\" content=\"PCI Membranes\" \/>\n<meta property=\"article:modified_time\" content=\"2025-07-25T10:00:57+00:00\" \/>\n<meta property=\"og:image\" content=\"https:\/\/www.pcimembranes.com\/wp-content\/uploads\/2021\/08\/research-1-scaled.jpg\" \/>\n\t<meta property=\"og:image:width\" content=\"2560\" \/>\n\t<meta property=\"og:image:height\" content=\"1709\" \/>\n\t<meta property=\"og:image:type\" content=\"image\/jpeg\" \/>\n<meta name=\"twitter:card\" content=\"summary_large_image\" \/>\n<meta name=\"twitter:label1\" content=\"Szacowany czas czytania\" \/>\n\t<meta name=\"twitter:data1\" content=\"2 minuty\" \/>\n<script type=\"application\/ld+json\" class=\"yoast-schema-graph\">{\"@context\":\"https:\\\/\\\/schema.org\",\"@graph\":[{\"@type\":\"WebPage\",\"@id\":\"https:\\\/\\\/www.pcimembranes.com\\\/pl\\\/branze-przemyslowe\\\/edukacja-i-aplikacje-badawczo-rozwojowe\\\/\",\"url\":\"https:\\\/\\\/www.pcimembranes.com\\\/pl\\\/branze-przemyslowe\\\/edukacja-i-aplikacje-badawczo-rozwojowe\\\/\",\"name\":\"Edukacja i Aplikacje Badawczo-Rozwojowe - PCI Membranes\",\"isPartOf\":{\"@id\":\"https:\\\/\\\/www.pcimembranes.com\\\/pl\\\/#website\"},\"primaryImageOfPage\":{\"@id\":\"https:\\\/\\\/www.pcimembranes.com\\\/pl\\\/branze-przemyslowe\\\/edukacja-i-aplikacje-badawczo-rozwojowe\\\/#primaryimage\"},\"image\":{\"@id\":\"https:\\\/\\\/www.pcimembranes.com\\\/pl\\\/branze-przemyslowe\\\/edukacja-i-aplikacje-badawczo-rozwojowe\\\/#primaryimage\"},\"thumbnailUrl\":\"https:\\\/\\\/www.pcimembranes.com\\\/wp-content\\\/uploads\\\/2021\\\/08\\\/research-1-scaled.jpg\",\"datePublished\":\"2022-03-16T13:19:28+00:00\",\"dateModified\":\"2025-07-25T10:00:57+00:00\",\"breadcrumb\":{\"@id\":\"https:\\\/\\\/www.pcimembranes.com\\\/pl\\\/branze-przemyslowe\\\/edukacja-i-aplikacje-badawczo-rozwojowe\\\/#breadcrumb\"},\"inLanguage\":\"pl-PL\",\"potentialAction\":[{\"@type\":\"ReadAction\",\"target\":[\"https:\\\/\\\/www.pcimembranes.com\\\/pl\\\/branze-przemyslowe\\\/edukacja-i-aplikacje-badawczo-rozwojowe\\\/\"]}]},{\"@type\":\"ImageObject\",\"inLanguage\":\"pl-PL\",\"@id\":\"https:\\\/\\\/www.pcimembranes.com\\\/pl\\\/branze-przemyslowe\\\/edukacja-i-aplikacje-badawczo-rozwojowe\\\/#primaryimage\",\"url\":\"https:\\\/\\\/www.pcimembranes.com\\\/wp-content\\\/uploads\\\/2021\\\/08\\\/research-1-scaled.jpg\",\"contentUrl\":\"https:\\\/\\\/www.pcimembranes.com\\\/wp-content\\\/uploads\\\/2021\\\/08\\\/research-1-scaled.jpg\"},{\"@type\":\"BreadcrumbList\",\"@id\":\"https:\\\/\\\/www.pcimembranes.com\\\/pl\\\/branze-przemyslowe\\\/edukacja-i-aplikacje-badawczo-rozwojowe\\\/#breadcrumb\",\"itemListElement\":[{\"@type\":\"ListItem\",\"position\":1,\"name\":\"\",\"item\":\"https:\\\/\\\/www.pcimembranes.com\\\/pl\\\/\"},{\"@type\":\"ListItem\",\"position\":2,\"name\":\"Bran\u017ce Przemys\u0142owe\",\"item\":\"https:\\\/\\\/www.pcimembranes.com\\\/pl\\\/branze-przemyslowe\\\/\"},{\"@type\":\"ListItem\",\"position\":3,\"name\":\"Edukacja i Aplikacje Badawczo-Rozwojowe\"}]},{\"@type\":\"WebSite\",\"@id\":\"https:\\\/\\\/www.pcimembranes.com\\\/pl\\\/#website\",\"url\":\"https:\\\/\\\/www.pcimembranes.com\\\/pl\\\/\",\"name\":\"PCI Membranes\",\"description\":\"Making the World Safer, Healthier and More Productive\",\"publisher\":{\"@id\":\"https:\\\/\\\/www.pcimembranes.com\\\/pl\\\/#organization\"},\"potentialAction\":[{\"@type\":\"SearchAction\",\"target\":{\"@type\":\"EntryPoint\",\"urlTemplate\":\"https:\\\/\\\/www.pcimembranes.com\\\/pl\\\/?s={search_term_string}\"},\"query-input\":{\"@type\":\"PropertyValueSpecification\",\"valueRequired\":true,\"valueName\":\"search_term_string\"}}],\"inLanguage\":\"pl-PL\"},{\"@type\":\"Organization\",\"@id\":\"https:\\\/\\\/www.pcimembranes.com\\\/pl\\\/#organization\",\"name\":\"Filtration Group\",\"url\":\"https:\\\/\\\/www.pcimembranes.com\\\/pl\\\/\",\"logo\":{\"@type\":\"ImageObject\",\"inLanguage\":\"pl-PL\",\"@id\":\"https:\\\/\\\/www.pcimembranes.com\\\/pl\\\/#\\\/schema\\\/logo\\\/image\\\/\",\"url\":\"https:\\\/\\\/www.pcimembranes.com\\\/wp-content\\\/uploads\\\/2019\\\/06\\\/FGC-logo-1.png\",\"contentUrl\":\"https:\\\/\\\/www.pcimembranes.com\\\/wp-content\\\/uploads\\\/2019\\\/06\\\/FGC-logo-1.png\",\"width\":1104,\"height\":224,\"caption\":\"Filtration Group\"},\"image\":{\"@id\":\"https:\\\/\\\/www.pcimembranes.com\\\/pl\\\/#\\\/schema\\\/logo\\\/image\\\/\"}}]}<\/script>\n<!-- \/ Yoast SEO plugin. -->","yoast_head_json":{"title":"Edukacja i Aplikacje Badawczo-Rozwojowe - PCI Membranes","robots":{"index":"index","follow":"follow","max-snippet":"max-snippet:-1","max-image-preview":"max-image-preview:large","max-video-preview":"max-video-preview:-1"},"canonical":"https:\/\/www.pcimembranes.com\/pl\/branze-przemyslowe\/edukacja-i-aplikacje-badawczo-rozwojowe\/","og_locale":"pl_PL","og_type":"article","og_title":"Edukacja i Aplikacje Badawczo-Rozwojowe - PCI Membranes","og_description":"POROZMAWIAJ Z NASZYM EKSPERTEM Wsp\u00f3\u0142praca w badaniach i rozwoju Firma PCI Membranes\u00ae \u015bci\u015ble wsp\u00f3\u0142pracuje r\u00f3wnie\u017c z najlepszymi uniwersytetami naukowymi i instytucjami badawczymi na ca\u0142ym \u015bwiecie, aby kszta\u0142towa\u0107 d\u0142ugoterminow\u0105 przysz\u0142o\u015b\u0107 bran\u017cy i ponad 50-letnie do\u015bwiadczenie w produkcji niestandardowych membran polimerowych. Zapewniamy w pe\u0142ni zintegrowan\u0105 instalacj\u0119, albo same membran wzale\u017cno\u015bci od potrzeb uniwersytet\u00f3w lub firm R&amp;D, aby [&hellip;]","og_url":"https:\/\/www.pcimembranes.com\/pl\/branze-przemyslowe\/edukacja-i-aplikacje-badawczo-rozwojowe\/","og_site_name":"PCI Membranes","article_modified_time":"2025-07-25T10:00:57+00:00","og_image":[{"width":2560,"height":1709,"url":"https:\/\/www.pcimembranes.com\/wp-content\/uploads\/2021\/08\/research-1-scaled.jpg","type":"image\/jpeg"}],"twitter_card":"summary_large_image","twitter_misc":{"Szacowany czas czytania":"2 minuty"},"schema":{"@context":"https:\/\/schema.org","@graph":[{"@type":"WebPage","@id":"https:\/\/www.pcimembranes.com\/pl\/branze-przemyslowe\/edukacja-i-aplikacje-badawczo-rozwojowe\/","url":"https:\/\/www.pcimembranes.com\/pl\/branze-przemyslowe\/edukacja-i-aplikacje-badawczo-rozwojowe\/","name":"Edukacja i Aplikacje Badawczo-Rozwojowe - PCI Membranes","isPartOf":{"@id":"https:\/\/www.pcimembranes.com\/pl\/#website"},"primaryImageOfPage":{"@id":"https:\/\/www.pcimembranes.com\/pl\/branze-przemyslowe\/edukacja-i-aplikacje-badawczo-rozwojowe\/#primaryimage"},"image":{"@id":"https:\/\/www.pcimembranes.com\/pl\/branze-przemyslowe\/edukacja-i-aplikacje-badawczo-rozwojowe\/#primaryimage"},"thumbnailUrl":"https:\/\/www.pcimembranes.com\/wp-content\/uploads\/2021\/08\/research-1-scaled.jpg","datePublished":"2022-03-16T13:19:28+00:00","dateModified":"2025-07-25T10:00:57+00:00","breadcrumb":{"@id":"https:\/\/www.pcimembranes.com\/pl\/branze-przemyslowe\/edukacja-i-aplikacje-badawczo-rozwojowe\/#breadcrumb"},"inLanguage":"pl-PL","potentialAction":[{"@type":"ReadAction","target":["https:\/\/www.pcimembranes.com\/pl\/branze-przemyslowe\/edukacja-i-aplikacje-badawczo-rozwojowe\/"]}]},{"@type":"ImageObject","inLanguage":"pl-PL","@id":"https:\/\/www.pcimembranes.com\/pl\/branze-przemyslowe\/edukacja-i-aplikacje-badawczo-rozwojowe\/#primaryimage","url":"https:\/\/www.pcimembranes.com\/wp-content\/uploads\/2021\/08\/research-1-scaled.jpg","contentUrl":"https:\/\/www.pcimembranes.com\/wp-content\/uploads\/2021\/08\/research-1-scaled.jpg"},{"@type":"BreadcrumbList","@id":"https:\/\/www.pcimembranes.com\/pl\/branze-przemyslowe\/edukacja-i-aplikacje-badawczo-rozwojowe\/#breadcrumb","itemListElement":[{"@type":"ListItem","position":1,"name":"","item":"https:\/\/www.pcimembranes.com\/pl\/"},{"@type":"ListItem","position":2,"name":"Bran\u017ce Przemys\u0142owe","item":"https:\/\/www.pcimembranes.com\/pl\/branze-przemyslowe\/"},{"@type":"ListItem","position":3,"name":"Edukacja i Aplikacje Badawczo-Rozwojowe"}]},{"@type":"WebSite","@id":"https:\/\/www.pcimembranes.com\/pl\/#website","url":"https:\/\/www.pcimembranes.com\/pl\/","name":"PCI Membranes","description":"Making the World Safer, Healthier and More Productive","publisher":{"@id":"https:\/\/www.pcimembranes.com\/pl\/#organization"},"potentialAction":[{"@type":"SearchAction","target":{"@type":"EntryPoint","urlTemplate":"https:\/\/www.pcimembranes.com\/pl\/?s={search_term_string}"},"query-input":{"@type":"PropertyValueSpecification","valueRequired":true,"valueName":"search_term_string"}}],"inLanguage":"pl-PL"},{"@type":"Organization","@id":"https:\/\/www.pcimembranes.com\/pl\/#organization","name":"Filtration Group","url":"https:\/\/www.pcimembranes.com\/pl\/","logo":{"@type":"ImageObject","inLanguage":"pl-PL","@id":"https:\/\/www.pcimembranes.com\/pl\/#\/schema\/logo\/image\/","url":"https:\/\/www.pcimembranes.com\/wp-content\/uploads\/2019\/06\/FGC-logo-1.png","contentUrl":"https:\/\/www.pcimembranes.com\/wp-content\/uploads\/2019\/06\/FGC-logo-1.png","width":1104,"height":224,"caption":"Filtration Group"},"image":{"@id":"https:\/\/www.pcimembranes.com\/pl\/#\/schema\/logo\/image\/"}}]}},"_links":{"self":[{"href":"https:\/\/www.pcimembranes.com\/pl\/wp-json\/wp\/v2\/pages\/4271","targetHints":{"allow":["GET"]}}],"collection":[{"href":"https:\/\/www.pcimembranes.com\/pl\/wp-json\/wp\/v2\/pages"}],"about":[{"href":"https:\/\/www.pcimembranes.com\/pl\/wp-json\/wp\/v2\/types\/page"}],"author":[{"embeddable":true,"href":"https:\/\/www.pcimembranes.com\/pl\/wp-json\/wp\/v2\/users\/9"}],"replies":[{"embeddable":true,"href":"https:\/\/www.pcimembranes.com\/pl\/wp-json\/wp\/v2\/comments?post=4271"}],"version-history":[{"count":0,"href":"https:\/\/www.pcimembranes.com\/pl\/wp-json\/wp\/v2\/pages\/4271\/revisions"}],"up":[{"embeddable":true,"href":"https:\/\/www.pcimembranes.com\/pl\/wp-json\/wp\/v2\/pages\/4269"}],"wp:attachment":[{"href":"https:\/\/www.pcimembranes.com\/pl\/wp-json\/wp\/v2\/media?parent=4271"}],"curies":[{"name":"wp","href":"https:\/\/api.w.org\/{rel}","templated":true}]}}