{"id":4280,"date":"2022-03-16T13:18:54","date_gmt":"2022-03-16T13:18:54","guid":{"rendered":"https:\/\/www.pcimembranes.com\/?page_id=4280"},"modified":"2025-07-25T10:00:34","modified_gmt":"2025-07-25T10:00:34","slug":"celuloza-i-papier","status":"publish","type":"page","link":"https:\/\/www.pcimembranes.com\/pl\/branze-przemyslowe\/celuloza-i-papier\/","title":{"rendered":"Celuloza i Papier"},"content":{"rendered":"\n<div class=\"wp-block-cover alignfull has-background-dim\" style=\"min-height:260px;aspect-ratio:unset;\"><img loading=\"lazy\" decoding=\"async\" width=\"1170\" height=\"540\" class=\"wp-block-cover__image-background wp-image-3462\" alt=\"\" src=\"https:\/\/www.pcimembranes.com\/wp-content\/uploads\/2019\/10\/Paper-and-Pulp-Mill-1.jpg\" data-object-fit=\"cover\" srcset=\"https:\/\/www.pcimembranes.com\/wp-content\/uploads\/2019\/10\/Paper-and-Pulp-Mill-1.jpg 1170w, https:\/\/www.pcimembranes.com\/wp-content\/uploads\/2019\/10\/Paper-and-Pulp-Mill-1-300x138.jpg 300w, https:\/\/www.pcimembranes.com\/wp-content\/uploads\/2019\/10\/Paper-and-Pulp-Mill-1-768x354.jpg 768w, https:\/\/www.pcimembranes.com\/wp-content\/uploads\/2019\/10\/Paper-and-Pulp-Mill-1-1024x473.jpg 1024w\" sizes=\"auto, (max-width: 1170px) 100vw, 1170px\" \/><div class=\"wp-block-cover__inner-container is-layout-flow wp-block-cover-is-layout-flow\">\n\n<h1 class=\"has-text-align-center wp-block-heading\">Celuloza i Papier<\/h1>\n\n<\/div><\/div>\n\n\n\n<!--Close-->\t\n<\/div><\/div><\/section>\n<!--Menu-->\n<div class=\"no-top-margin\">\n<div class=\"msb-sticky-bar\">\n<div class=\"container\">\n  <div class=\"row\">\n    <div class=\"col-sm text-center\">\n      <a href=\"https:\/\/www.pcimembranes.com\/contactus\/\" class=\"btn btn-primary solution-trigger\">POROZMAWIAJ Z NASZYM EKSPERTEM<\/a>\n    <\/div>\n  <\/div>\n<\/div>\n<\/div>\n<\/div>\n<!--Open-->\n<section class=\"container\"><div class=\"row\"><div class=\"col-md-12\">\n\n\n\n<h2 class=\"wp-block-heading\">Innowacyjne Rozwi\u0105zania dla Produkt\u00f3w Drzewnych<\/h2>\n\n\n\n<p>Przemys\u0142 produkt\u00f3w drzewnych wytwarza du\u017ce ilo\u015bci \u015bciek\u00f3w, a tak\u017ce zu\u017cywa du\u017ce ilo\u015bci wody w ramach produkcji masy celulozowej i papieru. Firma PCI Membranes od ponad 30 lat \u015bci\u015ble wsp\u00f3\u0142pracuje z t\u0105 bran\u017c\u0105 i opracowa\u0142a innowacyjne rozwi\u0105zania, kt\u00f3re pomagaj\u0105 sprosta\u0107 coraz bardziej rygorystycznym wymaganiom bran\u017c.<\/p>\n\n\n\n<p>Przyk\u0142ady zastosowa\u0144 membran tubularnych obejmuj\u0105 redukcj\u0119 ChZT z \u015bciek\u00f3w z bielenia masy w\u0142\u00f3knistej przy u\u017cyciu ultrafiltracji tubularnej, frakcjonowanie lignosulfonian\u00f3w oraz odzyskiwanie i ponowne wykorzystanie \u015bciek\u00f3w i chemikali\u00f3w do powlekania z produkcji papieru lub nanokryszta\u0142\u00f3w celulozy i podobnych produkt\u00f3w na bazie celulozy.<\/p>\n\n\n\n<p><a href=\"https:\/\/www.pcimembranes.com\/wp-content\/uploads\/2020\/04\/2020-1234-PCI-Industry-Brochures_Pulp-Paper_v1.pdf\" target=\"_blank\" rel=\"noreferrer noopener\">KLIKNIJ TUTAJ<\/a>, aby uzyska\u0107 wi\u0119cej informacji dot. rozwi\u0105za\u0144 w zakresie Celulozy i Papieru<\/p>\n\n\n\n<figure class=\"wp-block-image size-medium\"><a href=\"https:\/\/www.pcimembranes.com\/wp-content\/uploads\/2020\/04\/2020-1234-PCI-Industry-Brochures_Pulp-Paper_v1.pdf\"><img loading=\"lazy\" decoding=\"async\" width=\"232\" height=\"300\" src=\"https:\/\/www.pcimembranes.com\/wp-content\/uploads\/2020\/04\/2020-PCI-Pulp-Paper_cover-1-232x300.jpg\" alt=\"\" class=\"wp-image-1060\" \/><\/a><\/figure>\n\n\n","protected":false},"excerpt":{"rendered":"<p>POROZMAWIAJ Z NASZYM EKSPERTEM Innowacyjne Rozwi\u0105zania dla Produkt\u00f3w Drzewnych Przemys\u0142 produkt\u00f3w drzewnych wytwarza du\u017ce ilo\u015bci \u015bciek\u00f3w, a tak\u017ce zu\u017cywa du\u017ce ilo\u015bci wody w ramach produkcji masy celulozowej i papieru. Firma PCI Membranes od ponad 30 lat \u015bci\u015ble wsp\u00f3\u0142pracuje z t\u0105 bran\u017c\u0105 i opracowa\u0142a innowacyjne rozwi\u0105zania, kt\u00f3re pomagaj\u0105 sprosta\u0107 coraz bardziej rygorystycznym wymaganiom bran\u017c. Przyk\u0142ady zastosowa\u0144 [&hellip;]<\/p>\n","protected":false},"author":9,"featured_media":0,"parent":4269,"menu_order":0,"comment_status":"closed","ping_status":"closed","template":"","meta":{"_acf_changed":false,"content-type":"","footnotes":""},"class_list":["post-4280","page","type-page","status-publish","hentry"],"acf":[],"yoast_head":"<!-- This site is optimized with the Yoast SEO plugin v27.3 - https:\/\/yoast.com\/product\/yoast-seo-wordpress\/ -->\n<title>Celuloza i Papier - PCI Membranes<\/title>\n<meta name=\"robots\" content=\"index, follow, max-snippet:-1, max-image-preview:large, max-video-preview:-1\" \/>\n<link rel=\"canonical\" href=\"https:\/\/www.pcimembranes.com\/pl\/branze-przemyslowe\/celuloza-i-papier\/\" \/>\n<meta property=\"og:locale\" content=\"pl_PL\" \/>\n<meta property=\"og:type\" content=\"article\" \/>\n<meta property=\"og:title\" content=\"Celuloza i Papier - PCI Membranes\" \/>\n<meta property=\"og:description\" content=\"POROZMAWIAJ Z NASZYM EKSPERTEM Innowacyjne Rozwi\u0105zania dla Produkt\u00f3w Drzewnych Przemys\u0142 produkt\u00f3w drzewnych wytwarza du\u017ce ilo\u015bci \u015bciek\u00f3w, a tak\u017ce zu\u017cywa du\u017ce ilo\u015bci wody w ramach produkcji masy celulozowej i papieru. Firma PCI Membranes od ponad 30 lat \u015bci\u015ble wsp\u00f3\u0142pracuje z t\u0105 bran\u017c\u0105 i opracowa\u0142a innowacyjne rozwi\u0105zania, kt\u00f3re pomagaj\u0105 sprosta\u0107 coraz bardziej rygorystycznym wymaganiom bran\u017c. Przyk\u0142ady zastosowa\u0144 [&hellip;]\" \/>\n<meta property=\"og:url\" content=\"https:\/\/www.pcimembranes.com\/pl\/branze-przemyslowe\/celuloza-i-papier\/\" \/>\n<meta property=\"og:site_name\" content=\"PCI Membranes\" \/>\n<meta property=\"article:modified_time\" content=\"2025-07-25T10:00:34+00:00\" \/>\n<meta property=\"og:image\" content=\"https:\/\/www.pcimembranes.com\/wp-content\/uploads\/2019\/10\/Paper-and-Pulp-Mill-1.jpg\" \/>\n\t<meta property=\"og:image:width\" content=\"1170\" \/>\n\t<meta property=\"og:image:height\" content=\"540\" \/>\n\t<meta property=\"og:image:type\" content=\"image\/jpeg\" \/>\n<meta name=\"twitter:card\" content=\"summary_large_image\" \/>\n<meta name=\"twitter:label1\" content=\"Szacowany czas czytania\" \/>\n\t<meta name=\"twitter:data1\" content=\"2 minuty\" \/>\n<script type=\"application\/ld+json\" class=\"yoast-schema-graph\">{\"@context\":\"https:\\\/\\\/schema.org\",\"@graph\":[{\"@type\":\"WebPage\",\"@id\":\"https:\\\/\\\/www.pcimembranes.com\\\/pl\\\/branze-przemyslowe\\\/celuloza-i-papier\\\/\",\"url\":\"https:\\\/\\\/www.pcimembranes.com\\\/pl\\\/branze-przemyslowe\\\/celuloza-i-papier\\\/\",\"name\":\"Celuloza i Papier - PCI Membranes\",\"isPartOf\":{\"@id\":\"https:\\\/\\\/www.pcimembranes.com\\\/pl\\\/#website\"},\"primaryImageOfPage\":{\"@id\":\"https:\\\/\\\/www.pcimembranes.com\\\/pl\\\/branze-przemyslowe\\\/celuloza-i-papier\\\/#primaryimage\"},\"image\":{\"@id\":\"https:\\\/\\\/www.pcimembranes.com\\\/pl\\\/branze-przemyslowe\\\/celuloza-i-papier\\\/#primaryimage\"},\"thumbnailUrl\":\"https:\\\/\\\/www.pcimembranes.com\\\/wp-content\\\/uploads\\\/2019\\\/10\\\/Paper-and-Pulp-Mill-1.jpg\",\"datePublished\":\"2022-03-16T13:18:54+00:00\",\"dateModified\":\"2025-07-25T10:00:34+00:00\",\"breadcrumb\":{\"@id\":\"https:\\\/\\\/www.pcimembranes.com\\\/pl\\\/branze-przemyslowe\\\/celuloza-i-papier\\\/#breadcrumb\"},\"inLanguage\":\"pl-PL\",\"potentialAction\":[{\"@type\":\"ReadAction\",\"target\":[\"https:\\\/\\\/www.pcimembranes.com\\\/pl\\\/branze-przemyslowe\\\/celuloza-i-papier\\\/\"]}]},{\"@type\":\"ImageObject\",\"inLanguage\":\"pl-PL\",\"@id\":\"https:\\\/\\\/www.pcimembranes.com\\\/pl\\\/branze-przemyslowe\\\/celuloza-i-papier\\\/#primaryimage\",\"url\":\"https:\\\/\\\/www.pcimembranes.com\\\/wp-content\\\/uploads\\\/2019\\\/10\\\/Paper-and-Pulp-Mill-1.jpg\",\"contentUrl\":\"https:\\\/\\\/www.pcimembranes.com\\\/wp-content\\\/uploads\\\/2019\\\/10\\\/Paper-and-Pulp-Mill-1.jpg\"},{\"@type\":\"BreadcrumbList\",\"@id\":\"https:\\\/\\\/www.pcimembranes.com\\\/pl\\\/branze-przemyslowe\\\/celuloza-i-papier\\\/#breadcrumb\",\"itemListElement\":[{\"@type\":\"ListItem\",\"position\":1,\"name\":\"\",\"item\":\"https:\\\/\\\/www.pcimembranes.com\\\/pl\\\/\"},{\"@type\":\"ListItem\",\"position\":2,\"name\":\"Bran\u017ce Przemys\u0142owe\",\"item\":\"https:\\\/\\\/www.pcimembranes.com\\\/pl\\\/branze-przemyslowe\\\/\"},{\"@type\":\"ListItem\",\"position\":3,\"name\":\"Celuloza i Papier\"}]},{\"@type\":\"WebSite\",\"@id\":\"https:\\\/\\\/www.pcimembranes.com\\\/pl\\\/#website\",\"url\":\"https:\\\/\\\/www.pcimembranes.com\\\/pl\\\/\",\"name\":\"PCI Membranes\",\"description\":\"Making the World Safer, Healthier and More Productive\",\"publisher\":{\"@id\":\"https:\\\/\\\/www.pcimembranes.com\\\/pl\\\/#organization\"},\"potentialAction\":[{\"@type\":\"SearchAction\",\"target\":{\"@type\":\"EntryPoint\",\"urlTemplate\":\"https:\\\/\\\/www.pcimembranes.com\\\/pl\\\/?s={search_term_string}\"},\"query-input\":{\"@type\":\"PropertyValueSpecification\",\"valueRequired\":true,\"valueName\":\"search_term_string\"}}],\"inLanguage\":\"pl-PL\"},{\"@type\":\"Organization\",\"@id\":\"https:\\\/\\\/www.pcimembranes.com\\\/pl\\\/#organization\",\"name\":\"Filtration Group\",\"url\":\"https:\\\/\\\/www.pcimembranes.com\\\/pl\\\/\",\"logo\":{\"@type\":\"ImageObject\",\"inLanguage\":\"pl-PL\",\"@id\":\"https:\\\/\\\/www.pcimembranes.com\\\/pl\\\/#\\\/schema\\\/logo\\\/image\\\/\",\"url\":\"https:\\\/\\\/www.pcimembranes.com\\\/wp-content\\\/uploads\\\/2019\\\/06\\\/FGC-logo-1.png\",\"contentUrl\":\"https:\\\/\\\/www.pcimembranes.com\\\/wp-content\\\/uploads\\\/2019\\\/06\\\/FGC-logo-1.png\",\"width\":1104,\"height\":224,\"caption\":\"Filtration Group\"},\"image\":{\"@id\":\"https:\\\/\\\/www.pcimembranes.com\\\/pl\\\/#\\\/schema\\\/logo\\\/image\\\/\"}}]}<\/script>\n<!-- \/ Yoast SEO plugin. -->","yoast_head_json":{"title":"Celuloza i Papier - PCI Membranes","robots":{"index":"index","follow":"follow","max-snippet":"max-snippet:-1","max-image-preview":"max-image-preview:large","max-video-preview":"max-video-preview:-1"},"canonical":"https:\/\/www.pcimembranes.com\/pl\/branze-przemyslowe\/celuloza-i-papier\/","og_locale":"pl_PL","og_type":"article","og_title":"Celuloza i Papier - PCI Membranes","og_description":"POROZMAWIAJ Z NASZYM EKSPERTEM Innowacyjne Rozwi\u0105zania dla Produkt\u00f3w Drzewnych Przemys\u0142 produkt\u00f3w drzewnych wytwarza du\u017ce ilo\u015bci \u015bciek\u00f3w, a tak\u017ce zu\u017cywa du\u017ce ilo\u015bci wody w ramach produkcji masy celulozowej i papieru. Firma PCI Membranes od ponad 30 lat \u015bci\u015ble wsp\u00f3\u0142pracuje z t\u0105 bran\u017c\u0105 i opracowa\u0142a innowacyjne rozwi\u0105zania, kt\u00f3re pomagaj\u0105 sprosta\u0107 coraz bardziej rygorystycznym wymaganiom bran\u017c. Przyk\u0142ady zastosowa\u0144 [&hellip;]","og_url":"https:\/\/www.pcimembranes.com\/pl\/branze-przemyslowe\/celuloza-i-papier\/","og_site_name":"PCI Membranes","article_modified_time":"2025-07-25T10:00:34+00:00","og_image":[{"width":1170,"height":540,"url":"https:\/\/www.pcimembranes.com\/wp-content\/uploads\/2019\/10\/Paper-and-Pulp-Mill-1.jpg","type":"image\/jpeg"}],"twitter_card":"summary_large_image","twitter_misc":{"Szacowany czas czytania":"2 minuty"},"schema":{"@context":"https:\/\/schema.org","@graph":[{"@type":"WebPage","@id":"https:\/\/www.pcimembranes.com\/pl\/branze-przemyslowe\/celuloza-i-papier\/","url":"https:\/\/www.pcimembranes.com\/pl\/branze-przemyslowe\/celuloza-i-papier\/","name":"Celuloza i Papier - PCI Membranes","isPartOf":{"@id":"https:\/\/www.pcimembranes.com\/pl\/#website"},"primaryImageOfPage":{"@id":"https:\/\/www.pcimembranes.com\/pl\/branze-przemyslowe\/celuloza-i-papier\/#primaryimage"},"image":{"@id":"https:\/\/www.pcimembranes.com\/pl\/branze-przemyslowe\/celuloza-i-papier\/#primaryimage"},"thumbnailUrl":"https:\/\/www.pcimembranes.com\/wp-content\/uploads\/2019\/10\/Paper-and-Pulp-Mill-1.jpg","datePublished":"2022-03-16T13:18:54+00:00","dateModified":"2025-07-25T10:00:34+00:00","breadcrumb":{"@id":"https:\/\/www.pcimembranes.com\/pl\/branze-przemyslowe\/celuloza-i-papier\/#breadcrumb"},"inLanguage":"pl-PL","potentialAction":[{"@type":"ReadAction","target":["https:\/\/www.pcimembranes.com\/pl\/branze-przemyslowe\/celuloza-i-papier\/"]}]},{"@type":"ImageObject","inLanguage":"pl-PL","@id":"https:\/\/www.pcimembranes.com\/pl\/branze-przemyslowe\/celuloza-i-papier\/#primaryimage","url":"https:\/\/www.pcimembranes.com\/wp-content\/uploads\/2019\/10\/Paper-and-Pulp-Mill-1.jpg","contentUrl":"https:\/\/www.pcimembranes.com\/wp-content\/uploads\/2019\/10\/Paper-and-Pulp-Mill-1.jpg"},{"@type":"BreadcrumbList","@id":"https:\/\/www.pcimembranes.com\/pl\/branze-przemyslowe\/celuloza-i-papier\/#breadcrumb","itemListElement":[{"@type":"ListItem","position":1,"name":"","item":"https:\/\/www.pcimembranes.com\/pl\/"},{"@type":"ListItem","position":2,"name":"Bran\u017ce Przemys\u0142owe","item":"https:\/\/www.pcimembranes.com\/pl\/branze-przemyslowe\/"},{"@type":"ListItem","position":3,"name":"Celuloza i Papier"}]},{"@type":"WebSite","@id":"https:\/\/www.pcimembranes.com\/pl\/#website","url":"https:\/\/www.pcimembranes.com\/pl\/","name":"PCI Membranes","description":"Making the World Safer, Healthier and More Productive","publisher":{"@id":"https:\/\/www.pcimembranes.com\/pl\/#organization"},"potentialAction":[{"@type":"SearchAction","target":{"@type":"EntryPoint","urlTemplate":"https:\/\/www.pcimembranes.com\/pl\/?s={search_term_string}"},"query-input":{"@type":"PropertyValueSpecification","valueRequired":true,"valueName":"search_term_string"}}],"inLanguage":"pl-PL"},{"@type":"Organization","@id":"https:\/\/www.pcimembranes.com\/pl\/#organization","name":"Filtration Group","url":"https:\/\/www.pcimembranes.com\/pl\/","logo":{"@type":"ImageObject","inLanguage":"pl-PL","@id":"https:\/\/www.pcimembranes.com\/pl\/#\/schema\/logo\/image\/","url":"https:\/\/www.pcimembranes.com\/wp-content\/uploads\/2019\/06\/FGC-logo-1.png","contentUrl":"https:\/\/www.pcimembranes.com\/wp-content\/uploads\/2019\/06\/FGC-logo-1.png","width":1104,"height":224,"caption":"Filtration Group"},"image":{"@id":"https:\/\/www.pcimembranes.com\/pl\/#\/schema\/logo\/image\/"}}]}},"_links":{"self":[{"href":"https:\/\/www.pcimembranes.com\/pl\/wp-json\/wp\/v2\/pages\/4280","targetHints":{"allow":["GET"]}}],"collection":[{"href":"https:\/\/www.pcimembranes.com\/pl\/wp-json\/wp\/v2\/pages"}],"about":[{"href":"https:\/\/www.pcimembranes.com\/pl\/wp-json\/wp\/v2\/types\/page"}],"author":[{"embeddable":true,"href":"https:\/\/www.pcimembranes.com\/pl\/wp-json\/wp\/v2\/users\/9"}],"replies":[{"embeddable":true,"href":"https:\/\/www.pcimembranes.com\/pl\/wp-json\/wp\/v2\/comments?post=4280"}],"version-history":[{"count":0,"href":"https:\/\/www.pcimembranes.com\/pl\/wp-json\/wp\/v2\/pages\/4280\/revisions"}],"up":[{"embeddable":true,"href":"https:\/\/www.pcimembranes.com\/pl\/wp-json\/wp\/v2\/pages\/4269"}],"wp:attachment":[{"href":"https:\/\/www.pcimembranes.com\/pl\/wp-json\/wp\/v2\/media?parent=4280"}],"curies":[{"name":"wp","href":"https:\/\/api.w.org\/{rel}","templated":true}]}}