{"id":4283,"date":"2022-03-16T13:22:18","date_gmt":"2022-03-16T13:22:18","guid":{"rendered":"https:\/\/www.pcimembranes.com\/?page_id=4283"},"modified":"2025-07-25T10:03:07","modified_gmt":"2025-07-25T10:03:07","slug":"pliki-do-pobrania","status":"publish","type":"page","link":"https:\/\/www.pcimembranes.com\/pl\/pliki-do-pobrania\/","title":{"rendered":"Pliki do Pobrania"},"content":{"rendered":"\n<div class=\"wp-block-cover alignfull has-background-dim\" style=\"min-height:99px;aspect-ratio:unset;\"><img loading=\"lazy\" decoding=\"async\" width=\"2000\" height=\"1500\" class=\"wp-block-cover__image-background wp-image-3466\" alt=\"\" src=\"https:\/\/www.pcimembranes.com\/wp-content\/uploads\/2019\/10\/bigstock-Computer-servers-34089020_bw.jpg\" data-object-fit=\"cover\" srcset=\"https:\/\/www.pcimembranes.com\/wp-content\/uploads\/2019\/10\/bigstock-Computer-servers-34089020_bw.jpg 2000w, https:\/\/www.pcimembranes.com\/wp-content\/uploads\/2019\/10\/bigstock-Computer-servers-34089020_bw-300x225.jpg 300w, https:\/\/www.pcimembranes.com\/wp-content\/uploads\/2019\/10\/bigstock-Computer-servers-34089020_bw-768x576.jpg 768w, https:\/\/www.pcimembranes.com\/wp-content\/uploads\/2019\/10\/bigstock-Computer-servers-34089020_bw-1024x768.jpg 1024w\" sizes=\"auto, (max-width: 2000px) 100vw, 2000px\" \/><div class=\"wp-block-cover__inner-container is-layout-flow wp-block-cover-is-layout-flow\">\n\n<h1 class=\"has-text-align-center wp-block-heading\">Pliki do Pobrania<\/h1>\n\n\n<p><\/p>\n\n<\/div><\/div>\n\n\n\n<!--Close-->\t\n<\/div><\/div><\/section>\n<!--Menu-->\n<div class=\"no-top-margin\">\n<div class=\"msb-sticky-bar\">\n<div class=\"container\">\n  <div class=\"row\">\n    <div class=\"col-sm text-center\">\n      <a href=\"https:\/\/www.pcimembranes.com\/contactus\/\" class=\"btn btn-primary solution-trigger\">POROZMAWIAJ Z NASZYM EKSPERTEM<\/a>\n    <\/div>\n  <\/div>\n<\/div>\n<\/div>\n<\/div>\n<!--Open-->\n<section class=\"container\"><div class=\"row\"><div class=\"col-md-12\">\n\n\n\n<div class=\"wp-block-media-text alignwide is-stacked-on-mobile\"><figure class=\"wp-block-media-text__media\"><img loading=\"lazy\" decoding=\"async\" width=\"1024\" height=\"723\" src=\"https:\/\/www.pcimembranes.com\/wp-content\/uploads\/2020\/02\/iStock-959494038-Converted-01-2-1024x723.png\" alt=\"\" class=\"wp-image-3502 size-full\" srcset=\"https:\/\/www.pcimembranes.com\/wp-content\/uploads\/2020\/02\/iStock-959494038-Converted-01-2-1024x723.png 1024w, https:\/\/www.pcimembranes.com\/wp-content\/uploads\/2020\/02\/iStock-959494038-Converted-01-2-300x212.png 300w, https:\/\/www.pcimembranes.com\/wp-content\/uploads\/2020\/02\/iStock-959494038-Converted-01-2-768x542.png 768w, https:\/\/www.pcimembranes.com\/wp-content\/uploads\/2020\/02\/iStock-959494038-Converted-01-2-1536x1085.png 1536w, https:\/\/www.pcimembranes.com\/wp-content\/uploads\/2020\/02\/iStock-959494038-Converted-01-2-2048x1446.png 2048w\" sizes=\"auto, (max-width: 1024px) 100vw, 1024px\" \/><\/figure><div class=\"wp-block-media-text__content\">\n\n<h3 class=\"wp-block-heading\">Zastosowania<\/h3>\n\n\n<p>Zastosowania membran firmy PCI Membranes<\/p>\n\n\n<p><a href=\"https:\/\/www.pcimembranes.com\/wp-content\/uploads\/2020\/02\/2020-PCI____PCI_Membranes_Applications_BB_MASTER.pdf\">DOWIEDZ SI\u0118 WI\u0118CEJ<br><\/a><\/p>\n\n\n<p><\/p>\n\n<\/div><\/div>\n\n\n\n<div class=\"wp-block-media-text alignwide is-stacked-on-mobile\"><figure class=\"wp-block-media-text__media\"><img loading=\"lazy\" decoding=\"async\" width=\"1024\" height=\"1024\" src=\"https:\/\/www.pcimembranes.com\/wp-content\/uploads\/2019\/10\/Shared-Culture_K-1024x1024.png\" alt=\"\" class=\"wp-image-3467 size-full\" srcset=\"https:\/\/www.pcimembranes.com\/wp-content\/uploads\/2019\/10\/Shared-Culture_K-1024x1024.png 1024w, https:\/\/www.pcimembranes.com\/wp-content\/uploads\/2019\/10\/Shared-Culture_K-150x150.png 150w, https:\/\/www.pcimembranes.com\/wp-content\/uploads\/2019\/10\/Shared-Culture_K-300x300.png 300w, https:\/\/www.pcimembranes.com\/wp-content\/uploads\/2019\/10\/Shared-Culture_K-768x768.png 768w, https:\/\/www.pcimembranes.com\/wp-content\/uploads\/2019\/10\/Shared-Culture_K.png 1650w\" sizes=\"auto, (max-width: 1024px) 100vw, 1024px\" \/><\/figure><div class=\"wp-block-media-text__content\">\n\n<h3 class=\"wp-block-heading\">Referencje<\/h3>\n\n\n<p>Referencje instalacji firmy PCI Membranes<\/p>\n\n\n<p><a href=\"https:\/\/www.pcimembranes.com\/download-centre\/case-studies\/\">DOWIEDZ SI\u0118 WI\u0118CEJ<\/a><\/p>\n\n\n<p><\/p>\n\n<\/div><\/div>\n\n\n\n<div class=\"wp-block-media-text alignwide is-stacked-on-mobile\"><figure class=\"wp-block-media-text__media\"><img loading=\"lazy\" decoding=\"async\" width=\"1024\" height=\"1024\" src=\"https:\/\/www.pcimembranes.com\/wp-content\/uploads\/2019\/10\/Electronics_K-1024x1024.png\" alt=\"\" class=\"wp-image-3468 size-full\" srcset=\"https:\/\/www.pcimembranes.com\/wp-content\/uploads\/2019\/10\/Electronics_K-1024x1024.png 1024w, https:\/\/www.pcimembranes.com\/wp-content\/uploads\/2019\/10\/Electronics_K-150x150.png 150w, https:\/\/www.pcimembranes.com\/wp-content\/uploads\/2019\/10\/Electronics_K-300x300.png 300w, https:\/\/www.pcimembranes.com\/wp-content\/uploads\/2019\/10\/Electronics_K-768x768.png 768w, https:\/\/www.pcimembranes.com\/wp-content\/uploads\/2019\/10\/Electronics_K.png 1650w\" sizes=\"auto, (max-width: 1024px) 100vw, 1024px\" \/><\/figure><div class=\"wp-block-media-text__content\">\n\n<h3 class=\"wp-block-heading\">Techniczne Karty Katalogowe Produkt\u00f3w PCI Membranes<\/h3>\n\n\n<p><a href=\"https:\/\/www.pcimembranes.com\/pl\/pliki-do-pobrania\/karty-katalogowe\/\">DOWIEDZ SI\u0118 WI\u0118CEJ<\/a><\/p>\n\n<\/div><\/div>\n\n\n\n<div class=\"wp-block-media-text alignwide is-stacked-on-mobile\"><figure class=\"wp-block-media-text__media\"><img loading=\"lazy\" decoding=\"async\" width=\"1024\" height=\"1024\" src=\"https:\/\/www.pcimembranes.com\/wp-content\/uploads\/2019\/10\/Compressors_K-1024x1024.png\" alt=\"\" class=\"wp-image-3469 size-full\" srcset=\"https:\/\/www.pcimembranes.com\/wp-content\/uploads\/2019\/10\/Compressors_K-1024x1024.png 1024w, https:\/\/www.pcimembranes.com\/wp-content\/uploads\/2019\/10\/Compressors_K-150x150.png 150w, https:\/\/www.pcimembranes.com\/wp-content\/uploads\/2019\/10\/Compressors_K-300x300.png 300w, https:\/\/www.pcimembranes.com\/wp-content\/uploads\/2019\/10\/Compressors_K-768x768.png 768w, https:\/\/www.pcimembranes.com\/wp-content\/uploads\/2019\/10\/Compressors_K.png 1650w\" sizes=\"auto, (max-width: 1024px) 100vw, 1024px\" \/><\/figure><div class=\"wp-block-media-text__content\">\n\n<h3 class=\"wp-block-heading\">Instrukcje Obs\u0142ugi Produkt\u00f3w PCI Membranes<\/h3>\n\n\n<p><a href=\"https:\/\/www.pcimembranes.com\/download-centre\/maintenance-manuals\/\">DOWIEDZ SI\u0118 WI\u0118CEJ<\/a><br><\/p>\n\n<\/div><\/div>\n\n\n\n<div class=\"wp-block-media-text alignwide is-stacked-on-mobile\"><figure class=\"wp-block-media-text__media\"><img loading=\"lazy\" decoding=\"async\" width=\"1024\" height=\"1024\" src=\"https:\/\/www.pcimembranes.com\/wp-content\/uploads\/2019\/10\/Back-Office_K-1024x1024.png\" alt=\"\" class=\"wp-image-3470 size-full\" srcset=\"https:\/\/www.pcimembranes.com\/wp-content\/uploads\/2019\/10\/Back-Office_K-1024x1024.png 1024w, https:\/\/www.pcimembranes.com\/wp-content\/uploads\/2019\/10\/Back-Office_K-150x150.png 150w, https:\/\/www.pcimembranes.com\/wp-content\/uploads\/2019\/10\/Back-Office_K-300x300.png 300w, https:\/\/www.pcimembranes.com\/wp-content\/uploads\/2019\/10\/Back-Office_K-768x768.png 768w, https:\/\/www.pcimembranes.com\/wp-content\/uploads\/2019\/10\/Back-Office_K.png 1650w\" sizes=\"auto, (max-width: 1024px) 100vw, 1024px\" \/><\/figure><div class=\"wp-block-media-text__content\">\n\n<h3 class=\"wp-block-heading\">Informacje o Produktach<\/h3>\n\n\n<p><a href=\"https:\/\/www.pcimembranes.com\/pl\/pliki-do-pobrania\/informacje-o-produkcie\/\">DOWIEDZ SI\u0118 WI\u0118CEJ<\/a><\/p>\n\n<\/div><\/div>\n\n\n<div\n\t\t\t\n\t\t\tclass=\"so-widget-sow-post-carousel so-widget-sow-post-carousel-base-ad93eedad001\"\n\t\t\t\n\t\t><\/div>","protected":false},"excerpt":{"rendered":"<p>POROZMAWIAJ Z NASZYM EKSPERTEM Zastosowania Zastosowania membran firmy PCI Membranes DOWIEDZ SI\u0118 WI\u0118CEJ Referencje Referencje instalacji firmy PCI Membranes DOWIEDZ SI\u0118 WI\u0118CEJ Techniczne Karty Katalogowe Produkt\u00f3w PCI Membranes DOWIEDZ SI\u0118 WI\u0118CEJ Instrukcje Obs\u0142ugi Produkt\u00f3w PCI Membranes DOWIEDZ SI\u0118 WI\u0118CEJ Informacje o Produktach DOWIEDZ SI\u0118 WI\u0118CEJ<\/p>\n","protected":false},"author":9,"featured_media":0,"parent":0,"menu_order":0,"comment_status":"closed","ping_status":"closed","template":"","meta":{"_acf_changed":false,"content-type":"","footnotes":""},"class_list":["post-4283","page","type-page","status-publish","hentry"],"acf":[],"yoast_head":"<!-- This site is optimized with the Yoast SEO plugin v27.3 - https:\/\/yoast.com\/product\/yoast-seo-wordpress\/ -->\n<title>Pliki do Pobrania - PCI Membranes<\/title>\n<meta name=\"robots\" content=\"index, follow, max-snippet:-1, max-image-preview:large, max-video-preview:-1\" \/>\n<link rel=\"canonical\" href=\"https:\/\/www.pcimembranes.com\/pl\/pliki-do-pobrania\/\" \/>\n<meta property=\"og:locale\" content=\"pl_PL\" \/>\n<meta property=\"og:type\" content=\"article\" \/>\n<meta property=\"og:title\" content=\"Pliki do Pobrania - PCI Membranes\" \/>\n<meta property=\"og:description\" content=\"POROZMAWIAJ Z NASZYM EKSPERTEM Zastosowania Zastosowania membran firmy PCI Membranes DOWIEDZ SI\u0118 WI\u0118CEJ Referencje Referencje instalacji firmy PCI Membranes DOWIEDZ SI\u0118 WI\u0118CEJ Techniczne Karty Katalogowe Produkt\u00f3w PCI Membranes DOWIEDZ SI\u0118 WI\u0118CEJ Instrukcje Obs\u0142ugi Produkt\u00f3w PCI Membranes DOWIEDZ SI\u0118 WI\u0118CEJ Informacje o Produktach DOWIEDZ SI\u0118 WI\u0118CEJ\" \/>\n<meta property=\"og:url\" content=\"https:\/\/www.pcimembranes.com\/pl\/pliki-do-pobrania\/\" \/>\n<meta property=\"og:site_name\" content=\"PCI Membranes\" \/>\n<meta property=\"article:modified_time\" content=\"2025-07-25T10:03:07+00:00\" \/>\n<meta property=\"og:image\" content=\"https:\/\/www.pcimembranes.com\/wp-content\/uploads\/2019\/10\/bigstock-Computer-servers-34089020_bw.jpg\" \/>\n\t<meta property=\"og:image:width\" content=\"2000\" \/>\n\t<meta property=\"og:image:height\" content=\"1500\" \/>\n\t<meta property=\"og:image:type\" content=\"image\/jpeg\" \/>\n<meta name=\"twitter:card\" content=\"summary_large_image\" \/>\n<meta name=\"twitter:label1\" content=\"Szacowany czas czytania\" \/>\n\t<meta name=\"twitter:data1\" content=\"2 minuty\" \/>\n<script type=\"application\/ld+json\" class=\"yoast-schema-graph\">{\"@context\":\"https:\\\/\\\/schema.org\",\"@graph\":[{\"@type\":\"WebPage\",\"@id\":\"https:\\\/\\\/www.pcimembranes.com\\\/pl\\\/pliki-do-pobrania\\\/\",\"url\":\"https:\\\/\\\/www.pcimembranes.com\\\/pl\\\/pliki-do-pobrania\\\/\",\"name\":\"Pliki do Pobrania - PCI Membranes\",\"isPartOf\":{\"@id\":\"https:\\\/\\\/www.pcimembranes.com\\\/pl\\\/#website\"},\"primaryImageOfPage\":{\"@id\":\"https:\\\/\\\/www.pcimembranes.com\\\/pl\\\/pliki-do-pobrania\\\/#primaryimage\"},\"image\":{\"@id\":\"https:\\\/\\\/www.pcimembranes.com\\\/pl\\\/pliki-do-pobrania\\\/#primaryimage\"},\"thumbnailUrl\":\"https:\\\/\\\/www.pcimembranes.com\\\/wp-content\\\/uploads\\\/2019\\\/10\\\/bigstock-Computer-servers-34089020_bw.jpg\",\"datePublished\":\"2022-03-16T13:22:18+00:00\",\"dateModified\":\"2025-07-25T10:03:07+00:00\",\"breadcrumb\":{\"@id\":\"https:\\\/\\\/www.pcimembranes.com\\\/pl\\\/pliki-do-pobrania\\\/#breadcrumb\"},\"inLanguage\":\"pl-PL\",\"potentialAction\":[{\"@type\":\"ReadAction\",\"target\":[\"https:\\\/\\\/www.pcimembranes.com\\\/pl\\\/pliki-do-pobrania\\\/\"]}]},{\"@type\":\"ImageObject\",\"inLanguage\":\"pl-PL\",\"@id\":\"https:\\\/\\\/www.pcimembranes.com\\\/pl\\\/pliki-do-pobrania\\\/#primaryimage\",\"url\":\"https:\\\/\\\/www.pcimembranes.com\\\/wp-content\\\/uploads\\\/2019\\\/10\\\/bigstock-Computer-servers-34089020_bw.jpg\",\"contentUrl\":\"https:\\\/\\\/www.pcimembranes.com\\\/wp-content\\\/uploads\\\/2019\\\/10\\\/bigstock-Computer-servers-34089020_bw.jpg\"},{\"@type\":\"BreadcrumbList\",\"@id\":\"https:\\\/\\\/www.pcimembranes.com\\\/pl\\\/pliki-do-pobrania\\\/#breadcrumb\",\"itemListElement\":[{\"@type\":\"ListItem\",\"position\":1,\"name\":\"\",\"item\":\"https:\\\/\\\/www.pcimembranes.com\\\/pl\\\/\"},{\"@type\":\"ListItem\",\"position\":2,\"name\":\"Pliki do Pobrania\"}]},{\"@type\":\"WebSite\",\"@id\":\"https:\\\/\\\/www.pcimembranes.com\\\/pl\\\/#website\",\"url\":\"https:\\\/\\\/www.pcimembranes.com\\\/pl\\\/\",\"name\":\"PCI Membranes\",\"description\":\"Making the World Safer, Healthier and More Productive\",\"publisher\":{\"@id\":\"https:\\\/\\\/www.pcimembranes.com\\\/pl\\\/#organization\"},\"potentialAction\":[{\"@type\":\"SearchAction\",\"target\":{\"@type\":\"EntryPoint\",\"urlTemplate\":\"https:\\\/\\\/www.pcimembranes.com\\\/pl\\\/?s={search_term_string}\"},\"query-input\":{\"@type\":\"PropertyValueSpecification\",\"valueRequired\":true,\"valueName\":\"search_term_string\"}}],\"inLanguage\":\"pl-PL\"},{\"@type\":\"Organization\",\"@id\":\"https:\\\/\\\/www.pcimembranes.com\\\/pl\\\/#organization\",\"name\":\"Filtration Group\",\"url\":\"https:\\\/\\\/www.pcimembranes.com\\\/pl\\\/\",\"logo\":{\"@type\":\"ImageObject\",\"inLanguage\":\"pl-PL\",\"@id\":\"https:\\\/\\\/www.pcimembranes.com\\\/pl\\\/#\\\/schema\\\/logo\\\/image\\\/\",\"url\":\"https:\\\/\\\/www.pcimembranes.com\\\/wp-content\\\/uploads\\\/2019\\\/06\\\/FGC-logo-1.png\",\"contentUrl\":\"https:\\\/\\\/www.pcimembranes.com\\\/wp-content\\\/uploads\\\/2019\\\/06\\\/FGC-logo-1.png\",\"width\":1104,\"height\":224,\"caption\":\"Filtration Group\"},\"image\":{\"@id\":\"https:\\\/\\\/www.pcimembranes.com\\\/pl\\\/#\\\/schema\\\/logo\\\/image\\\/\"}}]}<\/script>\n<!-- \/ Yoast SEO plugin. -->","yoast_head_json":{"title":"Pliki do Pobrania - PCI Membranes","robots":{"index":"index","follow":"follow","max-snippet":"max-snippet:-1","max-image-preview":"max-image-preview:large","max-video-preview":"max-video-preview:-1"},"canonical":"https:\/\/www.pcimembranes.com\/pl\/pliki-do-pobrania\/","og_locale":"pl_PL","og_type":"article","og_title":"Pliki do Pobrania - PCI Membranes","og_description":"POROZMAWIAJ Z NASZYM EKSPERTEM Zastosowania Zastosowania membran firmy PCI Membranes DOWIEDZ SI\u0118 WI\u0118CEJ Referencje Referencje instalacji firmy PCI Membranes DOWIEDZ SI\u0118 WI\u0118CEJ Techniczne Karty Katalogowe Produkt\u00f3w PCI Membranes DOWIEDZ SI\u0118 WI\u0118CEJ Instrukcje Obs\u0142ugi Produkt\u00f3w PCI Membranes DOWIEDZ SI\u0118 WI\u0118CEJ Informacje o Produktach DOWIEDZ SI\u0118 WI\u0118CEJ","og_url":"https:\/\/www.pcimembranes.com\/pl\/pliki-do-pobrania\/","og_site_name":"PCI Membranes","article_modified_time":"2025-07-25T10:03:07+00:00","og_image":[{"width":2000,"height":1500,"url":"https:\/\/www.pcimembranes.com\/wp-content\/uploads\/2019\/10\/bigstock-Computer-servers-34089020_bw.jpg","type":"image\/jpeg"}],"twitter_card":"summary_large_image","twitter_misc":{"Szacowany czas czytania":"2 minuty"},"schema":{"@context":"https:\/\/schema.org","@graph":[{"@type":"WebPage","@id":"https:\/\/www.pcimembranes.com\/pl\/pliki-do-pobrania\/","url":"https:\/\/www.pcimembranes.com\/pl\/pliki-do-pobrania\/","name":"Pliki do Pobrania - PCI Membranes","isPartOf":{"@id":"https:\/\/www.pcimembranes.com\/pl\/#website"},"primaryImageOfPage":{"@id":"https:\/\/www.pcimembranes.com\/pl\/pliki-do-pobrania\/#primaryimage"},"image":{"@id":"https:\/\/www.pcimembranes.com\/pl\/pliki-do-pobrania\/#primaryimage"},"thumbnailUrl":"https:\/\/www.pcimembranes.com\/wp-content\/uploads\/2019\/10\/bigstock-Computer-servers-34089020_bw.jpg","datePublished":"2022-03-16T13:22:18+00:00","dateModified":"2025-07-25T10:03:07+00:00","breadcrumb":{"@id":"https:\/\/www.pcimembranes.com\/pl\/pliki-do-pobrania\/#breadcrumb"},"inLanguage":"pl-PL","potentialAction":[{"@type":"ReadAction","target":["https:\/\/www.pcimembranes.com\/pl\/pliki-do-pobrania\/"]}]},{"@type":"ImageObject","inLanguage":"pl-PL","@id":"https:\/\/www.pcimembranes.com\/pl\/pliki-do-pobrania\/#primaryimage","url":"https:\/\/www.pcimembranes.com\/wp-content\/uploads\/2019\/10\/bigstock-Computer-servers-34089020_bw.jpg","contentUrl":"https:\/\/www.pcimembranes.com\/wp-content\/uploads\/2019\/10\/bigstock-Computer-servers-34089020_bw.jpg"},{"@type":"BreadcrumbList","@id":"https:\/\/www.pcimembranes.com\/pl\/pliki-do-pobrania\/#breadcrumb","itemListElement":[{"@type":"ListItem","position":1,"name":"","item":"https:\/\/www.pcimembranes.com\/pl\/"},{"@type":"ListItem","position":2,"name":"Pliki do Pobrania"}]},{"@type":"WebSite","@id":"https:\/\/www.pcimembranes.com\/pl\/#website","url":"https:\/\/www.pcimembranes.com\/pl\/","name":"PCI Membranes","description":"Making the World Safer, Healthier and More Productive","publisher":{"@id":"https:\/\/www.pcimembranes.com\/pl\/#organization"},"potentialAction":[{"@type":"SearchAction","target":{"@type":"EntryPoint","urlTemplate":"https:\/\/www.pcimembranes.com\/pl\/?s={search_term_string}"},"query-input":{"@type":"PropertyValueSpecification","valueRequired":true,"valueName":"search_term_string"}}],"inLanguage":"pl-PL"},{"@type":"Organization","@id":"https:\/\/www.pcimembranes.com\/pl\/#organization","name":"Filtration Group","url":"https:\/\/www.pcimembranes.com\/pl\/","logo":{"@type":"ImageObject","inLanguage":"pl-PL","@id":"https:\/\/www.pcimembranes.com\/pl\/#\/schema\/logo\/image\/","url":"https:\/\/www.pcimembranes.com\/wp-content\/uploads\/2019\/06\/FGC-logo-1.png","contentUrl":"https:\/\/www.pcimembranes.com\/wp-content\/uploads\/2019\/06\/FGC-logo-1.png","width":1104,"height":224,"caption":"Filtration Group"},"image":{"@id":"https:\/\/www.pcimembranes.com\/pl\/#\/schema\/logo\/image\/"}}]}},"_links":{"self":[{"href":"https:\/\/www.pcimembranes.com\/pl\/wp-json\/wp\/v2\/pages\/4283","targetHints":{"allow":["GET"]}}],"collection":[{"href":"https:\/\/www.pcimembranes.com\/pl\/wp-json\/wp\/v2\/pages"}],"about":[{"href":"https:\/\/www.pcimembranes.com\/pl\/wp-json\/wp\/v2\/types\/page"}],"author":[{"embeddable":true,"href":"https:\/\/www.pcimembranes.com\/pl\/wp-json\/wp\/v2\/users\/9"}],"replies":[{"embeddable":true,"href":"https:\/\/www.pcimembranes.com\/pl\/wp-json\/wp\/v2\/comments?post=4283"}],"version-history":[{"count":0,"href":"https:\/\/www.pcimembranes.com\/pl\/wp-json\/wp\/v2\/pages\/4283\/revisions"}],"wp:attachment":[{"href":"https:\/\/www.pcimembranes.com\/pl\/wp-json\/wp\/v2\/media?parent=4283"}],"curies":[{"name":"wp","href":"https:\/\/api.w.org\/{rel}","templated":true}]}}