{"id":4284,"date":"2022-03-16T13:23:46","date_gmt":"2022-03-16T13:23:46","guid":{"rendered":"https:\/\/www.pcimembranes.com\/?page_id=4284"},"modified":"2025-12-11T14:32:54","modified_gmt":"2025-12-11T14:32:54","slug":"informacje-o-produkcie","status":"publish","type":"page","link":"https:\/\/www.pcimembranes.com\/pl\/pliki-do-pobrania\/informacje-o-produkcie\/","title":{"rendered":"Informacje o Produkcie"},"content":{"rendered":"\n<div class=\"wp-block-cover alignfull has-dark-gray-background-color has-background-dim\" style=\"min-height:199px;aspect-ratio:unset;\"><img loading=\"lazy\" decoding=\"async\" width=\"1170\" height=\"540\" class=\"wp-block-cover__image-background wp-image-3447\" alt=\"\" src=\"https:\/\/www.pcimembranes.com\/wp-content\/uploads\/2019\/10\/MBR_1.jpg\" data-object-fit=\"cover\" srcset=\"https:\/\/www.pcimembranes.com\/wp-content\/uploads\/2019\/10\/MBR_1.jpg 1170w, https:\/\/www.pcimembranes.com\/wp-content\/uploads\/2019\/10\/MBR_1-300x138.jpg 300w, https:\/\/www.pcimembranes.com\/wp-content\/uploads\/2019\/10\/MBR_1-768x354.jpg 768w, https:\/\/www.pcimembranes.com\/wp-content\/uploads\/2019\/10\/MBR_1-1024x473.jpg 1024w\" sizes=\"auto, (max-width: 1170px) 100vw, 1170px\" \/><div class=\"wp-block-cover__inner-container is-layout-flow wp-block-cover-is-layout-flow\">\n\n<h1 class=\"has-text-align-center wp-block-heading\">Informacje o Produkcie<\/h1>\n\n\n<p><\/p>\n\n<\/div><\/div>\n\n\n\n<div class=\"wp-block-media-text alignwide is-stacked-on-mobile\" style=\"grid-template-columns:19% auto\"><figure class=\"wp-block-media-text__media\"><img loading=\"lazy\" decoding=\"async\" width=\"645\" height=\"832\" src=\"https:\/\/www.pcimembranes.com\/wp-content\/uploads\/2020\/06\/Screen-Shot-2020-06-26-at-9.28.33-AM.png\" alt=\"\" class=\"wp-image-1080 size-full\" srcset=\"https:\/\/www.pcimembranes.com\/wp-content\/uploads\/2020\/06\/Screen-Shot-2020-06-26-at-9.28.33-AM.png 645w, https:\/\/www.pcimembranes.com\/wp-content\/uploads\/2020\/06\/Screen-Shot-2020-06-26-at-9.28.33-AM-233x300.png 233w\" sizes=\"auto, (max-width: 645px) 100vw, 645px\" \/><\/figure><div class=\"wp-block-media-text__content\">\n<p><strong>Portfolio Produkt\u00f3w<\/strong><\/p>\n\n\n\n<p>Katalog prezentuj\u0105cy ca\u0142e portfolio produkt\u00f3w firmy PCI Membranes.\u00ae<\/p>\n\n\n\n<p>Wersja Angielska <a href=\"https:\/\/www.pcimembranes.com\/wp-content\/uploads\/2021\/09\/2021-07-PCI-Product-Overview-Brochure.pdf\" target=\"_blank\" rel=\"noreferrer noopener\">POBIERZ<\/a><br>Wersja Francuska <a href=\"https:\/\/www.pcimembranes.com\/wp-content\/uploads\/2020\/11\/2020-04-PCI-Product-Overview-Brochure-FRENCH.pdf\" target=\"_blank\" rel=\"noreferrer noopener\">POBIERZ<\/a><\/p>\n<\/div><\/div>\n\n\n\n<div class=\"wp-block-media-text alignwide is-stacked-on-mobile\" style=\"grid-template-columns:19% auto\"><figure class=\"wp-block-media-text__media\"><img loading=\"lazy\" decoding=\"async\" width=\"668\" height=\"909\" src=\"https:\/\/www.pcimembranes.com\/wp-content\/uploads\/2020\/11\/Screen-Shot-2020-11-24-at-12.34.00-PM.png\" alt=\"\" class=\"wp-image-1339 size-full\" srcset=\"https:\/\/www.pcimembranes.com\/wp-content\/uploads\/2020\/11\/Screen-Shot-2020-11-24-at-12.34.00-PM.png 668w, https:\/\/www.pcimembranes.com\/wp-content\/uploads\/2020\/11\/Screen-Shot-2020-11-24-at-12.34.00-PM-220x300.png 220w\" sizes=\"auto, (max-width: 668px) 100vw, 668px\" \/><\/figure><div class=\"wp-block-media-text__content\">\n<p><strong>Katalog Techniczny<\/strong><\/p>\n\n\n\n<p>Katalog rezentuj\u0105cy szeg\u00f3\u0142y techniczne i referencje produkt\u00f3w firmy PCI Membranes\u00ae.<\/p>\n\n\n\n<p>Wersja Angielska <a href=\"https:\/\/www.pcimembranes.com\/wp-content\/uploads\/2019\/10\/PCI_Brochure_Full-2.pdf\" target=\"_blank\" rel=\"noreferrer noopener\">POBIERZ<\/a><\/p>\n<\/div><\/div>\n\n\n\n<div class=\"wp-block-columns has-2-columns is-layout-flex wp-container-core-columns-is-layout-9d6595d7 wp-block-columns-is-layout-flex\">\n<div class=\"wp-block-column is-layout-flow wp-block-column-is-layout-flow\">\n<figure class=\"wp-block-table aligncenter is-style-stripes\"><table class=\"has-fixed-layout\"><thead><tr><th class=\"has-text-align-center\" data-align=\"center\">Nazwa Produktu<\/th><th class=\"has-text-align-center\" data-align=\"center\">Karty Katalogowe<\/th><\/tr><\/thead><tbody><tr><td class=\"has-text-align-center\" data-align=\"center\">PCI A5 Mini Modules<\/td><td class=\"has-text-align-center\" data-align=\"center\"><a href=\"https:\/\/www.pcimembranes.com\/wp-content\/uploads\/2019\/10\/PCI-A-Series-Mini-Module-DS-130122.pdf\" target=\"_blank\" rel=\"noreferrer noopener\">POBIERZ<\/a><\/td><\/tr><tr><td class=\"has-text-align-center\" data-align=\"center\">PCI A5 Series <\/td><td class=\"has-text-align-center\" data-align=\"center\"><a href=\"https:\/\/www.pcimembranes.com\/wp-content\/uploads\/2024\/06\/A5-Series-datasheet.pdf\" target=\"_blank\" rel=\"noreferrer noopener\">POBIERZ<\/a><\/td><\/tr><tr><td class=\"has-text-align-center\" data-align=\"center\">PCI A19 Series <\/td><td class=\"has-text-align-center\" data-align=\"center\"><a href=\"https:\/\/www.pcimembranes.com\/wp-content\/uploads\/2019\/09\/PCI-A19-Series-DS-020821.pdf\" target=\"_blank\" rel=\"noreferrer noopener\">POBIERZ<\/a> <\/td><\/tr><tr><td class=\"has-text-align-center\" data-align=\"center\">PCI A37 Series <\/td><td class=\"has-text-align-center\" data-align=\"center\"><a href=\"https:\/\/www.pcimembranes.com\/wp-content\/uploads\/2019\/09\/PCI_A37_Series_V2.pdf\" target=\"_blank\" rel=\"noreferrer noopener\">PO<\/a><a href=\"https:\/\/www.pcimembranes.com\/wp-content\/uploads\/2024\/06\/A37-Series-datasheet.pdf\" target=\"_blank\" rel=\"noreferrer noopener\">B<\/a><a href=\"https:\/\/www.pcimembranes.com\/wp-content\/uploads\/2019\/09\/PCI_A37_Series_V2.pdf\" target=\"_blank\" rel=\"noreferrer noopener\">IERZ<\/a><\/td><\/tr><tr><td class=\"has-text-align-center\" data-align=\"center\">PCI B1 Series <\/td><td class=\"has-text-align-center\" data-align=\"center\"><a href=\"https:\/\/www.pcimembranes.com\/wp-content\/uploads\/2024\/12\/PCI_B1_Series-1-1-2.pdf\" target=\"_blank\" rel=\"noreferrer noopener\">POBIERZ<\/a><\/td><\/tr><tr><td class=\"has-text-align-center\" data-align=\"center\">PCI C10 Series <\/td><td class=\"has-text-align-center\" data-align=\"center\"><a href=\"https:\/\/www.pcimembranes.com\/wp-content\/uploads\/2019\/10\/PCI_C10_Series.pdf\" target=\"_blank\" rel=\"noreferrer noopener\">POBIERZ<\/a> <\/td><\/tr><tr><td class=\"has-text-align-center\" data-align=\"center\">PCI Micro 240 and 960 Series<\/td><td class=\"has-text-align-center\" data-align=\"center\"><a href=\"https:\/\/www.pcimembranes.com\/wp-content\/uploads\/2019\/10\/Micro-240-and-960-DS-020821-1.pdf\" target=\"_blank\" rel=\"noreferrer noopener\">POBIERZ<\/a> <\/td><\/tr><tr><td class=\"has-text-align-center\" data-align=\"center\">PCI Pilot Unit <\/td><td class=\"has-text-align-center\" data-align=\"center\"><a href=\"https:\/\/www.pcimembranes.com\/wp-content\/uploads\/2019\/10\/PCI_Pilot_Units.pdf\" target=\"_blank\" rel=\"noreferrer noopener\">POBIERZ<\/a> <\/td><\/tr><tr><td class=\"has-text-align-center\" data-align=\"center\">PCI Tubular Membranes <\/td><td class=\"has-text-align-center\" data-align=\"center\"><a href=\"https:\/\/www.pcimembranes.com\/wp-content\/uploads\/2022\/02\/PCI_Tubular_Membranes.pdf\" target=\"_blank\" rel=\"noreferrer noopener\">POBIERZ<\/a> <\/td><\/tr><\/tbody><\/table><\/figure>\n<\/div>\n\n\n\n<div class=\"wp-block-column is-layout-flow wp-block-column-is-layout-flow\">\n<p><\/p>\n<\/div>\n<\/div>\n","protected":false},"excerpt":{"rendered":"<p>Portfolio Produkt\u00f3w Katalog prezentuj\u0105cy ca\u0142e portfolio produkt\u00f3w firmy PCI Membranes.\u00ae Wersja Angielska POBIERZWersja Francuska POBIERZ Katalog Techniczny Katalog rezentuj\u0105cy szeg\u00f3\u0142y techniczne i referencje produkt\u00f3w firmy PCI Membranes\u00ae. Wersja Angielska POBIERZ Nazwa Produktu Karty Katalogowe PCI A5 Mini Modules POBIERZ PCI A5 Series POBIERZ PCI A19 Series POBIERZ PCI A37 Series POBIERZ PCI B1 Series POBIERZ [&hellip;]<\/p>\n","protected":false},"author":9,"featured_media":0,"parent":4283,"menu_order":0,"comment_status":"closed","ping_status":"closed","template":"","meta":{"_acf_changed":false,"content-type":"","footnotes":""},"class_list":["post-4284","page","type-page","status-publish","hentry"],"acf":[],"yoast_head":"<!-- This site is optimized with the Yoast SEO plugin v27.3 - https:\/\/yoast.com\/product\/yoast-seo-wordpress\/ -->\n<title>Informacje o Produkcie - PCI Membranes<\/title>\n<meta name=\"robots\" content=\"index, follow, max-snippet:-1, max-image-preview:large, max-video-preview:-1\" \/>\n<link rel=\"canonical\" href=\"https:\/\/www.pcimembranes.com\/pl\/pliki-do-pobrania\/informacje-o-produkcie\/\" \/>\n<meta property=\"og:locale\" content=\"pl_PL\" \/>\n<meta property=\"og:type\" content=\"article\" \/>\n<meta property=\"og:title\" content=\"Informacje o Produkcie - PCI Membranes\" \/>\n<meta property=\"og:description\" content=\"Portfolio Produkt\u00f3w Katalog prezentuj\u0105cy ca\u0142e portfolio produkt\u00f3w firmy PCI Membranes.\u00ae Wersja Angielska POBIERZWersja Francuska POBIERZ Katalog Techniczny Katalog rezentuj\u0105cy szeg\u00f3\u0142y techniczne i referencje produkt\u00f3w firmy PCI Membranes\u00ae. Wersja Angielska POBIERZ Nazwa Produktu Karty Katalogowe PCI A5 Mini Modules POBIERZ PCI A5 Series POBIERZ PCI A19 Series POBIERZ PCI A37 Series POBIERZ PCI B1 Series POBIERZ [&hellip;]\" \/>\n<meta property=\"og:url\" content=\"https:\/\/www.pcimembranes.com\/pl\/pliki-do-pobrania\/informacje-o-produkcie\/\" \/>\n<meta property=\"og:site_name\" content=\"PCI Membranes\" \/>\n<meta property=\"article:modified_time\" content=\"2025-12-11T14:32:54+00:00\" \/>\n<meta property=\"og:image\" content=\"https:\/\/www.pcimembranes.com\/wp-content\/uploads\/2019\/10\/MBR_1.jpg\" \/>\n\t<meta property=\"og:image:width\" content=\"1170\" \/>\n\t<meta property=\"og:image:height\" content=\"540\" \/>\n\t<meta property=\"og:image:type\" content=\"image\/jpeg\" \/>\n<meta name=\"twitter:card\" content=\"summary_large_image\" \/>\n<meta name=\"twitter:label1\" content=\"Szacowany czas czytania\" \/>\n\t<meta name=\"twitter:data1\" content=\"1 minuta\" \/>\n<script type=\"application\/ld+json\" class=\"yoast-schema-graph\">{\"@context\":\"https:\\\/\\\/schema.org\",\"@graph\":[{\"@type\":\"WebPage\",\"@id\":\"https:\\\/\\\/www.pcimembranes.com\\\/pl\\\/pliki-do-pobrania\\\/informacje-o-produkcie\\\/\",\"url\":\"https:\\\/\\\/www.pcimembranes.com\\\/pl\\\/pliki-do-pobrania\\\/informacje-o-produkcie\\\/\",\"name\":\"Informacje o Produkcie - PCI Membranes\",\"isPartOf\":{\"@id\":\"https:\\\/\\\/www.pcimembranes.com\\\/pl\\\/#website\"},\"primaryImageOfPage\":{\"@id\":\"https:\\\/\\\/www.pcimembranes.com\\\/pl\\\/pliki-do-pobrania\\\/informacje-o-produkcie\\\/#primaryimage\"},\"image\":{\"@id\":\"https:\\\/\\\/www.pcimembranes.com\\\/pl\\\/pliki-do-pobrania\\\/informacje-o-produkcie\\\/#primaryimage\"},\"thumbnailUrl\":\"https:\\\/\\\/www.pcimembranes.com\\\/wp-content\\\/uploads\\\/2019\\\/10\\\/MBR_1.jpg\",\"datePublished\":\"2022-03-16T13:23:46+00:00\",\"dateModified\":\"2025-12-11T14:32:54+00:00\",\"breadcrumb\":{\"@id\":\"https:\\\/\\\/www.pcimembranes.com\\\/pl\\\/pliki-do-pobrania\\\/informacje-o-produkcie\\\/#breadcrumb\"},\"inLanguage\":\"pl-PL\",\"potentialAction\":[{\"@type\":\"ReadAction\",\"target\":[\"https:\\\/\\\/www.pcimembranes.com\\\/pl\\\/pliki-do-pobrania\\\/informacje-o-produkcie\\\/\"]}]},{\"@type\":\"ImageObject\",\"inLanguage\":\"pl-PL\",\"@id\":\"https:\\\/\\\/www.pcimembranes.com\\\/pl\\\/pliki-do-pobrania\\\/informacje-o-produkcie\\\/#primaryimage\",\"url\":\"https:\\\/\\\/www.pcimembranes.com\\\/wp-content\\\/uploads\\\/2019\\\/10\\\/MBR_1.jpg\",\"contentUrl\":\"https:\\\/\\\/www.pcimembranes.com\\\/wp-content\\\/uploads\\\/2019\\\/10\\\/MBR_1.jpg\"},{\"@type\":\"BreadcrumbList\",\"@id\":\"https:\\\/\\\/www.pcimembranes.com\\\/pl\\\/pliki-do-pobrania\\\/informacje-o-produkcie\\\/#breadcrumb\",\"itemListElement\":[{\"@type\":\"ListItem\",\"position\":1,\"name\":\"\",\"item\":\"https:\\\/\\\/www.pcimembranes.com\\\/pl\\\/\"},{\"@type\":\"ListItem\",\"position\":2,\"name\":\"Pliki do Pobrania\",\"item\":\"https:\\\/\\\/www.pcimembranes.com\\\/pl\\\/pliki-do-pobrania\\\/\"},{\"@type\":\"ListItem\",\"position\":3,\"name\":\"Informacje o Produkcie\"}]},{\"@type\":\"WebSite\",\"@id\":\"https:\\\/\\\/www.pcimembranes.com\\\/pl\\\/#website\",\"url\":\"https:\\\/\\\/www.pcimembranes.com\\\/pl\\\/\",\"name\":\"PCI Membranes\",\"description\":\"Making the World Safer, Healthier and More Productive\",\"publisher\":{\"@id\":\"https:\\\/\\\/www.pcimembranes.com\\\/pl\\\/#organization\"},\"potentialAction\":[{\"@type\":\"SearchAction\",\"target\":{\"@type\":\"EntryPoint\",\"urlTemplate\":\"https:\\\/\\\/www.pcimembranes.com\\\/pl\\\/?s={search_term_string}\"},\"query-input\":{\"@type\":\"PropertyValueSpecification\",\"valueRequired\":true,\"valueName\":\"search_term_string\"}}],\"inLanguage\":\"pl-PL\"},{\"@type\":\"Organization\",\"@id\":\"https:\\\/\\\/www.pcimembranes.com\\\/pl\\\/#organization\",\"name\":\"Filtration Group\",\"url\":\"https:\\\/\\\/www.pcimembranes.com\\\/pl\\\/\",\"logo\":{\"@type\":\"ImageObject\",\"inLanguage\":\"pl-PL\",\"@id\":\"https:\\\/\\\/www.pcimembranes.com\\\/pl\\\/#\\\/schema\\\/logo\\\/image\\\/\",\"url\":\"https:\\\/\\\/www.pcimembranes.com\\\/wp-content\\\/uploads\\\/2019\\\/06\\\/FGC-logo-1.png\",\"contentUrl\":\"https:\\\/\\\/www.pcimembranes.com\\\/wp-content\\\/uploads\\\/2019\\\/06\\\/FGC-logo-1.png\",\"width\":1104,\"height\":224,\"caption\":\"Filtration Group\"},\"image\":{\"@id\":\"https:\\\/\\\/www.pcimembranes.com\\\/pl\\\/#\\\/schema\\\/logo\\\/image\\\/\"}}]}<\/script>\n<!-- \/ Yoast SEO plugin. -->","yoast_head_json":{"title":"Informacje o Produkcie - PCI Membranes","robots":{"index":"index","follow":"follow","max-snippet":"max-snippet:-1","max-image-preview":"max-image-preview:large","max-video-preview":"max-video-preview:-1"},"canonical":"https:\/\/www.pcimembranes.com\/pl\/pliki-do-pobrania\/informacje-o-produkcie\/","og_locale":"pl_PL","og_type":"article","og_title":"Informacje o Produkcie - PCI Membranes","og_description":"Portfolio Produkt\u00f3w Katalog prezentuj\u0105cy ca\u0142e portfolio produkt\u00f3w firmy PCI Membranes.\u00ae Wersja Angielska POBIERZWersja Francuska POBIERZ Katalog Techniczny Katalog rezentuj\u0105cy szeg\u00f3\u0142y techniczne i referencje produkt\u00f3w firmy PCI Membranes\u00ae. Wersja Angielska POBIERZ Nazwa Produktu Karty Katalogowe PCI A5 Mini Modules POBIERZ PCI A5 Series POBIERZ PCI A19 Series POBIERZ PCI A37 Series POBIERZ PCI B1 Series POBIERZ [&hellip;]","og_url":"https:\/\/www.pcimembranes.com\/pl\/pliki-do-pobrania\/informacje-o-produkcie\/","og_site_name":"PCI Membranes","article_modified_time":"2025-12-11T14:32:54+00:00","og_image":[{"width":1170,"height":540,"url":"https:\/\/www.pcimembranes.com\/wp-content\/uploads\/2019\/10\/MBR_1.jpg","type":"image\/jpeg"}],"twitter_card":"summary_large_image","twitter_misc":{"Szacowany czas czytania":"1 minuta"},"schema":{"@context":"https:\/\/schema.org","@graph":[{"@type":"WebPage","@id":"https:\/\/www.pcimembranes.com\/pl\/pliki-do-pobrania\/informacje-o-produkcie\/","url":"https:\/\/www.pcimembranes.com\/pl\/pliki-do-pobrania\/informacje-o-produkcie\/","name":"Informacje o Produkcie - PCI Membranes","isPartOf":{"@id":"https:\/\/www.pcimembranes.com\/pl\/#website"},"primaryImageOfPage":{"@id":"https:\/\/www.pcimembranes.com\/pl\/pliki-do-pobrania\/informacje-o-produkcie\/#primaryimage"},"image":{"@id":"https:\/\/www.pcimembranes.com\/pl\/pliki-do-pobrania\/informacje-o-produkcie\/#primaryimage"},"thumbnailUrl":"https:\/\/www.pcimembranes.com\/wp-content\/uploads\/2019\/10\/MBR_1.jpg","datePublished":"2022-03-16T13:23:46+00:00","dateModified":"2025-12-11T14:32:54+00:00","breadcrumb":{"@id":"https:\/\/www.pcimembranes.com\/pl\/pliki-do-pobrania\/informacje-o-produkcie\/#breadcrumb"},"inLanguage":"pl-PL","potentialAction":[{"@type":"ReadAction","target":["https:\/\/www.pcimembranes.com\/pl\/pliki-do-pobrania\/informacje-o-produkcie\/"]}]},{"@type":"ImageObject","inLanguage":"pl-PL","@id":"https:\/\/www.pcimembranes.com\/pl\/pliki-do-pobrania\/informacje-o-produkcie\/#primaryimage","url":"https:\/\/www.pcimembranes.com\/wp-content\/uploads\/2019\/10\/MBR_1.jpg","contentUrl":"https:\/\/www.pcimembranes.com\/wp-content\/uploads\/2019\/10\/MBR_1.jpg"},{"@type":"BreadcrumbList","@id":"https:\/\/www.pcimembranes.com\/pl\/pliki-do-pobrania\/informacje-o-produkcie\/#breadcrumb","itemListElement":[{"@type":"ListItem","position":1,"name":"","item":"https:\/\/www.pcimembranes.com\/pl\/"},{"@type":"ListItem","position":2,"name":"Pliki do Pobrania","item":"https:\/\/www.pcimembranes.com\/pl\/pliki-do-pobrania\/"},{"@type":"ListItem","position":3,"name":"Informacje o Produkcie"}]},{"@type":"WebSite","@id":"https:\/\/www.pcimembranes.com\/pl\/#website","url":"https:\/\/www.pcimembranes.com\/pl\/","name":"PCI Membranes","description":"Making the World Safer, Healthier and More Productive","publisher":{"@id":"https:\/\/www.pcimembranes.com\/pl\/#organization"},"potentialAction":[{"@type":"SearchAction","target":{"@type":"EntryPoint","urlTemplate":"https:\/\/www.pcimembranes.com\/pl\/?s={search_term_string}"},"query-input":{"@type":"PropertyValueSpecification","valueRequired":true,"valueName":"search_term_string"}}],"inLanguage":"pl-PL"},{"@type":"Organization","@id":"https:\/\/www.pcimembranes.com\/pl\/#organization","name":"Filtration Group","url":"https:\/\/www.pcimembranes.com\/pl\/","logo":{"@type":"ImageObject","inLanguage":"pl-PL","@id":"https:\/\/www.pcimembranes.com\/pl\/#\/schema\/logo\/image\/","url":"https:\/\/www.pcimembranes.com\/wp-content\/uploads\/2019\/06\/FGC-logo-1.png","contentUrl":"https:\/\/www.pcimembranes.com\/wp-content\/uploads\/2019\/06\/FGC-logo-1.png","width":1104,"height":224,"caption":"Filtration Group"},"image":{"@id":"https:\/\/www.pcimembranes.com\/pl\/#\/schema\/logo\/image\/"}}]}},"_links":{"self":[{"href":"https:\/\/www.pcimembranes.com\/pl\/wp-json\/wp\/v2\/pages\/4284","targetHints":{"allow":["GET"]}}],"collection":[{"href":"https:\/\/www.pcimembranes.com\/pl\/wp-json\/wp\/v2\/pages"}],"about":[{"href":"https:\/\/www.pcimembranes.com\/pl\/wp-json\/wp\/v2\/types\/page"}],"author":[{"embeddable":true,"href":"https:\/\/www.pcimembranes.com\/pl\/wp-json\/wp\/v2\/users\/9"}],"replies":[{"embeddable":true,"href":"https:\/\/www.pcimembranes.com\/pl\/wp-json\/wp\/v2\/comments?post=4284"}],"version-history":[{"count":0,"href":"https:\/\/www.pcimembranes.com\/pl\/wp-json\/wp\/v2\/pages\/4284\/revisions"}],"up":[{"embeddable":true,"href":"https:\/\/www.pcimembranes.com\/pl\/wp-json\/wp\/v2\/pages\/4283"}],"wp:attachment":[{"href":"https:\/\/www.pcimembranes.com\/pl\/wp-json\/wp\/v2\/media?parent=4284"}],"curies":[{"name":"wp","href":"https:\/\/api.w.org\/{rel}","templated":true}]}}