{"id":4285,"date":"2022-03-16T13:22:28","date_gmt":"2022-03-16T13:22:28","guid":{"rendered":"https:\/\/www.pcimembranes.com\/?page_id=4285"},"modified":"2025-07-25T10:03:28","modified_gmt":"2025-07-25T10:03:28","slug":"zastosowanie","status":"publish","type":"page","link":"https:\/\/www.pcimembranes.com\/pl\/pliki-do-pobrania\/zastosowanie\/","title":{"rendered":"Zastosowanie"},"content":{"rendered":"\n<div class=\"wp-block-cover alignfull has-background-dim\" style=\"min-height:220px;aspect-ratio:unset;\"><img loading=\"lazy\" decoding=\"async\" width=\"2560\" height=\"1031\" class=\"wp-block-cover__image-background wp-image-3924\" alt=\"\" src=\"https:\/\/www.pcimembranes.com\/wp-content\/uploads\/2021\/08\/applications-scaled.jpg\" style=\"object-position:52% 90%\" data-object-fit=\"cover\" data-object-position=\"52% 90%\" srcset=\"https:\/\/www.pcimembranes.com\/wp-content\/uploads\/2021\/08\/applications-scaled.jpg 2560w, https:\/\/www.pcimembranes.com\/wp-content\/uploads\/2021\/08\/applications-300x121.jpg 300w, https:\/\/www.pcimembranes.com\/wp-content\/uploads\/2021\/08\/applications-1024x412.jpg 1024w, https:\/\/www.pcimembranes.com\/wp-content\/uploads\/2021\/08\/applications-768x309.jpg 768w, https:\/\/www.pcimembranes.com\/wp-content\/uploads\/2021\/08\/applications-1536x619.jpg 1536w, https:\/\/www.pcimembranes.com\/wp-content\/uploads\/2021\/08\/applications-2048x825.jpg 2048w\" sizes=\"auto, (max-width: 2560px) 100vw, 2560px\" \/><div class=\"wp-block-cover__inner-container is-layout-flow wp-block-cover-is-layout-flow\">\n\n<h1 class=\"has-text-align-center wp-block-heading\">Zastosowanie<\/h1>\n\n<\/div><\/div>\n\n\n\n<!--Close-->\t\n<\/div><\/div><\/section>\n<!--Menu-->\n<div class=\"no-top-margin\">\n<div class=\"msb-sticky-bar\">\n<div class=\"container\">\n  <div class=\"row\">\n    <div class=\"col-sm text-center\">\n      <a href=\"https:\/\/www.pcimembranes.com\/contactus\/\" class=\"btn btn-primary solution-trigger\">POROZMAWIAJ Z NASZYM EKSPERTEM<\/a>\n    <\/div>\n  <\/div>\n<\/div>\n<\/div>\n<\/div>\n<!--Open-->\n<section class=\"container\"><div class=\"row\"><div class=\"col-md-12\">\n\n\n\n<div style=\"height:33px\" aria-hidden=\"true\" class=\"wp-block-spacer\"><\/div>\n\n\n\n<h2 class=\"wp-block-heading has-large-font-size\">Zastosowanie<\/h2>\n\n\n\n<p style=\"font-size:20px\">Nasze rozwi\u0105zania filtracyjne s\u0105 zaprojektowane tak, aby sprosta\u0107 potrzebom szerokiej gamy zastosowa\u0144 i bran\u017c.<\/p>\n\n\n\n<div style=\"height:38px\" aria-hidden=\"true\" class=\"wp-block-spacer\"><\/div>\n\n\n\n<div class=\"wp-block-columns is-layout-flex wp-container-core-columns-is-layout-9d6595d7 wp-block-columns-is-layout-flex\">\n<div class=\"wp-block-column is-layout-flow wp-block-column-is-layout-flow\">\n<figure class=\"wp-block-image size-large is-style-default\"><img loading=\"lazy\" decoding=\"async\" width=\"1024\" height=\"858\" src=\"https:\/\/www.pcimembranes.com\/wp-content\/uploads\/2021\/08\/fruit-juice-application-2-1024x858.jpg\" alt=\"\" class=\"wp-image-3917\" srcset=\"https:\/\/www.pcimembranes.com\/wp-content\/uploads\/2021\/08\/fruit-juice-application-2-1024x858.jpg 1024w, https:\/\/www.pcimembranes.com\/wp-content\/uploads\/2021\/08\/fruit-juice-application-2-300x251.jpg 300w, https:\/\/www.pcimembranes.com\/wp-content\/uploads\/2021\/08\/fruit-juice-application-2-768x643.jpg 768w, https:\/\/www.pcimembranes.com\/wp-content\/uploads\/2021\/08\/fruit-juice-application-2-1536x1287.jpg 1536w, https:\/\/www.pcimembranes.com\/wp-content\/uploads\/2021\/08\/fruit-juice-application-2.jpg 1928w\" sizes=\"auto, (max-width: 1024px) 100vw, 1024px\" \/><\/figure>\n\n\n\n<h3 class=\"wp-block-heading\" style=\"font-size:28px\">Soki Owocowe<\/h3>\n\n\n\n<div class=\"wp-block-buttons is-layout-flex wp-block-buttons-is-layout-flex\">\n<div class=\"wp-block-button\"><a class=\"wp-block-button__link has-light-gray-background-color has-text-color has-background wp-element-button\" href=\"https:\/\/www.pcimembranes.com\/wp-content\/uploads\/2020\/12\/2020-12-08-final-PCI-Industry-Brochures_Fruit-Juice.pdf\" style=\"color:#0085ca\" target=\"_blank\" rel=\"noreferrer noopener\">DOWIEDZ SI\u0118 WI\u0118CEJ<\/a><\/div>\n<\/div>\n<\/div>\n\n\n\n<div class=\"wp-block-column is-layout-flow wp-block-column-is-layout-flow\">\n<figure class=\"wp-block-image size-large is-style-default\"><img loading=\"lazy\" decoding=\"async\" width=\"1024\" height=\"858\" src=\"https:\/\/www.pcimembranes.com\/wp-content\/uploads\/2021\/08\/water-plup-application-1-1024x858.jpg\" alt=\"\" class=\"wp-image-3918\" srcset=\"https:\/\/www.pcimembranes.com\/wp-content\/uploads\/2021\/08\/water-plup-application-1-1024x858.jpg 1024w, https:\/\/www.pcimembranes.com\/wp-content\/uploads\/2021\/08\/water-plup-application-1-300x251.jpg 300w, https:\/\/www.pcimembranes.com\/wp-content\/uploads\/2021\/08\/water-plup-application-1-768x643.jpg 768w, https:\/\/www.pcimembranes.com\/wp-content\/uploads\/2021\/08\/water-plup-application-1-1536x1287.jpg 1536w, https:\/\/www.pcimembranes.com\/wp-content\/uploads\/2021\/08\/water-plup-application-1.jpg 1928w\" sizes=\"auto, (max-width: 1024px) 100vw, 1024px\" \/><\/figure>\n\n\n\n<h3 class=\"wp-block-heading\" style=\"font-size:28px\">Celuloza i Papier<\/h3>\n\n\n\n<div class=\"wp-block-buttons is-layout-flex wp-block-buttons-is-layout-flex\">\n<div class=\"wp-block-button\"><a class=\"wp-block-button__link has-light-gray-background-color has-text-color has-background wp-element-button\" href=\"https:\/\/www.pcimembranes.com\/wp-content\/uploads\/2020\/04\/2020-1234-PCI-Industry-Brochures_Pulp-Paper_v1.pdf\" style=\"color:#0085ca\" target=\"_blank\" rel=\"noreferrer noopener\">DOWIEDZ SI\u0118 WI\u0118CEJ<\/a><\/div>\n<\/div>\n<\/div>\n\n\n\n<div class=\"wp-block-column is-layout-flow wp-block-column-is-layout-flow\">\n<figure class=\"wp-block-image size-large is-style-default\"><img loading=\"lazy\" decoding=\"async\" width=\"1024\" height=\"858\" src=\"https:\/\/www.pcimembranes.com\/wp-content\/uploads\/2021\/08\/water-treatment-application-1024x858.jpg\" alt=\"\" class=\"wp-image-3919\" srcset=\"https:\/\/www.pcimembranes.com\/wp-content\/uploads\/2021\/08\/water-treatment-application-1024x858.jpg 1024w, https:\/\/www.pcimembranes.com\/wp-content\/uploads\/2021\/08\/water-treatment-application-300x251.jpg 300w, https:\/\/www.pcimembranes.com\/wp-content\/uploads\/2021\/08\/water-treatment-application-768x643.jpg 768w, https:\/\/www.pcimembranes.com\/wp-content\/uploads\/2021\/08\/water-treatment-application-1536x1287.jpg 1536w, https:\/\/www.pcimembranes.com\/wp-content\/uploads\/2021\/08\/water-treatment-application.jpg 1928w\" sizes=\"auto, (max-width: 1024px) 100vw, 1024px\" \/><\/figure>\n\n\n\n<h3 class=\"wp-block-heading\" style=\"font-size:28px\">Oczyszczanie Wody<\/h3>\n\n\n\n<div class=\"wp-block-buttons is-layout-flex wp-block-buttons-is-layout-flex\">\n<div class=\"wp-block-button\"><a class=\"wp-block-button__link has-light-gray-background-color has-text-color has-background wp-element-button\" href=\"https:\/\/www.pcimembranes.com\/wp-content\/uploads\/2020\/04\/2020-04-PCI-Membranes-Water-Treatment-application.pdf\" style=\"color:#0085ca\" target=\"_blank\" rel=\"noreferrer noopener\">DOWIEDZ SI\u0118 WI\u0118CEJ<\/a><\/div>\n<\/div>\n<\/div>\n<\/div>\n\n\n\n<div class=\"wp-block-columns is-layout-flex wp-container-core-columns-is-layout-9d6595d7 wp-block-columns-is-layout-flex\">\n<div class=\"wp-block-column is-layout-flow wp-block-column-is-layout-flow\">\n<figure class=\"wp-block-image size-large is-style-default\"><img loading=\"lazy\" decoding=\"async\" width=\"1024\" height=\"858\" src=\"https:\/\/www.pcimembranes.com\/wp-content\/uploads\/2021\/08\/soy-sauce-1024x858.jpg\" alt=\"\" class=\"wp-image-3920\" srcset=\"https:\/\/www.pcimembranes.com\/wp-content\/uploads\/2021\/08\/soy-sauce-1024x858.jpg 1024w, https:\/\/www.pcimembranes.com\/wp-content\/uploads\/2021\/08\/soy-sauce-300x251.jpg 300w, https:\/\/www.pcimembranes.com\/wp-content\/uploads\/2021\/08\/soy-sauce-768x643.jpg 768w, https:\/\/www.pcimembranes.com\/wp-content\/uploads\/2021\/08\/soy-sauce-1536x1287.jpg 1536w, https:\/\/www.pcimembranes.com\/wp-content\/uploads\/2021\/08\/soy-sauce.jpg 1928w\" sizes=\"auto, (max-width: 1024px) 100vw, 1024px\" \/><\/figure>\n\n\n\n<h3 class=\"wp-block-heading\" style=\"font-size:28px\">Sos Sojowy<\/h3>\n\n\n\n<div class=\"wp-block-buttons is-layout-flex wp-block-buttons-is-layout-flex\">\n<div class=\"wp-block-button\"><a class=\"wp-block-button__link has-light-gray-background-color has-text-color has-background wp-element-button\" href=\"https:\/\/www.pcimembranes.com\/wp-content\/uploads\/2021\/07\/2021-02-PCI-Membranes-Soy-Sauce-Brochure.pdf\" style=\"color:#0085ca\" target=\"_blank\" rel=\"noreferrer noopener\">DOWIEDZ SI\u0118 WI\u0118CEJ<\/a><\/div>\n<\/div>\n<\/div>\n\n\n\n<div class=\"wp-block-column is-layout-flow wp-block-column-is-layout-flow\">\n<figure class=\"wp-block-image size-large is-style-default\"><img loading=\"lazy\" decoding=\"async\" width=\"1024\" height=\"858\" src=\"https:\/\/www.pcimembranes.com\/wp-content\/uploads\/2021\/08\/Antibiotic-Broth-1024x858.jpg\" alt=\"\" class=\"wp-image-3921\" srcset=\"https:\/\/www.pcimembranes.com\/wp-content\/uploads\/2021\/08\/Antibiotic-Broth-1024x858.jpg 1024w, https:\/\/www.pcimembranes.com\/wp-content\/uploads\/2021\/08\/Antibiotic-Broth-300x251.jpg 300w, https:\/\/www.pcimembranes.com\/wp-content\/uploads\/2021\/08\/Antibiotic-Broth-768x643.jpg 768w, https:\/\/www.pcimembranes.com\/wp-content\/uploads\/2021\/08\/Antibiotic-Broth-1536x1287.jpg 1536w, https:\/\/www.pcimembranes.com\/wp-content\/uploads\/2021\/08\/Antibiotic-Broth.jpg 1928w\" sizes=\"auto, (max-width: 1024px) 100vw, 1024px\" \/><\/figure>\n\n\n\n<h3 class=\"wp-block-heading\" style=\"font-size:28px\">Roztw\u00f3r Antybiotyk\u00f3w<\/h3>\n\n\n\n<div class=\"wp-block-buttons is-layout-flex wp-block-buttons-is-layout-flex\">\n<div class=\"wp-block-button\"><a class=\"wp-block-button__link has-light-gray-background-color has-text-color has-background wp-element-button\" href=\"https:\/\/www.pcimembranes.com\/wp-content\/uploads\/2020\/04\/2020-PCI-Antibiotic-Broth-Application.pdf?utm_source=website&amp;utm_medium=cpc&amp;utm_campaign=applicationbroth&amp;utm_content=applicationpg\" style=\"color:#0085ca\" target=\"_blank\" rel=\"noreferrer noopener\">DOWIEDZ SI\u0118 WI\u0118CEJ<\/a><\/div>\n<\/div>\n<\/div>\n\n\n\n<div class=\"wp-block-column is-layout-flow wp-block-column-is-layout-flow\">\n<figure class=\"wp-block-image size-large is-style-default\"><img loading=\"lazy\" decoding=\"async\" width=\"1024\" height=\"858\" src=\"https:\/\/www.pcimembranes.com\/wp-content\/uploads\/2021\/09\/dairy-brochure-1-1024x858.jpg\" alt=\"\" class=\"wp-image-4031\" srcset=\"https:\/\/www.pcimembranes.com\/wp-content\/uploads\/2021\/09\/dairy-brochure-1-1024x858.jpg 1024w, https:\/\/www.pcimembranes.com\/wp-content\/uploads\/2021\/09\/dairy-brochure-1-300x251.jpg 300w, https:\/\/www.pcimembranes.com\/wp-content\/uploads\/2021\/09\/dairy-brochure-1-768x643.jpg 768w, https:\/\/www.pcimembranes.com\/wp-content\/uploads\/2021\/09\/dairy-brochure-1-1536x1287.jpg 1536w, https:\/\/www.pcimembranes.com\/wp-content\/uploads\/2021\/09\/dairy-brochure-1.jpg 1928w\" sizes=\"auto, (max-width: 1024px) 100vw, 1024px\" \/><\/figure>\n\n\n\n<h3 class=\"wp-block-heading\" style=\"font-size:28px\">Przemys\u0142 Mleczarski<\/h3>\n\n\n\n<div class=\"wp-block-buttons is-layout-flex wp-block-buttons-is-layout-flex\">\n<div class=\"wp-block-button\"><a class=\"wp-block-button__link has-light-gray-background-color has-text-color has-background wp-element-button\" href=\"https:\/\/www.pcimembranes.com\/wp-content\/uploads\/2021\/09\/2021-08-PCI-Membranes-dairy-Brochure.pdf\" style=\"color:#0085ca\" target=\"_blank\" rel=\"noreferrer noopener\">DOWIEDZ SI\u0118 WI\u0118CEJ<\/a><\/div>\n<\/div>\n<\/div>\n<\/div>\n\n\n\n<div class=\"wp-block-columns is-layout-flex wp-container-core-columns-is-layout-9d6595d7 wp-block-columns-is-layout-flex\">\n<div class=\"wp-block-column is-layout-flow wp-block-column-is-layout-flow\">\n<div class=\"wp-block-buttons is-layout-flex wp-block-buttons-is-layout-flex\"><\/div>\n<\/div>\n\n\n\n<div class=\"wp-block-column is-layout-flow wp-block-column-is-layout-flow\">\n<div class=\"wp-block-buttons is-layout-flex wp-block-buttons-is-layout-flex\"><\/div>\n<\/div>\n\n\n\n<div class=\"wp-block-column is-layout-flow wp-block-column-is-layout-flow\">\n<div class=\"wp-block-buttons is-layout-flex wp-block-buttons-is-layout-flex\"><\/div>\n<\/div>\n<\/div>\n\n\n\n<hr class=\"wp-block-separator has-css-opacity is-style-default\" \/>\n\n\n\n<div style=\"height:36px\" aria-hidden=\"true\" class=\"wp-block-spacer\"><\/div>\n\n\n\n<h3 class=\"wp-block-heading\" style=\"font-size:28px\">Prezentacja Zastosowa\u0144<\/h3>\n\n\n\n<div class=\"wp-block-columns is-layout-flex wp-container-core-columns-is-layout-9d6595d7 wp-block-columns-is-layout-flex\">\n<div class=\"wp-block-column is-layout-flow wp-block-column-is-layout-flow\">\n<figure class=\"wp-block-image size-large is-style-default\"><img loading=\"lazy\" decoding=\"async\" width=\"524\" height=\"552\" src=\"https:\/\/www.pcimembranes.com\/wp-content\/uploads\/2021\/08\/application-showcase.jpg\" alt=\"\" class=\"wp-image-3922\" srcset=\"https:\/\/www.pcimembranes.com\/wp-content\/uploads\/2021\/08\/application-showcase.jpg 524w, https:\/\/www.pcimembranes.com\/wp-content\/uploads\/2021\/08\/application-showcase-285x300.jpg 285w\" sizes=\"auto, (max-width: 524px) 100vw, 524px\" \/><\/figure>\n\n\n\n<div class=\"wp-block-buttons is-layout-flex wp-block-buttons-is-layout-flex\">\n<div class=\"wp-block-button\"><a class=\"wp-block-button__link has-light-gray-background-color has-text-color has-background wp-element-button\" href=\"https:\/\/www.pcimembranes.com\/wp-content\/uploads\/2020\/12\/2020-PCI____PCI_Membranes_Applications_BB_MASTER.pdf\" style=\"color:#0085ca\" target=\"_blank\" rel=\"noreferrer noopener\">DOWIEDZ SI\u0118 WI\u0118CEJ<\/a><\/div>\n<\/div>\n<\/div>\n\n\n\n<div class=\"wp-block-column is-layout-flow wp-block-column-is-layout-flow\"><\/div>\n\n\n\n<div class=\"wp-block-column is-layout-flow wp-block-column-is-layout-flow\"><\/div>\n<\/div>\n\n\n\n<p><\/p>\n","protected":false},"excerpt":{"rendered":"<p>POROZMAWIAJ Z NASZYM EKSPERTEM Zastosowanie Nasze rozwi\u0105zania filtracyjne s\u0105 zaprojektowane tak, aby sprosta\u0107 potrzebom szerokiej gamy zastosowa\u0144 i bran\u017c. Soki Owocowe Celuloza i Papier Oczyszczanie Wody Sos Sojowy Roztw\u00f3r Antybiotyk\u00f3w Przemys\u0142 Mleczarski Prezentacja Zastosowa\u0144<\/p>\n","protected":false},"author":9,"featured_media":0,"parent":4283,"menu_order":-1,"comment_status":"closed","ping_status":"closed","template":"","meta":{"_acf_changed":false,"content-type":"","footnotes":""},"class_list":["post-4285","page","type-page","status-publish","hentry"],"acf":[],"yoast_head":"<!-- This site is optimized with the Yoast SEO plugin v27.3 - https:\/\/yoast.com\/product\/yoast-seo-wordpress\/ -->\n<title>Zastosowanie - PCI Membranes<\/title>\n<meta name=\"robots\" content=\"index, follow, max-snippet:-1, max-image-preview:large, max-video-preview:-1\" \/>\n<link rel=\"canonical\" href=\"https:\/\/www.pcimembranes.com\/pl\/pliki-do-pobrania\/zastosowanie\/\" \/>\n<meta property=\"og:locale\" content=\"pl_PL\" \/>\n<meta property=\"og:type\" content=\"article\" \/>\n<meta property=\"og:title\" content=\"Zastosowanie - PCI Membranes\" \/>\n<meta property=\"og:description\" content=\"POROZMAWIAJ Z NASZYM EKSPERTEM Zastosowanie Nasze rozwi\u0105zania filtracyjne s\u0105 zaprojektowane tak, aby sprosta\u0107 potrzebom szerokiej gamy zastosowa\u0144 i bran\u017c. Soki Owocowe Celuloza i Papier Oczyszczanie Wody Sos Sojowy Roztw\u00f3r Antybiotyk\u00f3w Przemys\u0142 Mleczarski Prezentacja Zastosowa\u0144\" \/>\n<meta property=\"og:url\" content=\"https:\/\/www.pcimembranes.com\/pl\/pliki-do-pobrania\/zastosowanie\/\" \/>\n<meta property=\"og:site_name\" content=\"PCI Membranes\" \/>\n<meta property=\"article:modified_time\" content=\"2025-07-25T10:03:28+00:00\" \/>\n<meta property=\"og:image\" content=\"https:\/\/www.pcimembranes.com\/wp-content\/uploads\/2021\/08\/applications-scaled.jpg\" \/>\n\t<meta property=\"og:image:width\" content=\"2560\" \/>\n\t<meta property=\"og:image:height\" content=\"1031\" \/>\n\t<meta property=\"og:image:type\" content=\"image\/jpeg\" \/>\n<meta name=\"twitter:card\" content=\"summary_large_image\" \/>\n<meta name=\"twitter:label1\" content=\"Szacowany czas czytania\" \/>\n\t<meta name=\"twitter:data1\" content=\"2 minuty\" \/>\n<script type=\"application\/ld+json\" class=\"yoast-schema-graph\">{\"@context\":\"https:\\\/\\\/schema.org\",\"@graph\":[{\"@type\":\"WebPage\",\"@id\":\"https:\\\/\\\/www.pcimembranes.com\\\/pl\\\/pliki-do-pobrania\\\/zastosowanie\\\/\",\"url\":\"https:\\\/\\\/www.pcimembranes.com\\\/pl\\\/pliki-do-pobrania\\\/zastosowanie\\\/\",\"name\":\"Zastosowanie - PCI Membranes\",\"isPartOf\":{\"@id\":\"https:\\\/\\\/www.pcimembranes.com\\\/pl\\\/#website\"},\"primaryImageOfPage\":{\"@id\":\"https:\\\/\\\/www.pcimembranes.com\\\/pl\\\/pliki-do-pobrania\\\/zastosowanie\\\/#primaryimage\"},\"image\":{\"@id\":\"https:\\\/\\\/www.pcimembranes.com\\\/pl\\\/pliki-do-pobrania\\\/zastosowanie\\\/#primaryimage\"},\"thumbnailUrl\":\"https:\\\/\\\/www.pcimembranes.com\\\/wp-content\\\/uploads\\\/2021\\\/08\\\/applications-scaled.jpg\",\"datePublished\":\"2022-03-16T13:22:28+00:00\",\"dateModified\":\"2025-07-25T10:03:28+00:00\",\"breadcrumb\":{\"@id\":\"https:\\\/\\\/www.pcimembranes.com\\\/pl\\\/pliki-do-pobrania\\\/zastosowanie\\\/#breadcrumb\"},\"inLanguage\":\"pl-PL\",\"potentialAction\":[{\"@type\":\"ReadAction\",\"target\":[\"https:\\\/\\\/www.pcimembranes.com\\\/pl\\\/pliki-do-pobrania\\\/zastosowanie\\\/\"]}]},{\"@type\":\"ImageObject\",\"inLanguage\":\"pl-PL\",\"@id\":\"https:\\\/\\\/www.pcimembranes.com\\\/pl\\\/pliki-do-pobrania\\\/zastosowanie\\\/#primaryimage\",\"url\":\"https:\\\/\\\/www.pcimembranes.com\\\/wp-content\\\/uploads\\\/2021\\\/08\\\/applications-scaled.jpg\",\"contentUrl\":\"https:\\\/\\\/www.pcimembranes.com\\\/wp-content\\\/uploads\\\/2021\\\/08\\\/applications-scaled.jpg\"},{\"@type\":\"BreadcrumbList\",\"@id\":\"https:\\\/\\\/www.pcimembranes.com\\\/pl\\\/pliki-do-pobrania\\\/zastosowanie\\\/#breadcrumb\",\"itemListElement\":[{\"@type\":\"ListItem\",\"position\":1,\"name\":\"\",\"item\":\"https:\\\/\\\/www.pcimembranes.com\\\/pl\\\/\"},{\"@type\":\"ListItem\",\"position\":2,\"name\":\"Pliki do Pobrania\",\"item\":\"https:\\\/\\\/www.pcimembranes.com\\\/pl\\\/pliki-do-pobrania\\\/\"},{\"@type\":\"ListItem\",\"position\":3,\"name\":\"Zastosowanie\"}]},{\"@type\":\"WebSite\",\"@id\":\"https:\\\/\\\/www.pcimembranes.com\\\/pl\\\/#website\",\"url\":\"https:\\\/\\\/www.pcimembranes.com\\\/pl\\\/\",\"name\":\"PCI Membranes\",\"description\":\"Making the World Safer, Healthier and More Productive\",\"publisher\":{\"@id\":\"https:\\\/\\\/www.pcimembranes.com\\\/pl\\\/#organization\"},\"potentialAction\":[{\"@type\":\"SearchAction\",\"target\":{\"@type\":\"EntryPoint\",\"urlTemplate\":\"https:\\\/\\\/www.pcimembranes.com\\\/pl\\\/?s={search_term_string}\"},\"query-input\":{\"@type\":\"PropertyValueSpecification\",\"valueRequired\":true,\"valueName\":\"search_term_string\"}}],\"inLanguage\":\"pl-PL\"},{\"@type\":\"Organization\",\"@id\":\"https:\\\/\\\/www.pcimembranes.com\\\/pl\\\/#organization\",\"name\":\"Filtration Group\",\"url\":\"https:\\\/\\\/www.pcimembranes.com\\\/pl\\\/\",\"logo\":{\"@type\":\"ImageObject\",\"inLanguage\":\"pl-PL\",\"@id\":\"https:\\\/\\\/www.pcimembranes.com\\\/pl\\\/#\\\/schema\\\/logo\\\/image\\\/\",\"url\":\"https:\\\/\\\/www.pcimembranes.com\\\/wp-content\\\/uploads\\\/2019\\\/06\\\/FGC-logo-1.png\",\"contentUrl\":\"https:\\\/\\\/www.pcimembranes.com\\\/wp-content\\\/uploads\\\/2019\\\/06\\\/FGC-logo-1.png\",\"width\":1104,\"height\":224,\"caption\":\"Filtration Group\"},\"image\":{\"@id\":\"https:\\\/\\\/www.pcimembranes.com\\\/pl\\\/#\\\/schema\\\/logo\\\/image\\\/\"}}]}<\/script>\n<!-- \/ Yoast SEO plugin. -->","yoast_head_json":{"title":"Zastosowanie - PCI Membranes","robots":{"index":"index","follow":"follow","max-snippet":"max-snippet:-1","max-image-preview":"max-image-preview:large","max-video-preview":"max-video-preview:-1"},"canonical":"https:\/\/www.pcimembranes.com\/pl\/pliki-do-pobrania\/zastosowanie\/","og_locale":"pl_PL","og_type":"article","og_title":"Zastosowanie - PCI Membranes","og_description":"POROZMAWIAJ Z NASZYM EKSPERTEM Zastosowanie Nasze rozwi\u0105zania filtracyjne s\u0105 zaprojektowane tak, aby sprosta\u0107 potrzebom szerokiej gamy zastosowa\u0144 i bran\u017c. Soki Owocowe Celuloza i Papier Oczyszczanie Wody Sos Sojowy Roztw\u00f3r Antybiotyk\u00f3w Przemys\u0142 Mleczarski Prezentacja Zastosowa\u0144","og_url":"https:\/\/www.pcimembranes.com\/pl\/pliki-do-pobrania\/zastosowanie\/","og_site_name":"PCI Membranes","article_modified_time":"2025-07-25T10:03:28+00:00","og_image":[{"width":2560,"height":1031,"url":"https:\/\/www.pcimembranes.com\/wp-content\/uploads\/2021\/08\/applications-scaled.jpg","type":"image\/jpeg"}],"twitter_card":"summary_large_image","twitter_misc":{"Szacowany czas czytania":"2 minuty"},"schema":{"@context":"https:\/\/schema.org","@graph":[{"@type":"WebPage","@id":"https:\/\/www.pcimembranes.com\/pl\/pliki-do-pobrania\/zastosowanie\/","url":"https:\/\/www.pcimembranes.com\/pl\/pliki-do-pobrania\/zastosowanie\/","name":"Zastosowanie - PCI Membranes","isPartOf":{"@id":"https:\/\/www.pcimembranes.com\/pl\/#website"},"primaryImageOfPage":{"@id":"https:\/\/www.pcimembranes.com\/pl\/pliki-do-pobrania\/zastosowanie\/#primaryimage"},"image":{"@id":"https:\/\/www.pcimembranes.com\/pl\/pliki-do-pobrania\/zastosowanie\/#primaryimage"},"thumbnailUrl":"https:\/\/www.pcimembranes.com\/wp-content\/uploads\/2021\/08\/applications-scaled.jpg","datePublished":"2022-03-16T13:22:28+00:00","dateModified":"2025-07-25T10:03:28+00:00","breadcrumb":{"@id":"https:\/\/www.pcimembranes.com\/pl\/pliki-do-pobrania\/zastosowanie\/#breadcrumb"},"inLanguage":"pl-PL","potentialAction":[{"@type":"ReadAction","target":["https:\/\/www.pcimembranes.com\/pl\/pliki-do-pobrania\/zastosowanie\/"]}]},{"@type":"ImageObject","inLanguage":"pl-PL","@id":"https:\/\/www.pcimembranes.com\/pl\/pliki-do-pobrania\/zastosowanie\/#primaryimage","url":"https:\/\/www.pcimembranes.com\/wp-content\/uploads\/2021\/08\/applications-scaled.jpg","contentUrl":"https:\/\/www.pcimembranes.com\/wp-content\/uploads\/2021\/08\/applications-scaled.jpg"},{"@type":"BreadcrumbList","@id":"https:\/\/www.pcimembranes.com\/pl\/pliki-do-pobrania\/zastosowanie\/#breadcrumb","itemListElement":[{"@type":"ListItem","position":1,"name":"","item":"https:\/\/www.pcimembranes.com\/pl\/"},{"@type":"ListItem","position":2,"name":"Pliki do Pobrania","item":"https:\/\/www.pcimembranes.com\/pl\/pliki-do-pobrania\/"},{"@type":"ListItem","position":3,"name":"Zastosowanie"}]},{"@type":"WebSite","@id":"https:\/\/www.pcimembranes.com\/pl\/#website","url":"https:\/\/www.pcimembranes.com\/pl\/","name":"PCI Membranes","description":"Making the World Safer, Healthier and More Productive","publisher":{"@id":"https:\/\/www.pcimembranes.com\/pl\/#organization"},"potentialAction":[{"@type":"SearchAction","target":{"@type":"EntryPoint","urlTemplate":"https:\/\/www.pcimembranes.com\/pl\/?s={search_term_string}"},"query-input":{"@type":"PropertyValueSpecification","valueRequired":true,"valueName":"search_term_string"}}],"inLanguage":"pl-PL"},{"@type":"Organization","@id":"https:\/\/www.pcimembranes.com\/pl\/#organization","name":"Filtration Group","url":"https:\/\/www.pcimembranes.com\/pl\/","logo":{"@type":"ImageObject","inLanguage":"pl-PL","@id":"https:\/\/www.pcimembranes.com\/pl\/#\/schema\/logo\/image\/","url":"https:\/\/www.pcimembranes.com\/wp-content\/uploads\/2019\/06\/FGC-logo-1.png","contentUrl":"https:\/\/www.pcimembranes.com\/wp-content\/uploads\/2019\/06\/FGC-logo-1.png","width":1104,"height":224,"caption":"Filtration Group"},"image":{"@id":"https:\/\/www.pcimembranes.com\/pl\/#\/schema\/logo\/image\/"}}]}},"_links":{"self":[{"href":"https:\/\/www.pcimembranes.com\/pl\/wp-json\/wp\/v2\/pages\/4285","targetHints":{"allow":["GET"]}}],"collection":[{"href":"https:\/\/www.pcimembranes.com\/pl\/wp-json\/wp\/v2\/pages"}],"about":[{"href":"https:\/\/www.pcimembranes.com\/pl\/wp-json\/wp\/v2\/types\/page"}],"author":[{"embeddable":true,"href":"https:\/\/www.pcimembranes.com\/pl\/wp-json\/wp\/v2\/users\/9"}],"replies":[{"embeddable":true,"href":"https:\/\/www.pcimembranes.com\/pl\/wp-json\/wp\/v2\/comments?post=4285"}],"version-history":[{"count":0,"href":"https:\/\/www.pcimembranes.com\/pl\/wp-json\/wp\/v2\/pages\/4285\/revisions"}],"up":[{"embeddable":true,"href":"https:\/\/www.pcimembranes.com\/pl\/wp-json\/wp\/v2\/pages\/4283"}],"wp:attachment":[{"href":"https:\/\/www.pcimembranes.com\/pl\/wp-json\/wp\/v2\/media?parent=4285"}],"curies":[{"name":"wp","href":"https:\/\/api.w.org\/{rel}","templated":true}]}}