{"id":4420,"date":"2022-03-30T13:13:14","date_gmt":"2022-03-30T13:13:14","guid":{"rendered":"https:\/\/www.pcimembranes.com\/?page_id=4420"},"modified":"2025-07-25T09:47:41","modified_gmt":"2025-07-25T09:47:41","slug":"produkty-i-uslugi","status":"publish","type":"page","link":"https:\/\/www.pcimembranes.com\/pl\/produkty-i-uslugi\/","title":{"rendered":"Produkty i Us\u0142ugi"},"content":{"rendered":"\n<div class=\"wp-block-cover alignfull is-light\" style=\"min-height:341px;aspect-ratio:unset;\"><img loading=\"lazy\" decoding=\"async\" width=\"1400\" height=\"787\" class=\"wp-block-cover__image-background wp-image-3982\" alt=\"\" src=\"https:\/\/www.pcimembranes.com\/wp-content\/uploads\/2021\/08\/MicrosoftTeams-image-_2.jpg\" data-object-fit=\"cover\" srcset=\"https:\/\/www.pcimembranes.com\/wp-content\/uploads\/2021\/08\/MicrosoftTeams-image-_2.jpg 1400w, https:\/\/www.pcimembranes.com\/wp-content\/uploads\/2021\/08\/MicrosoftTeams-image-_2-300x169.jpg 300w, https:\/\/www.pcimembranes.com\/wp-content\/uploads\/2021\/08\/MicrosoftTeams-image-_2-1024x576.jpg 1024w, https:\/\/www.pcimembranes.com\/wp-content\/uploads\/2021\/08\/MicrosoftTeams-image-_2-768x432.jpg 768w\" sizes=\"auto, (max-width: 1400px) 100vw, 1400px\" \/><span aria-hidden=\"true\" class=\"wp-block-cover__background has-background-dim-10 has-background-dim\"><\/span><div class=\"wp-block-cover__inner-container is-layout-flow wp-block-cover-is-layout-flow\">\n<h1 class=\"wp-block-heading has-text-align-center has-white-color has-text-color has-link-color wp-elements-23aecfa9d840c3f50d3bb591a0498232\">Produkty i Us\u0142ugi<\/h1>\n<\/div><\/div>\n\n\n\n<!--Close-->\t\n<\/div><\/div><\/section>\n<!--Menu-->\n<div class=\"no-top-margin\">\n<div class=\"msb-sticky-bar\">\n<div class=\"container\">\n  <div class=\"row\">\n    <div class=\"col-sm text-center\">\n      <a href=\"https:\/\/www.pcimembranes.com\/contactus\/\" class=\"btn btn-primary solution-trigger\">POROZMAWIAJ Z NASZYM EKSPERTEM<\/a>\n    <\/div>\n  <\/div>\n<\/div>\n<\/div>\n<\/div>\n<!--Open-->\n<section class=\"container\"><div class=\"row\"><div class=\"col-md-12\">\n\n\n\n<p>Od ponad pi\u0119\u0107dziesi\u0119ciu lat firma PCI Membranes\u00ae (marka FILTRATION GROUP\u00ae) produkuje membrany i systemy membranowe.<\/p>\n\n\n\n<p>Oferujemy rozwi\u0105zania procesowe dla szerokiej gamy zastosowa\u0144 filtracyjnych z wykorzystaniem technologii mikrofiltracji, ultrafiltracji, nanofiltracji i odwr\u00f3conej osmozy. Nasza wiedza obejmuje produkcj\u0119 wiod\u0105cych polimerowych membran o przep\u0142ywie krzy\u017cowym i dostaw\u0119 innych geometrii, takich jak Spiralne i Kapilarne dost\u0119pnych na rynku \u015bwiatowym, dzi\u0119ki czemu potrafimy dopasowa\u0107 membran\u0119 dla konkretnego zastosowania.<\/p>\n\n\n\n<p>Nasze membrany z otwartym kana\u0142em maj\u0105 t\u0119 zalet\u0119, \u017ce s\u0105 odporne na blokowanie i zanieczyszczenie zawiesin\u0105 lub osadem, co w konsekwencji powoduje minimalne wymagania dotycz\u0105ce obr\u00f3bki wst\u0119pnej i \u0142atwo\u015b\u0107 ich czyszczenia (mechaniczne czyszczenie za pomoc\u0105 kulek g\u0105bkowych firmy PCI Membrane\u00ae stanowi alternatyw\u0119 dla czyszczenia chemicznego). Dzi\u0119ki naszemu szerokiemu portfolio produkt\u00f3w wybieramy najbardziej odpowiedni typ membrany do ka\u017cdego zastosowania, minimalizuj\u0105c koszty inwestycji i eksploatacji oraz maksymalizuj\u0105c korzy\u015bci dla naszych klient\u00f3w.<\/p>\n\n\n\n<p>Zapraszamy do zapoznania si\u0119 z nasz\u0105 ofert\u0105 produkt\u00f3w i us\u0142ug.<\/p>\n\n\n\n<div style=\"height:25px\" aria-hidden=\"true\" class=\"wp-block-spacer\"><\/div>\n\n\n\n<h2 class=\"wp-block-heading has-text-align-center\">NASZE PRODUKTY<\/h2>\n\n\n\n<div style=\"height:25px\" aria-hidden=\"true\" class=\"wp-block-spacer\"><\/div>\n\n\n\n<div class=\"wp-block-columns is-layout-flex wp-container-core-columns-is-layout-9d6595d7 wp-block-columns-is-layout-flex\">\n<div class=\"wp-block-column is-layout-flow wp-block-column-is-layout-flow\">\n<figure class=\"wp-block-image size-large\"><img loading=\"lazy\" decoding=\"async\" width=\"1024\" height=\"1024\" src=\"https:\/\/www.pcimembranes.com\/wp-content\/uploads\/2021\/10\/classic-membrane-new-cirlce-1024x1024.jpg\" alt=\"\" class=\"wp-image-4060\" srcset=\"https:\/\/www.pcimembranes.com\/wp-content\/uploads\/2021\/10\/classic-membrane-new-cirlce-1024x1024.jpg 1024w, https:\/\/www.pcimembranes.com\/wp-content\/uploads\/2021\/10\/classic-membrane-new-cirlce-300x300.jpg 300w, https:\/\/www.pcimembranes.com\/wp-content\/uploads\/2021\/10\/classic-membrane-new-cirlce-150x150.jpg 150w, https:\/\/www.pcimembranes.com\/wp-content\/uploads\/2021\/10\/classic-membrane-new-cirlce-768x768.jpg 768w, https:\/\/www.pcimembranes.com\/wp-content\/uploads\/2021\/10\/classic-membrane-new-cirlce-1536x1536.jpg 1536w, https:\/\/www.pcimembranes.com\/wp-content\/uploads\/2021\/10\/classic-membrane-new-cirlce-2048x2048.jpg 2048w\" sizes=\"auto, (max-width: 1024px) 100vw, 1024px\" \/><\/figure>\n\n\n\n<p class=\"has-text-align-center\"><strong>Membrany Tubularne<\/strong><\/p>\n\n\n\n<div class=\"wp-block-buttons is-layout-flex wp-block-buttons-is-layout-flex\">\n<div class=\"wp-block-button has-custom-width wp-block-button__width-100\"><a class=\"wp-block-button__link has-background no-border-radius wp-element-button\" href=\"https:\/\/www.pcimembranes.com\/pl\/membrany-tubularne\/\" style=\"background-color:#0085ca\">DOWIEDZ SI\u0118 WI\u0118CEJ<\/a><\/div>\n<\/div>\n<\/div>\n\n\n\n<div class=\"wp-block-column is-layout-flow wp-block-column-is-layout-flow\">\n<figure class=\"wp-block-image size-large\"><img loading=\"lazy\" decoding=\"async\" width=\"1024\" height=\"1024\" src=\"https:\/\/www.pcimembranes.com\/wp-content\/uploads\/2021\/10\/spiracore-new-circle-1-1024x1024.jpg\" alt=\"\" class=\"wp-image-4059\" srcset=\"https:\/\/www.pcimembranes.com\/wp-content\/uploads\/2021\/10\/spiracore-new-circle-1-1024x1024.jpg 1024w, https:\/\/www.pcimembranes.com\/wp-content\/uploads\/2021\/10\/spiracore-new-circle-1-300x300.jpg 300w, https:\/\/www.pcimembranes.com\/wp-content\/uploads\/2021\/10\/spiracore-new-circle-1-150x150.jpg 150w, https:\/\/www.pcimembranes.com\/wp-content\/uploads\/2021\/10\/spiracore-new-circle-1-768x768.jpg 768w, https:\/\/www.pcimembranes.com\/wp-content\/uploads\/2021\/10\/spiracore-new-circle-1-1536x1536.jpg 1536w, https:\/\/www.pcimembranes.com\/wp-content\/uploads\/2021\/10\/spiracore-new-circle-1-2048x2048.jpg 2048w\" sizes=\"auto, (max-width: 1024px) 100vw, 1024px\" \/><\/figure>\n\n\n\n<p class=\"has-text-align-center\"><strong>Spiralne Elementy Membranowe<\/strong><\/p>\n\n\n\n<div class=\"wp-block-buttons is-layout-flex wp-block-buttons-is-layout-flex\">\n<div class=\"wp-block-button has-custom-width wp-block-button__width-100\"><a class=\"wp-block-button__link has-background no-border-radius wp-element-button\" href=\"https:\/\/www.pcimembranes.com\/pl\/elementy-membranowe-z-serii-fg-spiracore\/\" style=\"background-color:#0085ca\">DOWIEDZ SI\u0118 WI\u0118CEJ<\/a><\/div>\n<\/div>\n<\/div>\n\n\n\n<div class=\"wp-block-column is-layout-flow wp-block-column-is-layout-flow\">\n<figure class=\"wp-block-image size-large\"><img loading=\"lazy\" decoding=\"async\" width=\"1024\" height=\"1024\" src=\"https:\/\/www.pcimembranes.com\/wp-content\/uploads\/2021\/09\/hollow-fiber-1-1024x1024.jpg\" alt=\"\" class=\"wp-image-4019\" srcset=\"https:\/\/www.pcimembranes.com\/wp-content\/uploads\/2021\/09\/hollow-fiber-1-1024x1024.jpg 1024w, https:\/\/www.pcimembranes.com\/wp-content\/uploads\/2021\/09\/hollow-fiber-1-300x300.jpg 300w, https:\/\/www.pcimembranes.com\/wp-content\/uploads\/2021\/09\/hollow-fiber-1-150x150.jpg 150w, https:\/\/www.pcimembranes.com\/wp-content\/uploads\/2021\/09\/hollow-fiber-1-768x768.jpg 768w, https:\/\/www.pcimembranes.com\/wp-content\/uploads\/2021\/09\/hollow-fiber-1-1536x1536.jpg 1536w, https:\/\/www.pcimembranes.com\/wp-content\/uploads\/2021\/09\/hollow-fiber-1-2048x2048.jpg 2048w\" sizes=\"auto, (max-width: 1024px) 100vw, 1024px\" \/><\/figure>\n\n\n\n<p class=\"has-text-align-center\"><strong>Membrany Kapilarne<\/strong><\/p>\n\n\n\n<div class=\"wp-block-buttons is-layout-flex wp-block-buttons-is-layout-flex\">\n<div class=\"wp-block-button has-custom-width wp-block-button__width-100\"><a class=\"wp-block-button__link has-light-gray-color has-text-color has-background no-border-radius wp-element-button\" href=\"https:\/\/www.pcimembranes.com\/pl\/moduly-membran-kapilarnych-firmy-pci-membranes\/\" style=\"background-color:#0085ca\">DOWIEDZ SI\u0118 WI\u0118CEJ<\/a><\/div>\n<\/div>\n\n\n\n<p class=\"has-text-align-center\"><br><br><\/p>\n<\/div>\n<\/div>\n\n\n\n<h2 class=\"wp-block-heading has-text-align-center\">NASZE US\u0141UGI<\/h2>\n\n\n\n<div style=\"height:25px\" aria-hidden=\"true\" class=\"wp-block-spacer\"><\/div>\n\n\n\n<div class=\"wp-block-columns is-layout-flex wp-container-core-columns-is-layout-9d6595d7 wp-block-columns-is-layout-flex\">\n<div class=\"wp-block-column is-layout-flow wp-block-column-is-layout-flow\">\n<figure class=\"wp-block-image size-large\"><img loading=\"lazy\" decoding=\"async\" width=\"1024\" height=\"1024\" src=\"https:\/\/www.pcimembranes.com\/wp-content\/uploads\/2021\/09\/Membrane-System-1024x1024.jpg\" alt=\"\" class=\"wp-image-4024\" srcset=\"https:\/\/www.pcimembranes.com\/wp-content\/uploads\/2021\/09\/Membrane-System-1024x1024.jpg 1024w, https:\/\/www.pcimembranes.com\/wp-content\/uploads\/2021\/09\/Membrane-System-300x300.jpg 300w, https:\/\/www.pcimembranes.com\/wp-content\/uploads\/2021\/09\/Membrane-System-150x150.jpg 150w, https:\/\/www.pcimembranes.com\/wp-content\/uploads\/2021\/09\/Membrane-System-768x768.jpg 768w, https:\/\/www.pcimembranes.com\/wp-content\/uploads\/2021\/09\/Membrane-System-1536x1536.jpg 1536w, https:\/\/www.pcimembranes.com\/wp-content\/uploads\/2021\/09\/Membrane-System-2048x2048.jpg 2048w\" sizes=\"auto, (max-width: 1024px) 100vw, 1024px\" \/><\/figure>\n\n\n\n<p class=\"has-text-align-center\"><strong>Modu\u0142y Testowe i Kompletne Systemy<\/strong><\/p>\n\n\n\n<div class=\"wp-block-buttons is-layout-flex wp-block-buttons-is-layout-flex\">\n<div class=\"wp-block-button has-custom-width wp-block-button__width-100\"><a class=\"wp-block-button__link has-background no-border-radius wp-element-button\" href=\"https:\/\/www.pcimembranes.com\/pl\/moduly-do-%e2%80%8b%e2%80%8btestowania-membran\/\" style=\"background-color:#0085ca\">DOWIEDZ SI\u0118 WI\u0118CEJ<\/a><\/div>\n<\/div>\n\n\n\n<p class=\"has-text-align-center\"><br><br><\/p>\n<\/div>\n\n\n\n<div class=\"wp-block-column is-layout-flow wp-block-column-is-layout-flow\">\n<figure class=\"wp-block-image size-large\"><img loading=\"lazy\" decoding=\"async\" width=\"1024\" height=\"1024\" src=\"https:\/\/www.pcimembranes.com\/wp-content\/uploads\/2021\/09\/engineering-service-big-1024x1024.jpg\" alt=\"\" class=\"wp-image-4025\" srcset=\"https:\/\/www.pcimembranes.com\/wp-content\/uploads\/2021\/09\/engineering-service-big-1024x1024.jpg 1024w, https:\/\/www.pcimembranes.com\/wp-content\/uploads\/2021\/09\/engineering-service-big-300x300.jpg 300w, https:\/\/www.pcimembranes.com\/wp-content\/uploads\/2021\/09\/engineering-service-big-150x150.jpg 150w, https:\/\/www.pcimembranes.com\/wp-content\/uploads\/2021\/09\/engineering-service-big-768x768.jpg 768w, https:\/\/www.pcimembranes.com\/wp-content\/uploads\/2021\/09\/engineering-service-big-1536x1536.jpg 1536w, https:\/\/www.pcimembranes.com\/wp-content\/uploads\/2021\/09\/engineering-service-big-2048x2048.jpg 2048w\" sizes=\"auto, (max-width: 1024px) 100vw, 1024px\" \/><\/figure>\n\n\n\n<p class=\"has-text-align-center\"><strong>Cz\u0119\u015bci Zamienne<\/strong><\/p>\n\n\n\n<div class=\"wp-block-buttons is-layout-flex wp-block-buttons-is-layout-flex\">\n<div class=\"wp-block-button has-custom-width wp-block-button__width-100\"><a class=\"wp-block-button__link has-background no-border-radius wp-element-button\" href=\"https:\/\/www.pcimembranes.com\/pl\/czesci-zamienne\/\" style=\"background-color:#0085ca\">DOWIEDZ SI\u0118 WI\u0118CEJ<\/a><\/div>\n<\/div>\n<\/div>\n\n\n\n<div class=\"wp-block-column is-layout-flow wp-block-column-is-layout-flow\">\n<figure class=\"wp-block-image size-large\"><img loading=\"lazy\" decoding=\"async\" width=\"1024\" height=\"1024\" src=\"https:\/\/www.pcimembranes.com\/wp-content\/uploads\/2021\/09\/membrane-spare-parts-big-1024x1024.jpg\" alt=\"\" class=\"wp-image-4026\" srcset=\"https:\/\/www.pcimembranes.com\/wp-content\/uploads\/2021\/09\/membrane-spare-parts-big-1024x1024.jpg 1024w, https:\/\/www.pcimembranes.com\/wp-content\/uploads\/2021\/09\/membrane-spare-parts-big-300x300.jpg 300w, https:\/\/www.pcimembranes.com\/wp-content\/uploads\/2021\/09\/membrane-spare-parts-big-150x150.jpg 150w, https:\/\/www.pcimembranes.com\/wp-content\/uploads\/2021\/09\/membrane-spare-parts-big-768x768.jpg 768w, https:\/\/www.pcimembranes.com\/wp-content\/uploads\/2021\/09\/membrane-spare-parts-big-1536x1536.jpg 1536w, https:\/\/www.pcimembranes.com\/wp-content\/uploads\/2021\/09\/membrane-spare-parts-big-2048x2048.jpg 2048w\" sizes=\"auto, (max-width: 1024px) 100vw, 1024px\" \/><\/figure>\n\n\n\n<p class=\"has-text-align-center\"><strong>Us\u0142ugi In\u017cynieryjne<\/strong><\/p>\n\n\n\n<div class=\"wp-block-buttons is-layout-flex wp-block-buttons-is-layout-flex\">\n<div class=\"wp-block-button has-custom-width wp-block-button__width-100\"><a class=\"wp-block-button__link has-light-gray-color has-text-color has-background no-border-radius wp-element-button\" href=\"https:\/\/www.pcimembranes.com\/pl\/uslugi-inzynieryjne\/\" style=\"background-color:#0085ca\">DOWIEDZ SI\u0118 WI\u0118CEJ<\/a><\/div>\n<\/div>\n\n\n\n<p class=\"has-text-align-center\"><br><br><\/p>\n<\/div>\n<\/div>\n\n\n\n<p><\/p>\n","protected":false},"excerpt":{"rendered":"<p>POROZMAWIAJ Z NASZYM EKSPERTEM Od ponad pi\u0119\u0107dziesi\u0119ciu lat firma PCI Membranes\u00ae (marka FILTRATION GROUP\u00ae) produkuje membrany i systemy membranowe. Oferujemy rozwi\u0105zania procesowe dla szerokiej gamy zastosowa\u0144 filtracyjnych z wykorzystaniem technologii mikrofiltracji, ultrafiltracji, nanofiltracji i odwr\u00f3conej osmozy. Nasza wiedza obejmuje produkcj\u0119 wiod\u0105cych polimerowych membran o przep\u0142ywie krzy\u017cowym i dostaw\u0119 innych geometrii, takich jak Spiralne i Kapilarne [&hellip;]<\/p>\n","protected":false},"author":9,"featured_media":0,"parent":0,"menu_order":0,"comment_status":"closed","ping_status":"closed","template":"","meta":{"_acf_changed":false,"content-type":"","footnotes":""},"class_list":["post-4420","page","type-page","status-publish","hentry"],"acf":[],"yoast_head":"<!-- This site is optimized with the Yoast SEO plugin v27.3 - https:\/\/yoast.com\/product\/yoast-seo-wordpress\/ -->\n<title>Produkty i Us\u0142ugi - PCI Membranes<\/title>\n<meta name=\"robots\" content=\"index, follow, max-snippet:-1, max-image-preview:large, max-video-preview:-1\" \/>\n<link rel=\"canonical\" href=\"https:\/\/www.pcimembranes.com\/pl\/produkty-i-uslugi\/\" \/>\n<meta property=\"og:locale\" content=\"pl_PL\" \/>\n<meta property=\"og:type\" content=\"article\" \/>\n<meta property=\"og:title\" content=\"Produkty i Us\u0142ugi - PCI Membranes\" \/>\n<meta property=\"og:description\" content=\"POROZMAWIAJ Z NASZYM EKSPERTEM Od ponad pi\u0119\u0107dziesi\u0119ciu lat firma PCI Membranes\u00ae (marka FILTRATION GROUP\u00ae) produkuje membrany i systemy membranowe. Oferujemy rozwi\u0105zania procesowe dla szerokiej gamy zastosowa\u0144 filtracyjnych z wykorzystaniem technologii mikrofiltracji, ultrafiltracji, nanofiltracji i odwr\u00f3conej osmozy. Nasza wiedza obejmuje produkcj\u0119 wiod\u0105cych polimerowych membran o przep\u0142ywie krzy\u017cowym i dostaw\u0119 innych geometrii, takich jak Spiralne i Kapilarne [&hellip;]\" \/>\n<meta property=\"og:url\" content=\"https:\/\/www.pcimembranes.com\/pl\/produkty-i-uslugi\/\" \/>\n<meta property=\"og:site_name\" content=\"PCI Membranes\" \/>\n<meta property=\"article:modified_time\" content=\"2025-07-25T09:47:41+00:00\" \/>\n<meta property=\"og:image\" content=\"https:\/\/www.pcimembranes.com\/wp-content\/uploads\/2021\/08\/MicrosoftTeams-image-_2.jpg\" \/>\n\t<meta property=\"og:image:width\" content=\"1400\" \/>\n\t<meta property=\"og:image:height\" content=\"787\" \/>\n\t<meta property=\"og:image:type\" content=\"image\/jpeg\" \/>\n<meta name=\"twitter:card\" content=\"summary_large_image\" \/>\n<meta name=\"twitter:label1\" content=\"Szacowany czas czytania\" \/>\n\t<meta name=\"twitter:data1\" content=\"3 minuty\" \/>\n<script type=\"application\/ld+json\" class=\"yoast-schema-graph\">{\"@context\":\"https:\\\/\\\/schema.org\",\"@graph\":[{\"@type\":\"WebPage\",\"@id\":\"https:\\\/\\\/www.pcimembranes.com\\\/pl\\\/produkty-i-uslugi\\\/\",\"url\":\"https:\\\/\\\/www.pcimembranes.com\\\/pl\\\/produkty-i-uslugi\\\/\",\"name\":\"Produkty i Us\u0142ugi - PCI Membranes\",\"isPartOf\":{\"@id\":\"https:\\\/\\\/www.pcimembranes.com\\\/pl\\\/#website\"},\"primaryImageOfPage\":{\"@id\":\"https:\\\/\\\/www.pcimembranes.com\\\/pl\\\/produkty-i-uslugi\\\/#primaryimage\"},\"image\":{\"@id\":\"https:\\\/\\\/www.pcimembranes.com\\\/pl\\\/produkty-i-uslugi\\\/#primaryimage\"},\"thumbnailUrl\":\"https:\\\/\\\/www.pcimembranes.com\\\/wp-content\\\/uploads\\\/2021\\\/08\\\/MicrosoftTeams-image-_2.jpg\",\"datePublished\":\"2022-03-30T13:13:14+00:00\",\"dateModified\":\"2025-07-25T09:47:41+00:00\",\"breadcrumb\":{\"@id\":\"https:\\\/\\\/www.pcimembranes.com\\\/pl\\\/produkty-i-uslugi\\\/#breadcrumb\"},\"inLanguage\":\"pl-PL\",\"potentialAction\":[{\"@type\":\"ReadAction\",\"target\":[\"https:\\\/\\\/www.pcimembranes.com\\\/pl\\\/produkty-i-uslugi\\\/\"]}]},{\"@type\":\"ImageObject\",\"inLanguage\":\"pl-PL\",\"@id\":\"https:\\\/\\\/www.pcimembranes.com\\\/pl\\\/produkty-i-uslugi\\\/#primaryimage\",\"url\":\"https:\\\/\\\/www.pcimembranes.com\\\/wp-content\\\/uploads\\\/2021\\\/08\\\/MicrosoftTeams-image-_2.jpg\",\"contentUrl\":\"https:\\\/\\\/www.pcimembranes.com\\\/wp-content\\\/uploads\\\/2021\\\/08\\\/MicrosoftTeams-image-_2.jpg\"},{\"@type\":\"BreadcrumbList\",\"@id\":\"https:\\\/\\\/www.pcimembranes.com\\\/pl\\\/produkty-i-uslugi\\\/#breadcrumb\",\"itemListElement\":[{\"@type\":\"ListItem\",\"position\":1,\"name\":\"\",\"item\":\"https:\\\/\\\/www.pcimembranes.com\\\/pl\\\/\"},{\"@type\":\"ListItem\",\"position\":2,\"name\":\"Produkty i Us\u0142ugi\"}]},{\"@type\":\"WebSite\",\"@id\":\"https:\\\/\\\/www.pcimembranes.com\\\/pl\\\/#website\",\"url\":\"https:\\\/\\\/www.pcimembranes.com\\\/pl\\\/\",\"name\":\"PCI Membranes\",\"description\":\"Making the World Safer, Healthier and More Productive\",\"publisher\":{\"@id\":\"https:\\\/\\\/www.pcimembranes.com\\\/pl\\\/#organization\"},\"potentialAction\":[{\"@type\":\"SearchAction\",\"target\":{\"@type\":\"EntryPoint\",\"urlTemplate\":\"https:\\\/\\\/www.pcimembranes.com\\\/pl\\\/?s={search_term_string}\"},\"query-input\":{\"@type\":\"PropertyValueSpecification\",\"valueRequired\":true,\"valueName\":\"search_term_string\"}}],\"inLanguage\":\"pl-PL\"},{\"@type\":\"Organization\",\"@id\":\"https:\\\/\\\/www.pcimembranes.com\\\/pl\\\/#organization\",\"name\":\"Filtration Group\",\"url\":\"https:\\\/\\\/www.pcimembranes.com\\\/pl\\\/\",\"logo\":{\"@type\":\"ImageObject\",\"inLanguage\":\"pl-PL\",\"@id\":\"https:\\\/\\\/www.pcimembranes.com\\\/pl\\\/#\\\/schema\\\/logo\\\/image\\\/\",\"url\":\"https:\\\/\\\/www.pcimembranes.com\\\/wp-content\\\/uploads\\\/2019\\\/06\\\/FGC-logo-1.png\",\"contentUrl\":\"https:\\\/\\\/www.pcimembranes.com\\\/wp-content\\\/uploads\\\/2019\\\/06\\\/FGC-logo-1.png\",\"width\":1104,\"height\":224,\"caption\":\"Filtration Group\"},\"image\":{\"@id\":\"https:\\\/\\\/www.pcimembranes.com\\\/pl\\\/#\\\/schema\\\/logo\\\/image\\\/\"}}]}<\/script>\n<!-- \/ Yoast SEO plugin. -->","yoast_head_json":{"title":"Produkty i Us\u0142ugi - PCI Membranes","robots":{"index":"index","follow":"follow","max-snippet":"max-snippet:-1","max-image-preview":"max-image-preview:large","max-video-preview":"max-video-preview:-1"},"canonical":"https:\/\/www.pcimembranes.com\/pl\/produkty-i-uslugi\/","og_locale":"pl_PL","og_type":"article","og_title":"Produkty i Us\u0142ugi - PCI Membranes","og_description":"POROZMAWIAJ Z NASZYM EKSPERTEM Od ponad pi\u0119\u0107dziesi\u0119ciu lat firma PCI Membranes\u00ae (marka FILTRATION GROUP\u00ae) produkuje membrany i systemy membranowe. Oferujemy rozwi\u0105zania procesowe dla szerokiej gamy zastosowa\u0144 filtracyjnych z wykorzystaniem technologii mikrofiltracji, ultrafiltracji, nanofiltracji i odwr\u00f3conej osmozy. Nasza wiedza obejmuje produkcj\u0119 wiod\u0105cych polimerowych membran o przep\u0142ywie krzy\u017cowym i dostaw\u0119 innych geometrii, takich jak Spiralne i Kapilarne [&hellip;]","og_url":"https:\/\/www.pcimembranes.com\/pl\/produkty-i-uslugi\/","og_site_name":"PCI Membranes","article_modified_time":"2025-07-25T09:47:41+00:00","og_image":[{"width":1400,"height":787,"url":"https:\/\/www.pcimembranes.com\/wp-content\/uploads\/2021\/08\/MicrosoftTeams-image-_2.jpg","type":"image\/jpeg"}],"twitter_card":"summary_large_image","twitter_misc":{"Szacowany czas czytania":"3 minuty"},"schema":{"@context":"https:\/\/schema.org","@graph":[{"@type":"WebPage","@id":"https:\/\/www.pcimembranes.com\/pl\/produkty-i-uslugi\/","url":"https:\/\/www.pcimembranes.com\/pl\/produkty-i-uslugi\/","name":"Produkty i Us\u0142ugi - PCI Membranes","isPartOf":{"@id":"https:\/\/www.pcimembranes.com\/pl\/#website"},"primaryImageOfPage":{"@id":"https:\/\/www.pcimembranes.com\/pl\/produkty-i-uslugi\/#primaryimage"},"image":{"@id":"https:\/\/www.pcimembranes.com\/pl\/produkty-i-uslugi\/#primaryimage"},"thumbnailUrl":"https:\/\/www.pcimembranes.com\/wp-content\/uploads\/2021\/08\/MicrosoftTeams-image-_2.jpg","datePublished":"2022-03-30T13:13:14+00:00","dateModified":"2025-07-25T09:47:41+00:00","breadcrumb":{"@id":"https:\/\/www.pcimembranes.com\/pl\/produkty-i-uslugi\/#breadcrumb"},"inLanguage":"pl-PL","potentialAction":[{"@type":"ReadAction","target":["https:\/\/www.pcimembranes.com\/pl\/produkty-i-uslugi\/"]}]},{"@type":"ImageObject","inLanguage":"pl-PL","@id":"https:\/\/www.pcimembranes.com\/pl\/produkty-i-uslugi\/#primaryimage","url":"https:\/\/www.pcimembranes.com\/wp-content\/uploads\/2021\/08\/MicrosoftTeams-image-_2.jpg","contentUrl":"https:\/\/www.pcimembranes.com\/wp-content\/uploads\/2021\/08\/MicrosoftTeams-image-_2.jpg"},{"@type":"BreadcrumbList","@id":"https:\/\/www.pcimembranes.com\/pl\/produkty-i-uslugi\/#breadcrumb","itemListElement":[{"@type":"ListItem","position":1,"name":"","item":"https:\/\/www.pcimembranes.com\/pl\/"},{"@type":"ListItem","position":2,"name":"Produkty i Us\u0142ugi"}]},{"@type":"WebSite","@id":"https:\/\/www.pcimembranes.com\/pl\/#website","url":"https:\/\/www.pcimembranes.com\/pl\/","name":"PCI Membranes","description":"Making the World Safer, Healthier and More Productive","publisher":{"@id":"https:\/\/www.pcimembranes.com\/pl\/#organization"},"potentialAction":[{"@type":"SearchAction","target":{"@type":"EntryPoint","urlTemplate":"https:\/\/www.pcimembranes.com\/pl\/?s={search_term_string}"},"query-input":{"@type":"PropertyValueSpecification","valueRequired":true,"valueName":"search_term_string"}}],"inLanguage":"pl-PL"},{"@type":"Organization","@id":"https:\/\/www.pcimembranes.com\/pl\/#organization","name":"Filtration Group","url":"https:\/\/www.pcimembranes.com\/pl\/","logo":{"@type":"ImageObject","inLanguage":"pl-PL","@id":"https:\/\/www.pcimembranes.com\/pl\/#\/schema\/logo\/image\/","url":"https:\/\/www.pcimembranes.com\/wp-content\/uploads\/2019\/06\/FGC-logo-1.png","contentUrl":"https:\/\/www.pcimembranes.com\/wp-content\/uploads\/2019\/06\/FGC-logo-1.png","width":1104,"height":224,"caption":"Filtration Group"},"image":{"@id":"https:\/\/www.pcimembranes.com\/pl\/#\/schema\/logo\/image\/"}}]}},"_links":{"self":[{"href":"https:\/\/www.pcimembranes.com\/pl\/wp-json\/wp\/v2\/pages\/4420","targetHints":{"allow":["GET"]}}],"collection":[{"href":"https:\/\/www.pcimembranes.com\/pl\/wp-json\/wp\/v2\/pages"}],"about":[{"href":"https:\/\/www.pcimembranes.com\/pl\/wp-json\/wp\/v2\/types\/page"}],"author":[{"embeddable":true,"href":"https:\/\/www.pcimembranes.com\/pl\/wp-json\/wp\/v2\/users\/9"}],"replies":[{"embeddable":true,"href":"https:\/\/www.pcimembranes.com\/pl\/wp-json\/wp\/v2\/comments?post=4420"}],"version-history":[{"count":0,"href":"https:\/\/www.pcimembranes.com\/pl\/wp-json\/wp\/v2\/pages\/4420\/revisions"}],"wp:attachment":[{"href":"https:\/\/www.pcimembranes.com\/pl\/wp-json\/wp\/v2\/media?parent=4420"}],"curies":[{"name":"wp","href":"https:\/\/api.w.org\/{rel}","templated":true}]}}