{"id":4422,"date":"2022-03-30T13:24:29","date_gmt":"2022-03-30T13:24:29","guid":{"rendered":"https:\/\/www.pcimembranes.com\/?page_id=4422"},"modified":"2025-07-25T09:49:46","modified_gmt":"2025-07-25T09:49:46","slug":"seria-a-tubularne-moduly-membranowe","status":"publish","type":"page","link":"https:\/\/www.pcimembranes.com\/pl\/seria-a-tubularne-moduly-membranowe\/","title":{"rendered":"Seria A &#8211; Tubularne Modu\u0142y Membranowe"},"content":{"rendered":"\n<div class=\"wp-block-cover alignfull has-background-dim-10 has-background-dim\" style=\"min-height:260px;aspect-ratio:unset;\"><img loading=\"lazy\" decoding=\"async\" width=\"1400\" height=\"787\" class=\"wp-block-cover__image-background wp-image-3982\" alt=\"\" src=\"https:\/\/www.pcimembranes.com\/wp-content\/uploads\/2021\/08\/MicrosoftTeams-image-_2.jpg\" style=\"object-position:47% 36%\" data-object-fit=\"cover\" data-object-position=\"47% 36%\" srcset=\"https:\/\/www.pcimembranes.com\/wp-content\/uploads\/2021\/08\/MicrosoftTeams-image-_2.jpg 1400w, https:\/\/www.pcimembranes.com\/wp-content\/uploads\/2021\/08\/MicrosoftTeams-image-_2-300x169.jpg 300w, https:\/\/www.pcimembranes.com\/wp-content\/uploads\/2021\/08\/MicrosoftTeams-image-_2-1024x576.jpg 1024w, https:\/\/www.pcimembranes.com\/wp-content\/uploads\/2021\/08\/MicrosoftTeams-image-_2-768x432.jpg 768w\" sizes=\"auto, (max-width: 1400px) 100vw, 1400px\" \/><div class=\"wp-block-cover__inner-container is-layout-flow wp-block-cover-is-layout-flow\">\n\n<h1 class=\"has-text-align-center wp-block-heading\">Seria A &#8211; Tubularne Modu\u0142y Membranowe<\/h1>\n\n<\/div><\/div>\n\n\n\n<!--Close-->\t\n<\/div><\/div><\/section>\n<!--Menu-->\n<div class=\"no-top-margin\">\n<div class=\"msb-sticky-bar\">\n<div class=\"container\">\n  <div class=\"row\">\n    <div class=\"col-sm text-center\">\n      <a href=\"https:\/\/www.pcimembranes.com\/contactus\/\" class=\"btn btn-primary solution-trigger\">POROZMAWIAJ Z NASZYM EKSPERTEM<\/a>\n    <\/div>\n  <\/div>\n<\/div>\n<\/div>\n<\/div>\n<!--Open-->\n<section class=\"container\"><div class=\"row\"><div class=\"col-md-12\">\n\n\n\n<div class=\"wp-block-media-text alignwide is-stacked-on-mobile\"><figure class=\"wp-block-media-text__media\"><img loading=\"lazy\" decoding=\"async\" width=\"800\" height=\"800\" src=\"https:\/\/www.pcimembranes.com\/wp-content\/uploads\/2021\/10\/A5.png\" alt=\"\" class=\"wp-image-4070 size-full\" srcset=\"https:\/\/www.pcimembranes.com\/wp-content\/uploads\/2021\/10\/A5.png 800w, https:\/\/www.pcimembranes.com\/wp-content\/uploads\/2021\/10\/A5-300x300.png 300w, https:\/\/www.pcimembranes.com\/wp-content\/uploads\/2021\/10\/A5-150x150.png 150w, https:\/\/www.pcimembranes.com\/wp-content\/uploads\/2021\/10\/A5-768x768.png 768w\" sizes=\"auto, (max-width: 800px) 100vw, 800px\" \/><\/figure><div class=\"wp-block-media-text__content\">\n\n<h3 class=\"wp-block-heading\">Seria A5 &#8211; Modu\u0142<\/h3>\n\n\n<p>Modu\u0142 z Serii A5 wykorzystuje nasze specjalnie opracowane membrany ultrafiltracyjne wykonane z materia\u0142u PVDF, kt\u00f3re s\u0105 dostosowane dla r\u00f3\u017cnych proces\u00f3w technologicznych. Dost\u0119pne s\u0105 nast\u0119puj\u0105ce konfiguracje: nominalne odci\u0119cie 20 tys. Dalton\u00f3w, 100 tys. Dalton\u00f3w, 200 tys. Dalton\u00f3w, 450 tys. Dalton\u00f3w i separacja 0.2 mikrona.<\/p>\n\n\n<p><a href=\"https:\/\/www.pcimembranes.com\/pl\/seria-a-tubularne-moduly-membranowe\/seria-a5-modul\/\">DOWIEDZ SI\u0118 WI\u0118CEJ<\/a><\/p>\n\n<\/div><\/div>\n\n\n\n<div class=\"wp-block-media-text alignwide is-stacked-on-mobile\"><figure class=\"wp-block-media-text__media\"><img loading=\"lazy\" decoding=\"async\" width=\"800\" height=\"800\" src=\"https:\/\/www.pcimembranes.com\/wp-content\/uploads\/2021\/10\/A8-new-transparent-shadow.png\" alt=\"\" class=\"wp-image-4083 size-full\" srcset=\"https:\/\/www.pcimembranes.com\/wp-content\/uploads\/2021\/10\/A8-new-transparent-shadow.png 800w, https:\/\/www.pcimembranes.com\/wp-content\/uploads\/2021\/10\/A8-new-transparent-shadow-300x300.png 300w, https:\/\/www.pcimembranes.com\/wp-content\/uploads\/2021\/10\/A8-new-transparent-shadow-150x150.png 150w, https:\/\/www.pcimembranes.com\/wp-content\/uploads\/2021\/10\/A8-new-transparent-shadow-768x768.png 768w\" sizes=\"auto, (max-width: 800px) 100vw, 800px\" \/><\/figure><div class=\"wp-block-media-text__content\">\n\n<h3 class=\"wp-block-heading\"><br>Seria A8 &#8211; Modu\u0142<\/h3>\n\n\n<p>Modu\u0142 z Serii A8 sk\u0142ada si\u0119 ze zintegrowanego rdzenia sk\u0142adaj\u0105cego si\u0119 z 365 membran o \u015brednicy 8 mm ka\u017cda, umieszczonych w obudowie z GRP.<\/p>\n\n\n<p><a href=\"https:\/\/www.pcimembranes.com\/pl\/seria-a8-modul\/\">DOWIEDZ SI\u0118 WI\u0118CEJ<\/a><\/p>\n\n<\/div><\/div>\n\n\n\n<div class=\"wp-block-media-text alignwide is-stacked-on-mobile\"><figure class=\"wp-block-media-text__media\"><img loading=\"lazy\" decoding=\"async\" width=\"800\" height=\"800\" src=\"https:\/\/www.pcimembranes.com\/wp-content\/uploads\/2021\/10\/A19.png\" alt=\"\" class=\"wp-image-4071 size-full\" srcset=\"https:\/\/www.pcimembranes.com\/wp-content\/uploads\/2021\/10\/A19.png 800w, https:\/\/www.pcimembranes.com\/wp-content\/uploads\/2021\/10\/A19-300x300.png 300w, https:\/\/www.pcimembranes.com\/wp-content\/uploads\/2021\/10\/A19-150x150.png 150w, https:\/\/www.pcimembranes.com\/wp-content\/uploads\/2021\/10\/A19-768x768.png 768w\" sizes=\"auto, (max-width: 800px) 100vw, 800px\" \/><\/figure><div class=\"wp-block-media-text__content\">\n\n<h3 class=\"wp-block-heading\">Seria A19 &#8211; Modu\u0142<\/h3>\n\n\n<p>Modu\u0142 z Serii A19 sk\u0142ada si\u0119 z wymiennego wk\u0142adu sk\u0142adaj\u0105cego si\u0119 z 19 membran o \u015brednicy 12.5 mm ka\u017cda, umieszczonych w obudowie ze stali nierdzewnej.<\/p>\n\n\n<p><a href=\"https:\/\/www.pcimembranes.com\/pl\/seria-a-tubularne-moduly-membranowe\/seria-a19-modul\/\">DOWIEDZ SI\u0118 WI\u0118CEJ<\/a><\/p>\n\n<\/div><\/div>\n\n\n\n<div class=\"wp-block-media-text alignwide is-stacked-on-mobile\"><figure class=\"wp-block-media-text__media\"><img loading=\"lazy\" decoding=\"async\" width=\"800\" height=\"800\" src=\"https:\/\/www.pcimembranes.com\/wp-content\/uploads\/2021\/10\/A37-transparent.png\" alt=\"\" class=\"wp-image-4075 size-full\" srcset=\"https:\/\/www.pcimembranes.com\/wp-content\/uploads\/2021\/10\/A37-transparent.png 800w, https:\/\/www.pcimembranes.com\/wp-content\/uploads\/2021\/10\/A37-transparent-300x300.png 300w, https:\/\/www.pcimembranes.com\/wp-content\/uploads\/2021\/10\/A37-transparent-150x150.png 150w, https:\/\/www.pcimembranes.com\/wp-content\/uploads\/2021\/10\/A37-transparent-768x768.png 768w\" sizes=\"auto, (max-width: 800px) 100vw, 800px\" \/><\/figure><div class=\"wp-block-media-text__content\">\n\n<h3 class=\"wp-block-heading\"><br>Seria A37 &#8211; Modu\u0142<\/h3>\n\n\n<p>Modu\u0142 z Serii A37 sk\u0142ada si\u0119 z wymiennego wk\u0142adu sk\u0142adaj\u0105cego si\u0119 z 37 membran o \u015brednicy 12.5 mm ka\u017cda, umieszczonych w obudowie ze stali nierdzewnej.<\/p>\n\n\n<p><a href=\"https:\/\/www.pcimembranes.com\/pl\/seria-a-tubularne-moduly-membranowe\/seria-a37-modul\/\">DOWIEDZ SI\u0118 WI\u0118CEJ<\/a><\/p>\n\n<\/div><\/div>\n","protected":false},"excerpt":{"rendered":"<p>POROZMAWIAJ Z NASZYM EKSPERTEM Seria A5 &#8211; Modu\u0142 Modu\u0142 z Serii A5 wykorzystuje nasze specjalnie opracowane membrany ultrafiltracyjne wykonane z materia\u0142u PVDF, kt\u00f3re s\u0105 dostosowane dla r\u00f3\u017cnych proces\u00f3w technologicznych. Dost\u0119pne s\u0105 nast\u0119puj\u0105ce konfiguracje: nominalne odci\u0119cie 20 tys. Dalton\u00f3w, 100 tys. Dalton\u00f3w, 200 tys. Dalton\u00f3w, 450 tys. Dalton\u00f3w i separacja 0.2 mikrona. DOWIEDZ SI\u0118 WI\u0118CEJ Seria [&hellip;]<\/p>\n","protected":false},"author":9,"featured_media":0,"parent":0,"menu_order":0,"comment_status":"closed","ping_status":"closed","template":"","meta":{"_acf_changed":false,"content-type":"","footnotes":""},"class_list":["post-4422","page","type-page","status-publish","hentry"],"acf":[],"yoast_head":"<!-- This site is optimized with the Yoast SEO plugin v27.3 - https:\/\/yoast.com\/product\/yoast-seo-wordpress\/ -->\n<title>Seria A - Tubularne Modu\u0142y Membranowe - PCI Membranes<\/title>\n<meta name=\"robots\" content=\"index, follow, max-snippet:-1, max-image-preview:large, max-video-preview:-1\" \/>\n<link rel=\"canonical\" href=\"https:\/\/www.pcimembranes.com\/pl\/seria-a-tubularne-moduly-membranowe\/\" \/>\n<meta property=\"og:locale\" content=\"pl_PL\" \/>\n<meta property=\"og:type\" content=\"article\" \/>\n<meta property=\"og:title\" content=\"Seria A - Tubularne Modu\u0142y Membranowe - PCI Membranes\" \/>\n<meta property=\"og:description\" content=\"POROZMAWIAJ Z NASZYM EKSPERTEM Seria A5 &#8211; Modu\u0142 Modu\u0142 z Serii A5 wykorzystuje nasze specjalnie opracowane membrany ultrafiltracyjne wykonane z materia\u0142u PVDF, kt\u00f3re s\u0105 dostosowane dla r\u00f3\u017cnych proces\u00f3w technologicznych. Dost\u0119pne s\u0105 nast\u0119puj\u0105ce konfiguracje: nominalne odci\u0119cie 20 tys. Dalton\u00f3w, 100 tys. Dalton\u00f3w, 200 tys. Dalton\u00f3w, 450 tys. Dalton\u00f3w i separacja 0.2 mikrona. DOWIEDZ SI\u0118 WI\u0118CEJ Seria [&hellip;]\" \/>\n<meta property=\"og:url\" content=\"https:\/\/www.pcimembranes.com\/pl\/seria-a-tubularne-moduly-membranowe\/\" \/>\n<meta property=\"og:site_name\" content=\"PCI Membranes\" \/>\n<meta property=\"article:modified_time\" content=\"2025-07-25T09:49:46+00:00\" \/>\n<meta property=\"og:image\" content=\"https:\/\/www.pcimembranes.com\/wp-content\/uploads\/2021\/08\/MicrosoftTeams-image-_2.jpg\" \/>\n\t<meta property=\"og:image:width\" content=\"1400\" \/>\n\t<meta property=\"og:image:height\" content=\"787\" \/>\n\t<meta property=\"og:image:type\" content=\"image\/jpeg\" \/>\n<meta name=\"twitter:card\" content=\"summary_large_image\" \/>\n<meta name=\"twitter:label1\" content=\"Szacowany czas czytania\" \/>\n\t<meta name=\"twitter:data1\" content=\"2 minuty\" \/>\n<script type=\"application\/ld+json\" class=\"yoast-schema-graph\">{\"@context\":\"https:\\\/\\\/schema.org\",\"@graph\":[{\"@type\":\"WebPage\",\"@id\":\"https:\\\/\\\/www.pcimembranes.com\\\/pl\\\/seria-a-tubularne-moduly-membranowe\\\/\",\"url\":\"https:\\\/\\\/www.pcimembranes.com\\\/pl\\\/seria-a-tubularne-moduly-membranowe\\\/\",\"name\":\"Seria A - Tubularne Modu\u0142y Membranowe - PCI Membranes\",\"isPartOf\":{\"@id\":\"https:\\\/\\\/www.pcimembranes.com\\\/pl\\\/#website\"},\"primaryImageOfPage\":{\"@id\":\"https:\\\/\\\/www.pcimembranes.com\\\/pl\\\/seria-a-tubularne-moduly-membranowe\\\/#primaryimage\"},\"image\":{\"@id\":\"https:\\\/\\\/www.pcimembranes.com\\\/pl\\\/seria-a-tubularne-moduly-membranowe\\\/#primaryimage\"},\"thumbnailUrl\":\"https:\\\/\\\/www.pcimembranes.com\\\/wp-content\\\/uploads\\\/2021\\\/08\\\/MicrosoftTeams-image-_2.jpg\",\"datePublished\":\"2022-03-30T13:24:29+00:00\",\"dateModified\":\"2025-07-25T09:49:46+00:00\",\"breadcrumb\":{\"@id\":\"https:\\\/\\\/www.pcimembranes.com\\\/pl\\\/seria-a-tubularne-moduly-membranowe\\\/#breadcrumb\"},\"inLanguage\":\"pl-PL\",\"potentialAction\":[{\"@type\":\"ReadAction\",\"target\":[\"https:\\\/\\\/www.pcimembranes.com\\\/pl\\\/seria-a-tubularne-moduly-membranowe\\\/\"]}]},{\"@type\":\"ImageObject\",\"inLanguage\":\"pl-PL\",\"@id\":\"https:\\\/\\\/www.pcimembranes.com\\\/pl\\\/seria-a-tubularne-moduly-membranowe\\\/#primaryimage\",\"url\":\"https:\\\/\\\/www.pcimembranes.com\\\/wp-content\\\/uploads\\\/2021\\\/08\\\/MicrosoftTeams-image-_2.jpg\",\"contentUrl\":\"https:\\\/\\\/www.pcimembranes.com\\\/wp-content\\\/uploads\\\/2021\\\/08\\\/MicrosoftTeams-image-_2.jpg\"},{\"@type\":\"BreadcrumbList\",\"@id\":\"https:\\\/\\\/www.pcimembranes.com\\\/pl\\\/seria-a-tubularne-moduly-membranowe\\\/#breadcrumb\",\"itemListElement\":[{\"@type\":\"ListItem\",\"position\":1,\"name\":\"\",\"item\":\"https:\\\/\\\/www.pcimembranes.com\\\/pl\\\/\"},{\"@type\":\"ListItem\",\"position\":2,\"name\":\"Seria A &#8211; Tubularne Modu\u0142y Membranowe\"}]},{\"@type\":\"WebSite\",\"@id\":\"https:\\\/\\\/www.pcimembranes.com\\\/pl\\\/#website\",\"url\":\"https:\\\/\\\/www.pcimembranes.com\\\/pl\\\/\",\"name\":\"PCI Membranes\",\"description\":\"Making the World Safer, Healthier and More Productive\",\"publisher\":{\"@id\":\"https:\\\/\\\/www.pcimembranes.com\\\/pl\\\/#organization\"},\"potentialAction\":[{\"@type\":\"SearchAction\",\"target\":{\"@type\":\"EntryPoint\",\"urlTemplate\":\"https:\\\/\\\/www.pcimembranes.com\\\/pl\\\/?s={search_term_string}\"},\"query-input\":{\"@type\":\"PropertyValueSpecification\",\"valueRequired\":true,\"valueName\":\"search_term_string\"}}],\"inLanguage\":\"pl-PL\"},{\"@type\":\"Organization\",\"@id\":\"https:\\\/\\\/www.pcimembranes.com\\\/pl\\\/#organization\",\"name\":\"Filtration Group\",\"url\":\"https:\\\/\\\/www.pcimembranes.com\\\/pl\\\/\",\"logo\":{\"@type\":\"ImageObject\",\"inLanguage\":\"pl-PL\",\"@id\":\"https:\\\/\\\/www.pcimembranes.com\\\/pl\\\/#\\\/schema\\\/logo\\\/image\\\/\",\"url\":\"https:\\\/\\\/www.pcimembranes.com\\\/wp-content\\\/uploads\\\/2019\\\/06\\\/FGC-logo-1.png\",\"contentUrl\":\"https:\\\/\\\/www.pcimembranes.com\\\/wp-content\\\/uploads\\\/2019\\\/06\\\/FGC-logo-1.png\",\"width\":1104,\"height\":224,\"caption\":\"Filtration Group\"},\"image\":{\"@id\":\"https:\\\/\\\/www.pcimembranes.com\\\/pl\\\/#\\\/schema\\\/logo\\\/image\\\/\"}}]}<\/script>\n<!-- \/ Yoast SEO plugin. -->","yoast_head_json":{"title":"Seria A - Tubularne Modu\u0142y Membranowe - PCI Membranes","robots":{"index":"index","follow":"follow","max-snippet":"max-snippet:-1","max-image-preview":"max-image-preview:large","max-video-preview":"max-video-preview:-1"},"canonical":"https:\/\/www.pcimembranes.com\/pl\/seria-a-tubularne-moduly-membranowe\/","og_locale":"pl_PL","og_type":"article","og_title":"Seria A - Tubularne Modu\u0142y Membranowe - PCI Membranes","og_description":"POROZMAWIAJ Z NASZYM EKSPERTEM Seria A5 &#8211; Modu\u0142 Modu\u0142 z Serii A5 wykorzystuje nasze specjalnie opracowane membrany ultrafiltracyjne wykonane z materia\u0142u PVDF, kt\u00f3re s\u0105 dostosowane dla r\u00f3\u017cnych proces\u00f3w technologicznych. Dost\u0119pne s\u0105 nast\u0119puj\u0105ce konfiguracje: nominalne odci\u0119cie 20 tys. Dalton\u00f3w, 100 tys. Dalton\u00f3w, 200 tys. Dalton\u00f3w, 450 tys. Dalton\u00f3w i separacja 0.2 mikrona. DOWIEDZ SI\u0118 WI\u0118CEJ Seria [&hellip;]","og_url":"https:\/\/www.pcimembranes.com\/pl\/seria-a-tubularne-moduly-membranowe\/","og_site_name":"PCI Membranes","article_modified_time":"2025-07-25T09:49:46+00:00","og_image":[{"width":1400,"height":787,"url":"https:\/\/www.pcimembranes.com\/wp-content\/uploads\/2021\/08\/MicrosoftTeams-image-_2.jpg","type":"image\/jpeg"}],"twitter_card":"summary_large_image","twitter_misc":{"Szacowany czas czytania":"2 minuty"},"schema":{"@context":"https:\/\/schema.org","@graph":[{"@type":"WebPage","@id":"https:\/\/www.pcimembranes.com\/pl\/seria-a-tubularne-moduly-membranowe\/","url":"https:\/\/www.pcimembranes.com\/pl\/seria-a-tubularne-moduly-membranowe\/","name":"Seria A - Tubularne Modu\u0142y Membranowe - PCI Membranes","isPartOf":{"@id":"https:\/\/www.pcimembranes.com\/pl\/#website"},"primaryImageOfPage":{"@id":"https:\/\/www.pcimembranes.com\/pl\/seria-a-tubularne-moduly-membranowe\/#primaryimage"},"image":{"@id":"https:\/\/www.pcimembranes.com\/pl\/seria-a-tubularne-moduly-membranowe\/#primaryimage"},"thumbnailUrl":"https:\/\/www.pcimembranes.com\/wp-content\/uploads\/2021\/08\/MicrosoftTeams-image-_2.jpg","datePublished":"2022-03-30T13:24:29+00:00","dateModified":"2025-07-25T09:49:46+00:00","breadcrumb":{"@id":"https:\/\/www.pcimembranes.com\/pl\/seria-a-tubularne-moduly-membranowe\/#breadcrumb"},"inLanguage":"pl-PL","potentialAction":[{"@type":"ReadAction","target":["https:\/\/www.pcimembranes.com\/pl\/seria-a-tubularne-moduly-membranowe\/"]}]},{"@type":"ImageObject","inLanguage":"pl-PL","@id":"https:\/\/www.pcimembranes.com\/pl\/seria-a-tubularne-moduly-membranowe\/#primaryimage","url":"https:\/\/www.pcimembranes.com\/wp-content\/uploads\/2021\/08\/MicrosoftTeams-image-_2.jpg","contentUrl":"https:\/\/www.pcimembranes.com\/wp-content\/uploads\/2021\/08\/MicrosoftTeams-image-_2.jpg"},{"@type":"BreadcrumbList","@id":"https:\/\/www.pcimembranes.com\/pl\/seria-a-tubularne-moduly-membranowe\/#breadcrumb","itemListElement":[{"@type":"ListItem","position":1,"name":"","item":"https:\/\/www.pcimembranes.com\/pl\/"},{"@type":"ListItem","position":2,"name":"Seria A &#8211; Tubularne Modu\u0142y Membranowe"}]},{"@type":"WebSite","@id":"https:\/\/www.pcimembranes.com\/pl\/#website","url":"https:\/\/www.pcimembranes.com\/pl\/","name":"PCI Membranes","description":"Making the World Safer, Healthier and More Productive","publisher":{"@id":"https:\/\/www.pcimembranes.com\/pl\/#organization"},"potentialAction":[{"@type":"SearchAction","target":{"@type":"EntryPoint","urlTemplate":"https:\/\/www.pcimembranes.com\/pl\/?s={search_term_string}"},"query-input":{"@type":"PropertyValueSpecification","valueRequired":true,"valueName":"search_term_string"}}],"inLanguage":"pl-PL"},{"@type":"Organization","@id":"https:\/\/www.pcimembranes.com\/pl\/#organization","name":"Filtration Group","url":"https:\/\/www.pcimembranes.com\/pl\/","logo":{"@type":"ImageObject","inLanguage":"pl-PL","@id":"https:\/\/www.pcimembranes.com\/pl\/#\/schema\/logo\/image\/","url":"https:\/\/www.pcimembranes.com\/wp-content\/uploads\/2019\/06\/FGC-logo-1.png","contentUrl":"https:\/\/www.pcimembranes.com\/wp-content\/uploads\/2019\/06\/FGC-logo-1.png","width":1104,"height":224,"caption":"Filtration Group"},"image":{"@id":"https:\/\/www.pcimembranes.com\/pl\/#\/schema\/logo\/image\/"}}]}},"_links":{"self":[{"href":"https:\/\/www.pcimembranes.com\/pl\/wp-json\/wp\/v2\/pages\/4422","targetHints":{"allow":["GET"]}}],"collection":[{"href":"https:\/\/www.pcimembranes.com\/pl\/wp-json\/wp\/v2\/pages"}],"about":[{"href":"https:\/\/www.pcimembranes.com\/pl\/wp-json\/wp\/v2\/types\/page"}],"author":[{"embeddable":true,"href":"https:\/\/www.pcimembranes.com\/pl\/wp-json\/wp\/v2\/users\/9"}],"replies":[{"embeddable":true,"href":"https:\/\/www.pcimembranes.com\/pl\/wp-json\/wp\/v2\/comments?post=4422"}],"version-history":[{"count":0,"href":"https:\/\/www.pcimembranes.com\/pl\/wp-json\/wp\/v2\/pages\/4422\/revisions"}],"wp:attachment":[{"href":"https:\/\/www.pcimembranes.com\/pl\/wp-json\/wp\/v2\/media?parent=4422"}],"curies":[{"name":"wp","href":"https:\/\/api.w.org\/{rel}","templated":true}]}}