{"id":4423,"date":"2022-03-30T13:29:40","date_gmt":"2022-03-30T13:29:40","guid":{"rendered":"https:\/\/www.pcimembranes.com\/?page_id=4423"},"modified":"2025-12-11T14:27:20","modified_gmt":"2025-12-11T14:27:20","slug":"seria-a5-modul","status":"publish","type":"page","link":"https:\/\/www.pcimembranes.com\/pl\/seria-a-tubularne-moduly-membranowe\/seria-a5-modul\/","title":{"rendered":"Seria A5 &#8211; Modu\u0142"},"content":{"rendered":"\n<div class=\"wp-block-cover alignfull has-background-dim-10 has-background-dim\" style=\"min-height:259px;aspect-ratio:unset;\"><img loading=\"lazy\" decoding=\"async\" width=\"1400\" height=\"787\" class=\"wp-block-cover__image-background wp-image-3982\" alt=\"\" src=\"https:\/\/www.pcimembranes.com\/wp-content\/uploads\/2021\/08\/MicrosoftTeams-image-_2.jpg\" data-object-fit=\"cover\" srcset=\"https:\/\/www.pcimembranes.com\/wp-content\/uploads\/2021\/08\/MicrosoftTeams-image-_2.jpg 1400w, https:\/\/www.pcimembranes.com\/wp-content\/uploads\/2021\/08\/MicrosoftTeams-image-_2-300x169.jpg 300w, https:\/\/www.pcimembranes.com\/wp-content\/uploads\/2021\/08\/MicrosoftTeams-image-_2-1024x576.jpg 1024w, https:\/\/www.pcimembranes.com\/wp-content\/uploads\/2021\/08\/MicrosoftTeams-image-_2-768x432.jpg 768w\" sizes=\"auto, (max-width: 1400px) 100vw, 1400px\" \/><div class=\"wp-block-cover__inner-container is-layout-flow wp-block-cover-is-layout-flow\">\n\n<h1 class=\"has-text-align-center wp-block-heading\">Seria A5 &#8211; Modu\u0142<\/h1>\n\n<\/div><\/div>\n\n\n\n<!--Close-->\t\n<\/div><\/div><\/section>\n<!--Menu-->\n<div class=\"no-top-margin\">\n<div class=\"msb-sticky-bar\">\n<div class=\"container\">\n  <div class=\"row\">\n    <div class=\"col-sm text-center\">\n      <a href=\"https:\/\/www.pcimembranes.com\/contactus\/\" class=\"btn btn-primary solution-trigger\">POROZMAWIAJ Z NASZYM EKSPERTEM<\/a>\n    <\/div>\n  <\/div>\n<\/div>\n<\/div>\n<\/div>\n<!--Open-->\n<section class=\"container\"><div class=\"row\"><div class=\"col-md-12\">\n\n\n\n<div style=\"height:31px\" aria-hidden=\"true\" class=\"wp-block-spacer\"><\/div>\n\n\n\n<div class=\"wp-block-columns is-layout-flex wp-container-core-columns-is-layout-9d6595d7 wp-block-columns-is-layout-flex\">\n<div class=\"wp-block-column is-vertically-aligned-center is-layout-flow wp-block-column-is-layout-flow\">\n<h2 class=\"wp-block-heading\">Seria A5 &#8211; Modu\u0142<\/h2>\n\n\n\n<p>Kompaktowy modu\u0142 ultrafiltracji tubularnej firmy PCI Membranes\u00ae z Serii A5 mo\u017ce by\u0107 stosowany w szerokim zakresie separacji ciecz przemys\u0142owych w tym do ekonomicznego klarowania \u015bciek\u00f3w z nisk\u0105 zawarto\u015bci\u0105 cz\u0119\u015bci sta\u0142ych.<\/p>\n\n\n\n<p>Modu\u0142 z Serii A5 sk\u0142ada si\u0119 z wymiennego wkladu sk\u0142adaj\u0105cego si\u0119 z 69 membran o \u015brednicy 6 mm ka\u017cda, umieszczonych w obudowie ze stali nierdzewnej.<\/p>\n\n\n\n<p>Modu\u0142 z Serii A5 wykorzystuje nasze specjalnie opracowane membrany ultrafiltracyjne wykonane z materia\u0142u PVDF, kt\u00f3re s\u0105 dostosowane dla r\u00f3\u017cnych proces\u00f3w technologicznych. Dost\u0119pne s\u0105 nast\u0119puj\u0105ce konfiguracje: nominalne odci\u0119cie 20 tys. Dalton\u00f3w, 100 tys. Dalton\u00f3w, 200 tys. Dalton\u00f3w, 450 tys. Dalton\u00f3w i separacja 0.2 mikrona.<\/p>\n\n\n\n<p>Kompaktowa konstrukcja zapewnia modu\u0142owi wysok\u0105 wytrzyma\u0142o\u015b\u0107, pozwalaj\u0105c\u0105 na ci\u015bnienie robocze 10 bar w temperaturach do 60\u00b0C.<\/p>\n\n\n\n<p>Modu\u0142 jest standardowo dost\u0119pny w d\u0142ugo\u015bciach 1.83 m, 3.05 m lub 3.66 m, zapewniaj\u0105c powierzchni\u0119 membrany odpowiednio 2.34 m2, 3.97 m2 lub 4.76 m2.<\/p>\n<\/div>\n<\/div>\n\n\n\n<div class=\"wp-block-columns are-vertically-aligned-center is-layout-flex wp-container-core-columns-is-layout-9d6595d7 wp-block-columns-is-layout-flex\">\n<div class=\"wp-block-column is-vertically-aligned-center is-layout-flow wp-block-column-is-layout-flow\"><div class=\"wp-block-image\">\n<figure class=\"aligncenter size-large\"><img loading=\"lazy\" decoding=\"async\" width=\"1024\" height=\"703\" src=\"https:\/\/www.pcimembranes.com\/wp-content\/uploads\/2021\/08\/A5-module-copie-1024x703.png\" alt=\"\" class=\"wp-image-4004\" srcset=\"https:\/\/www.pcimembranes.com\/wp-content\/uploads\/2021\/08\/A5-module-copie-1024x703.png 1024w, https:\/\/www.pcimembranes.com\/wp-content\/uploads\/2021\/08\/A5-module-copie-300x206.png 300w, https:\/\/www.pcimembranes.com\/wp-content\/uploads\/2021\/08\/A5-module-copie-768x527.png 768w, https:\/\/www.pcimembranes.com\/wp-content\/uploads\/2021\/08\/A5-module-copie.png 1069w\" sizes=\"auto, (max-width: 1024px) 100vw, 1024px\" \/><\/figure>\n<\/div><\/div>\n\n\n\n<div class=\"wp-block-column is-vertically-aligned-center is-layout-flow wp-block-column-is-layout-flow\">\n<figure class=\"wp-block-image size-large is-style-default\"><img loading=\"lazy\" decoding=\"async\" width=\"400\" height=\"482\" src=\"https:\/\/www.pcimembranes.com\/wp-content\/uploads\/2019\/09\/A5_Series_drawing_edited.jpg\" alt=\"\" class=\"wp-image-3395\" srcset=\"https:\/\/www.pcimembranes.com\/wp-content\/uploads\/2019\/09\/A5_Series_drawing_edited.jpg 400w, https:\/\/www.pcimembranes.com\/wp-content\/uploads\/2019\/09\/A5_Series_drawing_edited-249x300.jpg 249w\" sizes=\"auto, (max-width: 400px) 100vw, 400px\" \/><\/figure>\n<\/div>\n<\/div>\n\n\n\n<div class=\"wp-block-columns is-layout-flex wp-container-core-columns-is-layout-9d6595d7 wp-block-columns-is-layout-flex\">\n<div class=\"wp-block-column is-layout-flow wp-block-column-is-layout-flow\">\n<h3 class=\"wp-block-heading\">Wymienny wk\u0142ad membranowy<\/h3>\n\n\n\n<p>Szybkie i ekonomiczne wymiany zu\u017cytych wk\u0142ad\u00f3w membranowych pozwalaj\u0105 na kr\u00f3tkie czasy przestoj\u00f3w.<\/p>\n<\/div>\n\n\n\n<div class=\"wp-block-column is-layout-flow wp-block-column-is-layout-flow\">\n<h3 class=\"wp-block-heading\">Sprawdzone membrany.<\/h3>\n\n\n\n<p>Do zastosowa\u0144 w przemy\u015ble spo\u017cywczym, produkcji napoj\u00f3w, chemicznym i farmaceutycznym.<\/p>\n<\/div>\n<\/div>\n\n\n\n<div class=\"wp-block-columns is-layout-flex wp-container-core-columns-is-layout-9d6595d7 wp-block-columns-is-layout-flex\">\n<div class=\"wp-block-column is-layout-flow wp-block-column-is-layout-flow\">\n<h3 class=\"wp-block-heading\">Kompaktowa konstrukcja modu\u0142u.<\/h3>\n\n\n\n<p>Szybka i \u0142atwa rozbudowa instalacji.<\/p>\n<\/div>\n\n\n\n<div class=\"wp-block-column is-layout-flow wp-block-column-is-layout-flow\">\n<h3 class=\"wp-block-heading\">Modu\u0142 Tubularny<\/h3>\n\n\n\n<p>Wymagana minimalnej filtracji wst\u0119pnej, dostosowanej do cieczy i du\u017cej ilo\u015bci zawieszonych cia\u0142 sta\u0142ych.<\/p>\n<\/div>\n<\/div>\n\n\n\n<div style=\"height:50px\" aria-hidden=\"true\" class=\"wp-block-spacer\"><\/div>\n\n\n\n<div class=\"wp-block-file\"><a id=\"wp-block-file--media-c1c351d2-1e6d-4eb9-b646-86d96b01915d\" href=\"https:\/\/www.pcimembranes.com\/wp-content\/uploads\/2019\/09\/PCI_A5_Series.pdf\" target=\"_blank\" rel=\"noreferrer noopener\">INFORMAZIONI SUI PRODOTTI DELLA SERIE A5<\/a><a href=\"https:\/\/www.pcimembranes.com\/wp-content\/uploads\/2019\/09\/PCI_A5_Series.pdf\" class=\"wp-block-file__button wp-element-button\" download aria-describedby=\"wp-block-file--media-c1c351d2-1e6d-4eb9-b646-86d96b01915d\">SCARICA<\/a><\/div>\n\n\n\n<div class=\"wp-block-file\"><a id=\"wp-block-file--media-7f17466b-7c28-4ffd-bcc2-bdb501c529b2\" href=\"https:\/\/www.pcimembranes.com\/wp-content\/uploads\/2019\/09\/A5-Module-Data-Sheet.pdf\" target=\"_blank\" rel=\"noreferrer noopener\">SCHEDA TECNICA DEL MODULO A5<\/a><a href=\"https:\/\/www.pcimembranes.com\/wp-content\/uploads\/2019\/09\/A5-Module-Data-Sheet.pdf\" class=\"wp-block-file__button wp-element-button\" download aria-describedby=\"wp-block-file--media-7f17466b-7c28-4ffd-bcc2-bdb501c529b2\">SCARICA<\/a><\/div>\n\n\n\n<div class=\"wp-block-buttons is-layout-flex wp-block-buttons-is-layout-flex\"><\/div>\n\n\n\n<div class=\"wp-block-media-text alignwide has-media-on-the-right is-stacked-on-mobile grayblock pt-5 pb-5\"><div class=\"wp-block-media-text__content\">\n<h3 class=\"wp-block-heading\">Potrzebujesz informacji<\/h3>\n\n\n\n<p>Oferujemy rozwi\u0105zania procesowe dla szerokiej gamy zastosowa\u0144 filtracyjnych z wykorzystaniem technologii mikrofiltracji, ultrafiltracji, nanofiltracji i odwr\u00f3conej osmozy.<\/p>\n\n\n\n<div class=\"wp-block-buttons is-layout-flex wp-block-buttons-is-layout-flex\"><\/div>\n\n\n\n<div class=\"wp-block-button has-custom-width wp-block-button__width-100\"><a class=\"wp-block-button__link has-light-gray-color has-text-color has-background wp-element-button\" href=\"https:\/\/www.pcimembranes.com\/contactus\/\" style=\"background-color:#0085ca\">KONTAKT<\/a><\/div>\n\n\n\n<p><\/p>\n<\/div><figure class=\"wp-block-media-text__media\"><\/figure><\/div>\n\n\n\n<p><\/p>\n","protected":false},"excerpt":{"rendered":"<p>POROZMAWIAJ Z NASZYM EKSPERTEM Seria A5 &#8211; Modu\u0142 Kompaktowy modu\u0142 ultrafiltracji tubularnej firmy PCI Membranes\u00ae z Serii A5 mo\u017ce by\u0107 stosowany w szerokim zakresie separacji ciecz przemys\u0142owych w tym do ekonomicznego klarowania \u015bciek\u00f3w z nisk\u0105 zawarto\u015bci\u0105 cz\u0119\u015bci sta\u0142ych. Modu\u0142 z Serii A5 sk\u0142ada si\u0119 z wymiennego wkladu sk\u0142adaj\u0105cego si\u0119 z 69 membran o \u015brednicy 6 [&hellip;]<\/p>\n","protected":false},"author":9,"featured_media":0,"parent":4422,"menu_order":0,"comment_status":"closed","ping_status":"closed","template":"","meta":{"_acf_changed":false,"content-type":"","footnotes":""},"class_list":["post-4423","page","type-page","status-publish","hentry"],"acf":[],"yoast_head":"<!-- This site is optimized with the Yoast SEO plugin v27.3 - https:\/\/yoast.com\/product\/yoast-seo-wordpress\/ -->\n<title>Seria A5 - Modu\u0142 - PCI Membranes<\/title>\n<meta name=\"robots\" content=\"index, follow, max-snippet:-1, max-image-preview:large, max-video-preview:-1\" \/>\n<link rel=\"canonical\" href=\"https:\/\/www.pcimembranes.com\/pl\/seria-a-tubularne-moduly-membranowe\/seria-a5-modul\/\" \/>\n<meta property=\"og:locale\" content=\"pl_PL\" \/>\n<meta property=\"og:type\" content=\"article\" \/>\n<meta property=\"og:title\" content=\"Seria A5 - Modu\u0142 - PCI Membranes\" \/>\n<meta property=\"og:description\" content=\"POROZMAWIAJ Z NASZYM EKSPERTEM Seria A5 &#8211; Modu\u0142 Kompaktowy modu\u0142 ultrafiltracji tubularnej firmy PCI Membranes\u00ae z Serii A5 mo\u017ce by\u0107 stosowany w szerokim zakresie separacji ciecz przemys\u0142owych w tym do ekonomicznego klarowania \u015bciek\u00f3w z nisk\u0105 zawarto\u015bci\u0105 cz\u0119\u015bci sta\u0142ych. Modu\u0142 z Serii A5 sk\u0142ada si\u0119 z wymiennego wkladu sk\u0142adaj\u0105cego si\u0119 z 69 membran o \u015brednicy 6 [&hellip;]\" \/>\n<meta property=\"og:url\" content=\"https:\/\/www.pcimembranes.com\/pl\/seria-a-tubularne-moduly-membranowe\/seria-a5-modul\/\" \/>\n<meta property=\"og:site_name\" content=\"PCI Membranes\" \/>\n<meta property=\"article:modified_time\" content=\"2025-12-11T14:27:20+00:00\" \/>\n<meta property=\"og:image\" content=\"https:\/\/www.pcimembranes.com\/wp-content\/uploads\/2021\/08\/MicrosoftTeams-image-_2.jpg\" \/>\n\t<meta property=\"og:image:width\" content=\"1400\" \/>\n\t<meta property=\"og:image:height\" content=\"787\" \/>\n\t<meta property=\"og:image:type\" content=\"image\/jpeg\" \/>\n<meta name=\"twitter:card\" content=\"summary_large_image\" \/>\n<meta name=\"twitter:label1\" content=\"Szacowany czas czytania\" \/>\n\t<meta name=\"twitter:data1\" content=\"2 minuty\" \/>\n<script type=\"application\/ld+json\" class=\"yoast-schema-graph\">{\"@context\":\"https:\\\/\\\/schema.org\",\"@graph\":[{\"@type\":\"WebPage\",\"@id\":\"https:\\\/\\\/www.pcimembranes.com\\\/pl\\\/seria-a-tubularne-moduly-membranowe\\\/seria-a5-modul\\\/\",\"url\":\"https:\\\/\\\/www.pcimembranes.com\\\/pl\\\/seria-a-tubularne-moduly-membranowe\\\/seria-a5-modul\\\/\",\"name\":\"Seria A5 - Modu\u0142 - PCI Membranes\",\"isPartOf\":{\"@id\":\"https:\\\/\\\/www.pcimembranes.com\\\/pl\\\/#website\"},\"primaryImageOfPage\":{\"@id\":\"https:\\\/\\\/www.pcimembranes.com\\\/pl\\\/seria-a-tubularne-moduly-membranowe\\\/seria-a5-modul\\\/#primaryimage\"},\"image\":{\"@id\":\"https:\\\/\\\/www.pcimembranes.com\\\/pl\\\/seria-a-tubularne-moduly-membranowe\\\/seria-a5-modul\\\/#primaryimage\"},\"thumbnailUrl\":\"https:\\\/\\\/www.pcimembranes.com\\\/wp-content\\\/uploads\\\/2021\\\/08\\\/MicrosoftTeams-image-_2.jpg\",\"datePublished\":\"2022-03-30T13:29:40+00:00\",\"dateModified\":\"2025-12-11T14:27:20+00:00\",\"breadcrumb\":{\"@id\":\"https:\\\/\\\/www.pcimembranes.com\\\/pl\\\/seria-a-tubularne-moduly-membranowe\\\/seria-a5-modul\\\/#breadcrumb\"},\"inLanguage\":\"pl-PL\",\"potentialAction\":[{\"@type\":\"ReadAction\",\"target\":[\"https:\\\/\\\/www.pcimembranes.com\\\/pl\\\/seria-a-tubularne-moduly-membranowe\\\/seria-a5-modul\\\/\"]}]},{\"@type\":\"ImageObject\",\"inLanguage\":\"pl-PL\",\"@id\":\"https:\\\/\\\/www.pcimembranes.com\\\/pl\\\/seria-a-tubularne-moduly-membranowe\\\/seria-a5-modul\\\/#primaryimage\",\"url\":\"https:\\\/\\\/www.pcimembranes.com\\\/wp-content\\\/uploads\\\/2021\\\/08\\\/MicrosoftTeams-image-_2.jpg\",\"contentUrl\":\"https:\\\/\\\/www.pcimembranes.com\\\/wp-content\\\/uploads\\\/2021\\\/08\\\/MicrosoftTeams-image-_2.jpg\"},{\"@type\":\"BreadcrumbList\",\"@id\":\"https:\\\/\\\/www.pcimembranes.com\\\/pl\\\/seria-a-tubularne-moduly-membranowe\\\/seria-a5-modul\\\/#breadcrumb\",\"itemListElement\":[{\"@type\":\"ListItem\",\"position\":1,\"name\":\"\",\"item\":\"https:\\\/\\\/www.pcimembranes.com\\\/pl\\\/\"},{\"@type\":\"ListItem\",\"position\":2,\"name\":\"Seria A &#8211; Tubularne Modu\u0142y Membranowe\",\"item\":\"https:\\\/\\\/www.pcimembranes.com\\\/pl\\\/seria-a-tubularne-moduly-membranowe\\\/\"},{\"@type\":\"ListItem\",\"position\":3,\"name\":\"Seria A5 &#8211; Modu\u0142\"}]},{\"@type\":\"WebSite\",\"@id\":\"https:\\\/\\\/www.pcimembranes.com\\\/pl\\\/#website\",\"url\":\"https:\\\/\\\/www.pcimembranes.com\\\/pl\\\/\",\"name\":\"PCI Membranes\",\"description\":\"Making the World Safer, Healthier and More Productive\",\"publisher\":{\"@id\":\"https:\\\/\\\/www.pcimembranes.com\\\/pl\\\/#organization\"},\"potentialAction\":[{\"@type\":\"SearchAction\",\"target\":{\"@type\":\"EntryPoint\",\"urlTemplate\":\"https:\\\/\\\/www.pcimembranes.com\\\/pl\\\/?s={search_term_string}\"},\"query-input\":{\"@type\":\"PropertyValueSpecification\",\"valueRequired\":true,\"valueName\":\"search_term_string\"}}],\"inLanguage\":\"pl-PL\"},{\"@type\":\"Organization\",\"@id\":\"https:\\\/\\\/www.pcimembranes.com\\\/pl\\\/#organization\",\"name\":\"Filtration Group\",\"url\":\"https:\\\/\\\/www.pcimembranes.com\\\/pl\\\/\",\"logo\":{\"@type\":\"ImageObject\",\"inLanguage\":\"pl-PL\",\"@id\":\"https:\\\/\\\/www.pcimembranes.com\\\/pl\\\/#\\\/schema\\\/logo\\\/image\\\/\",\"url\":\"https:\\\/\\\/www.pcimembranes.com\\\/wp-content\\\/uploads\\\/2019\\\/06\\\/FGC-logo-1.png\",\"contentUrl\":\"https:\\\/\\\/www.pcimembranes.com\\\/wp-content\\\/uploads\\\/2019\\\/06\\\/FGC-logo-1.png\",\"width\":1104,\"height\":224,\"caption\":\"Filtration Group\"},\"image\":{\"@id\":\"https:\\\/\\\/www.pcimembranes.com\\\/pl\\\/#\\\/schema\\\/logo\\\/image\\\/\"}}]}<\/script>\n<!-- \/ Yoast SEO plugin. -->","yoast_head_json":{"title":"Seria A5 - Modu\u0142 - PCI Membranes","robots":{"index":"index","follow":"follow","max-snippet":"max-snippet:-1","max-image-preview":"max-image-preview:large","max-video-preview":"max-video-preview:-1"},"canonical":"https:\/\/www.pcimembranes.com\/pl\/seria-a-tubularne-moduly-membranowe\/seria-a5-modul\/","og_locale":"pl_PL","og_type":"article","og_title":"Seria A5 - Modu\u0142 - PCI Membranes","og_description":"POROZMAWIAJ Z NASZYM EKSPERTEM Seria A5 &#8211; Modu\u0142 Kompaktowy modu\u0142 ultrafiltracji tubularnej firmy PCI Membranes\u00ae z Serii A5 mo\u017ce by\u0107 stosowany w szerokim zakresie separacji ciecz przemys\u0142owych w tym do ekonomicznego klarowania \u015bciek\u00f3w z nisk\u0105 zawarto\u015bci\u0105 cz\u0119\u015bci sta\u0142ych. Modu\u0142 z Serii A5 sk\u0142ada si\u0119 z wymiennego wkladu sk\u0142adaj\u0105cego si\u0119 z 69 membran o \u015brednicy 6 [&hellip;]","og_url":"https:\/\/www.pcimembranes.com\/pl\/seria-a-tubularne-moduly-membranowe\/seria-a5-modul\/","og_site_name":"PCI Membranes","article_modified_time":"2025-12-11T14:27:20+00:00","og_image":[{"width":1400,"height":787,"url":"https:\/\/www.pcimembranes.com\/wp-content\/uploads\/2021\/08\/MicrosoftTeams-image-_2.jpg","type":"image\/jpeg"}],"twitter_card":"summary_large_image","twitter_misc":{"Szacowany czas czytania":"2 minuty"},"schema":{"@context":"https:\/\/schema.org","@graph":[{"@type":"WebPage","@id":"https:\/\/www.pcimembranes.com\/pl\/seria-a-tubularne-moduly-membranowe\/seria-a5-modul\/","url":"https:\/\/www.pcimembranes.com\/pl\/seria-a-tubularne-moduly-membranowe\/seria-a5-modul\/","name":"Seria A5 - Modu\u0142 - PCI Membranes","isPartOf":{"@id":"https:\/\/www.pcimembranes.com\/pl\/#website"},"primaryImageOfPage":{"@id":"https:\/\/www.pcimembranes.com\/pl\/seria-a-tubularne-moduly-membranowe\/seria-a5-modul\/#primaryimage"},"image":{"@id":"https:\/\/www.pcimembranes.com\/pl\/seria-a-tubularne-moduly-membranowe\/seria-a5-modul\/#primaryimage"},"thumbnailUrl":"https:\/\/www.pcimembranes.com\/wp-content\/uploads\/2021\/08\/MicrosoftTeams-image-_2.jpg","datePublished":"2022-03-30T13:29:40+00:00","dateModified":"2025-12-11T14:27:20+00:00","breadcrumb":{"@id":"https:\/\/www.pcimembranes.com\/pl\/seria-a-tubularne-moduly-membranowe\/seria-a5-modul\/#breadcrumb"},"inLanguage":"pl-PL","potentialAction":[{"@type":"ReadAction","target":["https:\/\/www.pcimembranes.com\/pl\/seria-a-tubularne-moduly-membranowe\/seria-a5-modul\/"]}]},{"@type":"ImageObject","inLanguage":"pl-PL","@id":"https:\/\/www.pcimembranes.com\/pl\/seria-a-tubularne-moduly-membranowe\/seria-a5-modul\/#primaryimage","url":"https:\/\/www.pcimembranes.com\/wp-content\/uploads\/2021\/08\/MicrosoftTeams-image-_2.jpg","contentUrl":"https:\/\/www.pcimembranes.com\/wp-content\/uploads\/2021\/08\/MicrosoftTeams-image-_2.jpg"},{"@type":"BreadcrumbList","@id":"https:\/\/www.pcimembranes.com\/pl\/seria-a-tubularne-moduly-membranowe\/seria-a5-modul\/#breadcrumb","itemListElement":[{"@type":"ListItem","position":1,"name":"","item":"https:\/\/www.pcimembranes.com\/pl\/"},{"@type":"ListItem","position":2,"name":"Seria A &#8211; Tubularne Modu\u0142y Membranowe","item":"https:\/\/www.pcimembranes.com\/pl\/seria-a-tubularne-moduly-membranowe\/"},{"@type":"ListItem","position":3,"name":"Seria A5 &#8211; Modu\u0142"}]},{"@type":"WebSite","@id":"https:\/\/www.pcimembranes.com\/pl\/#website","url":"https:\/\/www.pcimembranes.com\/pl\/","name":"PCI Membranes","description":"Making the World Safer, Healthier and More Productive","publisher":{"@id":"https:\/\/www.pcimembranes.com\/pl\/#organization"},"potentialAction":[{"@type":"SearchAction","target":{"@type":"EntryPoint","urlTemplate":"https:\/\/www.pcimembranes.com\/pl\/?s={search_term_string}"},"query-input":{"@type":"PropertyValueSpecification","valueRequired":true,"valueName":"search_term_string"}}],"inLanguage":"pl-PL"},{"@type":"Organization","@id":"https:\/\/www.pcimembranes.com\/pl\/#organization","name":"Filtration Group","url":"https:\/\/www.pcimembranes.com\/pl\/","logo":{"@type":"ImageObject","inLanguage":"pl-PL","@id":"https:\/\/www.pcimembranes.com\/pl\/#\/schema\/logo\/image\/","url":"https:\/\/www.pcimembranes.com\/wp-content\/uploads\/2019\/06\/FGC-logo-1.png","contentUrl":"https:\/\/www.pcimembranes.com\/wp-content\/uploads\/2019\/06\/FGC-logo-1.png","width":1104,"height":224,"caption":"Filtration Group"},"image":{"@id":"https:\/\/www.pcimembranes.com\/pl\/#\/schema\/logo\/image\/"}}]}},"_links":{"self":[{"href":"https:\/\/www.pcimembranes.com\/pl\/wp-json\/wp\/v2\/pages\/4423","targetHints":{"allow":["GET"]}}],"collection":[{"href":"https:\/\/www.pcimembranes.com\/pl\/wp-json\/wp\/v2\/pages"}],"about":[{"href":"https:\/\/www.pcimembranes.com\/pl\/wp-json\/wp\/v2\/types\/page"}],"author":[{"embeddable":true,"href":"https:\/\/www.pcimembranes.com\/pl\/wp-json\/wp\/v2\/users\/9"}],"replies":[{"embeddable":true,"href":"https:\/\/www.pcimembranes.com\/pl\/wp-json\/wp\/v2\/comments?post=4423"}],"version-history":[{"count":0,"href":"https:\/\/www.pcimembranes.com\/pl\/wp-json\/wp\/v2\/pages\/4423\/revisions"}],"up":[{"embeddable":true,"href":"https:\/\/www.pcimembranes.com\/pl\/wp-json\/wp\/v2\/pages\/4422"}],"wp:attachment":[{"href":"https:\/\/www.pcimembranes.com\/pl\/wp-json\/wp\/v2\/media?parent=4423"}],"curies":[{"name":"wp","href":"https:\/\/api.w.org\/{rel}","templated":true}]}}