{"id":4432,"date":"2022-03-30T15:50:02","date_gmt":"2022-03-30T15:50:02","guid":{"rendered":"https:\/\/www.pcimembranes.com\/?page_id=4432"},"modified":"2025-12-11T14:29:38","modified_gmt":"2025-12-11T14:29:38","slug":"konstrukcja-przeplywu-z-dwoma-wejsciami-uf","status":"publish","type":"page","link":"https:\/\/www.pcimembranes.com\/pl\/seria-b1-tubularnych-modulow-membranowych\/konstrukcja-przeplywu-z-dwoma-wejsciami-uf\/","title":{"rendered":"Konstrukcja Przep\u0142ywu z Dwoma Wej\u015bciami (UF)"},"content":{"rendered":"\n<div class=\"wp-block-cover alignfull has-background-dim-10 has-background-dim\" style=\"min-height:256px;aspect-ratio:unset;\"><img loading=\"lazy\" decoding=\"async\" width=\"1400\" height=\"787\" class=\"wp-block-cover__image-background wp-image-3982\" alt=\"\" src=\"https:\/\/www.pcimembranes.com\/wp-content\/uploads\/2021\/08\/MicrosoftTeams-image-_2.jpg\" data-object-fit=\"cover\" srcset=\"https:\/\/www.pcimembranes.com\/wp-content\/uploads\/2021\/08\/MicrosoftTeams-image-_2.jpg 1400w, https:\/\/www.pcimembranes.com\/wp-content\/uploads\/2021\/08\/MicrosoftTeams-image-_2-300x169.jpg 300w, https:\/\/www.pcimembranes.com\/wp-content\/uploads\/2021\/08\/MicrosoftTeams-image-_2-1024x576.jpg 1024w, https:\/\/www.pcimembranes.com\/wp-content\/uploads\/2021\/08\/MicrosoftTeams-image-_2-768x432.jpg 768w\" sizes=\"auto, (max-width: 1400px) 100vw, 1400px\" \/><div class=\"wp-block-cover__inner-container is-layout-flow wp-block-cover-is-layout-flow\">\n\n<h1 class=\"has-text-align-center wp-block-heading\">Konstrukcja Przep\u0142ywu z Dwoma Wej\u015bciami (UF)<\/h1>\n\n<\/div><\/div>\n\n\n\n<!--Close-->\t\n<\/div><\/div><\/section>\n<!--Menu-->\n<div class=\"no-top-margin\">\n<div class=\"msb-sticky-bar\">\n<div class=\"container\">\n  <div class=\"row\">\n    <div class=\"col-sm text-center\">\n      <a href=\"https:\/\/www.pcimembranes.com\/contact-2\/\" class=\"btn btn-primary solution-trigger\">POROZMAWIAJ Z NASZYM EKSPERTEM<\/a>\n    <\/div>\n  <\/div>\n<\/div>\n<\/div>\n<\/div>\n<!--Open-->\n<section class=\"container\"><div class=\"row\"><div class=\"col-md-12\">\n\n\n\n<h2 class=\"wp-block-heading\">Konstrukcja Przep\u0142ywu z Dwoma Wej\u015bciami (UF)<\/h2>\n\n\n\n<p>W przypadku cieczy lepkich stosuje si\u0119 alternatywny typ ko\u0144cowych pokryw (znany jako \u201epodw\u00f3jny\u201d lub \u201ez dwoma wej\u015bciami\u201d), kt\u00f3ry zapewnia dwa r\u00f3wnoleg\u0142e kana\u0142y, ka\u017cdy po dziewi\u0119\u0107 rur szeregowo. Pozwala to na stosowanie wy\u017cszych pr\u0119dko\u015bci przep\u0142ywu krzy\u017cowego przy zminimalizowanym ca\u0142kowitym spadku ci\u015bnienia.<\/p>\n\n\n\n<p>Temperatura graniczna pracy dla modu\u0142u B1 wynosi 80oC, a maksymalne ci\u015bnienie robocze do 16 bar.<\/p>\n\n\n\n<p>Modu\u0142 ma konstrukcj\u0119 ze stali nierdzewnej, z tubularnymi membranami o \u015brednicy 12.7 mm zamontowanymi w 18 perforowanych rurach no\u015bnych i dost\u0119pnymi standardowo w d\u0142ugo\u015bciach 3.66 m, 2.4 mi 1.2 m, zapewniaj\u0105cymi powierzchnie filtracyjn\u0105 odpowiednio 2.6 m2, 1.7 m2 i 0.9 m2.<\/p>\n\n\n\n<div class=\"wp-block-columns has-2-columns is-layout-flex wp-container-core-columns-is-layout-9d6595d7 wp-block-columns-is-layout-flex\">\n<div class=\"wp-block-column is-layout-flow wp-block-column-is-layout-flow\">\n<figure class=\"wp-block-image\"><img loading=\"lazy\" decoding=\"async\" width=\"400\" height=\"344\" src=\"https:\/\/www.pcimembranes.com\/wp-content\/uploads\/2019\/10\/B_Series_Twin.jpg\" alt=\"\" class=\"wp-image-3418\" srcset=\"https:\/\/www.pcimembranes.com\/wp-content\/uploads\/2019\/10\/B_Series_Twin.jpg 400w, https:\/\/www.pcimembranes.com\/wp-content\/uploads\/2019\/10\/B_Series_Twin-300x258.jpg 300w\" sizes=\"auto, (max-width: 400px) 100vw, 400px\" \/><\/figure>\n<\/div>\n\n\n\n<div class=\"wp-block-column is-layout-flow wp-block-column-is-layout-flow\">\n<figure class=\"wp-block-image\"><img loading=\"lazy\" decoding=\"async\" width=\"400\" height=\"334\" src=\"https:\/\/www.pcimembranes.com\/wp-content\/uploads\/2019\/10\/B_Series_Twin_drawing.jpg\" alt=\"\" class=\"wp-image-3415\" srcset=\"https:\/\/www.pcimembranes.com\/wp-content\/uploads\/2019\/10\/B_Series_Twin_drawing.jpg 400w, https:\/\/www.pcimembranes.com\/wp-content\/uploads\/2019\/10\/B_Series_Twin_drawing-300x251.jpg 300w\" sizes=\"auto, (max-width: 400px) 100vw, 400px\" \/><\/figure>\n<\/div>\n<\/div>\n\n\n\n<div style=\"height:50px\" aria-hidden=\"true\" class=\"wp-block-spacer\"><\/div>\n\n\n\n<div class=\"wp-block-file\"><a href=\"https:\/\/www.pcimembranes.com\/wp-content\/uploads\/2024\/12\/PCI_B1_Series-1-1-2.pdf\">INFORMACJE O PRODUKCIE Z SERII B1<\/a><a href=\"https:\/\/www.pcimembranes.com\/wp-content\/uploads\/2024\/12\/PCI_B1_Series-1-1-2.pdf\" class=\"wp-block-file__button\" download>POBIERZ<\/a><\/div>\n\n\n\n<div style=\"height:50px\" aria-hidden=\"true\" class=\"wp-block-spacer\"><\/div>\n","protected":false},"excerpt":{"rendered":"<p>POROZMAWIAJ Z NASZYM EKSPERTEM Konstrukcja Przep\u0142ywu z Dwoma Wej\u015bciami (UF) W przypadku cieczy lepkich stosuje si\u0119 alternatywny typ ko\u0144cowych pokryw (znany jako \u201epodw\u00f3jny\u201d lub \u201ez dwoma wej\u015bciami\u201d), kt\u00f3ry zapewnia dwa r\u00f3wnoleg\u0142e kana\u0142y, ka\u017cdy po dziewi\u0119\u0107 rur szeregowo. Pozwala to na stosowanie wy\u017cszych pr\u0119dko\u015bci przep\u0142ywu krzy\u017cowego przy zminimalizowanym ca\u0142kowitym spadku ci\u015bnienia. Temperatura graniczna pracy dla modu\u0142u [&hellip;]<\/p>\n","protected":false},"author":9,"featured_media":0,"parent":4430,"menu_order":0,"comment_status":"closed","ping_status":"closed","template":"","meta":{"_acf_changed":false,"content-type":"","footnotes":""},"class_list":["post-4432","page","type-page","status-publish","hentry"],"acf":[],"yoast_head":"<!-- This site is optimized with the Yoast SEO plugin v27.3 - https:\/\/yoast.com\/product\/yoast-seo-wordpress\/ -->\n<title>Konstrukcja Przep\u0142ywu z Dwoma Wej\u015bciami (UF) - PCI Membranes<\/title>\n<meta name=\"robots\" content=\"index, follow, max-snippet:-1, max-image-preview:large, max-video-preview:-1\" \/>\n<link rel=\"canonical\" href=\"https:\/\/www.pcimembranes.com\/pl\/seria-b1-tubularnych-modulow-membranowych\/konstrukcja-przeplywu-z-dwoma-wejsciami-uf\/\" \/>\n<meta property=\"og:locale\" content=\"pl_PL\" \/>\n<meta property=\"og:type\" content=\"article\" \/>\n<meta property=\"og:title\" content=\"Konstrukcja Przep\u0142ywu z Dwoma Wej\u015bciami (UF) - PCI Membranes\" \/>\n<meta property=\"og:description\" content=\"POROZMAWIAJ Z NASZYM EKSPERTEM Konstrukcja Przep\u0142ywu z Dwoma Wej\u015bciami (UF) W przypadku cieczy lepkich stosuje si\u0119 alternatywny typ ko\u0144cowych pokryw (znany jako \u201epodw\u00f3jny\u201d lub \u201ez dwoma wej\u015bciami\u201d), kt\u00f3ry zapewnia dwa r\u00f3wnoleg\u0142e kana\u0142y, ka\u017cdy po dziewi\u0119\u0107 rur szeregowo. Pozwala to na stosowanie wy\u017cszych pr\u0119dko\u015bci przep\u0142ywu krzy\u017cowego przy zminimalizowanym ca\u0142kowitym spadku ci\u015bnienia. Temperatura graniczna pracy dla modu\u0142u [&hellip;]\" \/>\n<meta property=\"og:url\" content=\"https:\/\/www.pcimembranes.com\/pl\/seria-b1-tubularnych-modulow-membranowych\/konstrukcja-przeplywu-z-dwoma-wejsciami-uf\/\" \/>\n<meta property=\"og:site_name\" content=\"PCI Membranes\" \/>\n<meta property=\"article:modified_time\" content=\"2025-12-11T14:29:38+00:00\" \/>\n<meta property=\"og:image\" content=\"https:\/\/www.pcimembranes.com\/wp-content\/uploads\/2021\/08\/MicrosoftTeams-image-_2.jpg\" \/>\n\t<meta property=\"og:image:width\" content=\"1400\" \/>\n\t<meta property=\"og:image:height\" content=\"787\" \/>\n\t<meta property=\"og:image:type\" content=\"image\/jpeg\" \/>\n<meta name=\"twitter:card\" content=\"summary_large_image\" \/>\n<meta name=\"twitter:label1\" content=\"Szacowany czas czytania\" \/>\n\t<meta name=\"twitter:data1\" content=\"2 minuty\" \/>\n<script type=\"application\/ld+json\" class=\"yoast-schema-graph\">{\"@context\":\"https:\\\/\\\/schema.org\",\"@graph\":[{\"@type\":\"WebPage\",\"@id\":\"https:\\\/\\\/www.pcimembranes.com\\\/pl\\\/seria-b1-tubularnych-modulow-membranowych\\\/konstrukcja-przeplywu-z-dwoma-wejsciami-uf\\\/\",\"url\":\"https:\\\/\\\/www.pcimembranes.com\\\/pl\\\/seria-b1-tubularnych-modulow-membranowych\\\/konstrukcja-przeplywu-z-dwoma-wejsciami-uf\\\/\",\"name\":\"Konstrukcja Przep\u0142ywu z Dwoma Wej\u015bciami (UF) - PCI Membranes\",\"isPartOf\":{\"@id\":\"https:\\\/\\\/www.pcimembranes.com\\\/pl\\\/#website\"},\"primaryImageOfPage\":{\"@id\":\"https:\\\/\\\/www.pcimembranes.com\\\/pl\\\/seria-b1-tubularnych-modulow-membranowych\\\/konstrukcja-przeplywu-z-dwoma-wejsciami-uf\\\/#primaryimage\"},\"image\":{\"@id\":\"https:\\\/\\\/www.pcimembranes.com\\\/pl\\\/seria-b1-tubularnych-modulow-membranowych\\\/konstrukcja-przeplywu-z-dwoma-wejsciami-uf\\\/#primaryimage\"},\"thumbnailUrl\":\"https:\\\/\\\/www.pcimembranes.com\\\/wp-content\\\/uploads\\\/2021\\\/08\\\/MicrosoftTeams-image-_2.jpg\",\"datePublished\":\"2022-03-30T15:50:02+00:00\",\"dateModified\":\"2025-12-11T14:29:38+00:00\",\"breadcrumb\":{\"@id\":\"https:\\\/\\\/www.pcimembranes.com\\\/pl\\\/seria-b1-tubularnych-modulow-membranowych\\\/konstrukcja-przeplywu-z-dwoma-wejsciami-uf\\\/#breadcrumb\"},\"inLanguage\":\"pl-PL\",\"potentialAction\":[{\"@type\":\"ReadAction\",\"target\":[\"https:\\\/\\\/www.pcimembranes.com\\\/pl\\\/seria-b1-tubularnych-modulow-membranowych\\\/konstrukcja-przeplywu-z-dwoma-wejsciami-uf\\\/\"]}]},{\"@type\":\"ImageObject\",\"inLanguage\":\"pl-PL\",\"@id\":\"https:\\\/\\\/www.pcimembranes.com\\\/pl\\\/seria-b1-tubularnych-modulow-membranowych\\\/konstrukcja-przeplywu-z-dwoma-wejsciami-uf\\\/#primaryimage\",\"url\":\"https:\\\/\\\/www.pcimembranes.com\\\/wp-content\\\/uploads\\\/2021\\\/08\\\/MicrosoftTeams-image-_2.jpg\",\"contentUrl\":\"https:\\\/\\\/www.pcimembranes.com\\\/wp-content\\\/uploads\\\/2021\\\/08\\\/MicrosoftTeams-image-_2.jpg\"},{\"@type\":\"BreadcrumbList\",\"@id\":\"https:\\\/\\\/www.pcimembranes.com\\\/pl\\\/seria-b1-tubularnych-modulow-membranowych\\\/konstrukcja-przeplywu-z-dwoma-wejsciami-uf\\\/#breadcrumb\",\"itemListElement\":[{\"@type\":\"ListItem\",\"position\":1,\"name\":\"\",\"item\":\"https:\\\/\\\/www.pcimembranes.com\\\/pl\\\/\"},{\"@type\":\"ListItem\",\"position\":2,\"name\":\"Seria B1 &#8211; Tubularnych Modu\u0142\u00f3w Membranowych\",\"item\":\"https:\\\/\\\/www.pcimembranes.com\\\/pl\\\/seria-b1-tubularnych-modulow-membranowych\\\/\"},{\"@type\":\"ListItem\",\"position\":3,\"name\":\"Konstrukcja Przep\u0142ywu z Dwoma Wej\u015bciami (UF)\"}]},{\"@type\":\"WebSite\",\"@id\":\"https:\\\/\\\/www.pcimembranes.com\\\/pl\\\/#website\",\"url\":\"https:\\\/\\\/www.pcimembranes.com\\\/pl\\\/\",\"name\":\"PCI Membranes\",\"description\":\"Making the World Safer, Healthier and More Productive\",\"publisher\":{\"@id\":\"https:\\\/\\\/www.pcimembranes.com\\\/pl\\\/#organization\"},\"potentialAction\":[{\"@type\":\"SearchAction\",\"target\":{\"@type\":\"EntryPoint\",\"urlTemplate\":\"https:\\\/\\\/www.pcimembranes.com\\\/pl\\\/?s={search_term_string}\"},\"query-input\":{\"@type\":\"PropertyValueSpecification\",\"valueRequired\":true,\"valueName\":\"search_term_string\"}}],\"inLanguage\":\"pl-PL\"},{\"@type\":\"Organization\",\"@id\":\"https:\\\/\\\/www.pcimembranes.com\\\/pl\\\/#organization\",\"name\":\"Filtration Group\",\"url\":\"https:\\\/\\\/www.pcimembranes.com\\\/pl\\\/\",\"logo\":{\"@type\":\"ImageObject\",\"inLanguage\":\"pl-PL\",\"@id\":\"https:\\\/\\\/www.pcimembranes.com\\\/pl\\\/#\\\/schema\\\/logo\\\/image\\\/\",\"url\":\"https:\\\/\\\/www.pcimembranes.com\\\/wp-content\\\/uploads\\\/2019\\\/06\\\/FGC-logo-1.png\",\"contentUrl\":\"https:\\\/\\\/www.pcimembranes.com\\\/wp-content\\\/uploads\\\/2019\\\/06\\\/FGC-logo-1.png\",\"width\":1104,\"height\":224,\"caption\":\"Filtration Group\"},\"image\":{\"@id\":\"https:\\\/\\\/www.pcimembranes.com\\\/pl\\\/#\\\/schema\\\/logo\\\/image\\\/\"}}]}<\/script>\n<!-- \/ Yoast SEO plugin. -->","yoast_head_json":{"title":"Konstrukcja Przep\u0142ywu z Dwoma Wej\u015bciami (UF) - PCI Membranes","robots":{"index":"index","follow":"follow","max-snippet":"max-snippet:-1","max-image-preview":"max-image-preview:large","max-video-preview":"max-video-preview:-1"},"canonical":"https:\/\/www.pcimembranes.com\/pl\/seria-b1-tubularnych-modulow-membranowych\/konstrukcja-przeplywu-z-dwoma-wejsciami-uf\/","og_locale":"pl_PL","og_type":"article","og_title":"Konstrukcja Przep\u0142ywu z Dwoma Wej\u015bciami (UF) - PCI Membranes","og_description":"POROZMAWIAJ Z NASZYM EKSPERTEM Konstrukcja Przep\u0142ywu z Dwoma Wej\u015bciami (UF) W przypadku cieczy lepkich stosuje si\u0119 alternatywny typ ko\u0144cowych pokryw (znany jako \u201epodw\u00f3jny\u201d lub \u201ez dwoma wej\u015bciami\u201d), kt\u00f3ry zapewnia dwa r\u00f3wnoleg\u0142e kana\u0142y, ka\u017cdy po dziewi\u0119\u0107 rur szeregowo. Pozwala to na stosowanie wy\u017cszych pr\u0119dko\u015bci przep\u0142ywu krzy\u017cowego przy zminimalizowanym ca\u0142kowitym spadku ci\u015bnienia. Temperatura graniczna pracy dla modu\u0142u [&hellip;]","og_url":"https:\/\/www.pcimembranes.com\/pl\/seria-b1-tubularnych-modulow-membranowych\/konstrukcja-przeplywu-z-dwoma-wejsciami-uf\/","og_site_name":"PCI Membranes","article_modified_time":"2025-12-11T14:29:38+00:00","og_image":[{"width":1400,"height":787,"url":"https:\/\/www.pcimembranes.com\/wp-content\/uploads\/2021\/08\/MicrosoftTeams-image-_2.jpg","type":"image\/jpeg"}],"twitter_card":"summary_large_image","twitter_misc":{"Szacowany czas czytania":"2 minuty"},"schema":{"@context":"https:\/\/schema.org","@graph":[{"@type":"WebPage","@id":"https:\/\/www.pcimembranes.com\/pl\/seria-b1-tubularnych-modulow-membranowych\/konstrukcja-przeplywu-z-dwoma-wejsciami-uf\/","url":"https:\/\/www.pcimembranes.com\/pl\/seria-b1-tubularnych-modulow-membranowych\/konstrukcja-przeplywu-z-dwoma-wejsciami-uf\/","name":"Konstrukcja Przep\u0142ywu z Dwoma Wej\u015bciami (UF) - PCI Membranes","isPartOf":{"@id":"https:\/\/www.pcimembranes.com\/pl\/#website"},"primaryImageOfPage":{"@id":"https:\/\/www.pcimembranes.com\/pl\/seria-b1-tubularnych-modulow-membranowych\/konstrukcja-przeplywu-z-dwoma-wejsciami-uf\/#primaryimage"},"image":{"@id":"https:\/\/www.pcimembranes.com\/pl\/seria-b1-tubularnych-modulow-membranowych\/konstrukcja-przeplywu-z-dwoma-wejsciami-uf\/#primaryimage"},"thumbnailUrl":"https:\/\/www.pcimembranes.com\/wp-content\/uploads\/2021\/08\/MicrosoftTeams-image-_2.jpg","datePublished":"2022-03-30T15:50:02+00:00","dateModified":"2025-12-11T14:29:38+00:00","breadcrumb":{"@id":"https:\/\/www.pcimembranes.com\/pl\/seria-b1-tubularnych-modulow-membranowych\/konstrukcja-przeplywu-z-dwoma-wejsciami-uf\/#breadcrumb"},"inLanguage":"pl-PL","potentialAction":[{"@type":"ReadAction","target":["https:\/\/www.pcimembranes.com\/pl\/seria-b1-tubularnych-modulow-membranowych\/konstrukcja-przeplywu-z-dwoma-wejsciami-uf\/"]}]},{"@type":"ImageObject","inLanguage":"pl-PL","@id":"https:\/\/www.pcimembranes.com\/pl\/seria-b1-tubularnych-modulow-membranowych\/konstrukcja-przeplywu-z-dwoma-wejsciami-uf\/#primaryimage","url":"https:\/\/www.pcimembranes.com\/wp-content\/uploads\/2021\/08\/MicrosoftTeams-image-_2.jpg","contentUrl":"https:\/\/www.pcimembranes.com\/wp-content\/uploads\/2021\/08\/MicrosoftTeams-image-_2.jpg"},{"@type":"BreadcrumbList","@id":"https:\/\/www.pcimembranes.com\/pl\/seria-b1-tubularnych-modulow-membranowych\/konstrukcja-przeplywu-z-dwoma-wejsciami-uf\/#breadcrumb","itemListElement":[{"@type":"ListItem","position":1,"name":"","item":"https:\/\/www.pcimembranes.com\/pl\/"},{"@type":"ListItem","position":2,"name":"Seria B1 &#8211; Tubularnych Modu\u0142\u00f3w Membranowych","item":"https:\/\/www.pcimembranes.com\/pl\/seria-b1-tubularnych-modulow-membranowych\/"},{"@type":"ListItem","position":3,"name":"Konstrukcja Przep\u0142ywu z Dwoma Wej\u015bciami (UF)"}]},{"@type":"WebSite","@id":"https:\/\/www.pcimembranes.com\/pl\/#website","url":"https:\/\/www.pcimembranes.com\/pl\/","name":"PCI Membranes","description":"Making the World Safer, Healthier and More Productive","publisher":{"@id":"https:\/\/www.pcimembranes.com\/pl\/#organization"},"potentialAction":[{"@type":"SearchAction","target":{"@type":"EntryPoint","urlTemplate":"https:\/\/www.pcimembranes.com\/pl\/?s={search_term_string}"},"query-input":{"@type":"PropertyValueSpecification","valueRequired":true,"valueName":"search_term_string"}}],"inLanguage":"pl-PL"},{"@type":"Organization","@id":"https:\/\/www.pcimembranes.com\/pl\/#organization","name":"Filtration Group","url":"https:\/\/www.pcimembranes.com\/pl\/","logo":{"@type":"ImageObject","inLanguage":"pl-PL","@id":"https:\/\/www.pcimembranes.com\/pl\/#\/schema\/logo\/image\/","url":"https:\/\/www.pcimembranes.com\/wp-content\/uploads\/2019\/06\/FGC-logo-1.png","contentUrl":"https:\/\/www.pcimembranes.com\/wp-content\/uploads\/2019\/06\/FGC-logo-1.png","width":1104,"height":224,"caption":"Filtration Group"},"image":{"@id":"https:\/\/www.pcimembranes.com\/pl\/#\/schema\/logo\/image\/"}}]}},"_links":{"self":[{"href":"https:\/\/www.pcimembranes.com\/pl\/wp-json\/wp\/v2\/pages\/4432","targetHints":{"allow":["GET"]}}],"collection":[{"href":"https:\/\/www.pcimembranes.com\/pl\/wp-json\/wp\/v2\/pages"}],"about":[{"href":"https:\/\/www.pcimembranes.com\/pl\/wp-json\/wp\/v2\/types\/page"}],"author":[{"embeddable":true,"href":"https:\/\/www.pcimembranes.com\/pl\/wp-json\/wp\/v2\/users\/9"}],"replies":[{"embeddable":true,"href":"https:\/\/www.pcimembranes.com\/pl\/wp-json\/wp\/v2\/comments?post=4432"}],"version-history":[{"count":0,"href":"https:\/\/www.pcimembranes.com\/pl\/wp-json\/wp\/v2\/pages\/4432\/revisions"}],"up":[{"embeddable":true,"href":"https:\/\/www.pcimembranes.com\/pl\/wp-json\/wp\/v2\/pages\/4430"}],"wp:attachment":[{"href":"https:\/\/www.pcimembranes.com\/pl\/wp-json\/wp\/v2\/media?parent=4432"}],"curies":[{"name":"wp","href":"https:\/\/api.w.org\/{rel}","templated":true}]}}